{"id":6588,"date":"2021-10-31T10:03:14","date_gmt":"2021-10-31T10:03:14","guid":{"rendered":"https:\/\/ryfi.online\/?post_type=product&#038;p=6588"},"modified":"2023-01-07T16:11:33","modified_gmt":"2023-01-07T16:11:33","slug":"ryfi-pijama-polar-nino-spiderman","status":"publish","type":"product","link":"https:\/\/ryfi.online\/es\/producto\/ryfi-pijama-polar-nino-spiderman\/","title":{"rendered":"Ryfi Pijama Polar Ni\u00f1o Spiderman HU2130"},"content":{"rendered":"<p>Como regalo de cumplea\u00f1os, en Semana Santa o simplemente as\u00ed. Con el hermoso pijama de Spiderman, no puedes equivocarte! La mano de obra es excelente y los colores muy fuertes. Con este maravilloso pijama, los ni\u00f1os descansaran genial! Lavable a 30 \u00b0 C en la m\u00e1quina, para una larga vida \u00fatil, pero se recomienda lavarse las manos. Con este conjunto los ojos de los ni\u00f1os empiezan a irradiar!<\/p>\n<ul class=\"a-unordered-list a-vertical a-spacing-mini\">\n<li><span class=\"a-list-item\">Producto oficial de Spiderman<br \/>\n<\/span><\/li>\n<li><span class=\"a-list-item\">Pijama Polar para ni\u00f1os de Spiderman<br \/>\n<\/span><\/li>\n<li><span class=\"a-list-item\">100% algodon<\/span><\/li>\n<li><span class=\"a-list-item\">Lavar a m\u00e1quina<\/span><\/li>\n<li><span class=\"a-list-item\">Spiderman<\/span><\/li>\n<li>Edad 3 a\u00f1os, 4 a\u00f1os, 6 a\u00f1os y 8 a\u00f1os<\/li>\n<\/ul>\n","protected":false},"excerpt":{"rendered":"<p>Env\u00edo rapido y seguro en 1-3 dias laborales<\/p>\n","protected":false},"featured_media":6597,"comment_status":"open","ping_status":"closed","template":"","meta":[],"product_brand":[],"product_cat":[194],"product_tag":[],"class_list":{"0":"post-6588","1":"product","2":"type-product","3":"status-publish","4":"has-post-thumbnail","6":"product_cat-pijama","8":"first","9":"instock","10":"featured","11":"taxable","12":"shipping-taxable","13":"purchasable","14":"product-type-variable"},"yoast_head":"<!-- This site is optimized with the Yoast SEO Premium plugin v17.1.2 (Yoast SEO v27.4) - https:\/\/yoast.com\/product\/yoast-seo-premium-wordpress\/ -->\n<title>Ryfi Pijama Polar Ni\u00f1o Spiderman HU2130 - Ryfi Online Store<\/title>\n<meta name=\"description\" content=\"Obtenga estos pijamas de Spiderman para ni\u00f1os que tienen un aspecto incre\u00edble y se ven elegantes mientras los usan. Estos pijamas est\u00e1n hechos de algod\u00f3n que los hace c\u00f3modos.\" \/>\n<meta name=\"robots\" content=\"index, follow, max-snippet:-1, max-image-preview:large, max-video-preview:-1\" \/>\n<link rel=\"canonical\" href=\"https:\/\/ryfi.online\/es\/producto\/ryfi-pijama-polar-nino-spiderman\/\" \/>\n<meta property=\"og:locale\" content=\"es_ES\" \/>\n<meta property=\"og:type\" content=\"article\" \/>\n<meta property=\"og:title\" content=\"Ryfi Pijama Polar Ni\u00f1o Spiderman HU2130\" \/>\n<meta property=\"og:description\" content=\"Obtenga estos pijamas de Spiderman para ni\u00f1os que tienen un aspecto incre\u00edble y se ven elegantes mientras los usan. Estos pijamas est\u00e1n hechos de algod\u00f3n que los hace c\u00f3modos.\" \/>\n<meta property=\"og:url\" content=\"https:\/\/ryfi.online\/es\/producto\/ryfi-pijama-polar-nino-spiderman\/\" \/>\n<meta property=\"og:site_name\" content=\"Ryfi Online Store\" \/>\n<meta property=\"article:publisher\" content=\"https:\/\/www.facebook.com\/ryfi.online\/\" \/>\n<meta property=\"article:modified_time\" content=\"2023-01-07T16:11:33+00:00\" \/>\n<meta property=\"og:image\" content=\"https:\/\/ryfi.online\/wp-content\/uploads\/2021\/10\/hu2130.jpg\" \/>\n\t<meta property=\"og:image:width\" content=\"800\" \/>\n\t<meta property=\"og:image:height\" content=\"565\" \/>\n\t<meta property=\"og:image:type\" content=\"image\/jpeg\" \/>\n<meta name=\"twitter:card\" content=\"summary_large_image\" \/>\n<meta name=\"twitter:label1\" content=\"Availability\" \/>\n\t<meta name=\"twitter:data1\" content=\"In stock\" \/>\n<meta property=\"product:brand\" content=\"Pijama Ni\u00f1os\" \/>\n<meta property=\"og:availability\" content=\"instock\" \/>\n<meta property=\"product:availability\" content=\"instock\" \/>\n<meta property=\"product:condition\" content=\"new\" \/>\n<!-- \/ Yoast SEO Premium plugin. -->","yoast_head_json":{"title":"Ryfi Pijama Polar Ni\u00f1o Spiderman HU2130 - Ryfi Online Store","description":"Obtenga estos pijamas de Spiderman para ni\u00f1os que tienen un aspecto incre\u00edble y se ven elegantes mientras los usan. Estos pijamas est\u00e1n hechos de algod\u00f3n que los hace c\u00f3modos.","robots":{"index":"index","follow":"follow","max-snippet":"max-snippet:-1","max-image-preview":"max-image-preview:large","max-video-preview":"max-video-preview:-1"},"canonical":"https:\/\/ryfi.online\/es\/producto\/ryfi-pijama-polar-nino-spiderman\/","og_locale":"es_ES","og_type":"article","og_title":"Ryfi Pijama Polar Ni\u00f1o Spiderman HU2130","og_description":"Obtenga estos pijamas de Spiderman para ni\u00f1os que tienen un aspecto incre\u00edble y se ven elegantes mientras los usan. Estos pijamas est\u00e1n hechos de algod\u00f3n que los hace c\u00f3modos.","og_url":"https:\/\/ryfi.online\/es\/producto\/ryfi-pijama-polar-nino-spiderman\/","og_site_name":"Ryfi Online Store","article_publisher":"https:\/\/www.facebook.com\/ryfi.online\/","article_modified_time":"2023-01-07T16:11:33+00:00","og_image":[{"width":800,"height":565,"url":"https:\/\/ryfi.online\/wp-content\/uploads\/2021\/10\/hu2130.jpg","type":"image\/jpeg"}],"twitter_card":"summary_large_image","twitter_misc":{"Availability":"In stock"},"schema":{"@context":"https:\/\/schema.org","@graph":[{"@type":"WebPage","@id":"https:\/\/ryfi.online\/es\/producto\/ryfi-pijama-polar-nino-spiderman\/","url":"https:\/\/ryfi.online\/es\/producto\/ryfi-pijama-polar-nino-spiderman\/","name":"Ryfi Pijama Polar Ni\u00f1o Spiderman HU2130 - Ryfi Online Store","isPartOf":{"@id":"https:\/\/ryfi.online\/es\/#website"},"primaryImageOfPage":{"@id":"https:\/\/ryfi.online\/es\/producto\/ryfi-pijama-polar-nino-spiderman\/#primaryimage"},"image":{"@id":"https:\/\/ryfi.online\/es\/producto\/ryfi-pijama-polar-nino-spiderman\/#primaryimage"},"thumbnailUrl":"https:\/\/ryfi.online\/wp-content\/uploads\/2021\/10\/hu2130.jpg","datePublished":"2021-10-31T10:03:14+00:00","dateModified":"2023-01-07T16:11:33+00:00","description":"Obtenga estos pijamas de Spiderman para ni\u00f1os que tienen un aspecto incre\u00edble y se ven elegantes mientras los usan. Estos pijamas est\u00e1n hechos de algod\u00f3n que los hace c\u00f3modos.","breadcrumb":{"@id":"https:\/\/ryfi.online\/es\/producto\/ryfi-pijama-polar-nino-spiderman\/#breadcrumb"},"inLanguage":"es","potentialAction":[{"@type":"ReadAction","target":["https:\/\/ryfi.online\/es\/producto\/ryfi-pijama-polar-nino-spiderman\/"]}]},{"@type":"ImageObject","inLanguage":"es","@id":"https:\/\/ryfi.online\/es\/producto\/ryfi-pijama-polar-nino-spiderman\/#primaryimage","url":"https:\/\/ryfi.online\/wp-content\/uploads\/2021\/10\/hu2130.jpg","contentUrl":"https:\/\/ryfi.online\/wp-content\/uploads\/2021\/10\/hu2130.jpg","width":800,"height":565},{"@type":"BreadcrumbList","@id":"https:\/\/ryfi.online\/es\/producto\/ryfi-pijama-polar-nino-spiderman\/#breadcrumb","itemListElement":[{"@type":"ListItem","position":1,"name":"Home","item":"https:\/\/ryfi.online\/es\/"},{"@type":"ListItem","position":2,"name":"Free and Fast Shipping whitin 1-3 Days!!!","item":"https:\/\/ryfi.online\/shop\/"},{"@type":"ListItem","position":3,"name":"Ryfi Pijama Polar Ni\u00f1o Spiderman HU2130"}]},{"@type":"WebSite","@id":"https:\/\/ryfi.online\/es\/#website","url":"https:\/\/ryfi.online\/es\/","name":"Ryfi Online Store","description":"Online Store","publisher":{"@id":"https:\/\/ryfi.online\/es\/#organization"},"potentialAction":[{"@type":"SearchAction","target":{"@type":"EntryPoint","urlTemplate":"https:\/\/ryfi.online\/es\/?s={search_term_string}"},"query-input":{"@type":"PropertyValueSpecification","valueRequired":true,"valueName":"search_term_string"}}],"inLanguage":"es"},{"@type":"Organization","@id":"https:\/\/ryfi.online\/es\/#organization","name":"Ryan Future Investments LLC","url":"https:\/\/ryfi.online\/es\/","logo":{"@type":"ImageObject","inLanguage":"es","@id":"https:\/\/ryfi.online\/es\/#\/schema\/logo\/image\/","url":"https:\/\/ryfi.online\/wp-content\/uploads\/2021\/03\/2-03.png","contentUrl":"https:\/\/ryfi.online\/wp-content\/uploads\/2021\/03\/2-03.png","width":1010,"height":310,"caption":"Ryan Future Investments LLC"},"image":{"@id":"https:\/\/ryfi.online\/es\/#\/schema\/logo\/image\/"},"sameAs":["https:\/\/www.facebook.com\/ryfi.online\/"]}]},"product_brand":"Pijama Ni\u00f1os","og_availability":"instock","product_availability":"instock","product_condition":"new"},"jetpack-related-posts":[{"id":6550,"url":"https:\/\/ryfi.online\/es\/producto\/ryfi-pijama-polar-nina-frozen\/","url_meta":{"origin":6588,"position":0},"title":"Ryfi Pijama Polar Ni\u00f1a Frozen HU2022","date":"octubre 31, 2021","format":false,"excerpt":"Env\u00edo rapido y seguro en 1-3 dias laborales","rel":"","context":"Entrada similar","img":{"alt_text":"","src":"https:\/\/i0.wp.com\/ryfi.online\/wp-content\/uploads\/2021\/10\/hu2022.jpg?resize=350%2C200&ssl=1","width":350,"height":200},"classes":[]},{"id":6564,"url":"https:\/\/ryfi.online\/es\/producto\/ryfi-pijama-polar-nino-minions\/","url_meta":{"origin":6588,"position":1},"title":"Ryfi Pijama Polar Ni\u00f1o Minions HU2046","date":"octubre 31, 2021","format":false,"excerpt":"Env\u00edo rapido y seguro en 1-3 dias laborales","rel":"","context":"Entrada similar","img":{"alt_text":"","src":"https:\/\/i0.wp.com\/ryfi.online\/wp-content\/uploads\/2021\/10\/hu2046.jpg?resize=350%2C200&ssl=1","width":350,"height":200},"classes":[]},{"id":2923,"url":"https:\/\/ryfi.online\/es\/producto\/paw-patrol-pijama-para-ninos\/","url_meta":{"origin":6588,"position":2},"title":"Paw Patrol Pijama para ni\u00f1os HU2034","date":"octubre 8, 2021","format":false,"excerpt":"Env\u00edo rapido y seguro en 1-3 dia laborales","rel":"","context":"Entrada similar","img":{"alt_text":"","src":"https:\/\/i0.wp.com\/ryfi.online\/wp-content\/uploads\/2021\/10\/hu2034.jpg?resize=350%2C200&ssl=1","width":350,"height":200},"classes":[]},{"id":7769,"url":"https:\/\/ryfi.online\/es\/producto\/spiderman-ninos-camiseta-y-pantalon\/","url_meta":{"origin":6588,"position":3},"title":"Conjunto Spiderman Ni\u00f1os Camiseta y Pantalon UE1109","date":"abril 19, 2022","format":false,"excerpt":"Env\u00edo rapido y seguro en 1-3 dias laborales","rel":"","context":"Entrada similar","img":{"alt_text":"Conjunto Spiderman","src":"https:\/\/i0.wp.com\/ryfi.online\/wp-content\/uploads\/2022\/04\/img_142084_b9dd3931f3ae76581b7aae01014ee611_20.jpg?resize=350%2C200&ssl=1","width":350,"height":200},"classes":[]},{"id":8554,"url":"https:\/\/ryfi.online\/es\/producto\/conjunto-spiderman-ev1057\/","url_meta":{"origin":6588,"position":4},"title":"Conjunto Spiderman para ni\u00f1os EV1057","date":"abril 29, 2022","format":false,"excerpt":"Env\u00edo rapido y seguro en 1-3 dias laborales","rel":"","context":"Entrada similar","img":{"alt_text":"","src":"https:\/\/i0.wp.com\/ryfi.online\/wp-content\/uploads\/2022\/04\/ev1057.jpg?resize=350%2C200&ssl=1","width":350,"height":200},"classes":[]},{"id":2914,"url":"https:\/\/ryfi.online\/es\/producto\/camiseta-manga-larga-spiderman\/","url_meta":{"origin":6588,"position":5},"title":"Camiseta Manga Larga Spiderman HU1007","date":"octubre 8, 2021","format":false,"excerpt":"Env\u00edo gratuito y r\u00e1pido en 1-3 d\u00edas.","rel":"","context":"Entrada similar","img":{"alt_text":"Camiseta para ninos Spiderman - 1","src":"https:\/\/i0.wp.com\/ryfi.online\/wp-content\/uploads\/2021\/10\/hu1007.jpg?resize=350%2C200&ssl=1","width":350,"height":200},"classes":[]}],"_links":{"self":[{"href":"https:\/\/ryfi.online\/es\/wp-json\/wp\/v2\/product\/6588","targetHints":{"allow":["GET"]}}],"collection":[{"href":"https:\/\/ryfi.online\/es\/wp-json\/wp\/v2\/product"}],"about":[{"href":"https:\/\/ryfi.online\/es\/wp-json\/wp\/v2\/types\/product"}],"replies":[{"embeddable":true,"href":"https:\/\/ryfi.online\/es\/wp-json\/wp\/v2\/comments?post=6588"}],"wp:featuredmedia":[{"embeddable":true,"href":"https:\/\/ryfi.online\/es\/wp-json\/wp\/v2\/media\/6597"}],"wp:attachment":[{"href":"https:\/\/ryfi.online\/es\/wp-json\/wp\/v2\/media?parent=6588"}],"wp:term":[{"taxonomy":"product_brand","embeddable":true,"href":"https:\/\/ryfi.online\/es\/wp-json\/wp\/v2\/product_brand?post=6588"},{"taxonomy":"product_cat","embeddable":true,"href":"https:\/\/ryfi.online\/es\/wp-json\/wp\/v2\/product_cat?post=6588"},{"taxonomy":"product_tag","embeddable":true,"href":"https:\/\/ryfi.online\/es\/wp-json\/wp\/v2\/product_tag?post=6588"}],"curies":[{"name":"wp","href":"https:\/\/api.w.org\/{rel}","templated":true}]}}