{"id":6486,"date":"2021-10-31T09:17:52","date_gmt":"2021-10-31T09:17:52","guid":{"rendered":"https:\/\/ryfi.online\/?post_type=product&#038;p=6486"},"modified":"2023-01-07T16:30:22","modified_gmt":"2023-01-07T16:30:22","slug":"avengers-ninos-camiseta-de-manga-larga","status":"publish","type":"product","link":"https:\/\/ryfi.online\/es\/producto\/avengers-ninos-camiseta-de-manga-larga\/","title":{"rendered":"Avengers Ni\u00f1os Camiseta de Manga Larga HU1296"},"content":{"rendered":"<p>Como regalo de cumplea\u00f1os, en Semana Santa o simplemente as\u00ed. Con esta hermosa camiseta de Avengers, no puedes equivocarte! La mano de obra es excelente y los colores muy fuertes. Lavable a 30 \u00b0 C en la m\u00e1quina, para una larga vida \u00fatil, pero se recomienda lavarse las manos. Con esta camiseta los ojos de los ni\u00f1os empiezan a irradiar!<\/p>\n<ul>\n<li>Camiseta de Manga Larga de Avengers para ni\u00f1os<\/li>\n<li>100%\u00a0 Algod\u00f3n Manga larga Para verdaderos amantes de Avengers<\/li>\n<li>Edad 4 a\u00f1os, 6 a\u00f1os, 8 a\u00f1os y 10 a\u00f1os<\/li>\n<\/ul>\n","protected":false},"excerpt":{"rendered":"<p>Env\u00edo rapido y seguro en 1-3 dias laborales<\/p>\n","protected":false},"featured_media":6487,"comment_status":"open","ping_status":"closed","template":"","meta":[],"product_brand":[],"product_cat":[45],"product_tag":[],"class_list":{"0":"post-6486","1":"product","2":"type-product","3":"status-publish","4":"has-post-thumbnail","6":"product_cat-camiseta-ninos-licencia-online","8":"first","9":"instock","10":"featured","11":"taxable","12":"shipping-taxable","13":"purchasable","14":"product-type-variable"},"yoast_head":"<!-- This site is optimized with the Yoast SEO Premium plugin v17.1.2 (Yoast SEO v27.4) - https:\/\/yoast.com\/product\/yoast-seo-premium-wordpress\/ -->\n<title>Comprar Online Avengers Camiseta Ni\u00f1os - Ryfi Online Store<\/title>\n<meta name=\"description\" content=\"Compra la Camiseta Vengadores Ni\u00f1os Online a precios muy asequibles. Nuestra camiseta est\u00e1 fabricada con algod\u00f3n puro, lo que la hace c\u00f3moda de llevar. \u00a1\u00a1Pedir ahora!!\" \/>\n<meta name=\"robots\" content=\"index, follow, max-snippet:-1, max-image-preview:large, max-video-preview:-1\" \/>\n<link rel=\"canonical\" href=\"https:\/\/ryfi.online\/es\/producto\/avengers-ninos-camiseta-de-manga-larga\/\" \/>\n<meta property=\"og:locale\" content=\"es_ES\" \/>\n<meta property=\"og:type\" content=\"article\" \/>\n<meta property=\"og:title\" content=\"Avengers Ni\u00f1os Camiseta de Manga Larga HU1296\" \/>\n<meta property=\"og:description\" content=\"Compra la Camiseta Vengadores Ni\u00f1os Online a precios muy asequibles. Nuestra camiseta est\u00e1 fabricada con algod\u00f3n puro, lo que la hace c\u00f3moda de llevar. \u00a1\u00a1Pedir ahora!!\" \/>\n<meta property=\"og:url\" content=\"https:\/\/ryfi.online\/es\/producto\/avengers-ninos-camiseta-de-manga-larga\/\" \/>\n<meta property=\"og:site_name\" content=\"Ryfi Online Store\" \/>\n<meta property=\"article:publisher\" content=\"https:\/\/www.facebook.com\/ryfi.online\/\" \/>\n<meta property=\"article:modified_time\" content=\"2023-01-07T16:30:22+00:00\" \/>\n<meta property=\"og:image\" content=\"https:\/\/ryfi.online\/wp-content\/uploads\/2021\/10\/hu1296_bl.jpg\" \/>\n\t<meta property=\"og:image:width\" content=\"800\" \/>\n\t<meta property=\"og:image:height\" content=\"1200\" \/>\n\t<meta property=\"og:image:type\" content=\"image\/jpeg\" \/>\n<meta name=\"twitter:card\" content=\"summary_large_image\" \/>\n<meta name=\"twitter:label1\" content=\"Availability\" \/>\n\t<meta name=\"twitter:data1\" content=\"In stock\" \/>\n<meta property=\"product:brand\" content=\"Camiseta ni\u00f1os\" \/>\n<meta property=\"og:availability\" content=\"instock\" \/>\n<meta property=\"product:availability\" content=\"instock\" \/>\n<meta property=\"product:condition\" content=\"new\" \/>\n<!-- \/ Yoast SEO Premium plugin. -->","yoast_head_json":{"title":"Comprar Online Avengers Camiseta Ni\u00f1os - Ryfi Online Store","description":"Compra la Camiseta Vengadores Ni\u00f1os Online a precios muy asequibles. Nuestra camiseta est\u00e1 fabricada con algod\u00f3n puro, lo que la hace c\u00f3moda de llevar. \u00a1\u00a1Pedir ahora!!","robots":{"index":"index","follow":"follow","max-snippet":"max-snippet:-1","max-image-preview":"max-image-preview:large","max-video-preview":"max-video-preview:-1"},"canonical":"https:\/\/ryfi.online\/es\/producto\/avengers-ninos-camiseta-de-manga-larga\/","og_locale":"es_ES","og_type":"article","og_title":"Avengers Ni\u00f1os Camiseta de Manga Larga HU1296","og_description":"Compra la Camiseta Vengadores Ni\u00f1os Online a precios muy asequibles. Nuestra camiseta est\u00e1 fabricada con algod\u00f3n puro, lo que la hace c\u00f3moda de llevar. \u00a1\u00a1Pedir ahora!!","og_url":"https:\/\/ryfi.online\/es\/producto\/avengers-ninos-camiseta-de-manga-larga\/","og_site_name":"Ryfi Online Store","article_publisher":"https:\/\/www.facebook.com\/ryfi.online\/","article_modified_time":"2023-01-07T16:30:22+00:00","og_image":[{"width":800,"height":1200,"url":"https:\/\/ryfi.online\/wp-content\/uploads\/2021\/10\/hu1296_bl.jpg","type":"image\/jpeg"}],"twitter_card":"summary_large_image","twitter_misc":{"Availability":"In stock"},"schema":{"@context":"https:\/\/schema.org","@graph":[{"@type":"WebPage","@id":"https:\/\/ryfi.online\/es\/producto\/avengers-ninos-camiseta-de-manga-larga\/","url":"https:\/\/ryfi.online\/es\/producto\/avengers-ninos-camiseta-de-manga-larga\/","name":"Comprar Online Avengers Camiseta Ni\u00f1os - Ryfi Online Store","isPartOf":{"@id":"https:\/\/ryfi.online\/es\/#website"},"primaryImageOfPage":{"@id":"https:\/\/ryfi.online\/es\/producto\/avengers-ninos-camiseta-de-manga-larga\/#primaryimage"},"image":{"@id":"https:\/\/ryfi.online\/es\/producto\/avengers-ninos-camiseta-de-manga-larga\/#primaryimage"},"thumbnailUrl":"https:\/\/ryfi.online\/wp-content\/uploads\/2021\/10\/hu1296_bl.jpg","datePublished":"2021-10-31T09:17:52+00:00","dateModified":"2023-01-07T16:30:22+00:00","description":"Compra la Camiseta Vengadores Ni\u00f1os Online a precios muy asequibles. Nuestra camiseta est\u00e1 fabricada con algod\u00f3n puro, lo que la hace c\u00f3moda de llevar. \u00a1\u00a1Pedir ahora!!","breadcrumb":{"@id":"https:\/\/ryfi.online\/es\/producto\/avengers-ninos-camiseta-de-manga-larga\/#breadcrumb"},"inLanguage":"es","potentialAction":[{"@type":"ReadAction","target":["https:\/\/ryfi.online\/es\/producto\/avengers-ninos-camiseta-de-manga-larga\/"]}]},{"@type":"ImageObject","inLanguage":"es","@id":"https:\/\/ryfi.online\/es\/producto\/avengers-ninos-camiseta-de-manga-larga\/#primaryimage","url":"https:\/\/ryfi.online\/wp-content\/uploads\/2021\/10\/hu1296_bl.jpg","contentUrl":"https:\/\/ryfi.online\/wp-content\/uploads\/2021\/10\/hu1296_bl.jpg","width":800,"height":1200},{"@type":"BreadcrumbList","@id":"https:\/\/ryfi.online\/es\/producto\/avengers-ninos-camiseta-de-manga-larga\/#breadcrumb","itemListElement":[{"@type":"ListItem","position":1,"name":"Home","item":"https:\/\/ryfi.online\/es\/"},{"@type":"ListItem","position":2,"name":"Free and Fast Shipping whitin 1-3 Days!!!","item":"https:\/\/ryfi.online\/shop\/"},{"@type":"ListItem","position":3,"name":"Avengers Ni\u00f1os Camiseta de Manga Larga HU1296"}]},{"@type":"WebSite","@id":"https:\/\/ryfi.online\/es\/#website","url":"https:\/\/ryfi.online\/es\/","name":"Ryfi Online Store","description":"Online Store","publisher":{"@id":"https:\/\/ryfi.online\/es\/#organization"},"potentialAction":[{"@type":"SearchAction","target":{"@type":"EntryPoint","urlTemplate":"https:\/\/ryfi.online\/es\/?s={search_term_string}"},"query-input":{"@type":"PropertyValueSpecification","valueRequired":true,"valueName":"search_term_string"}}],"inLanguage":"es"},{"@type":"Organization","@id":"https:\/\/ryfi.online\/es\/#organization","name":"Ryan Future Investments LLC","url":"https:\/\/ryfi.online\/es\/","logo":{"@type":"ImageObject","inLanguage":"es","@id":"https:\/\/ryfi.online\/es\/#\/schema\/logo\/image\/","url":"https:\/\/ryfi.online\/wp-content\/uploads\/2021\/03\/2-03.png","contentUrl":"https:\/\/ryfi.online\/wp-content\/uploads\/2021\/03\/2-03.png","width":1010,"height":310,"caption":"Ryan Future Investments LLC"},"image":{"@id":"https:\/\/ryfi.online\/es\/#\/schema\/logo\/image\/"},"sameAs":["https:\/\/www.facebook.com\/ryfi.online\/"]}]},"product_brand":"Camiseta ni\u00f1os","og_availability":"instock","product_availability":"instock","product_condition":"new"},"jetpack-related-posts":[{"id":2914,"url":"https:\/\/ryfi.online\/es\/producto\/camiseta-manga-larga-spiderman\/","url_meta":{"origin":6486,"position":0},"title":"Camiseta Manga Larga Spiderman HU1007","date":"octubre 8, 2021","format":false,"excerpt":"Env\u00edo gratuito y r\u00e1pido en 1-3 d\u00edas.","rel":"","context":"Entrada similar","img":{"alt_text":"Camiseta para ninos Spiderman - 1","src":"https:\/\/i0.wp.com\/ryfi.online\/wp-content\/uploads\/2021\/10\/hu1007.jpg?resize=350%2C200&ssl=1","width":350,"height":200},"classes":[]},{"id":6507,"url":"https:\/\/ryfi.online\/es\/producto\/cars-ninos-camiseta-de-manga-larga\/","url_meta":{"origin":6486,"position":1},"title":"Cars Ni\u00f1os Camiseta de Manga Larga HU1320","date":"octubre 31, 2021","format":false,"excerpt":"Env\u00edo rapido y seguro en 1-3 dias laborales","rel":"","context":"Entrada similar","img":{"alt_text":"","src":"https:\/\/i0.wp.com\/ryfi.online\/wp-content\/uploads\/2021\/10\/hu1320_bl.jpg?resize=350%2C200&ssl=1","width":350,"height":200},"classes":[]},{"id":2984,"url":"https:\/\/ryfi.online\/es\/producto\/paw-patrol-camiseta-de-manga-larga-para-nino\/","url_meta":{"origin":6486,"position":2},"title":"Paw Patrol &#8211; Camiseta de manga larga para ni\u00f1o HU1023","date":"octubre 8, 2021","format":false,"excerpt":"Env\u00edo rapido y seguro en 1-3 dias laborales","rel":"","context":"Entrada similar","img":{"alt_text":"","src":"https:\/\/i0.wp.com\/ryfi.online\/wp-content\/uploads\/2021\/10\/hu1023.jpg?resize=350%2C200&ssl=1","width":350,"height":200},"classes":[]},{"id":2954,"url":"https:\/\/ryfi.online\/es\/producto\/frozen-ninas-camiseta-de-manga-larga\/","url_meta":{"origin":6486,"position":3},"title":"Frozen Ni\u00f1as Camiseta de Manga Larga HU1095","date":"octubre 8, 2021","format":false,"excerpt":"Env\u00edo rapido y seguro en 1-3 dias laborales","rel":"","context":"Entrada similar","img":{"alt_text":"","src":"https:\/\/i0.wp.com\/ryfi.online\/wp-content\/uploads\/2021\/10\/hu1095.jpg?resize=350%2C200&ssl=1","width":350,"height":200},"classes":[]},{"id":8810,"url":"https:\/\/ryfi.online\/es\/producto\/camiseta-manga-corta-batman-ev1215\/","url_meta":{"origin":6486,"position":4},"title":"Camiseta Batman para ni\u00f1os EV1215","date":"abril 30, 2022","format":false,"excerpt":"Env\u00edo rapido y seguro en 1-3 dias laborales","rel":"","context":"Entrada similar","img":{"alt_text":"","src":"https:\/\/i0.wp.com\/ryfi.online\/wp-content\/uploads\/2022\/04\/ev1215.jpg?resize=350%2C200&ssl=1","width":350,"height":200},"classes":[]},{"id":8522,"url":"https:\/\/ryfi.online\/es\/producto\/camiseta-manga-corta-frozen-ev1017\/","url_meta":{"origin":6486,"position":5},"title":"Camiseta Manga Corta Frozen para ni\u00f1as EV1017","date":"abril 29, 2022","format":false,"excerpt":"Env\u00edo rapido y seguro en 1-3 dias laborales","rel":"","context":"Entrada similar","img":{"alt_text":"","src":"https:\/\/i0.wp.com\/ryfi.online\/wp-content\/uploads\/2022\/04\/ev1017.jpg?resize=350%2C200&ssl=1","width":350,"height":200},"classes":[]}],"_links":{"self":[{"href":"https:\/\/ryfi.online\/es\/wp-json\/wp\/v2\/product\/6486","targetHints":{"allow":["GET"]}}],"collection":[{"href":"https:\/\/ryfi.online\/es\/wp-json\/wp\/v2\/product"}],"about":[{"href":"https:\/\/ryfi.online\/es\/wp-json\/wp\/v2\/types\/product"}],"replies":[{"embeddable":true,"href":"https:\/\/ryfi.online\/es\/wp-json\/wp\/v2\/comments?post=6486"}],"wp:featuredmedia":[{"embeddable":true,"href":"https:\/\/ryfi.online\/es\/wp-json\/wp\/v2\/media\/6487"}],"wp:attachment":[{"href":"https:\/\/ryfi.online\/es\/wp-json\/wp\/v2\/media?parent=6486"}],"wp:term":[{"taxonomy":"product_brand","embeddable":true,"href":"https:\/\/ryfi.online\/es\/wp-json\/wp\/v2\/product_brand?post=6486"},{"taxonomy":"product_cat","embeddable":true,"href":"https:\/\/ryfi.online\/es\/wp-json\/wp\/v2\/product_cat?post=6486"},{"taxonomy":"product_tag","embeddable":true,"href":"https:\/\/ryfi.online\/es\/wp-json\/wp\/v2\/product_tag?post=6486"}],"curies":[{"name":"wp","href":"https:\/\/api.w.org\/{rel}","templated":true}]}}