{"id":2969,"date":"2021-10-08T16:05:09","date_gmt":"2021-10-08T16:05:09","guid":{"rendered":"https:\/\/ryfi.online\/?post_type=product&#038;p=2969"},"modified":"2023-01-07T15:21:53","modified_gmt":"2023-01-07T15:21:53","slug":"ladybug-ninas-camiseta-de-manga-larga","status":"publish","type":"product","link":"https:\/\/ryfi.online\/es\/producto\/ladybug-ninas-camiseta-de-manga-larga\/","title":{"rendered":"Ladybug Ni\u00f1as Camiseta de Manga Larga HU1097"},"content":{"rendered":"<p>Como regalo de cumplea\u00f1os, en Semana Santa o simplemente as\u00ed. Con esta hermosa camiseta de Ladybug, no puedes equivocarte! La mano de obra es excelente y los colores muy fuertes. Lavable a 30 \u00b0 C en la m\u00e1quina, para una larga vida \u00fatil, pero se recomienda lavarse las manos. Con esta camiseta los ojos de los ni\u00f1os empiezan a irradiar!<\/p>\n<p>&nbsp;<\/p>\n<ul class=\"a-unordered-list a-vertical a-spacing-mini\">\n<li>Camiseta de Manga Larga de Ladybug para ni\u00f1as<\/li>\n<li><span class=\"a-list-item\">100% Algod\u00f3n<\/span><\/li>\n<li>Edad 4 a\u00f1os, 5 a\u00f1os, 6a\u00f1os y 8 a\u00f1os<\/li>\n<\/ul>\n","protected":false},"excerpt":{"rendered":"<div class=\"woocommerce-product-details__short-description\">\n<div class=\"woocommerce-product-details__short-description\">\n<div class=\"woocommerce-product-details__short-description\">\n<div class=\"woocommerce-product-details__short-description\">\n<div class=\"woocommerce-product-details__short-description\">\n<div class=\"woocommerce-product-details__short-description\">\n<p>Env\u00edo rapido y seguro en 1-3 dias laborales<\/p>\n<\/div>\n<\/div>\n<\/div>\n<\/div>\n<\/div>\n<\/div>\n","protected":false},"featured_media":2978,"comment_status":"open","ping_status":"closed","template":"","meta":[],"product_brand":[],"product_cat":[45],"product_tag":[],"class_list":{"0":"post-2969","1":"product","2":"type-product","3":"status-publish","4":"has-post-thumbnail","6":"product_cat-camiseta-ninos-licencia-online","8":"first","9":"instock","10":"featured","11":"taxable","12":"shipping-taxable","13":"purchasable","14":"product-type-variable"},"yoast_head":"<!-- This site is optimized with the Yoast SEO Premium plugin v17.1.2 (Yoast SEO v27.4) - https:\/\/yoast.com\/product\/yoast-seo-premium-wordpress\/ -->\n<title>Camiseta de manga larga para ni\u00f1as Miraculous Ladybug - Ryfi Online Store<\/title>\n<meta name=\"description\" content=\"Compra la camiseta de manga larga para ni\u00f1as Miraculous Ladybug con 100% algod\u00f3n en la tienda en l\u00ednea de Ryfi. Nuestra amplia selecci\u00f3n es elegible para env\u00edo gratuito.\" \/>\n<meta name=\"robots\" content=\"index, follow, max-snippet:-1, max-image-preview:large, max-video-preview:-1\" \/>\n<link rel=\"canonical\" href=\"https:\/\/ryfi.online\/es\/producto\/ladybug-ninas-camiseta-de-manga-larga\/\" \/>\n<meta property=\"og:locale\" content=\"es_ES\" \/>\n<meta property=\"og:type\" content=\"article\" \/>\n<meta property=\"og:title\" content=\"Ladybug Ni\u00f1as Camiseta de Manga Larga HU1097\" \/>\n<meta property=\"og:description\" content=\"Compra la camiseta de manga larga para ni\u00f1as Miraculous Ladybug con 100% algod\u00f3n en la tienda en l\u00ednea de Ryfi. Nuestra amplia selecci\u00f3n es elegible para env\u00edo gratuito.\" \/>\n<meta property=\"og:url\" content=\"https:\/\/ryfi.online\/es\/producto\/ladybug-ninas-camiseta-de-manga-larga\/\" \/>\n<meta property=\"og:site_name\" content=\"Ryfi Online Store\" \/>\n<meta property=\"article:publisher\" content=\"https:\/\/www.facebook.com\/ryfi.online\/\" \/>\n<meta property=\"article:modified_time\" content=\"2023-01-07T15:21:53+00:00\" \/>\n<meta property=\"og:image\" content=\"https:\/\/ryfi.online\/wp-content\/uploads\/2021\/10\/hu1097.jpg\" \/>\n\t<meta property=\"og:image:width\" content=\"800\" \/>\n\t<meta property=\"og:image:height\" content=\"565\" \/>\n\t<meta property=\"og:image:type\" content=\"image\/jpeg\" \/>\n<meta name=\"twitter:card\" content=\"summary_large_image\" \/>\n<meta name=\"twitter:label1\" content=\"Availability\" \/>\n\t<meta name=\"twitter:data1\" content=\"In stock\" \/>\n<meta property=\"product:brand\" content=\"Camiseta ni\u00f1os\" \/>\n<meta property=\"og:availability\" content=\"instock\" \/>\n<meta property=\"product:availability\" content=\"instock\" \/>\n<meta property=\"product:condition\" content=\"new\" \/>\n<!-- \/ Yoast SEO Premium plugin. -->","yoast_head_json":{"title":"Camiseta de manga larga para ni\u00f1as Miraculous Ladybug - Ryfi Online Store","description":"Compra la camiseta de manga larga para ni\u00f1as Miraculous Ladybug con 100% algod\u00f3n en la tienda en l\u00ednea de Ryfi. Nuestra amplia selecci\u00f3n es elegible para env\u00edo gratuito.","robots":{"index":"index","follow":"follow","max-snippet":"max-snippet:-1","max-image-preview":"max-image-preview:large","max-video-preview":"max-video-preview:-1"},"canonical":"https:\/\/ryfi.online\/es\/producto\/ladybug-ninas-camiseta-de-manga-larga\/","og_locale":"es_ES","og_type":"article","og_title":"Ladybug Ni\u00f1as Camiseta de Manga Larga HU1097","og_description":"Compra la camiseta de manga larga para ni\u00f1as Miraculous Ladybug con 100% algod\u00f3n en la tienda en l\u00ednea de Ryfi. Nuestra amplia selecci\u00f3n es elegible para env\u00edo gratuito.","og_url":"https:\/\/ryfi.online\/es\/producto\/ladybug-ninas-camiseta-de-manga-larga\/","og_site_name":"Ryfi Online Store","article_publisher":"https:\/\/www.facebook.com\/ryfi.online\/","article_modified_time":"2023-01-07T15:21:53+00:00","og_image":[{"width":800,"height":565,"url":"https:\/\/ryfi.online\/wp-content\/uploads\/2021\/10\/hu1097.jpg","type":"image\/jpeg"}],"twitter_card":"summary_large_image","twitter_misc":{"Availability":"In stock"},"schema":{"@context":"https:\/\/schema.org","@graph":[{"@type":"WebPage","@id":"https:\/\/ryfi.online\/es\/producto\/ladybug-ninas-camiseta-de-manga-larga\/","url":"https:\/\/ryfi.online\/es\/producto\/ladybug-ninas-camiseta-de-manga-larga\/","name":"Camiseta de manga larga para ni\u00f1as Miraculous Ladybug - Ryfi Online Store","isPartOf":{"@id":"https:\/\/ryfi.online\/es\/#website"},"primaryImageOfPage":{"@id":"https:\/\/ryfi.online\/es\/producto\/ladybug-ninas-camiseta-de-manga-larga\/#primaryimage"},"image":{"@id":"https:\/\/ryfi.online\/es\/producto\/ladybug-ninas-camiseta-de-manga-larga\/#primaryimage"},"thumbnailUrl":"https:\/\/ryfi.online\/wp-content\/uploads\/2021\/10\/hu1097.jpg","datePublished":"2021-10-08T16:05:09+00:00","dateModified":"2023-01-07T15:21:53+00:00","description":"Compra la camiseta de manga larga para ni\u00f1as Miraculous Ladybug con 100% algod\u00f3n en la tienda en l\u00ednea de Ryfi. Nuestra amplia selecci\u00f3n es elegible para env\u00edo gratuito.","breadcrumb":{"@id":"https:\/\/ryfi.online\/es\/producto\/ladybug-ninas-camiseta-de-manga-larga\/#breadcrumb"},"inLanguage":"es","potentialAction":[{"@type":"ReadAction","target":["https:\/\/ryfi.online\/es\/producto\/ladybug-ninas-camiseta-de-manga-larga\/"]}]},{"@type":"ImageObject","inLanguage":"es","@id":"https:\/\/ryfi.online\/es\/producto\/ladybug-ninas-camiseta-de-manga-larga\/#primaryimage","url":"https:\/\/ryfi.online\/wp-content\/uploads\/2021\/10\/hu1097.jpg","contentUrl":"https:\/\/ryfi.online\/wp-content\/uploads\/2021\/10\/hu1097.jpg","width":800,"height":565},{"@type":"BreadcrumbList","@id":"https:\/\/ryfi.online\/es\/producto\/ladybug-ninas-camiseta-de-manga-larga\/#breadcrumb","itemListElement":[{"@type":"ListItem","position":1,"name":"Home","item":"https:\/\/ryfi.online\/es\/"},{"@type":"ListItem","position":2,"name":"Free and Fast Shipping whitin 1-3 Days!!!","item":"https:\/\/ryfi.online\/shop\/"},{"@type":"ListItem","position":3,"name":"Ladybug Ni\u00f1as Camiseta de Manga Larga HU1097"}]},{"@type":"WebSite","@id":"https:\/\/ryfi.online\/es\/#website","url":"https:\/\/ryfi.online\/es\/","name":"Ryfi Online Store","description":"Online Store","publisher":{"@id":"https:\/\/ryfi.online\/es\/#organization"},"potentialAction":[{"@type":"SearchAction","target":{"@type":"EntryPoint","urlTemplate":"https:\/\/ryfi.online\/es\/?s={search_term_string}"},"query-input":{"@type":"PropertyValueSpecification","valueRequired":true,"valueName":"search_term_string"}}],"inLanguage":"es"},{"@type":"Organization","@id":"https:\/\/ryfi.online\/es\/#organization","name":"Ryan Future Investments LLC","url":"https:\/\/ryfi.online\/es\/","logo":{"@type":"ImageObject","inLanguage":"es","@id":"https:\/\/ryfi.online\/es\/#\/schema\/logo\/image\/","url":"https:\/\/ryfi.online\/wp-content\/uploads\/2021\/03\/2-03.png","contentUrl":"https:\/\/ryfi.online\/wp-content\/uploads\/2021\/03\/2-03.png","width":1010,"height":310,"caption":"Ryan Future Investments LLC"},"image":{"@id":"https:\/\/ryfi.online\/es\/#\/schema\/logo\/image\/"},"sameAs":["https:\/\/www.facebook.com\/ryfi.online\/"]}]},"product_brand":"Camiseta ni\u00f1os","og_availability":"instock","product_availability":"instock","product_condition":"new"},"jetpack-related-posts":[{"id":2914,"url":"https:\/\/ryfi.online\/es\/producto\/camiseta-manga-larga-spiderman\/","url_meta":{"origin":2969,"position":0},"title":"Camiseta Manga Larga Spiderman HU1007","date":"octubre 8, 2021","format":false,"excerpt":"Env\u00edo gratuito y r\u00e1pido en 1-3 d\u00edas.","rel":"","context":"Entrada similar","img":{"alt_text":"Camiseta para ninos Spiderman - 1","src":"https:\/\/i0.wp.com\/ryfi.online\/wp-content\/uploads\/2021\/10\/hu1007.jpg?resize=350%2C200&ssl=1","width":350,"height":200},"classes":[]},{"id":6486,"url":"https:\/\/ryfi.online\/es\/producto\/avengers-ninos-camiseta-de-manga-larga\/","url_meta":{"origin":2969,"position":1},"title":"Avengers Ni\u00f1os Camiseta de Manga Larga HU1296","date":"octubre 31, 2021","format":false,"excerpt":"Env\u00edo rapido y seguro en 1-3 dias laborales","rel":"","context":"Entrada similar","img":{"alt_text":"","src":"https:\/\/i0.wp.com\/ryfi.online\/wp-content\/uploads\/2021\/10\/hu1296_bl.jpg?resize=350%2C200&ssl=1","width":350,"height":200},"classes":[]},{"id":6507,"url":"https:\/\/ryfi.online\/es\/producto\/cars-ninos-camiseta-de-manga-larga\/","url_meta":{"origin":2969,"position":2},"title":"Cars Ni\u00f1os Camiseta de Manga Larga HU1320","date":"octubre 31, 2021","format":false,"excerpt":"Env\u00edo rapido y seguro en 1-3 dias laborales","rel":"","context":"Entrada similar","img":{"alt_text":"","src":"https:\/\/i0.wp.com\/ryfi.online\/wp-content\/uploads\/2021\/10\/hu1320_bl.jpg?resize=350%2C200&ssl=1","width":350,"height":200},"classes":[]},{"id":2954,"url":"https:\/\/ryfi.online\/es\/producto\/frozen-ninas-camiseta-de-manga-larga\/","url_meta":{"origin":2969,"position":3},"title":"Frozen Ni\u00f1as Camiseta de Manga Larga HU1095","date":"octubre 8, 2021","format":false,"excerpt":"Env\u00edo rapido y seguro en 1-3 dias laborales","rel":"","context":"Entrada similar","img":{"alt_text":"","src":"https:\/\/i0.wp.com\/ryfi.online\/wp-content\/uploads\/2021\/10\/hu1095.jpg?resize=350%2C200&ssl=1","width":350,"height":200},"classes":[]},{"id":2984,"url":"https:\/\/ryfi.online\/es\/producto\/paw-patrol-camiseta-de-manga-larga-para-nino\/","url_meta":{"origin":2969,"position":4},"title":"Paw Patrol &#8211; Camiseta de manga larga para ni\u00f1o HU1023","date":"octubre 8, 2021","format":false,"excerpt":"Env\u00edo rapido y seguro en 1-3 dias laborales","rel":"","context":"Entrada similar","img":{"alt_text":"","src":"https:\/\/i0.wp.com\/ryfi.online\/wp-content\/uploads\/2021\/10\/hu1023.jpg?resize=350%2C200&ssl=1","width":350,"height":200},"classes":[]},{"id":8760,"url":"https:\/\/ryfi.online\/es\/producto\/camiseta-manga-corta-minnie-ev1081\/","url_meta":{"origin":2969,"position":5},"title":"Camiseta Manga Corta Minnie para ni\u00f1as EV1081","date":"abril 30, 2022","format":false,"excerpt":"Env\u00edo gratuito y r\u00e1pido en 1-3 d\u00edas.","rel":"","context":"Entrada similar","img":{"alt_text":"Camiseta Minnie","src":"https:\/\/i0.wp.com\/ryfi.online\/wp-content\/uploads\/2022\/04\/ev1081.jpg?resize=350%2C200&ssl=1","width":350,"height":200},"classes":[]}],"_links":{"self":[{"href":"https:\/\/ryfi.online\/es\/wp-json\/wp\/v2\/product\/2969","targetHints":{"allow":["GET"]}}],"collection":[{"href":"https:\/\/ryfi.online\/es\/wp-json\/wp\/v2\/product"}],"about":[{"href":"https:\/\/ryfi.online\/es\/wp-json\/wp\/v2\/types\/product"}],"replies":[{"embeddable":true,"href":"https:\/\/ryfi.online\/es\/wp-json\/wp\/v2\/comments?post=2969"}],"wp:featuredmedia":[{"embeddable":true,"href":"https:\/\/ryfi.online\/es\/wp-json\/wp\/v2\/media\/2978"}],"wp:attachment":[{"href":"https:\/\/ryfi.online\/es\/wp-json\/wp\/v2\/media?parent=2969"}],"wp:term":[{"taxonomy":"product_brand","embeddable":true,"href":"https:\/\/ryfi.online\/es\/wp-json\/wp\/v2\/product_brand?post=2969"},{"taxonomy":"product_cat","embeddable":true,"href":"https:\/\/ryfi.online\/es\/wp-json\/wp\/v2\/product_cat?post=2969"},{"taxonomy":"product_tag","embeddable":true,"href":"https:\/\/ryfi.online\/es\/wp-json\/wp\/v2\/product_tag?post=2969"}],"curies":[{"name":"wp","href":"https:\/\/api.w.org\/{rel}","templated":true}]}}