{"id":2905,"date":"2021-10-08T15:25:51","date_gmt":"2021-10-08T15:25:51","guid":{"rendered":"https:\/\/ryfi.online\/?post_type=product&#038;p=2905"},"modified":"2023-01-06T18:57:46","modified_gmt":"2023-01-06T18:57:46","slug":"pantalones-de-chandal-unisex-con-estampado-de-minions","status":"publish","type":"product","link":"https:\/\/ryfi.online\/es\/producto\/pantalones-de-chandal-unisex-con-estampado-de-minions\/","title":{"rendered":"Pantalones de ch\u00e1ndal Unisex con Estampado de Minions TH1211"},"content":{"rendered":"<p>Como regalo de cumplea\u00f1os, en Semana Santa o simplemente as\u00ed. Con estos pantalones de Minions, no puedes equivocarte! La mano de obra es excelente y los colores muy fuertes. Lavable a 30 \u00b0 C en la m\u00e1quina, para una larga vida \u00fatil, pero se recomienda lavarse las manos. Con esta camiseta los ojos de los ni\u00f1os empiezan a irradiar!<\/p>\n<ul class=\"a-unordered-list a-vertical a-spacing-mini\">\n<li>Pantalones de chandal de Minions para ni\u00f1os<\/li>\n<li><span class=\"a-list-item\">Cierre: Cord\u00f3n ajustable<\/span><\/li>\n<li><span class=\"a-list-item\">Planchar 2, hasta m\u00e1x. Planchar a 150 \u00b0C, lavar a 40 \u00b0C, programa para prendas delicadas, no usar secadora, no usar cloro ni lej\u00eda, colgar para secar.<\/span><\/li>\n<li><span class=\"a-list-item\">Pantal\u00f3n holgado con estampado integral<\/span><\/li>\n<li><span class=\"a-list-item\">Envio 24-48 h<\/span><\/li>\n<\/ul>\n","protected":false},"excerpt":{"rendered":"<div class=\"woocommerce-product-details__short-description\">\n<div class=\"woocommerce-product-details__short-description\">\n<p>Env\u00edo gratis y seguro en 1-3 d\u00edas laborales<\/p>\n<\/div>\n<\/div>\n","protected":false},"featured_media":2564,"comment_status":"open","ping_status":"closed","template":"","meta":[],"product_brand":[],"product_cat":[191],"product_tag":[],"class_list":{"0":"post-2905","1":"product","2":"type-product","3":"status-publish","4":"has-post-thumbnail","6":"product_cat-chandal-es","8":"first","9":"instock","10":"featured","11":"taxable","12":"shipping-taxable","13":"purchasable","14":"product-type-variable"},"yoast_head":"<!-- This site is optimized with the Yoast SEO Premium plugin v17.1.2 (Yoast SEO v27.5) - https:\/\/yoast.com\/product\/yoast-seo-premium-wordpress\/ -->\n<title>Comprar pantalones de ch\u00e1ndal unisex con estampado de Minions ajustables - Ryfi Online Store<\/title>\n<meta name=\"description\" content=\"Si est\u00e1 buscando pantalones de ch\u00e1ndal unisex con estampado de Minions ajustables para ni\u00f1os de alta calidad a un precio muy asequible. vis\u00edtanos ahora !!\" \/>\n<meta name=\"robots\" content=\"index, follow, max-snippet:-1, max-image-preview:large, max-video-preview:-1\" \/>\n<link rel=\"canonical\" href=\"https:\/\/ryfi.online\/es\/producto\/pantalones-de-chandal-unisex-con-estampado-de-minions\/\" \/>\n<meta property=\"og:locale\" content=\"es_ES\" \/>\n<meta property=\"og:type\" content=\"article\" \/>\n<meta property=\"og:title\" content=\"Pantalones de ch\u00e1ndal Unisex con Estampado de Minions TH1211\" \/>\n<meta property=\"og:description\" content=\"Si est\u00e1 buscando pantalones de ch\u00e1ndal unisex con estampado de Minions ajustables para ni\u00f1os de alta calidad a un precio muy asequible. vis\u00edtanos ahora !!\" \/>\n<meta property=\"og:url\" content=\"https:\/\/ryfi.online\/es\/producto\/pantalones-de-chandal-unisex-con-estampado-de-minions\/\" \/>\n<meta property=\"og:site_name\" content=\"Ryfi Online Store\" \/>\n<meta property=\"article:publisher\" content=\"https:\/\/www.facebook.com\/ryfi.online\/\" \/>\n<meta property=\"article:modified_time\" content=\"2023-01-06T18:57:46+00:00\" \/>\n<meta property=\"og:image\" content=\"https:\/\/ryfi.online\/wp-content\/uploads\/2021\/10\/th1211.jpg\" \/>\n\t<meta property=\"og:image:width\" content=\"800\" \/>\n\t<meta property=\"og:image:height\" content=\"565\" \/>\n\t<meta property=\"og:image:type\" content=\"image\/jpeg\" \/>\n<meta name=\"twitter:card\" content=\"summary_large_image\" \/>\n<meta name=\"twitter:label1\" content=\"Availability\" \/>\n\t<meta name=\"twitter:data1\" content=\"In stock\" \/>\n<meta property=\"product:brand\" content=\"Ch\u00e1ndal\" \/>\n<meta property=\"og:availability\" content=\"instock\" \/>\n<meta property=\"product:availability\" content=\"instock\" \/>\n<meta property=\"product:condition\" content=\"new\" \/>\n<!-- \/ Yoast SEO Premium plugin. -->","yoast_head_json":{"title":"Comprar pantalones de ch\u00e1ndal unisex con estampado de Minions ajustables - Ryfi Online Store","description":"Si est\u00e1 buscando pantalones de ch\u00e1ndal unisex con estampado de Minions ajustables para ni\u00f1os de alta calidad a un precio muy asequible. vis\u00edtanos ahora !!","robots":{"index":"index","follow":"follow","max-snippet":"max-snippet:-1","max-image-preview":"max-image-preview:large","max-video-preview":"max-video-preview:-1"},"canonical":"https:\/\/ryfi.online\/es\/producto\/pantalones-de-chandal-unisex-con-estampado-de-minions\/","og_locale":"es_ES","og_type":"article","og_title":"Pantalones de ch\u00e1ndal Unisex con Estampado de Minions TH1211","og_description":"Si est\u00e1 buscando pantalones de ch\u00e1ndal unisex con estampado de Minions ajustables para ni\u00f1os de alta calidad a un precio muy asequible. vis\u00edtanos ahora !!","og_url":"https:\/\/ryfi.online\/es\/producto\/pantalones-de-chandal-unisex-con-estampado-de-minions\/","og_site_name":"Ryfi Online Store","article_publisher":"https:\/\/www.facebook.com\/ryfi.online\/","article_modified_time":"2023-01-06T18:57:46+00:00","og_image":[{"width":800,"height":565,"url":"https:\/\/ryfi.online\/wp-content\/uploads\/2021\/10\/th1211.jpg","type":"image\/jpeg"}],"twitter_card":"summary_large_image","twitter_misc":{"Availability":"In stock"},"schema":{"@context":"https:\/\/schema.org","@graph":[{"@type":"WebPage","@id":"https:\/\/ryfi.online\/es\/producto\/pantalones-de-chandal-unisex-con-estampado-de-minions\/","url":"https:\/\/ryfi.online\/es\/producto\/pantalones-de-chandal-unisex-con-estampado-de-minions\/","name":"Comprar pantalones de ch\u00e1ndal unisex con estampado de Minions ajustables - Ryfi Online Store","isPartOf":{"@id":"https:\/\/ryfi.online\/es\/#website"},"primaryImageOfPage":{"@id":"https:\/\/ryfi.online\/es\/producto\/pantalones-de-chandal-unisex-con-estampado-de-minions\/#primaryimage"},"image":{"@id":"https:\/\/ryfi.online\/es\/producto\/pantalones-de-chandal-unisex-con-estampado-de-minions\/#primaryimage"},"thumbnailUrl":"https:\/\/ryfi.online\/wp-content\/uploads\/2021\/10\/th1211.jpg","datePublished":"2021-10-08T15:25:51+00:00","dateModified":"2023-01-06T18:57:46+00:00","description":"Si est\u00e1 buscando pantalones de ch\u00e1ndal unisex con estampado de Minions ajustables para ni\u00f1os de alta calidad a un precio muy asequible. vis\u00edtanos ahora !!","breadcrumb":{"@id":"https:\/\/ryfi.online\/es\/producto\/pantalones-de-chandal-unisex-con-estampado-de-minions\/#breadcrumb"},"inLanguage":"es","potentialAction":[{"@type":"ReadAction","target":["https:\/\/ryfi.online\/es\/producto\/pantalones-de-chandal-unisex-con-estampado-de-minions\/"]}]},{"@type":"ImageObject","inLanguage":"es","@id":"https:\/\/ryfi.online\/es\/producto\/pantalones-de-chandal-unisex-con-estampado-de-minions\/#primaryimage","url":"https:\/\/ryfi.online\/wp-content\/uploads\/2021\/10\/th1211.jpg","contentUrl":"https:\/\/ryfi.online\/wp-content\/uploads\/2021\/10\/th1211.jpg","width":800,"height":565,"caption":"Pantalones de ch\u00e1ndal"},{"@type":"BreadcrumbList","@id":"https:\/\/ryfi.online\/es\/producto\/pantalones-de-chandal-unisex-con-estampado-de-minions\/#breadcrumb","itemListElement":[{"@type":"ListItem","position":1,"name":"Home","item":"https:\/\/ryfi.online\/es\/"},{"@type":"ListItem","position":2,"name":"Free and Fast Shipping whitin 1-3 Days!!!","item":"https:\/\/ryfi.online\/shop\/"},{"@type":"ListItem","position":3,"name":"Pantalones de ch\u00e1ndal Unisex con Estampado de Minions TH1211"}]},{"@type":"WebSite","@id":"https:\/\/ryfi.online\/es\/#website","url":"https:\/\/ryfi.online\/es\/","name":"Ryfi Online Store","description":"Online Store","publisher":{"@id":"https:\/\/ryfi.online\/es\/#organization"},"potentialAction":[{"@type":"SearchAction","target":{"@type":"EntryPoint","urlTemplate":"https:\/\/ryfi.online\/es\/?s={search_term_string}"},"query-input":{"@type":"PropertyValueSpecification","valueRequired":true,"valueName":"search_term_string"}}],"inLanguage":"es"},{"@type":"Organization","@id":"https:\/\/ryfi.online\/es\/#organization","name":"Ryan Future Investments LLC","url":"https:\/\/ryfi.online\/es\/","logo":{"@type":"ImageObject","inLanguage":"es","@id":"https:\/\/ryfi.online\/es\/#\/schema\/logo\/image\/","url":"https:\/\/ryfi.online\/wp-content\/uploads\/2021\/03\/2-03.png","contentUrl":"https:\/\/ryfi.online\/wp-content\/uploads\/2021\/03\/2-03.png","width":1010,"height":310,"caption":"Ryan Future Investments LLC"},"image":{"@id":"https:\/\/ryfi.online\/es\/#\/schema\/logo\/image\/"},"sameAs":["https:\/\/www.facebook.com\/ryfi.online\/"]}]},"product_brand":"Ch\u00e1ndal","og_availability":"instock","product_availability":"instock","product_condition":"new"},"jetpack-related-posts":[{"id":2878,"url":"https:\/\/ryfi.online\/es\/producto\/pantalones-de-chandal-nino-con-estampado-de-mickey-mouse\/","url_meta":{"origin":2905,"position":0},"title":"Pantalones de ch\u00e1ndal ni\u00f1o con Estampado de Mickey Mouse UE1161","date":"octubre 8, 2021","format":false,"excerpt":"Env\u00edo rapido y seguro en 1-3 dias laborales","rel":"","context":"Entrada similar","img":{"alt_text":" Chandals para ninos Mickey Mouse -1","src":"https:\/\/i0.wp.com\/ryfi.online\/wp-content\/uploads\/2021\/10\/ue1161.jpg?resize=350%2C200&ssl=1","width":350,"height":200},"classes":[]},{"id":2887,"url":"https:\/\/ryfi.online\/es\/producto\/pantalones-de-chandal-para-ninas-con-estampado-de-minnie-mouse\/","url_meta":{"origin":2905,"position":1},"title":"Pantalones de ch\u00e1ndal para ni\u00f1as con Estampado de Minnie Mouse TH1116","date":"octubre 8, 2021","format":false,"excerpt":"Env\u00edo rapido y seguro en 1-3 dias laborales","rel":"","context":"Entrada similar","img":{"alt_text":"Chandal para ninas Minnie Mouse -1","src":"https:\/\/i0.wp.com\/ryfi.online\/wp-content\/uploads\/2021\/10\/th1116.jpg?resize=350%2C200&ssl=1","width":350,"height":200},"classes":[]},{"id":2896,"url":"https:\/\/ryfi.online\/es\/producto\/pantalones-de-chandal-para-nina-con-estampado-de-peppa-pig\/","url_meta":{"origin":2905,"position":2},"title":"Pantalones de ch\u00e1ndal para ni\u00f1a con Estampado de Peppa Pig TH1251","date":"octubre 8, 2021","format":false,"excerpt":"Env\u00edo rapido y seguro en 1-3 dias laborales","rel":"","context":"Entrada similar","img":{"alt_text":"Chandal para ninas Peppa Pig","src":"https:\/\/i0.wp.com\/ryfi.online\/wp-content\/uploads\/2021\/10\/th1251-Copy.jpg?resize=350%2C200&ssl=1","width":350,"height":200},"classes":[]},{"id":2856,"url":"https:\/\/ryfi.online\/es\/producto\/pantalon-de-chandal-star-wars\/","url_meta":{"origin":2905,"position":3},"title":"Pantal\u00f3n de ch\u00e1ndal Star Wars APH1544","date":"octubre 8, 2021","format":false,"excerpt":"Env\u00edo rapido y seguro en 1-3 dias laborales","rel":"","context":"Entrada similar","img":{"alt_text":"Chandals para ninos Star Wars -1","src":"https:\/\/i0.wp.com\/ryfi.online\/wp-content\/uploads\/2021\/10\/aph1544.jpg?resize=350%2C200&ssl=1","width":350,"height":200},"classes":[]},{"id":6526,"url":"https:\/\/ryfi.online\/es\/producto\/sun-city-avengers-pantalones-de-chandal-para-nino\/","url_meta":{"origin":2905,"position":4},"title":"Sun City Avengers &#8211; Pantalones de ch\u00e1ndal para ni\u00f1o HU1297","date":"octubre 31, 2021","format":false,"excerpt":"Env\u00edo rapido y seguro en 1-3 dias laborales","rel":"","context":"Entrada similar","img":{"alt_text":"","src":"https:\/\/i0.wp.com\/ryfi.online\/wp-content\/uploads\/2021\/10\/hu1297.jpg?resize=350%2C200&ssl=1","width":350,"height":200},"classes":[]},{"id":2869,"url":"https:\/\/ryfi.online\/es\/producto\/disney-frozen-2-anna-elsa-characters-pantalones-de-chandal\/","url_meta":{"origin":2905,"position":5},"title":"Disney Frozen 2 Anna &#038; Elsa Characters &#8211; Pantalones de ch\u00e1ndal TH1076","date":"octubre 8, 2021","format":false,"excerpt":"Env\u00edo rapido y seguro en 1-3 dias laborales","rel":"","context":"Entrada similar","img":{"alt_text":" Chandals para ninas Anna&Elsa -1","src":"https:\/\/i0.wp.com\/ryfi.online\/wp-content\/uploads\/2021\/10\/th1076.jpg?resize=350%2C200&ssl=1","width":350,"height":200},"classes":[]}],"_links":{"self":[{"href":"https:\/\/ryfi.online\/es\/wp-json\/wp\/v2\/product\/2905","targetHints":{"allow":["GET"]}}],"collection":[{"href":"https:\/\/ryfi.online\/es\/wp-json\/wp\/v2\/product"}],"about":[{"href":"https:\/\/ryfi.online\/es\/wp-json\/wp\/v2\/types\/product"}],"replies":[{"embeddable":true,"href":"https:\/\/ryfi.online\/es\/wp-json\/wp\/v2\/comments?post=2905"}],"wp:featuredmedia":[{"embeddable":true,"href":"https:\/\/ryfi.online\/es\/wp-json\/wp\/v2\/media\/2564"}],"wp:attachment":[{"href":"https:\/\/ryfi.online\/es\/wp-json\/wp\/v2\/media?parent=2905"}],"wp:term":[{"taxonomy":"product_brand","embeddable":true,"href":"https:\/\/ryfi.online\/es\/wp-json\/wp\/v2\/product_brand?post=2905"},{"taxonomy":"product_cat","embeddable":true,"href":"https:\/\/ryfi.online\/es\/wp-json\/wp\/v2\/product_cat?post=2905"},{"taxonomy":"product_tag","embeddable":true,"href":"https:\/\/ryfi.online\/es\/wp-json\/wp\/v2\/product_tag?post=2905"}],"curies":[{"name":"wp","href":"https:\/\/api.w.org\/{rel}","templated":true}]}}