{"id":2851,"date":"2021-10-08T14:51:22","date_gmt":"2021-10-08T14:51:22","guid":{"rendered":"https:\/\/ryfi.online\/?post_type=product&#038;p=2851"},"modified":"2023-01-03T18:56:58","modified_gmt":"2023-01-03T18:56:58","slug":"pijama-polar-de-manga-larga-para-ninos-capitan-america","status":"publish","type":"product","link":"https:\/\/ryfi.online\/es\/producto\/pijama-polar-de-manga-larga-para-ninos-capitan-america\/","title":{"rendered":"Pijama Polar de Manga Larga para ni\u00f1os Capit\u00e1n Am\u00e9rica TH2154"},"content":{"rendered":"<p>Como regalo de cumplea\u00f1os, en Semana Santa o simplemente as\u00ed. Con el hermoso pijama de Capitan America, no puedes equivocarte! La mano de obra es excelente y los colores muy fuertes. Con este maravilloso pijama, los ni\u00f1os descansaran genial! Lavable a 30 \u00b0 C en la m\u00e1quina, para una larga vida \u00fatil, pero se recomienda lavarse las manos. Con este conjunto los ojos de los ni\u00f1os empiezan a irradiar!<\/p>\n<ul class=\"a-unordered-list a-vertical a-spacing-mini\">\n<li><span class=\"a-list-item\">Pijamas para ni\u00f1os de Capit\u00e1n Am\u00e9rica<br \/>\n<\/span><\/li>\n<li><span class=\"a-list-item\">Estas divertidas pijamas le ofrecer\u00e1n a tu peque\u00f1o h\u00e9roe unos sue\u00f1os llenos de aventuras.<\/span><\/li>\n<li><span class=\"a-list-item\">100% Poli\u00e9ster<\/span><\/li>\n<li><span class=\"a-list-item\">Mercanc\u00eda con licencia oficial de Marvel<\/span><\/li>\n<li><span class=\"a-list-item\">Atuendo completo con impresionantes pantalones de pijama que tienen un motivo de Los Vengadores con pretina el\u00e1stica y un extra de estilo y confort.<\/span><\/li>\n<li>Edad 4 a\u00f1os, 6 a\u00f1os, 8 a\u00f1os y 10 a\u00f1os<\/li>\n<\/ul>\n","protected":false},"excerpt":{"rendered":"<p>Env\u00edo gratuito y r\u00e1pido en 1-3 d\u00edas.<\/p>\n","protected":false},"featured_media":2667,"comment_status":"open","ping_status":"closed","template":"","meta":[],"product_brand":[],"product_cat":[194],"product_tag":[],"class_list":{"0":"post-2851","1":"product","2":"type-product","3":"status-publish","4":"has-post-thumbnail","6":"product_cat-pijama","8":"first","9":"instock","10":"featured","11":"taxable","12":"shipping-taxable","13":"purchasable","14":"product-type-variable"},"yoast_head":"<!-- This site is optimized with the Yoast SEO Premium plugin v17.1.2 (Yoast SEO v27.5) - https:\/\/yoast.com\/product\/yoast-seo-premium-wordpress\/ -->\n<title>Encuentra el mejor pijama de lana de manga larga del Capit\u00e1n Am\u00e9rica para ni\u00f1os<\/title>\n<meta name=\"description\" content=\"Explore los mejores pijamas de vell\u00f3n de manga larga para ni\u00f1os del Capit\u00e1n Am\u00e9rica a varios precios, para saber m\u00e1s, visite nuestro sitio web y reserve ahora.\" \/>\n<meta name=\"robots\" content=\"index, follow, max-snippet:-1, max-image-preview:large, max-video-preview:-1\" \/>\n<link rel=\"canonical\" href=\"https:\/\/ryfi.online\/es\/producto\/pijama-polar-de-manga-larga-para-ninos-capitan-america\/\" \/>\n<meta property=\"og:locale\" content=\"es_ES\" \/>\n<meta property=\"og:type\" content=\"article\" \/>\n<meta property=\"og:title\" content=\"Pijama Polar de Manga Larga para ni\u00f1os Capit\u00e1n Am\u00e9rica TH2154\" \/>\n<meta property=\"og:description\" content=\"Explore los mejores pijamas de vell\u00f3n de manga larga para ni\u00f1os del Capit\u00e1n Am\u00e9rica a varios precios, para saber m\u00e1s, visite nuestro sitio web y reserve ahora.\" \/>\n<meta property=\"og:url\" content=\"https:\/\/ryfi.online\/es\/producto\/pijama-polar-de-manga-larga-para-ninos-capitan-america\/\" \/>\n<meta property=\"og:site_name\" content=\"Ryfi Online Store\" \/>\n<meta property=\"article:publisher\" content=\"https:\/\/www.facebook.com\/ryfi.online\/\" \/>\n<meta property=\"article:modified_time\" content=\"2023-01-03T18:56:58+00:00\" \/>\n<meta property=\"og:image\" content=\"https:\/\/ryfi.online\/wp-content\/uploads\/2021\/10\/th2154_bl.jpg\" \/>\n\t<meta property=\"og:image:width\" content=\"800\" \/>\n\t<meta property=\"og:image:height\" content=\"1200\" \/>\n\t<meta property=\"og:image:type\" content=\"image\/jpeg\" \/>\n<meta name=\"twitter:card\" content=\"summary_large_image\" \/>\n<meta name=\"twitter:label1\" content=\"Availability\" \/>\n\t<meta name=\"twitter:data1\" content=\"In stock\" \/>\n<meta property=\"product:brand\" content=\"Pijama Ni\u00f1os\" \/>\n<meta property=\"og:availability\" content=\"instock\" \/>\n<meta property=\"product:availability\" content=\"instock\" \/>\n<meta property=\"product:condition\" content=\"new\" \/>\n<!-- \/ Yoast SEO Premium plugin. -->","yoast_head_json":{"title":"Encuentra el mejor pijama de lana de manga larga del Capit\u00e1n Am\u00e9rica para ni\u00f1os","description":"Explore los mejores pijamas de vell\u00f3n de manga larga para ni\u00f1os del Capit\u00e1n Am\u00e9rica a varios precios, para saber m\u00e1s, visite nuestro sitio web y reserve ahora.","robots":{"index":"index","follow":"follow","max-snippet":"max-snippet:-1","max-image-preview":"max-image-preview:large","max-video-preview":"max-video-preview:-1"},"canonical":"https:\/\/ryfi.online\/es\/producto\/pijama-polar-de-manga-larga-para-ninos-capitan-america\/","og_locale":"es_ES","og_type":"article","og_title":"Pijama Polar de Manga Larga para ni\u00f1os Capit\u00e1n Am\u00e9rica TH2154","og_description":"Explore los mejores pijamas de vell\u00f3n de manga larga para ni\u00f1os del Capit\u00e1n Am\u00e9rica a varios precios, para saber m\u00e1s, visite nuestro sitio web y reserve ahora.","og_url":"https:\/\/ryfi.online\/es\/producto\/pijama-polar-de-manga-larga-para-ninos-capitan-america\/","og_site_name":"Ryfi Online Store","article_publisher":"https:\/\/www.facebook.com\/ryfi.online\/","article_modified_time":"2023-01-03T18:56:58+00:00","og_image":[{"width":800,"height":1200,"url":"https:\/\/ryfi.online\/wp-content\/uploads\/2021\/10\/th2154_bl.jpg","type":"image\/jpeg"}],"twitter_card":"summary_large_image","twitter_misc":{"Availability":"In stock"},"schema":{"@context":"https:\/\/schema.org","@graph":[{"@type":"WebPage","@id":"https:\/\/ryfi.online\/es\/producto\/pijama-polar-de-manga-larga-para-ninos-capitan-america\/","url":"https:\/\/ryfi.online\/es\/producto\/pijama-polar-de-manga-larga-para-ninos-capitan-america\/","name":"Encuentra el mejor pijama de lana de manga larga del Capit\u00e1n Am\u00e9rica para ni\u00f1os","isPartOf":{"@id":"https:\/\/ryfi.online\/es\/#website"},"primaryImageOfPage":{"@id":"https:\/\/ryfi.online\/es\/producto\/pijama-polar-de-manga-larga-para-ninos-capitan-america\/#primaryimage"},"image":{"@id":"https:\/\/ryfi.online\/es\/producto\/pijama-polar-de-manga-larga-para-ninos-capitan-america\/#primaryimage"},"thumbnailUrl":"https:\/\/ryfi.online\/wp-content\/uploads\/2021\/10\/th2154_bl.jpg","datePublished":"2021-10-08T14:51:22+00:00","dateModified":"2023-01-03T18:56:58+00:00","description":"Explore los mejores pijamas de vell\u00f3n de manga larga para ni\u00f1os del Capit\u00e1n Am\u00e9rica a varios precios, para saber m\u00e1s, visite nuestro sitio web y reserve ahora.","breadcrumb":{"@id":"https:\/\/ryfi.online\/es\/producto\/pijama-polar-de-manga-larga-para-ninos-capitan-america\/#breadcrumb"},"inLanguage":"es","potentialAction":[{"@type":"ReadAction","target":["https:\/\/ryfi.online\/es\/producto\/pijama-polar-de-manga-larga-para-ninos-capitan-america\/"]}]},{"@type":"ImageObject","inLanguage":"es","@id":"https:\/\/ryfi.online\/es\/producto\/pijama-polar-de-manga-larga-para-ninos-capitan-america\/#primaryimage","url":"https:\/\/ryfi.online\/wp-content\/uploads\/2021\/10\/th2154_bl.jpg","contentUrl":"https:\/\/ryfi.online\/wp-content\/uploads\/2021\/10\/th2154_bl.jpg","width":800,"height":1200},{"@type":"BreadcrumbList","@id":"https:\/\/ryfi.online\/es\/producto\/pijama-polar-de-manga-larga-para-ninos-capitan-america\/#breadcrumb","itemListElement":[{"@type":"ListItem","position":1,"name":"Home","item":"https:\/\/ryfi.online\/es\/"},{"@type":"ListItem","position":2,"name":"Free and Fast Shipping whitin 1-3 Days!!!","item":"https:\/\/ryfi.online\/shop\/"},{"@type":"ListItem","position":3,"name":"Pijama Polar de Manga Larga para ni\u00f1os Capit\u00e1n Am\u00e9rica TH2154"}]},{"@type":"WebSite","@id":"https:\/\/ryfi.online\/es\/#website","url":"https:\/\/ryfi.online\/es\/","name":"Ryfi Online Store","description":"Online Store","publisher":{"@id":"https:\/\/ryfi.online\/es\/#organization"},"potentialAction":[{"@type":"SearchAction","target":{"@type":"EntryPoint","urlTemplate":"https:\/\/ryfi.online\/es\/?s={search_term_string}"},"query-input":{"@type":"PropertyValueSpecification","valueRequired":true,"valueName":"search_term_string"}}],"inLanguage":"es"},{"@type":"Organization","@id":"https:\/\/ryfi.online\/es\/#organization","name":"Ryan Future Investments LLC","url":"https:\/\/ryfi.online\/es\/","logo":{"@type":"ImageObject","inLanguage":"es","@id":"https:\/\/ryfi.online\/es\/#\/schema\/logo\/image\/","url":"https:\/\/ryfi.online\/wp-content\/uploads\/2021\/03\/2-03.png","contentUrl":"https:\/\/ryfi.online\/wp-content\/uploads\/2021\/03\/2-03.png","width":1010,"height":310,"caption":"Ryan Future Investments LLC"},"image":{"@id":"https:\/\/ryfi.online\/es\/#\/schema\/logo\/image\/"},"sameAs":["https:\/\/www.facebook.com\/ryfi.online\/"]}]},"product_brand":"Pijama Ni\u00f1os","og_availability":"instock","product_availability":"instock","product_condition":"new"},"jetpack-related-posts":[{"id":2923,"url":"https:\/\/ryfi.online\/es\/producto\/paw-patrol-pijama-para-ninos\/","url_meta":{"origin":2851,"position":0},"title":"Paw Patrol Pijama para ni\u00f1os HU2034","date":"octubre 8, 2021","format":false,"excerpt":"Env\u00edo rapido y seguro en 1-3 dia laborales","rel":"","context":"Entrada similar","img":{"alt_text":"","src":"https:\/\/i0.wp.com\/ryfi.online\/wp-content\/uploads\/2021\/10\/hu2034.jpg?resize=350%2C200&ssl=1","width":350,"height":200},"classes":[]},{"id":6588,"url":"https:\/\/ryfi.online\/es\/producto\/ryfi-pijama-polar-nino-spiderman\/","url_meta":{"origin":2851,"position":1},"title":"Ryfi Pijama Polar Ni\u00f1o Spiderman HU2130","date":"octubre 31, 2021","format":false,"excerpt":"Env\u00edo rapido y seguro en 1-3 dias laborales","rel":"","context":"Entrada similar","img":{"alt_text":"","src":"https:\/\/i0.wp.com\/ryfi.online\/wp-content\/uploads\/2021\/10\/hu2130.jpg?resize=350%2C200&ssl=1","width":350,"height":200},"classes":[]},{"id":6550,"url":"https:\/\/ryfi.online\/es\/producto\/ryfi-pijama-polar-nina-frozen\/","url_meta":{"origin":2851,"position":2},"title":"Ryfi Pijama Polar Ni\u00f1a Frozen HU2022","date":"octubre 31, 2021","format":false,"excerpt":"Env\u00edo rapido y seguro en 1-3 dias laborales","rel":"","context":"Entrada similar","img":{"alt_text":"","src":"https:\/\/i0.wp.com\/ryfi.online\/wp-content\/uploads\/2021\/10\/hu2022.jpg?resize=350%2C200&ssl=1","width":350,"height":200},"classes":[]},{"id":6564,"url":"https:\/\/ryfi.online\/es\/producto\/ryfi-pijama-polar-nino-minions\/","url_meta":{"origin":2851,"position":3},"title":"Ryfi Pijama Polar Ni\u00f1o Minions HU2046","date":"octubre 31, 2021","format":false,"excerpt":"Env\u00edo rapido y seguro en 1-3 dias laborales","rel":"","context":"Entrada similar","img":{"alt_text":"","src":"https:\/\/i0.wp.com\/ryfi.online\/wp-content\/uploads\/2021\/10\/hu2046.jpg?resize=350%2C200&ssl=1","width":350,"height":200},"classes":[]},{"id":8872,"url":"https:\/\/ryfi.online\/es\/producto\/pijama-de-batman-para-ninos-ev2051\/","url_meta":{"origin":2851,"position":4},"title":"Pijama de Batman para ni\u00f1os EV2051","date":"abril 30, 2022","format":false,"excerpt":"Env\u00edo rapido y seguro en 1-3 dias laborales","rel":"","context":"Entrada similar","img":{"alt_text":"pijama batman","src":"https:\/\/i0.wp.com\/ryfi.online\/wp-content\/uploads\/2022\/04\/ev2051.jpg?resize=350%2C200&ssl=1","width":350,"height":200},"classes":[]},{"id":2856,"url":"https:\/\/ryfi.online\/es\/producto\/pantalon-de-chandal-star-wars\/","url_meta":{"origin":2851,"position":5},"title":"Pantal\u00f3n de ch\u00e1ndal Star Wars APH1544","date":"octubre 8, 2021","format":false,"excerpt":"Env\u00edo rapido y seguro en 1-3 dias laborales","rel":"","context":"Entrada similar","img":{"alt_text":"Chandals para ninos Star Wars -1","src":"https:\/\/i0.wp.com\/ryfi.online\/wp-content\/uploads\/2021\/10\/aph1544.jpg?resize=350%2C200&ssl=1","width":350,"height":200},"classes":[]}],"_links":{"self":[{"href":"https:\/\/ryfi.online\/es\/wp-json\/wp\/v2\/product\/2851","targetHints":{"allow":["GET"]}}],"collection":[{"href":"https:\/\/ryfi.online\/es\/wp-json\/wp\/v2\/product"}],"about":[{"href":"https:\/\/ryfi.online\/es\/wp-json\/wp\/v2\/types\/product"}],"replies":[{"embeddable":true,"href":"https:\/\/ryfi.online\/es\/wp-json\/wp\/v2\/comments?post=2851"}],"wp:featuredmedia":[{"embeddable":true,"href":"https:\/\/ryfi.online\/es\/wp-json\/wp\/v2\/media\/2667"}],"wp:attachment":[{"href":"https:\/\/ryfi.online\/es\/wp-json\/wp\/v2\/media?parent=2851"}],"wp:term":[{"taxonomy":"product_brand","embeddable":true,"href":"https:\/\/ryfi.online\/es\/wp-json\/wp\/v2\/product_brand?post=2851"},{"taxonomy":"product_cat","embeddable":true,"href":"https:\/\/ryfi.online\/es\/wp-json\/wp\/v2\/product_cat?post=2851"},{"taxonomy":"product_tag","embeddable":true,"href":"https:\/\/ryfi.online\/es\/wp-json\/wp\/v2\/product_tag?post=2851"}],"curies":[{"name":"wp","href":"https:\/\/api.w.org\/{rel}","templated":true}]}}