{"id":2520,"date":"2021-09-04T11:34:28","date_gmt":"2021-09-04T11:34:28","guid":{"rendered":"https:\/\/ryfi.online\/?post_type=product&#038;p=2520"},"modified":"2022-05-14T16:07:43","modified_gmt":"2022-05-14T16:07:43","slug":"botella-sport-400-ml-frozen-ii-blue-forest","status":"publish","type":"product","link":"https:\/\/ryfi.online\/es\/producto\/botella-sport-400-ml-frozen-ii-blue-forest\/","title":{"rendered":"BOTELLA SPORT 400 ML FROZEN II BLUE FOREST"},"content":{"rendered":"<p><img fetchpriority=\"high\" decoding=\"async\" class=\"alignnone size-medium wp-image-2536\" src=\"https:\/\/ryfi.online\/wp-content\/uploads\/2021\/09\/51032_A-300x300.jpg\" alt=\"\" width=\"300\" height=\"300\" srcset=\"https:\/\/ryfi.online\/wp-content\/uploads\/2021\/09\/51032_A-300x300.jpg 300w, https:\/\/ryfi.online\/wp-content\/uploads\/2021\/09\/51032_A-1024x1024.jpg 1024w, https:\/\/ryfi.online\/wp-content\/uploads\/2021\/09\/51032_A-150x150.jpg 150w, https:\/\/ryfi.online\/wp-content\/uploads\/2021\/09\/51032_A-768x768.jpg 768w, https:\/\/ryfi.online\/wp-content\/uploads\/2021\/09\/51032_A-1536x1536.jpg 1536w, https:\/\/ryfi.online\/wp-content\/uploads\/2021\/09\/51032_A-60x60.jpg 60w, https:\/\/ryfi.online\/wp-content\/uploads\/2021\/09\/51032_A-100x100.jpg 100w, https:\/\/ryfi.online\/wp-content\/uploads\/2021\/09\/51032_A.jpg 2000w\" sizes=\"(max-width: 300px) 100vw, 300px\" \/> <img decoding=\"async\" class=\"alignnone size-medium wp-image-2538\" src=\"https:\/\/ryfi.online\/wp-content\/uploads\/2021\/09\/51032_B-300x300.jpg\" alt=\"\" width=\"300\" height=\"300\" srcset=\"https:\/\/ryfi.online\/wp-content\/uploads\/2021\/09\/51032_B-300x300.jpg 300w, https:\/\/ryfi.online\/wp-content\/uploads\/2021\/09\/51032_B-1024x1024.jpg 1024w, https:\/\/ryfi.online\/wp-content\/uploads\/2021\/09\/51032_B-150x150.jpg 150w, https:\/\/ryfi.online\/wp-content\/uploads\/2021\/09\/51032_B-768x768.jpg 768w, https:\/\/ryfi.online\/wp-content\/uploads\/2021\/09\/51032_B-1536x1536.jpg 1536w, https:\/\/ryfi.online\/wp-content\/uploads\/2021\/09\/51032_B-60x60.jpg 60w, https:\/\/ryfi.online\/wp-content\/uploads\/2021\/09\/51032_B-100x100.jpg 100w, https:\/\/ryfi.online\/wp-content\/uploads\/2021\/09\/51032_B.jpg 2000w\" sizes=\"(max-width: 300px) 100vw, 300px\" \/> <img decoding=\"async\" class=\"alignnone size-medium wp-image-2540\" src=\"https:\/\/ryfi.online\/wp-content\/uploads\/2021\/09\/51032_C-300x300.jpg\" alt=\"\" width=\"300\" height=\"300\" srcset=\"https:\/\/ryfi.online\/wp-content\/uploads\/2021\/09\/51032_C-300x300.jpg 300w, https:\/\/ryfi.online\/wp-content\/uploads\/2021\/09\/51032_C-1024x1024.jpg 1024w, https:\/\/ryfi.online\/wp-content\/uploads\/2021\/09\/51032_C-150x150.jpg 150w, https:\/\/ryfi.online\/wp-content\/uploads\/2021\/09\/51032_C-768x768.jpg 768w, https:\/\/ryfi.online\/wp-content\/uploads\/2021\/09\/51032_C-1536x1536.jpg 1536w, https:\/\/ryfi.online\/wp-content\/uploads\/2021\/09\/51032_C-60x60.jpg 60w, https:\/\/ryfi.online\/wp-content\/uploads\/2021\/09\/51032_C-100x100.jpg 100w, https:\/\/ryfi.online\/wp-content\/uploads\/2021\/09\/51032_C.jpg 2000w\" sizes=\"(max-width: 300px) 100vw, 300px\" \/><\/p>\n<div id=\"short_description_content\" class=\"rte align_justify\">BOTELLA SPORT 400 ML FROZEN II | Marca Stor<\/div>\n<div id=\"description_product\" class=\"rte align_justify\">\n<p>Botella infantil reutilizable con la que los m\u00e1s peque\u00f1os podr\u00e1n beber c\u00f3modamente gracias a su forma ergon\u00f3mica, su Tap\u00f3n antigoteo y su banda antideslizamiento. Disponible en una gran variedad de originales dise\u00f1os basados en algunos de los personajes m\u00e1s famosos del mundo del cine y la televisi\u00f3n. Una botella ideal para que los ni\u00f1os est\u00e9n siempre hidratados en sus excursiones fuera de casa.<strong>Caracter\u00edsticas:<\/strong><\/p>\n<p>&#8211; Capacidad: 400 Ml.<br \/>\n&#8211; Libre de BPA<br \/>\n&#8211; antigoteo<br \/>\n&#8211; antideslizamiento<br \/>\n&#8211; F\u00e1cil de limpiar<br \/>\n&#8211; Licencias Oficiales<\/p>\n<\/div>\n<div><\/div>\n<div>\n<table class=\"table-data-sheet\">\n<tbody>\n<tr class=\"odd\">\n<td>Material<\/td>\n<td>Pl\u00e1stico<\/td>\n<\/tr>\n<tr class=\"even\">\n<td>Capacidad<\/td>\n<td>400 ml<\/td>\n<\/tr>\n<tr class=\"odd\">\n<td>Alto<\/td>\n<td>18 cm.<\/td>\n<\/tr>\n<tr class=\"odd\">\n<td>Ancho<\/td>\n<td>6.5 cm.<\/td>\n<\/tr>\n<tr class=\"odd\">\n<td>Fondo<\/td>\n<td>6.5 cm.<\/td>\n<\/tr>\n<tr class=\"odd\">\n<td>Peso<\/td>\n<td>52 g.<\/td>\n<\/tr>\n<\/tbody>\n<\/table>\n<\/div>\n","protected":false},"excerpt":{"rendered":"<p>Envio Gratis 1-3 dias laborales<\/p>\n<p>Devolucion Gratuito<\/p>\n","protected":false},"featured_media":2536,"comment_status":"open","ping_status":"closed","template":"","meta":[],"product_brand":[],"product_cat":[87,56],"product_tag":[],"class_list":{"0":"post-2520","1":"product","2":"type-product","3":"status-publish","4":"has-post-thumbnail","6":"product_cat-botella","7":"product_cat-botellas-de-agua-deportivas","9":"first","10":"instock","11":"featured","12":"taxable","13":"shipping-taxable","14":"purchasable","15":"product-type-simple"},"yoast_head":"<!-- This site is optimized with the Yoast SEO Premium plugin v17.1.2 (Yoast SEO v27.4) - https:\/\/yoast.com\/product\/yoast-seo-premium-wordpress\/ -->\n<title>BOTELLA SPORT 400 ML FROZEN II BLUE FOREST - Ryfi Online Store<\/title>\n<meta name=\"description\" content=\"Si est\u00e1s buscando una botella de agua Frozen Bule Forest para ni\u00f1os en Espa\u00f1a, entonces est\u00e1s en el lugar indicado, la Ryfi Online Store ofrece la mejor botella de agua para ni\u00f1os.\" \/>\n<meta name=\"robots\" content=\"index, follow, max-snippet:-1, max-image-preview:large, max-video-preview:-1\" \/>\n<link rel=\"canonical\" href=\"https:\/\/ryfi.online\/es\/producto\/botella-sport-400-ml-frozen-ii-blue-forest\/\" \/>\n<meta property=\"og:locale\" content=\"es_ES\" \/>\n<meta property=\"og:type\" content=\"article\" \/>\n<meta property=\"og:title\" content=\"BOTELLA SPORT 400 ML FROZEN II BLUE FOREST\" \/>\n<meta property=\"og:description\" content=\"Si est\u00e1s buscando una botella de agua Frozen Bule Forest para ni\u00f1os en Espa\u00f1a, entonces est\u00e1s en el lugar indicado, la Ryfi Online Store ofrece la mejor botella de agua para ni\u00f1os.\" \/>\n<meta property=\"og:url\" content=\"https:\/\/ryfi.online\/es\/producto\/botella-sport-400-ml-frozen-ii-blue-forest\/\" \/>\n<meta property=\"og:site_name\" content=\"Ryfi Online Store\" \/>\n<meta property=\"article:publisher\" content=\"https:\/\/www.facebook.com\/ryfi.online\/\" \/>\n<meta property=\"article:modified_time\" content=\"2022-05-14T16:07:43+00:00\" \/>\n<meta property=\"og:image\" content=\"https:\/\/ryfi.online\/wp-content\/uploads\/2021\/09\/51032_A.jpg\" \/>\n\t<meta property=\"og:image:width\" content=\"2000\" \/>\n\t<meta property=\"og:image:height\" content=\"2000\" \/>\n\t<meta property=\"og:image:type\" content=\"image\/jpeg\" \/>\n<meta name=\"twitter:card\" content=\"summary_large_image\" \/>\n<meta name=\"twitter:label1\" content=\"Precio\" \/>\n\t<meta name=\"twitter:data1\" content=\"&#036;11.98\" \/>\n\t<meta name=\"twitter:label2\" content=\"Availability\" \/>\n\t<meta name=\"twitter:data2\" content=\"In stock\" \/>\n<meta property=\"product:brand\" content=\"Botellas de agua deportivas\" \/>\n<meta property=\"product:price:amount\" content=\"11.98\" \/>\n<meta property=\"product:price:currency\" content=\"USD\" \/>\n<meta property=\"og:availability\" content=\"instock\" \/>\n<meta property=\"product:availability\" content=\"instock\" \/>\n<meta property=\"product:condition\" content=\"new\" \/>\n<!-- \/ Yoast SEO Premium plugin. -->","yoast_head_json":{"title":"BOTELLA SPORT 400 ML FROZEN II BLUE FOREST - Ryfi Online Store","description":"Si est\u00e1s buscando una botella de agua Frozen Bule Forest para ni\u00f1os en Espa\u00f1a, entonces est\u00e1s en el lugar indicado, la Ryfi Online Store ofrece la mejor botella de agua para ni\u00f1os.","robots":{"index":"index","follow":"follow","max-snippet":"max-snippet:-1","max-image-preview":"max-image-preview:large","max-video-preview":"max-video-preview:-1"},"canonical":"https:\/\/ryfi.online\/es\/producto\/botella-sport-400-ml-frozen-ii-blue-forest\/","og_locale":"es_ES","og_type":"article","og_title":"BOTELLA SPORT 400 ML FROZEN II BLUE FOREST","og_description":"Si est\u00e1s buscando una botella de agua Frozen Bule Forest para ni\u00f1os en Espa\u00f1a, entonces est\u00e1s en el lugar indicado, la Ryfi Online Store ofrece la mejor botella de agua para ni\u00f1os.","og_url":"https:\/\/ryfi.online\/es\/producto\/botella-sport-400-ml-frozen-ii-blue-forest\/","og_site_name":"Ryfi Online Store","article_publisher":"https:\/\/www.facebook.com\/ryfi.online\/","article_modified_time":"2022-05-14T16:07:43+00:00","og_image":[{"width":2000,"height":2000,"url":"https:\/\/ryfi.online\/wp-content\/uploads\/2021\/09\/51032_A.jpg","type":"image\/jpeg"}],"twitter_card":"summary_large_image","twitter_misc":{"Precio":"&#36;11.98","Availability":"In stock"},"schema":{"@context":"https:\/\/schema.org","@graph":[{"@type":"WebPage","@id":"https:\/\/ryfi.online\/es\/producto\/botella-sport-400-ml-frozen-ii-blue-forest\/","url":"https:\/\/ryfi.online\/es\/producto\/botella-sport-400-ml-frozen-ii-blue-forest\/","name":"BOTELLA SPORT 400 ML FROZEN II BLUE FOREST - Ryfi Online Store","isPartOf":{"@id":"https:\/\/ryfi.online\/es\/#website"},"primaryImageOfPage":{"@id":"https:\/\/ryfi.online\/es\/producto\/botella-sport-400-ml-frozen-ii-blue-forest\/#primaryimage"},"image":{"@id":"https:\/\/ryfi.online\/es\/producto\/botella-sport-400-ml-frozen-ii-blue-forest\/#primaryimage"},"thumbnailUrl":"https:\/\/ryfi.online\/wp-content\/uploads\/2021\/09\/51032_A.jpg","datePublished":"2021-09-04T11:34:28+00:00","dateModified":"2022-05-14T16:07:43+00:00","description":"Si est\u00e1s buscando una botella de agua Frozen Bule Forest para ni\u00f1os en Espa\u00f1a, entonces est\u00e1s en el lugar indicado, la Ryfi Online Store ofrece la mejor botella de agua para ni\u00f1os.","breadcrumb":{"@id":"https:\/\/ryfi.online\/es\/producto\/botella-sport-400-ml-frozen-ii-blue-forest\/#breadcrumb"},"inLanguage":"es","potentialAction":[{"@type":"ReadAction","target":["https:\/\/ryfi.online\/es\/producto\/botella-sport-400-ml-frozen-ii-blue-forest\/"]}]},{"@type":"ImageObject","inLanguage":"es","@id":"https:\/\/ryfi.online\/es\/producto\/botella-sport-400-ml-frozen-ii-blue-forest\/#primaryimage","url":"https:\/\/ryfi.online\/wp-content\/uploads\/2021\/09\/51032_A.jpg","contentUrl":"https:\/\/ryfi.online\/wp-content\/uploads\/2021\/09\/51032_A.jpg","width":2000,"height":2000},{"@type":"BreadcrumbList","@id":"https:\/\/ryfi.online\/es\/producto\/botella-sport-400-ml-frozen-ii-blue-forest\/#breadcrumb","itemListElement":[{"@type":"ListItem","position":1,"name":"Home","item":"https:\/\/ryfi.online\/es\/"},{"@type":"ListItem","position":2,"name":"Free and Fast Shipping whitin 1-3 Days!!!","item":"https:\/\/ryfi.online\/shop\/"},{"@type":"ListItem","position":3,"name":"BOTELLA SPORT 400 ML FROZEN II BLUE FOREST"}]},{"@type":"WebSite","@id":"https:\/\/ryfi.online\/es\/#website","url":"https:\/\/ryfi.online\/es\/","name":"Ryfi Online Store","description":"Online Store","publisher":{"@id":"https:\/\/ryfi.online\/es\/#organization"},"potentialAction":[{"@type":"SearchAction","target":{"@type":"EntryPoint","urlTemplate":"https:\/\/ryfi.online\/es\/?s={search_term_string}"},"query-input":{"@type":"PropertyValueSpecification","valueRequired":true,"valueName":"search_term_string"}}],"inLanguage":"es"},{"@type":"Organization","@id":"https:\/\/ryfi.online\/es\/#organization","name":"Ryan Future Investments LLC","url":"https:\/\/ryfi.online\/es\/","logo":{"@type":"ImageObject","inLanguage":"es","@id":"https:\/\/ryfi.online\/es\/#\/schema\/logo\/image\/","url":"https:\/\/ryfi.online\/wp-content\/uploads\/2021\/03\/2-03.png","contentUrl":"https:\/\/ryfi.online\/wp-content\/uploads\/2021\/03\/2-03.png","width":1010,"height":310,"caption":"Ryan Future Investments LLC"},"image":{"@id":"https:\/\/ryfi.online\/es\/#\/schema\/logo\/image\/"},"sameAs":["https:\/\/www.facebook.com\/ryfi.online\/"]}]},"product_brand":"Botellas de agua deportivas","product_price_amount":"11.98","product_price_currency":"USD","og_availability":"instock","product_availability":"instock","product_condition":"new"},"jetpack-related-posts":[{"id":2529,"url":"https:\/\/ryfi.online\/es\/producto\/botella-sport-400-ml-spiderman-streets\/","url_meta":{"origin":2520,"position":0},"title":"BOTELLA SPORT 400 ML SPIDERMAN STREETS","date":"septiembre 4, 2021","format":false,"excerpt":"Envio Gratis 1-3 dias laborales Devolucion Gratuito","rel":"","context":"Entrada similar","img":{"alt_text":"","src":"https:\/\/i0.wp.com\/ryfi.online\/wp-content\/uploads\/2021\/09\/51332_A.jpg?resize=350%2C200&ssl=1","width":350,"height":200},"classes":[]},{"id":2477,"url":"https:\/\/ryfi.online\/es\/producto\/botella-ergo-400-ml-aladdin\/","url_meta":{"origin":2520,"position":1},"title":"BOTELLA ERGO 400 ML | ALADDIN","date":"septiembre 3, 2021","format":false,"excerpt":"Envio Gratis 1-3 dias laborales Devolucion Gratuito","rel":"","context":"Entrada similar","img":{"alt_text":"BOTELLA ERGO 400 ML | ALADDIN","src":"https:\/\/i0.wp.com\/ryfi.online\/wp-content\/uploads\/2021\/09\/21028_A.jpg?resize=350%2C200&ssl=1","width":350,"height":200},"classes":[]},{"id":2470,"url":"https:\/\/ryfi.online\/es\/producto\/botella-ergo-400-ml-minions-fun-land\/","url_meta":{"origin":2520,"position":2},"title":"BOTELLA ERGO 400 ML | MINIONS FUN LAND","date":"septiembre 3, 2021","format":false,"excerpt":"Envio Gratis 1-3 dias laborales Devolucion Gratuito","rel":"","context":"Entrada similar","img":{"alt_text":"BOTELLA ERGO 400 ML | MINIONS FUN LAND","src":"https:\/\/i0.wp.com\/ryfi.online\/wp-content\/uploads\/2021\/09\/17428_B.jpg?resize=350%2C200&ssl=1","width":350,"height":200},"classes":[]},{"id":2463,"url":"https:\/\/ryfi.online\/es\/producto\/botella-ergo-400-ml-despicable-me-3\/","url_meta":{"origin":2520,"position":3},"title":"BOTELLA ERGO 400 ML | DESPICABLE ME 3","date":"septiembre 3, 2021","format":false,"excerpt":"Envio Gratis 1-3 dias laborales Devolucion Gratuito","rel":"","context":"Entrada similar","img":{"alt_text":"BOTELLA ERGO 400 ML | DESPICABLE ME 3","src":"https:\/\/i0.wp.com\/ryfi.online\/wp-content\/uploads\/2021\/09\/24028_B.jpg?resize=350%2C200&ssl=1","width":350,"height":200},"classes":[]},{"id":2503,"url":"https:\/\/ryfi.online\/es\/producto\/brik-460-ml-cars-racers-edge\/","url_meta":{"origin":2520,"position":4},"title":"BRIK 460 ML | CARS RACERS EDGE","date":"septiembre 4, 2021","format":false,"excerpt":"Envio Gratis 1-3 dias laborales Devolucion Gratuito","rel":"","context":"Entrada similar","img":{"alt_text":"","src":"https:\/\/i0.wp.com\/ryfi.online\/wp-content\/uploads\/2021\/09\/22705_A.jpg?resize=350%2C200&ssl=1","width":350,"height":200},"classes":[]},{"id":2511,"url":"https:\/\/ryfi.online\/es\/producto\/brik-460-ml-cars-daily-use\/","url_meta":{"origin":2520,"position":5},"title":"BRIK 460 ML | CARS DAILY USE","date":"septiembre 4, 2021","format":false,"excerpt":"Envio Gratis 1-3 dias laborales Devolucion Gratuito","rel":"","context":"Entrada similar","img":{"alt_text":"","src":"https:\/\/i0.wp.com\/ryfi.online\/wp-content\/uploads\/2021\/09\/04918_A.jpg?resize=350%2C200&ssl=1","width":350,"height":200},"classes":[]}],"_links":{"self":[{"href":"https:\/\/ryfi.online\/es\/wp-json\/wp\/v2\/product\/2520","targetHints":{"allow":["GET"]}}],"collection":[{"href":"https:\/\/ryfi.online\/es\/wp-json\/wp\/v2\/product"}],"about":[{"href":"https:\/\/ryfi.online\/es\/wp-json\/wp\/v2\/types\/product"}],"replies":[{"embeddable":true,"href":"https:\/\/ryfi.online\/es\/wp-json\/wp\/v2\/comments?post=2520"}],"wp:featuredmedia":[{"embeddable":true,"href":"https:\/\/ryfi.online\/es\/wp-json\/wp\/v2\/media\/2536"}],"wp:attachment":[{"href":"https:\/\/ryfi.online\/es\/wp-json\/wp\/v2\/media?parent=2520"}],"wp:term":[{"taxonomy":"product_brand","embeddable":true,"href":"https:\/\/ryfi.online\/es\/wp-json\/wp\/v2\/product_brand?post=2520"},{"taxonomy":"product_cat","embeddable":true,"href":"https:\/\/ryfi.online\/es\/wp-json\/wp\/v2\/product_cat?post=2520"},{"taxonomy":"product_tag","embeddable":true,"href":"https:\/\/ryfi.online\/es\/wp-json\/wp\/v2\/product_tag?post=2520"}],"curies":[{"name":"wp","href":"https:\/\/api.w.org\/{rel}","templated":true}]}}