{"id":2483,"date":"2021-09-03T16:03:32","date_gmt":"2021-09-03T16:03:32","guid":{"rendered":"https:\/\/ryfi.online\/?post_type=product&#038;p=2483"},"modified":"2022-05-14T16:09:42","modified_gmt":"2022-05-14T16:09:42","slug":"brik-460-ml-minions-daily-use","status":"publish","type":"product","link":"https:\/\/ryfi.online\/es\/producto\/brik-460-ml-minions-daily-use\/","title":{"rendered":"BRIK 460 ML | MINIONS DAILY USE"},"content":{"rendered":"<p><img fetchpriority=\"high\" decoding=\"async\" class=\"alignnone size-medium wp-image-2484\" src=\"https:\/\/ryfi.online\/wp-content\/uploads\/2021\/09\/04938_A-300x300.jpg\" alt=\"BRIK 460 ML | MINIONS DAILY USE\" width=\"300\" height=\"300\" srcset=\"https:\/\/ryfi.online\/wp-content\/uploads\/2021\/09\/04938_A-300x300.jpg 300w, https:\/\/ryfi.online\/wp-content\/uploads\/2021\/09\/04938_A-1024x1024.jpg 1024w, https:\/\/ryfi.online\/wp-content\/uploads\/2021\/09\/04938_A-150x150.jpg 150w, https:\/\/ryfi.online\/wp-content\/uploads\/2021\/09\/04938_A-768x768.jpg 768w, https:\/\/ryfi.online\/wp-content\/uploads\/2021\/09\/04938_A-1536x1536.jpg 1536w, https:\/\/ryfi.online\/wp-content\/uploads\/2021\/09\/04938_A-60x60.jpg 60w, https:\/\/ryfi.online\/wp-content\/uploads\/2021\/09\/04938_A-100x100.jpg 100w, https:\/\/ryfi.online\/wp-content\/uploads\/2021\/09\/04938_A.jpg 2000w\" sizes=\"(max-width: 300px) 100vw, 300px\" \/> <img decoding=\"async\" class=\"alignnone size-medium wp-image-2486\" src=\"https:\/\/ryfi.online\/wp-content\/uploads\/2021\/09\/04938_B-300x300.jpg\" alt=\"BRIK 460 ML | MINIONS DAILY USE\" width=\"300\" height=\"300\" srcset=\"https:\/\/ryfi.online\/wp-content\/uploads\/2021\/09\/04938_B-300x300.jpg 300w, https:\/\/ryfi.online\/wp-content\/uploads\/2021\/09\/04938_B-1024x1024.jpg 1024w, https:\/\/ryfi.online\/wp-content\/uploads\/2021\/09\/04938_B-150x150.jpg 150w, https:\/\/ryfi.online\/wp-content\/uploads\/2021\/09\/04938_B-768x768.jpg 768w, https:\/\/ryfi.online\/wp-content\/uploads\/2021\/09\/04938_B-1536x1536.jpg 1536w, https:\/\/ryfi.online\/wp-content\/uploads\/2021\/09\/04938_B-60x60.jpg 60w, https:\/\/ryfi.online\/wp-content\/uploads\/2021\/09\/04938_B-100x100.jpg 100w, https:\/\/ryfi.online\/wp-content\/uploads\/2021\/09\/04938_B.jpg 2000w\" sizes=\"(max-width: 300px) 100vw, 300px\" \/><\/p>\n<div id=\"short_description_content\" class=\"rte align_justify\">BOTELLA Brik 460 ML MINIONS| Marca Stor<\/div>\n<div id=\"description_product\" class=\"rte align_justify\">\n<p>Botella infantil reutilizable con la que los m\u00e1s peque\u00f1os podr\u00e1n beber c\u00f3modamente gracias a su forma ergon\u00f3mica, su Tap\u00f3n antigoteo y su banda antideslizamiento. Disponible en una gran variedad de originales dise\u00f1os basados en algunos de los personajes m\u00e1s famosos del mundo del cine y la televisi\u00f3n. Una botella ideal para que los ni\u00f1os est\u00e9n siempre hidratados en sus excursiones fuera de casa.<strong>Caracter\u00edsticas:<\/strong><\/p>\n<p>\u2013 Capacidad: 460 Ml.<br \/>\n\u2013 Libre de BPA<br \/>\n\u2013 antigoteo<br \/>\n\u2013 antideslizamiento<br \/>\n\u2013 F\u00e1cil de limpiar<br \/>\n\u2013 Licencias Oficiales<\/p>\n<\/div>\n<div><\/div>\n<div>\n<table class=\"table-data-sheet\">\n<tbody>\n<tr class=\"odd\">\n<td>Material<\/td>\n<td>Pl\u00e1stico<\/td>\n<\/tr>\n<tr class=\"even\">\n<td>Capacidad<\/td>\n<td>460 ml<\/td>\n<\/tr>\n<tr class=\"odd\">\n<td>Alto<\/td>\n<td>10 cm.<\/td>\n<\/tr>\n<tr class=\"odd\">\n<td>Ancho<\/td>\n<td>9 cm.<\/td>\n<\/tr>\n<tr class=\"odd\">\n<td>Fondo<\/td>\n<td>9 cm.<\/td>\n<\/tr>\n<tr class=\"odd\">\n<td>Peso<\/td>\n<td>52 g.<\/td>\n<\/tr>\n<\/tbody>\n<\/table>\n<\/div>\n<p>&nbsp;<\/p>\n","protected":false},"excerpt":{"rendered":"<p>Envio Gratis 1-3 dias laborales<\/p>\n<p>Devolucion Gratuito<\/p>\n","protected":false},"featured_media":2484,"comment_status":"open","ping_status":"closed","template":"","meta":[],"product_brand":[],"product_cat":[87,56],"product_tag":[],"class_list":{"0":"post-2483","1":"product","2":"type-product","3":"status-publish","4":"has-post-thumbnail","6":"product_cat-botella","7":"product_cat-botellas-de-agua-deportivas","9":"first","10":"instock","11":"featured","12":"taxable","13":"shipping-taxable","14":"purchasable","15":"product-type-simple"},"yoast_head":"<!-- This site is optimized with the Yoast SEO Premium plugin v17.1.2 (Yoast SEO v27.5) - https:\/\/yoast.com\/product\/yoast-seo-premium-wordpress\/ -->\n<title>TAZA MINIONS 460 ML de uso diario en Ryfi Online Store<\/title>\n<meta name=\"description\" content=\"Si est\u00e1s buscando taza de minions de uso diario para ni\u00f1os en Espa\u00f1a, entonces est\u00e1s en el lugar correcto, la tienda en l\u00ednea de Ryfi ofrece la mejor taza de minions para ni\u00f1os.\" \/>\n<meta name=\"robots\" content=\"index, follow, max-snippet:-1, max-image-preview:large, max-video-preview:-1\" \/>\n<link rel=\"canonical\" href=\"https:\/\/ryfi.online\/es\/producto\/brik-460-ml-minions-daily-use\/\" \/>\n<meta property=\"og:locale\" content=\"es_ES\" \/>\n<meta property=\"og:type\" content=\"article\" \/>\n<meta property=\"og:title\" content=\"BRIK 460 ML | MINIONS DAILY USE\" \/>\n<meta property=\"og:description\" content=\"Si est\u00e1s buscando taza de minions de uso diario para ni\u00f1os en Espa\u00f1a, entonces est\u00e1s en el lugar correcto, la tienda en l\u00ednea de Ryfi ofrece la mejor taza de minions para ni\u00f1os.\" \/>\n<meta property=\"og:url\" content=\"https:\/\/ryfi.online\/es\/producto\/brik-460-ml-minions-daily-use\/\" \/>\n<meta property=\"og:site_name\" content=\"Ryfi Online Store\" \/>\n<meta property=\"article:publisher\" content=\"https:\/\/www.facebook.com\/ryfi.online\/\" \/>\n<meta property=\"article:modified_time\" content=\"2022-05-14T16:09:42+00:00\" \/>\n<meta property=\"og:image\" content=\"https:\/\/ryfi.online\/wp-content\/uploads\/2021\/09\/04938_A.jpg\" \/>\n\t<meta property=\"og:image:width\" content=\"2000\" \/>\n\t<meta property=\"og:image:height\" content=\"2000\" \/>\n\t<meta property=\"og:image:type\" content=\"image\/jpeg\" \/>\n<meta name=\"twitter:card\" content=\"summary_large_image\" \/>\n<meta name=\"twitter:label1\" content=\"Precio\" \/>\n\t<meta name=\"twitter:data1\" content=\"&#036;11.98\" \/>\n\t<meta name=\"twitter:label2\" content=\"Availability\" \/>\n\t<meta name=\"twitter:data2\" content=\"In stock\" \/>\n<meta property=\"product:brand\" content=\"Botella\" \/>\n<meta property=\"product:price:amount\" content=\"11.98\" \/>\n<meta property=\"product:price:currency\" content=\"USD\" \/>\n<meta property=\"og:availability\" content=\"instock\" \/>\n<meta property=\"product:availability\" content=\"instock\" \/>\n<meta property=\"product:condition\" content=\"new\" \/>\n<!-- \/ Yoast SEO Premium plugin. -->","yoast_head_json":{"title":"TAZA MINIONS 460 ML de uso diario en Ryfi Online Store","description":"Si est\u00e1s buscando taza de minions de uso diario para ni\u00f1os en Espa\u00f1a, entonces est\u00e1s en el lugar correcto, la tienda en l\u00ednea de Ryfi ofrece la mejor taza de minions para ni\u00f1os.","robots":{"index":"index","follow":"follow","max-snippet":"max-snippet:-1","max-image-preview":"max-image-preview:large","max-video-preview":"max-video-preview:-1"},"canonical":"https:\/\/ryfi.online\/es\/producto\/brik-460-ml-minions-daily-use\/","og_locale":"es_ES","og_type":"article","og_title":"BRIK 460 ML | MINIONS DAILY USE","og_description":"Si est\u00e1s buscando taza de minions de uso diario para ni\u00f1os en Espa\u00f1a, entonces est\u00e1s en el lugar correcto, la tienda en l\u00ednea de Ryfi ofrece la mejor taza de minions para ni\u00f1os.","og_url":"https:\/\/ryfi.online\/es\/producto\/brik-460-ml-minions-daily-use\/","og_site_name":"Ryfi Online Store","article_publisher":"https:\/\/www.facebook.com\/ryfi.online\/","article_modified_time":"2022-05-14T16:09:42+00:00","og_image":[{"width":2000,"height":2000,"url":"https:\/\/ryfi.online\/wp-content\/uploads\/2021\/09\/04938_A.jpg","type":"image\/jpeg"}],"twitter_card":"summary_large_image","twitter_misc":{"Precio":"&#36;11.98","Availability":"In stock"},"schema":{"@context":"https:\/\/schema.org","@graph":[{"@type":"WebPage","@id":"https:\/\/ryfi.online\/es\/producto\/brik-460-ml-minions-daily-use\/","url":"https:\/\/ryfi.online\/es\/producto\/brik-460-ml-minions-daily-use\/","name":"TAZA MINIONS 460 ML de uso diario en Ryfi Online Store","isPartOf":{"@id":"https:\/\/ryfi.online\/es\/#website"},"primaryImageOfPage":{"@id":"https:\/\/ryfi.online\/es\/producto\/brik-460-ml-minions-daily-use\/#primaryimage"},"image":{"@id":"https:\/\/ryfi.online\/es\/producto\/brik-460-ml-minions-daily-use\/#primaryimage"},"thumbnailUrl":"https:\/\/ryfi.online\/wp-content\/uploads\/2021\/09\/04938_A.jpg","datePublished":"2021-09-03T16:03:32+00:00","dateModified":"2022-05-14T16:09:42+00:00","description":"Si est\u00e1s buscando taza de minions de uso diario para ni\u00f1os en Espa\u00f1a, entonces est\u00e1s en el lugar correcto, la tienda en l\u00ednea de Ryfi ofrece la mejor taza de minions para ni\u00f1os.","breadcrumb":{"@id":"https:\/\/ryfi.online\/es\/producto\/brik-460-ml-minions-daily-use\/#breadcrumb"},"inLanguage":"es","potentialAction":[{"@type":"ReadAction","target":["https:\/\/ryfi.online\/es\/producto\/brik-460-ml-minions-daily-use\/"]}]},{"@type":"ImageObject","inLanguage":"es","@id":"https:\/\/ryfi.online\/es\/producto\/brik-460-ml-minions-daily-use\/#primaryimage","url":"https:\/\/ryfi.online\/wp-content\/uploads\/2021\/09\/04938_A.jpg","contentUrl":"https:\/\/ryfi.online\/wp-content\/uploads\/2021\/09\/04938_A.jpg","width":2000,"height":2000,"caption":"BRIK 460 ML | MINIONS DAILY USE"},{"@type":"BreadcrumbList","@id":"https:\/\/ryfi.online\/es\/producto\/brik-460-ml-minions-daily-use\/#breadcrumb","itemListElement":[{"@type":"ListItem","position":1,"name":"Home","item":"https:\/\/ryfi.online\/es\/"},{"@type":"ListItem","position":2,"name":"Free and Fast Shipping whitin 1-3 Days!!!","item":"https:\/\/ryfi.online\/shop\/"},{"@type":"ListItem","position":3,"name":"BRIK 460 ML | MINIONS DAILY USE"}]},{"@type":"WebSite","@id":"https:\/\/ryfi.online\/es\/#website","url":"https:\/\/ryfi.online\/es\/","name":"Ryfi Online Store","description":"Online Store","publisher":{"@id":"https:\/\/ryfi.online\/es\/#organization"},"potentialAction":[{"@type":"SearchAction","target":{"@type":"EntryPoint","urlTemplate":"https:\/\/ryfi.online\/es\/?s={search_term_string}"},"query-input":{"@type":"PropertyValueSpecification","valueRequired":true,"valueName":"search_term_string"}}],"inLanguage":"es"},{"@type":"Organization","@id":"https:\/\/ryfi.online\/es\/#organization","name":"Ryan Future Investments LLC","url":"https:\/\/ryfi.online\/es\/","logo":{"@type":"ImageObject","inLanguage":"es","@id":"https:\/\/ryfi.online\/es\/#\/schema\/logo\/image\/","url":"https:\/\/ryfi.online\/wp-content\/uploads\/2021\/03\/2-03.png","contentUrl":"https:\/\/ryfi.online\/wp-content\/uploads\/2021\/03\/2-03.png","width":1010,"height":310,"caption":"Ryan Future Investments LLC"},"image":{"@id":"https:\/\/ryfi.online\/es\/#\/schema\/logo\/image\/"},"sameAs":["https:\/\/www.facebook.com\/ryfi.online\/"]}]},"product_brand":"Botella","product_price_amount":"11.98","product_price_currency":"USD","og_availability":"instock","product_availability":"instock","product_condition":"new"},"jetpack-related-posts":[{"id":2503,"url":"https:\/\/ryfi.online\/es\/producto\/brik-460-ml-cars-racers-edge\/","url_meta":{"origin":2483,"position":0},"title":"BRIK 460 ML | CARS RACERS EDGE","date":"septiembre 4, 2021","format":false,"excerpt":"Envio Gratis 1-3 dias laborales Devolucion Gratuito","rel":"","context":"Entrada similar","img":{"alt_text":"","src":"https:\/\/i0.wp.com\/ryfi.online\/wp-content\/uploads\/2021\/09\/22705_A.jpg?resize=350%2C200&ssl=1","width":350,"height":200},"classes":[]},{"id":2511,"url":"https:\/\/ryfi.online\/es\/producto\/brik-460-ml-cars-daily-use\/","url_meta":{"origin":2483,"position":1},"title":"BRIK 460 ML | CARS DAILY USE","date":"septiembre 4, 2021","format":false,"excerpt":"Envio Gratis 1-3 dias laborales Devolucion Gratuito","rel":"","context":"Entrada similar","img":{"alt_text":"","src":"https:\/\/i0.wp.com\/ryfi.online\/wp-content\/uploads\/2021\/09\/04918_A.jpg?resize=350%2C200&ssl=1","width":350,"height":200},"classes":[]},{"id":2529,"url":"https:\/\/ryfi.online\/es\/producto\/botella-sport-400-ml-spiderman-streets\/","url_meta":{"origin":2483,"position":2},"title":"BOTELLA SPORT 400 ML SPIDERMAN STREETS","date":"septiembre 4, 2021","format":false,"excerpt":"Envio Gratis 1-3 dias laborales Devolucion Gratuito","rel":"","context":"Entrada similar","img":{"alt_text":"","src":"https:\/\/i0.wp.com\/ryfi.online\/wp-content\/uploads\/2021\/09\/51332_A.jpg?resize=350%2C200&ssl=1","width":350,"height":200},"classes":[]},{"id":2520,"url":"https:\/\/ryfi.online\/es\/producto\/botella-sport-400-ml-frozen-ii-blue-forest\/","url_meta":{"origin":2483,"position":3},"title":"BOTELLA SPORT 400 ML FROZEN II BLUE FOREST","date":"septiembre 4, 2021","format":false,"excerpt":"Envio Gratis 1-3 dias laborales Devolucion Gratuito","rel":"","context":"Entrada similar","img":{"alt_text":"","src":"https:\/\/i0.wp.com\/ryfi.online\/wp-content\/uploads\/2021\/09\/51032_A.jpg?resize=350%2C200&ssl=1","width":350,"height":200},"classes":[]},{"id":2470,"url":"https:\/\/ryfi.online\/es\/producto\/botella-ergo-400-ml-minions-fun-land\/","url_meta":{"origin":2483,"position":4},"title":"BOTELLA ERGO 400 ML | MINIONS FUN LAND","date":"septiembre 3, 2021","format":false,"excerpt":"Envio Gratis 1-3 dias laborales Devolucion Gratuito","rel":"","context":"Entrada similar","img":{"alt_text":"BOTELLA ERGO 400 ML | MINIONS FUN LAND","src":"https:\/\/i0.wp.com\/ryfi.online\/wp-content\/uploads\/2021\/09\/17428_B.jpg?resize=350%2C200&ssl=1","width":350,"height":200},"classes":[]},{"id":2454,"url":"https:\/\/ryfi.online\/es\/producto\/botella-sport-easy-420-ml-avengers-rolling-thunder\/","url_meta":{"origin":2483,"position":5},"title":"BOTELLA SPORT EASY 420 ML AVENGERS ROLLING THUNDER","date":"septiembre 3, 2021","format":false,"excerpt":"Envio Gratis 1-3 dias laborales Devolucion Gratuito","rel":"","context":"Entrada similar","img":{"alt_text":"BOTELLA SPORT EASY 420 ML AVENGERS ROLLING THUNDER","src":"https:\/\/i0.wp.com\/ryfi.online\/wp-content\/uploads\/2021\/09\/57731_A.jpg?resize=350%2C200&ssl=1","width":350,"height":200},"classes":[]}],"_links":{"self":[{"href":"https:\/\/ryfi.online\/es\/wp-json\/wp\/v2\/product\/2483","targetHints":{"allow":["GET"]}}],"collection":[{"href":"https:\/\/ryfi.online\/es\/wp-json\/wp\/v2\/product"}],"about":[{"href":"https:\/\/ryfi.online\/es\/wp-json\/wp\/v2\/types\/product"}],"replies":[{"embeddable":true,"href":"https:\/\/ryfi.online\/es\/wp-json\/wp\/v2\/comments?post=2483"}],"wp:featuredmedia":[{"embeddable":true,"href":"https:\/\/ryfi.online\/es\/wp-json\/wp\/v2\/media\/2484"}],"wp:attachment":[{"href":"https:\/\/ryfi.online\/es\/wp-json\/wp\/v2\/media?parent=2483"}],"wp:term":[{"taxonomy":"product_brand","embeddable":true,"href":"https:\/\/ryfi.online\/es\/wp-json\/wp\/v2\/product_brand?post=2483"},{"taxonomy":"product_cat","embeddable":true,"href":"https:\/\/ryfi.online\/es\/wp-json\/wp\/v2\/product_cat?post=2483"},{"taxonomy":"product_tag","embeddable":true,"href":"https:\/\/ryfi.online\/es\/wp-json\/wp\/v2\/product_tag?post=2483"}],"curies":[{"name":"wp","href":"https:\/\/api.w.org\/{rel}","templated":true}]}}