{"id":2477,"date":"2021-09-03T15:28:43","date_gmt":"2021-09-03T15:28:43","guid":{"rendered":"https:\/\/ryfi.online\/?post_type=product&#038;p=2477"},"modified":"2022-05-14T16:09:49","modified_gmt":"2022-05-14T16:09:49","slug":"botella-ergo-400-ml-aladdin","status":"publish","type":"product","link":"https:\/\/ryfi.online\/es\/producto\/botella-ergo-400-ml-aladdin\/","title":{"rendered":"BOTELLA ERGO 400 ML | ALADDIN"},"content":{"rendered":"<div><img fetchpriority=\"high\" decoding=\"async\" class=\"alignnone size-medium wp-image-2478\" src=\"https:\/\/ryfi.online\/wp-content\/uploads\/2021\/09\/21028_A-300x300.jpg\" alt=\"BOTELLA ERGO 400 ML | ALADDIN\" width=\"300\" height=\"300\" srcset=\"https:\/\/ryfi.online\/wp-content\/uploads\/2021\/09\/21028_A-300x300.jpg 300w, https:\/\/ryfi.online\/wp-content\/uploads\/2021\/09\/21028_A-1024x1024.jpg 1024w, https:\/\/ryfi.online\/wp-content\/uploads\/2021\/09\/21028_A-150x150.jpg 150w, https:\/\/ryfi.online\/wp-content\/uploads\/2021\/09\/21028_A-768x768.jpg 768w, https:\/\/ryfi.online\/wp-content\/uploads\/2021\/09\/21028_A-1536x1536.jpg 1536w, https:\/\/ryfi.online\/wp-content\/uploads\/2021\/09\/21028_A-60x60.jpg 60w, https:\/\/ryfi.online\/wp-content\/uploads\/2021\/09\/21028_A-100x100.jpg 100w, https:\/\/ryfi.online\/wp-content\/uploads\/2021\/09\/21028_A.jpg 2000w\" sizes=\"(max-width: 300px) 100vw, 300px\" \/> <img decoding=\"async\" class=\"alignnone size-medium wp-image-2480\" src=\"https:\/\/ryfi.online\/wp-content\/uploads\/2021\/09\/21028_B-300x300.jpg\" alt=\"BOTELLA ERGO 400 ML | ALADDIN\" width=\"300\" height=\"300\" srcset=\"https:\/\/ryfi.online\/wp-content\/uploads\/2021\/09\/21028_B-300x300.jpg 300w, https:\/\/ryfi.online\/wp-content\/uploads\/2021\/09\/21028_B-1024x1024.jpg 1024w, https:\/\/ryfi.online\/wp-content\/uploads\/2021\/09\/21028_B-150x150.jpg 150w, https:\/\/ryfi.online\/wp-content\/uploads\/2021\/09\/21028_B-768x768.jpg 768w, https:\/\/ryfi.online\/wp-content\/uploads\/2021\/09\/21028_B-1536x1536.jpg 1536w, https:\/\/ryfi.online\/wp-content\/uploads\/2021\/09\/21028_B-60x60.jpg 60w, https:\/\/ryfi.online\/wp-content\/uploads\/2021\/09\/21028_B-100x100.jpg 100w, https:\/\/ryfi.online\/wp-content\/uploads\/2021\/09\/21028_B.jpg 2000w\" sizes=\"(max-width: 300px) 100vw, 300px\" \/><\/div>\n<div id=\"short_description_content\" class=\"rte align_justify\">BOTELLA ERGO 400 ML | ALADDIN| Marca Stor<\/div>\n<div id=\"description_product\" class=\"rte align_justify\">\n<p>Botella infantil reutilizable con la que los m\u00e1s peque\u00f1os podr\u00e1n beber c\u00f3modamente gracias a su forma ergon\u00f3mica, su Tap\u00f3n anti-goteo y su banda Anti-deslizamiento. Disponible en una gran variedad de originales dise\u00f1os basados en algunos de los personajes m\u00e1s famosos del mundo del cine y la televisi\u00f3n. Una botella ideal para que los ni\u00f1os est\u00e9n siempre hidratados en sus excursiones fuera de casa.<\/p>\n<p><strong>Caracter\u00edsticas:<\/strong><\/p>\n<p>&#8211; Capacidad: 400 Ml.<br \/>\n&#8211; Libre de BPA<br \/>\n&#8211; Anti-goteo<br \/>\n&#8211; Anti-deslizamiento<br \/>\n&#8211; F\u00e1cil de limpiar<br \/>\n&#8211; Licencias Oficiales<\/p>\n<\/div>\n<div><\/div>\n<div>\n<table class=\"table-data-sheet\">\n<tbody>\n<tr class=\"odd\">\n<td>Personaje<\/td>\n<td>Aladdin<\/td>\n<\/tr>\n<tr class=\"even\">\n<td>Material<\/td>\n<td>Pl\u00e1stico<\/td>\n<\/tr>\n<tr class=\"odd\">\n<td>Capacidad<\/td>\n<td>400 ml<\/td>\n<\/tr>\n<tr class=\"odd\">\n<td>Alto<\/td>\n<td>19 cm.<\/td>\n<\/tr>\n<tr class=\"odd\">\n<td>Ancho<\/td>\n<td>6.45 cm.<\/td>\n<\/tr>\n<tr class=\"odd\">\n<td>Fondo<\/td>\n<td>6.45 cm.<\/td>\n<\/tr>\n<tr class=\"odd\">\n<td>Peso<\/td>\n<td>53 g.<\/td>\n<\/tr>\n<\/tbody>\n<\/table>\n<\/div>\n","protected":false},"excerpt":{"rendered":"<p>Envio Gratis 1-3 dias laborales<\/p>\n<p>Devolucion Gratuito<\/p>\n","protected":false},"featured_media":2478,"comment_status":"open","ping_status":"closed","template":"","meta":[],"product_brand":[],"product_cat":[87,56],"product_tag":[],"class_list":{"0":"post-2477","1":"product","2":"type-product","3":"status-publish","4":"has-post-thumbnail","6":"product_cat-botella","7":"product_cat-botellas-de-agua-deportivas","9":"first","10":"instock","11":"featured","12":"taxable","13":"shipping-taxable","14":"purchasable","15":"product-type-simple"},"yoast_head":"<!-- This site is optimized with the Yoast SEO Premium plugin v17.1.2 (Yoast SEO v27.4) - https:\/\/yoast.com\/product\/yoast-seo-premium-wordpress\/ -->\n<title>Comprar Online Botella Ergo 400 ML Aladdin - Ryfi Online Store<\/title>\n<meta name=\"description\" content=\"Compra Biber\u00f3n Ergo Aladdin Infantil Online 100% Genuino a un precio muy asequible en Espa\u00f1a en la mejor Ryfi Online Store.\" \/>\n<meta name=\"robots\" content=\"index, follow, max-snippet:-1, max-image-preview:large, max-video-preview:-1\" \/>\n<link rel=\"canonical\" href=\"https:\/\/ryfi.online\/es\/producto\/botella-ergo-400-ml-aladdin\/\" \/>\n<meta property=\"og:locale\" content=\"es_ES\" \/>\n<meta property=\"og:type\" content=\"article\" \/>\n<meta property=\"og:title\" content=\"BOTELLA ERGO 400 ML | ALADDIN\" \/>\n<meta property=\"og:description\" content=\"Compra Biber\u00f3n Ergo Aladdin Infantil Online 100% Genuino a un precio muy asequible en Espa\u00f1a en la mejor Ryfi Online Store.\" \/>\n<meta property=\"og:url\" content=\"https:\/\/ryfi.online\/es\/producto\/botella-ergo-400-ml-aladdin\/\" \/>\n<meta property=\"og:site_name\" content=\"Ryfi Online Store\" \/>\n<meta property=\"article:publisher\" content=\"https:\/\/www.facebook.com\/ryfi.online\/\" \/>\n<meta property=\"article:modified_time\" content=\"2022-05-14T16:09:49+00:00\" \/>\n<meta property=\"og:image\" content=\"https:\/\/ryfi.online\/wp-content\/uploads\/2021\/09\/21028_A.jpg\" \/>\n\t<meta property=\"og:image:width\" content=\"2000\" \/>\n\t<meta property=\"og:image:height\" content=\"2000\" \/>\n\t<meta property=\"og:image:type\" content=\"image\/jpeg\" \/>\n<meta name=\"twitter:card\" content=\"summary_large_image\" \/>\n<meta name=\"twitter:label1\" content=\"Precio\" \/>\n\t<meta name=\"twitter:data1\" content=\"&#036;11.98\" \/>\n\t<meta name=\"twitter:label2\" content=\"Availability\" \/>\n\t<meta name=\"twitter:data2\" content=\"In stock\" \/>\n<meta property=\"product:brand\" content=\"Botella\" \/>\n<meta property=\"product:price:amount\" content=\"11.98\" \/>\n<meta property=\"product:price:currency\" content=\"USD\" \/>\n<meta property=\"og:availability\" content=\"instock\" \/>\n<meta property=\"product:availability\" content=\"instock\" \/>\n<meta property=\"product:condition\" content=\"new\" \/>\n<!-- \/ Yoast SEO Premium plugin. -->","yoast_head_json":{"title":"Comprar Online Botella Ergo 400 ML Aladdin - Ryfi Online Store","description":"Compra Biber\u00f3n Ergo Aladdin Infantil Online 100% Genuino a un precio muy asequible en Espa\u00f1a en la mejor Ryfi Online Store.","robots":{"index":"index","follow":"follow","max-snippet":"max-snippet:-1","max-image-preview":"max-image-preview:large","max-video-preview":"max-video-preview:-1"},"canonical":"https:\/\/ryfi.online\/es\/producto\/botella-ergo-400-ml-aladdin\/","og_locale":"es_ES","og_type":"article","og_title":"BOTELLA ERGO 400 ML | ALADDIN","og_description":"Compra Biber\u00f3n Ergo Aladdin Infantil Online 100% Genuino a un precio muy asequible en Espa\u00f1a en la mejor Ryfi Online Store.","og_url":"https:\/\/ryfi.online\/es\/producto\/botella-ergo-400-ml-aladdin\/","og_site_name":"Ryfi Online Store","article_publisher":"https:\/\/www.facebook.com\/ryfi.online\/","article_modified_time":"2022-05-14T16:09:49+00:00","og_image":[{"width":2000,"height":2000,"url":"https:\/\/ryfi.online\/wp-content\/uploads\/2021\/09\/21028_A.jpg","type":"image\/jpeg"}],"twitter_card":"summary_large_image","twitter_misc":{"Precio":"&#36;11.98","Availability":"In stock"},"schema":{"@context":"https:\/\/schema.org","@graph":[{"@type":"WebPage","@id":"https:\/\/ryfi.online\/es\/producto\/botella-ergo-400-ml-aladdin\/","url":"https:\/\/ryfi.online\/es\/producto\/botella-ergo-400-ml-aladdin\/","name":"Comprar Online Botella Ergo 400 ML Aladdin - Ryfi Online Store","isPartOf":{"@id":"https:\/\/ryfi.online\/es\/#website"},"primaryImageOfPage":{"@id":"https:\/\/ryfi.online\/es\/producto\/botella-ergo-400-ml-aladdin\/#primaryimage"},"image":{"@id":"https:\/\/ryfi.online\/es\/producto\/botella-ergo-400-ml-aladdin\/#primaryimage"},"thumbnailUrl":"https:\/\/ryfi.online\/wp-content\/uploads\/2021\/09\/21028_A.jpg","datePublished":"2021-09-03T15:28:43+00:00","dateModified":"2022-05-14T16:09:49+00:00","description":"Compra Biber\u00f3n Ergo Aladdin Infantil Online 100% Genuino a un precio muy asequible en Espa\u00f1a en la mejor Ryfi Online Store.","breadcrumb":{"@id":"https:\/\/ryfi.online\/es\/producto\/botella-ergo-400-ml-aladdin\/#breadcrumb"},"inLanguage":"es","potentialAction":[{"@type":"ReadAction","target":["https:\/\/ryfi.online\/es\/producto\/botella-ergo-400-ml-aladdin\/"]}]},{"@type":"ImageObject","inLanguage":"es","@id":"https:\/\/ryfi.online\/es\/producto\/botella-ergo-400-ml-aladdin\/#primaryimage","url":"https:\/\/ryfi.online\/wp-content\/uploads\/2021\/09\/21028_A.jpg","contentUrl":"https:\/\/ryfi.online\/wp-content\/uploads\/2021\/09\/21028_A.jpg","width":2000,"height":2000,"caption":"BOTELLA ERGO 400 ML | ALADDIN"},{"@type":"BreadcrumbList","@id":"https:\/\/ryfi.online\/es\/producto\/botella-ergo-400-ml-aladdin\/#breadcrumb","itemListElement":[{"@type":"ListItem","position":1,"name":"Home","item":"https:\/\/ryfi.online\/es\/"},{"@type":"ListItem","position":2,"name":"Free and Fast Shipping whitin 1-3 Days!!!","item":"https:\/\/ryfi.online\/shop\/"},{"@type":"ListItem","position":3,"name":"BOTELLA ERGO 400 ML | ALADDIN"}]},{"@type":"WebSite","@id":"https:\/\/ryfi.online\/es\/#website","url":"https:\/\/ryfi.online\/es\/","name":"Ryfi Online Store","description":"Online Store","publisher":{"@id":"https:\/\/ryfi.online\/es\/#organization"},"potentialAction":[{"@type":"SearchAction","target":{"@type":"EntryPoint","urlTemplate":"https:\/\/ryfi.online\/es\/?s={search_term_string}"},"query-input":{"@type":"PropertyValueSpecification","valueRequired":true,"valueName":"search_term_string"}}],"inLanguage":"es"},{"@type":"Organization","@id":"https:\/\/ryfi.online\/es\/#organization","name":"Ryan Future Investments LLC","url":"https:\/\/ryfi.online\/es\/","logo":{"@type":"ImageObject","inLanguage":"es","@id":"https:\/\/ryfi.online\/es\/#\/schema\/logo\/image\/","url":"https:\/\/ryfi.online\/wp-content\/uploads\/2021\/03\/2-03.png","contentUrl":"https:\/\/ryfi.online\/wp-content\/uploads\/2021\/03\/2-03.png","width":1010,"height":310,"caption":"Ryan Future Investments LLC"},"image":{"@id":"https:\/\/ryfi.online\/es\/#\/schema\/logo\/image\/"},"sameAs":["https:\/\/www.facebook.com\/ryfi.online\/"]}]},"product_brand":"Botella","product_price_amount":"11.98","product_price_currency":"USD","og_availability":"instock","product_availability":"instock","product_condition":"new"},"jetpack-related-posts":[{"id":2470,"url":"https:\/\/ryfi.online\/es\/producto\/botella-ergo-400-ml-minions-fun-land\/","url_meta":{"origin":2477,"position":0},"title":"BOTELLA ERGO 400 ML | MINIONS FUN LAND","date":"septiembre 3, 2021","format":false,"excerpt":"Envio Gratis 1-3 dias laborales Devolucion Gratuito","rel":"","context":"Entrada similar","img":{"alt_text":"BOTELLA ERGO 400 ML | MINIONS FUN LAND","src":"https:\/\/i0.wp.com\/ryfi.online\/wp-content\/uploads\/2021\/09\/17428_B.jpg?resize=350%2C200&ssl=1","width":350,"height":200},"classes":[]},{"id":2463,"url":"https:\/\/ryfi.online\/es\/producto\/botella-ergo-400-ml-despicable-me-3\/","url_meta":{"origin":2477,"position":1},"title":"BOTELLA ERGO 400 ML | DESPICABLE ME 3","date":"septiembre 3, 2021","format":false,"excerpt":"Envio Gratis 1-3 dias laborales Devolucion Gratuito","rel":"","context":"Entrada similar","img":{"alt_text":"BOTELLA ERGO 400 ML | DESPICABLE ME 3","src":"https:\/\/i0.wp.com\/ryfi.online\/wp-content\/uploads\/2021\/09\/24028_B.jpg?resize=350%2C200&ssl=1","width":350,"height":200},"classes":[]},{"id":2454,"url":"https:\/\/ryfi.online\/es\/producto\/botella-sport-easy-420-ml-avengers-rolling-thunder\/","url_meta":{"origin":2477,"position":2},"title":"BOTELLA SPORT EASY 420 ML AVENGERS ROLLING THUNDER","date":"septiembre 3, 2021","format":false,"excerpt":"Envio Gratis 1-3 dias laborales Devolucion Gratuito","rel":"","context":"Entrada similar","img":{"alt_text":"BOTELLA SPORT EASY 420 ML AVENGERS ROLLING THUNDER","src":"https:\/\/i0.wp.com\/ryfi.online\/wp-content\/uploads\/2021\/09\/57731_A.jpg?resize=350%2C200&ssl=1","width":350,"height":200},"classes":[]},{"id":2529,"url":"https:\/\/ryfi.online\/es\/producto\/botella-sport-400-ml-spiderman-streets\/","url_meta":{"origin":2477,"position":3},"title":"BOTELLA SPORT 400 ML SPIDERMAN STREETS","date":"septiembre 4, 2021","format":false,"excerpt":"Envio Gratis 1-3 dias laborales Devolucion Gratuito","rel":"","context":"Entrada similar","img":{"alt_text":"","src":"https:\/\/i0.wp.com\/ryfi.online\/wp-content\/uploads\/2021\/09\/51332_A.jpg?resize=350%2C200&ssl=1","width":350,"height":200},"classes":[]},{"id":2520,"url":"https:\/\/ryfi.online\/es\/producto\/botella-sport-400-ml-frozen-ii-blue-forest\/","url_meta":{"origin":2477,"position":4},"title":"BOTELLA SPORT 400 ML FROZEN II BLUE FOREST","date":"septiembre 4, 2021","format":false,"excerpt":"Envio Gratis 1-3 dias laborales Devolucion Gratuito","rel":"","context":"Entrada similar","img":{"alt_text":"","src":"https:\/\/i0.wp.com\/ryfi.online\/wp-content\/uploads\/2021\/09\/51032_A.jpg?resize=350%2C200&ssl=1","width":350,"height":200},"classes":[]},{"id":4497,"url":"https:\/\/ryfi.online\/it\/prodotto\/ergo-bottiglia-400-ml-aladino\/","url_meta":{"origin":2477,"position":5},"title":"BOTTIGLIA ERGO 400 ML | Aladino","date":"septiembre 3, 2021","format":false,"excerpt":"Spedizione gratuita 1-3 giorni lavorativi Reso gratuito","rel":"","context":"Entrada similar","img":{"alt_text":"BOTTIGLIA ERGO 400 ML | Aladino","src":"https:\/\/i0.wp.com\/ryfi.online\/wp-content\/uploads\/2021\/09\/21028_A.jpg?resize=350%2C200&ssl=1","width":350,"height":200},"classes":[]}],"_links":{"self":[{"href":"https:\/\/ryfi.online\/es\/wp-json\/wp\/v2\/product\/2477","targetHints":{"allow":["GET"]}}],"collection":[{"href":"https:\/\/ryfi.online\/es\/wp-json\/wp\/v2\/product"}],"about":[{"href":"https:\/\/ryfi.online\/es\/wp-json\/wp\/v2\/types\/product"}],"replies":[{"embeddable":true,"href":"https:\/\/ryfi.online\/es\/wp-json\/wp\/v2\/comments?post=2477"}],"wp:featuredmedia":[{"embeddable":true,"href":"https:\/\/ryfi.online\/es\/wp-json\/wp\/v2\/media\/2478"}],"wp:attachment":[{"href":"https:\/\/ryfi.online\/es\/wp-json\/wp\/v2\/media?parent=2477"}],"wp:term":[{"taxonomy":"product_brand","embeddable":true,"href":"https:\/\/ryfi.online\/es\/wp-json\/wp\/v2\/product_brand?post=2477"},{"taxonomy":"product_cat","embeddable":true,"href":"https:\/\/ryfi.online\/es\/wp-json\/wp\/v2\/product_cat?post=2477"},{"taxonomy":"product_tag","embeddable":true,"href":"https:\/\/ryfi.online\/es\/wp-json\/wp\/v2\/product_tag?post=2477"}],"curies":[{"name":"wp","href":"https:\/\/api.w.org\/{rel}","templated":true}]}}