{"id":2420,"date":"2021-09-02T08:19:28","date_gmt":"2021-09-02T08:19:28","guid":{"rendered":"https:\/\/ryfi.online\/?post_type=product&#038;p=2420"},"modified":"2025-05-23T06:37:20","modified_gmt":"2025-05-23T06:37:20","slug":"mochila-spiderman-sublimation-and-rubber-puller","status":"publish","type":"product","link":"https:\/\/ryfi.online\/es\/producto\/mochila-spiderman-sublimation-and-rubber-puller\/","title":{"rendered":"MOCHILA SPIDERMAN SUBLIMATION AND RUBBER PULLER TH9191"},"content":{"rendered":"<ul class=\"a-unordered-list a-vertical a-spacing-mini\">\n<li>Mochila de Spiderman para ni\u00f1os<\/li>\n<li><span class=\"a-list-item\">Medidas: 29x24x10<\/span><\/li>\n<li><span class=\"a-list-item\">Temporada: Primavera\\Verano<\/span><\/li>\n<li><span class=\"a-list-item\">Edad: 3-7 anos<\/span><\/li>\n<\/ul>\n","protected":false},"excerpt":{"rendered":"<p>Env\u00edo gratuito y r\u00e1pido en 1-3 d\u00edas.<\/p>\n","protected":false},"featured_media":2444,"comment_status":"open","ping_status":"closed","template":"","meta":[],"product_brand":[],"product_cat":[65],"product_tag":[],"class_list":{"0":"post-2420","1":"product","2":"type-product","3":"status-publish","4":"has-post-thumbnail","6":"product_cat-mochila","8":"first","9":"instock","10":"featured","11":"taxable","12":"shipping-taxable","13":"purchasable","14":"product-type-simple"},"yoast_head":"<!-- This site is optimized with the Yoast SEO Premium plugin v17.1.2 (Yoast SEO v27.4) - https:\/\/yoast.com\/product\/yoast-seo-premium-wordpress\/ -->\n<title>Compre Online Mochila De Sublimaci\u00f3n Y Tirador De Goma Spiderman - Ryfi Online Store<\/title>\n<meta name=\"description\" content=\"Ryfi Online Store ofrece la mejor mochila Spiderman de sublimaci\u00f3n y extractor de goma para ni\u00f1os con env\u00edo gratis y f\u00e1cil reemplazo.\" \/>\n<meta name=\"robots\" content=\"index, follow, max-snippet:-1, max-image-preview:large, max-video-preview:-1\" \/>\n<link rel=\"canonical\" href=\"https:\/\/ryfi.online\/es\/producto\/mochila-spiderman-sublimation-and-rubber-puller\/\" \/>\n<meta property=\"og:locale\" content=\"es_ES\" \/>\n<meta property=\"og:type\" content=\"article\" \/>\n<meta property=\"og:title\" content=\"MOCHILA SPIDERMAN SUBLIMATION AND RUBBER PULLER TH9191\" \/>\n<meta property=\"og:description\" content=\"Ryfi Online Store ofrece la mejor mochila Spiderman de sublimaci\u00f3n y extractor de goma para ni\u00f1os con env\u00edo gratis y f\u00e1cil reemplazo.\" \/>\n<meta property=\"og:url\" content=\"https:\/\/ryfi.online\/es\/producto\/mochila-spiderman-sublimation-and-rubber-puller\/\" \/>\n<meta property=\"og:site_name\" content=\"Ryfi Online Store\" \/>\n<meta property=\"article:publisher\" content=\"https:\/\/www.facebook.com\/ryfi.online\/\" \/>\n<meta property=\"article:modified_time\" content=\"2025-05-23T06:37:20+00:00\" \/>\n<meta property=\"og:image\" content=\"https:\/\/ryfi.online\/wp-content\/uploads\/2021\/09\/th9191.e00.jpg\" \/>\n\t<meta property=\"og:image:width\" content=\"800\" \/>\n\t<meta property=\"og:image:height\" content=\"566\" \/>\n\t<meta property=\"og:image:type\" content=\"image\/jpeg\" \/>\n<meta name=\"twitter:card\" content=\"summary_large_image\" \/>\n<meta name=\"twitter:label1\" content=\"Precio\" \/>\n\t<meta name=\"twitter:data1\" content=\"&#036;14.99\" \/>\n\t<meta name=\"twitter:label2\" content=\"Availability\" \/>\n\t<meta name=\"twitter:data2\" content=\"In stock\" \/>\n<meta property=\"product:brand\" content=\"Mochila\" \/>\n<meta property=\"product:price:amount\" content=\"14.99\" \/>\n<meta property=\"product:price:currency\" content=\"USD\" \/>\n<meta property=\"og:availability\" content=\"instock\" \/>\n<meta property=\"product:availability\" content=\"instock\" \/>\n<meta property=\"product:condition\" content=\"new\" \/>\n<!-- \/ Yoast SEO Premium plugin. -->","yoast_head_json":{"title":"Compre Online Mochila De Sublimaci\u00f3n Y Tirador De Goma Spiderman - Ryfi Online Store","description":"Ryfi Online Store ofrece la mejor mochila Spiderman de sublimaci\u00f3n y extractor de goma para ni\u00f1os con env\u00edo gratis y f\u00e1cil reemplazo.","robots":{"index":"index","follow":"follow","max-snippet":"max-snippet:-1","max-image-preview":"max-image-preview:large","max-video-preview":"max-video-preview:-1"},"canonical":"https:\/\/ryfi.online\/es\/producto\/mochila-spiderman-sublimation-and-rubber-puller\/","og_locale":"es_ES","og_type":"article","og_title":"MOCHILA SPIDERMAN SUBLIMATION AND RUBBER PULLER TH9191","og_description":"Ryfi Online Store ofrece la mejor mochila Spiderman de sublimaci\u00f3n y extractor de goma para ni\u00f1os con env\u00edo gratis y f\u00e1cil reemplazo.","og_url":"https:\/\/ryfi.online\/es\/producto\/mochila-spiderman-sublimation-and-rubber-puller\/","og_site_name":"Ryfi Online Store","article_publisher":"https:\/\/www.facebook.com\/ryfi.online\/","article_modified_time":"2025-05-23T06:37:20+00:00","og_image":[{"width":800,"height":566,"url":"https:\/\/ryfi.online\/wp-content\/uploads\/2021\/09\/th9191.e00.jpg","type":"image\/jpeg"}],"twitter_card":"summary_large_image","twitter_misc":{"Precio":"&#36;14.99","Availability":"In stock"},"schema":{"@context":"https:\/\/schema.org","@graph":[{"@type":"WebPage","@id":"https:\/\/ryfi.online\/es\/producto\/mochila-spiderman-sublimation-and-rubber-puller\/","url":"https:\/\/ryfi.online\/es\/producto\/mochila-spiderman-sublimation-and-rubber-puller\/","name":"Compre Online Mochila De Sublimaci\u00f3n Y Tirador De Goma Spiderman - Ryfi Online Store","isPartOf":{"@id":"https:\/\/ryfi.online\/es\/#website"},"primaryImageOfPage":{"@id":"https:\/\/ryfi.online\/es\/producto\/mochila-spiderman-sublimation-and-rubber-puller\/#primaryimage"},"image":{"@id":"https:\/\/ryfi.online\/es\/producto\/mochila-spiderman-sublimation-and-rubber-puller\/#primaryimage"},"thumbnailUrl":"https:\/\/ryfi.online\/wp-content\/uploads\/2021\/09\/th9191.e00.jpg","datePublished":"2021-09-02T08:19:28+00:00","dateModified":"2025-05-23T06:37:20+00:00","description":"Ryfi Online Store ofrece la mejor mochila Spiderman de sublimaci\u00f3n y extractor de goma para ni\u00f1os con env\u00edo gratis y f\u00e1cil reemplazo.","breadcrumb":{"@id":"https:\/\/ryfi.online\/es\/producto\/mochila-spiderman-sublimation-and-rubber-puller\/#breadcrumb"},"inLanguage":"es","potentialAction":[{"@type":"ReadAction","target":["https:\/\/ryfi.online\/es\/producto\/mochila-spiderman-sublimation-and-rubber-puller\/"]}]},{"@type":"ImageObject","inLanguage":"es","@id":"https:\/\/ryfi.online\/es\/producto\/mochila-spiderman-sublimation-and-rubber-puller\/#primaryimage","url":"https:\/\/ryfi.online\/wp-content\/uploads\/2021\/09\/th9191.e00.jpg","contentUrl":"https:\/\/ryfi.online\/wp-content\/uploads\/2021\/09\/th9191.e00.jpg","width":800,"height":566},{"@type":"BreadcrumbList","@id":"https:\/\/ryfi.online\/es\/producto\/mochila-spiderman-sublimation-and-rubber-puller\/#breadcrumb","itemListElement":[{"@type":"ListItem","position":1,"name":"Home","item":"https:\/\/ryfi.online\/es\/"},{"@type":"ListItem","position":2,"name":"Free and Fast Shipping whitin 1-3 Days!!!","item":"https:\/\/ryfi.online\/shop\/"},{"@type":"ListItem","position":3,"name":"MOCHILA SPIDERMAN SUBLIMATION AND RUBBER PULLER TH9191"}]},{"@type":"WebSite","@id":"https:\/\/ryfi.online\/es\/#website","url":"https:\/\/ryfi.online\/es\/","name":"Ryfi Online Store","description":"Online Store","publisher":{"@id":"https:\/\/ryfi.online\/es\/#organization"},"potentialAction":[{"@type":"SearchAction","target":{"@type":"EntryPoint","urlTemplate":"https:\/\/ryfi.online\/es\/?s={search_term_string}"},"query-input":{"@type":"PropertyValueSpecification","valueRequired":true,"valueName":"search_term_string"}}],"inLanguage":"es"},{"@type":"Organization","@id":"https:\/\/ryfi.online\/es\/#organization","name":"Ryan Future Investments LLC","url":"https:\/\/ryfi.online\/es\/","logo":{"@type":"ImageObject","inLanguage":"es","@id":"https:\/\/ryfi.online\/es\/#\/schema\/logo\/image\/","url":"https:\/\/ryfi.online\/wp-content\/uploads\/2021\/03\/2-03.png","contentUrl":"https:\/\/ryfi.online\/wp-content\/uploads\/2021\/03\/2-03.png","width":1010,"height":310,"caption":"Ryan Future Investments LLC"},"image":{"@id":"https:\/\/ryfi.online\/es\/#\/schema\/logo\/image\/"},"sameAs":["https:\/\/www.facebook.com\/ryfi.online\/"]}]},"product_brand":"Mochila","product_price_amount":"14.99","product_price_currency":"USD","og_availability":"instock","product_availability":"instock","product_condition":"new"},"jetpack-related-posts":[{"id":2061,"url":"https:\/\/ryfi.online\/product\/reversible-spiderman-2-in-1-backpack\/","url_meta":{"origin":2420,"position":0},"title":"Spiderman Reversible Backpack 2 in 1 TH9128","date":"junio 30, 2021","format":false,"excerpt":"Fast and safe shipping in 1-3 business days","rel":"","context":"Entrada similar","img":{"alt_text":"Mochila reversible 2 en 1 Spiderman","src":"https:\/\/i0.wp.com\/ryfi.online\/wp-content\/uploads\/2021\/06\/th9128.e00.jpg?resize=350%2C200&ssl=1","width":350,"height":200},"classes":[]},{"id":5272,"url":"https:\/\/ryfi.online\/it\/prodotto\/zaino-reversibile-spiderman-2-in-1\/","url_meta":{"origin":2420,"position":1},"title":"Zaino reversibile Spiderman 2 in 1 TH9128","date":"junio 30, 2021","format":false,"excerpt":"Spedizione veloce e sicura in 1-3 giorni lavorativi","rel":"","context":"Entrada similar","img":{"alt_text":"Mochila reversible 2 en 1 Spiderman","src":"https:\/\/i0.wp.com\/ryfi.online\/wp-content\/uploads\/2021\/06\/th9128.e00.jpg?resize=350%2C200&ssl=1","width":350,"height":200},"classes":[]},{"id":5270,"url":"https:\/\/ryfi.online\/de\/produkt\/wende-spiderman-2-in-1-rucksack\/","url_meta":{"origin":2420,"position":2},"title":"Spiderman Wenderucksack 2 in 1 TH9128","date":"junio 30, 2021","format":false,"excerpt":"Schneller und sicherer Versand in 1-3 Werktagen","rel":"","context":"Entrada similar","img":{"alt_text":"Mochila reversible 2 en 1 Spiderman","src":"https:\/\/i0.wp.com\/ryfi.online\/wp-content\/uploads\/2021\/06\/th9128.e00.jpg?resize=350%2C200&ssl=1","width":350,"height":200},"classes":[]},{"id":5265,"url":"https:\/\/ryfi.online\/fr\/produit\/sac-a-dos-spiderman-reversible-2-en-1\/","url_meta":{"origin":2420,"position":3},"title":"Sac \u00e0 dos r\u00e9versible Spiderman 2 en 1 TH9128","date":"junio 30, 2021","format":false,"excerpt":"Exp\u00e9dition rapide et s\u00fbre en 1-3 jours ouvrables","rel":"","context":"Entrada similar","img":{"alt_text":"Mochila reversible 2 en 1 Spiderman","src":"https:\/\/i0.wp.com\/ryfi.online\/wp-content\/uploads\/2021\/06\/th9128.e00.jpg?resize=350%2C200&ssl=1","width":350,"height":200},"classes":[]},{"id":2426,"url":"https:\/\/ryfi.online\/es\/producto\/ryfi-mochila-3d-minnie\/","url_meta":{"origin":2420,"position":4},"title":"Ryfi MOCHILA 3D MINNIE","date":"septiembre 2, 2021","format":false,"excerpt":"Envio Gratis 1-3 dias laborales Devolucion Gratuito","rel":"","context":"Entrada similar","img":{"alt_text":"","src":"https:\/\/i0.wp.com\/ryfi.online\/wp-content\/uploads\/2021\/09\/51mSQo-t2IL.jpg?resize=350%2C200&ssl=1","width":350,"height":200},"classes":[]},{"id":2422,"url":"https:\/\/ryfi.online\/es\/producto\/ryfi-mochila-cars-lenticular-print\/","url_meta":{"origin":2420,"position":5},"title":"Ryfi MOCHILA CARS LENTICULAR PRINT SE2558","date":"septiembre 2, 2021","format":false,"excerpt":"Env\u00edo gratuito y r\u00e1pido en 1-3 d\u00edas.","rel":"","context":"Entrada similar","img":{"alt_text":"","src":"https:\/\/i0.wp.com\/ryfi.online\/wp-content\/uploads\/2021\/09\/se2558.jpg?resize=350%2C200&ssl=1","width":350,"height":200},"classes":[]}],"_links":{"self":[{"href":"https:\/\/ryfi.online\/es\/wp-json\/wp\/v2\/product\/2420","targetHints":{"allow":["GET"]}}],"collection":[{"href":"https:\/\/ryfi.online\/es\/wp-json\/wp\/v2\/product"}],"about":[{"href":"https:\/\/ryfi.online\/es\/wp-json\/wp\/v2\/types\/product"}],"replies":[{"embeddable":true,"href":"https:\/\/ryfi.online\/es\/wp-json\/wp\/v2\/comments?post=2420"}],"wp:featuredmedia":[{"embeddable":true,"href":"https:\/\/ryfi.online\/es\/wp-json\/wp\/v2\/media\/2444"}],"wp:attachment":[{"href":"https:\/\/ryfi.online\/es\/wp-json\/wp\/v2\/media?parent=2420"}],"wp:term":[{"taxonomy":"product_brand","embeddable":true,"href":"https:\/\/ryfi.online\/es\/wp-json\/wp\/v2\/product_brand?post=2420"},{"taxonomy":"product_cat","embeddable":true,"href":"https:\/\/ryfi.online\/es\/wp-json\/wp\/v2\/product_cat?post=2420"},{"taxonomy":"product_tag","embeddable":true,"href":"https:\/\/ryfi.online\/es\/wp-json\/wp\/v2\/product_tag?post=2420"}],"curies":[{"name":"wp","href":"https:\/\/api.w.org\/{rel}","templated":true}]}}