{"id":2285,"date":"2021-07-23T11:25:05","date_gmt":"2021-07-23T11:25:05","guid":{"rendered":"https:\/\/ryfi.online\/?post_type=product&#038;p=2285"},"modified":"2023-01-04T19:12:18","modified_gmt":"2023-01-04T19:12:18","slug":"camiseta-ninos-dragon-ball","status":"publish","type":"product","link":"https:\/\/ryfi.online\/es\/producto\/camiseta-ninos-dragon-ball\/","title":{"rendered":"Camiseta Ni\u00f1os Dragon Ball ET1383"},"content":{"rendered":"<p><span class=\"a-list-item\">\u2705 Camiseta para ni\u00f1os de Dragon Ball<\/span><\/p>\n<p><span class=\"a-list-item\">\u2705 Color: Gris con dibujos animados de Dragon Ball<\/span><\/p>\n<p><span class=\"a-list-item\">\u2705 100% Algod\u00f3n,\u00a0<\/span><\/p>\n<p id=\"title\" class=\"a-size-large a-spacing-none\"><span id=\"productTitle\" class=\"a-size-large product-title-word-break\"><span class=\"a-list-item\">\u2705<\/span>\u00a0 Edad: 6 a\u00f1os, 8 a\u00f1os, 10 a\u00f1os, 12 a\u00f1os, 14 a\u00f1os<\/span><\/p>\n","protected":false},"excerpt":{"rendered":"<p>Env\u00edo gratuito y r\u00e1pido en 1-3 d\u00edas.<\/p>\n","protected":false},"featured_media":2286,"comment_status":"open","ping_status":"closed","template":"","meta":[],"product_brand":[],"product_cat":[45],"product_tag":[],"class_list":{"0":"post-2285","1":"product","2":"type-product","3":"status-publish","4":"has-post-thumbnail","6":"product_cat-camiseta-ninos-licencia-online","8":"first","9":"instock","10":"featured","11":"taxable","12":"shipping-taxable","13":"purchasable","14":"product-type-variable"},"yoast_head":"<!-- This site is optimized with the Yoast SEO Premium plugin v17.1.2 (Yoast SEO v27.4) - https:\/\/yoast.com\/product\/yoast-seo-premium-wordpress\/ -->\n<title>Camiseta Ni\u00f1os Dragon Ball ET1383 - Ryfi Online Store<\/title>\n<meta name=\"description\" content=\"Elija la amplia gama de camisetas Dragon Ball Kids para ni\u00f1as a un costo muy asequible en ryfi.online con env\u00edo r\u00e1pido y gratuito. \u00a1Compra ahora!\" \/>\n<meta name=\"robots\" content=\"index, follow, max-snippet:-1, max-image-preview:large, max-video-preview:-1\" \/>\n<link rel=\"canonical\" href=\"https:\/\/ryfi.online\/es\/producto\/camiseta-ninos-dragon-ball\/\" \/>\n<meta property=\"og:locale\" content=\"es_ES\" \/>\n<meta property=\"og:type\" content=\"article\" \/>\n<meta property=\"og:title\" content=\"Camiseta Ni\u00f1os Dragon Ball ET1383\" \/>\n<meta property=\"og:description\" content=\"Elija la amplia gama de camisetas Dragon Ball Kids para ni\u00f1as a un costo muy asequible en ryfi.online con env\u00edo r\u00e1pido y gratuito. \u00a1Compra ahora!\" \/>\n<meta property=\"og:url\" content=\"https:\/\/ryfi.online\/es\/producto\/camiseta-ninos-dragon-ball\/\" \/>\n<meta property=\"og:site_name\" content=\"Ryfi Online Store\" \/>\n<meta property=\"article:publisher\" content=\"https:\/\/www.facebook.com\/ryfi.online\/\" \/>\n<meta property=\"article:modified_time\" content=\"2023-01-04T19:12:18+00:00\" \/>\n<meta property=\"og:image\" content=\"https:\/\/ryfi.online\/wp-content\/uploads\/2021\/07\/et1383.e00.jpg\" \/>\n\t<meta property=\"og:image:width\" content=\"800\" \/>\n\t<meta property=\"og:image:height\" content=\"566\" \/>\n\t<meta property=\"og:image:type\" content=\"image\/jpeg\" \/>\n<meta name=\"twitter:card\" content=\"summary_large_image\" \/>\n<meta name=\"twitter:label1\" content=\"Availability\" \/>\n\t<meta name=\"twitter:data1\" content=\"In stock\" \/>\n<meta property=\"product:brand\" content=\"Camiseta ni\u00f1os\" \/>\n<meta property=\"og:availability\" content=\"instock\" \/>\n<meta property=\"product:availability\" content=\"instock\" \/>\n<meta property=\"product:condition\" content=\"new\" \/>\n<!-- \/ Yoast SEO Premium plugin. -->","yoast_head_json":{"title":"Camiseta Ni\u00f1os Dragon Ball ET1383 - Ryfi Online Store","description":"Elija la amplia gama de camisetas Dragon Ball Kids para ni\u00f1as a un costo muy asequible en ryfi.online con env\u00edo r\u00e1pido y gratuito. \u00a1Compra ahora!","robots":{"index":"index","follow":"follow","max-snippet":"max-snippet:-1","max-image-preview":"max-image-preview:large","max-video-preview":"max-video-preview:-1"},"canonical":"https:\/\/ryfi.online\/es\/producto\/camiseta-ninos-dragon-ball\/","og_locale":"es_ES","og_type":"article","og_title":"Camiseta Ni\u00f1os Dragon Ball ET1383","og_description":"Elija la amplia gama de camisetas Dragon Ball Kids para ni\u00f1as a un costo muy asequible en ryfi.online con env\u00edo r\u00e1pido y gratuito. \u00a1Compra ahora!","og_url":"https:\/\/ryfi.online\/es\/producto\/camiseta-ninos-dragon-ball\/","og_site_name":"Ryfi Online Store","article_publisher":"https:\/\/www.facebook.com\/ryfi.online\/","article_modified_time":"2023-01-04T19:12:18+00:00","og_image":[{"width":800,"height":566,"url":"https:\/\/ryfi.online\/wp-content\/uploads\/2021\/07\/et1383.e00.jpg","type":"image\/jpeg"}],"twitter_card":"summary_large_image","twitter_misc":{"Availability":"In stock"},"schema":{"@context":"https:\/\/schema.org","@graph":[{"@type":"WebPage","@id":"https:\/\/ryfi.online\/es\/producto\/camiseta-ninos-dragon-ball\/","url":"https:\/\/ryfi.online\/es\/producto\/camiseta-ninos-dragon-ball\/","name":"Camiseta Ni\u00f1os Dragon Ball ET1383 - Ryfi Online Store","isPartOf":{"@id":"https:\/\/ryfi.online\/es\/#website"},"primaryImageOfPage":{"@id":"https:\/\/ryfi.online\/es\/producto\/camiseta-ninos-dragon-ball\/#primaryimage"},"image":{"@id":"https:\/\/ryfi.online\/es\/producto\/camiseta-ninos-dragon-ball\/#primaryimage"},"thumbnailUrl":"https:\/\/ryfi.online\/wp-content\/uploads\/2021\/07\/et1383.e00.jpg","datePublished":"2021-07-23T11:25:05+00:00","dateModified":"2023-01-04T19:12:18+00:00","description":"Elija la amplia gama de camisetas Dragon Ball Kids para ni\u00f1as a un costo muy asequible en ryfi.online con env\u00edo r\u00e1pido y gratuito. \u00a1Compra ahora!","breadcrumb":{"@id":"https:\/\/ryfi.online\/es\/producto\/camiseta-ninos-dragon-ball\/#breadcrumb"},"inLanguage":"es","potentialAction":[{"@type":"ReadAction","target":["https:\/\/ryfi.online\/es\/producto\/camiseta-ninos-dragon-ball\/"]}]},{"@type":"ImageObject","inLanguage":"es","@id":"https:\/\/ryfi.online\/es\/producto\/camiseta-ninos-dragon-ball\/#primaryimage","url":"https:\/\/ryfi.online\/wp-content\/uploads\/2021\/07\/et1383.e00.jpg","contentUrl":"https:\/\/ryfi.online\/wp-content\/uploads\/2021\/07\/et1383.e00.jpg","width":800,"height":566,"caption":"Camiseta Dragon Ball"},{"@type":"BreadcrumbList","@id":"https:\/\/ryfi.online\/es\/producto\/camiseta-ninos-dragon-ball\/#breadcrumb","itemListElement":[{"@type":"ListItem","position":1,"name":"Home","item":"https:\/\/ryfi.online\/es\/"},{"@type":"ListItem","position":2,"name":"Free and Fast Shipping whitin 1-3 Days!!!","item":"https:\/\/ryfi.online\/shop\/"},{"@type":"ListItem","position":3,"name":"Camiseta Ni\u00f1os Dragon Ball ET1383"}]},{"@type":"WebSite","@id":"https:\/\/ryfi.online\/es\/#website","url":"https:\/\/ryfi.online\/es\/","name":"Ryfi Online Store","description":"Online Store","publisher":{"@id":"https:\/\/ryfi.online\/es\/#organization"},"potentialAction":[{"@type":"SearchAction","target":{"@type":"EntryPoint","urlTemplate":"https:\/\/ryfi.online\/es\/?s={search_term_string}"},"query-input":{"@type":"PropertyValueSpecification","valueRequired":true,"valueName":"search_term_string"}}],"inLanguage":"es"},{"@type":"Organization","@id":"https:\/\/ryfi.online\/es\/#organization","name":"Ryan Future Investments LLC","url":"https:\/\/ryfi.online\/es\/","logo":{"@type":"ImageObject","inLanguage":"es","@id":"https:\/\/ryfi.online\/es\/#\/schema\/logo\/image\/","url":"https:\/\/ryfi.online\/wp-content\/uploads\/2021\/03\/2-03.png","contentUrl":"https:\/\/ryfi.online\/wp-content\/uploads\/2021\/03\/2-03.png","width":1010,"height":310,"caption":"Ryan Future Investments LLC"},"image":{"@id":"https:\/\/ryfi.online\/es\/#\/schema\/logo\/image\/"},"sameAs":["https:\/\/www.facebook.com\/ryfi.online\/"]}]},"product_brand":"Camiseta ni\u00f1os","og_availability":"instock","product_availability":"instock","product_condition":"new"},"jetpack-related-posts":[{"id":1691,"url":"https:\/\/ryfi.online\/es\/producto\/camiseta-dibujo-animado-de-avengers-de-marvel-para-ninos\/","url_meta":{"origin":2285,"position":0},"title":"Camiseta dibujo animado de Avengers de Marvel para ni\u00f1os","date":"junio 15, 2021","format":false,"excerpt":"Envio Gratis 1-3 dias laborales Devolucion Gratuito","rel":"","context":"Entrada similar","img":{"alt_text":"Camiseta Avengers","src":"https:\/\/i0.wp.com\/ryfi.online\/wp-content\/uploads\/2021\/06\/ue1060_gy.jpg?resize=350%2C200&ssl=1","width":350,"height":200},"classes":[]},{"id":1456,"url":"https:\/\/ryfi.online\/es\/producto\/camiseta-dibujo-animado-de-mickey-de-disney-para-ninos\/","url_meta":{"origin":2285,"position":1},"title":"Camiseta dibujo animado de Mickey de Disney para ni\u00f1os UE1167","date":"junio 9, 2021","format":false,"excerpt":"Env\u00edo gratuito y r\u00e1pido en 1-3 d\u00edas.","rel":"","context":"Entrada similar","img":{"alt_text":"Camiseta Mickey Ninos","src":"https:\/\/i0.wp.com\/ryfi.online\/wp-content\/uploads\/2021\/06\/UE1167_RD.jpg?resize=350%2C200&ssl=1","width":350,"height":200},"classes":[]},{"id":1704,"url":"https:\/\/ryfi.online\/es\/producto\/camiseta-dibujo-animado-de-patrulla-canina-de-nickelodeon-para-ninos\/","url_meta":{"origin":2285,"position":2},"title":"Camiseta dibujo animado de Patrulla Canina de Nickelodeon para ni\u00f1os","date":"junio 15, 2021","format":false,"excerpt":"Envio Gratis 1-3 dias laborales Devolucion Gratuito","rel":"","context":"Entrada similar","img":{"alt_text":"Camiseta Patrulla Canina","src":"https:\/\/i0.wp.com\/ryfi.online\/wp-content\/uploads\/2021\/06\/ue1153_bl.jpg?resize=350%2C200&ssl=1","width":350,"height":200},"classes":[]},{"id":8810,"url":"https:\/\/ryfi.online\/es\/producto\/camiseta-manga-corta-batman-ev1215\/","url_meta":{"origin":2285,"position":3},"title":"Camiseta Batman para ni\u00f1os EV1215","date":"abril 30, 2022","format":false,"excerpt":"Env\u00edo rapido y seguro en 1-3 dias laborales","rel":"","context":"Entrada similar","img":{"alt_text":"","src":"https:\/\/i0.wp.com\/ryfi.online\/wp-content\/uploads\/2022\/04\/ev1215.jpg?resize=350%2C200&ssl=1","width":350,"height":200},"classes":[]},{"id":2251,"url":"https:\/\/ryfi.online\/es\/producto\/camiseta-dibujo-animado-de-anekke-para-ninas\/","url_meta":{"origin":2285,"position":4},"title":"Camiseta dibujo animado de Anekke para ni\u00f1as SE1479","date":"julio 17, 2021","format":false,"excerpt":"Env\u00edo rapido y seguro en 1-3 dias laborales","rel":"","context":"Entrada similar","img":{"alt_text":"Camiseta Anekke","src":"https:\/\/i0.wp.com\/ryfi.online\/wp-content\/uploads\/2021\/07\/img_91355_4ba08d53d1efba1ea99377fa4b3b303f_20.jpg?resize=350%2C200&ssl=1","width":350,"height":200},"classes":[]},{"id":7769,"url":"https:\/\/ryfi.online\/es\/producto\/spiderman-ninos-camiseta-y-pantalon\/","url_meta":{"origin":2285,"position":5},"title":"Conjunto Spiderman Ni\u00f1os Camiseta y Pantalon UE1109","date":"abril 19, 2022","format":false,"excerpt":"Env\u00edo rapido y seguro en 1-3 dias laborales","rel":"","context":"Entrada similar","img":{"alt_text":"Conjunto Spiderman","src":"https:\/\/i0.wp.com\/ryfi.online\/wp-content\/uploads\/2022\/04\/img_142084_b9dd3931f3ae76581b7aae01014ee611_20.jpg?resize=350%2C200&ssl=1","width":350,"height":200},"classes":[]}],"_links":{"self":[{"href":"https:\/\/ryfi.online\/es\/wp-json\/wp\/v2\/product\/2285","targetHints":{"allow":["GET"]}}],"collection":[{"href":"https:\/\/ryfi.online\/es\/wp-json\/wp\/v2\/product"}],"about":[{"href":"https:\/\/ryfi.online\/es\/wp-json\/wp\/v2\/types\/product"}],"replies":[{"embeddable":true,"href":"https:\/\/ryfi.online\/es\/wp-json\/wp\/v2\/comments?post=2285"}],"wp:featuredmedia":[{"embeddable":true,"href":"https:\/\/ryfi.online\/es\/wp-json\/wp\/v2\/media\/2286"}],"wp:attachment":[{"href":"https:\/\/ryfi.online\/es\/wp-json\/wp\/v2\/media?parent=2285"}],"wp:term":[{"taxonomy":"product_brand","embeddable":true,"href":"https:\/\/ryfi.online\/es\/wp-json\/wp\/v2\/product_brand?post=2285"},{"taxonomy":"product_cat","embeddable":true,"href":"https:\/\/ryfi.online\/es\/wp-json\/wp\/v2\/product_cat?post=2285"},{"taxonomy":"product_tag","embeddable":true,"href":"https:\/\/ryfi.online\/es\/wp-json\/wp\/v2\/product_tag?post=2285"}],"curies":[{"name":"wp","href":"https:\/\/api.w.org\/{rel}","templated":true}]}}