{"id":2270,"date":"2021-07-23T08:55:48","date_gmt":"2021-07-23T08:55:48","guid":{"rendered":"https:\/\/ryfi.online\/?post_type=product&#038;p=2270"},"modified":"2023-01-05T20:09:27","modified_gmt":"2023-01-05T20:09:27","slug":"vestido-dibujo-animado-de-anekke-para-ninas","status":"publish","type":"product","link":"https:\/\/ryfi.online\/es\/producto\/vestido-dibujo-animado-de-anekke-para-ninas\/","title":{"rendered":"Vestido dibujo animado de Anekke para ni\u00f1as SE1500"},"content":{"rendered":"<p><span class=\"a-list-item\">\u2705 Vestido para ni\u00f1as de Anekke<\/span><\/p>\n<p><span class=\"a-list-item\">\u2705 Color: Rojo<\/span><\/p>\n<p><span class=\"a-list-item\">\u2705 100% Algod\u00f3n,\u00a0<\/span><\/p>\n<p id=\"title\" class=\"a-size-large a-spacing-none\"><span id=\"productTitle\" class=\"a-size-large product-title-word-break\"><span class=\"a-list-item\">\u2705<\/span>\u00a0 Edad: 6 a\u00f1os, 8 a\u00f1os, 10 a\u00f1os, 12 a\u00f1os,14 a\u00f1os<\/span><\/p>\n","protected":false},"excerpt":{"rendered":"<p>Env\u00edo rapido y seguro en 1-3 dias laborales<\/p>\n","protected":false},"featured_media":2271,"comment_status":"open","ping_status":"closed","template":"","meta":[],"product_brand":[],"product_cat":[83],"product_tag":[],"class_list":{"0":"post-2270","1":"product","2":"type-product","3":"status-publish","4":"has-post-thumbnail","6":"product_cat-vestido","8":"first","9":"instock","10":"featured","11":"taxable","12":"shipping-taxable","13":"purchasable","14":"product-type-variable"},"yoast_head":"<!-- This site is optimized with the Yoast SEO Premium plugin v17.1.2 (Yoast SEO v27.4) - https:\/\/yoast.com\/product\/yoast-seo-premium-wordpress\/ -->\n<title>Vestido dibujo animado de Anekke para ni\u00f1as SE1500 - Ryfi Online Store<\/title>\n<meta name=\"description\" content=\"Estamos ofreciendo un vestido de dibujos animados de Anekke en l\u00ednea para ni\u00f1as de 6 a 14 a\u00f1os en Espa\u00f1a a un precio muy razonable que se adaptar\u00e1 a su presupuesto. \u00a1Compra ahora!\" \/>\n<meta name=\"robots\" content=\"index, follow, max-snippet:-1, max-image-preview:large, max-video-preview:-1\" \/>\n<link rel=\"canonical\" href=\"https:\/\/ryfi.online\/es\/producto\/vestido-dibujo-animado-de-anekke-para-ninas\/\" \/>\n<meta property=\"og:locale\" content=\"es_ES\" \/>\n<meta property=\"og:type\" content=\"article\" \/>\n<meta property=\"og:title\" content=\"Vestido dibujo animado de Anekke para ni\u00f1as SE1500\" \/>\n<meta property=\"og:description\" content=\"Estamos ofreciendo un vestido de dibujos animados de Anekke en l\u00ednea para ni\u00f1as de 6 a 14 a\u00f1os en Espa\u00f1a a un precio muy razonable que se adaptar\u00e1 a su presupuesto. \u00a1Compra ahora!\" \/>\n<meta property=\"og:url\" content=\"https:\/\/ryfi.online\/es\/producto\/vestido-dibujo-animado-de-anekke-para-ninas\/\" \/>\n<meta property=\"og:site_name\" content=\"Ryfi Online Store\" \/>\n<meta property=\"article:publisher\" content=\"https:\/\/www.facebook.com\/ryfi.online\/\" \/>\n<meta property=\"article:modified_time\" content=\"2023-01-05T20:09:27+00:00\" \/>\n<meta property=\"og:image\" content=\"https:\/\/ryfi.online\/wp-content\/uploads\/2021\/07\/20200630010832969292_m.jpg\" \/>\n\t<meta property=\"og:image:width\" content=\"480\" \/>\n\t<meta property=\"og:image:height\" content=\"537\" \/>\n\t<meta property=\"og:image:type\" content=\"image\/jpeg\" \/>\n<meta name=\"twitter:card\" content=\"summary_large_image\" \/>\n<meta name=\"twitter:label1\" content=\"Availability\" \/>\n\t<meta name=\"twitter:data1\" content=\"In stock\" \/>\n<meta property=\"product:brand\" content=\"Vestido\" \/>\n<meta property=\"og:availability\" content=\"instock\" \/>\n<meta property=\"product:availability\" content=\"instock\" \/>\n<meta property=\"product:condition\" content=\"new\" \/>\n<!-- \/ Yoast SEO Premium plugin. -->","yoast_head_json":{"title":"Vestido dibujo animado de Anekke para ni\u00f1as SE1500 - Ryfi Online Store","description":"Estamos ofreciendo un vestido de dibujos animados de Anekke en l\u00ednea para ni\u00f1as de 6 a 14 a\u00f1os en Espa\u00f1a a un precio muy razonable que se adaptar\u00e1 a su presupuesto. \u00a1Compra ahora!","robots":{"index":"index","follow":"follow","max-snippet":"max-snippet:-1","max-image-preview":"max-image-preview:large","max-video-preview":"max-video-preview:-1"},"canonical":"https:\/\/ryfi.online\/es\/producto\/vestido-dibujo-animado-de-anekke-para-ninas\/","og_locale":"es_ES","og_type":"article","og_title":"Vestido dibujo animado de Anekke para ni\u00f1as SE1500","og_description":"Estamos ofreciendo un vestido de dibujos animados de Anekke en l\u00ednea para ni\u00f1as de 6 a 14 a\u00f1os en Espa\u00f1a a un precio muy razonable que se adaptar\u00e1 a su presupuesto. \u00a1Compra ahora!","og_url":"https:\/\/ryfi.online\/es\/producto\/vestido-dibujo-animado-de-anekke-para-ninas\/","og_site_name":"Ryfi Online Store","article_publisher":"https:\/\/www.facebook.com\/ryfi.online\/","article_modified_time":"2023-01-05T20:09:27+00:00","og_image":[{"width":480,"height":537,"url":"https:\/\/ryfi.online\/wp-content\/uploads\/2021\/07\/20200630010832969292_m.jpg","type":"image\/jpeg"}],"twitter_card":"summary_large_image","twitter_misc":{"Availability":"In stock"},"schema":{"@context":"https:\/\/schema.org","@graph":[{"@type":"WebPage","@id":"https:\/\/ryfi.online\/es\/producto\/vestido-dibujo-animado-de-anekke-para-ninas\/","url":"https:\/\/ryfi.online\/es\/producto\/vestido-dibujo-animado-de-anekke-para-ninas\/","name":"Vestido dibujo animado de Anekke para ni\u00f1as SE1500 - Ryfi Online Store","isPartOf":{"@id":"https:\/\/ryfi.online\/es\/#website"},"primaryImageOfPage":{"@id":"https:\/\/ryfi.online\/es\/producto\/vestido-dibujo-animado-de-anekke-para-ninas\/#primaryimage"},"image":{"@id":"https:\/\/ryfi.online\/es\/producto\/vestido-dibujo-animado-de-anekke-para-ninas\/#primaryimage"},"thumbnailUrl":"https:\/\/ryfi.online\/wp-content\/uploads\/2021\/07\/20200630010832969292_m.jpg","datePublished":"2021-07-23T08:55:48+00:00","dateModified":"2023-01-05T20:09:27+00:00","description":"Estamos ofreciendo un vestido de dibujos animados de Anekke en l\u00ednea para ni\u00f1as de 6 a 14 a\u00f1os en Espa\u00f1a a un precio muy razonable que se adaptar\u00e1 a su presupuesto. \u00a1Compra ahora!","breadcrumb":{"@id":"https:\/\/ryfi.online\/es\/producto\/vestido-dibujo-animado-de-anekke-para-ninas\/#breadcrumb"},"inLanguage":"es","potentialAction":[{"@type":"ReadAction","target":["https:\/\/ryfi.online\/es\/producto\/vestido-dibujo-animado-de-anekke-para-ninas\/"]}]},{"@type":"ImageObject","inLanguage":"es","@id":"https:\/\/ryfi.online\/es\/producto\/vestido-dibujo-animado-de-anekke-para-ninas\/#primaryimage","url":"https:\/\/ryfi.online\/wp-content\/uploads\/2021\/07\/20200630010832969292_m.jpg","contentUrl":"https:\/\/ryfi.online\/wp-content\/uploads\/2021\/07\/20200630010832969292_m.jpg","width":480,"height":537,"caption":"Vestido Anekke"},{"@type":"BreadcrumbList","@id":"https:\/\/ryfi.online\/es\/producto\/vestido-dibujo-animado-de-anekke-para-ninas\/#breadcrumb","itemListElement":[{"@type":"ListItem","position":1,"name":"Home","item":"https:\/\/ryfi.online\/es\/"},{"@type":"ListItem","position":2,"name":"Free and Fast Shipping whitin 1-3 Days!!!","item":"https:\/\/ryfi.online\/shop\/"},{"@type":"ListItem","position":3,"name":"Vestido dibujo animado de Anekke para ni\u00f1as SE1500"}]},{"@type":"WebSite","@id":"https:\/\/ryfi.online\/es\/#website","url":"https:\/\/ryfi.online\/es\/","name":"Ryfi Online Store","description":"Online Store","publisher":{"@id":"https:\/\/ryfi.online\/es\/#organization"},"potentialAction":[{"@type":"SearchAction","target":{"@type":"EntryPoint","urlTemplate":"https:\/\/ryfi.online\/es\/?s={search_term_string}"},"query-input":{"@type":"PropertyValueSpecification","valueRequired":true,"valueName":"search_term_string"}}],"inLanguage":"es"},{"@type":"Organization","@id":"https:\/\/ryfi.online\/es\/#organization","name":"Ryan Future Investments LLC","url":"https:\/\/ryfi.online\/es\/","logo":{"@type":"ImageObject","inLanguage":"es","@id":"https:\/\/ryfi.online\/es\/#\/schema\/logo\/image\/","url":"https:\/\/ryfi.online\/wp-content\/uploads\/2021\/03\/2-03.png","contentUrl":"https:\/\/ryfi.online\/wp-content\/uploads\/2021\/03\/2-03.png","width":1010,"height":310,"caption":"Ryan Future Investments LLC"},"image":{"@id":"https:\/\/ryfi.online\/es\/#\/schema\/logo\/image\/"},"sameAs":["https:\/\/www.facebook.com\/ryfi.online\/"]}]},"product_brand":"Vestido","og_availability":"instock","product_availability":"instock","product_condition":"new"},"jetpack-related-posts":[{"id":2251,"url":"https:\/\/ryfi.online\/es\/producto\/camiseta-dibujo-animado-de-anekke-para-ninas\/","url_meta":{"origin":2270,"position":0},"title":"Camiseta dibujo animado de Anekke para ni\u00f1as SE1479","date":"julio 17, 2021","format":false,"excerpt":"Env\u00edo rapido y seguro en 1-3 dias laborales","rel":"","context":"Entrada similar","img":{"alt_text":"Camiseta Anekke","src":"https:\/\/i0.wp.com\/ryfi.online\/wp-content\/uploads\/2021\/07\/img_91355_4ba08d53d1efba1ea99377fa4b3b303f_20.jpg?resize=350%2C200&ssl=1","width":350,"height":200},"classes":[]},{"id":11894,"url":"https:\/\/ryfi.online\/de\/produkt\/3-braguitas-100-algodon-para-ninas-disney-princess-4-5-anos-2\/","url_meta":{"origin":2270,"position":1},"title":"3 braguitas 100 % algod\u00f3n para ni\u00f1as Disney Princess 4\u20135 a\u00f1os TH3040","date":"julio 17, 2021","format":false,"excerpt":"Env\u00edo rapido y seguro en 1-3 dias laborales","rel":"","context":"Entrada similar","img":{"alt_text":"","src":"https:\/\/i0.wp.com\/ryfi.online\/wp-content\/uploads\/2021\/07\/et3013.23y_pack.jpg?resize=350%2C200&ssl=1","width":350,"height":200},"classes":[]},{"id":2249,"url":"https:\/\/ryfi.online\/es\/producto\/3-braguitas-100-algodon-para-ninas-disney-princess-6-8-anos\/","url_meta":{"origin":2270,"position":2},"title":"3 braguitas 100% algod\u00f3n para ni\u00f1as Disney Princess  6\u20138 a\u00f1os TH3040","date":"julio 17, 2021","format":false,"excerpt":"Env\u00edo rapido y seguro en 1-3 dias laborales","rel":"","context":"Entrada similar","img":{"alt_text":"","src":"https:\/\/i0.wp.com\/ryfi.online\/wp-content\/uploads\/2021\/07\/et3013.23y_pack.jpg?resize=350%2C200&ssl=1","width":350,"height":200},"classes":[]},{"id":2114,"url":"https:\/\/ryfi.online\/es\/producto\/3-disney-minnie-ninas-100-calzoncillos-de-algodon-2-3-anos\/","url_meta":{"origin":2270,"position":3},"title":"Set de 3 calzoncillos de 100% algod\u00f3n de Disney Minnie para ni\u00f1as de 2 a 3 a\u00f1os UE3000","date":"julio 5, 2021","format":false,"excerpt":"Env\u00edo rapido y seguro en 1-3 dias laborales","rel":"","context":"Entrada similar","img":{"alt_text":"Set 3 calzoncillos Minnie -1","src":"https:\/\/i0.wp.com\/ryfi.online\/wp-content\/uploads\/2021\/07\/ue3000.23y.e00-scaled.jpg?resize=350%2C200&ssl=1","width":350,"height":200},"classes":[]},{"id":2118,"url":"https:\/\/ryfi.online\/es\/producto\/3-peppa-pig-ninas-100-calzoncillos-de-algodon-4-5-anos\/","url_meta":{"origin":2270,"position":4},"title":"Set de 3 calzoncillos 100% algod\u00f3n de Peppa Pig para ni\u00f1as de 4 a 5 a\u00f1os UE3026","date":"julio 5, 2021","format":false,"excerpt":"Env\u00edo rapido y seguro en 1-3 dias laborales","rel":"","context":"Entrada similar","img":{"alt_text":"Set 3 calzoncillos Peppa Pig - 1","src":"https:\/\/i0.wp.com\/ryfi.online\/wp-content\/uploads\/2021\/07\/ue3026.45y.e00-scaled.jpg?resize=350%2C200&ssl=1","width":350,"height":200},"classes":[]},{"id":2324,"url":"https:\/\/ryfi.online\/es\/producto\/camiseta-dibujo-animado-de-minnie-de-disney-para-ninas\/","url_meta":{"origin":2270,"position":5},"title":"Camiseta dibujo animado de Minnie de Disney para ni\u00f1as ET1137","date":"julio 26, 2021","format":false,"excerpt":"Env\u00edo gratuito y r\u00e1pido en 1-3 d\u00edas.","rel":"","context":"Entrada similar","img":{"alt_text":"Camiseta Minnie","src":"https:\/\/i0.wp.com\/ryfi.online\/wp-content\/uploads\/2021\/07\/et1137.jpg?resize=350%2C200&ssl=1","width":350,"height":200},"classes":[]}],"_links":{"self":[{"href":"https:\/\/ryfi.online\/es\/wp-json\/wp\/v2\/product\/2270","targetHints":{"allow":["GET"]}}],"collection":[{"href":"https:\/\/ryfi.online\/es\/wp-json\/wp\/v2\/product"}],"about":[{"href":"https:\/\/ryfi.online\/es\/wp-json\/wp\/v2\/types\/product"}],"replies":[{"embeddable":true,"href":"https:\/\/ryfi.online\/es\/wp-json\/wp\/v2\/comments?post=2270"}],"wp:featuredmedia":[{"embeddable":true,"href":"https:\/\/ryfi.online\/es\/wp-json\/wp\/v2\/media\/2271"}],"wp:attachment":[{"href":"https:\/\/ryfi.online\/es\/wp-json\/wp\/v2\/media?parent=2270"}],"wp:term":[{"taxonomy":"product_brand","embeddable":true,"href":"https:\/\/ryfi.online\/es\/wp-json\/wp\/v2\/product_brand?post=2270"},{"taxonomy":"product_cat","embeddable":true,"href":"https:\/\/ryfi.online\/es\/wp-json\/wp\/v2\/product_cat?post=2270"},{"taxonomy":"product_tag","embeddable":true,"href":"https:\/\/ryfi.online\/es\/wp-json\/wp\/v2\/product_tag?post=2270"}],"curies":[{"name":"wp","href":"https:\/\/api.w.org\/{rel}","templated":true}]}}