{"id":2251,"date":"2021-07-17T11:06:56","date_gmt":"2021-07-17T11:06:56","guid":{"rendered":"https:\/\/ryfi.online\/?post_type=product&#038;p=2251"},"modified":"2023-01-05T20:01:35","modified_gmt":"2023-01-05T20:01:35","slug":"camiseta-dibujo-animado-de-anekke-para-ninas","status":"publish","type":"product","link":"https:\/\/ryfi.online\/es\/producto\/camiseta-dibujo-animado-de-anekke-para-ninas\/","title":{"rendered":"Camiseta dibujo animado de Anekke para ni\u00f1as SE1479"},"content":{"rendered":"<p><span class=\"a-list-item\">\u2705 Camiseta para ni\u00f1as de Anekke <\/span><\/p>\n<p><span class=\"a-list-item\">\u2705 Color: Blanco<\/span><\/p>\n<p><span class=\"a-list-item\">\u2705 100% Algod\u00f3n,\u00a0<\/span><\/p>\n<p id=\"title\" class=\"a-size-large a-spacing-none\"><span id=\"productTitle\" class=\"a-size-large product-title-word-break\"><span class=\"a-list-item\">\u2705<\/span>\u00a0 Edad: 6 a\u00f1os, 8 a\u00f1os, 10 a\u00f1os, 12 a\u00f1os,14 a\u00f1os<\/span><\/p>\n","protected":false},"excerpt":{"rendered":"<p>Env\u00edo rapido y seguro en 1-3 dias laborales<\/p>\n","protected":false},"featured_media":2252,"comment_status":"open","ping_status":"closed","template":"","meta":[],"product_brand":[],"product_cat":[45],"product_tag":[],"class_list":{"0":"post-2251","1":"product","2":"type-product","3":"status-publish","4":"has-post-thumbnail","6":"product_cat-camiseta-ninos-licencia-online","8":"first","9":"instock","10":"featured","11":"taxable","12":"shipping-taxable","13":"purchasable","14":"product-type-variable"},"yoast_head":"<!-- This site is optimized with the Yoast SEO Premium plugin v17.1.2 (Yoast SEO v27.4) - https:\/\/yoast.com\/product\/yoast-seo-premium-wordpress\/ -->\n<title>Camiseta dibujo animado de Anekke para ni\u00f1as SE1479 - Ryfi Online Store<\/title>\n<meta name=\"description\" content=\"Seleccione entre una amplia gama de camisetas de dibujos animados de Anekke para ni\u00f1as en Espa\u00f1a en Ryfi.online \u272f Env\u00edo gratuito \u272f Devoluciones gratuitas\" \/>\n<meta name=\"robots\" content=\"index, follow, max-snippet:-1, max-image-preview:large, max-video-preview:-1\" \/>\n<link rel=\"canonical\" href=\"https:\/\/ryfi.online\/es\/producto\/camiseta-dibujo-animado-de-anekke-para-ninas\/\" \/>\n<meta property=\"og:locale\" content=\"es_ES\" \/>\n<meta property=\"og:type\" content=\"article\" \/>\n<meta property=\"og:title\" content=\"Camiseta dibujo animado de Anekke para ni\u00f1as SE1479\" \/>\n<meta property=\"og:description\" content=\"Seleccione entre una amplia gama de camisetas de dibujos animados de Anekke para ni\u00f1as en Espa\u00f1a en Ryfi.online \u272f Env\u00edo gratuito \u272f Devoluciones gratuitas\" \/>\n<meta property=\"og:url\" content=\"https:\/\/ryfi.online\/es\/producto\/camiseta-dibujo-animado-de-anekke-para-ninas\/\" \/>\n<meta property=\"og:site_name\" content=\"Ryfi Online Store\" \/>\n<meta property=\"article:publisher\" content=\"https:\/\/www.facebook.com\/ryfi.online\/\" \/>\n<meta property=\"article:modified_time\" content=\"2023-01-05T20:01:35+00:00\" \/>\n<meta property=\"og:image\" content=\"https:\/\/ryfi.online\/wp-content\/uploads\/2021\/07\/img_91355_4ba08d53d1efba1ea99377fa4b3b303f_20.jpg\" \/>\n\t<meta property=\"og:image:width\" content=\"470\" \/>\n\t<meta property=\"og:image:height\" content=\"410\" \/>\n\t<meta property=\"og:image:type\" content=\"image\/jpeg\" \/>\n<meta name=\"twitter:card\" content=\"summary_large_image\" \/>\n<meta name=\"twitter:label1\" content=\"Availability\" \/>\n\t<meta name=\"twitter:data1\" content=\"In stock\" \/>\n<meta property=\"product:brand\" content=\"Camiseta ni\u00f1os\" \/>\n<meta property=\"og:availability\" content=\"instock\" \/>\n<meta property=\"product:availability\" content=\"instock\" \/>\n<meta property=\"product:condition\" content=\"new\" \/>\n<!-- \/ Yoast SEO Premium plugin. -->","yoast_head_json":{"title":"Camiseta dibujo animado de Anekke para ni\u00f1as SE1479 - Ryfi Online Store","description":"Seleccione entre una amplia gama de camisetas de dibujos animados de Anekke para ni\u00f1as en Espa\u00f1a en Ryfi.online \u272f Env\u00edo gratuito \u272f Devoluciones gratuitas","robots":{"index":"index","follow":"follow","max-snippet":"max-snippet:-1","max-image-preview":"max-image-preview:large","max-video-preview":"max-video-preview:-1"},"canonical":"https:\/\/ryfi.online\/es\/producto\/camiseta-dibujo-animado-de-anekke-para-ninas\/","og_locale":"es_ES","og_type":"article","og_title":"Camiseta dibujo animado de Anekke para ni\u00f1as SE1479","og_description":"Seleccione entre una amplia gama de camisetas de dibujos animados de Anekke para ni\u00f1as en Espa\u00f1a en Ryfi.online \u272f Env\u00edo gratuito \u272f Devoluciones gratuitas","og_url":"https:\/\/ryfi.online\/es\/producto\/camiseta-dibujo-animado-de-anekke-para-ninas\/","og_site_name":"Ryfi Online Store","article_publisher":"https:\/\/www.facebook.com\/ryfi.online\/","article_modified_time":"2023-01-05T20:01:35+00:00","og_image":[{"width":470,"height":410,"url":"https:\/\/ryfi.online\/wp-content\/uploads\/2021\/07\/img_91355_4ba08d53d1efba1ea99377fa4b3b303f_20.jpg","type":"image\/jpeg"}],"twitter_card":"summary_large_image","twitter_misc":{"Availability":"In stock"},"schema":{"@context":"https:\/\/schema.org","@graph":[{"@type":"WebPage","@id":"https:\/\/ryfi.online\/es\/producto\/camiseta-dibujo-animado-de-anekke-para-ninas\/","url":"https:\/\/ryfi.online\/es\/producto\/camiseta-dibujo-animado-de-anekke-para-ninas\/","name":"Camiseta dibujo animado de Anekke para ni\u00f1as SE1479 - Ryfi Online Store","isPartOf":{"@id":"https:\/\/ryfi.online\/es\/#website"},"primaryImageOfPage":{"@id":"https:\/\/ryfi.online\/es\/producto\/camiseta-dibujo-animado-de-anekke-para-ninas\/#primaryimage"},"image":{"@id":"https:\/\/ryfi.online\/es\/producto\/camiseta-dibujo-animado-de-anekke-para-ninas\/#primaryimage"},"thumbnailUrl":"https:\/\/ryfi.online\/wp-content\/uploads\/2021\/07\/img_91355_4ba08d53d1efba1ea99377fa4b3b303f_20.jpg","datePublished":"2021-07-17T11:06:56+00:00","dateModified":"2023-01-05T20:01:35+00:00","description":"Seleccione entre una amplia gama de camisetas de dibujos animados de Anekke para ni\u00f1as en Espa\u00f1a en Ryfi.online \u272f Env\u00edo gratuito \u272f Devoluciones gratuitas","breadcrumb":{"@id":"https:\/\/ryfi.online\/es\/producto\/camiseta-dibujo-animado-de-anekke-para-ninas\/#breadcrumb"},"inLanguage":"es","potentialAction":[{"@type":"ReadAction","target":["https:\/\/ryfi.online\/es\/producto\/camiseta-dibujo-animado-de-anekke-para-ninas\/"]}]},{"@type":"ImageObject","inLanguage":"es","@id":"https:\/\/ryfi.online\/es\/producto\/camiseta-dibujo-animado-de-anekke-para-ninas\/#primaryimage","url":"https:\/\/ryfi.online\/wp-content\/uploads\/2021\/07\/img_91355_4ba08d53d1efba1ea99377fa4b3b303f_20.jpg","contentUrl":"https:\/\/ryfi.online\/wp-content\/uploads\/2021\/07\/img_91355_4ba08d53d1efba1ea99377fa4b3b303f_20.jpg","width":470,"height":410,"caption":"Camiseta Anekke"},{"@type":"BreadcrumbList","@id":"https:\/\/ryfi.online\/es\/producto\/camiseta-dibujo-animado-de-anekke-para-ninas\/#breadcrumb","itemListElement":[{"@type":"ListItem","position":1,"name":"Home","item":"https:\/\/ryfi.online\/es\/"},{"@type":"ListItem","position":2,"name":"Free and Fast Shipping whitin 1-3 Days!!!","item":"https:\/\/ryfi.online\/shop\/"},{"@type":"ListItem","position":3,"name":"Camiseta dibujo animado de Anekke para ni\u00f1as SE1479"}]},{"@type":"WebSite","@id":"https:\/\/ryfi.online\/es\/#website","url":"https:\/\/ryfi.online\/es\/","name":"Ryfi Online Store","description":"Online Store","publisher":{"@id":"https:\/\/ryfi.online\/es\/#organization"},"potentialAction":[{"@type":"SearchAction","target":{"@type":"EntryPoint","urlTemplate":"https:\/\/ryfi.online\/es\/?s={search_term_string}"},"query-input":{"@type":"PropertyValueSpecification","valueRequired":true,"valueName":"search_term_string"}}],"inLanguage":"es"},{"@type":"Organization","@id":"https:\/\/ryfi.online\/es\/#organization","name":"Ryan Future Investments LLC","url":"https:\/\/ryfi.online\/es\/","logo":{"@type":"ImageObject","inLanguage":"es","@id":"https:\/\/ryfi.online\/es\/#\/schema\/logo\/image\/","url":"https:\/\/ryfi.online\/wp-content\/uploads\/2021\/03\/2-03.png","contentUrl":"https:\/\/ryfi.online\/wp-content\/uploads\/2021\/03\/2-03.png","width":1010,"height":310,"caption":"Ryan Future Investments LLC"},"image":{"@id":"https:\/\/ryfi.online\/es\/#\/schema\/logo\/image\/"},"sameAs":["https:\/\/www.facebook.com\/ryfi.online\/"]}]},"product_brand":"Camiseta ni\u00f1os","og_availability":"instock","product_availability":"instock","product_condition":"new"},"jetpack-related-posts":[{"id":2270,"url":"https:\/\/ryfi.online\/es\/producto\/vestido-dibujo-animado-de-anekke-para-ninas\/","url_meta":{"origin":2251,"position":0},"title":"Vestido dibujo animado de Anekke para ni\u00f1as SE1500","date":"julio 23, 2021","format":false,"excerpt":"Env\u00edo rapido y seguro en 1-3 dias laborales","rel":"","context":"Entrada similar","img":{"alt_text":"Vestido Anekke","src":"https:\/\/i0.wp.com\/ryfi.online\/wp-content\/uploads\/2021\/07\/20200630010832969292_m.jpg?resize=350%2C200&ssl=1","width":350,"height":200},"classes":[]},{"id":2324,"url":"https:\/\/ryfi.online\/es\/producto\/camiseta-dibujo-animado-de-minnie-de-disney-para-ninas\/","url_meta":{"origin":2251,"position":1},"title":"Camiseta dibujo animado de Minnie de Disney para ni\u00f1as ET1137","date":"julio 26, 2021","format":false,"excerpt":"Env\u00edo gratuito y r\u00e1pido en 1-3 d\u00edas.","rel":"","context":"Entrada similar","img":{"alt_text":"Camiseta Minnie","src":"https:\/\/i0.wp.com\/ryfi.online\/wp-content\/uploads\/2021\/07\/et1137.jpg?resize=350%2C200&ssl=1","width":350,"height":200},"classes":[]},{"id":1668,"url":"https:\/\/ryfi.online\/es\/producto\/camiseta-dibujo-animado-de-lady-bug-de-miraculous-para-ninas\/","url_meta":{"origin":2251,"position":2},"title":"Camiseta dibujo animado de Lady Bug de Miraculous para ni\u00f1as","date":"junio 15, 2021","format":false,"excerpt":"Envio Gratis 1-3 dias laborales Devolucion Gratuito","rel":"","context":"Entrada similar","img":{"alt_text":"Camiseta Lady Bug","src":"https:\/\/i0.wp.com\/ryfi.online\/wp-content\/uploads\/2021\/06\/et1298_rd.jpg?resize=350%2C200&ssl=1","width":350,"height":200},"classes":[]},{"id":1679,"url":"https:\/\/ryfi.online\/es\/producto\/camiseta-dibujo-animado-de-patrulla-canina-de-nickelodeon-para-ninas\/","url_meta":{"origin":2251,"position":3},"title":"Camiseta dibujo animado de Patrulla Canina de Nickelodeon para ni\u00f1as","date":"junio 15, 2021","format":false,"excerpt":"Envio Gratis 1-3 dias laborales Devolucion Gratuito","rel":"","context":"Entrada similar","img":{"alt_text":"Camiseta Patrulla Canina","src":"https:\/\/i0.wp.com\/ryfi.online\/wp-content\/uploads\/2021\/06\/se1488_dfu.jpg?resize=350%2C200&ssl=1","width":350,"height":200},"classes":[]},{"id":2161,"url":"https:\/\/ryfi.online\/es\/producto\/camiseta-disney-con-falda-de-frozen-ii-de-algodon-para-ninas\/","url_meta":{"origin":2251,"position":4},"title":"Camiseta Disney  con falda de Frozen II de algod\u00f3n para ni\u00f1as ET1238","date":"julio 12, 2021","format":false,"excerpt":"Env\u00edo gratuito y r\u00e1pido en 1-3 d\u00edas.","rel":"","context":"Entrada similar","img":{"alt_text":"","src":"https:\/\/i0.wp.com\/ryfi.online\/wp-content\/uploads\/2021\/07\/et1238_wh.jpg?resize=350%2C200&ssl=1","width":350,"height":200},"classes":[]},{"id":1443,"url":"https:\/\/ryfi.online\/es\/producto\/camiseta-con-diseno-de-frozen-de-disney-para-ninas\/","url_meta":{"origin":2251,"position":5},"title":"Camiseta con dise\u00f1o de Frozen de Disney para ni\u00f1as","date":"junio 9, 2021","format":false,"excerpt":"Envio Gratis 1-3 dias laborales Devolucion Gratuito","rel":"","context":"Entrada similar","img":{"alt_text":"Camiseta Frozen Disney","src":"https:\/\/i0.wp.com\/ryfi.online\/wp-content\/uploads\/2021\/06\/ET1222_WH.jpg?resize=350%2C200&ssl=1","width":350,"height":200},"classes":[]}],"_links":{"self":[{"href":"https:\/\/ryfi.online\/es\/wp-json\/wp\/v2\/product\/2251","targetHints":{"allow":["GET"]}}],"collection":[{"href":"https:\/\/ryfi.online\/es\/wp-json\/wp\/v2\/product"}],"about":[{"href":"https:\/\/ryfi.online\/es\/wp-json\/wp\/v2\/types\/product"}],"replies":[{"embeddable":true,"href":"https:\/\/ryfi.online\/es\/wp-json\/wp\/v2\/comments?post=2251"}],"wp:featuredmedia":[{"embeddable":true,"href":"https:\/\/ryfi.online\/es\/wp-json\/wp\/v2\/media\/2252"}],"wp:attachment":[{"href":"https:\/\/ryfi.online\/es\/wp-json\/wp\/v2\/media?parent=2251"}],"wp:term":[{"taxonomy":"product_brand","embeddable":true,"href":"https:\/\/ryfi.online\/es\/wp-json\/wp\/v2\/product_brand?post=2251"},{"taxonomy":"product_cat","embeddable":true,"href":"https:\/\/ryfi.online\/es\/wp-json\/wp\/v2\/product_cat?post=2251"},{"taxonomy":"product_tag","embeddable":true,"href":"https:\/\/ryfi.online\/es\/wp-json\/wp\/v2\/product_tag?post=2251"}],"curies":[{"name":"wp","href":"https:\/\/api.w.org\/{rel}","templated":true}]}}