{"id":2249,"date":"2021-07-17T10:35:23","date_gmt":"2021-07-17T10:35:23","guid":{"rendered":"https:\/\/ryfi.online\/?post_type=product&#038;p=2249"},"modified":"2023-01-05T19:54:12","modified_gmt":"2023-01-05T19:54:12","slug":"3-braguitas-100-algodon-para-ninas-disney-princess-6-8-anos","status":"publish","type":"product","link":"https:\/\/ryfi.online\/es\/producto\/3-braguitas-100-algodon-para-ninas-disney-princess-6-8-anos\/","title":{"rendered":"3 braguitas 100% algod\u00f3n para ni\u00f1as Disney Princess  6\u20138 a\u00f1os TH3040"},"content":{"rendered":"<p>&nbsp;<\/p>\n<p><span class=\"a-list-item\">\u2705\u00a0Juego de tres bragas para ni\u00f1a<\/span><\/p>\n<p><span class=\"a-list-item\">\u2705 Set de tres bragas para ni\u00f1a talla 6\/8 a\u00f1os<\/span><\/p>\n<p><span class=\"a-list-item\">\u2705\u00a0Cierre: con cord\u00f3n<\/span><\/p>\n<p><span class=\"a-list-item\">\u2705\u00a0Lavar a m\u00e1quina<\/span><\/p>\n<p><span class=\"a-list-item\">\u2705\u00a0Calzoncillo<\/span><\/p>\n<p><span class=\"a-list-item\">\u2705\u00a0Original de Disney de algod\u00f3n.<\/span><\/p>\n<p><span class=\"a-list-item\">\u2705\u00a0Se puede lavar en lavadora<\/span><\/p>\n<p><span class=\"a-list-item\">\u2705\u00a0Regalo perfecto para cumplea\u00f1os de ni\u00f1os o Navidad.<\/span><\/p>\n<p>&nbsp;<\/p>\n","protected":false},"excerpt":{"rendered":"<div class=\"woocommerce-product-details__short-description\">Env\u00edo rapido y seguro en 1-3 dias laborales<\/div>\n","protected":false},"featured_media":2110,"comment_status":"open","ping_status":"closed","template":"","meta":[],"product_brand":[],"product_cat":[67],"product_tag":[],"class_list":{"0":"post-2249","1":"product","2":"type-product","3":"status-publish","4":"has-post-thumbnail","6":"product_cat-calzoncillos","8":"first","9":"instock","10":"featured","11":"taxable","12":"shipping-taxable","13":"purchasable","14":"product-type-simple"},"yoast_head":"<!-- This site is optimized with the Yoast SEO Premium plugin v17.1.2 (Yoast SEO v27.5) - https:\/\/yoast.com\/product\/yoast-seo-premium-wordpress\/ -->\n<title>3 braguitas 100% algod\u00f3n para ni\u00f1as Disney Princess 6\u20138 a\u00f1os TH3040 - Ryfi Online Store<\/title>\n<meta name=\"description\" content=\"Si est\u00e1s buscando comprar 3 calzoncillos 100% algod\u00f3n de las princesas Disney para ni\u00f1as de 6 a 8 a\u00f1os en Espa\u00f1a. Compre ahora desde ryfi.online!\" \/>\n<meta name=\"robots\" content=\"index, follow, max-snippet:-1, max-image-preview:large, max-video-preview:-1\" \/>\n<link rel=\"canonical\" href=\"https:\/\/ryfi.online\/es\/producto\/3-braguitas-100-algodon-para-ninas-disney-princess-6-8-anos\/\" \/>\n<meta property=\"og:locale\" content=\"es_ES\" \/>\n<meta property=\"og:type\" content=\"article\" \/>\n<meta property=\"og:title\" content=\"3 braguitas 100% algod\u00f3n para ni\u00f1as Disney Princess 6\u20138 a\u00f1os TH3040\" \/>\n<meta property=\"og:description\" content=\"Si est\u00e1s buscando comprar 3 calzoncillos 100% algod\u00f3n de las princesas Disney para ni\u00f1as de 6 a 8 a\u00f1os en Espa\u00f1a. Compre ahora desde ryfi.online!\" \/>\n<meta property=\"og:url\" content=\"https:\/\/ryfi.online\/es\/producto\/3-braguitas-100-algodon-para-ninas-disney-princess-6-8-anos\/\" \/>\n<meta property=\"og:site_name\" content=\"Ryfi Online Store\" \/>\n<meta property=\"article:publisher\" content=\"https:\/\/www.facebook.com\/ryfi.online\/\" \/>\n<meta property=\"article:modified_time\" content=\"2023-01-05T19:54:12+00:00\" \/>\n<meta property=\"og:image\" content=\"https:\/\/ryfi.online\/wp-content\/uploads\/2021\/07\/et3013.23y_pack.jpg\" \/>\n\t<meta property=\"og:image:width\" content=\"800\" \/>\n\t<meta property=\"og:image:height\" content=\"1200\" \/>\n\t<meta property=\"og:image:type\" content=\"image\/jpeg\" \/>\n<meta name=\"twitter:card\" content=\"summary_large_image\" \/>\n<meta name=\"twitter:label1\" content=\"Precio\" \/>\n\t<meta name=\"twitter:data1\" content=\"&#036;4.99\" \/>\n\t<meta name=\"twitter:label2\" content=\"Availability\" \/>\n\t<meta name=\"twitter:data2\" content=\"In stock\" \/>\n<meta property=\"product:brand\" content=\"Calzoncillos\" \/>\n<meta property=\"product:price:amount\" content=\"4.99\" \/>\n<meta property=\"product:price:currency\" content=\"USD\" \/>\n<meta property=\"og:availability\" content=\"instock\" \/>\n<meta property=\"product:availability\" content=\"instock\" \/>\n<meta property=\"product:condition\" content=\"new\" \/>\n<!-- \/ Yoast SEO Premium plugin. -->","yoast_head_json":{"title":"3 braguitas 100% algod\u00f3n para ni\u00f1as Disney Princess 6\u20138 a\u00f1os TH3040 - Ryfi Online Store","description":"Si est\u00e1s buscando comprar 3 calzoncillos 100% algod\u00f3n de las princesas Disney para ni\u00f1as de 6 a 8 a\u00f1os en Espa\u00f1a. Compre ahora desde ryfi.online!","robots":{"index":"index","follow":"follow","max-snippet":"max-snippet:-1","max-image-preview":"max-image-preview:large","max-video-preview":"max-video-preview:-1"},"canonical":"https:\/\/ryfi.online\/es\/producto\/3-braguitas-100-algodon-para-ninas-disney-princess-6-8-anos\/","og_locale":"es_ES","og_type":"article","og_title":"3 braguitas 100% algod\u00f3n para ni\u00f1as Disney Princess 6\u20138 a\u00f1os TH3040","og_description":"Si est\u00e1s buscando comprar 3 calzoncillos 100% algod\u00f3n de las princesas Disney para ni\u00f1as de 6 a 8 a\u00f1os en Espa\u00f1a. Compre ahora desde ryfi.online!","og_url":"https:\/\/ryfi.online\/es\/producto\/3-braguitas-100-algodon-para-ninas-disney-princess-6-8-anos\/","og_site_name":"Ryfi Online Store","article_publisher":"https:\/\/www.facebook.com\/ryfi.online\/","article_modified_time":"2023-01-05T19:54:12+00:00","og_image":[{"width":800,"height":1200,"url":"https:\/\/ryfi.online\/wp-content\/uploads\/2021\/07\/et3013.23y_pack.jpg","type":"image\/jpeg"}],"twitter_card":"summary_large_image","twitter_misc":{"Precio":"&#36;4.99","Availability":"In stock"},"schema":{"@context":"https:\/\/schema.org","@graph":[{"@type":"WebPage","@id":"https:\/\/ryfi.online\/es\/producto\/3-braguitas-100-algodon-para-ninas-disney-princess-6-8-anos\/","url":"https:\/\/ryfi.online\/es\/producto\/3-braguitas-100-algodon-para-ninas-disney-princess-6-8-anos\/","name":"3 braguitas 100% algod\u00f3n para ni\u00f1as Disney Princess 6\u20138 a\u00f1os TH3040 - Ryfi Online Store","isPartOf":{"@id":"https:\/\/ryfi.online\/es\/#website"},"primaryImageOfPage":{"@id":"https:\/\/ryfi.online\/es\/producto\/3-braguitas-100-algodon-para-ninas-disney-princess-6-8-anos\/#primaryimage"},"image":{"@id":"https:\/\/ryfi.online\/es\/producto\/3-braguitas-100-algodon-para-ninas-disney-princess-6-8-anos\/#primaryimage"},"thumbnailUrl":"https:\/\/ryfi.online\/wp-content\/uploads\/2021\/07\/et3013.23y_pack.jpg","datePublished":"2021-07-17T10:35:23+00:00","dateModified":"2023-01-05T19:54:12+00:00","description":"Si est\u00e1s buscando comprar 3 calzoncillos 100% algod\u00f3n de las princesas Disney para ni\u00f1as de 6 a 8 a\u00f1os en Espa\u00f1a. Compre ahora desde ryfi.online!","breadcrumb":{"@id":"https:\/\/ryfi.online\/es\/producto\/3-braguitas-100-algodon-para-ninas-disney-princess-6-8-anos\/#breadcrumb"},"inLanguage":"es","potentialAction":[{"@type":"ReadAction","target":["https:\/\/ryfi.online\/es\/producto\/3-braguitas-100-algodon-para-ninas-disney-princess-6-8-anos\/"]}]},{"@type":"ImageObject","inLanguage":"es","@id":"https:\/\/ryfi.online\/es\/producto\/3-braguitas-100-algodon-para-ninas-disney-princess-6-8-anos\/#primaryimage","url":"https:\/\/ryfi.online\/wp-content\/uploads\/2021\/07\/et3013.23y_pack.jpg","contentUrl":"https:\/\/ryfi.online\/wp-content\/uploads\/2021\/07\/et3013.23y_pack.jpg","width":800,"height":1200},{"@type":"BreadcrumbList","@id":"https:\/\/ryfi.online\/es\/producto\/3-braguitas-100-algodon-para-ninas-disney-princess-6-8-anos\/#breadcrumb","itemListElement":[{"@type":"ListItem","position":1,"name":"Home","item":"https:\/\/ryfi.online\/es\/"},{"@type":"ListItem","position":2,"name":"Free and Fast Shipping whitin 1-3 Days!!!","item":"https:\/\/ryfi.online\/shop\/"},{"@type":"ListItem","position":3,"name":"3 braguitas 100% algod\u00f3n para ni\u00f1as Disney Princess 6\u20138 a\u00f1os TH3040"}]},{"@type":"WebSite","@id":"https:\/\/ryfi.online\/es\/#website","url":"https:\/\/ryfi.online\/es\/","name":"Ryfi Online Store","description":"Online Store","publisher":{"@id":"https:\/\/ryfi.online\/es\/#organization"},"potentialAction":[{"@type":"SearchAction","target":{"@type":"EntryPoint","urlTemplate":"https:\/\/ryfi.online\/es\/?s={search_term_string}"},"query-input":{"@type":"PropertyValueSpecification","valueRequired":true,"valueName":"search_term_string"}}],"inLanguage":"es"},{"@type":"Organization","@id":"https:\/\/ryfi.online\/es\/#organization","name":"Ryan Future Investments LLC","url":"https:\/\/ryfi.online\/es\/","logo":{"@type":"ImageObject","inLanguage":"es","@id":"https:\/\/ryfi.online\/es\/#\/schema\/logo\/image\/","url":"https:\/\/ryfi.online\/wp-content\/uploads\/2021\/03\/2-03.png","contentUrl":"https:\/\/ryfi.online\/wp-content\/uploads\/2021\/03\/2-03.png","width":1010,"height":310,"caption":"Ryan Future Investments LLC"},"image":{"@id":"https:\/\/ryfi.online\/es\/#\/schema\/logo\/image\/"},"sameAs":["https:\/\/www.facebook.com\/ryfi.online\/"]}]},"product_brand":"Calzoncillos","product_price_amount":"4.99","product_price_currency":"USD","og_availability":"instock","product_availability":"instock","product_condition":"new"},"jetpack-related-posts":[{"id":11894,"url":"https:\/\/ryfi.online\/de\/produkt\/3-braguitas-100-algodon-para-ninas-disney-princess-4-5-anos-2\/","url_meta":{"origin":2249,"position":0},"title":"3 braguitas 100 % algod\u00f3n para ni\u00f1as Disney Princess 4\u20135 a\u00f1os TH3040","date":"julio 17, 2021","format":false,"excerpt":"Env\u00edo rapido y seguro en 1-3 dias laborales","rel":"","context":"Entrada similar","img":{"alt_text":"","src":"https:\/\/i0.wp.com\/ryfi.online\/wp-content\/uploads\/2021\/07\/et3013.23y_pack.jpg?resize=350%2C200&ssl=1","width":350,"height":200},"classes":[]},{"id":2093,"url":"https:\/\/ryfi.online\/es\/producto\/3-braguitas-100-algodon-para-ninos-marvel-spiderman-6-8-anos\/","url_meta":{"origin":2249,"position":1},"title":"3 braguitas 100% algod\u00f3n para ni\u00f1os Marvel Spiderman 6\u20138 a\u00f1os","date":"julio 2, 2021","format":false,"excerpt":"Envio Gratis 1-3 dias laborales Devolucion Gratuito","rel":"","context":"Entrada similar","img":{"alt_text":"","src":"https:\/\/i0.wp.com\/ryfi.online\/wp-content\/uploads\/2021\/07\/img_141921_063855668ffb7096235876846a9fbb9f_20.jpg?resize=350%2C200&ssl=1","width":350,"height":200},"classes":[]},{"id":2114,"url":"https:\/\/ryfi.online\/es\/producto\/3-disney-minnie-ninas-100-calzoncillos-de-algodon-2-3-anos\/","url_meta":{"origin":2249,"position":2},"title":"Set de 3 calzoncillos de 100% algod\u00f3n de Disney Minnie para ni\u00f1as de 2 a 3 a\u00f1os UE3000","date":"julio 5, 2021","format":false,"excerpt":"Env\u00edo rapido y seguro en 1-3 dias laborales","rel":"","context":"Entrada similar","img":{"alt_text":"Set 3 calzoncillos Minnie -1","src":"https:\/\/i0.wp.com\/ryfi.online\/wp-content\/uploads\/2021\/07\/ue3000.23y.e00-scaled.jpg?resize=350%2C200&ssl=1","width":350,"height":200},"classes":[]},{"id":2118,"url":"https:\/\/ryfi.online\/es\/producto\/3-peppa-pig-ninas-100-calzoncillos-de-algodon-4-5-anos\/","url_meta":{"origin":2249,"position":3},"title":"Set de 3 calzoncillos 100% algod\u00f3n de Peppa Pig para ni\u00f1as de 4 a 5 a\u00f1os UE3026","date":"julio 5, 2021","format":false,"excerpt":"Env\u00edo rapido y seguro en 1-3 dias laborales","rel":"","context":"Entrada similar","img":{"alt_text":"Set 3 calzoncillos Peppa Pig - 1","src":"https:\/\/i0.wp.com\/ryfi.online\/wp-content\/uploads\/2021\/07\/ue3026.45y.e00-scaled.jpg?resize=350%2C200&ssl=1","width":350,"height":200},"classes":[]},{"id":2136,"url":"https:\/\/ryfi.online\/es\/producto\/set-3-disney-mickey-100-calzoncillos-de-algodon-para-ninos-6-8-anos\/","url_meta":{"origin":2249,"position":4},"title":"Set de 3 calzoncillos 100% algod\u00f3n de Disney Mickey para ni\u00f1os de 6 a 8 a\u00f1os UE3091","date":"julio 5, 2021","format":false,"excerpt":"Env\u00edo rapido y seguro en 1-3 dias laborales","rel":"","context":"Entrada similar","img":{"alt_text":"Set 3 calzoncillos Mickey - 1","src":"https:\/\/i0.wp.com\/ryfi.online\/wp-content\/uploads\/2021\/07\/er3091.68y.e00.jpg?resize=350%2C200&ssl=1","width":350,"height":200},"classes":[]},{"id":2161,"url":"https:\/\/ryfi.online\/es\/producto\/camiseta-disney-con-falda-de-frozen-ii-de-algodon-para-ninas\/","url_meta":{"origin":2249,"position":5},"title":"Camiseta Disney  con falda de Frozen II de algod\u00f3n para ni\u00f1as ET1238","date":"julio 12, 2021","format":false,"excerpt":"Env\u00edo gratuito y r\u00e1pido en 1-3 d\u00edas.","rel":"","context":"Entrada similar","img":{"alt_text":"","src":"https:\/\/i0.wp.com\/ryfi.online\/wp-content\/uploads\/2021\/07\/et1238_wh.jpg?resize=350%2C200&ssl=1","width":350,"height":200},"classes":[]}],"_links":{"self":[{"href":"https:\/\/ryfi.online\/es\/wp-json\/wp\/v2\/product\/2249","targetHints":{"allow":["GET"]}}],"collection":[{"href":"https:\/\/ryfi.online\/es\/wp-json\/wp\/v2\/product"}],"about":[{"href":"https:\/\/ryfi.online\/es\/wp-json\/wp\/v2\/types\/product"}],"replies":[{"embeddable":true,"href":"https:\/\/ryfi.online\/es\/wp-json\/wp\/v2\/comments?post=2249"}],"wp:featuredmedia":[{"embeddable":true,"href":"https:\/\/ryfi.online\/es\/wp-json\/wp\/v2\/media\/2110"}],"wp:attachment":[{"href":"https:\/\/ryfi.online\/es\/wp-json\/wp\/v2\/media?parent=2249"}],"wp:term":[{"taxonomy":"product_brand","embeddable":true,"href":"https:\/\/ryfi.online\/es\/wp-json\/wp\/v2\/product_brand?post=2249"},{"taxonomy":"product_cat","embeddable":true,"href":"https:\/\/ryfi.online\/es\/wp-json\/wp\/v2\/product_cat?post=2249"},{"taxonomy":"product_tag","embeddable":true,"href":"https:\/\/ryfi.online\/es\/wp-json\/wp\/v2\/product_tag?post=2249"}],"curies":[{"name":"wp","href":"https:\/\/api.w.org\/{rel}","templated":true}]}}