{"id":2247,"date":"2021-07-17T10:30:12","date_gmt":"2021-07-17T10:30:12","guid":{"rendered":"https:\/\/ryfi.online\/?post_type=product&#038;p=2247"},"modified":"2023-01-05T19:46:41","modified_gmt":"2023-01-05T19:46:41","slug":"3-braguitas-100-algodon-para-ninas-disney-princess-4-5-anos","status":"publish","type":"product","link":"https:\/\/ryfi.online\/es\/producto\/3-braguitas-100-algodon-para-ninas-disney-princess-4-5-anos\/","title":{"rendered":"3 braguitas 100% algod\u00f3n para ni\u00f1as Disney Princess  4\u20135 a\u00f1os TH3040"},"content":{"rendered":"<p>&nbsp;<\/p>\n<p><span class=\"a-list-item\">\u2705 Juego de tres bragas para ni\u00f1a de Princesas Disney<br \/>\n<\/span><\/p>\n<p><span class=\"a-list-item\">\u2705 Set de tres bragas para ni\u00f1a talla 4\/5 a\u00f1os<\/span><\/p>\n<p><span class=\"a-list-item\">\u2705\u00a0Cierre: con cord\u00f3n<\/span><\/p>\n<p><span class=\"a-list-item\">\u2705\u00a0Lavar a m\u00e1quina<\/span><\/p>\n<p><span class=\"a-list-item\">\u2705\u00a0Calzoncillo<\/span><\/p>\n<p><span class=\"a-list-item\">\u2705\u00a0Original de Disney de algod\u00f3n.<\/span><\/p>\n<p><span class=\"a-list-item\">\u2705\u00a0Se puede lavar en lavadora<\/span><\/p>\n<p><span class=\"a-list-item\">\u2705\u00a0Regalo perfecto para cumplea\u00f1os de ni\u00f1os o Navidad.<\/span><\/p>\n<p>&nbsp;<\/p>\n","protected":false},"excerpt":{"rendered":"<div class=\"woocommerce-product-details__short-description\">Env\u00edo rapido y seguro en 1-3 dias laborales<\/div>\n","protected":false},"featured_media":2110,"comment_status":"open","ping_status":"closed","template":"","meta":[],"product_brand":[],"product_cat":[67],"product_tag":[],"class_list":{"0":"post-2247","1":"product","2":"type-product","3":"status-publish","4":"has-post-thumbnail","6":"product_cat-calzoncillos","8":"first","9":"instock","10":"featured","11":"taxable","12":"shipping-taxable","13":"purchasable","14":"product-type-simple"},"yoast_head":"<!-- This site is optimized with the Yoast SEO Premium plugin v17.1.2 (Yoast SEO v27.4) - https:\/\/yoast.com\/product\/yoast-seo-premium-wordpress\/ -->\n<title>3 braguitas 100% algod\u00f3n para ni\u00f1as Disney Princess 4\u20135 a\u00f1os TH3040 - Ryfi Online Store<\/title>\n<meta name=\"description\" content=\"Compra 3 calzoncillos 100% algod\u00f3n de las princesas Disney para ni\u00f1as de 4 a 5 a\u00f1os a un precio muy asequible en la mejor tienda online de Espa\u00f1a, Ryfi.\" \/>\n<meta name=\"robots\" content=\"index, follow, max-snippet:-1, max-image-preview:large, max-video-preview:-1\" \/>\n<link rel=\"canonical\" href=\"https:\/\/ryfi.online\/es\/producto\/3-braguitas-100-algodon-para-ninas-disney-princess-4-5-anos\/\" \/>\n<meta property=\"og:locale\" content=\"es_ES\" \/>\n<meta property=\"og:type\" content=\"article\" \/>\n<meta property=\"og:title\" content=\"3 braguitas 100% algod\u00f3n para ni\u00f1as Disney Princess 4\u20135 a\u00f1os TH3040\" \/>\n<meta property=\"og:description\" content=\"Compra 3 calzoncillos 100% algod\u00f3n de las princesas Disney para ni\u00f1as de 4 a 5 a\u00f1os a un precio muy asequible en la mejor tienda online de Espa\u00f1a, Ryfi.\" \/>\n<meta property=\"og:url\" content=\"https:\/\/ryfi.online\/es\/producto\/3-braguitas-100-algodon-para-ninas-disney-princess-4-5-anos\/\" \/>\n<meta property=\"og:site_name\" content=\"Ryfi Online Store\" \/>\n<meta property=\"article:publisher\" content=\"https:\/\/www.facebook.com\/ryfi.online\/\" \/>\n<meta property=\"article:modified_time\" content=\"2023-01-05T19:46:41+00:00\" \/>\n<meta property=\"og:image\" content=\"https:\/\/ryfi.online\/wp-content\/uploads\/2021\/07\/et3013.23y_pack.jpg\" \/>\n\t<meta property=\"og:image:width\" content=\"800\" \/>\n\t<meta property=\"og:image:height\" content=\"1200\" \/>\n\t<meta property=\"og:image:type\" content=\"image\/jpeg\" \/>\n<meta name=\"twitter:card\" content=\"summary_large_image\" \/>\n<meta name=\"twitter:label1\" content=\"Precio\" \/>\n\t<meta name=\"twitter:data1\" content=\"&#036;4.99\" \/>\n\t<meta name=\"twitter:label2\" content=\"Availability\" \/>\n\t<meta name=\"twitter:data2\" content=\"In stock\" \/>\n<meta property=\"product:brand\" content=\"Calzoncillos\" \/>\n<meta property=\"product:price:amount\" content=\"4.99\" \/>\n<meta property=\"product:price:currency\" content=\"USD\" \/>\n<meta property=\"og:availability\" content=\"instock\" \/>\n<meta property=\"product:availability\" content=\"instock\" \/>\n<meta property=\"product:condition\" content=\"new\" \/>\n<!-- \/ Yoast SEO Premium plugin. -->","yoast_head_json":{"title":"3 braguitas 100% algod\u00f3n para ni\u00f1as Disney Princess 4\u20135 a\u00f1os TH3040 - Ryfi Online Store","description":"Compra 3 calzoncillos 100% algod\u00f3n de las princesas Disney para ni\u00f1as de 4 a 5 a\u00f1os a un precio muy asequible en la mejor tienda online de Espa\u00f1a, Ryfi.","robots":{"index":"index","follow":"follow","max-snippet":"max-snippet:-1","max-image-preview":"max-image-preview:large","max-video-preview":"max-video-preview:-1"},"canonical":"https:\/\/ryfi.online\/es\/producto\/3-braguitas-100-algodon-para-ninas-disney-princess-4-5-anos\/","og_locale":"es_ES","og_type":"article","og_title":"3 braguitas 100% algod\u00f3n para ni\u00f1as Disney Princess 4\u20135 a\u00f1os TH3040","og_description":"Compra 3 calzoncillos 100% algod\u00f3n de las princesas Disney para ni\u00f1as de 4 a 5 a\u00f1os a un precio muy asequible en la mejor tienda online de Espa\u00f1a, Ryfi.","og_url":"https:\/\/ryfi.online\/es\/producto\/3-braguitas-100-algodon-para-ninas-disney-princess-4-5-anos\/","og_site_name":"Ryfi Online Store","article_publisher":"https:\/\/www.facebook.com\/ryfi.online\/","article_modified_time":"2023-01-05T19:46:41+00:00","og_image":[{"width":800,"height":1200,"url":"https:\/\/ryfi.online\/wp-content\/uploads\/2021\/07\/et3013.23y_pack.jpg","type":"image\/jpeg"}],"twitter_card":"summary_large_image","twitter_misc":{"Precio":"&#36;4.99","Availability":"In stock"},"schema":{"@context":"https:\/\/schema.org","@graph":[{"@type":"WebPage","@id":"https:\/\/ryfi.online\/es\/producto\/3-braguitas-100-algodon-para-ninas-disney-princess-4-5-anos\/","url":"https:\/\/ryfi.online\/es\/producto\/3-braguitas-100-algodon-para-ninas-disney-princess-4-5-anos\/","name":"3 braguitas 100% algod\u00f3n para ni\u00f1as Disney Princess 4\u20135 a\u00f1os TH3040 - Ryfi Online Store","isPartOf":{"@id":"https:\/\/ryfi.online\/es\/#website"},"primaryImageOfPage":{"@id":"https:\/\/ryfi.online\/es\/producto\/3-braguitas-100-algodon-para-ninas-disney-princess-4-5-anos\/#primaryimage"},"image":{"@id":"https:\/\/ryfi.online\/es\/producto\/3-braguitas-100-algodon-para-ninas-disney-princess-4-5-anos\/#primaryimage"},"thumbnailUrl":"https:\/\/ryfi.online\/wp-content\/uploads\/2021\/07\/et3013.23y_pack.jpg","datePublished":"2021-07-17T10:30:12+00:00","dateModified":"2023-01-05T19:46:41+00:00","description":"Compra 3 calzoncillos 100% algod\u00f3n de las princesas Disney para ni\u00f1as de 4 a 5 a\u00f1os a un precio muy asequible en la mejor tienda online de Espa\u00f1a, Ryfi.","breadcrumb":{"@id":"https:\/\/ryfi.online\/es\/producto\/3-braguitas-100-algodon-para-ninas-disney-princess-4-5-anos\/#breadcrumb"},"inLanguage":"es","potentialAction":[{"@type":"ReadAction","target":["https:\/\/ryfi.online\/es\/producto\/3-braguitas-100-algodon-para-ninas-disney-princess-4-5-anos\/"]}]},{"@type":"ImageObject","inLanguage":"es","@id":"https:\/\/ryfi.online\/es\/producto\/3-braguitas-100-algodon-para-ninas-disney-princess-4-5-anos\/#primaryimage","url":"https:\/\/ryfi.online\/wp-content\/uploads\/2021\/07\/et3013.23y_pack.jpg","contentUrl":"https:\/\/ryfi.online\/wp-content\/uploads\/2021\/07\/et3013.23y_pack.jpg","width":800,"height":1200},{"@type":"BreadcrumbList","@id":"https:\/\/ryfi.online\/es\/producto\/3-braguitas-100-algodon-para-ninas-disney-princess-4-5-anos\/#breadcrumb","itemListElement":[{"@type":"ListItem","position":1,"name":"Home","item":"https:\/\/ryfi.online\/es\/"},{"@type":"ListItem","position":2,"name":"Free and Fast Shipping whitin 1-3 Days!!!","item":"https:\/\/ryfi.online\/shop\/"},{"@type":"ListItem","position":3,"name":"3 braguitas 100% algod\u00f3n para ni\u00f1as Disney Princess 4\u20135 a\u00f1os TH3040"}]},{"@type":"WebSite","@id":"https:\/\/ryfi.online\/es\/#website","url":"https:\/\/ryfi.online\/es\/","name":"Ryfi Online Store","description":"Online Store","publisher":{"@id":"https:\/\/ryfi.online\/es\/#organization"},"potentialAction":[{"@type":"SearchAction","target":{"@type":"EntryPoint","urlTemplate":"https:\/\/ryfi.online\/es\/?s={search_term_string}"},"query-input":{"@type":"PropertyValueSpecification","valueRequired":true,"valueName":"search_term_string"}}],"inLanguage":"es"},{"@type":"Organization","@id":"https:\/\/ryfi.online\/es\/#organization","name":"Ryan Future Investments LLC","url":"https:\/\/ryfi.online\/es\/","logo":{"@type":"ImageObject","inLanguage":"es","@id":"https:\/\/ryfi.online\/es\/#\/schema\/logo\/image\/","url":"https:\/\/ryfi.online\/wp-content\/uploads\/2021\/03\/2-03.png","contentUrl":"https:\/\/ryfi.online\/wp-content\/uploads\/2021\/03\/2-03.png","width":1010,"height":310,"caption":"Ryan Future Investments LLC"},"image":{"@id":"https:\/\/ryfi.online\/es\/#\/schema\/logo\/image\/"},"sameAs":["https:\/\/www.facebook.com\/ryfi.online\/"]}]},"product_brand":"Calzoncillos","product_price_amount":"4.99","product_price_currency":"USD","og_availability":"instock","product_availability":"instock","product_condition":"new"},"jetpack-related-posts":[{"id":9791,"url":"https:\/\/ryfi.online\/de\/produkt\/gorra-de-beisbol-con-diseno-de-princesas-de-disney-para-ninas\/","url_meta":{"origin":2247,"position":0},"title":"Gorra de b\u00e9isbol con dise\u00f1o de Princesas de Disney para ni\u00f1as ET4145","date":"junio 9, 2021","format":false,"excerpt":"Kostenloser Versand 1-3 Werktage Kostenlose R\u00fccksendung","rel":"","context":"Entrada similar","img":{"alt_text":"Gorra Princesas Disney","src":"https:\/\/i0.wp.com\/ryfi.online\/wp-content\/uploads\/2021\/06\/et4145_wh.jpg?resize=350%2C200&ssl=1","width":350,"height":200},"classes":[]},{"id":9324,"url":"https:\/\/ryfi.online\/de\/produkt\/disney-prinzessin-t-shirt-se1126\/","url_meta":{"origin":2247,"position":1},"title":"Disney Princess T-Shirt f\u00fcr M\u00e4dchen SE1126","date":"abril 29, 2022","format":false,"excerpt":"Schneller und sicherer Versand in 1-3 Werktagen","rel":"","context":"Entrada similar","img":{"alt_text":"Prinzessin-T-Shirt","src":"https:\/\/i0.wp.com\/ryfi.online\/wp-content\/uploads\/2022\/04\/se1126.jpg?resize=350%2C200&ssl=1","width":350,"height":200},"classes":[]},{"id":5233,"url":"https:\/\/ryfi.online\/de\/produkt\/3-100-baumwoll-hoschen-fur-madchen-disney-prinzessin-2-3-jahre\/","url_meta":{"origin":2247,"position":2},"title":"3 Disney Princess Slips aus 100 % Baumwolle f\u00fcr M\u00e4dchen, 2\u20133 Jahre, TH3040","date":"julio 2, 2021","format":false,"excerpt":"Schneller und sicherer Versand in 1-3 Werktagen","rel":"","context":"Entrada similar","img":{"alt_text":"","src":"https:\/\/i0.wp.com\/ryfi.online\/wp-content\/uploads\/2021\/07\/et3013.23y_pack.jpg?resize=350%2C200&ssl=1","width":350,"height":200},"classes":[]},{"id":5202,"url":"https:\/\/ryfi.online\/de\/produkt\/3-disney-minnie-girls-100-cotton-slips-2-3-jahre\/","url_meta":{"origin":2247,"position":3},"title":"Set 3 Disney Minnie M\u00e4dchen Slips aus 100 % Baumwolle 2\u20133 Jahre UE3000","date":"julio 5, 2021","format":false,"excerpt":"Kostenloser Versand 1-3 Tage Kostenlose R\u00fcckgabe","rel":"","context":"Entrada similar","img":{"alt_text":"Stellen Sie 3 Calzoncillos Minnie -1 ein","src":"https:\/\/i0.wp.com\/ryfi.online\/wp-content\/uploads\/2021\/07\/ue3000.23y.e00-scaled.jpg?resize=350%2C200&ssl=1","width":350,"height":200},"classes":[]},{"id":5013,"url":"https:\/\/ryfi.online\/de\/produkt\/3-100-baumwoll-hoschen-fur-madchen-disney-prinzessinnen-6-8-jahre\/","url_meta":{"origin":2247,"position":4},"title":"3 Disney-Prinzessinnen-Slips aus 100 % Baumwolle f\u00fcr M\u00e4dchen 6\u20138 Jahre TH3040","date":"julio 17, 2021","format":false,"excerpt":"Schneller und sicherer Versand in 1-3 Werktagen","rel":"","context":"Entrada similar","img":{"alt_text":"","src":"https:\/\/i0.wp.com\/ryfi.online\/wp-content\/uploads\/2021\/07\/et3013.23y_pack.jpg?resize=350%2C200&ssl=1","width":350,"height":200},"classes":[]},{"id":4024,"url":"https:\/\/ryfi.online\/de\/produkt\/disney-frozen-2-anna-elsa-figuren-trainingsanzug-hose\/","url_meta":{"origin":2247,"position":5},"title":"Disney Frozen 2 Anna &amp; Elsa Figuren Jogginghose TH1076","date":"octubre 8, 2021","format":false,"excerpt":"Schneller und sicherer Versand in 1-3 Werktagen","rel":"","context":"Entrada similar","img":{"alt_text":" Trainingsanz\u00fcge f\u00fcr M\u00e4dchen Anna&amp;Elsa -1","src":"https:\/\/i0.wp.com\/ryfi.online\/wp-content\/uploads\/2021\/10\/th1076.jpg?resize=350%2C200&ssl=1","width":350,"height":200},"classes":[]}],"_links":{"self":[{"href":"https:\/\/ryfi.online\/es\/wp-json\/wp\/v2\/product\/2247","targetHints":{"allow":["GET"]}}],"collection":[{"href":"https:\/\/ryfi.online\/es\/wp-json\/wp\/v2\/product"}],"about":[{"href":"https:\/\/ryfi.online\/es\/wp-json\/wp\/v2\/types\/product"}],"replies":[{"embeddable":true,"href":"https:\/\/ryfi.online\/es\/wp-json\/wp\/v2\/comments?post=2247"}],"wp:featuredmedia":[{"embeddable":true,"href":"https:\/\/ryfi.online\/es\/wp-json\/wp\/v2\/media\/2110"}],"wp:attachment":[{"href":"https:\/\/ryfi.online\/es\/wp-json\/wp\/v2\/media?parent=2247"}],"wp:term":[{"taxonomy":"product_brand","embeddable":true,"href":"https:\/\/ryfi.online\/es\/wp-json\/wp\/v2\/product_brand?post=2247"},{"taxonomy":"product_cat","embeddable":true,"href":"https:\/\/ryfi.online\/es\/wp-json\/wp\/v2\/product_cat?post=2247"},{"taxonomy":"product_tag","embeddable":true,"href":"https:\/\/ryfi.online\/es\/wp-json\/wp\/v2\/product_tag?post=2247"}],"curies":[{"name":"wp","href":"https:\/\/api.w.org\/{rel}","templated":true}]}}