{"id":2185,"date":"2021-03-17T17:05:42","date_gmt":"2021-07-12T16:36:58","guid":{"rendered":"https:\/\/ryfi.online\/product\/llavero-pulpo-reversible-todos-los-colores\/"},"modified":"2025-09-25T05:34:29","modified_gmt":"2025-09-25T05:34:29","slug":"pulpo-reversible-llavero-animal-de-peluche-felpa","status":"publish","type":"product","link":"https:\/\/ryfi.online\/es\/producto\/pulpo-reversible-llavero-animal-de-peluche-felpa\/","title":{"rendered":"Llavero Pulpo Reversible Todos los Colores"},"content":{"rendered":"<p><strong>Por fin tenemos en modo llavero el famoso<a href=\"https:\/\/ryfi.online\/product\/reversible-octopus-plush\/\"> peluche de pulpo reversible<\/a> esa ha sido la sensaci\u00f3n en los \u00faltimos meses, si ten\u00edas pena por irte y ten\u00edas que dejar tu pulpo solo en casa, con este nuevo formato el llavero pulpo reversible te puede acompa\u00f1ar a todas partes! Llavero Pulpo Reversible <\/strong> son f\u00e1ciles de voltear al rev\u00e9s y tienen dos caras diferentes, felices y enojadas, para ayudarte a expresar tus emociones.Este llavero de peluche es un llavero perfecto para todos.El llavero de pulpo reversible es seguro y no t\u00f3xico, no es f\u00e1cil. para eliminar el pelo, el color es completo y la sensaci\u00f3n es c\u00f3moda.Tenemos en stock llavero de pulpo reversible de 15 colores esperando ser comprado por usted a trav\u00e9s de pagos seguros solo en <a href=\"https:\/\/ryfi.online\/es\/\">ryfi.online<\/a> con env\u00edo gratuito y r\u00e1pido dentro de 1-3 d\u00edas h\u00e1biles.<\/p>\n<p>\u2705<strong> Env\u00edo gratuito y r\u00e1pido en 1-3 d\u00edas.<\/strong><\/p>\n<p><strong>\u2705 Compre 4 y obtenga 5<\/strong><\/p>\n<p>\u2705 \u00a1Como se ve en TikTok! Un lindo llavero reversible de pulpo con dos expresiones diferentes.<\/p>\n<p>\u2705 Es f\u00e1cil de poner patas arriba para que puedas mostrar tu estado de \u00e1nimo al mundo.<\/p>\n<p>\u2705 Estos juguetes s\u00faper suaves con llavero de pulpo reversible son perfectos para jugar, coleccionar y abrazar.<\/p>\n<p>\u2705 \u00a1El llavero de animales de peluche es el regalo perfecto para fiestas, cumplea\u00f1os, baby showers, Navidad, San Valent\u00edn y m\u00e1s!<\/p>\n<p>\u2705 Por fin tenemos en modo llavero el famoso<a href=\"https:\/\/ryfi.online\/product\/reversible-octopus-plush\/\"> peluche de pulpo reversible<\/a> esa ha sido la sensaci\u00f3n en los \u00faltimos meses, si lamentabas irte y tuvieras que dejar tu<a href=\"https:\/\/ryfi.online\/product\/reversible-octopus-plush\/\"> peluche de pulpo reversible<\/a> \u00a1Solo en casa con este nuevo formato, el llavero pulpo reversible puede acompa\u00f1arte a todas partes!<\/p>\n<p>\u2705 Este llavero de pulpo reversible de doble cara est\u00e1 hecho de material de felpa duradero y relleno de algod\u00f3n PP de alta calidad. La calidad del producto es muy buena.<\/p>\n<p>\u2705 Con su tama\u00f1o de 3.14 pulgadas y su llavero de f\u00e1cil apertura puedes usarlo en ambos lados y ser\u00e1 s\u00faper agradable colgarlo de la mochila o llevar tus llaves.<\/p>\n<p><strong>Peque\u00f1o llavero de pulpo reversible, mu\u00f1ecos lindos de doble cara, llavero de pulpo de felpa para todos<i><em><span style=\"color: #0000ff;\"> TODAS<\/span><span style=\"color: #ff00ff;\"> COLORES<\/span><\/em> !!!<\/i><\/strong><\/p>\n<p>&nbsp;<\/p>\n<div style=\"width: 958px;\" class=\"wp-video\"><video class=\"wp-video-shortcode\" id=\"video-2185-1\" width=\"958\" height=\"540\" autoplay preload=\"metadata\" controls=\"controls\"><source type=\"video\/mp4\" src=\"https:\/\/ryfi.online\/wp-content\/uploads\/2021\/03\/C06CC467-94ED-4BEC-98AB-E7799D01CDD8_L0_001.mp4?_=1\" \/><a href=\"https:\/\/ryfi.online\/wp-content\/uploads\/2021\/03\/C06CC467-94ED-4BEC-98AB-E7799D01CDD8_L0_001.mp4\">https:\/\/ryfi.online\/wp-content\/uploads\/2021\/03\/C06CC467-94ED-4BEC-98AB-E7799D01CDD8_L0_001.mp4<\/a><\/video><\/div>\n","protected":false},"excerpt":{"rendered":"<p><strong>Env\u00edo gratuito y r\u00e1pido en 1-3 d\u00edas.<\/strong><\/p>\n<h3><strong>Compre 4 y obtenga 5<\/strong><\/h3>\n<h3><span style=\"color: #ff0000;\"><strong><em>\u00a1Date prisa, ventas rapides!<\/em><\/strong><\/span><\/h3>\n<p>&nbsp;<\/p>\n","protected":false},"featured_media":1874,"comment_status":"open","ping_status":"closed","template":"","meta":[],"product_brand":[],"product_cat":[54,55,39],"product_tag":[82],"class_list":{"0":"post-2185","1":"product","2":"type-product","3":"status-publish","4":"has-post-thumbnail","6":"product_cat-juguetes-de-peluche","7":"product_cat-llavero-pulpo-reversible","8":"product_cat-peluche-pulpo-reversible","9":"product_tag-es","11":"first","12":"instock","13":"featured","14":"taxable","15":"shipping-taxable","16":"purchasable","17":"product-type-variable","18":"has-default-attributes"},"yoast_head":"<!-- This site is optimized with the Yoast SEO Premium plugin v17.1.2 (Yoast SEO v27.4) - https:\/\/yoast.com\/product\/yoast-seo-premium-wordpress\/ -->\n<title>Llavero Pulpo Reversible en USA | Squishmallow Llaveros | Llaveros de animales<\/title>\n<meta name=\"description\" content=\"Compra Mini Llavero Octopus Reversible en USA. Existencias disponibles para ROSA \/ AZUL \/ AMARILLO Tama\u00f1o: 8cm, Env\u00edo gratis y r\u00e1pido dentro de 1-3 d\u00edas.\" \/>\n<meta name=\"robots\" content=\"index, follow, max-snippet:-1, max-image-preview:large, max-video-preview:-1\" \/>\n<link rel=\"canonical\" href=\"https:\/\/ryfi.online\/es\/producto\/pulpo-reversible-llavero-animal-de-peluche-felpa\/\" \/>\n<meta property=\"og:locale\" content=\"es_ES\" \/>\n<meta property=\"og:type\" content=\"article\" \/>\n<meta property=\"og:title\" content=\"Llavero Pulpo Reversible Todos los Colores\" \/>\n<meta property=\"og:description\" content=\"Compra Mini Llavero Octopus Reversible en USA. Existencias disponibles para ROSA \/ AZUL \/ AMARILLO Tama\u00f1o: 8cm, Env\u00edo gratis y r\u00e1pido dentro de 1-3 d\u00edas.\" \/>\n<meta property=\"og:url\" content=\"https:\/\/ryfi.online\/es\/producto\/pulpo-reversible-llavero-animal-de-peluche-felpa\/\" \/>\n<meta property=\"og:site_name\" content=\"Ryfi Online Store\" \/>\n<meta property=\"article:publisher\" content=\"https:\/\/www.facebook.com\/ryfi.online\/\" \/>\n<meta property=\"article:modified_time\" content=\"2025-09-25T05:34:29+00:00\" \/>\n<meta property=\"og:image\" content=\"https:\/\/ryfi.online\/wp-content\/uploads\/2021\/03\/20.jpg\" \/>\n\t<meta property=\"og:image:width\" content=\"800\" \/>\n\t<meta property=\"og:image:height\" content=\"800\" \/>\n\t<meta property=\"og:image:type\" content=\"image\/jpeg\" \/>\n<meta name=\"twitter:card\" content=\"summary_large_image\" \/>\n<meta name=\"twitter:label1\" content=\"Availability\" \/>\n\t<meta name=\"twitter:data1\" content=\"In stock\" \/>\n<meta property=\"product:brand\" content=\"Llavero pulpo reversible\" \/>\n<meta property=\"og:availability\" content=\"instock\" \/>\n<meta property=\"product:availability\" content=\"instock\" \/>\n<meta property=\"product:condition\" content=\"new\" \/>\n<!-- \/ Yoast SEO Premium plugin. -->","yoast_head_json":{"title":"Llavero Pulpo Reversible en USA | Squishmallow Llaveros | Llaveros de animales","description":"Compra Mini Llavero Octopus Reversible en USA. Existencias disponibles para ROSA \/ AZUL \/ AMARILLO Tama\u00f1o: 8cm, Env\u00edo gratis y r\u00e1pido dentro de 1-3 d\u00edas.","robots":{"index":"index","follow":"follow","max-snippet":"max-snippet:-1","max-image-preview":"max-image-preview:large","max-video-preview":"max-video-preview:-1"},"canonical":"https:\/\/ryfi.online\/es\/producto\/pulpo-reversible-llavero-animal-de-peluche-felpa\/","og_locale":"es_ES","og_type":"article","og_title":"Llavero Pulpo Reversible Todos los Colores","og_description":"Compra Mini Llavero Octopus Reversible en USA. Existencias disponibles para ROSA \/ AZUL \/ AMARILLO Tama\u00f1o: 8cm, Env\u00edo gratis y r\u00e1pido dentro de 1-3 d\u00edas.","og_url":"https:\/\/ryfi.online\/es\/producto\/pulpo-reversible-llavero-animal-de-peluche-felpa\/","og_site_name":"Ryfi Online Store","article_publisher":"https:\/\/www.facebook.com\/ryfi.online\/","article_modified_time":"2025-09-25T05:34:29+00:00","og_image":[{"width":800,"height":800,"url":"https:\/\/ryfi.online\/wp-content\/uploads\/2021\/03\/20.jpg","type":"image\/jpeg"}],"twitter_card":"summary_large_image","twitter_misc":{"Availability":"In stock"},"schema":{"@context":"https:\/\/schema.org","@graph":[{"@type":"WebPage","@id":"https:\/\/ryfi.online\/es\/producto\/pulpo-reversible-llavero-animal-de-peluche-felpa\/","url":"https:\/\/ryfi.online\/es\/producto\/pulpo-reversible-llavero-animal-de-peluche-felpa\/","name":"Llavero Pulpo Reversible en USA | Squishmallow Llaveros | Llaveros de animales","isPartOf":{"@id":"https:\/\/ryfi.online\/es\/#website"},"primaryImageOfPage":{"@id":"https:\/\/ryfi.online\/es\/producto\/pulpo-reversible-llavero-animal-de-peluche-felpa\/#primaryimage"},"image":{"@id":"https:\/\/ryfi.online\/es\/producto\/pulpo-reversible-llavero-animal-de-peluche-felpa\/#primaryimage"},"thumbnailUrl":"https:\/\/ryfi.online\/wp-content\/uploads\/2021\/03\/20.jpg","datePublished":"2021-07-12T16:36:58+00:00","dateModified":"2025-09-25T05:34:29+00:00","description":"Compra Mini Llavero Octopus Reversible en USA. Existencias disponibles para ROSA \/ AZUL \/ AMARILLO Tama\u00f1o: 8cm, Env\u00edo gratis y r\u00e1pido dentro de 1-3 d\u00edas.","breadcrumb":{"@id":"https:\/\/ryfi.online\/es\/producto\/pulpo-reversible-llavero-animal-de-peluche-felpa\/#breadcrumb"},"inLanguage":"es","potentialAction":[{"@type":"ReadAction","target":["https:\/\/ryfi.online\/es\/producto\/pulpo-reversible-llavero-animal-de-peluche-felpa\/"]}]},{"@type":"ImageObject","inLanguage":"es","@id":"https:\/\/ryfi.online\/es\/producto\/pulpo-reversible-llavero-animal-de-peluche-felpa\/#primaryimage","url":"https:\/\/ryfi.online\/wp-content\/uploads\/2021\/03\/20.jpg","contentUrl":"https:\/\/ryfi.online\/wp-content\/uploads\/2021\/03\/20.jpg","width":800,"height":800,"caption":"llavero pulpo reversible"},{"@type":"BreadcrumbList","@id":"https:\/\/ryfi.online\/es\/producto\/pulpo-reversible-llavero-animal-de-peluche-felpa\/#breadcrumb","itemListElement":[{"@type":"ListItem","position":1,"name":"Home","item":"https:\/\/ryfi.online\/es\/"},{"@type":"ListItem","position":2,"name":"Free and Fast Shipping whitin 1-3 Days!!!","item":"https:\/\/ryfi.online\/shop\/"},{"@type":"ListItem","position":3,"name":"Llavero Pulpo Reversible Todos los Colores"}]},{"@type":"WebSite","@id":"https:\/\/ryfi.online\/es\/#website","url":"https:\/\/ryfi.online\/es\/","name":"Ryfi Online Store","description":"Online Store","publisher":{"@id":"https:\/\/ryfi.online\/es\/#organization"},"potentialAction":[{"@type":"SearchAction","target":{"@type":"EntryPoint","urlTemplate":"https:\/\/ryfi.online\/es\/?s={search_term_string}"},"query-input":{"@type":"PropertyValueSpecification","valueRequired":true,"valueName":"search_term_string"}}],"inLanguage":"es"},{"@type":"Organization","@id":"https:\/\/ryfi.online\/es\/#organization","name":"Ryan Future Investments LLC","url":"https:\/\/ryfi.online\/es\/","logo":{"@type":"ImageObject","inLanguage":"es","@id":"https:\/\/ryfi.online\/es\/#\/schema\/logo\/image\/","url":"https:\/\/ryfi.online\/wp-content\/uploads\/2021\/03\/2-03.png","contentUrl":"https:\/\/ryfi.online\/wp-content\/uploads\/2021\/03\/2-03.png","width":1010,"height":310,"caption":"Ryan Future Investments LLC"},"image":{"@id":"https:\/\/ryfi.online\/es\/#\/schema\/logo\/image\/"},"sameAs":["https:\/\/www.facebook.com\/ryfi.online\/"]}]},"product_brand":"Llavero pulpo reversible","og_availability":"instock","product_availability":"instock","product_condition":"new"},"jetpack-related-posts":[{"id":12937,"url":"https:\/\/ryfi.online\/es\/producto\/bikini-traje-de-bano\/","url_meta":{"origin":2185,"position":0},"title":"Traje de ba\u00f1o en bikini","date":"abril 19, 2021","format":false,"excerpt":"Env\u00edo gratuito y r\u00e1pido en 1-3 d\u00edas. Compre 4 y obtenga 5 \u00a1Date prisa, ventas rapides!","rel":"","context":"Entrada similar","img":{"alt_text":"","src":"https:\/\/i0.wp.com\/ryfi.online\/wp-content\/uploads\/2021\/04\/f6bfce011f897d03e8f175b34aa562a2.jpg?resize=350%2C200&ssl=1","width":350,"height":200},"classes":[]},{"id":15422,"url":"https:\/\/ryfi.online\/es\/producto\/white-bear-with-happy-valentines-day-12-inch\/","url_meta":{"origin":2185,"position":1},"title":"White Bear with Happy Valentine&#8217;s Day 12 inch","date":"enero 24, 2023","format":false,"excerpt":"Env\u00edo gratuito y r\u00e1pido en 1-3 d\u00edas.","rel":"","context":"Entrada similar","img":{"alt_text":"","src":"https:\/\/i0.wp.com\/ryfi.online\/wp-content\/uploads\/2023\/01\/2.jpg?resize=350%2C200&ssl=1","width":350,"height":200},"classes":[]},{"id":15429,"url":"https:\/\/ryfi.online\/es\/producto\/white-bear-with-heart-and-hat-14-inch\/","url_meta":{"origin":2185,"position":2},"title":"White Bear with Heart and Hat 14 inch","date":"enero 24, 2023","format":false,"excerpt":"Env\u00edo gratuito y r\u00e1pido en 1-3 d\u00edas.","rel":"","context":"Entrada similar","img":{"alt_text":"","src":"https:\/\/i0.wp.com\/ryfi.online\/wp-content\/uploads\/2023\/01\/indice.jpg?resize=350%2C200&ssl=1","width":350,"height":200},"classes":[]},{"id":15397,"url":"https:\/\/ryfi.online\/es\/producto\/graduation-bear\/","url_meta":{"origin":2185,"position":3},"title":"Graduation Bear","date":"enero 24, 2023","format":false,"excerpt":"Env\u00edo gratuito y r\u00e1pido en 1-3 d\u00edas.","rel":"","context":"Entrada similar","img":{"alt_text":"","src":"https:\/\/i0.wp.com\/ryfi.online\/wp-content\/uploads\/2023\/01\/6.jpg?resize=350%2C200&ssl=1","width":350,"height":200},"classes":[]},{"id":12770,"url":"https:\/\/ryfi.online\/es\/producto\/carcasa-para-iphone-xs-max-con-soporte-de-tarjeta-magnetica-para-iphone-xs-max\/","url_meta":{"origin":2185,"position":4},"title":"Funda para iPhone Xs Max Tel\u00e9fono m\u00f3vil con tarjetero para iPhone Xs Max","date":"marzo 13, 2021","format":false,"excerpt":"Env\u00edo gratuito y r\u00e1pido en 1-3 d\u00edas. Compre 4 y obtenga 5 \u00a1Date prisa, ventas rapides!","rel":"","context":"Entrada similar","img":{"alt_text":"","src":"https:\/\/i0.wp.com\/ryfi.online\/wp-content\/uploads\/2021\/03\/HTB17H_UXYr1gK0jSZR0762P8XXaD-1.png?resize=350%2C200&ssl=1","width":350,"height":200},"classes":[]},{"id":12665,"url":"https:\/\/ryfi.online\/es\/producto\/funda-de-telefono-movil-para-el-iphone-11-con-soporte-de-tarjeta-magnetica-para-el-iphone-11\/","url_meta":{"origin":2185,"position":5},"title":"Funda para iPhone 11 con tarjetero para iPhone 11,11 Pro,11 Pro Max","date":"marzo 10, 2021","format":false,"excerpt":"Env\u00edo gratuito y r\u00e1pido en 1-3 d\u00edas. Compre 4 y obtenga 5 \u00a1Date prisa, ventas rapides!","rel":"","context":"Entrada similar","img":{"alt_text":"","src":"https:\/\/i0.wp.com\/ryfi.online\/wp-content\/uploads\/2021\/03\/HTB16OjSX7P2gK0jSZPx761cQpXaw.png?resize=350%2C200&ssl=1","width":350,"height":200},"classes":[]}],"_links":{"self":[{"href":"https:\/\/ryfi.online\/es\/wp-json\/wp\/v2\/product\/2185","targetHints":{"allow":["GET"]}}],"collection":[{"href":"https:\/\/ryfi.online\/es\/wp-json\/wp\/v2\/product"}],"about":[{"href":"https:\/\/ryfi.online\/es\/wp-json\/wp\/v2\/types\/product"}],"replies":[{"embeddable":true,"href":"https:\/\/ryfi.online\/es\/wp-json\/wp\/v2\/comments?post=2185"}],"wp:featuredmedia":[{"embeddable":true,"href":"https:\/\/ryfi.online\/es\/wp-json\/wp\/v2\/media\/1874"}],"wp:attachment":[{"href":"https:\/\/ryfi.online\/es\/wp-json\/wp\/v2\/media?parent=2185"}],"wp:term":[{"taxonomy":"product_brand","embeddable":true,"href":"https:\/\/ryfi.online\/es\/wp-json\/wp\/v2\/product_brand?post=2185"},{"taxonomy":"product_cat","embeddable":true,"href":"https:\/\/ryfi.online\/es\/wp-json\/wp\/v2\/product_cat?post=2185"},{"taxonomy":"product_tag","embeddable":true,"href":"https:\/\/ryfi.online\/es\/wp-json\/wp\/v2\/product_tag?post=2185"}],"curies":[{"name":"wp","href":"https:\/\/api.w.org\/{rel}","templated":true}]}}