{"id":2161,"date":"2021-07-12T07:03:45","date_gmt":"2021-07-12T07:03:45","guid":{"rendered":"https:\/\/ryfi.online\/?post_type=product&#038;p=2161"},"modified":"2023-01-08T20:22:21","modified_gmt":"2023-01-08T20:22:21","slug":"camiseta-disney-con-falda-de-frozen-ii-de-algodon-para-ninas","status":"publish","type":"product","link":"https:\/\/ryfi.online\/es\/producto\/camiseta-disney-con-falda-de-frozen-ii-de-algodon-para-ninas\/","title":{"rendered":"Camiseta Disney  con falda de Frozen II de algod\u00f3n para ni\u00f1as ET1238"},"content":{"rendered":"<p><span class=\"a-list-item\">\u2705 Camiseta con falda para ni\u00f1as de Frozen II de Disney <\/span><\/p>\n<p><span class=\"a-list-item\">\u2705 Color: Rosa-Blanco<\/span><\/p>\n<p><span class=\"a-list-item\">\u2705 100% Algod\u00f3n,\u00a0<\/span><\/p>\n<p class=\"a-size-large a-spacing-none\"><span id=\"productTitle\" class=\"a-size-large product-title-word-break\"><span class=\"a-list-item\">\u2705<\/span>\u00a0 Edad: 4 a\u00f1os, 5 a\u00f1os, 6 a\u00f1os, 8 a\u00f1os<\/span><\/p>\n<p id=\"title\" class=\"a-size-large a-spacing-none\">\n","protected":false},"excerpt":{"rendered":"<p>Env\u00edo gratuito y r\u00e1pido en 1-3 d\u00edas.<\/p>\n","protected":false},"featured_media":2162,"comment_status":"open","ping_status":"closed","template":"","meta":[],"product_brand":[],"product_cat":[76],"product_tag":[],"class_list":{"0":"post-2161","1":"product","2":"type-product","3":"status-publish","4":"has-post-thumbnail","6":"product_cat-conjunto-ninas","8":"first","9":"instock","10":"featured","11":"taxable","12":"shipping-taxable","13":"purchasable","14":"product-type-variable"},"yoast_head":"<!-- This site is optimized with the Yoast SEO Premium plugin v17.1.2 (Yoast SEO v27.4) - https:\/\/yoast.com\/product\/yoast-seo-premium-wordpress\/ -->\n<title>Compra Online Camiseta Con Falda Ni\u00f1a Disney Frozen - Ryfi Online Store<\/title>\n<meta name=\"description\" content=\"Encuentra la mejor colecci\u00f3n de la camiseta con falda de Disney Frozen para ni\u00f1as de 4 a 8 a\u00f1os en Espa\u00f1a en Ryfi Online Store. Env\u00edo r\u00e1pido y gratuito en 1-3 d\u00edas laborables.\" \/>\n<meta name=\"robots\" content=\"index, follow, max-snippet:-1, max-image-preview:large, max-video-preview:-1\" \/>\n<link rel=\"canonical\" href=\"https:\/\/ryfi.online\/es\/producto\/camiseta-disney-con-falda-de-frozen-ii-de-algodon-para-ninas\/\" \/>\n<meta property=\"og:locale\" content=\"es_ES\" \/>\n<meta property=\"og:type\" content=\"article\" \/>\n<meta property=\"og:title\" content=\"Camiseta Disney con falda de Frozen II de algod\u00f3n para ni\u00f1as ET1238\" \/>\n<meta property=\"og:description\" content=\"Encuentra la mejor colecci\u00f3n de la camiseta con falda de Disney Frozen para ni\u00f1as de 4 a 8 a\u00f1os en Espa\u00f1a en Ryfi Online Store. Env\u00edo r\u00e1pido y gratuito en 1-3 d\u00edas laborables.\" \/>\n<meta property=\"og:url\" content=\"https:\/\/ryfi.online\/es\/producto\/camiseta-disney-con-falda-de-frozen-ii-de-algodon-para-ninas\/\" \/>\n<meta property=\"og:site_name\" content=\"Ryfi Online Store\" \/>\n<meta property=\"article:publisher\" content=\"https:\/\/www.facebook.com\/ryfi.online\/\" \/>\n<meta property=\"article:modified_time\" content=\"2023-01-08T20:22:21+00:00\" \/>\n<meta property=\"og:image\" content=\"https:\/\/ryfi.online\/wp-content\/uploads\/2021\/07\/et1238_wh.jpg\" \/>\n\t<meta property=\"og:image:width\" content=\"800\" \/>\n\t<meta property=\"og:image:height\" content=\"1200\" \/>\n\t<meta property=\"og:image:type\" content=\"image\/jpeg\" \/>\n<meta name=\"twitter:card\" content=\"summary_large_image\" \/>\n<meta name=\"twitter:label1\" content=\"Availability\" \/>\n\t<meta name=\"twitter:data1\" content=\"In stock\" \/>\n<meta property=\"product:brand\" content=\"Conjunto ni\u00f1as\" \/>\n<meta property=\"og:availability\" content=\"instock\" \/>\n<meta property=\"product:availability\" content=\"instock\" \/>\n<meta property=\"product:condition\" content=\"new\" \/>\n<!-- \/ Yoast SEO Premium plugin. -->","yoast_head_json":{"title":"Compra Online Camiseta Con Falda Ni\u00f1a Disney Frozen - Ryfi Online Store","description":"Encuentra la mejor colecci\u00f3n de la camiseta con falda de Disney Frozen para ni\u00f1as de 4 a 8 a\u00f1os en Espa\u00f1a en Ryfi Online Store. Env\u00edo r\u00e1pido y gratuito en 1-3 d\u00edas laborables.","robots":{"index":"index","follow":"follow","max-snippet":"max-snippet:-1","max-image-preview":"max-image-preview:large","max-video-preview":"max-video-preview:-1"},"canonical":"https:\/\/ryfi.online\/es\/producto\/camiseta-disney-con-falda-de-frozen-ii-de-algodon-para-ninas\/","og_locale":"es_ES","og_type":"article","og_title":"Camiseta Disney con falda de Frozen II de algod\u00f3n para ni\u00f1as ET1238","og_description":"Encuentra la mejor colecci\u00f3n de la camiseta con falda de Disney Frozen para ni\u00f1as de 4 a 8 a\u00f1os en Espa\u00f1a en Ryfi Online Store. Env\u00edo r\u00e1pido y gratuito en 1-3 d\u00edas laborables.","og_url":"https:\/\/ryfi.online\/es\/producto\/camiseta-disney-con-falda-de-frozen-ii-de-algodon-para-ninas\/","og_site_name":"Ryfi Online Store","article_publisher":"https:\/\/www.facebook.com\/ryfi.online\/","article_modified_time":"2023-01-08T20:22:21+00:00","og_image":[{"width":800,"height":1200,"url":"https:\/\/ryfi.online\/wp-content\/uploads\/2021\/07\/et1238_wh.jpg","type":"image\/jpeg"}],"twitter_card":"summary_large_image","twitter_misc":{"Availability":"In stock"},"schema":{"@context":"https:\/\/schema.org","@graph":[{"@type":"WebPage","@id":"https:\/\/ryfi.online\/es\/producto\/camiseta-disney-con-falda-de-frozen-ii-de-algodon-para-ninas\/","url":"https:\/\/ryfi.online\/es\/producto\/camiseta-disney-con-falda-de-frozen-ii-de-algodon-para-ninas\/","name":"Compra Online Camiseta Con Falda Ni\u00f1a Disney Frozen - Ryfi Online Store","isPartOf":{"@id":"https:\/\/ryfi.online\/es\/#website"},"primaryImageOfPage":{"@id":"https:\/\/ryfi.online\/es\/producto\/camiseta-disney-con-falda-de-frozen-ii-de-algodon-para-ninas\/#primaryimage"},"image":{"@id":"https:\/\/ryfi.online\/es\/producto\/camiseta-disney-con-falda-de-frozen-ii-de-algodon-para-ninas\/#primaryimage"},"thumbnailUrl":"https:\/\/ryfi.online\/wp-content\/uploads\/2021\/07\/et1238_wh.jpg","datePublished":"2021-07-12T07:03:45+00:00","dateModified":"2023-01-08T20:22:21+00:00","description":"Encuentra la mejor colecci\u00f3n de la camiseta con falda de Disney Frozen para ni\u00f1as de 4 a 8 a\u00f1os en Espa\u00f1a en Ryfi Online Store. Env\u00edo r\u00e1pido y gratuito en 1-3 d\u00edas laborables.","breadcrumb":{"@id":"https:\/\/ryfi.online\/es\/producto\/camiseta-disney-con-falda-de-frozen-ii-de-algodon-para-ninas\/#breadcrumb"},"inLanguage":"es","potentialAction":[{"@type":"ReadAction","target":["https:\/\/ryfi.online\/es\/producto\/camiseta-disney-con-falda-de-frozen-ii-de-algodon-para-ninas\/"]}]},{"@type":"ImageObject","inLanguage":"es","@id":"https:\/\/ryfi.online\/es\/producto\/camiseta-disney-con-falda-de-frozen-ii-de-algodon-para-ninas\/#primaryimage","url":"https:\/\/ryfi.online\/wp-content\/uploads\/2021\/07\/et1238_wh.jpg","contentUrl":"https:\/\/ryfi.online\/wp-content\/uploads\/2021\/07\/et1238_wh.jpg","width":800,"height":1200},{"@type":"BreadcrumbList","@id":"https:\/\/ryfi.online\/es\/producto\/camiseta-disney-con-falda-de-frozen-ii-de-algodon-para-ninas\/#breadcrumb","itemListElement":[{"@type":"ListItem","position":1,"name":"Home","item":"https:\/\/ryfi.online\/es\/"},{"@type":"ListItem","position":2,"name":"Free and Fast Shipping whitin 1-3 Days!!!","item":"https:\/\/ryfi.online\/shop\/"},{"@type":"ListItem","position":3,"name":"Camiseta Disney con falda de Frozen II de algod\u00f3n para ni\u00f1as ET1238"}]},{"@type":"WebSite","@id":"https:\/\/ryfi.online\/es\/#website","url":"https:\/\/ryfi.online\/es\/","name":"Ryfi Online Store","description":"Online Store","publisher":{"@id":"https:\/\/ryfi.online\/es\/#organization"},"potentialAction":[{"@type":"SearchAction","target":{"@type":"EntryPoint","urlTemplate":"https:\/\/ryfi.online\/es\/?s={search_term_string}"},"query-input":{"@type":"PropertyValueSpecification","valueRequired":true,"valueName":"search_term_string"}}],"inLanguage":"es"},{"@type":"Organization","@id":"https:\/\/ryfi.online\/es\/#organization","name":"Ryan Future Investments LLC","url":"https:\/\/ryfi.online\/es\/","logo":{"@type":"ImageObject","inLanguage":"es","@id":"https:\/\/ryfi.online\/es\/#\/schema\/logo\/image\/","url":"https:\/\/ryfi.online\/wp-content\/uploads\/2021\/03\/2-03.png","contentUrl":"https:\/\/ryfi.online\/wp-content\/uploads\/2021\/03\/2-03.png","width":1010,"height":310,"caption":"Ryan Future Investments LLC"},"image":{"@id":"https:\/\/ryfi.online\/es\/#\/schema\/logo\/image\/"},"sameAs":["https:\/\/www.facebook.com\/ryfi.online\/"]}]},"product_brand":"Conjunto ni\u00f1as","og_availability":"instock","product_availability":"instock","product_condition":"new"},"jetpack-related-posts":[{"id":1443,"url":"https:\/\/ryfi.online\/es\/producto\/camiseta-con-diseno-de-frozen-de-disney-para-ninas\/","url_meta":{"origin":2161,"position":0},"title":"Camiseta con dise\u00f1o de Frozen de Disney para ni\u00f1as","date":"junio 9, 2021","format":false,"excerpt":"Envio Gratis 1-3 dias laborales Devolucion Gratuito","rel":"","context":"Entrada similar","img":{"alt_text":"Camiseta Frozen Disney","src":"https:\/\/i0.wp.com\/ryfi.online\/wp-content\/uploads\/2021\/06\/ET1222_WH.jpg?resize=350%2C200&ssl=1","width":350,"height":200},"classes":[]},{"id":2324,"url":"https:\/\/ryfi.online\/es\/producto\/camiseta-dibujo-animado-de-minnie-de-disney-para-ninas\/","url_meta":{"origin":2161,"position":1},"title":"Camiseta dibujo animado de Minnie de Disney para ni\u00f1as ET1137","date":"julio 26, 2021","format":false,"excerpt":"Env\u00edo gratuito y r\u00e1pido en 1-3 d\u00edas.","rel":"","context":"Entrada similar","img":{"alt_text":"Camiseta Minnie","src":"https:\/\/i0.wp.com\/ryfi.online\/wp-content\/uploads\/2021\/07\/et1137.jpg?resize=350%2C200&ssl=1","width":350,"height":200},"classes":[]},{"id":8620,"url":"https:\/\/ryfi.online\/es\/producto\/camiseta-princesas-disney-se1126\/","url_meta":{"origin":2161,"position":2},"title":"Camiseta Princesas Disney para ni\u00f1as SE1126","date":"abril 29, 2022","format":false,"excerpt":"Env\u00edo gratuito y r\u00e1pido en 1-3 d\u00edas.","rel":"","context":"Entrada similar","img":{"alt_text":"Camiseta Princesas","src":"https:\/\/i0.wp.com\/ryfi.online\/wp-content\/uploads\/2022\/04\/se1126.jpg?resize=350%2C200&ssl=1","width":350,"height":200},"classes":[]},{"id":2869,"url":"https:\/\/ryfi.online\/es\/producto\/disney-frozen-2-anna-elsa-characters-pantalones-de-chandal\/","url_meta":{"origin":2161,"position":3},"title":"Disney Frozen 2 Anna &#038; Elsa Characters &#8211; Pantalones de ch\u00e1ndal TH1076","date":"octubre 8, 2021","format":false,"excerpt":"Env\u00edo rapido y seguro en 1-3 dias laborales","rel":"","context":"Entrada similar","img":{"alt_text":" Chandals para ninas Anna&Elsa -1","src":"https:\/\/i0.wp.com\/ryfi.online\/wp-content\/uploads\/2021\/10\/th1076.jpg?resize=350%2C200&ssl=1","width":350,"height":200},"classes":[]},{"id":8522,"url":"https:\/\/ryfi.online\/es\/producto\/camiseta-manga-corta-frozen-ev1017\/","url_meta":{"origin":2161,"position":4},"title":"Camiseta Manga Corta Frozen para ni\u00f1as EV1017","date":"abril 29, 2022","format":false,"excerpt":"Env\u00edo rapido y seguro en 1-3 dias laborales","rel":"","context":"Entrada similar","img":{"alt_text":"","src":"https:\/\/i0.wp.com\/ryfi.online\/wp-content\/uploads\/2022\/04\/ev1017.jpg?resize=350%2C200&ssl=1","width":350,"height":200},"classes":[]},{"id":2251,"url":"https:\/\/ryfi.online\/es\/producto\/camiseta-dibujo-animado-de-anekke-para-ninas\/","url_meta":{"origin":2161,"position":5},"title":"Camiseta dibujo animado de Anekke para ni\u00f1as SE1479","date":"julio 17, 2021","format":false,"excerpt":"Env\u00edo rapido y seguro en 1-3 dias laborales","rel":"","context":"Entrada similar","img":{"alt_text":"Camiseta Anekke","src":"https:\/\/i0.wp.com\/ryfi.online\/wp-content\/uploads\/2021\/07\/img_91355_4ba08d53d1efba1ea99377fa4b3b303f_20.jpg?resize=350%2C200&ssl=1","width":350,"height":200},"classes":[]}],"_links":{"self":[{"href":"https:\/\/ryfi.online\/es\/wp-json\/wp\/v2\/product\/2161","targetHints":{"allow":["GET"]}}],"collection":[{"href":"https:\/\/ryfi.online\/es\/wp-json\/wp\/v2\/product"}],"about":[{"href":"https:\/\/ryfi.online\/es\/wp-json\/wp\/v2\/types\/product"}],"replies":[{"embeddable":true,"href":"https:\/\/ryfi.online\/es\/wp-json\/wp\/v2\/comments?post=2161"}],"wp:featuredmedia":[{"embeddable":true,"href":"https:\/\/ryfi.online\/es\/wp-json\/wp\/v2\/media\/2162"}],"wp:attachment":[{"href":"https:\/\/ryfi.online\/es\/wp-json\/wp\/v2\/media?parent=2161"}],"wp:term":[{"taxonomy":"product_brand","embeddable":true,"href":"https:\/\/ryfi.online\/es\/wp-json\/wp\/v2\/product_brand?post=2161"},{"taxonomy":"product_cat","embeddable":true,"href":"https:\/\/ryfi.online\/es\/wp-json\/wp\/v2\/product_cat?post=2161"},{"taxonomy":"product_tag","embeddable":true,"href":"https:\/\/ryfi.online\/es\/wp-json\/wp\/v2\/product_tag?post=2161"}],"curies":[{"name":"wp","href":"https:\/\/api.w.org\/{rel}","templated":true}]}}