{"id":2134,"date":"2021-07-05T18:53:24","date_gmt":"2021-07-05T18:56:25","guid":{"rendered":"https:\/\/ryfi.online\/product\/set-de-3-calzoncillos-de-100-algodon-marvel-avengers-para-ninos-de-4-a-5-anos\/"},"modified":"2022-05-14T16:13:49","modified_gmt":"2022-05-14T16:13:49","slug":"set-3-marvel-avengers-100-calzoncillos-de-algodon-para-ninos-4-5-anos","status":"publish","type":"product","link":"https:\/\/ryfi.online\/es\/producto\/set-3-marvel-avengers-100-calzoncillos-de-algodon-para-ninos-4-5-anos\/","title":{"rendered":"Set de 3 calzoncillos de 100% algod\u00f3n Marvel Avengers para ni\u00f1os de 4 a 5 a\u00f1os UE3028"},"content":{"rendered":"<p><span class=\"a-list-item\">\u2705 Conjunto de tres braguitas para ni\u00f1o<\/span><\/p>\n<p><span class=\"a-list-item\">\u2705 Conjunto de tres braguitas para ni\u00f1os talla 4\/5 a\u00f1os<\/span><\/p>\n<p><span class=\"a-list-item\">\u2705 Cierre: con cord\u00f3n<\/span><\/p>\n<p><span class=\"a-list-item\">\u2705 Lavar a m\u00e1quina<\/span><\/p>\n<p><span class=\"a-list-item\">\u2705 Breve<\/span><\/p>\n<p><span class=\"a-list-item\">\u2705 Algod\u00f3n original de Marvel Avengers.<\/span><\/p>\n<p><span class=\"a-list-item\">\u2705 Lavable a m\u00e1quina<\/span><\/p>\n<p><span class=\"a-list-item\">\u2705 Regalo perfecto para cumplea\u00f1os de ni\u00f1os o Navidad.<\/span><\/p>\n","protected":false},"excerpt":{"rendered":"<p>Env\u00edo rapido y seguro en 1-3 dias laborales<\/p>\n","protected":false},"featured_media":2133,"comment_status":"open","ping_status":"closed","template":"","meta":[],"product_brand":[],"product_cat":[67],"product_tag":[82],"class_list":{"0":"post-2134","1":"product","2":"type-product","3":"status-publish","4":"has-post-thumbnail","6":"product_cat-calzoncillos","7":"product_tag-es","9":"first","10":"instock","11":"featured","12":"taxable","13":"shipping-taxable","14":"purchasable","15":"product-type-simple"},"yoast_head":"<!-- This site is optimized with the Yoast SEO Premium plugin v17.1.2 (Yoast SEO v27.4) - https:\/\/yoast.com\/product\/yoast-seo-premium-wordpress\/ -->\n<title>Set de 3 calzoncillos de 100% algod\u00f3n Marvel Avengers para ni\u00f1os de 4 a 5 a\u00f1os UE3028 - Ryfi Online Store<\/title>\n<meta name=\"description\" content=\"La tienda Ryfi Online es una de las Mejores tiendas online de Espa\u00f1a que ofrece el Conjunto de 3 Piezas Marvel Avengers 100% Algod\u00f3n para Ni\u00f1os 4-5 A\u00f1os. Visitar ahora.\" \/>\n<meta name=\"robots\" content=\"index, follow, max-snippet:-1, max-image-preview:large, max-video-preview:-1\" \/>\n<link rel=\"canonical\" href=\"https:\/\/ryfi.online\/es\/producto\/set-3-marvel-avengers-100-calzoncillos-de-algodon-para-ninos-4-5-anos\/\" \/>\n<meta property=\"og:locale\" content=\"es_ES\" \/>\n<meta property=\"og:type\" content=\"article\" \/>\n<meta property=\"og:title\" content=\"Set de 3 calzoncillos de 100% algod\u00f3n Marvel Avengers para ni\u00f1os de 4 a 5 a\u00f1os UE3028\" \/>\n<meta property=\"og:description\" content=\"La tienda Ryfi Online es una de las Mejores tiendas online de Espa\u00f1a que ofrece el Conjunto de 3 Piezas Marvel Avengers 100% Algod\u00f3n para Ni\u00f1os 4-5 A\u00f1os. Visitar ahora.\" \/>\n<meta property=\"og:url\" content=\"https:\/\/ryfi.online\/es\/producto\/set-3-marvel-avengers-100-calzoncillos-de-algodon-para-ninos-4-5-anos\/\" \/>\n<meta property=\"og:site_name\" content=\"Ryfi Online Store\" \/>\n<meta property=\"article:publisher\" content=\"https:\/\/www.facebook.com\/ryfi.online\/\" \/>\n<meta property=\"article:modified_time\" content=\"2022-05-14T16:13:49+00:00\" \/>\n<meta property=\"og:image\" content=\"https:\/\/ryfi.online\/wp-content\/uploads\/2021\/07\/ue3028.45y.e00-scaled.jpg\" \/>\n\t<meta property=\"og:image:width\" content=\"2560\" \/>\n\t<meta property=\"og:image:height\" content=\"1810\" \/>\n\t<meta property=\"og:image:type\" content=\"image\/jpeg\" \/>\n<meta name=\"twitter:card\" content=\"summary_large_image\" \/>\n<meta name=\"twitter:label1\" content=\"Precio\" \/>\n\t<meta name=\"twitter:data1\" content=\"&#036;4.99\" \/>\n\t<meta name=\"twitter:label2\" content=\"Availability\" \/>\n\t<meta name=\"twitter:data2\" content=\"In stock\" \/>\n<meta property=\"product:brand\" content=\"Calzoncillos\" \/>\n<meta property=\"product:price:amount\" content=\"4.99\" \/>\n<meta property=\"product:price:currency\" content=\"USD\" \/>\n<meta property=\"og:availability\" content=\"instock\" \/>\n<meta property=\"product:availability\" content=\"instock\" \/>\n<meta property=\"product:condition\" content=\"new\" \/>\n<!-- \/ Yoast SEO Premium plugin. -->","yoast_head_json":{"title":"Set de 3 calzoncillos de 100% algod\u00f3n Marvel Avengers para ni\u00f1os de 4 a 5 a\u00f1os UE3028 - Ryfi Online Store","description":"La tienda Ryfi Online es una de las Mejores tiendas online de Espa\u00f1a que ofrece el Conjunto de 3 Piezas Marvel Avengers 100% Algod\u00f3n para Ni\u00f1os 4-5 A\u00f1os. Visitar ahora.","robots":{"index":"index","follow":"follow","max-snippet":"max-snippet:-1","max-image-preview":"max-image-preview:large","max-video-preview":"max-video-preview:-1"},"canonical":"https:\/\/ryfi.online\/es\/producto\/set-3-marvel-avengers-100-calzoncillos-de-algodon-para-ninos-4-5-anos\/","og_locale":"es_ES","og_type":"article","og_title":"Set de 3 calzoncillos de 100% algod\u00f3n Marvel Avengers para ni\u00f1os de 4 a 5 a\u00f1os UE3028","og_description":"La tienda Ryfi Online es una de las Mejores tiendas online de Espa\u00f1a que ofrece el Conjunto de 3 Piezas Marvel Avengers 100% Algod\u00f3n para Ni\u00f1os 4-5 A\u00f1os. Visitar ahora.","og_url":"https:\/\/ryfi.online\/es\/producto\/set-3-marvel-avengers-100-calzoncillos-de-algodon-para-ninos-4-5-anos\/","og_site_name":"Ryfi Online Store","article_publisher":"https:\/\/www.facebook.com\/ryfi.online\/","article_modified_time":"2022-05-14T16:13:49+00:00","og_image":[{"width":2560,"height":1810,"url":"https:\/\/ryfi.online\/wp-content\/uploads\/2021\/07\/ue3028.45y.e00-scaled.jpg","type":"image\/jpeg"}],"twitter_card":"summary_large_image","twitter_misc":{"Precio":"&#36;4.99","Availability":"In stock"},"schema":{"@context":"https:\/\/schema.org","@graph":[{"@type":"WebPage","@id":"https:\/\/ryfi.online\/es\/producto\/set-3-marvel-avengers-100-calzoncillos-de-algodon-para-ninos-4-5-anos\/","url":"https:\/\/ryfi.online\/es\/producto\/set-3-marvel-avengers-100-calzoncillos-de-algodon-para-ninos-4-5-anos\/","name":"Set de 3 calzoncillos de 100% algod\u00f3n Marvel Avengers para ni\u00f1os de 4 a 5 a\u00f1os UE3028 - Ryfi Online Store","isPartOf":{"@id":"https:\/\/ryfi.online\/es\/#website"},"primaryImageOfPage":{"@id":"https:\/\/ryfi.online\/es\/producto\/set-3-marvel-avengers-100-calzoncillos-de-algodon-para-ninos-4-5-anos\/#primaryimage"},"image":{"@id":"https:\/\/ryfi.online\/es\/producto\/set-3-marvel-avengers-100-calzoncillos-de-algodon-para-ninos-4-5-anos\/#primaryimage"},"thumbnailUrl":"https:\/\/ryfi.online\/wp-content\/uploads\/2021\/07\/ue3028.45y.e00-scaled.jpg","datePublished":"2021-07-05T18:56:25+00:00","dateModified":"2022-05-14T16:13:49+00:00","description":"La tienda Ryfi Online es una de las Mejores tiendas online de Espa\u00f1a que ofrece el Conjunto de 3 Piezas Marvel Avengers 100% Algod\u00f3n para Ni\u00f1os 4-5 A\u00f1os. Visitar ahora.","breadcrumb":{"@id":"https:\/\/ryfi.online\/es\/producto\/set-3-marvel-avengers-100-calzoncillos-de-algodon-para-ninos-4-5-anos\/#breadcrumb"},"inLanguage":"es","potentialAction":[{"@type":"ReadAction","target":["https:\/\/ryfi.online\/es\/producto\/set-3-marvel-avengers-100-calzoncillos-de-algodon-para-ninos-4-5-anos\/"]}]},{"@type":"ImageObject","inLanguage":"es","@id":"https:\/\/ryfi.online\/es\/producto\/set-3-marvel-avengers-100-calzoncillos-de-algodon-para-ninos-4-5-anos\/#primaryimage","url":"https:\/\/ryfi.online\/wp-content\/uploads\/2021\/07\/ue3028.45y.e00-scaled.jpg","contentUrl":"https:\/\/ryfi.online\/wp-content\/uploads\/2021\/07\/ue3028.45y.e00-scaled.jpg","width":2560,"height":1810},{"@type":"BreadcrumbList","@id":"https:\/\/ryfi.online\/es\/producto\/set-3-marvel-avengers-100-calzoncillos-de-algodon-para-ninos-4-5-anos\/#breadcrumb","itemListElement":[{"@type":"ListItem","position":1,"name":"Home","item":"https:\/\/ryfi.online\/es\/"},{"@type":"ListItem","position":2,"name":"Free and Fast Shipping whitin 1-3 Days!!!","item":"https:\/\/ryfi.online\/shop\/"},{"@type":"ListItem","position":3,"name":"Set de 3 calzoncillos de 100% algod\u00f3n Marvel Avengers para ni\u00f1os de 4 a 5 a\u00f1os UE3028"}]},{"@type":"WebSite","@id":"https:\/\/ryfi.online\/es\/#website","url":"https:\/\/ryfi.online\/es\/","name":"Ryfi Online Store","description":"Online Store","publisher":{"@id":"https:\/\/ryfi.online\/es\/#organization"},"potentialAction":[{"@type":"SearchAction","target":{"@type":"EntryPoint","urlTemplate":"https:\/\/ryfi.online\/es\/?s={search_term_string}"},"query-input":{"@type":"PropertyValueSpecification","valueRequired":true,"valueName":"search_term_string"}}],"inLanguage":"es"},{"@type":"Organization","@id":"https:\/\/ryfi.online\/es\/#organization","name":"Ryan Future Investments LLC","url":"https:\/\/ryfi.online\/es\/","logo":{"@type":"ImageObject","inLanguage":"es","@id":"https:\/\/ryfi.online\/es\/#\/schema\/logo\/image\/","url":"https:\/\/ryfi.online\/wp-content\/uploads\/2021\/03\/2-03.png","contentUrl":"https:\/\/ryfi.online\/wp-content\/uploads\/2021\/03\/2-03.png","width":1010,"height":310,"caption":"Ryan Future Investments LLC"},"image":{"@id":"https:\/\/ryfi.online\/es\/#\/schema\/logo\/image\/"},"sameAs":["https:\/\/www.facebook.com\/ryfi.online\/"]}]},"product_brand":"Calzoncillos","product_price_amount":"4.99","product_price_currency":"USD","og_availability":"instock","product_availability":"instock","product_condition":"new"},"jetpack-related-posts":[{"id":2135,"url":"https:\/\/ryfi.online\/es\/producto\/set-3-marvel-spiderman-100-calzoncillos-de-algodon-para-ninos-6-8-anos\/","url_meta":{"origin":2134,"position":0},"title":"Set de 3 calzoncillos de 100% algod\u00f3n Marvel Spiderman para ni\u00f1os de 6 a 8 a\u00f1os","date":"julio 5, 2021","format":false,"excerpt":"Env\u00edo gratuito y r\u00e1pido en 1-3 d\u00edas.","rel":"","context":"Entrada similar","img":{"alt_text":"Set 3 calzoncillos Spiderman","src":"https:\/\/i0.wp.com\/ryfi.online\/wp-content\/uploads\/2021\/07\/ue3009.68y.e00-scaled.jpg?resize=350%2C200&ssl=1","width":350,"height":200},"classes":[]},{"id":2137,"url":"https:\/\/ryfi.online\/product\/set-3-batman-100-calzoncillos-de-algodon-para-ninos-4-5-anos\/","url_meta":{"origin":2134,"position":1},"title":"Set de 3 calzoncillos de 100% algod\u00f3n de Batman para ni\u00f1os de 4 a 5 a\u00f1os","date":"julio 5, 2021","format":false,"excerpt":"Env\u00edo gratis 1-3 d\u00edas Devoluci\u00f3n gratuita","rel":"","context":"Entrada similar","img":{"alt_text":"","src":"","width":0,"height":0},"classes":[]},{"id":2138,"url":"https:\/\/ryfi.online\/es\/producto\/set-3-batman-100-calzoncillos-de-algodon-para-ninos-4-5-anos\/","url_meta":{"origin":2134,"position":2},"title":"Set de 3 calzoncillos de 100% algod\u00f3n de Batman para ni\u00f1os de 4 a 5 a\u00f1os UE8088","date":"julio 5, 2021","format":false,"excerpt":"Env\u00edo rapido y seguro en 1-3 dias laborales","rel":"","context":"Entrada similar","img":{"alt_text":"","src":"https:\/\/i0.wp.com\/ryfi.online\/wp-content\/uploads\/2021\/07\/ue8088.45y.e00-scaled.jpg?resize=350%2C200&ssl=1","width":350,"height":200},"classes":[]},{"id":12661,"url":"https:\/\/ryfi.online\/fr\/produit\/set-3-batman-100-calzoncillos-de-algodon-para-ninos-4-5-anos-2\/","url_meta":{"origin":2134,"position":3},"title":"Set de 3 calzoncillos de 100% algod\u00f3n de Batman para ni\u00f1os de 4 a 5 a\u00f1os","date":"julio 5, 2021","format":false,"excerpt":"Envoi gratuit 1-3 jours D\u00e9volution gratuite","rel":"","context":"Entrada similar","img":{"alt_text":"","src":"","width":0,"height":0},"classes":[]},{"id":12680,"url":"https:\/\/ryfi.online\/es\/producto\/set-3-batman-100-calzoncillos-de-algodon-para-ninos-4-5-anos-2\/","url_meta":{"origin":2134,"position":4},"title":"Set de 3 calzoncillos de 100% algod\u00f3n de Batman para ni\u00f1os de 4 a 5 a\u00f1os","date":"julio 5, 2021","format":false,"excerpt":"Env\u00edo gratuito 1-3 d\u00edas Devoluci\u00f3n gratuita","rel":"","context":"Entrada similar","img":{"alt_text":"","src":"","width":0,"height":0},"classes":[]},{"id":12660,"url":"https:\/\/ryfi.online\/de\/produkt\/set-3-batman-100-calzoncillos-de-algodon-para-ninos-4-5-anos-2\/","url_meta":{"origin":2134,"position":5},"title":"3er-Set Batman aus 100% Algodon f\u00fcr Kinder von 4 bis 5 Jahren","date":"julio 5, 2021","format":false,"excerpt":"Kostenlose Zusendung 1-3 Tage Kostenlose Abgabe","rel":"","context":"Entrada similar","img":{"alt_text":"","src":"","width":0,"height":0},"classes":[]}],"_links":{"self":[{"href":"https:\/\/ryfi.online\/es\/wp-json\/wp\/v2\/product\/2134","targetHints":{"allow":["GET"]}}],"collection":[{"href":"https:\/\/ryfi.online\/es\/wp-json\/wp\/v2\/product"}],"about":[{"href":"https:\/\/ryfi.online\/es\/wp-json\/wp\/v2\/types\/product"}],"replies":[{"embeddable":true,"href":"https:\/\/ryfi.online\/es\/wp-json\/wp\/v2\/comments?post=2134"}],"wp:featuredmedia":[{"embeddable":true,"href":"https:\/\/ryfi.online\/es\/wp-json\/wp\/v2\/media\/2133"}],"wp:attachment":[{"href":"https:\/\/ryfi.online\/es\/wp-json\/wp\/v2\/media?parent=2134"}],"wp:term":[{"taxonomy":"product_brand","embeddable":true,"href":"https:\/\/ryfi.online\/es\/wp-json\/wp\/v2\/product_brand?post=2134"},{"taxonomy":"product_cat","embeddable":true,"href":"https:\/\/ryfi.online\/es\/wp-json\/wp\/v2\/product_cat?post=2134"},{"taxonomy":"product_tag","embeddable":true,"href":"https:\/\/ryfi.online\/es\/wp-json\/wp\/v2\/product_tag?post=2134"}],"curies":[{"name":"wp","href":"https:\/\/api.w.org\/{rel}","templated":true}]}}