{"id":2066,"date":"2021-06-30T21:38:27","date_gmt":"2021-06-30T21:38:27","guid":{"rendered":"https:\/\/ryfi.online\/?post_type=product&#038;p=2066"},"modified":"2023-01-04T19:49:15","modified_gmt":"2023-01-04T19:49:15","slug":"mochila-reversible-frozen-2-en-1","status":"publish","type":"product","link":"https:\/\/ryfi.online\/es\/producto\/mochila-reversible-frozen-2-en-1\/","title":{"rendered":"Mochila Reversible Frozen 2 en 1 TH9138"},"content":{"rendered":"<ul class=\"a-unordered-list a-vertical a-spacing-mini\">\n<li>Mochila de Frozen 2 para ni\u00f1as<\/li>\n<li><span class=\"a-list-item\">Medidas:35x28x14 cm<\/span><\/li>\n<li><span class=\"a-list-item\">Edad: 7-15 anos<\/span><\/li>\n<\/ul>\n","protected":false},"excerpt":{"rendered":"<p>Env\u00edo gratuito y r\u00e1pido en 1-3 d\u00edas.<\/p>\n","protected":false},"featured_media":2084,"comment_status":"open","ping_status":"closed","template":"","meta":[],"product_brand":[],"product_cat":[65],"product_tag":[],"class_list":{"0":"post-2066","1":"product","2":"type-product","3":"status-publish","4":"has-post-thumbnail","6":"product_cat-mochila","8":"first","9":"instock","10":"featured","11":"taxable","12":"shipping-taxable","13":"purchasable","14":"product-type-simple"},"yoast_head":"<!-- This site is optimized with the Yoast SEO Premium plugin v17.1.2 (Yoast SEO v27.4) - https:\/\/yoast.com\/product\/yoast-seo-premium-wordpress\/ -->\n<title>Mochila Reversible Frozen para Ni\u00f1os | Mochila Frozen Online para Ni\u00f1os<\/title>\n<meta name=\"description\" content=\"Si est\u00e1s buscando una Mochila Reversible Frozen para Ni\u00f1os en Espa\u00f1a, entonces est\u00e1s en el lugar correcto, la tienda online Ryfi proporciona la mejor Mochila para Ni\u00f1os.\" \/>\n<meta name=\"robots\" content=\"index, follow, max-snippet:-1, max-image-preview:large, max-video-preview:-1\" \/>\n<link rel=\"canonical\" href=\"https:\/\/ryfi.online\/es\/producto\/mochila-reversible-frozen-2-en-1\/\" \/>\n<meta property=\"og:locale\" content=\"es_ES\" \/>\n<meta property=\"og:type\" content=\"article\" \/>\n<meta property=\"og:title\" content=\"Mochila Reversible Frozen 2 en 1 TH9138\" \/>\n<meta property=\"og:description\" content=\"Si est\u00e1s buscando una Mochila Reversible Frozen para Ni\u00f1os en Espa\u00f1a, entonces est\u00e1s en el lugar correcto, la tienda online Ryfi proporciona la mejor Mochila para Ni\u00f1os.\" \/>\n<meta property=\"og:url\" content=\"https:\/\/ryfi.online\/es\/producto\/mochila-reversible-frozen-2-en-1\/\" \/>\n<meta property=\"og:site_name\" content=\"Ryfi Online Store\" \/>\n<meta property=\"article:publisher\" content=\"https:\/\/www.facebook.com\/ryfi.online\/\" \/>\n<meta property=\"article:modified_time\" content=\"2023-01-04T19:49:15+00:00\" \/>\n<meta property=\"og:image\" content=\"https:\/\/ryfi.online\/wp-content\/uploads\/2021\/06\/th9138.e00.jpg\" \/>\n\t<meta property=\"og:image:width\" content=\"800\" \/>\n\t<meta property=\"og:image:height\" content=\"566\" \/>\n\t<meta property=\"og:image:type\" content=\"image\/jpeg\" \/>\n<meta name=\"twitter:card\" content=\"summary_large_image\" \/>\n<meta name=\"twitter:label1\" content=\"Precio\" \/>\n\t<meta name=\"twitter:data1\" content=\"&#036;14.99\" \/>\n\t<meta name=\"twitter:label2\" content=\"Availability\" \/>\n\t<meta name=\"twitter:data2\" content=\"In stock\" \/>\n<meta property=\"product:brand\" content=\"Mochila\" \/>\n<meta property=\"product:price:amount\" content=\"14.99\" \/>\n<meta property=\"product:price:currency\" content=\"USD\" \/>\n<meta property=\"og:availability\" content=\"instock\" \/>\n<meta property=\"product:availability\" content=\"instock\" \/>\n<meta property=\"product:condition\" content=\"new\" \/>\n<!-- \/ Yoast SEO Premium plugin. -->","yoast_head_json":{"title":"Mochila Reversible Frozen para Ni\u00f1os | Mochila Frozen Online para Ni\u00f1os","description":"Si est\u00e1s buscando una Mochila Reversible Frozen para Ni\u00f1os en Espa\u00f1a, entonces est\u00e1s en el lugar correcto, la tienda online Ryfi proporciona la mejor Mochila para Ni\u00f1os.","robots":{"index":"index","follow":"follow","max-snippet":"max-snippet:-1","max-image-preview":"max-image-preview:large","max-video-preview":"max-video-preview:-1"},"canonical":"https:\/\/ryfi.online\/es\/producto\/mochila-reversible-frozen-2-en-1\/","og_locale":"es_ES","og_type":"article","og_title":"Mochila Reversible Frozen 2 en 1 TH9138","og_description":"Si est\u00e1s buscando una Mochila Reversible Frozen para Ni\u00f1os en Espa\u00f1a, entonces est\u00e1s en el lugar correcto, la tienda online Ryfi proporciona la mejor Mochila para Ni\u00f1os.","og_url":"https:\/\/ryfi.online\/es\/producto\/mochila-reversible-frozen-2-en-1\/","og_site_name":"Ryfi Online Store","article_publisher":"https:\/\/www.facebook.com\/ryfi.online\/","article_modified_time":"2023-01-04T19:49:15+00:00","og_image":[{"width":800,"height":566,"url":"https:\/\/ryfi.online\/wp-content\/uploads\/2021\/06\/th9138.e00.jpg","type":"image\/jpeg"}],"twitter_card":"summary_large_image","twitter_misc":{"Precio":"&#36;14.99","Availability":"In stock"},"schema":{"@context":"https:\/\/schema.org","@graph":[{"@type":"WebPage","@id":"https:\/\/ryfi.online\/es\/producto\/mochila-reversible-frozen-2-en-1\/","url":"https:\/\/ryfi.online\/es\/producto\/mochila-reversible-frozen-2-en-1\/","name":"Mochila Reversible Frozen para Ni\u00f1os | Mochila Frozen Online para Ni\u00f1os","isPartOf":{"@id":"https:\/\/ryfi.online\/es\/#website"},"primaryImageOfPage":{"@id":"https:\/\/ryfi.online\/es\/producto\/mochila-reversible-frozen-2-en-1\/#primaryimage"},"image":{"@id":"https:\/\/ryfi.online\/es\/producto\/mochila-reversible-frozen-2-en-1\/#primaryimage"},"thumbnailUrl":"https:\/\/ryfi.online\/wp-content\/uploads\/2021\/06\/th9138.e00.jpg","datePublished":"2021-06-30T21:38:27+00:00","dateModified":"2023-01-04T19:49:15+00:00","description":"Si est\u00e1s buscando una Mochila Reversible Frozen para Ni\u00f1os en Espa\u00f1a, entonces est\u00e1s en el lugar correcto, la tienda online Ryfi proporciona la mejor Mochila para Ni\u00f1os.","breadcrumb":{"@id":"https:\/\/ryfi.online\/es\/producto\/mochila-reversible-frozen-2-en-1\/#breadcrumb"},"inLanguage":"es","potentialAction":[{"@type":"ReadAction","target":["https:\/\/ryfi.online\/es\/producto\/mochila-reversible-frozen-2-en-1\/"]}]},{"@type":"ImageObject","inLanguage":"es","@id":"https:\/\/ryfi.online\/es\/producto\/mochila-reversible-frozen-2-en-1\/#primaryimage","url":"https:\/\/ryfi.online\/wp-content\/uploads\/2021\/06\/th9138.e00.jpg","contentUrl":"https:\/\/ryfi.online\/wp-content\/uploads\/2021\/06\/th9138.e00.jpg","width":800,"height":566},{"@type":"BreadcrumbList","@id":"https:\/\/ryfi.online\/es\/producto\/mochila-reversible-frozen-2-en-1\/#breadcrumb","itemListElement":[{"@type":"ListItem","position":1,"name":"Home","item":"https:\/\/ryfi.online\/es\/"},{"@type":"ListItem","position":2,"name":"Free and Fast Shipping whitin 1-3 Days!!!","item":"https:\/\/ryfi.online\/shop\/"},{"@type":"ListItem","position":3,"name":"Mochila Reversible Frozen 2 en 1 TH9138"}]},{"@type":"WebSite","@id":"https:\/\/ryfi.online\/es\/#website","url":"https:\/\/ryfi.online\/es\/","name":"Ryfi Online Store","description":"Online Store","publisher":{"@id":"https:\/\/ryfi.online\/es\/#organization"},"potentialAction":[{"@type":"SearchAction","target":{"@type":"EntryPoint","urlTemplate":"https:\/\/ryfi.online\/es\/?s={search_term_string}"},"query-input":{"@type":"PropertyValueSpecification","valueRequired":true,"valueName":"search_term_string"}}],"inLanguage":"es"},{"@type":"Organization","@id":"https:\/\/ryfi.online\/es\/#organization","name":"Ryan Future Investments LLC","url":"https:\/\/ryfi.online\/es\/","logo":{"@type":"ImageObject","inLanguage":"es","@id":"https:\/\/ryfi.online\/es\/#\/schema\/logo\/image\/","url":"https:\/\/ryfi.online\/wp-content\/uploads\/2021\/03\/2-03.png","contentUrl":"https:\/\/ryfi.online\/wp-content\/uploads\/2021\/03\/2-03.png","width":1010,"height":310,"caption":"Ryan Future Investments LLC"},"image":{"@id":"https:\/\/ryfi.online\/es\/#\/schema\/logo\/image\/"},"sameAs":["https:\/\/www.facebook.com\/ryfi.online\/"]}]},"product_brand":"Mochila","product_price_amount":"14.99","product_price_currency":"USD","og_availability":"instock","product_availability":"instock","product_condition":"new"},"jetpack-related-posts":[{"id":5247,"url":"https:\/\/ryfi.online\/fr\/produit\/sac-a-dos-frozen-2-en-1-reversible\/","url_meta":{"origin":2066,"position":0},"title":"Sac \u00e0 dos r\u00e9versible 2 en 1 Frozen TH9138","date":"junio 30, 2021","format":false,"excerpt":"Exp\u00e9dition rapide et s\u00fbre en 1-3 jours ouvrables","rel":"","context":"Entrada similar","img":{"alt_text":"Mochila reversible 2 en 1 Frozen","src":"https:\/\/i0.wp.com\/ryfi.online\/wp-content\/uploads\/2021\/06\/th9138.e00.jpg?resize=350%2C200&ssl=1","width":350,"height":200},"classes":[]},{"id":2064,"url":"https:\/\/ryfi.online\/es\/producto\/mochila-reversible-mickey-2-en-1\/","url_meta":{"origin":2066,"position":1},"title":"Mochila Reversible Mickey 2 en 1 TH9136","date":"junio 30, 2021","format":false,"excerpt":"Env\u00edo rapido y seguro en 1-3 dias laborales","rel":"","context":"Entrada similar","img":{"alt_text":"","src":"https:\/\/i0.wp.com\/ryfi.online\/wp-content\/uploads\/2021\/06\/th9136.e00.jpg?resize=350%2C200&ssl=1","width":350,"height":200},"classes":[]},{"id":2062,"url":"https:\/\/ryfi.online\/es\/producto\/ryfi-mochila-reversible-minnie-2-en-1\/","url_meta":{"origin":2066,"position":2},"title":"Mochila Reversible Minnie 2 en 1 TH9129","date":"junio 30, 2021","format":false,"excerpt":"Env\u00edo rapido y seguro en 1-3 dias\u00a0laborales","rel":"","context":"Entrada similar","img":{"alt_text":"","src":"https:\/\/i0.wp.com\/ryfi.online\/wp-content\/uploads\/2021\/06\/th9129.e00.jpg?resize=350%2C200&ssl=1","width":350,"height":200},"classes":[]},{"id":2067,"url":"https:\/\/ryfi.online\/product\/reversible-backpack-frozen-2-in-1\/","url_meta":{"origin":2066,"position":3},"title":"Frozen 2 in 1 Reversible Backpack TH9138","date":"junio 30, 2021","format":false,"excerpt":"Fast and safe shipping in 1-3 business days","rel":"","context":"Entrada similar","img":{"alt_text":"Mochila reversible 2 en 1 Frozen","src":"https:\/\/i0.wp.com\/ryfi.online\/wp-content\/uploads\/2021\/06\/th9138.e00.jpg?resize=350%2C200&ssl=1","width":350,"height":200},"classes":[]},{"id":4793,"url":"https:\/\/ryfi.online\/fr\/produit\/ryfi-sac-a-dos-3d-frozen-enfant\/","url_meta":{"origin":2066,"position":4},"title":"Ryfi 3D FROZEN SAC \u00c0 DOS POUR ENFANTS TH9122","date":"septiembre 2, 2021","format":false,"excerpt":"Exp\u00e9dition rapide et s\u00fbre en 1-3 jours ouvrables","rel":"","context":"Entrada similar","img":{"alt_text":"Mochila 3D Frozen -1","src":"https:\/\/i0.wp.com\/ryfi.online\/wp-content\/uploads\/2021\/09\/th9122.e00.jpg?resize=350%2C200&ssl=1","width":350,"height":200},"classes":[]},{"id":9705,"url":"https:\/\/ryfi.online\/it\/prodotto\/zaino-2-in-1-reversibile-congelato\/","url_meta":{"origin":2066,"position":5},"title":"Zaino Reversibile 2 in 1 Frozen TH9138","date":"junio 30, 2021","format":false,"excerpt":"Spedizione veloce e sicura in 1-3 giorni lavorativi","rel":"","context":"Entrada similar","img":{"alt_text":"Mochila reversible 2 en 1 Frozen","src":"https:\/\/i0.wp.com\/ryfi.online\/wp-content\/uploads\/2021\/06\/th9138.e00.jpg?resize=350%2C200&ssl=1","width":350,"height":200},"classes":[]}],"_links":{"self":[{"href":"https:\/\/ryfi.online\/es\/wp-json\/wp\/v2\/product\/2066","targetHints":{"allow":["GET"]}}],"collection":[{"href":"https:\/\/ryfi.online\/es\/wp-json\/wp\/v2\/product"}],"about":[{"href":"https:\/\/ryfi.online\/es\/wp-json\/wp\/v2\/types\/product"}],"replies":[{"embeddable":true,"href":"https:\/\/ryfi.online\/es\/wp-json\/wp\/v2\/comments?post=2066"}],"wp:featuredmedia":[{"embeddable":true,"href":"https:\/\/ryfi.online\/es\/wp-json\/wp\/v2\/media\/2084"}],"wp:attachment":[{"href":"https:\/\/ryfi.online\/es\/wp-json\/wp\/v2\/media?parent=2066"}],"wp:term":[{"taxonomy":"product_brand","embeddable":true,"href":"https:\/\/ryfi.online\/es\/wp-json\/wp\/v2\/product_brand?post=2066"},{"taxonomy":"product_cat","embeddable":true,"href":"https:\/\/ryfi.online\/es\/wp-json\/wp\/v2\/product_cat?post=2066"},{"taxonomy":"product_tag","embeddable":true,"href":"https:\/\/ryfi.online\/es\/wp-json\/wp\/v2\/product_tag?post=2066"}],"curies":[{"name":"wp","href":"https:\/\/api.w.org\/{rel}","templated":true}]}}