{"id":1753,"date":"2021-06-16T12:31:33","date_gmt":"2021-06-16T12:31:33","guid":{"rendered":"https:\/\/ryfi.online\/?post_type=product&#038;p=1753"},"modified":"2022-05-14T16:27:27","modified_gmt":"2022-05-14T16:27:27","slug":"bolsa-messenger-patrulla-canina-28207","status":"publish","type":"product","link":"https:\/\/ryfi.online\/es\/producto\/bolsa-messenger-patrulla-canina-28207\/","title":{"rendered":"Bolsa Messenger Patrulla Canina  28*20*7"},"content":{"rendered":"<p><span class=\"a-list-item\">\u2705 Bolsa Messenger Patrulla Canina de Nickelodeon\u00a0<\/span><\/p>\n<p><span class=\"a-list-item\">\u2705 Color:Azulo con dibujos animados de Chase,Marshal,Rubble,Zuma<\/span><\/p>\n<p><span class=\"a-list-item\">\u2705 100% Poli\u00e9ster<\/span><\/p>\n<p id=\"title\" class=\"a-size-large a-spacing-none\"><span id=\"productTitle\" class=\"a-size-large product-title-word-break\"><span class=\"a-list-item\">\u2705<\/span> Medida:28*20*7\u00a0<\/span><\/p>\n<p><span id=\"productTitle\" class=\"a-size-large product-title-word-break\"><span class=\"a-list-item\">\u2705\u00a0<\/span> Lavable a mano<\/span><\/p>\n<p><span id=\"productTitle\" class=\"a-size-large product-title-word-break\"><span class=\"a-list-item\">\u2705 Correa de hombro acolchada ajustable<\/span><\/span><\/p>\n<p><span id=\"productTitle\" class=\"a-size-large product-title-word-break\"><span class=\"a-list-item\">\u2705 <\/span><\/span>Compartimento principal con cierre de cremallera<\/p>\n","protected":false},"excerpt":{"rendered":"<p>Envio Gratis 1-3 dias laborales<\/p>\n<p>Devolucion Gratuito<\/p>\n","protected":false},"featured_media":1754,"comment_status":"open","ping_status":"closed","template":"","meta":[],"product_brand":[],"product_cat":[49],"product_tag":[],"class_list":{"0":"post-1753","1":"product","2":"type-product","3":"status-publish","4":"has-post-thumbnail","6":"product_cat-bolsa","8":"first","9":"instock","10":"featured","11":"taxable","12":"shipping-taxable","13":"purchasable","14":"product-type-simple"},"yoast_head":"<!-- This site is optimized with the Yoast SEO Premium plugin v17.1.2 (Yoast SEO v27.4) - https:\/\/yoast.com\/product\/yoast-seo-premium-wordpress\/ -->\n<title>Comprar bolsa de mensajer\u00eda de la Patrulla Canina | Bolsa de mensajer\u00eda para ni\u00f1os<\/title>\n<meta name=\"description\" content=\"La tienda Ryfi Online es una de las Mejores Tiendas Online de Espa\u00f1a que proporciona los accesorios para Ni\u00f1os como la Bolsa de Mensajero de la Patrulla Canina y etc. Visita ahora.\" \/>\n<meta name=\"robots\" content=\"index, follow, max-snippet:-1, max-image-preview:large, max-video-preview:-1\" \/>\n<link rel=\"canonical\" href=\"https:\/\/ryfi.online\/es\/producto\/bolsa-messenger-patrulla-canina-28207\/\" \/>\n<meta property=\"og:locale\" content=\"es_ES\" \/>\n<meta property=\"og:type\" content=\"article\" \/>\n<meta property=\"og:title\" content=\"Bolsa Messenger Patrulla Canina 28*20*7\" \/>\n<meta property=\"og:description\" content=\"La tienda Ryfi Online es una de las Mejores Tiendas Online de Espa\u00f1a que proporciona los accesorios para Ni\u00f1os como la Bolsa de Mensajero de la Patrulla Canina y etc. Visita ahora.\" \/>\n<meta property=\"og:url\" content=\"https:\/\/ryfi.online\/es\/producto\/bolsa-messenger-patrulla-canina-28207\/\" \/>\n<meta property=\"og:site_name\" content=\"Ryfi Online Store\" \/>\n<meta property=\"article:publisher\" content=\"https:\/\/www.facebook.com\/ryfi.online\/\" \/>\n<meta property=\"article:modified_time\" content=\"2022-05-14T16:27:27+00:00\" \/>\n<meta property=\"og:image\" content=\"https:\/\/ryfi.online\/wp-content\/uploads\/2021\/06\/PH4912_BL.jpg\" \/>\n\t<meta property=\"og:image:width\" content=\"800\" \/>\n\t<meta property=\"og:image:height\" content=\"1200\" \/>\n\t<meta property=\"og:image:type\" content=\"image\/jpeg\" \/>\n<meta name=\"twitter:card\" content=\"summary_large_image\" \/>\n<meta name=\"twitter:label1\" content=\"Precio\" \/>\n\t<meta name=\"twitter:data1\" content=\"&#036;15.57\" \/>\n\t<meta name=\"twitter:label2\" content=\"Availability\" \/>\n\t<meta name=\"twitter:data2\" content=\"In stock\" \/>\n<meta property=\"product:brand\" content=\"Bolsa\" \/>\n<meta property=\"product:price:amount\" content=\"15.57\" \/>\n<meta property=\"product:price:currency\" content=\"USD\" \/>\n<meta property=\"og:availability\" content=\"instock\" \/>\n<meta property=\"product:availability\" content=\"instock\" \/>\n<meta property=\"product:condition\" content=\"new\" \/>\n<!-- \/ Yoast SEO Premium plugin. -->","yoast_head_json":{"title":"Comprar bolsa de mensajer\u00eda de la Patrulla Canina | Bolsa de mensajer\u00eda para ni\u00f1os","description":"La tienda Ryfi Online es una de las Mejores Tiendas Online de Espa\u00f1a que proporciona los accesorios para Ni\u00f1os como la Bolsa de Mensajero de la Patrulla Canina y etc. Visita ahora.","robots":{"index":"index","follow":"follow","max-snippet":"max-snippet:-1","max-image-preview":"max-image-preview:large","max-video-preview":"max-video-preview:-1"},"canonical":"https:\/\/ryfi.online\/es\/producto\/bolsa-messenger-patrulla-canina-28207\/","og_locale":"es_ES","og_type":"article","og_title":"Bolsa Messenger Patrulla Canina 28*20*7","og_description":"La tienda Ryfi Online es una de las Mejores Tiendas Online de Espa\u00f1a que proporciona los accesorios para Ni\u00f1os como la Bolsa de Mensajero de la Patrulla Canina y etc. Visita ahora.","og_url":"https:\/\/ryfi.online\/es\/producto\/bolsa-messenger-patrulla-canina-28207\/","og_site_name":"Ryfi Online Store","article_publisher":"https:\/\/www.facebook.com\/ryfi.online\/","article_modified_time":"2022-05-14T16:27:27+00:00","og_image":[{"width":800,"height":1200,"url":"https:\/\/ryfi.online\/wp-content\/uploads\/2021\/06\/PH4912_BL.jpg","type":"image\/jpeg"}],"twitter_card":"summary_large_image","twitter_misc":{"Precio":"&#36;15.57","Availability":"In stock"},"schema":{"@context":"https:\/\/schema.org","@graph":[{"@type":"WebPage","@id":"https:\/\/ryfi.online\/es\/producto\/bolsa-messenger-patrulla-canina-28207\/","url":"https:\/\/ryfi.online\/es\/producto\/bolsa-messenger-patrulla-canina-28207\/","name":"Comprar bolsa de mensajer\u00eda de la Patrulla Canina | Bolsa de mensajer\u00eda para ni\u00f1os","isPartOf":{"@id":"https:\/\/ryfi.online\/es\/#website"},"primaryImageOfPage":{"@id":"https:\/\/ryfi.online\/es\/producto\/bolsa-messenger-patrulla-canina-28207\/#primaryimage"},"image":{"@id":"https:\/\/ryfi.online\/es\/producto\/bolsa-messenger-patrulla-canina-28207\/#primaryimage"},"thumbnailUrl":"https:\/\/ryfi.online\/wp-content\/uploads\/2021\/06\/PH4912_BL.jpg","datePublished":"2021-06-16T12:31:33+00:00","dateModified":"2022-05-14T16:27:27+00:00","description":"La tienda Ryfi Online es una de las Mejores Tiendas Online de Espa\u00f1a que proporciona los accesorios para Ni\u00f1os como la Bolsa de Mensajero de la Patrulla Canina y etc. Visita ahora.","breadcrumb":{"@id":"https:\/\/ryfi.online\/es\/producto\/bolsa-messenger-patrulla-canina-28207\/#breadcrumb"},"inLanguage":"es","potentialAction":[{"@type":"ReadAction","target":["https:\/\/ryfi.online\/es\/producto\/bolsa-messenger-patrulla-canina-28207\/"]}]},{"@type":"ImageObject","inLanguage":"es","@id":"https:\/\/ryfi.online\/es\/producto\/bolsa-messenger-patrulla-canina-28207\/#primaryimage","url":"https:\/\/ryfi.online\/wp-content\/uploads\/2021\/06\/PH4912_BL.jpg","contentUrl":"https:\/\/ryfi.online\/wp-content\/uploads\/2021\/06\/PH4912_BL.jpg","width":800,"height":1200,"caption":"Bolsa Messenger Patrulla Canina"},{"@type":"BreadcrumbList","@id":"https:\/\/ryfi.online\/es\/producto\/bolsa-messenger-patrulla-canina-28207\/#breadcrumb","itemListElement":[{"@type":"ListItem","position":1,"name":"Home","item":"https:\/\/ryfi.online\/es\/"},{"@type":"ListItem","position":2,"name":"Free and Fast Shipping whitin 1-3 Days!!!","item":"https:\/\/ryfi.online\/shop\/"},{"@type":"ListItem","position":3,"name":"Bolsa Messenger Patrulla Canina 28*20*7"}]},{"@type":"WebSite","@id":"https:\/\/ryfi.online\/es\/#website","url":"https:\/\/ryfi.online\/es\/","name":"Ryfi Online Store","description":"Online Store","publisher":{"@id":"https:\/\/ryfi.online\/es\/#organization"},"potentialAction":[{"@type":"SearchAction","target":{"@type":"EntryPoint","urlTemplate":"https:\/\/ryfi.online\/es\/?s={search_term_string}"},"query-input":{"@type":"PropertyValueSpecification","valueRequired":true,"valueName":"search_term_string"}}],"inLanguage":"es"},{"@type":"Organization","@id":"https:\/\/ryfi.online\/es\/#organization","name":"Ryan Future Investments LLC","url":"https:\/\/ryfi.online\/es\/","logo":{"@type":"ImageObject","inLanguage":"es","@id":"https:\/\/ryfi.online\/es\/#\/schema\/logo\/image\/","url":"https:\/\/ryfi.online\/wp-content\/uploads\/2021\/03\/2-03.png","contentUrl":"https:\/\/ryfi.online\/wp-content\/uploads\/2021\/03\/2-03.png","width":1010,"height":310,"caption":"Ryan Future Investments LLC"},"image":{"@id":"https:\/\/ryfi.online\/es\/#\/schema\/logo\/image\/"},"sameAs":["https:\/\/www.facebook.com\/ryfi.online\/"]}]},"product_brand":"Bolsa","product_price_amount":"15.57","product_price_currency":"USD","og_availability":"instock","product_availability":"instock","product_condition":"new"},"jetpack-related-posts":[{"id":1421,"url":"https:\/\/ryfi.online\/es\/producto\/banador-con-diseno-de-patrulla-canina-de-nickelodeon-para-ninas\/","url_meta":{"origin":1753,"position":0},"title":"Ba\u00f1ador con dise\u00f1o de Patrulla Canina de Nickelodeon para ni\u00f1as SE1828","date":"junio 9, 2021","format":false,"excerpt":"Env\u00edo Rapido y Seguro en 1-3 d\u00edas laborales","rel":"","context":"Entrada similar","img":{"alt_text":"Patrulla Canina de Nickelodeon","src":"https:\/\/i0.wp.com\/ryfi.online\/wp-content\/uploads\/2021\/06\/se1828_pi.jpg?resize=350%2C200&ssl=1","width":350,"height":200},"classes":[]},{"id":12010,"url":"https:\/\/ryfi.online\/ro\/produs\/banador-con-diseno-de-patrulla-canina-de-nickelodeon-para-ninas-2\/","url_meta":{"origin":1753,"position":1},"title":"Ba\u00f1ador con dise\u00f1o de Patrulla Canina de Nickelodeon para ni\u00f1as SE1828","date":"junio 9, 2021","format":false,"excerpt":"Env\u00edo Rapido y Seguro en 1-3 d\u00edas laborales","rel":"","context":"Entrada similar","img":{"alt_text":"Patrulla Canina de Nickelodeon","src":"https:\/\/i0.wp.com\/ryfi.online\/wp-content\/uploads\/2021\/06\/se1828_pi.jpg?resize=350%2C200&ssl=1","width":350,"height":200},"classes":[]},{"id":1717,"url":"https:\/\/ryfi.online\/es\/producto\/boxer-bano-con-diseno-de-patrulla-canina-de-nickelodeon-para-ninos\/","url_meta":{"origin":1753,"position":2},"title":"Boxer Ba\u00f1o con dise\u00f1o de Patrulla Canina de Nickelodeon para ni\u00f1os","date":"junio 16, 2021","format":false,"excerpt":"Envio Gratis 1-3 dias laborales Devolucion Gratuito","rel":"","context":"Entrada similar","img":{"alt_text":"Banador Patrulla Canina","src":"https:\/\/i0.wp.com\/ryfi.online\/wp-content\/uploads\/2021\/06\/ue0102_lna.jpg?resize=350%2C200&ssl=1","width":350,"height":200},"classes":[]},{"id":1679,"url":"https:\/\/ryfi.online\/es\/producto\/camiseta-dibujo-animado-de-patrulla-canina-de-nickelodeon-para-ninas\/","url_meta":{"origin":1753,"position":3},"title":"Camiseta dibujo animado de Patrulla Canina de Nickelodeon para ni\u00f1as","date":"junio 15, 2021","format":false,"excerpt":"Envio Gratis 1-3 dias laborales Devolucion Gratuito","rel":"","context":"Entrada similar","img":{"alt_text":"Camiseta Patrulla Canina","src":"https:\/\/i0.wp.com\/ryfi.online\/wp-content\/uploads\/2021\/06\/se1488_dfu.jpg?resize=350%2C200&ssl=1","width":350,"height":200},"classes":[]},{"id":1704,"url":"https:\/\/ryfi.online\/es\/producto\/camiseta-dibujo-animado-de-patrulla-canina-de-nickelodeon-para-ninos\/","url_meta":{"origin":1753,"position":4},"title":"Camiseta dibujo animado de Patrulla Canina de Nickelodeon para ni\u00f1os","date":"junio 15, 2021","format":false,"excerpt":"Envio Gratis 1-3 dias laborales Devolucion Gratuito","rel":"","context":"Entrada similar","img":{"alt_text":"Camiseta Patrulla Canina","src":"https:\/\/i0.wp.com\/ryfi.online\/wp-content\/uploads\/2021\/06\/ue1153_bl.jpg?resize=350%2C200&ssl=1","width":350,"height":200},"classes":[]},{"id":1743,"url":"https:\/\/ryfi.online\/es\/producto\/gorra-de-beisbol-con-diseno-de-patrulla-canina-de-nickelodeon-para-ninas\/","url_meta":{"origin":1753,"position":5},"title":"Gorra de b\u00e9isbol con dise\u00f1o de Patrulla Canina de Nickelodeon para ni\u00f1as UE4205","date":"junio 16, 2021","format":false,"excerpt":"Envio Gratis 1-3 dias laborales Devolucion Gratuito","rel":"","context":"Entrada similar","img":{"alt_text":"Gorra Patrulla Canina","src":"https:\/\/i0.wp.com\/ryfi.online\/wp-content\/uploads\/2021\/06\/ue4205_pi.jpg?resize=350%2C200&ssl=1","width":350,"height":200},"classes":[]}],"_links":{"self":[{"href":"https:\/\/ryfi.online\/es\/wp-json\/wp\/v2\/product\/1753","targetHints":{"allow":["GET"]}}],"collection":[{"href":"https:\/\/ryfi.online\/es\/wp-json\/wp\/v2\/product"}],"about":[{"href":"https:\/\/ryfi.online\/es\/wp-json\/wp\/v2\/types\/product"}],"replies":[{"embeddable":true,"href":"https:\/\/ryfi.online\/es\/wp-json\/wp\/v2\/comments?post=1753"}],"wp:featuredmedia":[{"embeddable":true,"href":"https:\/\/ryfi.online\/es\/wp-json\/wp\/v2\/media\/1754"}],"wp:attachment":[{"href":"https:\/\/ryfi.online\/es\/wp-json\/wp\/v2\/media?parent=1753"}],"wp:term":[{"taxonomy":"product_brand","embeddable":true,"href":"https:\/\/ryfi.online\/es\/wp-json\/wp\/v2\/product_brand?post=1753"},{"taxonomy":"product_cat","embeddable":true,"href":"https:\/\/ryfi.online\/es\/wp-json\/wp\/v2\/product_cat?post=1753"},{"taxonomy":"product_tag","embeddable":true,"href":"https:\/\/ryfi.online\/es\/wp-json\/wp\/v2\/product_tag?post=1753"}],"curies":[{"name":"wp","href":"https:\/\/api.w.org\/{rel}","templated":true}]}}