{"id":1704,"date":"2021-06-15T15:14:39","date_gmt":"2021-06-15T15:14:39","guid":{"rendered":"https:\/\/ryfi.online\/?post_type=product&#038;p=1704"},"modified":"2022-05-14T16:33:43","modified_gmt":"2022-05-14T16:33:43","slug":"camiseta-dibujo-animado-de-patrulla-canina-de-nickelodeon-para-ninos","status":"publish","type":"product","link":"https:\/\/ryfi.online\/es\/producto\/camiseta-dibujo-animado-de-patrulla-canina-de-nickelodeon-para-ninos\/","title":{"rendered":"Camiseta dibujo animado de Patrulla Canina de Nickelodeon para ni\u00f1os"},"content":{"rendered":"<p><span class=\"a-list-item\">\u2705 Camiseta para ni\u00f1os de Patrulla Canina de Nickelodeon<\/span><\/p>\n<p><span class=\"a-list-item\">\u2705 Color: Azul-Blanco con dibujos animados de Chase,Marshal,Rubble<\/span><\/p>\n<p><span class=\"a-list-item\">\u2705 100% Algod\u00f3n,\u00a0<\/span><\/p>\n<p id=\"title\" class=\"a-size-large a-spacing-none\"><span id=\"productTitle\" class=\"a-size-large product-title-word-break\"><span class=\"a-list-item\">\u2705<\/span>\u00a0 Edad: 3 a\u00f1os, 4 a\u00f1os, 5 a\u00f1os, 6 a\u00f1os<\/span><\/p>\n<p>&nbsp;<\/p>\n","protected":false},"excerpt":{"rendered":"<p>Envio Gratis 1-3 dias laborales<\/p>\n<p>Devolucion Gratuito<\/p>\n","protected":false},"featured_media":1707,"comment_status":"open","ping_status":"closed","template":"","meta":[],"product_brand":[],"product_cat":[45],"product_tag":[],"class_list":{"0":"post-1704","1":"product","2":"type-product","3":"status-publish","4":"has-post-thumbnail","6":"product_cat-camiseta-ninos-licencia-online","8":"first","9":"instock","10":"featured","11":"taxable","12":"shipping-taxable","13":"purchasable","14":"product-type-variable"},"yoast_head":"<!-- This site is optimized with the Yoast SEO Premium plugin v17.1.2 (Yoast SEO v27.4) - https:\/\/yoast.com\/product\/yoast-seo-premium-wordpress\/ -->\n<title>Comprar online camiseta de dibujos animados de la Patrulla Canina de Nickelodeon para ni\u00f1os<\/title>\n<meta name=\"description\" content=\"Encuentra la mejor colecci\u00f3n de camisetas de dibujos animados de la Patrulla Canina de Nickelodeon para ni\u00f1os en la tienda online Ryfi. Env\u00edo gratuito y r\u00e1pido en 1-3 d\u00edas laborables.\" \/>\n<meta name=\"robots\" content=\"index, follow, max-snippet:-1, max-image-preview:large, max-video-preview:-1\" \/>\n<link rel=\"canonical\" href=\"https:\/\/ryfi.online\/es\/producto\/camiseta-dibujo-animado-de-patrulla-canina-de-nickelodeon-para-ninos\/\" \/>\n<meta property=\"og:locale\" content=\"es_ES\" \/>\n<meta property=\"og:type\" content=\"article\" \/>\n<meta property=\"og:title\" content=\"Camiseta dibujo animado de Patrulla Canina de Nickelodeon para ni\u00f1os\" \/>\n<meta property=\"og:description\" content=\"Encuentra la mejor colecci\u00f3n de camisetas de dibujos animados de la Patrulla Canina de Nickelodeon para ni\u00f1os en la tienda online Ryfi. Env\u00edo gratuito y r\u00e1pido en 1-3 d\u00edas laborables.\" \/>\n<meta property=\"og:url\" content=\"https:\/\/ryfi.online\/es\/producto\/camiseta-dibujo-animado-de-patrulla-canina-de-nickelodeon-para-ninos\/\" \/>\n<meta property=\"og:site_name\" content=\"Ryfi Online Store\" \/>\n<meta property=\"article:publisher\" content=\"https:\/\/www.facebook.com\/ryfi.online\/\" \/>\n<meta property=\"article:modified_time\" content=\"2022-05-14T16:33:43+00:00\" \/>\n<meta property=\"og:image\" content=\"https:\/\/ryfi.online\/wp-content\/uploads\/2021\/06\/ue1153_bl.jpg\" \/>\n\t<meta property=\"og:image:width\" content=\"800\" \/>\n\t<meta property=\"og:image:height\" content=\"1200\" \/>\n\t<meta property=\"og:image:type\" content=\"image\/jpeg\" \/>\n<meta name=\"twitter:card\" content=\"summary_large_image\" \/>\n<meta name=\"twitter:label1\" content=\"Availability\" \/>\n\t<meta name=\"twitter:data1\" content=\"In stock\" \/>\n<meta property=\"product:brand\" content=\"Camiseta ni\u00f1os\" \/>\n<meta property=\"og:availability\" content=\"instock\" \/>\n<meta property=\"product:availability\" content=\"instock\" \/>\n<meta property=\"product:condition\" content=\"new\" \/>\n<!-- \/ Yoast SEO Premium plugin. -->","yoast_head_json":{"title":"Comprar online camiseta de dibujos animados de la Patrulla Canina de Nickelodeon para ni\u00f1os","description":"Encuentra la mejor colecci\u00f3n de camisetas de dibujos animados de la Patrulla Canina de Nickelodeon para ni\u00f1os en la tienda online Ryfi. Env\u00edo gratuito y r\u00e1pido en 1-3 d\u00edas laborables.","robots":{"index":"index","follow":"follow","max-snippet":"max-snippet:-1","max-image-preview":"max-image-preview:large","max-video-preview":"max-video-preview:-1"},"canonical":"https:\/\/ryfi.online\/es\/producto\/camiseta-dibujo-animado-de-patrulla-canina-de-nickelodeon-para-ninos\/","og_locale":"es_ES","og_type":"article","og_title":"Camiseta dibujo animado de Patrulla Canina de Nickelodeon para ni\u00f1os","og_description":"Encuentra la mejor colecci\u00f3n de camisetas de dibujos animados de la Patrulla Canina de Nickelodeon para ni\u00f1os en la tienda online Ryfi. Env\u00edo gratuito y r\u00e1pido en 1-3 d\u00edas laborables.","og_url":"https:\/\/ryfi.online\/es\/producto\/camiseta-dibujo-animado-de-patrulla-canina-de-nickelodeon-para-ninos\/","og_site_name":"Ryfi Online Store","article_publisher":"https:\/\/www.facebook.com\/ryfi.online\/","article_modified_time":"2022-05-14T16:33:43+00:00","og_image":[{"width":800,"height":1200,"url":"https:\/\/ryfi.online\/wp-content\/uploads\/2021\/06\/ue1153_bl.jpg","type":"image\/jpeg"}],"twitter_card":"summary_large_image","twitter_misc":{"Availability":"In stock"},"schema":{"@context":"https:\/\/schema.org","@graph":[{"@type":"WebPage","@id":"https:\/\/ryfi.online\/es\/producto\/camiseta-dibujo-animado-de-patrulla-canina-de-nickelodeon-para-ninos\/","url":"https:\/\/ryfi.online\/es\/producto\/camiseta-dibujo-animado-de-patrulla-canina-de-nickelodeon-para-ninos\/","name":"Comprar online camiseta de dibujos animados de la Patrulla Canina de Nickelodeon para ni\u00f1os","isPartOf":{"@id":"https:\/\/ryfi.online\/es\/#website"},"primaryImageOfPage":{"@id":"https:\/\/ryfi.online\/es\/producto\/camiseta-dibujo-animado-de-patrulla-canina-de-nickelodeon-para-ninos\/#primaryimage"},"image":{"@id":"https:\/\/ryfi.online\/es\/producto\/camiseta-dibujo-animado-de-patrulla-canina-de-nickelodeon-para-ninos\/#primaryimage"},"thumbnailUrl":"https:\/\/ryfi.online\/wp-content\/uploads\/2021\/06\/ue1153_bl.jpg","datePublished":"2021-06-15T15:14:39+00:00","dateModified":"2022-05-14T16:33:43+00:00","description":"Encuentra la mejor colecci\u00f3n de camisetas de dibujos animados de la Patrulla Canina de Nickelodeon para ni\u00f1os en la tienda online Ryfi. Env\u00edo gratuito y r\u00e1pido en 1-3 d\u00edas laborables.","breadcrumb":{"@id":"https:\/\/ryfi.online\/es\/producto\/camiseta-dibujo-animado-de-patrulla-canina-de-nickelodeon-para-ninos\/#breadcrumb"},"inLanguage":"es","potentialAction":[{"@type":"ReadAction","target":["https:\/\/ryfi.online\/es\/producto\/camiseta-dibujo-animado-de-patrulla-canina-de-nickelodeon-para-ninos\/"]}]},{"@type":"ImageObject","inLanguage":"es","@id":"https:\/\/ryfi.online\/es\/producto\/camiseta-dibujo-animado-de-patrulla-canina-de-nickelodeon-para-ninos\/#primaryimage","url":"https:\/\/ryfi.online\/wp-content\/uploads\/2021\/06\/ue1153_bl.jpg","contentUrl":"https:\/\/ryfi.online\/wp-content\/uploads\/2021\/06\/ue1153_bl.jpg","width":800,"height":1200,"caption":"Camiseta Patrulla Canina"},{"@type":"BreadcrumbList","@id":"https:\/\/ryfi.online\/es\/producto\/camiseta-dibujo-animado-de-patrulla-canina-de-nickelodeon-para-ninos\/#breadcrumb","itemListElement":[{"@type":"ListItem","position":1,"name":"Home","item":"https:\/\/ryfi.online\/es\/"},{"@type":"ListItem","position":2,"name":"Free and Fast Shipping whitin 1-3 Days!!!","item":"https:\/\/ryfi.online\/shop\/"},{"@type":"ListItem","position":3,"name":"Camiseta dibujo animado de Patrulla Canina de Nickelodeon para ni\u00f1os"}]},{"@type":"WebSite","@id":"https:\/\/ryfi.online\/es\/#website","url":"https:\/\/ryfi.online\/es\/","name":"Ryfi Online Store","description":"Online Store","publisher":{"@id":"https:\/\/ryfi.online\/es\/#organization"},"potentialAction":[{"@type":"SearchAction","target":{"@type":"EntryPoint","urlTemplate":"https:\/\/ryfi.online\/es\/?s={search_term_string}"},"query-input":{"@type":"PropertyValueSpecification","valueRequired":true,"valueName":"search_term_string"}}],"inLanguage":"es"},{"@type":"Organization","@id":"https:\/\/ryfi.online\/es\/#organization","name":"Ryan Future Investments LLC","url":"https:\/\/ryfi.online\/es\/","logo":{"@type":"ImageObject","inLanguage":"es","@id":"https:\/\/ryfi.online\/es\/#\/schema\/logo\/image\/","url":"https:\/\/ryfi.online\/wp-content\/uploads\/2021\/03\/2-03.png","contentUrl":"https:\/\/ryfi.online\/wp-content\/uploads\/2021\/03\/2-03.png","width":1010,"height":310,"caption":"Ryan Future Investments LLC"},"image":{"@id":"https:\/\/ryfi.online\/es\/#\/schema\/logo\/image\/"},"sameAs":["https:\/\/www.facebook.com\/ryfi.online\/"]}]},"product_brand":"Camiseta ni\u00f1os","og_availability":"instock","product_availability":"instock","product_condition":"new"},"jetpack-related-posts":[{"id":1679,"url":"https:\/\/ryfi.online\/es\/producto\/camiseta-dibujo-animado-de-patrulla-canina-de-nickelodeon-para-ninas\/","url_meta":{"origin":1704,"position":0},"title":"Camiseta dibujo animado de Patrulla Canina de Nickelodeon para ni\u00f1as","date":"junio 15, 2021","format":false,"excerpt":"Envio Gratis 1-3 dias laborales Devolucion Gratuito","rel":"","context":"Entrada similar","img":{"alt_text":"Camiseta Patrulla Canina","src":"https:\/\/i0.wp.com\/ryfi.online\/wp-content\/uploads\/2021\/06\/se1488_dfu.jpg?resize=350%2C200&ssl=1","width":350,"height":200},"classes":[]},{"id":1717,"url":"https:\/\/ryfi.online\/es\/producto\/boxer-bano-con-diseno-de-patrulla-canina-de-nickelodeon-para-ninos\/","url_meta":{"origin":1704,"position":1},"title":"Boxer Ba\u00f1o con dise\u00f1o de Patrulla Canina de Nickelodeon para ni\u00f1os","date":"junio 16, 2021","format":false,"excerpt":"Envio Gratis 1-3 dias laborales Devolucion Gratuito","rel":"","context":"Entrada similar","img":{"alt_text":"Banador Patrulla Canina","src":"https:\/\/i0.wp.com\/ryfi.online\/wp-content\/uploads\/2021\/06\/ue0102_lna.jpg?resize=350%2C200&ssl=1","width":350,"height":200},"classes":[]},{"id":1418,"url":"https:\/\/ryfi.online\/es\/producto\/gorra-de-beisbol-con-diseno-de-patrulla-canina-de-nickelodeon-para-ninos\/","url_meta":{"origin":1704,"position":2},"title":"Gorra de b\u00e9isbol con dise\u00f1o de Patrulla Canina de Nickelodeon para ni\u00f1os UE4157","date":"junio 9, 2021","format":false,"excerpt":"Env\u00edo gratuito y r\u00e1pido en 1-3 d\u00edas.","rel":"","context":"Entrada similar","img":{"alt_text":"Gorra Patrulla Canina Nickelodeon","src":"https:\/\/i0.wp.com\/ryfi.online\/wp-content\/uploads\/2021\/06\/ue4157_ye.jpg?resize=350%2C200&ssl=1","width":350,"height":200},"classes":[]},{"id":1691,"url":"https:\/\/ryfi.online\/es\/producto\/camiseta-dibujo-animado-de-avengers-de-marvel-para-ninos\/","url_meta":{"origin":1704,"position":3},"title":"Camiseta dibujo animado de Avengers de Marvel para ni\u00f1os","date":"junio 15, 2021","format":false,"excerpt":"Envio Gratis 1-3 dias laborales Devolucion Gratuito","rel":"","context":"Entrada similar","img":{"alt_text":"Camiseta Avengers","src":"https:\/\/i0.wp.com\/ryfi.online\/wp-content\/uploads\/2021\/06\/ue1060_gy.jpg?resize=350%2C200&ssl=1","width":350,"height":200},"classes":[]},{"id":1456,"url":"https:\/\/ryfi.online\/es\/producto\/camiseta-dibujo-animado-de-mickey-de-disney-para-ninos\/","url_meta":{"origin":1704,"position":4},"title":"Camiseta dibujo animado de Mickey de Disney para ni\u00f1os UE1167","date":"junio 9, 2021","format":false,"excerpt":"Env\u00edo gratuito y r\u00e1pido en 1-3 d\u00edas.","rel":"","context":"Entrada similar","img":{"alt_text":"Camiseta Mickey Ninos","src":"https:\/\/i0.wp.com\/ryfi.online\/wp-content\/uploads\/2021\/06\/UE1167_RD.jpg?resize=350%2C200&ssl=1","width":350,"height":200},"classes":[]},{"id":1743,"url":"https:\/\/ryfi.online\/es\/producto\/gorra-de-beisbol-con-diseno-de-patrulla-canina-de-nickelodeon-para-ninas\/","url_meta":{"origin":1704,"position":5},"title":"Gorra de b\u00e9isbol con dise\u00f1o de Patrulla Canina de Nickelodeon para ni\u00f1as UE4205","date":"junio 16, 2021","format":false,"excerpt":"Envio Gratis 1-3 dias laborales Devolucion Gratuito","rel":"","context":"Entrada similar","img":{"alt_text":"Gorra Patrulla Canina","src":"https:\/\/i0.wp.com\/ryfi.online\/wp-content\/uploads\/2021\/06\/ue4205_pi.jpg?resize=350%2C200&ssl=1","width":350,"height":200},"classes":[]}],"_links":{"self":[{"href":"https:\/\/ryfi.online\/es\/wp-json\/wp\/v2\/product\/1704","targetHints":{"allow":["GET"]}}],"collection":[{"href":"https:\/\/ryfi.online\/es\/wp-json\/wp\/v2\/product"}],"about":[{"href":"https:\/\/ryfi.online\/es\/wp-json\/wp\/v2\/types\/product"}],"replies":[{"embeddable":true,"href":"https:\/\/ryfi.online\/es\/wp-json\/wp\/v2\/comments?post=1704"}],"wp:featuredmedia":[{"embeddable":true,"href":"https:\/\/ryfi.online\/es\/wp-json\/wp\/v2\/media\/1707"}],"wp:attachment":[{"href":"https:\/\/ryfi.online\/es\/wp-json\/wp\/v2\/media?parent=1704"}],"wp:term":[{"taxonomy":"product_brand","embeddable":true,"href":"https:\/\/ryfi.online\/es\/wp-json\/wp\/v2\/product_brand?post=1704"},{"taxonomy":"product_cat","embeddable":true,"href":"https:\/\/ryfi.online\/es\/wp-json\/wp\/v2\/product_cat?post=1704"},{"taxonomy":"product_tag","embeddable":true,"href":"https:\/\/ryfi.online\/es\/wp-json\/wp\/v2\/product_tag?post=1704"}],"curies":[{"name":"wp","href":"https:\/\/api.w.org\/{rel}","templated":true}]}}