{"id":15390,"date":"2023-01-24T17:32:19","date_gmt":"2023-01-24T17:32:19","guid":{"rendered":"https:\/\/ryfi.online\/?post_type=product&#038;p=15390"},"modified":"2023-01-24T19:50:56","modified_gmt":"2023-01-24T19:50:56","slug":"baby-doll","status":"publish","type":"product","link":"https:\/\/ryfi.online\/es\/producto\/baby-doll\/","title":{"rendered":"Baby Doll"},"content":{"rendered":"<ul class=\"a-unordered-list a-vertical a-spacing-mini\">\n<li><span class=\"a-list-item\"> La Baby es perfecta para los m\u00e1s peque\u00f1os de la casa, su medida hace que sea f\u00e1cil de coger, abrazar y llevar a cualquier parte. <\/span><\/li>\n<li><span class=\"a-list-item\"> Gift set: una mu\u00f1eca de 28 cm, con un bonito gorro y un pijama a juego con cierre por contacto en la parte delantera.<\/span><\/li>\n<li><span class=\"a-list-item\"> Se puede lavar a mano con facilidad con agua tibia y jab\u00f3n neutro. \u00a1Siempre quedar\u00e1 como nueva! <\/span><\/li>\n<li><span class=\"a-list-item\"> Ayuda a su desarrollo afectivo y emocional adem\u00e1s fomenta habilidades sociales de cuidados al imaginar que tienen que cuidarla y alimentarla fingiendo ser su padre o madre \u00a1Con ellos la imaginaci\u00f3n vuela! <\/span><\/li>\n<li><span class=\"a-list-item\"> La cabeza, los brazos y las piernas est\u00e1n fabricados de vinilo suave, sin perfume y libre de BPA.<br \/>\n<\/span><\/li>\n<\/ul>\n","protected":false},"excerpt":{"rendered":"<p>Env\u00edo gratuito y r\u00e1pido en 1-3 d\u00edas.<\/p>\n","protected":false},"featured_media":15398,"comment_status":"open","ping_status":"closed","template":"","meta":[],"product_brand":[],"product_cat":[69],"product_tag":[],"class_list":{"0":"post-15390","1":"product","2":"type-product","3":"status-publish","4":"has-post-thumbnail","6":"product_cat-sin-categorizar","8":"first","9":"instock","10":"featured","11":"taxable","12":"shipping-taxable","13":"purchasable","14":"product-type-simple"},"yoast_head":"<!-- This site is optimized with the Yoast SEO Premium plugin v17.1.2 (Yoast SEO v27.4) - https:\/\/yoast.com\/product\/yoast-seo-premium-wordpress\/ -->\n<title>Baby Doll - Ryfi Online Store<\/title>\n<meta name=\"description\" content=\"Si busca baby doll en America... \u00a1Entonces, usted ha venido al lugar correcto, Ryfi.online proporciona el tipo de felpa diferente, para m\u00e1s informaci\u00f3n visite nuestro sitio web hoy!\" \/>\n<meta name=\"robots\" content=\"index, follow, max-snippet:-1, max-image-preview:large, max-video-preview:-1\" \/>\n<link rel=\"canonical\" href=\"https:\/\/ryfi.online\/es\/producto\/baby-doll\/\" \/>\n<meta property=\"og:locale\" content=\"es_ES\" \/>\n<meta property=\"og:type\" content=\"article\" \/>\n<meta property=\"og:title\" content=\"Baby Doll\" \/>\n<meta property=\"og:description\" content=\"Si busca baby doll en America... \u00a1Entonces, usted ha venido al lugar correcto, Ryfi.online proporciona el tipo de felpa diferente, para m\u00e1s informaci\u00f3n visite nuestro sitio web hoy!\" \/>\n<meta property=\"og:url\" content=\"https:\/\/ryfi.online\/es\/producto\/baby-doll\/\" \/>\n<meta property=\"og:site_name\" content=\"Ryfi Online Store\" \/>\n<meta property=\"article:publisher\" content=\"https:\/\/www.facebook.com\/ryfi.online\/\" \/>\n<meta property=\"article:modified_time\" content=\"2023-01-24T19:50:56+00:00\" \/>\n<meta property=\"og:image\" content=\"https:\/\/ryfi.online\/wp-content\/uploads\/2023\/01\/3.jpg\" \/>\n\t<meta property=\"og:image:width\" content=\"1536\" \/>\n\t<meta property=\"og:image:height\" content=\"2048\" \/>\n\t<meta property=\"og:image:type\" content=\"image\/jpeg\" \/>\n<meta name=\"twitter:card\" content=\"summary_large_image\" \/>\n<meta name=\"twitter:label1\" content=\"Precio\" \/>\n\t<meta name=\"twitter:data1\" content=\"&#036;12.99\" \/>\n\t<meta name=\"twitter:label2\" content=\"Availability\" \/>\n\t<meta name=\"twitter:data2\" content=\"In stock\" \/>\n<meta property=\"product:brand\" content=\"Sin categorizar\" \/>\n<meta property=\"product:price:amount\" content=\"12.99\" \/>\n<meta property=\"product:price:currency\" content=\"USD\" \/>\n<meta property=\"og:availability\" content=\"instock\" \/>\n<meta property=\"product:availability\" content=\"instock\" \/>\n<meta property=\"product:condition\" content=\"new\" \/>\n<!-- \/ Yoast SEO Premium plugin. -->","yoast_head_json":{"title":"Baby Doll - Ryfi Online Store","description":"Si busca baby doll en America... \u00a1Entonces, usted ha venido al lugar correcto, Ryfi.online proporciona el tipo de felpa diferente, para m\u00e1s informaci\u00f3n visite nuestro sitio web hoy!","robots":{"index":"index","follow":"follow","max-snippet":"max-snippet:-1","max-image-preview":"max-image-preview:large","max-video-preview":"max-video-preview:-1"},"canonical":"https:\/\/ryfi.online\/es\/producto\/baby-doll\/","og_locale":"es_ES","og_type":"article","og_title":"Baby Doll","og_description":"Si busca baby doll en America... \u00a1Entonces, usted ha venido al lugar correcto, Ryfi.online proporciona el tipo de felpa diferente, para m\u00e1s informaci\u00f3n visite nuestro sitio web hoy!","og_url":"https:\/\/ryfi.online\/es\/producto\/baby-doll\/","og_site_name":"Ryfi Online Store","article_publisher":"https:\/\/www.facebook.com\/ryfi.online\/","article_modified_time":"2023-01-24T19:50:56+00:00","og_image":[{"width":1536,"height":2048,"url":"https:\/\/ryfi.online\/wp-content\/uploads\/2023\/01\/3.jpg","type":"image\/jpeg"}],"twitter_card":"summary_large_image","twitter_misc":{"Precio":"&#36;12.99","Availability":"In stock"},"schema":{"@context":"https:\/\/schema.org","@graph":[{"@type":"WebPage","@id":"https:\/\/ryfi.online\/es\/producto\/baby-doll\/","url":"https:\/\/ryfi.online\/es\/producto\/baby-doll\/","name":"Baby Doll - Ryfi Online Store","isPartOf":{"@id":"https:\/\/ryfi.online\/es\/#website"},"primaryImageOfPage":{"@id":"https:\/\/ryfi.online\/es\/producto\/baby-doll\/#primaryimage"},"image":{"@id":"https:\/\/ryfi.online\/es\/producto\/baby-doll\/#primaryimage"},"thumbnailUrl":"https:\/\/ryfi.online\/wp-content\/uploads\/2023\/01\/3.jpg","datePublished":"2023-01-24T17:32:19+00:00","dateModified":"2023-01-24T19:50:56+00:00","description":"Si busca baby doll en America... \u00a1Entonces, usted ha venido al lugar correcto, Ryfi.online proporciona el tipo de felpa diferente, para m\u00e1s informaci\u00f3n visite nuestro sitio web hoy!","breadcrumb":{"@id":"https:\/\/ryfi.online\/es\/producto\/baby-doll\/#breadcrumb"},"inLanguage":"es","potentialAction":[{"@type":"ReadAction","target":["https:\/\/ryfi.online\/es\/producto\/baby-doll\/"]}]},{"@type":"ImageObject","inLanguage":"es","@id":"https:\/\/ryfi.online\/es\/producto\/baby-doll\/#primaryimage","url":"https:\/\/ryfi.online\/wp-content\/uploads\/2023\/01\/3.jpg","contentUrl":"https:\/\/ryfi.online\/wp-content\/uploads\/2023\/01\/3.jpg","width":1536,"height":2048},{"@type":"BreadcrumbList","@id":"https:\/\/ryfi.online\/es\/producto\/baby-doll\/#breadcrumb","itemListElement":[{"@type":"ListItem","position":1,"name":"Home","item":"https:\/\/ryfi.online\/es\/"},{"@type":"ListItem","position":2,"name":"Free and Fast Shipping whitin 1-3 Days!!!","item":"https:\/\/ryfi.online\/shop\/"},{"@type":"ListItem","position":3,"name":"Baby Doll"}]},{"@type":"WebSite","@id":"https:\/\/ryfi.online\/es\/#website","url":"https:\/\/ryfi.online\/es\/","name":"Ryfi Online Store","description":"Online Store","publisher":{"@id":"https:\/\/ryfi.online\/es\/#organization"},"potentialAction":[{"@type":"SearchAction","target":{"@type":"EntryPoint","urlTemplate":"https:\/\/ryfi.online\/es\/?s={search_term_string}"},"query-input":{"@type":"PropertyValueSpecification","valueRequired":true,"valueName":"search_term_string"}}],"inLanguage":"es"},{"@type":"Organization","@id":"https:\/\/ryfi.online\/es\/#organization","name":"Ryan Future Investments LLC","url":"https:\/\/ryfi.online\/es\/","logo":{"@type":"ImageObject","inLanguage":"es","@id":"https:\/\/ryfi.online\/es\/#\/schema\/logo\/image\/","url":"https:\/\/ryfi.online\/wp-content\/uploads\/2021\/03\/2-03.png","contentUrl":"https:\/\/ryfi.online\/wp-content\/uploads\/2021\/03\/2-03.png","width":1010,"height":310,"caption":"Ryan Future Investments LLC"},"image":{"@id":"https:\/\/ryfi.online\/es\/#\/schema\/logo\/image\/"},"sameAs":["https:\/\/www.facebook.com\/ryfi.online\/"]}]},"product_brand":"Sin categorizar","product_price_amount":"12.99","product_price_currency":"USD","og_availability":"instock","product_availability":"instock","product_condition":"new"},"jetpack-related-posts":[{"id":12665,"url":"https:\/\/ryfi.online\/es\/producto\/funda-de-telefono-movil-para-el-iphone-11-con-soporte-de-tarjeta-magnetica-para-el-iphone-11\/","url_meta":{"origin":15390,"position":0},"title":"Funda para iPhone 11 con tarjetero para iPhone 11,11 Pro,11 Pro Max","date":"marzo 10, 2021","format":false,"excerpt":"Env\u00edo gratuito y r\u00e1pido en 1-3 d\u00edas. Compre 4 y obtenga 5 \u00a1Date prisa, ventas rapides!","rel":"","context":"Entrada similar","img":{"alt_text":"","src":"https:\/\/i0.wp.com\/ryfi.online\/wp-content\/uploads\/2021\/03\/HTB16OjSX7P2gK0jSZPx761cQpXaw.png?resize=350%2C200&ssl=1","width":350,"height":200},"classes":[]},{"id":12852,"url":"https:\/\/ryfi.online\/es\/producto\/iphone-12-todos-los-modelos-carcasa-de-telefono-movil-con-adsorcion-magnetica-soporte-tarjeta-para-iphone-1212-pro12-pro-max12-mini\/","url_meta":{"origin":15390,"position":1},"title":"Funda para iPhone 12 con tarjetero para iPhone 12,12 Pro,12 Pro Max,12 Mini","date":"marzo 15, 2021","format":false,"excerpt":"Env\u00edo gratuito y r\u00e1pido en 1-3 d\u00edas. Compre 4 y obtenga 5 \u00a1Date prisa, ventas rapides!","rel":"","context":"Entrada similar","img":{"alt_text":"","src":"https:\/\/i0.wp.com\/ryfi.online\/wp-content\/uploads\/2021\/03\/H9fbad9f47c5041c980a84525fb257ec9v-1.png?resize=350%2C200&ssl=1","width":350,"height":200},"classes":[]},{"id":2185,"url":"https:\/\/ryfi.online\/es\/producto\/pulpo-reversible-llavero-animal-de-peluche-felpa\/","url_meta":{"origin":15390,"position":2},"title":"Llavero Pulpo Reversible Todos los Colores","date":"marzo 17, 2021","format":false,"excerpt":"Env\u00edo gratuito y r\u00e1pido en 1-3 d\u00edas. Compre 4 y obtenga 5 \u00a1Date prisa, ventas rapides! \u00a0","rel":"","context":"Entrada similar","img":{"alt_text":"llavero pulpo reversible","src":"https:\/\/i0.wp.com\/ryfi.online\/wp-content\/uploads\/2021\/03\/20.jpg?resize=350%2C200&ssl=1","width":350,"height":200},"classes":[]},{"id":12770,"url":"https:\/\/ryfi.online\/es\/producto\/carcasa-para-iphone-xs-max-con-soporte-de-tarjeta-magnetica-para-iphone-xs-max\/","url_meta":{"origin":15390,"position":3},"title":"Funda para iPhone Xs Max Tel\u00e9fono m\u00f3vil con tarjetero para iPhone Xs Max","date":"marzo 13, 2021","format":false,"excerpt":"Env\u00edo gratuito y r\u00e1pido en 1-3 d\u00edas. Compre 4 y obtenga 5 \u00a1Date prisa, ventas rapides!","rel":"","context":"Entrada similar","img":{"alt_text":"","src":"https:\/\/i0.wp.com\/ryfi.online\/wp-content\/uploads\/2021\/03\/HTB17H_UXYr1gK0jSZR0762P8XXaD-1.png?resize=350%2C200&ssl=1","width":350,"height":200},"classes":[]},{"id":15429,"url":"https:\/\/ryfi.online\/es\/producto\/white-bear-with-heart-and-hat-14-inch\/","url_meta":{"origin":15390,"position":4},"title":"White Bear with Heart and Hat 14 inch","date":"enero 24, 2023","format":false,"excerpt":"Env\u00edo gratuito y r\u00e1pido en 1-3 d\u00edas.","rel":"","context":"Entrada similar","img":{"alt_text":"","src":"https:\/\/i0.wp.com\/ryfi.online\/wp-content\/uploads\/2023\/01\/indice.jpg?resize=350%2C200&ssl=1","width":350,"height":200},"classes":[]},{"id":15422,"url":"https:\/\/ryfi.online\/es\/producto\/white-bear-with-happy-valentines-day-12-inch\/","url_meta":{"origin":15390,"position":5},"title":"White Bear with Happy Valentine&#8217;s Day 12 inch","date":"enero 24, 2023","format":false,"excerpt":"Env\u00edo gratuito y r\u00e1pido en 1-3 d\u00edas.","rel":"","context":"Entrada similar","img":{"alt_text":"","src":"https:\/\/i0.wp.com\/ryfi.online\/wp-content\/uploads\/2023\/01\/2.jpg?resize=350%2C200&ssl=1","width":350,"height":200},"classes":[]}],"_links":{"self":[{"href":"https:\/\/ryfi.online\/es\/wp-json\/wp\/v2\/product\/15390","targetHints":{"allow":["GET"]}}],"collection":[{"href":"https:\/\/ryfi.online\/es\/wp-json\/wp\/v2\/product"}],"about":[{"href":"https:\/\/ryfi.online\/es\/wp-json\/wp\/v2\/types\/product"}],"replies":[{"embeddable":true,"href":"https:\/\/ryfi.online\/es\/wp-json\/wp\/v2\/comments?post=15390"}],"wp:featuredmedia":[{"embeddable":true,"href":"https:\/\/ryfi.online\/es\/wp-json\/wp\/v2\/media\/15398"}],"wp:attachment":[{"href":"https:\/\/ryfi.online\/es\/wp-json\/wp\/v2\/media?parent=15390"}],"wp:term":[{"taxonomy":"product_brand","embeddable":true,"href":"https:\/\/ryfi.online\/es\/wp-json\/wp\/v2\/product_brand?post=15390"},{"taxonomy":"product_cat","embeddable":true,"href":"https:\/\/ryfi.online\/es\/wp-json\/wp\/v2\/product_cat?post=15390"},{"taxonomy":"product_tag","embeddable":true,"href":"https:\/\/ryfi.online\/es\/wp-json\/wp\/v2\/product_tag?post=15390"}],"curies":[{"name":"wp","href":"https:\/\/api.w.org\/{rel}","templated":true}]}}