{"id":1443,"date":"2021-06-09T16:52:29","date_gmt":"2021-06-09T16:52:29","guid":{"rendered":"https:\/\/ryfi.online\/?post_type=product&#038;p=1443"},"modified":"2024-10-22T20:31:45","modified_gmt":"2024-10-22T20:31:45","slug":"camiseta-con-diseno-de-frozen-de-disney-para-ninas","status":"publish","type":"product","link":"https:\/\/ryfi.online\/es\/producto\/camiseta-con-diseno-de-frozen-de-disney-para-ninas\/","title":{"rendered":"Camiseta con dise\u00f1o de Frozen de Disney para ni\u00f1as"},"content":{"rendered":"<p>Como regalo de cumplea\u00f1os, en Semana Santa o simplemente as\u00ed. Con esta hermosa camiseta de Frozen, no puedes equivocarte! La mano de obra es excelente y los colores muy fuertes. Lavable a 30 \u00b0 C en la m\u00e1quina, para una larga vida \u00fatil, pero se recomienda lavarse las manos. Con esta camiseta los ojos de los ni\u00f1os empiezan a irradiar!<\/p>\n<p>&nbsp;<\/p>\n<p><span class=\"a-list-item\">\u2705 Camiseta para ni\u00f1as de Disney Frozen<\/span><\/p>\n<p><span class=\"a-list-item\">\u2705 Color: Rosa, Azul, Gris<\/span><\/p>\n<p><span class=\"a-list-item\">\u2705 100% Algod\u00f3n,\u00a0<\/span><\/p>\n<p id=\"title\" class=\"a-size-large a-spacing-none\"><span id=\"productTitle\" class=\"a-size-large product-title-word-break\"><span class=\"a-list-item\">\u2705<\/span>\u00a0 Edad: 4 a\u00f1os, 5 a\u00f1os, 6 a\u00f1os, 8 a\u00f1os<\/span><\/p>\n<p>&nbsp;<\/p>\n","protected":false},"excerpt":{"rendered":"<p>Envio Gratis 1-3 dias laborales<\/p>\n<p>Devolucion Gratuito<\/p>\n","protected":false},"featured_media":1444,"comment_status":"open","ping_status":"closed","template":"","meta":[],"product_brand":[],"product_cat":[45],"product_tag":[],"class_list":{"0":"post-1443","1":"product","2":"type-product","3":"status-publish","4":"has-post-thumbnail","6":"product_cat-camiseta-ninos-licencia-online","8":"first","9":"instock","10":"featured","11":"taxable","12":"shipping-taxable","13":"purchasable","14":"product-type-variable"},"yoast_head":"<!-- This site is optimized with the Yoast SEO Premium plugin v17.1.2 (Yoast SEO v27.5) - https:\/\/yoast.com\/product\/yoast-seo-premium-wordpress\/ -->\n<title>Comprar Camiseta Frozen Collection Ni\u00f1os - Ryfi Online Store<\/title>\n<meta name=\"description\" content=\"Compra la mejor camiseta de la colecci\u00f3n Frozen en ryfi.online. Nuestra camiseta es muy c\u00f3moda de llevar y da un aspecto atractivo cuando la llevamos puesta. \u00a1\u00a1Pedir ahora!!\" \/>\n<meta name=\"robots\" content=\"index, follow, max-snippet:-1, max-image-preview:large, max-video-preview:-1\" \/>\n<link rel=\"canonical\" href=\"https:\/\/ryfi.online\/es\/producto\/camiseta-con-diseno-de-frozen-de-disney-para-ninas\/\" \/>\n<meta property=\"og:locale\" content=\"es_ES\" \/>\n<meta property=\"og:type\" content=\"article\" \/>\n<meta property=\"og:title\" content=\"Camiseta con dise\u00f1o de Frozen de Disney para ni\u00f1as\" \/>\n<meta property=\"og:description\" content=\"Compra la mejor camiseta de la colecci\u00f3n Frozen en ryfi.online. Nuestra camiseta es muy c\u00f3moda de llevar y da un aspecto atractivo cuando la llevamos puesta. \u00a1\u00a1Pedir ahora!!\" \/>\n<meta property=\"og:url\" content=\"https:\/\/ryfi.online\/es\/producto\/camiseta-con-diseno-de-frozen-de-disney-para-ninas\/\" \/>\n<meta property=\"og:site_name\" content=\"Ryfi Online Store\" \/>\n<meta property=\"article:publisher\" content=\"https:\/\/www.facebook.com\/ryfi.online\/\" \/>\n<meta property=\"article:modified_time\" content=\"2024-10-22T20:31:45+00:00\" \/>\n<meta property=\"og:image\" content=\"https:\/\/ryfi.online\/wp-content\/uploads\/2021\/06\/ET1222_WH.jpg\" \/>\n\t<meta property=\"og:image:width\" content=\"800\" \/>\n\t<meta property=\"og:image:height\" content=\"1200\" \/>\n\t<meta property=\"og:image:type\" content=\"image\/jpeg\" \/>\n<meta name=\"twitter:card\" content=\"summary_large_image\" \/>\n<meta name=\"twitter:label1\" content=\"Availability\" \/>\n\t<meta name=\"twitter:data1\" content=\"In stock\" \/>\n<meta property=\"product:brand\" content=\"Camiseta ni\u00f1os\" \/>\n<meta property=\"og:availability\" content=\"instock\" \/>\n<meta property=\"product:availability\" content=\"instock\" \/>\n<meta property=\"product:condition\" content=\"new\" \/>\n<!-- \/ Yoast SEO Premium plugin. -->","yoast_head_json":{"title":"Comprar Camiseta Frozen Collection Ni\u00f1os - Ryfi Online Store","description":"Compra la mejor camiseta de la colecci\u00f3n Frozen en ryfi.online. Nuestra camiseta es muy c\u00f3moda de llevar y da un aspecto atractivo cuando la llevamos puesta. \u00a1\u00a1Pedir ahora!!","robots":{"index":"index","follow":"follow","max-snippet":"max-snippet:-1","max-image-preview":"max-image-preview:large","max-video-preview":"max-video-preview:-1"},"canonical":"https:\/\/ryfi.online\/es\/producto\/camiseta-con-diseno-de-frozen-de-disney-para-ninas\/","og_locale":"es_ES","og_type":"article","og_title":"Camiseta con dise\u00f1o de Frozen de Disney para ni\u00f1as","og_description":"Compra la mejor camiseta de la colecci\u00f3n Frozen en ryfi.online. Nuestra camiseta es muy c\u00f3moda de llevar y da un aspecto atractivo cuando la llevamos puesta. \u00a1\u00a1Pedir ahora!!","og_url":"https:\/\/ryfi.online\/es\/producto\/camiseta-con-diseno-de-frozen-de-disney-para-ninas\/","og_site_name":"Ryfi Online Store","article_publisher":"https:\/\/www.facebook.com\/ryfi.online\/","article_modified_time":"2024-10-22T20:31:45+00:00","og_image":[{"width":800,"height":1200,"url":"https:\/\/ryfi.online\/wp-content\/uploads\/2021\/06\/ET1222_WH.jpg","type":"image\/jpeg"}],"twitter_card":"summary_large_image","twitter_misc":{"Availability":"In stock"},"schema":{"@context":"https:\/\/schema.org","@graph":[{"@type":"WebPage","@id":"https:\/\/ryfi.online\/es\/producto\/camiseta-con-diseno-de-frozen-de-disney-para-ninas\/","url":"https:\/\/ryfi.online\/es\/producto\/camiseta-con-diseno-de-frozen-de-disney-para-ninas\/","name":"Comprar Camiseta Frozen Collection Ni\u00f1os - Ryfi Online Store","isPartOf":{"@id":"https:\/\/ryfi.online\/es\/#website"},"primaryImageOfPage":{"@id":"https:\/\/ryfi.online\/es\/producto\/camiseta-con-diseno-de-frozen-de-disney-para-ninas\/#primaryimage"},"image":{"@id":"https:\/\/ryfi.online\/es\/producto\/camiseta-con-diseno-de-frozen-de-disney-para-ninas\/#primaryimage"},"thumbnailUrl":"https:\/\/ryfi.online\/wp-content\/uploads\/2021\/06\/ET1222_WH.jpg","datePublished":"2021-06-09T16:52:29+00:00","dateModified":"2024-10-22T20:31:45+00:00","description":"Compra la mejor camiseta de la colecci\u00f3n Frozen en ryfi.online. Nuestra camiseta es muy c\u00f3moda de llevar y da un aspecto atractivo cuando la llevamos puesta. \u00a1\u00a1Pedir ahora!!","breadcrumb":{"@id":"https:\/\/ryfi.online\/es\/producto\/camiseta-con-diseno-de-frozen-de-disney-para-ninas\/#breadcrumb"},"inLanguage":"es","potentialAction":[{"@type":"ReadAction","target":["https:\/\/ryfi.online\/es\/producto\/camiseta-con-diseno-de-frozen-de-disney-para-ninas\/"]}]},{"@type":"ImageObject","inLanguage":"es","@id":"https:\/\/ryfi.online\/es\/producto\/camiseta-con-diseno-de-frozen-de-disney-para-ninas\/#primaryimage","url":"https:\/\/ryfi.online\/wp-content\/uploads\/2021\/06\/ET1222_WH.jpg","contentUrl":"https:\/\/ryfi.online\/wp-content\/uploads\/2021\/06\/ET1222_WH.jpg","width":800,"height":1200,"caption":"Camiseta Frozen Disney"},{"@type":"BreadcrumbList","@id":"https:\/\/ryfi.online\/es\/producto\/camiseta-con-diseno-de-frozen-de-disney-para-ninas\/#breadcrumb","itemListElement":[{"@type":"ListItem","position":1,"name":"Home","item":"https:\/\/ryfi.online\/es\/"},{"@type":"ListItem","position":2,"name":"Free and Fast Shipping whitin 1-3 Days!!!","item":"https:\/\/ryfi.online\/shop\/"},{"@type":"ListItem","position":3,"name":"Camiseta con dise\u00f1o de Frozen de Disney para ni\u00f1as"}]},{"@type":"WebSite","@id":"https:\/\/ryfi.online\/es\/#website","url":"https:\/\/ryfi.online\/es\/","name":"Ryfi Online Store","description":"Online Store","publisher":{"@id":"https:\/\/ryfi.online\/es\/#organization"},"potentialAction":[{"@type":"SearchAction","target":{"@type":"EntryPoint","urlTemplate":"https:\/\/ryfi.online\/es\/?s={search_term_string}"},"query-input":{"@type":"PropertyValueSpecification","valueRequired":true,"valueName":"search_term_string"}}],"inLanguage":"es"},{"@type":"Organization","@id":"https:\/\/ryfi.online\/es\/#organization","name":"Ryan Future Investments LLC","url":"https:\/\/ryfi.online\/es\/","logo":{"@type":"ImageObject","inLanguage":"es","@id":"https:\/\/ryfi.online\/es\/#\/schema\/logo\/image\/","url":"https:\/\/ryfi.online\/wp-content\/uploads\/2021\/03\/2-03.png","contentUrl":"https:\/\/ryfi.online\/wp-content\/uploads\/2021\/03\/2-03.png","width":1010,"height":310,"caption":"Ryan Future Investments LLC"},"image":{"@id":"https:\/\/ryfi.online\/es\/#\/schema\/logo\/image\/"},"sameAs":["https:\/\/www.facebook.com\/ryfi.online\/"]}]},"product_brand":"Camiseta ni\u00f1os","og_availability":"instock","product_availability":"instock","product_condition":"new"},"jetpack-related-posts":[{"id":2869,"url":"https:\/\/ryfi.online\/es\/producto\/disney-frozen-2-anna-elsa-characters-pantalones-de-chandal\/","url_meta":{"origin":1443,"position":0},"title":"Disney Frozen 2 Anna &#038; Elsa Characters &#8211; Pantalones de ch\u00e1ndal TH1076","date":"octubre 8, 2021","format":false,"excerpt":"Env\u00edo rapido y seguro en 1-3 dias laborales","rel":"","context":"Entrada similar","img":{"alt_text":" Chandals para ninas Anna&Elsa -1","src":"https:\/\/i0.wp.com\/ryfi.online\/wp-content\/uploads\/2021\/10\/th1076.jpg?resize=350%2C200&ssl=1","width":350,"height":200},"classes":[]},{"id":8522,"url":"https:\/\/ryfi.online\/es\/producto\/camiseta-manga-corta-frozen-ev1017\/","url_meta":{"origin":1443,"position":1},"title":"Camiseta Manga Corta Frozen para ni\u00f1as EV1017","date":"abril 29, 2022","format":false,"excerpt":"Env\u00edo rapido y seguro en 1-3 dias laborales","rel":"","context":"Entrada similar","img":{"alt_text":"","src":"https:\/\/i0.wp.com\/ryfi.online\/wp-content\/uploads\/2022\/04\/ev1017.jpg?resize=350%2C200&ssl=1","width":350,"height":200},"classes":[]},{"id":1416,"url":"https:\/\/ryfi.online\/es\/producto\/gorra-de-beisbol-con-diseno-de-frozen-de-disney-para-ninas\/","url_meta":{"origin":1443,"position":2},"title":"Gorra de b\u00e9isbol con dise\u00f1o de Frozen de Disney para ni\u00f1as ET4121","date":"junio 9, 2021","format":false,"excerpt":"Env\u00edo gratuito en 1-3 d\u00edas laborales","rel":"","context":"Entrada similar","img":{"alt_text":"Gorra Frozen Disney","src":"https:\/\/i0.wp.com\/ryfi.online\/wp-content\/uploads\/2021\/06\/et4117_tur.jpg?resize=350%2C200&ssl=1","width":350,"height":200},"classes":[]},{"id":8668,"url":"https:\/\/ryfi.online\/es\/producto\/gorra-frozen-ue4140\/","url_meta":{"origin":1443,"position":3},"title":"Gorra Frozen para ni\u00f1as UE4140","date":"abril 29, 2022","format":false,"excerpt":"Env\u00edo rapido y seguro en 1-3 dias laborales","rel":"","context":"Entrada similar","img":{"alt_text":"","src":"https:\/\/i0.wp.com\/ryfi.online\/wp-content\/uploads\/2022\/04\/ue4140_lna.jpg?resize=350%2C200&ssl=1","width":350,"height":200},"classes":[]},{"id":8620,"url":"https:\/\/ryfi.online\/es\/producto\/camiseta-princesas-disney-se1126\/","url_meta":{"origin":1443,"position":4},"title":"Camiseta Princesas Disney para ni\u00f1as SE1126","date":"abril 29, 2022","format":false,"excerpt":"Env\u00edo gratuito y r\u00e1pido en 1-3 d\u00edas.","rel":"","context":"Entrada similar","img":{"alt_text":"Camiseta Princesas","src":"https:\/\/i0.wp.com\/ryfi.online\/wp-content\/uploads\/2022\/04\/se1126.jpg?resize=350%2C200&ssl=1","width":350,"height":200},"classes":[]},{"id":1428,"url":"https:\/\/ryfi.online\/es\/producto\/camiseta-con-diseno-de-minnie-de-disney-para-ninas\/","url_meta":{"origin":1443,"position":5},"title":"Camiseta con dise\u00f1o de Minnie de Disney para ni\u00f1as ET1119","date":"junio 9, 2021","format":false,"excerpt":"Envio Gratis 1-3 dias laborales Devolucion Gratuito","rel":"","context":"Entrada similar","img":{"alt_text":"Camiseta Minnie Disney","src":"https:\/\/i0.wp.com\/ryfi.online\/wp-content\/uploads\/2021\/06\/ET1119_REF1.jpg?resize=350%2C200&ssl=1","width":350,"height":200},"classes":[]}],"_links":{"self":[{"href":"https:\/\/ryfi.online\/es\/wp-json\/wp\/v2\/product\/1443","targetHints":{"allow":["GET"]}}],"collection":[{"href":"https:\/\/ryfi.online\/es\/wp-json\/wp\/v2\/product"}],"about":[{"href":"https:\/\/ryfi.online\/es\/wp-json\/wp\/v2\/types\/product"}],"replies":[{"embeddable":true,"href":"https:\/\/ryfi.online\/es\/wp-json\/wp\/v2\/comments?post=1443"}],"wp:featuredmedia":[{"embeddable":true,"href":"https:\/\/ryfi.online\/es\/wp-json\/wp\/v2\/media\/1444"}],"wp:attachment":[{"href":"https:\/\/ryfi.online\/es\/wp-json\/wp\/v2\/media?parent=1443"}],"wp:term":[{"taxonomy":"product_brand","embeddable":true,"href":"https:\/\/ryfi.online\/es\/wp-json\/wp\/v2\/product_brand?post=1443"},{"taxonomy":"product_cat","embeddable":true,"href":"https:\/\/ryfi.online\/es\/wp-json\/wp\/v2\/product_cat?post=1443"},{"taxonomy":"product_tag","embeddable":true,"href":"https:\/\/ryfi.online\/es\/wp-json\/wp\/v2\/product_tag?post=1443"}],"curies":[{"name":"wp","href":"https:\/\/api.w.org\/{rel}","templated":true}]}}