{"id":1428,"date":"2021-06-09T16:51:56","date_gmt":"2021-06-09T16:51:56","guid":{"rendered":"https:\/\/ryfi.online\/?post_type=product&#038;p=1428"},"modified":"2023-01-06T18:45:38","modified_gmt":"2023-01-06T18:45:38","slug":"camiseta-con-diseno-de-minnie-de-disney-para-ninas","status":"publish","type":"product","link":"https:\/\/ryfi.online\/es\/producto\/camiseta-con-diseno-de-minnie-de-disney-para-ninas\/","title":{"rendered":"Camiseta con dise\u00f1o de Minnie de Disney para ni\u00f1as ET1119"},"content":{"rendered":"<p>Como regalo de cumplea\u00f1os, en Semana Santa o simplemente as\u00ed. Con esta herosa camiseta, de Minnie, no puedes equivocarte! La mano de obra es excelente y los colores muy fuertes. La camiseta de Minnie es ideal para pasear al sol\u00a0 o para las vacaciones. Lavable a 30 \u00b0 C en la m\u00e1quina, para una larga vida \u00fatil, pero se recomienda lavarse las manos. Con este conjunto los ojos de los ni\u00f1os empiezan a irradiar!<\/p>\n<p>&nbsp;<\/p>\n<p><span class=\"a-list-item\">\u2705 Camiseta para ni\u00f1as de Disney Minnie<\/span><\/p>\n<p><span class=\"a-list-item\">\u2705 Color: Rosa, Blanco, Turquesa<\/span><\/p>\n<p><span class=\"a-list-item\">\u2705 100% Algod\u00f3n<\/span><\/p>\n<p id=\"title\" class=\"a-size-large a-spacing-none\"><span id=\"productTitle\" class=\"a-size-large product-title-word-break\"><span class=\"a-list-item\">\u2705<\/span>\u00a0 Edad: 3 a\u00f1os, 4 a\u00f1os, 6 a\u00f1os, 8 a\u00f1os<\/span><\/p>\n<p>&nbsp;<\/p>\n","protected":false},"excerpt":{"rendered":"<p>Envio Gratis 1-3 dias laborales<\/p>\n<p>Devolucion Gratuito<\/p>\n","protected":false},"featured_media":1429,"comment_status":"open","ping_status":"closed","template":"","meta":[],"product_brand":[],"product_cat":[44,45],"product_tag":[],"class_list":{"0":"post-1428","1":"product","2":"type-product","3":"status-publish","4":"has-post-thumbnail","6":"product_cat-camiseta-ninas","7":"product_cat-camiseta-ninos-licencia-online","9":"first","10":"instock","11":"featured","12":"taxable","13":"shipping-taxable","14":"purchasable","15":"product-type-variable"},"yoast_head":"<!-- This site is optimized with the Yoast SEO Premium plugin v17.1.2 (Yoast SEO v27.4) - https:\/\/yoast.com\/product\/yoast-seo-premium-wordpress\/ -->\n<title>Camiseta estampada Disney Minnie online | Camiseta dise\u00f1o Disney Minnie<\/title>\n<meta name=\"description\" content=\"Ryfi Online Store ofrece el mejor servicio de entrega online de Espa\u00f1a. Ordene en l\u00ednea camisetas de Minnie de Disney Girls a un precio muy razonable.\" \/>\n<meta name=\"robots\" content=\"index, follow, max-snippet:-1, max-image-preview:large, max-video-preview:-1\" \/>\n<link rel=\"canonical\" href=\"https:\/\/ryfi.online\/es\/producto\/camiseta-con-diseno-de-minnie-de-disney-para-ninas\/\" \/>\n<meta property=\"og:locale\" content=\"es_ES\" \/>\n<meta property=\"og:type\" content=\"article\" \/>\n<meta property=\"og:title\" content=\"Camiseta con dise\u00f1o de Minnie de Disney para ni\u00f1as ET1119\" \/>\n<meta property=\"og:description\" content=\"Ryfi Online Store ofrece el mejor servicio de entrega online de Espa\u00f1a. Ordene en l\u00ednea camisetas de Minnie de Disney Girls a un precio muy razonable.\" \/>\n<meta property=\"og:url\" content=\"https:\/\/ryfi.online\/es\/producto\/camiseta-con-diseno-de-minnie-de-disney-para-ninas\/\" \/>\n<meta property=\"og:site_name\" content=\"Ryfi Online Store\" \/>\n<meta property=\"article:publisher\" content=\"https:\/\/www.facebook.com\/ryfi.online\/\" \/>\n<meta property=\"article:modified_time\" content=\"2023-01-06T18:45:38+00:00\" \/>\n<meta property=\"og:image\" content=\"https:\/\/ryfi.online\/wp-content\/uploads\/2021\/06\/ET1119_REF1.jpg\" \/>\n\t<meta property=\"og:image:width\" content=\"2082\" \/>\n\t<meta property=\"og:image:height\" content=\"2240\" \/>\n\t<meta property=\"og:image:type\" content=\"image\/jpeg\" \/>\n<meta name=\"twitter:card\" content=\"summary_large_image\" \/>\n<meta name=\"twitter:label1\" content=\"Availability\" \/>\n\t<meta name=\"twitter:data1\" content=\"In stock\" \/>\n<meta property=\"product:brand\" content=\"Camiseta ni\u00f1os\" \/>\n<meta property=\"og:availability\" content=\"instock\" \/>\n<meta property=\"product:availability\" content=\"instock\" \/>\n<meta property=\"product:condition\" content=\"new\" \/>\n<!-- \/ Yoast SEO Premium plugin. -->","yoast_head_json":{"title":"Camiseta estampada Disney Minnie online | Camiseta dise\u00f1o Disney Minnie","description":"Ryfi Online Store ofrece el mejor servicio de entrega online de Espa\u00f1a. Ordene en l\u00ednea camisetas de Minnie de Disney Girls a un precio muy razonable.","robots":{"index":"index","follow":"follow","max-snippet":"max-snippet:-1","max-image-preview":"max-image-preview:large","max-video-preview":"max-video-preview:-1"},"canonical":"https:\/\/ryfi.online\/es\/producto\/camiseta-con-diseno-de-minnie-de-disney-para-ninas\/","og_locale":"es_ES","og_type":"article","og_title":"Camiseta con dise\u00f1o de Minnie de Disney para ni\u00f1as ET1119","og_description":"Ryfi Online Store ofrece el mejor servicio de entrega online de Espa\u00f1a. Ordene en l\u00ednea camisetas de Minnie de Disney Girls a un precio muy razonable.","og_url":"https:\/\/ryfi.online\/es\/producto\/camiseta-con-diseno-de-minnie-de-disney-para-ninas\/","og_site_name":"Ryfi Online Store","article_publisher":"https:\/\/www.facebook.com\/ryfi.online\/","article_modified_time":"2023-01-06T18:45:38+00:00","og_image":[{"width":2082,"height":2240,"url":"https:\/\/ryfi.online\/wp-content\/uploads\/2021\/06\/ET1119_REF1.jpg","type":"image\/jpeg"}],"twitter_card":"summary_large_image","twitter_misc":{"Availability":"In stock"},"schema":{"@context":"https:\/\/schema.org","@graph":[{"@type":"WebPage","@id":"https:\/\/ryfi.online\/es\/producto\/camiseta-con-diseno-de-minnie-de-disney-para-ninas\/","url":"https:\/\/ryfi.online\/es\/producto\/camiseta-con-diseno-de-minnie-de-disney-para-ninas\/","name":"Camiseta estampada Disney Minnie online | Camiseta dise\u00f1o Disney Minnie","isPartOf":{"@id":"https:\/\/ryfi.online\/es\/#website"},"primaryImageOfPage":{"@id":"https:\/\/ryfi.online\/es\/producto\/camiseta-con-diseno-de-minnie-de-disney-para-ninas\/#primaryimage"},"image":{"@id":"https:\/\/ryfi.online\/es\/producto\/camiseta-con-diseno-de-minnie-de-disney-para-ninas\/#primaryimage"},"thumbnailUrl":"https:\/\/ryfi.online\/wp-content\/uploads\/2021\/06\/ET1119_REF1.jpg","datePublished":"2021-06-09T16:51:56+00:00","dateModified":"2023-01-06T18:45:38+00:00","description":"Ryfi Online Store ofrece el mejor servicio de entrega online de Espa\u00f1a. Ordene en l\u00ednea camisetas de Minnie de Disney Girls a un precio muy razonable.","breadcrumb":{"@id":"https:\/\/ryfi.online\/es\/producto\/camiseta-con-diseno-de-minnie-de-disney-para-ninas\/#breadcrumb"},"inLanguage":"es","potentialAction":[{"@type":"ReadAction","target":["https:\/\/ryfi.online\/es\/producto\/camiseta-con-diseno-de-minnie-de-disney-para-ninas\/"]}]},{"@type":"ImageObject","inLanguage":"es","@id":"https:\/\/ryfi.online\/es\/producto\/camiseta-con-diseno-de-minnie-de-disney-para-ninas\/#primaryimage","url":"https:\/\/ryfi.online\/wp-content\/uploads\/2021\/06\/ET1119_REF1.jpg","contentUrl":"https:\/\/ryfi.online\/wp-content\/uploads\/2021\/06\/ET1119_REF1.jpg","width":2082,"height":2240,"caption":"Camiseta Minnie Disney"},{"@type":"BreadcrumbList","@id":"https:\/\/ryfi.online\/es\/producto\/camiseta-con-diseno-de-minnie-de-disney-para-ninas\/#breadcrumb","itemListElement":[{"@type":"ListItem","position":1,"name":"Home","item":"https:\/\/ryfi.online\/es\/"},{"@type":"ListItem","position":2,"name":"Free and Fast Shipping whitin 1-3 Days!!!","item":"https:\/\/ryfi.online\/shop\/"},{"@type":"ListItem","position":3,"name":"Camiseta con dise\u00f1o de Minnie de Disney para ni\u00f1as ET1119"}]},{"@type":"WebSite","@id":"https:\/\/ryfi.online\/es\/#website","url":"https:\/\/ryfi.online\/es\/","name":"Ryfi Online Store","description":"Online Store","publisher":{"@id":"https:\/\/ryfi.online\/es\/#organization"},"potentialAction":[{"@type":"SearchAction","target":{"@type":"EntryPoint","urlTemplate":"https:\/\/ryfi.online\/es\/?s={search_term_string}"},"query-input":{"@type":"PropertyValueSpecification","valueRequired":true,"valueName":"search_term_string"}}],"inLanguage":"es"},{"@type":"Organization","@id":"https:\/\/ryfi.online\/es\/#organization","name":"Ryan Future Investments LLC","url":"https:\/\/ryfi.online\/es\/","logo":{"@type":"ImageObject","inLanguage":"es","@id":"https:\/\/ryfi.online\/es\/#\/schema\/logo\/image\/","url":"https:\/\/ryfi.online\/wp-content\/uploads\/2021\/03\/2-03.png","contentUrl":"https:\/\/ryfi.online\/wp-content\/uploads\/2021\/03\/2-03.png","width":1010,"height":310,"caption":"Ryan Future Investments LLC"},"image":{"@id":"https:\/\/ryfi.online\/es\/#\/schema\/logo\/image\/"},"sameAs":["https:\/\/www.facebook.com\/ryfi.online\/"]}]},"product_brand":"Camiseta ni\u00f1os","og_availability":"instock","product_availability":"instock","product_condition":"new"},"jetpack-related-posts":[{"id":8760,"url":"https:\/\/ryfi.online\/es\/producto\/camiseta-manga-corta-minnie-ev1081\/","url_meta":{"origin":1428,"position":0},"title":"Camiseta Manga Corta Minnie para ni\u00f1as EV1081","date":"abril 30, 2022","format":false,"excerpt":"Env\u00edo gratuito y r\u00e1pido en 1-3 d\u00edas.","rel":"","context":"Entrada similar","img":{"alt_text":"Camiseta Minnie","src":"https:\/\/i0.wp.com\/ryfi.online\/wp-content\/uploads\/2022\/04\/ev1081.jpg?resize=350%2C200&ssl=1","width":350,"height":200},"classes":[]},{"id":2324,"url":"https:\/\/ryfi.online\/es\/producto\/camiseta-dibujo-animado-de-minnie-de-disney-para-ninas\/","url_meta":{"origin":1428,"position":1},"title":"Camiseta dibujo animado de Minnie de Disney para ni\u00f1as ET1137","date":"julio 26, 2021","format":false,"excerpt":"Env\u00edo gratuito y r\u00e1pido en 1-3 d\u00edas.","rel":"","context":"Entrada similar","img":{"alt_text":"Camiseta Minnie","src":"https:\/\/i0.wp.com\/ryfi.online\/wp-content\/uploads\/2021\/07\/et1137.jpg?resize=350%2C200&ssl=1","width":350,"height":200},"classes":[]},{"id":1443,"url":"https:\/\/ryfi.online\/es\/producto\/camiseta-con-diseno-de-frozen-de-disney-para-ninas\/","url_meta":{"origin":1428,"position":2},"title":"Camiseta con dise\u00f1o de Frozen de Disney para ni\u00f1as","date":"junio 9, 2021","format":false,"excerpt":"Envio Gratis 1-3 dias laborales Devolucion Gratuito","rel":"","context":"Entrada similar","img":{"alt_text":"Camiseta Frozen Disney","src":"https:\/\/i0.wp.com\/ryfi.online\/wp-content\/uploads\/2021\/06\/ET1222_WH.jpg?resize=350%2C200&ssl=1","width":350,"height":200},"classes":[]},{"id":8620,"url":"https:\/\/ryfi.online\/es\/producto\/camiseta-princesas-disney-se1126\/","url_meta":{"origin":1428,"position":3},"title":"Camiseta Princesas Disney para ni\u00f1as SE1126","date":"abril 29, 2022","format":false,"excerpt":"Env\u00edo gratuito y r\u00e1pido en 1-3 d\u00edas.","rel":"","context":"Entrada similar","img":{"alt_text":"Camiseta Princesas","src":"https:\/\/i0.wp.com\/ryfi.online\/wp-content\/uploads\/2022\/04\/se1126.jpg?resize=350%2C200&ssl=1","width":350,"height":200},"classes":[]},{"id":8522,"url":"https:\/\/ryfi.online\/es\/producto\/camiseta-manga-corta-frozen-ev1017\/","url_meta":{"origin":1428,"position":4},"title":"Camiseta Manga Corta Frozen para ni\u00f1as EV1017","date":"abril 29, 2022","format":false,"excerpt":"Env\u00edo rapido y seguro en 1-3 dias laborales","rel":"","context":"Entrada similar","img":{"alt_text":"","src":"https:\/\/i0.wp.com\/ryfi.online\/wp-content\/uploads\/2022\/04\/ev1017.jpg?resize=350%2C200&ssl=1","width":350,"height":200},"classes":[]},{"id":8644,"url":"https:\/\/ryfi.online\/es\/producto\/camiseta-peppa-pig-ue1120\/","url_meta":{"origin":1428,"position":5},"title":"Camiseta Peppa Pig para ni\u00f1as UE1120","date":"abril 29, 2022","format":false,"excerpt":"Env\u00edo rapido y seguro en 1-3 dias laborales","rel":"","context":"Entrada similar","img":{"alt_text":"","src":"https:\/\/i0.wp.com\/ryfi.online\/wp-content\/uploads\/2022\/04\/ue1120.jpg?resize=350%2C200&ssl=1","width":350,"height":200},"classes":[]}],"_links":{"self":[{"href":"https:\/\/ryfi.online\/es\/wp-json\/wp\/v2\/product\/1428","targetHints":{"allow":["GET"]}}],"collection":[{"href":"https:\/\/ryfi.online\/es\/wp-json\/wp\/v2\/product"}],"about":[{"href":"https:\/\/ryfi.online\/es\/wp-json\/wp\/v2\/types\/product"}],"replies":[{"embeddable":true,"href":"https:\/\/ryfi.online\/es\/wp-json\/wp\/v2\/comments?post=1428"}],"wp:featuredmedia":[{"embeddable":true,"href":"https:\/\/ryfi.online\/es\/wp-json\/wp\/v2\/media\/1429"}],"wp:attachment":[{"href":"https:\/\/ryfi.online\/es\/wp-json\/wp\/v2\/media?parent=1428"}],"wp:term":[{"taxonomy":"product_brand","embeddable":true,"href":"https:\/\/ryfi.online\/es\/wp-json\/wp\/v2\/product_brand?post=1428"},{"taxonomy":"product_cat","embeddable":true,"href":"https:\/\/ryfi.online\/es\/wp-json\/wp\/v2\/product_cat?post=1428"},{"taxonomy":"product_tag","embeddable":true,"href":"https:\/\/ryfi.online\/es\/wp-json\/wp\/v2\/product_tag?post=1428"}],"curies":[{"name":"wp","href":"https:\/\/api.w.org\/{rel}","templated":true}]}}