{"id":1424,"date":"2021-06-09T16:19:56","date_gmt":"2021-06-09T16:19:56","guid":{"rendered":"https:\/\/ryfi.online\/?post_type=product&#038;p=1424"},"modified":"2023-01-18T20:07:08","modified_gmt":"2023-01-18T20:07:08","slug":"boxer-bano-con-diseno-de-batman-de-warner-bros-para-ninos","status":"publish","type":"product","link":"https:\/\/ryfi.online\/es\/producto\/boxer-bano-con-diseno-de-batman-de-warner-bros-para-ninos\/","title":{"rendered":"Boxer Ba\u00f1o con dise\u00f1o de Batman de Warner Bros para ni\u00f1os UE1930"},"content":{"rendered":"<p><span class=\"a-list-item\">\u2705 Boxer ba\u00f1o para ni\u00f1os de Warner Bros Batman <\/span><\/p>\n<p><span class=\"a-list-item\">\u2705 Color Negro-Gris<\/span><\/p>\n<p><span class=\"a-list-item\">\u2705 82% Algod\u00f3n, 18% Poli\u00e9ster<\/span><\/p>\n<p id=\"title\" class=\"a-size-large a-spacing-none\"><span id=\"productTitle\" class=\"a-size-large product-title-word-break\"><span class=\"a-list-item\">\u2705<\/span>\u00a0 Edad: 4 a\u00f1os, 6 a\u00f1os, 8 a\u00f1os, 10 a\u00f1os<\/span><\/p>\n<p><span id=\"productTitle\" class=\"a-size-large product-title-word-break\"><span class=\"a-list-item\">\u2705\u00a0<\/span>\u00a0<\/span><\/p>\n","protected":false},"excerpt":{"rendered":"<p>Env\u00edo rapido y seguro en 1-3 dias laborales<\/p>\n","protected":false},"featured_media":1425,"comment_status":"open","ping_status":"closed","template":"","meta":[],"product_brand":[],"product_cat":[278,67],"product_tag":[],"class_list":{"0":"post-1424","1":"product","2":"type-product","3":"status-publish","4":"has-post-thumbnail","6":"product_cat-banador-2","7":"product_cat-calzoncillos","9":"first","10":"instock","11":"featured","12":"taxable","13":"shipping-taxable","14":"purchasable","15":"product-type-variable"},"yoast_head":"<!-- This site is optimized with the Yoast SEO Premium plugin v17.1.2 (Yoast SEO v27.4) - https:\/\/yoast.com\/product\/yoast-seo-premium-wordpress\/ -->\n<title>Batman Boxer Bano para ni\u00f1os - Ryfi Online Store<\/title>\n<meta name=\"description\" content=\"Comprar Ba\u00f1o Boxer de DC Comics para Ni\u00f1os en la tienda online Ryfi, Color Negro-Gris para Ni\u00f1os (2-4 A\u00f1os) online en Espa\u00f1a al mejor precio de ryfi.online. \u2713 Env\u00edo gratuito.\" \/>\n<meta name=\"robots\" content=\"index, follow, max-snippet:-1, max-image-preview:large, max-video-preview:-1\" \/>\n<link rel=\"canonical\" href=\"https:\/\/ryfi.online\/es\/producto\/boxer-bano-con-diseno-de-batman-de-warner-bros-para-ninos\/\" \/>\n<meta property=\"og:locale\" content=\"es_ES\" \/>\n<meta property=\"og:type\" content=\"article\" \/>\n<meta property=\"og:title\" content=\"Boxer Ba\u00f1o con dise\u00f1o de Batman de Warner Bros para ni\u00f1os UE1930\" \/>\n<meta property=\"og:description\" content=\"Comprar Ba\u00f1o Boxer de DC Comics para Ni\u00f1os en la tienda online Ryfi, Color Negro-Gris para Ni\u00f1os (2-4 A\u00f1os) online en Espa\u00f1a al mejor precio de ryfi.online. \u2713 Env\u00edo gratuito.\" \/>\n<meta property=\"og:url\" content=\"https:\/\/ryfi.online\/es\/producto\/boxer-bano-con-diseno-de-batman-de-warner-bros-para-ninos\/\" \/>\n<meta property=\"og:site_name\" content=\"Ryfi Online Store\" \/>\n<meta property=\"article:publisher\" content=\"https:\/\/www.facebook.com\/ryfi.online\/\" \/>\n<meta property=\"article:modified_time\" content=\"2023-01-18T20:07:08+00:00\" \/>\n<meta property=\"og:image\" content=\"https:\/\/ryfi.online\/wp-content\/uploads\/2021\/06\/ue1930.e00-scaled.jpg\" \/>\n\t<meta property=\"og:image:width\" content=\"2560\" \/>\n\t<meta property=\"og:image:height\" content=\"1810\" \/>\n\t<meta property=\"og:image:type\" content=\"image\/jpeg\" \/>\n<meta name=\"twitter:card\" content=\"summary_large_image\" \/>\n<meta name=\"twitter:label1\" content=\"Availability\" \/>\n\t<meta name=\"twitter:data1\" content=\"In stock\" \/>\n<meta property=\"product:brand\" content=\"Ba\u00f1ador\" \/>\n<meta property=\"og:availability\" content=\"instock\" \/>\n<meta property=\"product:availability\" content=\"instock\" \/>\n<meta property=\"product:condition\" content=\"new\" \/>\n<!-- \/ Yoast SEO Premium plugin. -->","yoast_head_json":{"title":"Batman Boxer Bano para ni\u00f1os - Ryfi Online Store","description":"Comprar Ba\u00f1o Boxer de DC Comics para Ni\u00f1os en la tienda online Ryfi, Color Negro-Gris para Ni\u00f1os (2-4 A\u00f1os) online en Espa\u00f1a al mejor precio de ryfi.online. \u2713 Env\u00edo gratuito.","robots":{"index":"index","follow":"follow","max-snippet":"max-snippet:-1","max-image-preview":"max-image-preview:large","max-video-preview":"max-video-preview:-1"},"canonical":"https:\/\/ryfi.online\/es\/producto\/boxer-bano-con-diseno-de-batman-de-warner-bros-para-ninos\/","og_locale":"es_ES","og_type":"article","og_title":"Boxer Ba\u00f1o con dise\u00f1o de Batman de Warner Bros para ni\u00f1os UE1930","og_description":"Comprar Ba\u00f1o Boxer de DC Comics para Ni\u00f1os en la tienda online Ryfi, Color Negro-Gris para Ni\u00f1os (2-4 A\u00f1os) online en Espa\u00f1a al mejor precio de ryfi.online. \u2713 Env\u00edo gratuito.","og_url":"https:\/\/ryfi.online\/es\/producto\/boxer-bano-con-diseno-de-batman-de-warner-bros-para-ninos\/","og_site_name":"Ryfi Online Store","article_publisher":"https:\/\/www.facebook.com\/ryfi.online\/","article_modified_time":"2023-01-18T20:07:08+00:00","og_image":[{"width":2560,"height":1810,"url":"https:\/\/ryfi.online\/wp-content\/uploads\/2021\/06\/ue1930.e00-scaled.jpg","type":"image\/jpeg"}],"twitter_card":"summary_large_image","twitter_misc":{"Availability":"In stock"},"schema":{"@context":"https:\/\/schema.org","@graph":[{"@type":"WebPage","@id":"https:\/\/ryfi.online\/es\/producto\/boxer-bano-con-diseno-de-batman-de-warner-bros-para-ninos\/","url":"https:\/\/ryfi.online\/es\/producto\/boxer-bano-con-diseno-de-batman-de-warner-bros-para-ninos\/","name":"Batman Boxer Bano para ni\u00f1os - Ryfi Online Store","isPartOf":{"@id":"https:\/\/ryfi.online\/es\/#website"},"primaryImageOfPage":{"@id":"https:\/\/ryfi.online\/es\/producto\/boxer-bano-con-diseno-de-batman-de-warner-bros-para-ninos\/#primaryimage"},"image":{"@id":"https:\/\/ryfi.online\/es\/producto\/boxer-bano-con-diseno-de-batman-de-warner-bros-para-ninos\/#primaryimage"},"thumbnailUrl":"https:\/\/ryfi.online\/wp-content\/uploads\/2021\/06\/ue1930.e00-scaled.jpg","datePublished":"2021-06-09T16:19:56+00:00","dateModified":"2023-01-18T20:07:08+00:00","description":"Comprar Ba\u00f1o Boxer de DC Comics para Ni\u00f1os en la tienda online Ryfi, Color Negro-Gris para Ni\u00f1os (2-4 A\u00f1os) online en Espa\u00f1a al mejor precio de ryfi.online. \u2713 Env\u00edo gratuito.","breadcrumb":{"@id":"https:\/\/ryfi.online\/es\/producto\/boxer-bano-con-diseno-de-batman-de-warner-bros-para-ninos\/#breadcrumb"},"inLanguage":"es","potentialAction":[{"@type":"ReadAction","target":["https:\/\/ryfi.online\/es\/producto\/boxer-bano-con-diseno-de-batman-de-warner-bros-para-ninos\/"]}]},{"@type":"ImageObject","inLanguage":"es","@id":"https:\/\/ryfi.online\/es\/producto\/boxer-bano-con-diseno-de-batman-de-warner-bros-para-ninos\/#primaryimage","url":"https:\/\/ryfi.online\/wp-content\/uploads\/2021\/06\/ue1930.e00-scaled.jpg","contentUrl":"https:\/\/ryfi.online\/wp-content\/uploads\/2021\/06\/ue1930.e00-scaled.jpg","width":2560,"height":1810,"caption":"Boxer bano Warner Bros Batman"},{"@type":"BreadcrumbList","@id":"https:\/\/ryfi.online\/es\/producto\/boxer-bano-con-diseno-de-batman-de-warner-bros-para-ninos\/#breadcrumb","itemListElement":[{"@type":"ListItem","position":1,"name":"Home","item":"https:\/\/ryfi.online\/es\/"},{"@type":"ListItem","position":2,"name":"Free and Fast Shipping whitin 1-3 Days!!!","item":"https:\/\/ryfi.online\/shop\/"},{"@type":"ListItem","position":3,"name":"Boxer Ba\u00f1o con dise\u00f1o de Batman de Warner Bros para ni\u00f1os UE1930"}]},{"@type":"WebSite","@id":"https:\/\/ryfi.online\/es\/#website","url":"https:\/\/ryfi.online\/es\/","name":"Ryfi Online Store","description":"Online Store","publisher":{"@id":"https:\/\/ryfi.online\/es\/#organization"},"potentialAction":[{"@type":"SearchAction","target":{"@type":"EntryPoint","urlTemplate":"https:\/\/ryfi.online\/es\/?s={search_term_string}"},"query-input":{"@type":"PropertyValueSpecification","valueRequired":true,"valueName":"search_term_string"}}],"inLanguage":"es"},{"@type":"Organization","@id":"https:\/\/ryfi.online\/es\/#organization","name":"Ryan Future Investments LLC","url":"https:\/\/ryfi.online\/es\/","logo":{"@type":"ImageObject","inLanguage":"es","@id":"https:\/\/ryfi.online\/es\/#\/schema\/logo\/image\/","url":"https:\/\/ryfi.online\/wp-content\/uploads\/2021\/03\/2-03.png","contentUrl":"https:\/\/ryfi.online\/wp-content\/uploads\/2021\/03\/2-03.png","width":1010,"height":310,"caption":"Ryan Future Investments LLC"},"image":{"@id":"https:\/\/ryfi.online\/es\/#\/schema\/logo\/image\/"},"sameAs":["https:\/\/www.facebook.com\/ryfi.online\/"]}]},"product_brand":"Ba\u00f1ador","og_availability":"instock","product_availability":"instock","product_condition":"new"},"jetpack-related-posts":[{"id":1423,"url":"https:\/\/ryfi.online\/es\/producto\/boxer-bano-con-diseno-de-spiderman-de-marvel-para-ninos\/","url_meta":{"origin":1424,"position":0},"title":"Boxer Ba\u00f1o con dise\u00f1o de Spiderman de Marvel para ni\u00f1os UE1888","date":"junio 9, 2021","format":false,"excerpt":"Env\u00edo rapido y seguro en 1-3 dias laborales","rel":"","context":"Entrada similar","img":{"alt_text":"Boxer bano Marvel Spiderman","src":"https:\/\/i0.wp.com\/ryfi.online\/wp-content\/uploads\/2021\/06\/ue1888_lna.jpg?resize=350%2C200&ssl=1","width":350,"height":200},"classes":[]},{"id":1422,"url":"https:\/\/ryfi.online\/es\/producto\/boxer-bano-con-diseno-de-los-vengadores-de-marvel-para-ninos\/","url_meta":{"origin":1424,"position":1},"title":"Boxer Ba\u00f1o con dise\u00f1o de Los Vengadores de Marvel para ni\u00f1os UE1869","date":"junio 9, 2021","format":false,"excerpt":"Env\u00edo rapido y seguro en 1-3 dias laborales","rel":"","context":"Entrada similar","img":{"alt_text":"Boxer bano Marvel Los Vengadores\u00a0","src":"https:\/\/i0.wp.com\/ryfi.online\/wp-content\/uploads\/2021\/06\/ue1869_lna-1.jpg?resize=350%2C200&ssl=1","width":350,"height":200},"classes":[]},{"id":2137,"url":"https:\/\/ryfi.online\/product\/set-3-batman-100-calzoncillos-de-algodon-para-ninos-4-5-anos\/","url_meta":{"origin":1424,"position":2},"title":"Set de 3 calzoncillos de 100% algod\u00f3n de Batman para ni\u00f1os de 4 a 5 a\u00f1os","date":"julio 5, 2021","format":false,"excerpt":"Env\u00edo gratis 1-3 d\u00edas Devoluci\u00f3n gratuita","rel":"","context":"Entrada similar","img":{"alt_text":"","src":"","width":0,"height":0},"classes":[]},{"id":2138,"url":"https:\/\/ryfi.online\/es\/producto\/set-3-batman-100-calzoncillos-de-algodon-para-ninos-4-5-anos\/","url_meta":{"origin":1424,"position":3},"title":"Set de 3 calzoncillos de 100% algod\u00f3n de Batman para ni\u00f1os de 4 a 5 a\u00f1os UE8088","date":"julio 5, 2021","format":false,"excerpt":"Env\u00edo rapido y seguro en 1-3 dias laborales","rel":"","context":"Entrada similar","img":{"alt_text":"","src":"https:\/\/i0.wp.com\/ryfi.online\/wp-content\/uploads\/2021\/07\/ue8088.45y.e00-scaled.jpg?resize=350%2C200&ssl=1","width":350,"height":200},"classes":[]},{"id":12661,"url":"https:\/\/ryfi.online\/fr\/produit\/set-3-batman-100-calzoncillos-de-algodon-para-ninos-4-5-anos-2\/","url_meta":{"origin":1424,"position":4},"title":"Set de 3 calzoncillos de 100% algod\u00f3n de Batman para ni\u00f1os de 4 a 5 a\u00f1os","date":"julio 5, 2021","format":false,"excerpt":"Envoi gratuit 1-3 jours D\u00e9volution gratuite","rel":"","context":"Entrada similar","img":{"alt_text":"","src":"","width":0,"height":0},"classes":[]},{"id":12680,"url":"https:\/\/ryfi.online\/es\/producto\/set-3-batman-100-calzoncillos-de-algodon-para-ninos-4-5-anos-2\/","url_meta":{"origin":1424,"position":5},"title":"Set de 3 calzoncillos de 100% algod\u00f3n de Batman para ni\u00f1os de 4 a 5 a\u00f1os","date":"julio 5, 2021","format":false,"excerpt":"Env\u00edo gratuito 1-3 d\u00edas Devoluci\u00f3n gratuita","rel":"","context":"Entrada similar","img":{"alt_text":"","src":"","width":0,"height":0},"classes":[]}],"_links":{"self":[{"href":"https:\/\/ryfi.online\/es\/wp-json\/wp\/v2\/product\/1424","targetHints":{"allow":["GET"]}}],"collection":[{"href":"https:\/\/ryfi.online\/es\/wp-json\/wp\/v2\/product"}],"about":[{"href":"https:\/\/ryfi.online\/es\/wp-json\/wp\/v2\/types\/product"}],"replies":[{"embeddable":true,"href":"https:\/\/ryfi.online\/es\/wp-json\/wp\/v2\/comments?post=1424"}],"wp:featuredmedia":[{"embeddable":true,"href":"https:\/\/ryfi.online\/es\/wp-json\/wp\/v2\/media\/1425"}],"wp:attachment":[{"href":"https:\/\/ryfi.online\/es\/wp-json\/wp\/v2\/media?parent=1424"}],"wp:term":[{"taxonomy":"product_brand","embeddable":true,"href":"https:\/\/ryfi.online\/es\/wp-json\/wp\/v2\/product_brand?post=1424"},{"taxonomy":"product_cat","embeddable":true,"href":"https:\/\/ryfi.online\/es\/wp-json\/wp\/v2\/product_cat?post=1424"},{"taxonomy":"product_tag","embeddable":true,"href":"https:\/\/ryfi.online\/es\/wp-json\/wp\/v2\/product_tag?post=1424"}],"curies":[{"name":"wp","href":"https:\/\/api.w.org\/{rel}","templated":true}]}}