{"id":1423,"date":"2021-06-09T16:16:55","date_gmt":"2021-06-09T16:16:55","guid":{"rendered":"https:\/\/ryfi.online\/?post_type=product&#038;p=1423"},"modified":"2023-02-11T19:20:58","modified_gmt":"2023-02-11T19:20:58","slug":"boxer-bano-con-diseno-de-spiderman-de-marvel-para-ninos","status":"publish","type":"product","link":"https:\/\/ryfi.online\/es\/producto\/boxer-bano-con-diseno-de-spiderman-de-marvel-para-ninos\/","title":{"rendered":"Boxer Ba\u00f1o con dise\u00f1o de Spiderman de Marvel para ni\u00f1os UE1888"},"content":{"rendered":"<p><span class=\"a-list-item\">\u2705 Boxer ba\u00f1o para ni\u00f1os de Marvel Spiderman<\/span><\/p>\n<p><span class=\"a-list-item\">\u2705 Color Negro-Azul<\/span><\/p>\n<p><span class=\"a-list-item\">\u2705 82% Algod\u00f3n, 18% Poli\u00e9ster<\/span><\/p>\n<p id=\"title\" class=\"a-size-large a-spacing-none\"><span id=\"productTitle\" class=\"a-size-large product-title-word-break\"><span class=\"a-list-item\">\u2705<\/span>\u00a0 Edad: 3 a\u00f1os, 4 a\u00f1os, 6 a\u00f1os, 8 a\u00f1os<\/span><\/p>\n<p><span id=\"productTitle\" class=\"a-size-large product-title-word-break\"><span class=\"a-list-item\">\u2705\u00a0<\/span>\u00a0<\/span><\/p>\n","protected":false},"excerpt":{"rendered":"<p>Env\u00edo rapido y seguro en 1-3 dias laborales<\/p>\n","protected":false},"featured_media":1367,"comment_status":"open","ping_status":"closed","template":"","meta":[],"product_brand":[],"product_cat":[278,67],"product_tag":[],"class_list":{"0":"post-1423","1":"product","2":"type-product","3":"status-publish","4":"has-post-thumbnail","6":"product_cat-banador-2","7":"product_cat-calzoncillos","9":"first","10":"instock","11":"featured","12":"taxable","13":"shipping-taxable","14":"purchasable","15":"product-type-variable"},"yoast_head":"<!-- This site is optimized with the Yoast SEO Premium plugin v17.1.2 (Yoast SEO v27.6) - https:\/\/yoast.com\/product\/yoast-seo-premium-wordpress\/ -->\n<title>Boxers de Spider Man en l\u00ednea para ni\u00f1os | Bano Boxer con Marvel Spiderman para ni\u00f1os<\/title>\n<meta name=\"description\" content=\"Comprar calzoncillos para chicos de Marvel Spiderman online al mejor precio. Algod\u00f3n peinado 82%, poli\u00e9ster 18% estampados variados de Spiderman.\" \/>\n<meta name=\"robots\" content=\"index, follow, max-snippet:-1, max-image-preview:large, max-video-preview:-1\" \/>\n<link rel=\"canonical\" href=\"https:\/\/ryfi.online\/es\/producto\/boxer-bano-con-diseno-de-spiderman-de-marvel-para-ninos\/\" \/>\n<meta property=\"og:locale\" content=\"es_ES\" \/>\n<meta property=\"og:type\" content=\"article\" \/>\n<meta property=\"og:title\" content=\"Boxer Ba\u00f1o con dise\u00f1o de Spiderman de Marvel para ni\u00f1os UE1888\" \/>\n<meta property=\"og:description\" content=\"Comprar calzoncillos para chicos de Marvel Spiderman online al mejor precio. Algod\u00f3n peinado 82%, poli\u00e9ster 18% estampados variados de Spiderman.\" \/>\n<meta property=\"og:url\" content=\"https:\/\/ryfi.online\/es\/producto\/boxer-bano-con-diseno-de-spiderman-de-marvel-para-ninos\/\" \/>\n<meta property=\"og:site_name\" content=\"Ryfi Online Store\" \/>\n<meta property=\"article:publisher\" content=\"https:\/\/www.facebook.com\/ryfi.online\/\" \/>\n<meta property=\"article:modified_time\" content=\"2023-02-11T19:20:58+00:00\" \/>\n<meta property=\"og:image\" content=\"https:\/\/ryfi.online\/wp-content\/uploads\/2021\/06\/ue1888_lna.jpg\" \/>\n\t<meta property=\"og:image:width\" content=\"800\" \/>\n\t<meta property=\"og:image:height\" content=\"1200\" \/>\n\t<meta property=\"og:image:type\" content=\"image\/jpeg\" \/>\n<meta name=\"twitter:card\" content=\"summary_large_image\" \/>\n<meta name=\"twitter:label1\" content=\"Availability\" \/>\n\t<meta name=\"twitter:data1\" content=\"In stock\" \/>\n<meta property=\"product:brand\" content=\"Ba\u00f1ador\" \/>\n<meta property=\"og:availability\" content=\"instock\" \/>\n<meta property=\"product:availability\" content=\"instock\" \/>\n<meta property=\"product:condition\" content=\"new\" \/>\n<!-- \/ Yoast SEO Premium plugin. -->","yoast_head_json":{"title":"Boxers de Spider Man en l\u00ednea para ni\u00f1os | Bano Boxer con Marvel Spiderman para ni\u00f1os","description":"Comprar calzoncillos para chicos de Marvel Spiderman online al mejor precio. Algod\u00f3n peinado 82%, poli\u00e9ster 18% estampados variados de Spiderman.","robots":{"index":"index","follow":"follow","max-snippet":"max-snippet:-1","max-image-preview":"max-image-preview:large","max-video-preview":"max-video-preview:-1"},"canonical":"https:\/\/ryfi.online\/es\/producto\/boxer-bano-con-diseno-de-spiderman-de-marvel-para-ninos\/","og_locale":"es_ES","og_type":"article","og_title":"Boxer Ba\u00f1o con dise\u00f1o de Spiderman de Marvel para ni\u00f1os UE1888","og_description":"Comprar calzoncillos para chicos de Marvel Spiderman online al mejor precio. Algod\u00f3n peinado 82%, poli\u00e9ster 18% estampados variados de Spiderman.","og_url":"https:\/\/ryfi.online\/es\/producto\/boxer-bano-con-diseno-de-spiderman-de-marvel-para-ninos\/","og_site_name":"Ryfi Online Store","article_publisher":"https:\/\/www.facebook.com\/ryfi.online\/","article_modified_time":"2023-02-11T19:20:58+00:00","og_image":[{"width":800,"height":1200,"url":"https:\/\/ryfi.online\/wp-content\/uploads\/2021\/06\/ue1888_lna.jpg","type":"image\/jpeg"}],"twitter_card":"summary_large_image","twitter_misc":{"Availability":"In stock"},"schema":{"@context":"https:\/\/schema.org","@graph":[{"@type":"WebPage","@id":"https:\/\/ryfi.online\/es\/producto\/boxer-bano-con-diseno-de-spiderman-de-marvel-para-ninos\/","url":"https:\/\/ryfi.online\/es\/producto\/boxer-bano-con-diseno-de-spiderman-de-marvel-para-ninos\/","name":"Boxers de Spider Man en l\u00ednea para ni\u00f1os | Bano Boxer con Marvel Spiderman para ni\u00f1os","isPartOf":{"@id":"https:\/\/ryfi.online\/es\/#website"},"primaryImageOfPage":{"@id":"https:\/\/ryfi.online\/es\/producto\/boxer-bano-con-diseno-de-spiderman-de-marvel-para-ninos\/#primaryimage"},"image":{"@id":"https:\/\/ryfi.online\/es\/producto\/boxer-bano-con-diseno-de-spiderman-de-marvel-para-ninos\/#primaryimage"},"thumbnailUrl":"https:\/\/ryfi.online\/wp-content\/uploads\/2021\/06\/ue1888_lna.jpg","datePublished":"2021-06-09T16:16:55+00:00","dateModified":"2023-02-11T19:20:58+00:00","description":"Comprar calzoncillos para chicos de Marvel Spiderman online al mejor precio. Algod\u00f3n peinado 82%, poli\u00e9ster 18% estampados variados de Spiderman.","breadcrumb":{"@id":"https:\/\/ryfi.online\/es\/producto\/boxer-bano-con-diseno-de-spiderman-de-marvel-para-ninos\/#breadcrumb"},"inLanguage":"es","potentialAction":[{"@type":"ReadAction","target":["https:\/\/ryfi.online\/es\/producto\/boxer-bano-con-diseno-de-spiderman-de-marvel-para-ninos\/"]}]},{"@type":"ImageObject","inLanguage":"es","@id":"https:\/\/ryfi.online\/es\/producto\/boxer-bano-con-diseno-de-spiderman-de-marvel-para-ninos\/#primaryimage","url":"https:\/\/ryfi.online\/wp-content\/uploads\/2021\/06\/ue1888_lna.jpg","contentUrl":"https:\/\/ryfi.online\/wp-content\/uploads\/2021\/06\/ue1888_lna.jpg","width":800,"height":1200,"caption":"Boxer bano Marvel Spiderman"},{"@type":"BreadcrumbList","@id":"https:\/\/ryfi.online\/es\/producto\/boxer-bano-con-diseno-de-spiderman-de-marvel-para-ninos\/#breadcrumb","itemListElement":[{"@type":"ListItem","position":1,"name":"Home","item":"https:\/\/ryfi.online\/es\/"},{"@type":"ListItem","position":2,"name":"Free and Fast Shipping whitin 1-3 Days!!!","item":"https:\/\/ryfi.online\/shop\/"},{"@type":"ListItem","position":3,"name":"Boxer Ba\u00f1o con dise\u00f1o de Spiderman de Marvel para ni\u00f1os UE1888"}]},{"@type":"WebSite","@id":"https:\/\/ryfi.online\/es\/#website","url":"https:\/\/ryfi.online\/es\/","name":"Ryfi Online Store","description":"Online Store","publisher":{"@id":"https:\/\/ryfi.online\/es\/#organization"},"potentialAction":[{"@type":"SearchAction","target":{"@type":"EntryPoint","urlTemplate":"https:\/\/ryfi.online\/es\/?s={search_term_string}"},"query-input":{"@type":"PropertyValueSpecification","valueRequired":true,"valueName":"search_term_string"}}],"inLanguage":"es"},{"@type":"Organization","@id":"https:\/\/ryfi.online\/es\/#organization","name":"Ryan Future Investments LLC","url":"https:\/\/ryfi.online\/es\/","logo":{"@type":"ImageObject","inLanguage":"es","@id":"https:\/\/ryfi.online\/es\/#\/schema\/logo\/image\/","url":"https:\/\/ryfi.online\/wp-content\/uploads\/2021\/03\/2-03.png","contentUrl":"https:\/\/ryfi.online\/wp-content\/uploads\/2021\/03\/2-03.png","width":1010,"height":310,"caption":"Ryan Future Investments LLC"},"image":{"@id":"https:\/\/ryfi.online\/es\/#\/schema\/logo\/image\/"},"sameAs":["https:\/\/www.facebook.com\/ryfi.online\/"]}]},"product_brand":"Ba\u00f1ador","og_availability":"instock","product_availability":"instock","product_condition":"new"},"jetpack-related-posts":[{"id":1422,"url":"https:\/\/ryfi.online\/es\/producto\/boxer-bano-con-diseno-de-los-vengadores-de-marvel-para-ninos\/","url_meta":{"origin":1423,"position":0},"title":"Boxer Ba\u00f1o con dise\u00f1o de Los Vengadores de Marvel para ni\u00f1os UE1869","date":"junio 9, 2021","format":false,"excerpt":"Env\u00edo rapido y seguro en 1-3 dias laborales","rel":"","context":"Entrada similar","img":{"alt_text":"Boxer bano Marvel Los Vengadores\u00a0","src":"https:\/\/i0.wp.com\/ryfi.online\/wp-content\/uploads\/2021\/06\/ue1869_lna-1.jpg?resize=350%2C200&ssl=1","width":350,"height":200},"classes":[]},{"id":1424,"url":"https:\/\/ryfi.online\/es\/producto\/boxer-bano-con-diseno-de-batman-de-warner-bros-para-ninos\/","url_meta":{"origin":1423,"position":1},"title":"Boxer Ba\u00f1o con dise\u00f1o de Batman de Warner Bros para ni\u00f1os UE1930","date":"junio 9, 2021","format":false,"excerpt":"Env\u00edo rapido y seguro en 1-3 dias laborales","rel":"","context":"Entrada similar","img":{"alt_text":"Boxer bano Warner Bros Batman","src":"https:\/\/i0.wp.com\/ryfi.online\/wp-content\/uploads\/2021\/06\/ue1930.e00-scaled.jpg?resize=350%2C200&ssl=1","width":350,"height":200},"classes":[]},{"id":5971,"url":"https:\/\/ryfi.online\/it\/prodotto\/ragazzi-marvel-spider-man-design-swim-boxer-boxer\/","url_meta":{"origin":1423,"position":2},"title":"Boxer Ba\u00f1o con dise\u00f1o de Spiderman de Marvel para ni\u00f1os UE1888","date":"junio 9, 2021","format":false,"excerpt":"Spedizione veloce e sicura in 1-3 giorni lavorativi","rel":"","context":"Entrada similar","img":{"alt_text":"Costume da bagno Marvel Spiderman","src":"https:\/\/i0.wp.com\/ryfi.online\/wp-content\/uploads\/2021\/06\/ue1888_lna.jpg?resize=350%2C200&ssl=1","width":350,"height":200},"classes":[]},{"id":2135,"url":"https:\/\/ryfi.online\/es\/producto\/set-3-marvel-spiderman-100-calzoncillos-de-algodon-para-ninos-6-8-anos\/","url_meta":{"origin":1423,"position":3},"title":"Set de 3 calzoncillos de 100% algod\u00f3n Marvel Spiderman para ni\u00f1os de 6 a 8 a\u00f1os","date":"julio 5, 2021","format":false,"excerpt":"Env\u00edo gratuito y r\u00e1pido en 1-3 d\u00edas.","rel":"","context":"Entrada similar","img":{"alt_text":"Set 3 calzoncillos Spiderman","src":"https:\/\/i0.wp.com\/ryfi.online\/wp-content\/uploads\/2021\/07\/ue3009.68y.e00-scaled.jpg?resize=350%2C200&ssl=1","width":350,"height":200},"classes":[]},{"id":2093,"url":"https:\/\/ryfi.online\/es\/producto\/3-braguitas-100-algodon-para-ninos-marvel-spiderman-6-8-anos\/","url_meta":{"origin":1423,"position":4},"title":"3 braguitas 100% algod\u00f3n para ni\u00f1os Marvel Spiderman 6\u20138 a\u00f1os","date":"julio 2, 2021","format":false,"excerpt":"Envio Gratis 1-3 dias laborales Devolucion Gratuito","rel":"","context":"Entrada similar","img":{"alt_text":"","src":"https:\/\/i0.wp.com\/ryfi.online\/wp-content\/uploads\/2021\/07\/img_141921_063855668ffb7096235876846a9fbb9f_20.jpg?resize=350%2C200&ssl=1","width":350,"height":200},"classes":[]},{"id":12001,"url":"https:\/\/ryfi.online\/ro\/produs\/boxer-bano-con-diseno-de-los-vengadores-de-marvel-para-ninos-2\/","url_meta":{"origin":1423,"position":5},"title":"Boxer Ba\u00f1o con dise\u00f1o de Los Vengadores de Marvel para ni\u00f1os UE1869","date":"junio 9, 2021","format":false,"excerpt":"Livrare rapid\u0103 \u0219i sigur\u0103 \u00een 1-3 zile lucr\u0103toare","rel":"","context":"Entrada similar","img":{"alt_text":"Boxer bano Marvel Los Vengadores ","src":"https:\/\/i0.wp.com\/ryfi.online\/wp-content\/uploads\/2021\/06\/ue1869_lna-1.jpg?resize=350%2C200&ssl=1","width":350,"height":200},"classes":[]}],"_links":{"self":[{"href":"https:\/\/ryfi.online\/es\/wp-json\/wp\/v2\/product\/1423","targetHints":{"allow":["GET"]}}],"collection":[{"href":"https:\/\/ryfi.online\/es\/wp-json\/wp\/v2\/product"}],"about":[{"href":"https:\/\/ryfi.online\/es\/wp-json\/wp\/v2\/types\/product"}],"replies":[{"embeddable":true,"href":"https:\/\/ryfi.online\/es\/wp-json\/wp\/v2\/comments?post=1423"}],"wp:featuredmedia":[{"embeddable":true,"href":"https:\/\/ryfi.online\/es\/wp-json\/wp\/v2\/media\/1367"}],"wp:attachment":[{"href":"https:\/\/ryfi.online\/es\/wp-json\/wp\/v2\/media?parent=1423"}],"wp:term":[{"taxonomy":"product_brand","embeddable":true,"href":"https:\/\/ryfi.online\/es\/wp-json\/wp\/v2\/product_brand?post=1423"},{"taxonomy":"product_cat","embeddable":true,"href":"https:\/\/ryfi.online\/es\/wp-json\/wp\/v2\/product_cat?post=1423"},{"taxonomy":"product_tag","embeddable":true,"href":"https:\/\/ryfi.online\/es\/wp-json\/wp\/v2\/product_tag?post=1423"}],"curies":[{"name":"wp","href":"https:\/\/api.w.org\/{rel}","templated":true}]}}