{"id":1421,"date":"2021-06-09T16:08:27","date_gmt":"2021-06-09T16:08:27","guid":{"rendered":"https:\/\/ryfi.online\/?post_type=product&#038;p=1421"},"modified":"2024-05-14T03:06:25","modified_gmt":"2024-05-14T03:06:25","slug":"banador-con-diseno-de-patrulla-canina-de-nickelodeon-para-ninas","status":"publish","type":"product","link":"https:\/\/ryfi.online\/es\/producto\/banador-con-diseno-de-patrulla-canina-de-nickelodeon-para-ninas\/","title":{"rendered":"Ba\u00f1ador con dise\u00f1o de Patrulla Canina de Nickelodeon para ni\u00f1as SE1828"},"content":{"rendered":"<p><span class=\"a-list-item\">\u2705 Ba\u00f1ador para ni\u00f1as de Patrulla Canina de Nickelodeon<\/span><\/p>\n<p><span class=\"a-list-item\">\u2705 Color Rosa-Azul<\/span><\/p>\n<p><span class=\"a-list-item\">\u2705 85% Algod\u00f3n, 15% Poli\u00e9ster<\/span><\/p>\n<p id=\"title\" class=\"a-size-large a-spacing-none\"><span id=\"productTitle\" class=\"a-size-large product-title-word-break\"><span class=\"a-list-item\">\u2705<\/span> \u00a0<\/span><\/p>\n<p><span id=\"productTitle\" class=\"a-size-large product-title-word-break\"><span class=\"a-list-item\">\u2705\u00a0<\/span>\u00a0<\/span><\/p>\n","protected":false},"excerpt":{"rendered":"<p>Env\u00edo Rapido y Seguro en 1-3 d\u00edas laborales<\/p>\n","protected":false},"featured_media":1347,"comment_status":"open","ping_status":"closed","template":"","meta":[],"product_brand":[],"product_cat":[278,67],"product_tag":[],"class_list":{"0":"post-1421","1":"product","2":"type-product","3":"status-publish","4":"has-post-thumbnail","6":"product_cat-banador-2","7":"product_cat-calzoncillos","9":"first","10":"instock","11":"featured","12":"taxable","13":"shipping-taxable","14":"purchasable","15":"product-type-variable"},"yoast_head":"<!-- This site is optimized with the Yoast SEO Premium plugin v17.1.2 (Yoast SEO v27.5) - https:\/\/yoast.com\/product\/yoast-seo-premium-wordpress\/ -->\n<title>Comprar Ba\u00f1adores Nickelodeon Paw Patrol para ni\u00f1as - Ryfi Online Store<\/title>\n<meta name=\"description\" content=\"Compra el ba\u00f1ador de una pieza Nickelodeon Paw Patrol para ni\u00f1as (color rosa-azul) de Trajes de ba\u00f1o de una pieza en la tienda online Ryfi.\" \/>\n<meta name=\"robots\" content=\"index, follow, max-snippet:-1, max-image-preview:large, max-video-preview:-1\" \/>\n<link rel=\"canonical\" href=\"https:\/\/ryfi.online\/es\/producto\/banador-con-diseno-de-patrulla-canina-de-nickelodeon-para-ninas\/\" \/>\n<meta property=\"og:locale\" content=\"es_ES\" \/>\n<meta property=\"og:type\" content=\"article\" \/>\n<meta property=\"og:title\" content=\"Ba\u00f1ador con dise\u00f1o de Patrulla Canina de Nickelodeon para ni\u00f1as SE1828\" \/>\n<meta property=\"og:description\" content=\"Compra el ba\u00f1ador de una pieza Nickelodeon Paw Patrol para ni\u00f1as (color rosa-azul) de Trajes de ba\u00f1o de una pieza en la tienda online Ryfi.\" \/>\n<meta property=\"og:url\" content=\"https:\/\/ryfi.online\/es\/producto\/banador-con-diseno-de-patrulla-canina-de-nickelodeon-para-ninas\/\" \/>\n<meta property=\"og:site_name\" content=\"Ryfi Online Store\" \/>\n<meta property=\"article:publisher\" content=\"https:\/\/www.facebook.com\/ryfi.online\/\" \/>\n<meta property=\"article:modified_time\" content=\"2024-05-14T03:06:25+00:00\" \/>\n<meta property=\"og:image\" content=\"https:\/\/ryfi.online\/wp-content\/uploads\/2021\/06\/se1828_pi.jpg\" \/>\n\t<meta property=\"og:image:width\" content=\"800\" \/>\n\t<meta property=\"og:image:height\" content=\"1200\" \/>\n\t<meta property=\"og:image:type\" content=\"image\/jpeg\" \/>\n<meta name=\"twitter:card\" content=\"summary_large_image\" \/>\n<meta name=\"twitter:label1\" content=\"Availability\" \/>\n\t<meta name=\"twitter:data1\" content=\"In stock\" \/>\n<meta property=\"product:brand\" content=\"Ba\u00f1ador\" \/>\n<meta property=\"og:availability\" content=\"instock\" \/>\n<meta property=\"product:availability\" content=\"instock\" \/>\n<meta property=\"product:condition\" content=\"new\" \/>\n<!-- \/ Yoast SEO Premium plugin. -->","yoast_head_json":{"title":"Comprar Ba\u00f1adores Nickelodeon Paw Patrol para ni\u00f1as - Ryfi Online Store","description":"Compra el ba\u00f1ador de una pieza Nickelodeon Paw Patrol para ni\u00f1as (color rosa-azul) de Trajes de ba\u00f1o de una pieza en la tienda online Ryfi.","robots":{"index":"index","follow":"follow","max-snippet":"max-snippet:-1","max-image-preview":"max-image-preview:large","max-video-preview":"max-video-preview:-1"},"canonical":"https:\/\/ryfi.online\/es\/producto\/banador-con-diseno-de-patrulla-canina-de-nickelodeon-para-ninas\/","og_locale":"es_ES","og_type":"article","og_title":"Ba\u00f1ador con dise\u00f1o de Patrulla Canina de Nickelodeon para ni\u00f1as SE1828","og_description":"Compra el ba\u00f1ador de una pieza Nickelodeon Paw Patrol para ni\u00f1as (color rosa-azul) de Trajes de ba\u00f1o de una pieza en la tienda online Ryfi.","og_url":"https:\/\/ryfi.online\/es\/producto\/banador-con-diseno-de-patrulla-canina-de-nickelodeon-para-ninas\/","og_site_name":"Ryfi Online Store","article_publisher":"https:\/\/www.facebook.com\/ryfi.online\/","article_modified_time":"2024-05-14T03:06:25+00:00","og_image":[{"width":800,"height":1200,"url":"https:\/\/ryfi.online\/wp-content\/uploads\/2021\/06\/se1828_pi.jpg","type":"image\/jpeg"}],"twitter_card":"summary_large_image","twitter_misc":{"Availability":"In stock"},"schema":{"@context":"https:\/\/schema.org","@graph":[{"@type":"WebPage","@id":"https:\/\/ryfi.online\/es\/producto\/banador-con-diseno-de-patrulla-canina-de-nickelodeon-para-ninas\/","url":"https:\/\/ryfi.online\/es\/producto\/banador-con-diseno-de-patrulla-canina-de-nickelodeon-para-ninas\/","name":"Comprar Ba\u00f1adores Nickelodeon Paw Patrol para ni\u00f1as - Ryfi Online Store","isPartOf":{"@id":"https:\/\/ryfi.online\/es\/#website"},"primaryImageOfPage":{"@id":"https:\/\/ryfi.online\/es\/producto\/banador-con-diseno-de-patrulla-canina-de-nickelodeon-para-ninas\/#primaryimage"},"image":{"@id":"https:\/\/ryfi.online\/es\/producto\/banador-con-diseno-de-patrulla-canina-de-nickelodeon-para-ninas\/#primaryimage"},"thumbnailUrl":"https:\/\/ryfi.online\/wp-content\/uploads\/2021\/06\/se1828_pi.jpg","datePublished":"2021-06-09T16:08:27+00:00","dateModified":"2024-05-14T03:06:25+00:00","description":"Compra el ba\u00f1ador de una pieza Nickelodeon Paw Patrol para ni\u00f1as (color rosa-azul) de Trajes de ba\u00f1o de una pieza en la tienda online Ryfi.","breadcrumb":{"@id":"https:\/\/ryfi.online\/es\/producto\/banador-con-diseno-de-patrulla-canina-de-nickelodeon-para-ninas\/#breadcrumb"},"inLanguage":"es","potentialAction":[{"@type":"ReadAction","target":["https:\/\/ryfi.online\/es\/producto\/banador-con-diseno-de-patrulla-canina-de-nickelodeon-para-ninas\/"]}]},{"@type":"ImageObject","inLanguage":"es","@id":"https:\/\/ryfi.online\/es\/producto\/banador-con-diseno-de-patrulla-canina-de-nickelodeon-para-ninas\/#primaryimage","url":"https:\/\/ryfi.online\/wp-content\/uploads\/2021\/06\/se1828_pi.jpg","contentUrl":"https:\/\/ryfi.online\/wp-content\/uploads\/2021\/06\/se1828_pi.jpg","width":800,"height":1200,"caption":"Patrulla Canina de Nickelodeon"},{"@type":"BreadcrumbList","@id":"https:\/\/ryfi.online\/es\/producto\/banador-con-diseno-de-patrulla-canina-de-nickelodeon-para-ninas\/#breadcrumb","itemListElement":[{"@type":"ListItem","position":1,"name":"Home","item":"https:\/\/ryfi.online\/es\/"},{"@type":"ListItem","position":2,"name":"Free and Fast Shipping whitin 1-3 Days!!!","item":"https:\/\/ryfi.online\/shop\/"},{"@type":"ListItem","position":3,"name":"Ba\u00f1ador con dise\u00f1o de Patrulla Canina de Nickelodeon para ni\u00f1as SE1828"}]},{"@type":"WebSite","@id":"https:\/\/ryfi.online\/es\/#website","url":"https:\/\/ryfi.online\/es\/","name":"Ryfi Online Store","description":"Online Store","publisher":{"@id":"https:\/\/ryfi.online\/es\/#organization"},"potentialAction":[{"@type":"SearchAction","target":{"@type":"EntryPoint","urlTemplate":"https:\/\/ryfi.online\/es\/?s={search_term_string}"},"query-input":{"@type":"PropertyValueSpecification","valueRequired":true,"valueName":"search_term_string"}}],"inLanguage":"es"},{"@type":"Organization","@id":"https:\/\/ryfi.online\/es\/#organization","name":"Ryan Future Investments LLC","url":"https:\/\/ryfi.online\/es\/","logo":{"@type":"ImageObject","inLanguage":"es","@id":"https:\/\/ryfi.online\/es\/#\/schema\/logo\/image\/","url":"https:\/\/ryfi.online\/wp-content\/uploads\/2021\/03\/2-03.png","contentUrl":"https:\/\/ryfi.online\/wp-content\/uploads\/2021\/03\/2-03.png","width":1010,"height":310,"caption":"Ryan Future Investments LLC"},"image":{"@id":"https:\/\/ryfi.online\/es\/#\/schema\/logo\/image\/"},"sameAs":["https:\/\/www.facebook.com\/ryfi.online\/"]}]},"product_brand":"Ba\u00f1ador","og_availability":"instock","product_availability":"instock","product_condition":"new"},"jetpack-related-posts":[{"id":12010,"url":"https:\/\/ryfi.online\/ro\/produs\/banador-con-diseno-de-patrulla-canina-de-nickelodeon-para-ninas-2\/","url_meta":{"origin":1421,"position":0},"title":"Ba\u00f1ador con dise\u00f1o de Patrulla Canina de Nickelodeon para ni\u00f1as SE1828","date":"junio 9, 2021","format":false,"excerpt":"Env\u00edo Rapido y Seguro en 1-3 d\u00edas laborales","rel":"","context":"Entrada similar","img":{"alt_text":"Patrulla Canina de Nickelodeon","src":"https:\/\/i0.wp.com\/ryfi.online\/wp-content\/uploads\/2021\/06\/se1828_pi.jpg?resize=350%2C200&ssl=1","width":350,"height":200},"classes":[]},{"id":2026,"url":"https:\/\/ryfi.online\/product\/swimsuit-with-nickelodeon-paw-patrol-design-for-girls\/","url_meta":{"origin":1421,"position":1},"title":"Ba\u00f1ador con dise\u00f1o de Patrulla Canina de Nickelodeon para ni\u00f1as SE1828","date":"junio 9, 2021","format":false,"excerpt":"Env\u00edo Rapido y Seguro en 1-3 d\u00edas laborales","rel":"","context":"Entrada similar","img":{"alt_text":"Nickelodeon Paw Patrol","src":"https:\/\/i0.wp.com\/ryfi.online\/wp-content\/uploads\/2021\/06\/se1828_pi.jpg?resize=350%2C200&ssl=1","width":350,"height":200},"classes":[]},{"id":5851,"url":"https:\/\/ryfi.online\/de\/produkt\/madchen-nickelodeon-paw-patrol-badeanzug-badeanzug-fur-madchen\/","url_meta":{"origin":1421,"position":2},"title":"Ba\u00f1ador con dise\u00f1o de Patrulla Canina de Nickelodeon para ni\u00f1as SE1828","date":"junio 9, 2021","format":false,"excerpt":"Env\u00edo Rapido y Seguro en 1-3 d\u00edas laborales","rel":"","context":"Entrada similar","img":{"alt_text":"Nickelodeon Paw Patrol","src":"https:\/\/i0.wp.com\/ryfi.online\/wp-content\/uploads\/2021\/06\/se1828_pi.jpg?resize=350%2C200&ssl=1","width":350,"height":200},"classes":[]},{"id":5848,"url":"https:\/\/ryfi.online\/it\/prodotto\/ragazze-nickelodeon-paw-patrol-costume-da-bagno-costume-da-bagno-per-ragazze\/","url_meta":{"origin":1421,"position":3},"title":"Ba\u00f1ador con dise\u00f1o de Patrulla Canina de Nickelodeon para ni\u00f1as SE1828","date":"junio 9, 2021","format":false,"excerpt":"Env\u00edo Rapido y Seguro en 1-3 d\u00edas laborales","rel":"","context":"Entrada similar","img":{"alt_text":"Nickelodeon Paw Patrol","src":"https:\/\/i0.wp.com\/ryfi.online\/wp-content\/uploads\/2021\/06\/se1828_pi.jpg?resize=350%2C200&ssl=1","width":350,"height":200},"classes":[]},{"id":1717,"url":"https:\/\/ryfi.online\/es\/producto\/boxer-bano-con-diseno-de-patrulla-canina-de-nickelodeon-para-ninos\/","url_meta":{"origin":1421,"position":4},"title":"Boxer Ba\u00f1o con dise\u00f1o de Patrulla Canina de Nickelodeon para ni\u00f1os","date":"junio 16, 2021","format":false,"excerpt":"Envio Gratis 1-3 dias laborales Devolucion Gratuito","rel":"","context":"Entrada similar","img":{"alt_text":"Banador Patrulla Canina","src":"https:\/\/i0.wp.com\/ryfi.online\/wp-content\/uploads\/2021\/06\/ue0102_lna.jpg?resize=350%2C200&ssl=1","width":350,"height":200},"classes":[]},{"id":1679,"url":"https:\/\/ryfi.online\/es\/producto\/camiseta-dibujo-animado-de-patrulla-canina-de-nickelodeon-para-ninas\/","url_meta":{"origin":1421,"position":5},"title":"Camiseta dibujo animado de Patrulla Canina de Nickelodeon para ni\u00f1as","date":"junio 15, 2021","format":false,"excerpt":"Envio Gratis 1-3 dias laborales Devolucion Gratuito","rel":"","context":"Entrada similar","img":{"alt_text":"Camiseta Patrulla Canina","src":"https:\/\/i0.wp.com\/ryfi.online\/wp-content\/uploads\/2021\/06\/se1488_dfu.jpg?resize=350%2C200&ssl=1","width":350,"height":200},"classes":[]}],"_links":{"self":[{"href":"https:\/\/ryfi.online\/es\/wp-json\/wp\/v2\/product\/1421","targetHints":{"allow":["GET"]}}],"collection":[{"href":"https:\/\/ryfi.online\/es\/wp-json\/wp\/v2\/product"}],"about":[{"href":"https:\/\/ryfi.online\/es\/wp-json\/wp\/v2\/types\/product"}],"replies":[{"embeddable":true,"href":"https:\/\/ryfi.online\/es\/wp-json\/wp\/v2\/comments?post=1421"}],"wp:featuredmedia":[{"embeddable":true,"href":"https:\/\/ryfi.online\/es\/wp-json\/wp\/v2\/media\/1347"}],"wp:attachment":[{"href":"https:\/\/ryfi.online\/es\/wp-json\/wp\/v2\/media?parent=1421"}],"wp:term":[{"taxonomy":"product_brand","embeddable":true,"href":"https:\/\/ryfi.online\/es\/wp-json\/wp\/v2\/product_brand?post=1421"},{"taxonomy":"product_cat","embeddable":true,"href":"https:\/\/ryfi.online\/es\/wp-json\/wp\/v2\/product_cat?post=1421"},{"taxonomy":"product_tag","embeddable":true,"href":"https:\/\/ryfi.online\/es\/wp-json\/wp\/v2\/product_tag?post=1421"}],"curies":[{"name":"wp","href":"https:\/\/api.w.org\/{rel}","templated":true}]}}