{"id":1420,"date":"2021-06-09T16:05:39","date_gmt":"2021-06-09T16:05:39","guid":{"rendered":"https:\/\/ryfi.online\/?post_type=product&#038;p=1420"},"modified":"2022-05-16T16:53:17","modified_gmt":"2022-05-16T16:53:17","slug":"banador-con-diseno-de-princesas-de-disney-para-ninas","status":"publish","type":"product","link":"https:\/\/ryfi.online\/es\/producto\/banador-con-diseno-de-princesas-de-disney-para-ninas\/","title":{"rendered":"Ba\u00f1ador con dise\u00f1o de Princesas de Disney para ni\u00f1as SE1943"},"content":{"rendered":"<p><span class=\"a-list-item\">\u2705 Ba\u00f1ador para ni\u00f1as de Disney Princesas<\/span><\/p>\n<p><span class=\"a-list-item\">\u2705 Color Rosa-Azul<\/span><\/p>\n<p><span class=\"a-list-item\">\u2705 85% Algod\u00f3n, 15% Poli\u00e9ster<\/span><\/p>\n<p id=\"title\" class=\"a-size-large a-spacing-none\"><span id=\"productTitle\" class=\"a-size-large product-title-word-break\"><span class=\"a-list-item\"><br \/>\n<\/span> <\/span><span id=\"productTitle\" class=\"a-size-large product-title-word-break\"><\/span><\/p>\n","protected":false},"excerpt":{"rendered":"<p>Env\u00edo gratuito en 1-3 d\u00edas laborales<\/p>\n","protected":false},"featured_media":1351,"comment_status":"open","ping_status":"closed","template":"","meta":[],"product_brand":[],"product_cat":[278,67],"product_tag":[],"class_list":{"0":"post-1420","1":"product","2":"type-product","3":"status-publish","4":"has-post-thumbnail","6":"product_cat-banador-2","7":"product_cat-calzoncillos","9":"first","10":"instock","11":"featured","12":"taxable","13":"shipping-taxable","14":"purchasable","15":"product-type-variable"},"yoast_head":"<!-- This site is optimized with the Yoast SEO Premium plugin v17.1.2 (Yoast SEO v27.6) - https:\/\/yoast.com\/product\/yoast-seo-premium-wordpress\/ -->\n<title>Comprar Traje de ba\u00f1o Princess Deluxe para ni\u00f1as - Ryfi Online Store<\/title>\n<meta name=\"description\" content=\"Elija entre una amplia gama de trajes de ba\u00f1o de la princesa para las ni\u00f1as de la tienda en l\u00ednea Ryfi, ofrecemos la facilidad de env\u00edo gratuito.\" \/>\n<meta name=\"robots\" content=\"index, follow, max-snippet:-1, max-image-preview:large, max-video-preview:-1\" \/>\n<link rel=\"canonical\" href=\"https:\/\/ryfi.online\/es\/producto\/banador-con-diseno-de-princesas-de-disney-para-ninas\/\" \/>\n<meta property=\"og:locale\" content=\"es_ES\" \/>\n<meta property=\"og:type\" content=\"article\" \/>\n<meta property=\"og:title\" content=\"Ba\u00f1ador con dise\u00f1o de Princesas de Disney para ni\u00f1as SE1943\" \/>\n<meta property=\"og:description\" content=\"Elija entre una amplia gama de trajes de ba\u00f1o de la princesa para las ni\u00f1as de la tienda en l\u00ednea Ryfi, ofrecemos la facilidad de env\u00edo gratuito.\" \/>\n<meta property=\"og:url\" content=\"https:\/\/ryfi.online\/es\/producto\/banador-con-diseno-de-princesas-de-disney-para-ninas\/\" \/>\n<meta property=\"og:site_name\" content=\"Ryfi Online Store\" \/>\n<meta property=\"article:publisher\" content=\"https:\/\/www.facebook.com\/ryfi.online\/\" \/>\n<meta property=\"article:modified_time\" content=\"2022-05-16T16:53:17+00:00\" \/>\n<meta property=\"og:image\" content=\"https:\/\/ryfi.online\/wp-content\/uploads\/2021\/06\/se1943_bl-2.jpg\" \/>\n\t<meta property=\"og:image:width\" content=\"800\" \/>\n\t<meta property=\"og:image:height\" content=\"1200\" \/>\n\t<meta property=\"og:image:type\" content=\"image\/jpeg\" \/>\n<meta name=\"twitter:card\" content=\"summary_large_image\" \/>\n<meta name=\"twitter:label1\" content=\"Availability\" \/>\n\t<meta name=\"twitter:data1\" content=\"In stock\" \/>\n<meta property=\"product:brand\" content=\"Ba\u00f1ador\" \/>\n<meta property=\"og:availability\" content=\"instock\" \/>\n<meta property=\"product:availability\" content=\"instock\" \/>\n<meta property=\"product:condition\" content=\"new\" \/>\n<!-- \/ Yoast SEO Premium plugin. -->","yoast_head_json":{"title":"Comprar Traje de ba\u00f1o Princess Deluxe para ni\u00f1as - Ryfi Online Store","description":"Elija entre una amplia gama de trajes de ba\u00f1o de la princesa para las ni\u00f1as de la tienda en l\u00ednea Ryfi, ofrecemos la facilidad de env\u00edo gratuito.","robots":{"index":"index","follow":"follow","max-snippet":"max-snippet:-1","max-image-preview":"max-image-preview:large","max-video-preview":"max-video-preview:-1"},"canonical":"https:\/\/ryfi.online\/es\/producto\/banador-con-diseno-de-princesas-de-disney-para-ninas\/","og_locale":"es_ES","og_type":"article","og_title":"Ba\u00f1ador con dise\u00f1o de Princesas de Disney para ni\u00f1as SE1943","og_description":"Elija entre una amplia gama de trajes de ba\u00f1o de la princesa para las ni\u00f1as de la tienda en l\u00ednea Ryfi, ofrecemos la facilidad de env\u00edo gratuito.","og_url":"https:\/\/ryfi.online\/es\/producto\/banador-con-diseno-de-princesas-de-disney-para-ninas\/","og_site_name":"Ryfi Online Store","article_publisher":"https:\/\/www.facebook.com\/ryfi.online\/","article_modified_time":"2022-05-16T16:53:17+00:00","og_image":[{"width":800,"height":1200,"url":"https:\/\/ryfi.online\/wp-content\/uploads\/2021\/06\/se1943_bl-2.jpg","type":"image\/jpeg"}],"twitter_card":"summary_large_image","twitter_misc":{"Availability":"In stock"},"schema":{"@context":"https:\/\/schema.org","@graph":[{"@type":"WebPage","@id":"https:\/\/ryfi.online\/es\/producto\/banador-con-diseno-de-princesas-de-disney-para-ninas\/","url":"https:\/\/ryfi.online\/es\/producto\/banador-con-diseno-de-princesas-de-disney-para-ninas\/","name":"Comprar Traje de ba\u00f1o Princess Deluxe para ni\u00f1as - Ryfi Online Store","isPartOf":{"@id":"https:\/\/ryfi.online\/es\/#website"},"primaryImageOfPage":{"@id":"https:\/\/ryfi.online\/es\/producto\/banador-con-diseno-de-princesas-de-disney-para-ninas\/#primaryimage"},"image":{"@id":"https:\/\/ryfi.online\/es\/producto\/banador-con-diseno-de-princesas-de-disney-para-ninas\/#primaryimage"},"thumbnailUrl":"https:\/\/ryfi.online\/wp-content\/uploads\/2021\/06\/se1943_bl-2.jpg","datePublished":"2021-06-09T16:05:39+00:00","dateModified":"2022-05-16T16:53:17+00:00","description":"Elija entre una amplia gama de trajes de ba\u00f1o de la princesa para las ni\u00f1as de la tienda en l\u00ednea Ryfi, ofrecemos la facilidad de env\u00edo gratuito.","breadcrumb":{"@id":"https:\/\/ryfi.online\/es\/producto\/banador-con-diseno-de-princesas-de-disney-para-ninas\/#breadcrumb"},"inLanguage":"es","potentialAction":[{"@type":"ReadAction","target":["https:\/\/ryfi.online\/es\/producto\/banador-con-diseno-de-princesas-de-disney-para-ninas\/"]}]},{"@type":"ImageObject","inLanguage":"es","@id":"https:\/\/ryfi.online\/es\/producto\/banador-con-diseno-de-princesas-de-disney-para-ninas\/#primaryimage","url":"https:\/\/ryfi.online\/wp-content\/uploads\/2021\/06\/se1943_bl-2.jpg","contentUrl":"https:\/\/ryfi.online\/wp-content\/uploads\/2021\/06\/se1943_bl-2.jpg","width":800,"height":1200,"caption":"Banador Princesas Disney"},{"@type":"BreadcrumbList","@id":"https:\/\/ryfi.online\/es\/producto\/banador-con-diseno-de-princesas-de-disney-para-ninas\/#breadcrumb","itemListElement":[{"@type":"ListItem","position":1,"name":"Home","item":"https:\/\/ryfi.online\/es\/"},{"@type":"ListItem","position":2,"name":"Free and Fast Shipping whitin 1-3 Days!!!","item":"https:\/\/ryfi.online\/shop\/"},{"@type":"ListItem","position":3,"name":"Ba\u00f1ador con dise\u00f1o de Princesas de Disney para ni\u00f1as SE1943"}]},{"@type":"WebSite","@id":"https:\/\/ryfi.online\/es\/#website","url":"https:\/\/ryfi.online\/es\/","name":"Ryfi Online Store","description":"Online Store","publisher":{"@id":"https:\/\/ryfi.online\/es\/#organization"},"potentialAction":[{"@type":"SearchAction","target":{"@type":"EntryPoint","urlTemplate":"https:\/\/ryfi.online\/es\/?s={search_term_string}"},"query-input":{"@type":"PropertyValueSpecification","valueRequired":true,"valueName":"search_term_string"}}],"inLanguage":"es"},{"@type":"Organization","@id":"https:\/\/ryfi.online\/es\/#organization","name":"Ryan Future Investments LLC","url":"https:\/\/ryfi.online\/es\/","logo":{"@type":"ImageObject","inLanguage":"es","@id":"https:\/\/ryfi.online\/es\/#\/schema\/logo\/image\/","url":"https:\/\/ryfi.online\/wp-content\/uploads\/2021\/03\/2-03.png","contentUrl":"https:\/\/ryfi.online\/wp-content\/uploads\/2021\/03\/2-03.png","width":1010,"height":310,"caption":"Ryan Future Investments LLC"},"image":{"@id":"https:\/\/ryfi.online\/es\/#\/schema\/logo\/image\/"},"sameAs":["https:\/\/www.facebook.com\/ryfi.online\/"]}]},"product_brand":"Ba\u00f1ador","og_availability":"instock","product_availability":"instock","product_condition":"new"},"jetpack-related-posts":[{"id":12019,"url":"https:\/\/ryfi.online\/ro\/produs\/banador-con-diseno-de-princesas-de-disney-para-ninas-2\/","url_meta":{"origin":1420,"position":0},"title":"Ba\u00f1ador con dise\u00f1o de Princesas de Disney para ni\u00f1as SE1943","date":"junio 9, 2021","format":false,"excerpt":"Env\u00edo gratuito en 1-3 d\u00edas laborales","rel":"","context":"Entrada similar","img":{"alt_text":"Banador Princesas Disney","src":"https:\/\/i0.wp.com\/ryfi.online\/wp-content\/uploads\/2021\/06\/se1943_bl-2.jpg?resize=350%2C200&ssl=1","width":350,"height":200},"classes":[]},{"id":2035,"url":"https:\/\/ryfi.online\/product\/swimsuit-with-disney-princess-design-for-girls\/","url_meta":{"origin":1420,"position":1},"title":"Ba\u00f1ador con dise\u00f1o de Princesas de Disney para ni\u00f1as SE1943","date":"junio 9, 2021","format":false,"excerpt":"Env\u00edo gratuito en 1-3 d\u00edas laborales","rel":"","context":"Entrada similar","img":{"alt_text":"Banador Disney Princesses","src":"https:\/\/i0.wp.com\/ryfi.online\/wp-content\/uploads\/2021\/06\/se1943_bl-2.jpg?resize=350%2C200&ssl=1","width":350,"height":200},"classes":[]},{"id":5845,"url":"https:\/\/ryfi.online\/de\/produkt\/madchen-badeanzug-mit-disney-prinzessin-design\/","url_meta":{"origin":1420,"position":2},"title":"Ba\u00f1ador con dise\u00f1o de Princesas de Disney para ni\u00f1as SE1943","date":"junio 9, 2021","format":false,"excerpt":"Env\u00edo gratuito en 1-3 d\u00edas laborales","rel":"","context":"Entrada similar","img":{"alt_text":"Disney-Prinzessin-Badeanzug","src":"https:\/\/i0.wp.com\/ryfi.online\/wp-content\/uploads\/2021\/06\/se1943_bl-2.jpg?resize=350%2C200&ssl=1","width":350,"height":200},"classes":[]},{"id":5849,"url":"https:\/\/ryfi.online\/fr\/produit\/maillot-de-bain-fille-avec-motif-princesse-disney\/","url_meta":{"origin":1420,"position":3},"title":"Ba\u00f1ador con dise\u00f1o de Princesas de Disney para ni\u00f1as SE1943","date":"junio 9, 2021","format":false,"excerpt":"Env\u00edo gratuito en 1-3 d\u00edas laborales","rel":"","context":"Entrada similar","img":{"alt_text":"Maillot de bain princesse Disney","src":"https:\/\/i0.wp.com\/ryfi.online\/wp-content\/uploads\/2021\/06\/se1943_bl-2.jpg?resize=350%2C200&ssl=1","width":350,"height":200},"classes":[]},{"id":5844,"url":"https:\/\/ryfi.online\/it\/prodotto\/costume-da-bagno-per-ragazza-con-design-principessa-disney\/","url_meta":{"origin":1420,"position":4},"title":"Ba\u00f1ador con dise\u00f1o de Princesas de Disney para ni\u00f1as SE1943","date":"junio 9, 2021","format":false,"excerpt":"Env\u00edo gratuito en 1-3 d\u00edas laborales","rel":"","context":"Entrada similar","img":{"alt_text":"Costume da bagno principessa Disney","src":"https:\/\/i0.wp.com\/ryfi.online\/wp-content\/uploads\/2021\/06\/se1943_bl-2.jpg?resize=350%2C200&ssl=1","width":350,"height":200},"classes":[]},{"id":1417,"url":"https:\/\/ryfi.online\/es\/producto\/gorra-de-beisbol-con-diseno-de-princesas-de-disney-para-ninas\/","url_meta":{"origin":1420,"position":5},"title":"Gorra de b\u00e9isbol con dise\u00f1o de Princesas de Disney para ni\u00f1as ET4145","date":"junio 9, 2021","format":false,"excerpt":"Env\u00edo gratuito y r\u00e1pido en 1-3 d\u00edas.","rel":"","context":"Entrada similar","img":{"alt_text":"Gorra Princesas Disney","src":"https:\/\/i0.wp.com\/ryfi.online\/wp-content\/uploads\/2021\/06\/et4145_wh.jpg?resize=350%2C200&ssl=1","width":350,"height":200},"classes":[]}],"_links":{"self":[{"href":"https:\/\/ryfi.online\/es\/wp-json\/wp\/v2\/product\/1420","targetHints":{"allow":["GET"]}}],"collection":[{"href":"https:\/\/ryfi.online\/es\/wp-json\/wp\/v2\/product"}],"about":[{"href":"https:\/\/ryfi.online\/es\/wp-json\/wp\/v2\/types\/product"}],"replies":[{"embeddable":true,"href":"https:\/\/ryfi.online\/es\/wp-json\/wp\/v2\/comments?post=1420"}],"wp:featuredmedia":[{"embeddable":true,"href":"https:\/\/ryfi.online\/es\/wp-json\/wp\/v2\/media\/1351"}],"wp:attachment":[{"href":"https:\/\/ryfi.online\/es\/wp-json\/wp\/v2\/media?parent=1420"}],"wp:term":[{"taxonomy":"product_brand","embeddable":true,"href":"https:\/\/ryfi.online\/es\/wp-json\/wp\/v2\/product_brand?post=1420"},{"taxonomy":"product_cat","embeddable":true,"href":"https:\/\/ryfi.online\/es\/wp-json\/wp\/v2\/product_cat?post=1420"},{"taxonomy":"product_tag","embeddable":true,"href":"https:\/\/ryfi.online\/es\/wp-json\/wp\/v2\/product_tag?post=1420"}],"curies":[{"name":"wp","href":"https:\/\/api.w.org\/{rel}","templated":true}]}}