{"id":13135,"date":"2022-12-19T18:30:25","date_gmt":"2022-12-19T18:30:25","guid":{"rendered":"https:\/\/ryfi.online\/?post_type=product&#038;p=13135"},"modified":"2025-05-26T23:11:50","modified_gmt":"2025-05-26T23:11:50","slug":"set-2-body-bebes-ninas-minnie-disney-ue0316","status":"publish","type":"product","link":"https:\/\/ryfi.online\/es\/producto\/set-2-body-bebes-ninas-minnie-disney-ue0316\/","title":{"rendered":"Set 2 Body Bebes-Ni\u00f1as Minnie Disney UE0316"},"content":{"rendered":"<p><span class=\"a-list-item\">\u2705 Set 2 body bebes-ni\u00f1as Minnie Disney<\/span><\/p>\n<p><span class=\"a-list-item\">\u2705 Color Rosa-Blanco<\/span><\/p>\n<p><span class=\"a-list-item\">\u2705 100% Algod\u00f3n<\/span><\/p>\n<p id=\"title\" class=\"a-size-large a-spacing-none\"><span id=\"productTitle\" class=\"a-size-large product-title-word-break\"><span class=\"a-list-item\">\u2705<\/span> Edad: 6 meses, 12 meses, 18 meses, 24 meses<\/span><\/p>\n","protected":false},"excerpt":{"rendered":"<p>Env\u00edo gratuito y r\u00e1pido en 1-3 d\u00edas.<\/p>\n","protected":false},"featured_media":13137,"comment_status":"open","ping_status":"closed","template":"","meta":[],"product_brand":[],"product_cat":[46],"product_tag":[],"class_list":{"0":"post-13135","1":"product","2":"type-product","3":"status-publish","4":"has-post-thumbnail","6":"product_cat-set-2-body-bebes-ninas","8":"first","9":"instock","10":"featured","11":"taxable","12":"shipping-taxable","13":"purchasable","14":"product-type-variable"},"yoast_head":"<!-- This site is optimized with the Yoast SEO Premium plugin v17.1.2 (Yoast SEO v27.5) - https:\/\/yoast.com\/product\/yoast-seo-premium-wordpress\/ -->\n<title>Set 2 Body Bebes-Ni\u00f1as Minnie Disney UE0316 - Ryfi Online Store<\/title>\n<meta name=\"description\" content=\"Si busca body para bebes en Europa.. \u00a1Entonces, usted ha venido al lugar correcto, Ryfi.online proporciona el tipo de felpa diferente, para m\u00e1s informaci\u00f3n visite nuestro sitio web hoy!\" \/>\n<meta name=\"robots\" content=\"index, follow, max-snippet:-1, max-image-preview:large, max-video-preview:-1\" \/>\n<link rel=\"canonical\" href=\"https:\/\/ryfi.online\/es\/producto\/set-2-body-bebes-ninas-minnie-disney-ue0316\/\" \/>\n<meta property=\"og:locale\" content=\"es_ES\" \/>\n<meta property=\"og:type\" content=\"article\" \/>\n<meta property=\"og:title\" content=\"Set 2 Body Bebes-Ni\u00f1as Minnie Disney UE0316\" \/>\n<meta property=\"og:description\" content=\"Si busca body para bebes en Europa.. \u00a1Entonces, usted ha venido al lugar correcto, Ryfi.online proporciona el tipo de felpa diferente, para m\u00e1s informaci\u00f3n visite nuestro sitio web hoy!\" \/>\n<meta property=\"og:url\" content=\"https:\/\/ryfi.online\/es\/producto\/set-2-body-bebes-ninas-minnie-disney-ue0316\/\" \/>\n<meta property=\"og:site_name\" content=\"Ryfi Online Store\" \/>\n<meta property=\"article:publisher\" content=\"https:\/\/www.facebook.com\/ryfi.online\/\" \/>\n<meta property=\"article:modified_time\" content=\"2025-05-26T23:11:50+00:00\" \/>\n<meta property=\"og:image\" content=\"https:\/\/ryfi.online\/wp-content\/uploads\/2022\/12\/81BDJioEU8L._AC_SL1500_.jpg\" \/>\n\t<meta property=\"og:image:width\" content=\"1500\" \/>\n\t<meta property=\"og:image:height\" content=\"1232\" \/>\n\t<meta property=\"og:image:type\" content=\"image\/jpeg\" \/>\n<meta name=\"twitter:card\" content=\"summary_large_image\" \/>\n<meta name=\"twitter:label1\" content=\"Availability\" \/>\n\t<meta name=\"twitter:data1\" content=\"In stock\" \/>\n<meta property=\"product:brand\" content=\"Set 2 body bebes-ni\u00f1as\" \/>\n<meta property=\"og:availability\" content=\"instock\" \/>\n<meta property=\"product:availability\" content=\"instock\" \/>\n<meta property=\"product:condition\" content=\"new\" \/>\n<!-- \/ Yoast SEO Premium plugin. -->","yoast_head_json":{"title":"Set 2 Body Bebes-Ni\u00f1as Minnie Disney UE0316 - Ryfi Online Store","description":"Si busca body para bebes en Europa.. \u00a1Entonces, usted ha venido al lugar correcto, Ryfi.online proporciona el tipo de felpa diferente, para m\u00e1s informaci\u00f3n visite nuestro sitio web hoy!","robots":{"index":"index","follow":"follow","max-snippet":"max-snippet:-1","max-image-preview":"max-image-preview:large","max-video-preview":"max-video-preview:-1"},"canonical":"https:\/\/ryfi.online\/es\/producto\/set-2-body-bebes-ninas-minnie-disney-ue0316\/","og_locale":"es_ES","og_type":"article","og_title":"Set 2 Body Bebes-Ni\u00f1as Minnie Disney UE0316","og_description":"Si busca body para bebes en Europa.. \u00a1Entonces, usted ha venido al lugar correcto, Ryfi.online proporciona el tipo de felpa diferente, para m\u00e1s informaci\u00f3n visite nuestro sitio web hoy!","og_url":"https:\/\/ryfi.online\/es\/producto\/set-2-body-bebes-ninas-minnie-disney-ue0316\/","og_site_name":"Ryfi Online Store","article_publisher":"https:\/\/www.facebook.com\/ryfi.online\/","article_modified_time":"2025-05-26T23:11:50+00:00","og_image":[{"width":1500,"height":1232,"url":"https:\/\/ryfi.online\/wp-content\/uploads\/2022\/12\/81BDJioEU8L._AC_SL1500_.jpg","type":"image\/jpeg"}],"twitter_card":"summary_large_image","twitter_misc":{"Availability":"In stock"},"schema":{"@context":"https:\/\/schema.org","@graph":[{"@type":"WebPage","@id":"https:\/\/ryfi.online\/es\/producto\/set-2-body-bebes-ninas-minnie-disney-ue0316\/","url":"https:\/\/ryfi.online\/es\/producto\/set-2-body-bebes-ninas-minnie-disney-ue0316\/","name":"Set 2 Body Bebes-Ni\u00f1as Minnie Disney UE0316 - Ryfi Online Store","isPartOf":{"@id":"https:\/\/ryfi.online\/es\/#website"},"primaryImageOfPage":{"@id":"https:\/\/ryfi.online\/es\/producto\/set-2-body-bebes-ninas-minnie-disney-ue0316\/#primaryimage"},"image":{"@id":"https:\/\/ryfi.online\/es\/producto\/set-2-body-bebes-ninas-minnie-disney-ue0316\/#primaryimage"},"thumbnailUrl":"https:\/\/ryfi.online\/wp-content\/uploads\/2022\/12\/81BDJioEU8L._AC_SL1500_.jpg","datePublished":"2022-12-19T18:30:25+00:00","dateModified":"2025-05-26T23:11:50+00:00","description":"Si busca body para bebes en Europa.. \u00a1Entonces, usted ha venido al lugar correcto, Ryfi.online proporciona el tipo de felpa diferente, para m\u00e1s informaci\u00f3n visite nuestro sitio web hoy!","breadcrumb":{"@id":"https:\/\/ryfi.online\/es\/producto\/set-2-body-bebes-ninas-minnie-disney-ue0316\/#breadcrumb"},"inLanguage":"es","potentialAction":[{"@type":"ReadAction","target":["https:\/\/ryfi.online\/es\/producto\/set-2-body-bebes-ninas-minnie-disney-ue0316\/"]}]},{"@type":"ImageObject","inLanguage":"es","@id":"https:\/\/ryfi.online\/es\/producto\/set-2-body-bebes-ninas-minnie-disney-ue0316\/#primaryimage","url":"https:\/\/ryfi.online\/wp-content\/uploads\/2022\/12\/81BDJioEU8L._AC_SL1500_.jpg","contentUrl":"https:\/\/ryfi.online\/wp-content\/uploads\/2022\/12\/81BDJioEU8L._AC_SL1500_.jpg","width":1500,"height":1232},{"@type":"BreadcrumbList","@id":"https:\/\/ryfi.online\/es\/producto\/set-2-body-bebes-ninas-minnie-disney-ue0316\/#breadcrumb","itemListElement":[{"@type":"ListItem","position":1,"name":"Home","item":"https:\/\/ryfi.online\/es\/"},{"@type":"ListItem","position":2,"name":"Free and Fast Shipping whitin 1-3 Days!!!","item":"https:\/\/ryfi.online\/shop\/"},{"@type":"ListItem","position":3,"name":"Set 2 Body Bebes-Ni\u00f1as Minnie Disney UE0316"}]},{"@type":"WebSite","@id":"https:\/\/ryfi.online\/es\/#website","url":"https:\/\/ryfi.online\/es\/","name":"Ryfi Online Store","description":"Online Store","publisher":{"@id":"https:\/\/ryfi.online\/es\/#organization"},"potentialAction":[{"@type":"SearchAction","target":{"@type":"EntryPoint","urlTemplate":"https:\/\/ryfi.online\/es\/?s={search_term_string}"},"query-input":{"@type":"PropertyValueSpecification","valueRequired":true,"valueName":"search_term_string"}}],"inLanguage":"es"},{"@type":"Organization","@id":"https:\/\/ryfi.online\/es\/#organization","name":"Ryan Future Investments LLC","url":"https:\/\/ryfi.online\/es\/","logo":{"@type":"ImageObject","inLanguage":"es","@id":"https:\/\/ryfi.online\/es\/#\/schema\/logo\/image\/","url":"https:\/\/ryfi.online\/wp-content\/uploads\/2021\/03\/2-03.png","contentUrl":"https:\/\/ryfi.online\/wp-content\/uploads\/2021\/03\/2-03.png","width":1010,"height":310,"caption":"Ryan Future Investments LLC"},"image":{"@id":"https:\/\/ryfi.online\/es\/#\/schema\/logo\/image\/"},"sameAs":["https:\/\/www.facebook.com\/ryfi.online\/"]}]},"product_brand":"Set 2 body bebes-ni\u00f1as","og_availability":"instock","product_availability":"instock","product_condition":"new"},"jetpack-related-posts":[{"id":5648,"url":"https:\/\/ryfi.online\/fr\/produit\/set-2-body-babies-girls-minnie-disney\/","url_meta":{"origin":13135,"position":0},"title":"Set 2 Body B\u00e9b\u00e9s-Filles Minnie Disney UE0314","date":"junio 9, 2021","format":false,"excerpt":"Livraison gratuite et s\u00e9curis\u00e9e en 1 \u00e0 3 jours ouvr\u00e9s","rel":"","context":"Entrada similar","img":{"alt_text":"Set 2 bodies b\u00e9b\u00e9s-filles Minnie Disney","src":"https:\/\/i0.wp.com\/ryfi.online\/wp-content\/uploads\/2021\/06\/UE0314_SET-1.jpg?resize=350%2C200&ssl=1","width":350,"height":200},"classes":[]},{"id":11947,"url":"https:\/\/ryfi.online\/ro\/produs\/set-2-corp-bebe-fete-minnie-disney\/","url_meta":{"origin":13135,"position":1},"title":"Set 2 Body Bebe-Fete Minnie Disney UE0314","date":"junio 9, 2021","format":false,"excerpt":"Livrare gratuit\u0103 \u0219i sigur\u0103 \u00een 1-3 zile lucr\u0103toare","rel":"","context":"Entrada similar","img":{"alt_text":"Set 2 body pentru bebelusi-fete Minnie Disney","src":"https:\/\/i0.wp.com\/ryfi.online\/wp-content\/uploads\/2021\/06\/UE0314_SET-1.jpg?resize=350%2C200&ssl=1","width":350,"height":200},"classes":[]},{"id":2114,"url":"https:\/\/ryfi.online\/es\/producto\/3-disney-minnie-ninas-100-calzoncillos-de-algodon-2-3-anos\/","url_meta":{"origin":13135,"position":2},"title":"Set de 3 calzoncillos de 100% algod\u00f3n de Disney Minnie para ni\u00f1as de 2 a 3 a\u00f1os UE3000","date":"julio 5, 2021","format":false,"excerpt":"Env\u00edo rapido y seguro en 1-3 dias laborales","rel":"","context":"Entrada similar","img":{"alt_text":"Set 3 calzoncillos Minnie -1","src":"https:\/\/i0.wp.com\/ryfi.online\/wp-content\/uploads\/2021\/07\/ue3000.23y.e00-scaled.jpg?resize=350%2C200&ssl=1","width":350,"height":200},"classes":[]},{"id":2324,"url":"https:\/\/ryfi.online\/es\/producto\/camiseta-dibujo-animado-de-minnie-de-disney-para-ninas\/","url_meta":{"origin":13135,"position":3},"title":"Camiseta dibujo animado de Minnie de Disney para ni\u00f1as ET1137","date":"julio 26, 2021","format":false,"excerpt":"Env\u00edo gratuito y r\u00e1pido en 1-3 d\u00edas.","rel":"","context":"Entrada similar","img":{"alt_text":"Camiseta Minnie","src":"https:\/\/i0.wp.com\/ryfi.online\/wp-content\/uploads\/2021\/07\/et1137.jpg?resize=350%2C200&ssl=1","width":350,"height":200},"classes":[]},{"id":9794,"url":"https:\/\/ryfi.online\/it\/prodotto\/gorra-de-beisbol-con-diseno-de-minnie-de-disney-para-ninas\/","url_meta":{"origin":13135,"position":4},"title":"Gorra de b\u00e9isbol con dise\u00f1o de Minnie de Disney para ni\u00f1as ET4050","date":"junio 9, 2021","format":false,"excerpt":"Env\u00edo gratuito en 1-3 d\u00edas laborales","rel":"","context":"Entrada similar","img":{"alt_text":"Gorra Minnie Disney","src":"https:\/\/i0.wp.com\/ryfi.online\/wp-content\/uploads\/2021\/06\/et4050_pi.jpg?resize=350%2C200&ssl=1","width":350,"height":200},"classes":[]},{"id":1413,"url":"https:\/\/ryfi.online\/es\/producto\/gorra-de-beisbol-con-diseno-de-minnie-de-disney-para-ninas\/","url_meta":{"origin":13135,"position":5},"title":"Gorra de b\u00e9isbol con dise\u00f1o de Minnie de Disney para ni\u00f1as ET4050","date":"junio 9, 2021","format":false,"excerpt":"Env\u00edo gratuito y r\u00e1pido en 1-3 d\u00edas.","rel":"","context":"Entrada similar","img":{"alt_text":"Gorra Minnie Disney","src":"https:\/\/i0.wp.com\/ryfi.online\/wp-content\/uploads\/2021\/06\/et4050_pi.jpg?resize=350%2C200&ssl=1","width":350,"height":200},"classes":[]}],"_links":{"self":[{"href":"https:\/\/ryfi.online\/es\/wp-json\/wp\/v2\/product\/13135","targetHints":{"allow":["GET"]}}],"collection":[{"href":"https:\/\/ryfi.online\/es\/wp-json\/wp\/v2\/product"}],"about":[{"href":"https:\/\/ryfi.online\/es\/wp-json\/wp\/v2\/types\/product"}],"replies":[{"embeddable":true,"href":"https:\/\/ryfi.online\/es\/wp-json\/wp\/v2\/comments?post=13135"}],"wp:featuredmedia":[{"embeddable":true,"href":"https:\/\/ryfi.online\/es\/wp-json\/wp\/v2\/media\/13137"}],"wp:attachment":[{"href":"https:\/\/ryfi.online\/es\/wp-json\/wp\/v2\/media?parent=13135"}],"wp:term":[{"taxonomy":"product_brand","embeddable":true,"href":"https:\/\/ryfi.online\/es\/wp-json\/wp\/v2\/product_brand?post=13135"},{"taxonomy":"product_cat","embeddable":true,"href":"https:\/\/ryfi.online\/es\/wp-json\/wp\/v2\/product_cat?post=13135"},{"taxonomy":"product_tag","embeddable":true,"href":"https:\/\/ryfi.online\/es\/wp-json\/wp\/v2\/product_tag?post=13135"}],"curies":[{"name":"wp","href":"https:\/\/api.w.org\/{rel}","templated":true}]}}