{"id":12937,"date":"2021-04-19T18:30:01","date_gmt":"2022-11-30T19:07:22","guid":{"rendered":"https:\/\/ryfi.online\/product\/traje-de-bano-en-bikini\/"},"modified":"2022-11-30T19:07:22","modified_gmt":"2022-11-30T19:07:22","slug":"bikini-traje-de-bano","status":"publish","type":"product","link":"https:\/\/ryfi.online\/es\/producto\/bikini-traje-de-bano\/","title":{"rendered":"Traje de ba\u00f1o en bikini"},"content":{"rendered":"<p>Los trajes de ba\u00f1o de bikini para mujeres son delicados, hechos a mano, con cristales de diamante en la parte superior e inferior del bikini, brillantes y chispeantes para hacerte fascinante y atractiva. Tenemos en stock 6 colores y todas las tallas de Bikini Swimsuit esperando a ser comprados por usted a trav\u00e9s de pagos seguros s\u00f3lo en <a href=\"https:\/\/ryfi.online\/\">ryfi.online<\/a> con env\u00edo gratuito y r\u00e1pido dentro de 1-3 d\u00edas h\u00e1biles.<\/p>\n<p>\u2705 <strong>Env\u00edo r\u00e1pido y gratuito en 1-3 d\u00edas<\/strong><\/p>\n<p>\u2705 Cierre de corbata.100% Poli\u00e9ster<\/p>\n<p>\u2705 Material: Poli\u00e9ster, chinlon, suave y c\u00f3modo de llevar, duradero y de secado r\u00e1pido.<\/p>\n<p>\u2705 Trajes de ba\u00f1o de dos piezas , Dise\u00f1o halter, lazo en el cuello y la espalda, bikinis sexy para mujeres brasile\u00f1as, encaje, push up, almohadillas extra\u00edbles.<\/p>\n<p>\u2705 Con delicado cristal de diamante hecho a mano en la parte superior e inferior del bikini, brillante y chispeante para hacerte fascinante y atractiva. Sexy fondo descarado con nudo de venda lateral, elegante y \u00fanico.<\/p>\n<p>Perfecto para las vacaciones tropicales, el verano, la playa y la piscina, la ropa de discoteca, la ropa de playa, la fiesta y las vacaciones.<\/p>\n<p>\u2705 Por favor, elija el tama\u00f1o cuidadosamente de acuerdo con la tabla de tallas en la descripci\u00f3n<\/p>\n<p>\u2705 Alta calidad y estricta inspecci\u00f3n: Los trajes de ba\u00f1o de bikini sexy est\u00e1 hecho de rhinestone de alta calidad y aleaci\u00f3n. Y somos profesionales de la moda. Todos los trajes de ba\u00f1o en bikini son inspeccionados cuidadosamente por nosotros.<\/p>\n<p>\u2705 Collar de cadena sexy es compatible con camisetas, vestido, trajes de ba\u00f1o\/bikini\/tankini, coberturas de playa, o en el cuerpo desnudo como sujetador de cadena.<\/p>\n<p>&nbsp;<\/p>\n<p>&nbsp;<\/p>\n","protected":false},"excerpt":{"rendered":"<p><strong>Env\u00edo gratuito y r\u00e1pido en 1-3 d\u00edas.<\/strong><\/p>\n<h3><strong>Compre 4 y obtenga 5<\/strong><\/h3>\n<h3><span style=\"color: #ff0000;\"><strong><em>\u00a1Date prisa, ventas rapides!<\/em><\/strong><\/span><\/h3>\n","protected":false},"featured_media":1913,"comment_status":"open","ping_status":"closed","template":"","meta":[],"product_brand":[],"product_cat":[52],"product_tag":[82],"class_list":{"0":"post-12937","1":"product","2":"type-product","3":"status-publish","4":"has-post-thumbnail","6":"product_cat-trajes-de-bano","7":"product_tag-es","9":"first","10":"instock","11":"featured","12":"taxable","13":"shipping-taxable","14":"purchasable","15":"product-type-variable","16":"has-default-attributes"},"yoast_head":"<!-- This site is optimized with the Yoast SEO Premium plugin v17.1.2 (Yoast SEO v27.6) - https:\/\/yoast.com\/product\/yoast-seo-premium-wordpress\/ -->\n<title>Traje de ba\u00f1o en l\u00ednea en EE.UU. | Traje de ba\u00f1o sexy para mujeres | Tienda de trajes de ba\u00f1o lindos<\/title>\n<meta name=\"description\" content=\"Compre lo \u00faltimo en todas las tallas y colores de Trajes de Ba\u00f1o, Bikinis Sexy y Bikinis de Tiras para Mujeres en la tienda Ryfi Online. Env\u00edo gratuito con &amp; devoluciones gratuitas.\" \/>\n<meta name=\"robots\" content=\"index, follow, max-snippet:-1, max-image-preview:large, max-video-preview:-1\" \/>\n<link rel=\"canonical\" href=\"https:\/\/ryfi.online\/es\/producto\/bikini-traje-de-bano\/\" \/>\n<meta property=\"og:locale\" content=\"es_ES\" \/>\n<meta property=\"og:type\" content=\"article\" \/>\n<meta property=\"og:title\" content=\"Traje de ba\u00f1o en bikini\" \/>\n<meta property=\"og:description\" content=\"Compre lo \u00faltimo en todas las tallas y colores de Trajes de Ba\u00f1o, Bikinis Sexy y Bikinis de Tiras para Mujeres en la tienda Ryfi Online. Env\u00edo gratuito con &amp; devoluciones gratuitas.\" \/>\n<meta property=\"og:url\" content=\"https:\/\/ryfi.online\/es\/producto\/bikini-traje-de-bano\/\" \/>\n<meta property=\"og:site_name\" content=\"Ryfi Online Store\" \/>\n<meta property=\"article:publisher\" content=\"https:\/\/www.facebook.com\/ryfi.online\/\" \/>\n<meta property=\"og:image\" content=\"https:\/\/ryfi.online\/wp-content\/uploads\/2021\/04\/f6bfce011f897d03e8f175b34aa562a2.jpg\" \/>\n\t<meta property=\"og:image:width\" content=\"1024\" \/>\n\t<meta property=\"og:image:height\" content=\"1280\" \/>\n\t<meta property=\"og:image:type\" content=\"image\/jpeg\" \/>\n<meta name=\"twitter:card\" content=\"summary_large_image\" \/>\n<meta name=\"twitter:label1\" content=\"Availability\" \/>\n\t<meta name=\"twitter:data1\" content=\"In stock\" \/>\n<meta property=\"product:brand\" content=\"Trajes de ba\u00f1o\" \/>\n<meta property=\"og:availability\" content=\"instock\" \/>\n<meta property=\"product:availability\" content=\"instock\" \/>\n<meta property=\"product:condition\" content=\"new\" \/>\n<!-- \/ Yoast SEO Premium plugin. -->","yoast_head_json":{"title":"Traje de ba\u00f1o en l\u00ednea en EE.UU. | Traje de ba\u00f1o sexy para mujeres | Tienda de trajes de ba\u00f1o lindos","description":"Compre lo \u00faltimo en todas las tallas y colores de Trajes de Ba\u00f1o, Bikinis Sexy y Bikinis de Tiras para Mujeres en la tienda Ryfi Online. Env\u00edo gratuito con & devoluciones gratuitas.","robots":{"index":"index","follow":"follow","max-snippet":"max-snippet:-1","max-image-preview":"max-image-preview:large","max-video-preview":"max-video-preview:-1"},"canonical":"https:\/\/ryfi.online\/es\/producto\/bikini-traje-de-bano\/","og_locale":"es_ES","og_type":"article","og_title":"Traje de ba\u00f1o en bikini","og_description":"Compre lo \u00faltimo en todas las tallas y colores de Trajes de Ba\u00f1o, Bikinis Sexy y Bikinis de Tiras para Mujeres en la tienda Ryfi Online. Env\u00edo gratuito con & devoluciones gratuitas.","og_url":"https:\/\/ryfi.online\/es\/producto\/bikini-traje-de-bano\/","og_site_name":"Ryfi Online Store","article_publisher":"https:\/\/www.facebook.com\/ryfi.online\/","og_image":[{"width":1024,"height":1280,"url":"https:\/\/ryfi.online\/wp-content\/uploads\/2021\/04\/f6bfce011f897d03e8f175b34aa562a2.jpg","type":"image\/jpeg"}],"twitter_card":"summary_large_image","twitter_misc":{"Availability":"In stock"},"schema":{"@context":"https:\/\/schema.org","@graph":[{"@type":"WebPage","@id":"https:\/\/ryfi.online\/es\/producto\/bikini-traje-de-bano\/","url":"https:\/\/ryfi.online\/es\/producto\/bikini-traje-de-bano\/","name":"Traje de ba\u00f1o en l\u00ednea en EE.UU. | Traje de ba\u00f1o sexy para mujeres | Tienda de trajes de ba\u00f1o lindos","isPartOf":{"@id":"https:\/\/ryfi.online\/es\/#website"},"primaryImageOfPage":{"@id":"https:\/\/ryfi.online\/es\/producto\/bikini-traje-de-bano\/#primaryimage"},"image":{"@id":"https:\/\/ryfi.online\/es\/producto\/bikini-traje-de-bano\/#primaryimage"},"thumbnailUrl":"https:\/\/ryfi.online\/wp-content\/uploads\/2021\/04\/f6bfce011f897d03e8f175b34aa562a2.jpg","datePublished":"2022-11-30T19:07:22+00:00","description":"Compre lo \u00faltimo en todas las tallas y colores de Trajes de Ba\u00f1o, Bikinis Sexy y Bikinis de Tiras para Mujeres en la tienda Ryfi Online. Env\u00edo gratuito con & devoluciones gratuitas.","breadcrumb":{"@id":"https:\/\/ryfi.online\/es\/producto\/bikini-traje-de-bano\/#breadcrumb"},"inLanguage":"es","potentialAction":[{"@type":"ReadAction","target":["https:\/\/ryfi.online\/es\/producto\/bikini-traje-de-bano\/"]}]},{"@type":"ImageObject","inLanguage":"es","@id":"https:\/\/ryfi.online\/es\/producto\/bikini-traje-de-bano\/#primaryimage","url":"https:\/\/ryfi.online\/wp-content\/uploads\/2021\/04\/f6bfce011f897d03e8f175b34aa562a2.jpg","contentUrl":"https:\/\/ryfi.online\/wp-content\/uploads\/2021\/04\/f6bfce011f897d03e8f175b34aa562a2.jpg","width":1024,"height":1280},{"@type":"BreadcrumbList","@id":"https:\/\/ryfi.online\/es\/producto\/bikini-traje-de-bano\/#breadcrumb","itemListElement":[{"@type":"ListItem","position":1,"name":"Home","item":"https:\/\/ryfi.online\/es\/"},{"@type":"ListItem","position":2,"name":"Free and Fast Shipping whitin 1-3 Days!!!","item":"https:\/\/ryfi.online\/shop\/"},{"@type":"ListItem","position":3,"name":"Traje de ba\u00f1o en bikini"}]},{"@type":"WebSite","@id":"https:\/\/ryfi.online\/es\/#website","url":"https:\/\/ryfi.online\/es\/","name":"Ryfi Online Store","description":"Online Store","publisher":{"@id":"https:\/\/ryfi.online\/es\/#organization"},"potentialAction":[{"@type":"SearchAction","target":{"@type":"EntryPoint","urlTemplate":"https:\/\/ryfi.online\/es\/?s={search_term_string}"},"query-input":{"@type":"PropertyValueSpecification","valueRequired":true,"valueName":"search_term_string"}}],"inLanguage":"es"},{"@type":"Organization","@id":"https:\/\/ryfi.online\/es\/#organization","name":"Ryan Future Investments LLC","url":"https:\/\/ryfi.online\/es\/","logo":{"@type":"ImageObject","inLanguage":"es","@id":"https:\/\/ryfi.online\/es\/#\/schema\/logo\/image\/","url":"https:\/\/ryfi.online\/wp-content\/uploads\/2021\/03\/2-03.png","contentUrl":"https:\/\/ryfi.online\/wp-content\/uploads\/2021\/03\/2-03.png","width":1010,"height":310,"caption":"Ryan Future Investments LLC"},"image":{"@id":"https:\/\/ryfi.online\/es\/#\/schema\/logo\/image\/"},"sameAs":["https:\/\/www.facebook.com\/ryfi.online\/"]}]},"product_brand":"Trajes de ba\u00f1o","og_availability":"instock","product_availability":"instock","product_condition":"new"},"jetpack-related-posts":[{"id":8443,"url":"https:\/\/ryfi.online\/es\/producto\/gorra-minions\/","url_meta":{"origin":12937,"position":0},"title":"Gorra Minions EP4341","date":"abril 27, 2022","format":false,"excerpt":"Env\u00edo gratuito y r\u00e1pido en 1-3 d\u00edas.","rel":"","context":"Entrada similar","img":{"alt_text":"Gorra Minion Amarillo","src":"https:\/\/i0.wp.com\/ryfi.online\/wp-content\/uploads\/2022\/04\/ep4341_ye.jpg?resize=350%2C200&ssl=1","width":350,"height":200},"classes":[]},{"id":8484,"url":"https:\/\/ryfi.online\/es\/producto\/gorra-star-wars-et4183\/","url_meta":{"origin":12937,"position":1},"title":"Gorra Star Wars ET4183","date":"abril 29, 2022","format":false,"excerpt":"Env\u00edo gratuito y r\u00e1pido en 1-3 d\u00edas.","rel":"","context":"Entrada similar","img":{"alt_text":"Gorra Star Wars Azul y Negro","src":"https:\/\/i0.wp.com\/ryfi.online\/wp-content\/uploads\/2022\/04\/et4183.jpg?resize=350%2C200&ssl=1","width":350,"height":200},"classes":[]},{"id":1734,"url":"https:\/\/ryfi.online\/es\/producto\/gorra-de-beisbol-con-diseno-de-batman-para-ninos\/","url_meta":{"origin":12937,"position":2},"title":"Gorra de b\u00e9isbol con dise\u00f1o de Batman para ni\u00f1os UE4224","date":"junio 16, 2021","format":false,"excerpt":"Env\u00edo gratuito y r\u00e1pido en 1-3 d\u00edas.","rel":"","context":"Entrada similar","img":{"alt_text":"Gorra Batman","src":"https:\/\/i0.wp.com\/ryfi.online\/wp-content\/uploads\/2021\/06\/ue4224_bk.jpg?resize=350%2C200&ssl=1","width":350,"height":200},"classes":[]},{"id":1413,"url":"https:\/\/ryfi.online\/es\/producto\/gorra-de-beisbol-con-diseno-de-minnie-de-disney-para-ninas\/","url_meta":{"origin":12937,"position":3},"title":"Gorra de b\u00e9isbol con dise\u00f1o de Minnie de Disney para ni\u00f1as ET4050","date":"junio 9, 2021","format":false,"excerpt":"Env\u00edo gratuito y r\u00e1pido en 1-3 d\u00edas.","rel":"","context":"Entrada similar","img":{"alt_text":"Gorra Minnie Disney","src":"https:\/\/i0.wp.com\/ryfi.online\/wp-content\/uploads\/2021\/06\/et4050_pi.jpg?resize=350%2C200&ssl=1","width":350,"height":200},"classes":[]},{"id":1417,"url":"https:\/\/ryfi.online\/es\/producto\/gorra-de-beisbol-con-diseno-de-princesas-de-disney-para-ninas\/","url_meta":{"origin":12937,"position":4},"title":"Gorra de b\u00e9isbol con dise\u00f1o de Princesas de Disney para ni\u00f1as ET4145","date":"junio 9, 2021","format":false,"excerpt":"Env\u00edo gratuito y r\u00e1pido en 1-3 d\u00edas.","rel":"","context":"Entrada similar","img":{"alt_text":"Gorra Princesas Disney","src":"https:\/\/i0.wp.com\/ryfi.online\/wp-content\/uploads\/2021\/06\/et4145_wh.jpg?resize=350%2C200&ssl=1","width":350,"height":200},"classes":[]},{"id":1423,"url":"https:\/\/ryfi.online\/es\/producto\/boxer-bano-con-diseno-de-spiderman-de-marvel-para-ninos\/","url_meta":{"origin":12937,"position":5},"title":"Boxer Ba\u00f1o con dise\u00f1o de Spiderman de Marvel para ni\u00f1os UE1888","date":"junio 9, 2021","format":false,"excerpt":"Env\u00edo rapido y seguro en 1-3 dias laborales","rel":"","context":"Entrada similar","img":{"alt_text":"Boxer bano Marvel Spiderman","src":"https:\/\/i0.wp.com\/ryfi.online\/wp-content\/uploads\/2021\/06\/ue1888_lna.jpg?resize=350%2C200&ssl=1","width":350,"height":200},"classes":[]}],"_links":{"self":[{"href":"https:\/\/ryfi.online\/es\/wp-json\/wp\/v2\/product\/12937","targetHints":{"allow":["GET"]}}],"collection":[{"href":"https:\/\/ryfi.online\/es\/wp-json\/wp\/v2\/product"}],"about":[{"href":"https:\/\/ryfi.online\/es\/wp-json\/wp\/v2\/types\/product"}],"replies":[{"embeddable":true,"href":"https:\/\/ryfi.online\/es\/wp-json\/wp\/v2\/comments?post=12937"}],"wp:featuredmedia":[{"embeddable":true,"href":"https:\/\/ryfi.online\/es\/wp-json\/wp\/v2\/media\/1913"}],"wp:attachment":[{"href":"https:\/\/ryfi.online\/es\/wp-json\/wp\/v2\/media?parent=12937"}],"wp:term":[{"taxonomy":"product_brand","embeddable":true,"href":"https:\/\/ryfi.online\/es\/wp-json\/wp\/v2\/product_brand?post=12937"},{"taxonomy":"product_cat","embeddable":true,"href":"https:\/\/ryfi.online\/es\/wp-json\/wp\/v2\/product_cat?post=12937"},{"taxonomy":"product_tag","embeddable":true,"href":"https:\/\/ryfi.online\/es\/wp-json\/wp\/v2\/product_tag?post=12937"}],"curies":[{"name":"wp","href":"https:\/\/api.w.org\/{rel}","templated":true}]}}