{"id":12936,"date":"2021-05-04T18:37:31","date_gmt":"2022-11-30T19:07:22","guid":{"rendered":"https:\/\/ryfi.online\/product\/paw-patrol-peluche-skye-de-10-de-pie-con-detalles-cosidos-para-mayores-de-3-anos\/"},"modified":"2022-11-30T19:07:22","modified_gmt":"2022-11-30T19:07:22","slug":"paw-patrol-10-skye-plush-toy-standing-plush-con-detalle-cosido-para-edad-3-y-arriba","status":"publish","type":"product","link":"https:\/\/ryfi.online\/es\/producto\/paw-patrol-10-skye-plush-toy-standing-plush-con-detalle-cosido-para-edad-3-y-arriba\/","title":{"rendered":"Paw Patrol &#8211; Peluche Skye de 10&#8243;, de pie con detalles cosidos, para mayores de 3 a\u00f1os"},"content":{"rendered":"<p>Los peque\u00f1os fans de la Patrulla Canina pueden acurrucarse y so\u00f1ar con aventuras con su cachorro favorito, Skye. Este cachorro de peluche de 10&#8243; de altura se mantiene erguido por s\u00ed mismo, \u00a1listo para la acci\u00f3n! Skye luce su caracter\u00edstico uniforme de la Patrulla Canina, con su gorro y la insignia de la Patrulla Canina. \u00a1Incluso tiene huellas de patas a cuatro patas! Su suave pelaje y su expresivo rostro dan vida a este querido personaje. Dale a tu peque\u00f1o fan de la Patrulla Canina un amigo que pueda llevar de la hora del juego a la hora de la siesta con el peluche Skye de 10&#8243;.<\/p>\n<ul class=\"a-unordered-list a-vertical a-spacing-mini\">\n<li><span class=\"a-list-item\">JUGUETE DE PELUCHE: Acurr\u00facate con la querida cachorra de la Patrulla Canina: Skye Este cachorro de peluche se mantiene de pie por s\u00ed mismo, sobre patas con huellas reales Mide 10&#8243; de altura, es el tama\u00f1o perfecto para los peque\u00f1os fans de la Patrulla PAW.<\/span><\/li>\n<li><span class=\"a-list-item\">CARACTER\u00cdSTICAS REALISTAS: Fabricada con material acolchado, Skye lleva un gorro de peluche y su caracter\u00edstico uniforme de la Patrulla Canina Con detalles realistas, este querido personaje cobra vida<\/span><\/li>\n<li><span class=\"a-list-item\">COLECCI\u00d3NALOS TODOS: A\u00f1ade todos los peluches de la Patrulla Canina a tu colecci\u00f3n y recrea toda la emoci\u00f3n y la aventura de la exitosa serie de televisi\u00f3n.<\/span><\/li>\n<li><span class=\"a-list-item\">El peluche Skye de la Patrulla Canina es para ni\u00f1os mayores de 3 a\u00f1os. Ll\u00e9vate este cachorro de peluche a casa para que se divierta a la hora de jugar y sue\u00f1e con la siesta<\/span><\/li>\n<\/ul>\n","protected":false},"excerpt":{"rendered":"<p>Los peque\u00f1os fans de la Patrulla Canina pueden acurrucarse y so\u00f1ar con aventuras con su cachorro favorito, Skye. Este cachorro de peluche de 10&#8243; de altura se mantiene erguido por s\u00ed mismo, \u00a1listo para la acci\u00f3n! Skye luce su caracter\u00edstico uniforme de la Patrulla Canina, con su gorro y la insignia de la Patrulla Canina. [&hellip;]<\/p>\n","protected":false},"featured_media":1947,"comment_status":"open","ping_status":"closed","template":"","meta":[],"product_brand":[],"product_cat":[54],"product_tag":[82],"class_list":{"0":"post-12936","1":"product","2":"type-product","3":"status-publish","4":"has-post-thumbnail","6":"product_cat-juguetes-de-peluche","7":"product_tag-es","9":"first","10":"instock","11":"featured","12":"taxable","13":"shipping-taxable","14":"purchasable","15":"product-type-simple"},"yoast_head":"<!-- This site is optimized with the Yoast SEO Premium plugin v17.1.2 (Yoast SEO v27.4) - https:\/\/yoast.com\/product\/yoast-seo-premium-wordpress\/ -->\n<title>Peluche Paw Patrol Skye | Peluche de pie con detalles cosidos - Ryfi Online Store<\/title>\n<meta name=\"description\" content=\"Si buscas juguetes de peluche de la Patrulla Canina Skye en EE.UU. \u00a1Entonces, usted ha venido al lugar correcto, Ryfi.online proporciona el tipo de felpa diferente, para m\u00e1s informaci\u00f3n visite nuestro sitio web hoy!\" \/>\n<meta name=\"robots\" content=\"index, follow, max-snippet:-1, max-image-preview:large, max-video-preview:-1\" \/>\n<link rel=\"canonical\" href=\"https:\/\/ryfi.online\/es\/producto\/paw-patrol-10-skye-plush-toy-standing-plush-con-detalle-cosido-para-edad-3-y-arriba\/\" \/>\n<meta property=\"og:locale\" content=\"es_ES\" \/>\n<meta property=\"og:type\" content=\"article\" \/>\n<meta property=\"og:title\" content=\"Paw Patrol - Peluche Skye de 10&quot;, de pie con detalles cosidos, para mayores de 3 a\u00f1os\" \/>\n<meta property=\"og:description\" content=\"Si buscas juguetes de peluche de la Patrulla Canina Skye en EE.UU. \u00a1Entonces, usted ha venido al lugar correcto, Ryfi.online proporciona el tipo de felpa diferente, para m\u00e1s informaci\u00f3n visite nuestro sitio web hoy!\" \/>\n<meta property=\"og:url\" content=\"https:\/\/ryfi.online\/es\/producto\/paw-patrol-10-skye-plush-toy-standing-plush-con-detalle-cosido-para-edad-3-y-arriba\/\" \/>\n<meta property=\"og:site_name\" content=\"Ryfi Online Store\" \/>\n<meta property=\"article:publisher\" content=\"https:\/\/www.facebook.com\/ryfi.online\/\" \/>\n<meta property=\"og:image\" content=\"https:\/\/ryfi.online\/wp-content\/uploads\/2021\/05\/81EbdDqXYyL._AC_SL1500_.jpg\" \/>\n\t<meta property=\"og:image:width\" content=\"1222\" \/>\n\t<meta property=\"og:image:height\" content=\"1500\" \/>\n\t<meta property=\"og:image:type\" content=\"image\/jpeg\" \/>\n<meta name=\"twitter:card\" content=\"summary_large_image\" \/>\n<meta name=\"twitter:label1\" content=\"Precio\" \/>\n\t<meta name=\"twitter:data1\" content=\"&#036;14.99\" \/>\n\t<meta name=\"twitter:label2\" content=\"Availability\" \/>\n\t<meta name=\"twitter:data2\" content=\"In stock\" \/>\n<meta property=\"product:brand\" content=\"Juguetes de peluche\" \/>\n<meta property=\"product:price:amount\" content=\"14.99\" \/>\n<meta property=\"product:price:currency\" content=\"USD\" \/>\n<meta property=\"og:availability\" content=\"instock\" \/>\n<meta property=\"product:availability\" content=\"instock\" \/>\n<meta property=\"product:condition\" content=\"new\" \/>\n<!-- \/ Yoast SEO Premium plugin. -->","yoast_head_json":{"title":"Peluche Paw Patrol Skye | Peluche de pie con detalles cosidos - Ryfi Online Store","description":"Si buscas juguetes de peluche de la Patrulla Canina Skye en EE.UU. \u00a1Entonces, usted ha venido al lugar correcto, Ryfi.online proporciona el tipo de felpa diferente, para m\u00e1s informaci\u00f3n visite nuestro sitio web hoy!","robots":{"index":"index","follow":"follow","max-snippet":"max-snippet:-1","max-image-preview":"max-image-preview:large","max-video-preview":"max-video-preview:-1"},"canonical":"https:\/\/ryfi.online\/es\/producto\/paw-patrol-10-skye-plush-toy-standing-plush-con-detalle-cosido-para-edad-3-y-arriba\/","og_locale":"es_ES","og_type":"article","og_title":"Paw Patrol - Peluche Skye de 10\", de pie con detalles cosidos, para mayores de 3 a\u00f1os","og_description":"Si buscas juguetes de peluche de la Patrulla Canina Skye en EE.UU. \u00a1Entonces, usted ha venido al lugar correcto, Ryfi.online proporciona el tipo de felpa diferente, para m\u00e1s informaci\u00f3n visite nuestro sitio web hoy!","og_url":"https:\/\/ryfi.online\/es\/producto\/paw-patrol-10-skye-plush-toy-standing-plush-con-detalle-cosido-para-edad-3-y-arriba\/","og_site_name":"Ryfi Online Store","article_publisher":"https:\/\/www.facebook.com\/ryfi.online\/","og_image":[{"width":1222,"height":1500,"url":"https:\/\/ryfi.online\/wp-content\/uploads\/2021\/05\/81EbdDqXYyL._AC_SL1500_.jpg","type":"image\/jpeg"}],"twitter_card":"summary_large_image","twitter_misc":{"Precio":"&#36;14.99","Availability":"In stock"},"schema":{"@context":"https:\/\/schema.org","@graph":[{"@type":"WebPage","@id":"https:\/\/ryfi.online\/es\/producto\/paw-patrol-10-skye-plush-toy-standing-plush-con-detalle-cosido-para-edad-3-y-arriba\/","url":"https:\/\/ryfi.online\/es\/producto\/paw-patrol-10-skye-plush-toy-standing-plush-con-detalle-cosido-para-edad-3-y-arriba\/","name":"Peluche Paw Patrol Skye | Peluche de pie con detalles cosidos - Ryfi Online Store","isPartOf":{"@id":"https:\/\/ryfi.online\/es\/#website"},"primaryImageOfPage":{"@id":"https:\/\/ryfi.online\/es\/producto\/paw-patrol-10-skye-plush-toy-standing-plush-con-detalle-cosido-para-edad-3-y-arriba\/#primaryimage"},"image":{"@id":"https:\/\/ryfi.online\/es\/producto\/paw-patrol-10-skye-plush-toy-standing-plush-con-detalle-cosido-para-edad-3-y-arriba\/#primaryimage"},"thumbnailUrl":"https:\/\/ryfi.online\/wp-content\/uploads\/2021\/05\/81EbdDqXYyL._AC_SL1500_.jpg","datePublished":"2022-11-30T19:07:22+00:00","description":"Si buscas juguetes de peluche de la Patrulla Canina Skye en EE.UU. \u00a1Entonces, usted ha venido al lugar correcto, Ryfi.online proporciona el tipo de felpa diferente, para m\u00e1s informaci\u00f3n visite nuestro sitio web hoy!","breadcrumb":{"@id":"https:\/\/ryfi.online\/es\/producto\/paw-patrol-10-skye-plush-toy-standing-plush-con-detalle-cosido-para-edad-3-y-arriba\/#breadcrumb"},"inLanguage":"es","potentialAction":[{"@type":"ReadAction","target":["https:\/\/ryfi.online\/es\/producto\/paw-patrol-10-skye-plush-toy-standing-plush-con-detalle-cosido-para-edad-3-y-arriba\/"]}]},{"@type":"ImageObject","inLanguage":"es","@id":"https:\/\/ryfi.online\/es\/producto\/paw-patrol-10-skye-plush-toy-standing-plush-con-detalle-cosido-para-edad-3-y-arriba\/#primaryimage","url":"https:\/\/ryfi.online\/wp-content\/uploads\/2021\/05\/81EbdDqXYyL._AC_SL1500_.jpg","contentUrl":"https:\/\/ryfi.online\/wp-content\/uploads\/2021\/05\/81EbdDqXYyL._AC_SL1500_.jpg","width":1222,"height":1500},{"@type":"BreadcrumbList","@id":"https:\/\/ryfi.online\/es\/producto\/paw-patrol-10-skye-plush-toy-standing-plush-con-detalle-cosido-para-edad-3-y-arriba\/#breadcrumb","itemListElement":[{"@type":"ListItem","position":1,"name":"Home","item":"https:\/\/ryfi.online\/es\/"},{"@type":"ListItem","position":2,"name":"Free and Fast Shipping whitin 1-3 Days!!!","item":"https:\/\/ryfi.online\/shop\/"},{"@type":"ListItem","position":3,"name":"Paw Patrol &#8211; Peluche Skye de 10&#8243;, de pie con detalles cosidos, para mayores de 3 a\u00f1os"}]},{"@type":"WebSite","@id":"https:\/\/ryfi.online\/es\/#website","url":"https:\/\/ryfi.online\/es\/","name":"Ryfi Online Store","description":"Online Store","publisher":{"@id":"https:\/\/ryfi.online\/es\/#organization"},"potentialAction":[{"@type":"SearchAction","target":{"@type":"EntryPoint","urlTemplate":"https:\/\/ryfi.online\/es\/?s={search_term_string}"},"query-input":{"@type":"PropertyValueSpecification","valueRequired":true,"valueName":"search_term_string"}}],"inLanguage":"es"},{"@type":"Organization","@id":"https:\/\/ryfi.online\/es\/#organization","name":"Ryan Future Investments LLC","url":"https:\/\/ryfi.online\/es\/","logo":{"@type":"ImageObject","inLanguage":"es","@id":"https:\/\/ryfi.online\/es\/#\/schema\/logo\/image\/","url":"https:\/\/ryfi.online\/wp-content\/uploads\/2021\/03\/2-03.png","contentUrl":"https:\/\/ryfi.online\/wp-content\/uploads\/2021\/03\/2-03.png","width":1010,"height":310,"caption":"Ryan Future Investments LLC"},"image":{"@id":"https:\/\/ryfi.online\/es\/#\/schema\/logo\/image\/"},"sameAs":["https:\/\/www.facebook.com\/ryfi.online\/"]}]},"product_brand":"Juguetes de peluche","product_price_amount":"14.99","product_price_currency":"USD","og_availability":"instock","product_availability":"instock","product_condition":"new"},"jetpack-related-posts":[{"id":12950,"url":"https:\/\/ryfi.online\/es\/producto\/paw-patrol-10-chase-plush-toy-standing-plush-con-detalles-cosidos-para-edades-3-y-arriba\/","url_meta":{"origin":12936,"position":0},"title":"La Patrulla Canina &#8211; Peluche Chase de 10&#8243;, peluche de pie con detalles cosidos, para mayores de 3 a\u00f1os","date":"mayo 4, 2021","format":false,"excerpt":"Los peque\u00f1os fans de la Patrulla Canina pueden acurrucarse y so\u00f1ar con aventuras con su cachorro favorito, Chase. Este cachorro de peluche de 10\" de altura se mantiene erguido por s\u00ed mismo, \u00a1listo para la acci\u00f3n! Chase luce su caracter\u00edstico uniforme de la Patrulla Canina, con su gorro y la\u2026","rel":"","context":"Entrada similar","img":{"alt_text":"","src":"https:\/\/i0.wp.com\/ryfi.online\/wp-content\/uploads\/2021\/05\/81c46n9nwAL._AC_SL1500_.jpg?resize=350%2C200&ssl=1","width":350,"height":200},"classes":[]},{"id":13079,"url":"https:\/\/ryfi.online\/es\/producto\/paw-patrol-10-marshall-plush-toy-standing-plush-con-detalle-cosido-para-edades-3-y-arriba\/","url_meta":{"origin":12936,"position":1},"title":"La Patrulla Canina &#8211; Peluche de Marshall de 10&#8243;, de pie con detalles cosidos, para mayores de 3 a\u00f1os","date":"mayo 4, 2021","format":false,"excerpt":"Los peque\u00f1os fans de la Patrulla Canina pueden acurrucarse y so\u00f1ar con aventuras con su cachorro favorito, Marshall. Este cachorro de peluche de 10\" de altura se mantiene erguido por s\u00ed mismo, \u00a1listo para la acci\u00f3n! Marshall luce su caracter\u00edstico uniforme de la Patrulla Canina, con su gorro y la\u2026","rel":"","context":"Entrada similar","img":{"alt_text":"","src":"https:\/\/i0.wp.com\/ryfi.online\/wp-content\/uploads\/2021\/05\/71x19VxDhSL._AC_SL1500_.jpg?resize=350%2C200&ssl=1","width":350,"height":200},"classes":[]},{"id":12939,"url":"https:\/\/ryfi.online\/es\/producto\/paw-patrol-10-rubble-plush-toy-standing-plush-con-detalles-cosidos-para-edades-3-y-arriba-multicolor\/","url_meta":{"origin":12936,"position":2},"title":"La Patrulla Canina &#8211; Peluche de Rubble de 10&#8243;, de pie y con detalles cosidos, para mayores de 3 a\u00f1os, multicolor","date":"mayo 4, 2021","format":false,"excerpt":"Los peque\u00f1os fans de la Patrulla Canina pueden acurrucarse y so\u00f1ar con aventuras con su cachorro favorito, Rubble. Este cachorro de peluche de 10\" de altura se mantiene erguido por s\u00ed mismo, \u00a1listo para la acci\u00f3n! Rubble luce su caracter\u00edstico uniforme de la Patrulla Canina, con su gorro y la\u2026","rel":"","context":"Entrada similar","img":{"alt_text":"","src":"https:\/\/i0.wp.com\/ryfi.online\/wp-content\/uploads\/2021\/05\/71AtjhCJL._AC_SL1500_.jpg?resize=350%2C200&ssl=1","width":350,"height":200},"classes":[]},{"id":1743,"url":"https:\/\/ryfi.online\/es\/producto\/gorra-de-beisbol-con-diseno-de-patrulla-canina-de-nickelodeon-para-ninas\/","url_meta":{"origin":12936,"position":3},"title":"Gorra de b\u00e9isbol con dise\u00f1o de Patrulla Canina de Nickelodeon para ni\u00f1as UE4205","date":"junio 16, 2021","format":false,"excerpt":"Envio Gratis 1-3 dias laborales Devolucion Gratuito","rel":"","context":"Entrada similar","img":{"alt_text":"Gorra Patrulla Canina","src":"https:\/\/i0.wp.com\/ryfi.online\/wp-content\/uploads\/2021\/06\/ue4205_pi.jpg?resize=350%2C200&ssl=1","width":350,"height":200},"classes":[]},{"id":2923,"url":"https:\/\/ryfi.online\/es\/producto\/paw-patrol-pijama-para-ninos\/","url_meta":{"origin":12936,"position":4},"title":"Paw Patrol Pijama para ni\u00f1os HU2034","date":"octubre 8, 2021","format":false,"excerpt":"Env\u00edo rapido y seguro en 1-3 dia laborales","rel":"","context":"Entrada similar","img":{"alt_text":"","src":"https:\/\/i0.wp.com\/ryfi.online\/wp-content\/uploads\/2021\/10\/hu2034.jpg?resize=350%2C200&ssl=1","width":350,"height":200},"classes":[]},{"id":11686,"url":"https:\/\/ryfi.online\/it\/prodotto\/zampa-pattuglia-pijama-para-ninos\/","url_meta":{"origin":12936,"position":5},"title":"Pigiama per bambini Paw Patrol HU2034","date":"octubre 8, 2021","format":false,"excerpt":"Env\u00edo rapido e seguro in 1-3 dia laborales","rel":"","context":"Entrada similar","img":{"alt_text":"","src":"https:\/\/i0.wp.com\/ryfi.online\/wp-content\/uploads\/2021\/10\/hu2034.jpg?resize=350%2C200&ssl=1","width":350,"height":200},"classes":[]}],"_links":{"self":[{"href":"https:\/\/ryfi.online\/es\/wp-json\/wp\/v2\/product\/12936","targetHints":{"allow":["GET"]}}],"collection":[{"href":"https:\/\/ryfi.online\/es\/wp-json\/wp\/v2\/product"}],"about":[{"href":"https:\/\/ryfi.online\/es\/wp-json\/wp\/v2\/types\/product"}],"replies":[{"embeddable":true,"href":"https:\/\/ryfi.online\/es\/wp-json\/wp\/v2\/comments?post=12936"}],"wp:featuredmedia":[{"embeddable":true,"href":"https:\/\/ryfi.online\/es\/wp-json\/wp\/v2\/media\/1947"}],"wp:attachment":[{"href":"https:\/\/ryfi.online\/es\/wp-json\/wp\/v2\/media?parent=12936"}],"wp:term":[{"taxonomy":"product_brand","embeddable":true,"href":"https:\/\/ryfi.online\/es\/wp-json\/wp\/v2\/product_brand?post=12936"},{"taxonomy":"product_cat","embeddable":true,"href":"https:\/\/ryfi.online\/es\/wp-json\/wp\/v2\/product_cat?post=12936"},{"taxonomy":"product_tag","embeddable":true,"href":"https:\/\/ryfi.online\/es\/wp-json\/wp\/v2\/product_tag?post=12936"}],"curies":[{"name":"wp","href":"https:\/\/api.w.org\/{rel}","templated":true}]}}