{"id":12911,"date":"2021-04-04T20:26:32","date_gmt":"2022-11-30T19:03:58","guid":{"rendered":"https:\/\/ryfi.online\/product\/botella-de-agua-deportiva-marvel-universe-16-5oz-kids-sullivan-libre-de-bpa-negra-roja-azul\/"},"modified":"2025-05-24T23:19:23","modified_gmt":"2025-05-24T23:19:23","slug":"marvel-universe-16-5oz-kids-sullivan-sports-bottle-bpa-free-black-red-blue","status":"publish","type":"product","link":"https:\/\/ryfi.online\/es\/producto\/marvel-universe-16-5oz-kids-sullivan-sports-bottle-bpa-free-black-red-blue\/","title":{"rendered":"Botella de agua deportiva Marvel Universe 16.5oz Kids Sullivan, libre de BPA, Negra, Roja, Azul"},"content":{"rendered":"<p>Unas divertidas ilustraciones hacen que la hidrataci\u00f3n sea una diversi\u00f3n. Esta botella tiene una capacidad de 16,5 onzas, con un lazo de transporte incorporado en la tapa para que pueda llevarla a todas partes. La tapa de f\u00e1cil apertura protege el ca\u00f1o cuando no se utiliza, y todo est\u00e1 hecho de pl\u00e1stico resistente. El biber\u00f3n est\u00e1 completamente libre de BPA. Se recomienda lavar a mano; no usar el microondas. Juego de uno.<\/p>\n<p><span class=\"a-list-item\">\u2705 Set de 1 con la pandilla del Universo Marvel &#8211; con licencia oficial de Zak Designs. En el anverso aparecen Hulk, el Capit\u00e1n Marvel, el Capit\u00e1n Am\u00e9rica, Spiderman y Thor. En la parte trasera aparecen Iron Man, Groot, Pantera Negra, Rocket Racoon y Ant Man.<\/span><\/p>\n<p><span class=\"a-list-item\">\u2705 La tapa atornillada tiene un bucle de transporte incorporadoLa tapa atornillada tiene un bucle de transporte incorporado<\/span><\/p>\n<p><span class=\"a-list-item\">Fabricado en pl\u00e1stico duradero libre de BPA<\/span><\/p>\n<p><span class=\"a-list-item\">\u2705 Capacidad de 16,5 onzas con tapa de f\u00e1cil apertura que mantiene limpio el ca\u00f1o<\/span><\/p>\n<p><span class=\"a-list-item\">\u2705 Se recomienda lavar a mano; no calentar en el microondas<\/span><\/p>\n","protected":false},"excerpt":{"rendered":"<p><strong>Env\u00edo gratuito y r\u00e1pido en 1-3 d\u00edas.<\/strong><\/p>\n<h3><strong>Compre 4 y obtenga 5<\/strong><\/h3>\n<h3><span style=\"color: #ff0000;\"><strong><em>\u00a1Date prisa, ventas rapides!<\/em><\/strong><\/span><\/h3>\n","protected":false},"featured_media":1906,"comment_status":"open","ping_status":"closed","template":"","meta":[],"product_brand":[],"product_cat":[56],"product_tag":[82],"class_list":{"0":"post-12911","1":"product","2":"type-product","3":"status-publish","4":"has-post-thumbnail","6":"product_cat-botellas-de-agua-deportivas","7":"product_tag-es","9":"first","10":"instock","11":"featured","12":"taxable","13":"shipping-taxable","14":"purchasable","15":"product-type-simple"},"yoast_head":"<!-- This site is optimized with the Yoast SEO Premium plugin v17.1.2 (Yoast SEO v27.4) - https:\/\/yoast.com\/product\/yoast-seo-premium-wordpress\/ -->\n<title>Botella de agua deportiva Marvel Universe | Sullivan Sports Water Bottle<\/title>\n<meta name=\"description\" content=\"Comprar Botella de agua deportiva Universo Marvel - Capit\u00e1n Am\u00e9rica, Iron Man y Groot: Sullivan Sports Water Bottles - Ryfi.online \u2713 Env\u00edo gratuito posible en caso de que sea elegible.\" \/>\n<meta name=\"robots\" content=\"index, follow, max-snippet:-1, max-image-preview:large, max-video-preview:-1\" \/>\n<link rel=\"canonical\" href=\"https:\/\/ryfi.online\/es\/producto\/marvel-universe-16-5oz-kids-sullivan-sports-bottle-bpa-free-black-red-blue\/\" \/>\n<meta property=\"og:locale\" content=\"es_ES\" \/>\n<meta property=\"og:type\" content=\"article\" \/>\n<meta property=\"og:title\" content=\"Botella de agua deportiva Marvel Universe 16.5oz Kids Sullivan, libre de BPA, Negra, Roja, Azul\" \/>\n<meta property=\"og:description\" content=\"Comprar Botella de agua deportiva Universo Marvel - Capit\u00e1n Am\u00e9rica, Iron Man y Groot: Sullivan Sports Water Bottles - Ryfi.online \u2713 Env\u00edo gratuito posible en caso de que sea elegible.\" \/>\n<meta property=\"og:url\" content=\"https:\/\/ryfi.online\/es\/producto\/marvel-universe-16-5oz-kids-sullivan-sports-bottle-bpa-free-black-red-blue\/\" \/>\n<meta property=\"og:site_name\" content=\"Ryfi Online Store\" \/>\n<meta property=\"article:publisher\" content=\"https:\/\/www.facebook.com\/ryfi.online\/\" \/>\n<meta property=\"article:modified_time\" content=\"2025-05-24T23:19:23+00:00\" \/>\n<meta property=\"og:image\" content=\"https:\/\/ryfi.online\/wp-content\/uploads\/2021\/04\/51yLdOxL4L._AC_.jpg\" \/>\n\t<meta property=\"og:image:width\" content=\"498\" \/>\n\t<meta property=\"og:image:height\" content=\"378\" \/>\n\t<meta property=\"og:image:type\" content=\"image\/jpeg\" \/>\n<meta name=\"twitter:card\" content=\"summary_large_image\" \/>\n<meta name=\"twitter:label1\" content=\"Precio\" \/>\n\t<meta name=\"twitter:data1\" content=\"&#036;9.99\" \/>\n\t<meta name=\"twitter:label2\" content=\"Availability\" \/>\n\t<meta name=\"twitter:data2\" content=\"In stock\" \/>\n<meta property=\"product:brand\" content=\"Botellas de agua deportivas\" \/>\n<meta property=\"product:price:amount\" content=\"9.99\" \/>\n<meta property=\"product:price:currency\" content=\"USD\" \/>\n<meta property=\"og:availability\" content=\"instock\" \/>\n<meta property=\"product:availability\" content=\"instock\" \/>\n<meta property=\"product:condition\" content=\"new\" \/>\n<!-- \/ Yoast SEO Premium plugin. -->","yoast_head_json":{"title":"Botella de agua deportiva Marvel Universe | Sullivan Sports Water Bottle","description":"Comprar Botella de agua deportiva Universo Marvel - Capit\u00e1n Am\u00e9rica, Iron Man y Groot: Sullivan Sports Water Bottles - Ryfi.online \u2713 Env\u00edo gratuito posible en caso de que sea elegible.","robots":{"index":"index","follow":"follow","max-snippet":"max-snippet:-1","max-image-preview":"max-image-preview:large","max-video-preview":"max-video-preview:-1"},"canonical":"https:\/\/ryfi.online\/es\/producto\/marvel-universe-16-5oz-kids-sullivan-sports-bottle-bpa-free-black-red-blue\/","og_locale":"es_ES","og_type":"article","og_title":"Botella de agua deportiva Marvel Universe 16.5oz Kids Sullivan, libre de BPA, Negra, Roja, Azul","og_description":"Comprar Botella de agua deportiva Universo Marvel - Capit\u00e1n Am\u00e9rica, Iron Man y Groot: Sullivan Sports Water Bottles - Ryfi.online \u2713 Env\u00edo gratuito posible en caso de que sea elegible.","og_url":"https:\/\/ryfi.online\/es\/producto\/marvel-universe-16-5oz-kids-sullivan-sports-bottle-bpa-free-black-red-blue\/","og_site_name":"Ryfi Online Store","article_publisher":"https:\/\/www.facebook.com\/ryfi.online\/","article_modified_time":"2025-05-24T23:19:23+00:00","og_image":[{"width":498,"height":378,"url":"https:\/\/ryfi.online\/wp-content\/uploads\/2021\/04\/51yLdOxL4L._AC_.jpg","type":"image\/jpeg"}],"twitter_card":"summary_large_image","twitter_misc":{"Precio":"&#36;9.99","Availability":"In stock"},"schema":{"@context":"https:\/\/schema.org","@graph":[{"@type":"WebPage","@id":"https:\/\/ryfi.online\/es\/producto\/marvel-universe-16-5oz-kids-sullivan-sports-bottle-bpa-free-black-red-blue\/","url":"https:\/\/ryfi.online\/es\/producto\/marvel-universe-16-5oz-kids-sullivan-sports-bottle-bpa-free-black-red-blue\/","name":"Botella de agua deportiva Marvel Universe | Sullivan Sports Water Bottle","isPartOf":{"@id":"https:\/\/ryfi.online\/es\/#website"},"primaryImageOfPage":{"@id":"https:\/\/ryfi.online\/es\/producto\/marvel-universe-16-5oz-kids-sullivan-sports-bottle-bpa-free-black-red-blue\/#primaryimage"},"image":{"@id":"https:\/\/ryfi.online\/es\/producto\/marvel-universe-16-5oz-kids-sullivan-sports-bottle-bpa-free-black-red-blue\/#primaryimage"},"thumbnailUrl":"https:\/\/ryfi.online\/wp-content\/uploads\/2021\/04\/51yLdOxL4L._AC_.jpg","datePublished":"2022-11-30T19:03:58+00:00","dateModified":"2025-05-24T23:19:23+00:00","description":"Comprar Botella de agua deportiva Universo Marvel - Capit\u00e1n Am\u00e9rica, Iron Man y Groot: Sullivan Sports Water Bottles - Ryfi.online \u2713 Env\u00edo gratuito posible en caso de que sea elegible.","breadcrumb":{"@id":"https:\/\/ryfi.online\/es\/producto\/marvel-universe-16-5oz-kids-sullivan-sports-bottle-bpa-free-black-red-blue\/#breadcrumb"},"inLanguage":"es","potentialAction":[{"@type":"ReadAction","target":["https:\/\/ryfi.online\/es\/producto\/marvel-universe-16-5oz-kids-sullivan-sports-bottle-bpa-free-black-red-blue\/"]}]},{"@type":"ImageObject","inLanguage":"es","@id":"https:\/\/ryfi.online\/es\/producto\/marvel-universe-16-5oz-kids-sullivan-sports-bottle-bpa-free-black-red-blue\/#primaryimage","url":"https:\/\/ryfi.online\/wp-content\/uploads\/2021\/04\/51yLdOxL4L._AC_.jpg","contentUrl":"https:\/\/ryfi.online\/wp-content\/uploads\/2021\/04\/51yLdOxL4L._AC_.jpg","width":498,"height":378},{"@type":"BreadcrumbList","@id":"https:\/\/ryfi.online\/es\/producto\/marvel-universe-16-5oz-kids-sullivan-sports-bottle-bpa-free-black-red-blue\/#breadcrumb","itemListElement":[{"@type":"ListItem","position":1,"name":"Home","item":"https:\/\/ryfi.online\/es\/"},{"@type":"ListItem","position":2,"name":"Free and Fast Shipping whitin 1-3 Days!!!","item":"https:\/\/ryfi.online\/shop\/"},{"@type":"ListItem","position":3,"name":"Botella de agua deportiva Marvel Universe 16.5oz Kids Sullivan, libre de BPA, Negra, Roja, Azul"}]},{"@type":"WebSite","@id":"https:\/\/ryfi.online\/es\/#website","url":"https:\/\/ryfi.online\/es\/","name":"Ryfi Online Store","description":"Online Store","publisher":{"@id":"https:\/\/ryfi.online\/es\/#organization"},"potentialAction":[{"@type":"SearchAction","target":{"@type":"EntryPoint","urlTemplate":"https:\/\/ryfi.online\/es\/?s={search_term_string}"},"query-input":{"@type":"PropertyValueSpecification","valueRequired":true,"valueName":"search_term_string"}}],"inLanguage":"es"},{"@type":"Organization","@id":"https:\/\/ryfi.online\/es\/#organization","name":"Ryan Future Investments LLC","url":"https:\/\/ryfi.online\/es\/","logo":{"@type":"ImageObject","inLanguage":"es","@id":"https:\/\/ryfi.online\/es\/#\/schema\/logo\/image\/","url":"https:\/\/ryfi.online\/wp-content\/uploads\/2021\/03\/2-03.png","contentUrl":"https:\/\/ryfi.online\/wp-content\/uploads\/2021\/03\/2-03.png","width":1010,"height":310,"caption":"Ryan Future Investments LLC"},"image":{"@id":"https:\/\/ryfi.online\/es\/#\/schema\/logo\/image\/"},"sameAs":["https:\/\/www.facebook.com\/ryfi.online\/"]}]},"product_brand":"Botellas de agua deportivas","product_price_amount":"9.99","product_price_currency":"USD","og_availability":"instock","product_availability":"instock","product_condition":"new"},"jetpack-related-posts":[{"id":12900,"url":"https:\/\/ryfi.online\/es\/producto\/zak-designs-1-pack-pj-mascaras-16-5oz-kids-sullivan-botella-de-agua-sin-bpa\/","url_meta":{"origin":12911,"position":0},"title":"Zak Designs [1-Pack] PJ Masks 16.5oz Kids Sullivan Sports Water Bottle, BPA-Free","date":"abril 4, 2021","format":false,"excerpt":"Env\u00edo gratuito y r\u00e1pido en 1-3 d\u00edas. Compre 4 y obtenga 5 \u00a1Date prisa, ventas rapides!","rel":"","context":"Entrada similar","img":{"alt_text":"","src":"https:\/\/i0.wp.com\/ryfi.online\/wp-content\/uploads\/2021\/04\/51SXcTRp3VL._AC_SL1000_.jpg?resize=350%2C200&ssl=1","width":350,"height":200},"classes":[]},{"id":12901,"url":"https:\/\/ryfi.online\/es\/producto\/disney-minnie-mouse-striped-15oz-buddy-sip-tumbler-cup-con-tapa-sin-bpa\/","url_meta":{"origin":12911,"position":1},"title":"Vaso Disney Minnie Mouse Striped 15oz Buddy Sip Tumbler con tapa y pajita, libre de BPA","date":"abril 4, 2021","format":false,"excerpt":"Env\u00edo gratuito y r\u00e1pido en 1-3 d\u00edas. Compre 4 y obtenga 5 \u00a1Date prisa, ventas rapides!","rel":"","context":"Entrada similar","img":{"alt_text":"","src":"https:\/\/i0.wp.com\/ryfi.online\/wp-content\/uploads\/2021\/04\/71jFmrzWXL._AC_SL1244_.jpg?resize=350%2C200&ssl=1","width":350,"height":200},"classes":[]},{"id":12899,"url":"https:\/\/ryfi.online\/es\/producto\/disney-1-paquete-minnie-mouse-bowtique-16oz-tiras-de-agua-rosa-morada-sin-bpa\/","url_meta":{"origin":12911,"position":2},"title":"Paquete de 1 botella de agua Minnie Mouse Bowtique de 16oz con tap\u00f3n, p\u00farpura\/rosa, libre de BPA","date":"abril 4, 2021","format":false,"excerpt":"Env\u00edo gratuito y r\u00e1pido en 1-3 d\u00edas. Compre 4 y obtenga 5 \u00a1Date prisa, ventas rapides!","rel":"","context":"Entrada similar","img":{"alt_text":"","src":"https:\/\/i0.wp.com\/ryfi.online\/wp-content\/uploads\/2021\/04\/51TjhBshTML._AC_SL1000_.jpg?resize=350%2C200&ssl=1","width":350,"height":200},"classes":[]},{"id":1415,"url":"https:\/\/ryfi.online\/es\/producto\/gorra-de-beisbol-con-diseno-de-avengers-de-marvel-para-ninos\/","url_meta":{"origin":12911,"position":3},"title":"Gorra de b\u00e9isbol con dise\u00f1o de Avengers de Marvel para ni\u00f1os","date":"junio 9, 2021","format":false,"excerpt":"Env\u00edo gratuito en 1-3 d\u00edas laborales","rel":"","context":"Entrada similar","img":{"alt_text":"Gorra Avengers Marvel","src":"https:\/\/i0.wp.com\/ryfi.online\/wp-content\/uploads\/2021\/06\/et4174_bl-1.jpg?resize=350%2C200&ssl=1","width":350,"height":200},"classes":[]},{"id":1322,"url":"https:\/\/ryfi.online\/es\/producto\/gorra-de-beisbol-con-diseno-de-spiderman-de-marvel-para-ninos\/","url_meta":{"origin":12911,"position":4},"title":"Gorra de b\u00e9isbol con dise\u00f1o de Spiderman de Marvel para ni\u00f1os","date":"junio 9, 2021","format":false,"excerpt":"Env\u00edo gratuito en 1-3 d\u00edas\u00a0laborales","rel":"","context":"Entrada similar","img":{"alt_text":"Gorra Spiderman Marvel","src":"https:\/\/i0.wp.com\/ryfi.online\/wp-content\/uploads\/2021\/06\/et4022_bk.jpg?resize=350%2C200&ssl=1","width":350,"height":200},"classes":[]},{"id":8602,"url":"https:\/\/ryfi.online\/es\/producto\/gorra-spiderman-ev4009\/","url_meta":{"origin":12911,"position":5},"title":"Gorra Spiderman para ni\u00f1os EV4009","date":"abril 29, 2022","format":false,"excerpt":"Env\u00edo rapido y seguro en 1-3 dias laborales","rel":"","context":"Entrada similar","img":{"alt_text":"","src":"https:\/\/i0.wp.com\/ryfi.online\/wp-content\/uploads\/2022\/04\/ev4009_bl.jpg?resize=350%2C200&ssl=1","width":350,"height":200},"classes":[]}],"_links":{"self":[{"href":"https:\/\/ryfi.online\/es\/wp-json\/wp\/v2\/product\/12911","targetHints":{"allow":["GET"]}}],"collection":[{"href":"https:\/\/ryfi.online\/es\/wp-json\/wp\/v2\/product"}],"about":[{"href":"https:\/\/ryfi.online\/es\/wp-json\/wp\/v2\/types\/product"}],"replies":[{"embeddable":true,"href":"https:\/\/ryfi.online\/es\/wp-json\/wp\/v2\/comments?post=12911"}],"wp:featuredmedia":[{"embeddable":true,"href":"https:\/\/ryfi.online\/es\/wp-json\/wp\/v2\/media\/1906"}],"wp:attachment":[{"href":"https:\/\/ryfi.online\/es\/wp-json\/wp\/v2\/media?parent=12911"}],"wp:term":[{"taxonomy":"product_brand","embeddable":true,"href":"https:\/\/ryfi.online\/es\/wp-json\/wp\/v2\/product_brand?post=12911"},{"taxonomy":"product_cat","embeddable":true,"href":"https:\/\/ryfi.online\/es\/wp-json\/wp\/v2\/product_cat?post=12911"},{"taxonomy":"product_tag","embeddable":true,"href":"https:\/\/ryfi.online\/es\/wp-json\/wp\/v2\/product_tag?post=12911"}],"curies":[{"name":"wp","href":"https:\/\/api.w.org\/{rel}","templated":true}]}}