{"id":12901,"date":"2021-04-04T20:23:05","date_gmt":"2022-11-30T19:03:52","guid":{"rendered":"https:\/\/ryfi.online\/product\/vaso-disney-minnie-mouse-striped-15oz-buddy-sip-tumbler-con-tapa-y-pajita-libre-de-bpa\/"},"modified":"2025-09-25T05:24:54","modified_gmt":"2025-09-25T05:24:54","slug":"disney-minnie-mouse-striped-15oz-buddy-sip-tumbler-cup-con-tapa-sin-bpa","status":"publish","type":"product","link":"https:\/\/ryfi.online\/es\/producto\/disney-minnie-mouse-striped-15oz-buddy-sip-tumbler-cup-con-tapa-sin-bpa\/","title":{"rendered":"Vaso Disney Minnie Mouse Striped 15oz Buddy Sip Tumbler con tapa y pajita, libre de BPA"},"content":{"rendered":"<div class=\"celwidget\" data-csa-c-id=\"yputfv-akga7c-z8rex3-pmreuu\" data-cel-widget=\"dpx-product-description_csm_instrumentation_wrapper\">\n<div id=\"descriptionAndDetails\" class=\"a-section a-spacing-extra-large\">\n<div id=\"productDescription_feature_div\" class=\"celwidget\" data-feature-name=\"productDescription\" data-csa-c-id=\"xhgkch-ewo0w8-de55vr-x83okb\" data-cel-widget=\"productDescription_feature_div\">\n<div>\n<div id=\"productDescription_feature_div\" class=\"a-row feature\" data-feature-name=\"productDescription\" data-template-name=\"productDescription\" data-cel-widget=\"productDescription_feature_div\">\n<div id=\"productDescription\" class=\"a-section a-spacing-small\">\n<p>Este juego de vasos utiliza el sistema de amigos: \u00a1Minnie Mouse de Disney hace que la hidrataci\u00f3n sea divertida! Este vaso, con pajita, tapa y personaje esculpido, hace compa\u00f1\u00eda a los ni\u00f1os y fomenta la ingesta saludable de agua a lo largo del d\u00eda. Tiene capacidad para 15 onzas y est\u00e1 fabricada con materiales duraderos y resistentes. La pajita en forma de acorde\u00f3n es a la vez flexible y resistente a los mordiscos, y tiene un tap\u00f3n para evitar que se arranque y se pierda. El gr\u00e1fico del personaje est\u00e1 completamente envuelto y la figura de la tapa est\u00e1 esculpida en 360 grados, lo que significa que es visible desde todos los \u00e1ngulos. El tama\u00f1o del vaso es c\u00f3modo para las manos peque\u00f1as y cabe en la mayor\u00eda de los portavasos de los coches para viajar con comodidad. Todo est\u00e1 completamente libre de BPA y es apto para el lavavajillas. No lo hagas en el microondas. Recomendado para ni\u00f1os a partir de 3 a\u00f1os. Juego de 1.<\/p>\n<\/div>\n<\/div>\n<\/div>\n<\/div>\n<\/div>\n<\/div>\n<p><span class=\"a-list-item\">Juego de vasos de 15 onzas Buddy Sip con Minnie Mouse de Disney.<\/span><\/p>\n<p><span class=\"a-list-item\">\u2705 El vaso con pajita, la tapa a presi\u00f3n y la figura esculpida est\u00e1n fabricados con materiales duraderos y resistentes<\/span><\/p>\n<p><span class=\"a-list-item\">\u2705 La paja en acorde\u00f3n es flexible y extra duradera y resistente a la masticaci\u00f3n<\/span><\/p>\n<p><span class=\"a-list-item\">\u2705 El personaje de la tapa est\u00e1 esculpido en 360 grados y el gr\u00e1fico est\u00e1 totalmente envuelto para divertirse desde todos los \u00e1ngulos<\/span><\/p>\n<p><span class=\"a-list-item\">\u2705 Sin BPA, Apto para el lavavajillas en la rejilla superior, No calentar en el microondas, Recomendado para ni\u00f1os mayores de 3 a\u00f1os<\/span><\/p>\n","protected":false},"excerpt":{"rendered":"<p><strong>Env\u00edo gratuito y r\u00e1pido en 1-3 d\u00edas.<\/strong><\/p>\n<h3><strong>Compre 4 y obtenga 5<\/strong><\/h3>\n<h3><span style=\"color: #ff0000;\"><strong><em>\u00a1Date prisa, ventas rapides!<\/em><\/strong><\/span><\/h3>\n<h3><\/h3>\n","protected":false},"featured_media":1905,"comment_status":"open","ping_status":"closed","template":"","meta":[],"product_brand":[],"product_cat":[56],"product_tag":[82],"class_list":{"0":"post-12901","1":"product","2":"type-product","3":"status-publish","4":"has-post-thumbnail","6":"product_cat-botellas-de-agua-deportivas","7":"product_tag-es","9":"first","10":"instock","11":"featured","12":"taxable","13":"shipping-taxable","14":"purchasable","15":"product-type-simple"},"yoast_head":"<!-- This site is optimized with the Yoast SEO Premium plugin v17.1.2 (Yoast SEO v27.6) - https:\/\/yoast.com\/product\/yoast-seo-premium-wordpress\/ -->\n<title>Disney Minnie Mouse Striped USA - Tienda online Ryfi<\/title>\n<meta name=\"description\" content=\"Comprar vaso Disney Minnie Mouse Striped para ni\u00f1os en rojo y otros colores casuales en la tienda Ryfi Online. Nuestra amplia selecci\u00f3n tiene env\u00edo y devoluci\u00f3n gratuitos.\" \/>\n<meta name=\"robots\" content=\"index, follow, max-snippet:-1, max-image-preview:large, max-video-preview:-1\" \/>\n<link rel=\"canonical\" href=\"https:\/\/ryfi.online\/es\/producto\/disney-minnie-mouse-striped-15oz-buddy-sip-tumbler-cup-con-tapa-sin-bpa\/\" \/>\n<meta property=\"og:locale\" content=\"es_ES\" \/>\n<meta property=\"og:type\" content=\"article\" \/>\n<meta property=\"og:title\" content=\"Vaso Disney Minnie Mouse Striped 15oz Buddy Sip Tumbler con tapa y pajita, libre de BPA\" \/>\n<meta property=\"og:description\" content=\"Comprar vaso Disney Minnie Mouse Striped para ni\u00f1os en rojo y otros colores casuales en la tienda Ryfi Online. Nuestra amplia selecci\u00f3n tiene env\u00edo y devoluci\u00f3n gratuitos.\" \/>\n<meta property=\"og:url\" content=\"https:\/\/ryfi.online\/es\/producto\/disney-minnie-mouse-striped-15oz-buddy-sip-tumbler-cup-con-tapa-sin-bpa\/\" \/>\n<meta property=\"og:site_name\" content=\"Ryfi Online Store\" \/>\n<meta property=\"article:publisher\" content=\"https:\/\/www.facebook.com\/ryfi.online\/\" \/>\n<meta property=\"article:modified_time\" content=\"2025-09-25T05:24:54+00:00\" \/>\n<meta property=\"og:image\" content=\"https:\/\/ryfi.online\/wp-content\/uploads\/2021\/04\/71jFmrzWXL._AC_SL1244_.jpg\" \/>\n\t<meta property=\"og:image:width\" content=\"1116\" \/>\n\t<meta property=\"og:image:height\" content=\"1124\" \/>\n\t<meta property=\"og:image:type\" content=\"image\/jpeg\" \/>\n<meta name=\"twitter:card\" content=\"summary_large_image\" \/>\n<meta name=\"twitter:label1\" content=\"Precio\" \/>\n\t<meta name=\"twitter:data1\" content=\"&#036;12.99\" \/>\n\t<meta name=\"twitter:label2\" content=\"Availability\" \/>\n\t<meta name=\"twitter:data2\" content=\"In stock\" \/>\n<meta property=\"product:brand\" content=\"Botellas de agua deportivas\" \/>\n<meta property=\"product:price:amount\" content=\"12.99\" \/>\n<meta property=\"product:price:currency\" content=\"USD\" \/>\n<meta property=\"og:availability\" content=\"instock\" \/>\n<meta property=\"product:availability\" content=\"instock\" \/>\n<meta property=\"product:condition\" content=\"new\" \/>\n<!-- \/ Yoast SEO Premium plugin. -->","yoast_head_json":{"title":"Disney Minnie Mouse Striped USA - Tienda online Ryfi","description":"Comprar vaso Disney Minnie Mouse Striped para ni\u00f1os en rojo y otros colores casuales en la tienda Ryfi Online. Nuestra amplia selecci\u00f3n tiene env\u00edo y devoluci\u00f3n gratuitos.","robots":{"index":"index","follow":"follow","max-snippet":"max-snippet:-1","max-image-preview":"max-image-preview:large","max-video-preview":"max-video-preview:-1"},"canonical":"https:\/\/ryfi.online\/es\/producto\/disney-minnie-mouse-striped-15oz-buddy-sip-tumbler-cup-con-tapa-sin-bpa\/","og_locale":"es_ES","og_type":"article","og_title":"Vaso Disney Minnie Mouse Striped 15oz Buddy Sip Tumbler con tapa y pajita, libre de BPA","og_description":"Comprar vaso Disney Minnie Mouse Striped para ni\u00f1os en rojo y otros colores casuales en la tienda Ryfi Online. Nuestra amplia selecci\u00f3n tiene env\u00edo y devoluci\u00f3n gratuitos.","og_url":"https:\/\/ryfi.online\/es\/producto\/disney-minnie-mouse-striped-15oz-buddy-sip-tumbler-cup-con-tapa-sin-bpa\/","og_site_name":"Ryfi Online Store","article_publisher":"https:\/\/www.facebook.com\/ryfi.online\/","article_modified_time":"2025-09-25T05:24:54+00:00","og_image":[{"width":1116,"height":1124,"url":"https:\/\/ryfi.online\/wp-content\/uploads\/2021\/04\/71jFmrzWXL._AC_SL1244_.jpg","type":"image\/jpeg"}],"twitter_card":"summary_large_image","twitter_misc":{"Precio":"&#36;12.99","Availability":"In stock"},"schema":{"@context":"https:\/\/schema.org","@graph":[{"@type":"WebPage","@id":"https:\/\/ryfi.online\/es\/producto\/disney-minnie-mouse-striped-15oz-buddy-sip-tumbler-cup-con-tapa-sin-bpa\/","url":"https:\/\/ryfi.online\/es\/producto\/disney-minnie-mouse-striped-15oz-buddy-sip-tumbler-cup-con-tapa-sin-bpa\/","name":"Disney Minnie Mouse Striped USA - Tienda online Ryfi","isPartOf":{"@id":"https:\/\/ryfi.online\/es\/#website"},"primaryImageOfPage":{"@id":"https:\/\/ryfi.online\/es\/producto\/disney-minnie-mouse-striped-15oz-buddy-sip-tumbler-cup-con-tapa-sin-bpa\/#primaryimage"},"image":{"@id":"https:\/\/ryfi.online\/es\/producto\/disney-minnie-mouse-striped-15oz-buddy-sip-tumbler-cup-con-tapa-sin-bpa\/#primaryimage"},"thumbnailUrl":"https:\/\/ryfi.online\/wp-content\/uploads\/2021\/04\/71jFmrzWXL._AC_SL1244_.jpg","datePublished":"2022-11-30T19:03:52+00:00","dateModified":"2025-09-25T05:24:54+00:00","description":"Comprar vaso Disney Minnie Mouse Striped para ni\u00f1os en rojo y otros colores casuales en la tienda Ryfi Online. Nuestra amplia selecci\u00f3n tiene env\u00edo y devoluci\u00f3n gratuitos.","breadcrumb":{"@id":"https:\/\/ryfi.online\/es\/producto\/disney-minnie-mouse-striped-15oz-buddy-sip-tumbler-cup-con-tapa-sin-bpa\/#breadcrumb"},"inLanguage":"es","potentialAction":[{"@type":"ReadAction","target":["https:\/\/ryfi.online\/es\/producto\/disney-minnie-mouse-striped-15oz-buddy-sip-tumbler-cup-con-tapa-sin-bpa\/"]}]},{"@type":"ImageObject","inLanguage":"es","@id":"https:\/\/ryfi.online\/es\/producto\/disney-minnie-mouse-striped-15oz-buddy-sip-tumbler-cup-con-tapa-sin-bpa\/#primaryimage","url":"https:\/\/ryfi.online\/wp-content\/uploads\/2021\/04\/71jFmrzWXL._AC_SL1244_.jpg","contentUrl":"https:\/\/ryfi.online\/wp-content\/uploads\/2021\/04\/71jFmrzWXL._AC_SL1244_.jpg","width":1116,"height":1124},{"@type":"BreadcrumbList","@id":"https:\/\/ryfi.online\/es\/producto\/disney-minnie-mouse-striped-15oz-buddy-sip-tumbler-cup-con-tapa-sin-bpa\/#breadcrumb","itemListElement":[{"@type":"ListItem","position":1,"name":"Home","item":"https:\/\/ryfi.online\/es\/"},{"@type":"ListItem","position":2,"name":"Free and Fast Shipping whitin 1-3 Days!!!","item":"https:\/\/ryfi.online\/shop\/"},{"@type":"ListItem","position":3,"name":"Vaso Disney Minnie Mouse Striped 15oz Buddy Sip Tumbler con tapa y pajita, libre de BPA"}]},{"@type":"WebSite","@id":"https:\/\/ryfi.online\/es\/#website","url":"https:\/\/ryfi.online\/es\/","name":"Ryfi Online Store","description":"Online Store","publisher":{"@id":"https:\/\/ryfi.online\/es\/#organization"},"potentialAction":[{"@type":"SearchAction","target":{"@type":"EntryPoint","urlTemplate":"https:\/\/ryfi.online\/es\/?s={search_term_string}"},"query-input":{"@type":"PropertyValueSpecification","valueRequired":true,"valueName":"search_term_string"}}],"inLanguage":"es"},{"@type":"Organization","@id":"https:\/\/ryfi.online\/es\/#organization","name":"Ryan Future Investments LLC","url":"https:\/\/ryfi.online\/es\/","logo":{"@type":"ImageObject","inLanguage":"es","@id":"https:\/\/ryfi.online\/es\/#\/schema\/logo\/image\/","url":"https:\/\/ryfi.online\/wp-content\/uploads\/2021\/03\/2-03.png","contentUrl":"https:\/\/ryfi.online\/wp-content\/uploads\/2021\/03\/2-03.png","width":1010,"height":310,"caption":"Ryan Future Investments LLC"},"image":{"@id":"https:\/\/ryfi.online\/es\/#\/schema\/logo\/image\/"},"sameAs":["https:\/\/www.facebook.com\/ryfi.online\/"]}]},"product_brand":"Botellas de agua deportivas","product_price_amount":"12.99","product_price_currency":"USD","og_availability":"instock","product_availability":"instock","product_condition":"new"},"jetpack-related-posts":[{"id":12899,"url":"https:\/\/ryfi.online\/es\/producto\/disney-1-paquete-minnie-mouse-bowtique-16oz-tiras-de-agua-rosa-morada-sin-bpa\/","url_meta":{"origin":12901,"position":0},"title":"Paquete de 1 botella de agua Minnie Mouse Bowtique de 16oz con tap\u00f3n, p\u00farpura\/rosa, libre de BPA","date":"abril 4, 2021","format":false,"excerpt":"Env\u00edo gratuito y r\u00e1pido en 1-3 d\u00edas. Compre 4 y obtenga 5 \u00a1Date prisa, ventas rapides!","rel":"","context":"Entrada similar","img":{"alt_text":"","src":"https:\/\/i0.wp.com\/ryfi.online\/wp-content\/uploads\/2021\/04\/51TjhBshTML._AC_SL1000_.jpg?resize=350%2C200&ssl=1","width":350,"height":200},"classes":[]},{"id":1413,"url":"https:\/\/ryfi.online\/es\/producto\/gorra-de-beisbol-con-diseno-de-minnie-de-disney-para-ninas\/","url_meta":{"origin":12901,"position":1},"title":"Gorra de b\u00e9isbol con dise\u00f1o de Minnie de Disney para ni\u00f1as ET4050","date":"junio 9, 2021","format":false,"excerpt":"Env\u00edo gratuito y r\u00e1pido en 1-3 d\u00edas.","rel":"","context":"Entrada similar","img":{"alt_text":"Gorra Minnie Disney","src":"https:\/\/i0.wp.com\/ryfi.online\/wp-content\/uploads\/2021\/06\/et4050_pi.jpg?resize=350%2C200&ssl=1","width":350,"height":200},"classes":[]},{"id":12911,"url":"https:\/\/ryfi.online\/es\/producto\/marvel-universe-16-5oz-kids-sullivan-sports-bottle-bpa-free-black-red-blue\/","url_meta":{"origin":12901,"position":2},"title":"Botella de agua deportiva Marvel Universe 16.5oz Kids Sullivan, libre de BPA, Negra, Roja, Azul","date":"abril 4, 2021","format":false,"excerpt":"Env\u00edo gratuito y r\u00e1pido en 1-3 d\u00edas. Compre 4 y obtenga 5 \u00a1Date prisa, ventas rapides!","rel":"","context":"Entrada similar","img":{"alt_text":"","src":"https:\/\/i0.wp.com\/ryfi.online\/wp-content\/uploads\/2021\/04\/51yLdOxL4L._AC_.jpg?resize=350%2C200&ssl=1","width":350,"height":200},"classes":[]},{"id":12900,"url":"https:\/\/ryfi.online\/es\/producto\/zak-designs-1-pack-pj-mascaras-16-5oz-kids-sullivan-botella-de-agua-sin-bpa\/","url_meta":{"origin":12901,"position":3},"title":"Zak Designs [1-Pack] PJ Masks 16.5oz Kids Sullivan Sports Water Bottle, BPA-Free","date":"abril 4, 2021","format":false,"excerpt":"Env\u00edo gratuito y r\u00e1pido en 1-3 d\u00edas. Compre 4 y obtenga 5 \u00a1Date prisa, ventas rapides!","rel":"","context":"Entrada similar","img":{"alt_text":"","src":"https:\/\/i0.wp.com\/ryfi.online\/wp-content\/uploads\/2021\/04\/51SXcTRp3VL._AC_SL1000_.jpg?resize=350%2C200&ssl=1","width":350,"height":200},"classes":[]},{"id":2887,"url":"https:\/\/ryfi.online\/es\/producto\/pantalones-de-chandal-para-ninas-con-estampado-de-minnie-mouse\/","url_meta":{"origin":12901,"position":4},"title":"Pantalones de ch\u00e1ndal para ni\u00f1as con Estampado de Minnie Mouse TH1116","date":"octubre 8, 2021","format":false,"excerpt":"Env\u00edo rapido y seguro en 1-3 dias laborales","rel":"","context":"Entrada similar","img":{"alt_text":"Chandal para ninas Minnie Mouse -1","src":"https:\/\/i0.wp.com\/ryfi.online\/wp-content\/uploads\/2021\/10\/th1116.jpg?resize=350%2C200&ssl=1","width":350,"height":200},"classes":[]},{"id":1417,"url":"https:\/\/ryfi.online\/es\/producto\/gorra-de-beisbol-con-diseno-de-princesas-de-disney-para-ninas\/","url_meta":{"origin":12901,"position":5},"title":"Gorra de b\u00e9isbol con dise\u00f1o de Princesas de Disney para ni\u00f1as ET4145","date":"junio 9, 2021","format":false,"excerpt":"Env\u00edo gratuito y r\u00e1pido en 1-3 d\u00edas.","rel":"","context":"Entrada similar","img":{"alt_text":"Gorra Princesas Disney","src":"https:\/\/i0.wp.com\/ryfi.online\/wp-content\/uploads\/2021\/06\/et4145_wh.jpg?resize=350%2C200&ssl=1","width":350,"height":200},"classes":[]}],"_links":{"self":[{"href":"https:\/\/ryfi.online\/es\/wp-json\/wp\/v2\/product\/12901","targetHints":{"allow":["GET"]}}],"collection":[{"href":"https:\/\/ryfi.online\/es\/wp-json\/wp\/v2\/product"}],"about":[{"href":"https:\/\/ryfi.online\/es\/wp-json\/wp\/v2\/types\/product"}],"replies":[{"embeddable":true,"href":"https:\/\/ryfi.online\/es\/wp-json\/wp\/v2\/comments?post=12901"}],"wp:featuredmedia":[{"embeddable":true,"href":"https:\/\/ryfi.online\/es\/wp-json\/wp\/v2\/media\/1905"}],"wp:attachment":[{"href":"https:\/\/ryfi.online\/es\/wp-json\/wp\/v2\/media?parent=12901"}],"wp:term":[{"taxonomy":"product_brand","embeddable":true,"href":"https:\/\/ryfi.online\/es\/wp-json\/wp\/v2\/product_brand?post=12901"},{"taxonomy":"product_cat","embeddable":true,"href":"https:\/\/ryfi.online\/es\/wp-json\/wp\/v2\/product_cat?post=12901"},{"taxonomy":"product_tag","embeddable":true,"href":"https:\/\/ryfi.online\/es\/wp-json\/wp\/v2\/product_tag?post=12901"}],"curies":[{"name":"wp","href":"https:\/\/api.w.org\/{rel}","templated":true}]}}