{"id":12852,"date":"2021-03-15T18:49:23","date_gmt":"2022-11-30T18:58:05","guid":{"rendered":"https:\/\/ryfi.online\/product\/funda-para-iphone-12-con-tarjetero-para-iphone-1212-pro12-pro-max12-mini\/"},"modified":"2025-07-20T20:08:19","modified_gmt":"2025-07-20T20:08:19","slug":"iphone-12-todos-los-modelos-carcasa-de-telefono-movil-con-adsorcion-magnetica-soporte-tarjeta-para-iphone-1212-pro12-pro-max12-mini","status":"publish","type":"product","link":"https:\/\/ryfi.online\/es\/producto\/iphone-12-todos-los-modelos-carcasa-de-telefono-movil-con-adsorcion-magnetica-soporte-tarjeta-para-iphone-1212-pro12-pro-max12-mini\/","title":{"rendered":"Funda para iPhone 12 con tarjetero para iPhone 12,12 Pro,12 Pro Max,12 Mini"},"content":{"rendered":"<div class=\"woocommerce-product-details__short-description\">\n<p>Funda de tel\u00e9fono m\u00f3vil con tarjetero para iPhone 12,12 Pro,12 Pro Max,12 Mini dise\u00f1ada con tecnolog\u00eda MILITAR, evita que tu querido iPhone se deslice y caiga accidentalmente.<\/p>\n<\/div>\n<p>\u2705 [SGS Drop Protection] Este tarjetero para iPhone est\u00e1 dise\u00f1ado con tecnolog\u00eda MILITAR, cuatro bolsillos de aire en las esquinas evitan que su querido iPhone 12,12 Pro,12 Pro Max y 12 Mini se resbale y caiga accidentalmente.<\/p>\n<p>\u2705 [iPhone 12,12 Pro,12 Pro Max and 12 Mini Case] Permite despegar y poner esta funda r\u00e1pidamente sin rayar el tel\u00e9fono.Duradera y flexible: Duradera, no se raya ni se rasga y evita la acumulaci\u00f3n de polvo y aceite.<\/p>\n<p>\u2705 [Compatible with iPhone 12,12 Pro,12 Pro Max and 12 Mini] El caso es adecuado para el iPhone 12,12 Pro,12 Pro Max y 12 Mini y s\u00f3lo los casos de tel\u00e9fono se incluyen en el suministro, por favor, elija su modelo de tel\u00e9fono m\u00f3vil de arriba y stard ordenar. Si hay alg\u00fan problema de calidad, por favor no se preocupe, le proporcionaremos un servicio de atenci\u00f3n al cliente oportuno para resolver mejor su problema.<\/p>\n<p>Protecci\u00f3n total: Un marco elevado y el recorte de la c\u00e1mara protegen el objetivo. Proporcionan una protecci\u00f3n total, todas las esquinas, los bordes y la parte trasera est\u00e1n completamente cubiertos.<\/p>\n<p>\u2705 Ajuste perfecto: Recortes precisos para todos los controles de los puertos, los sensores y la c\u00e1mara, f\u00e1cil acceso a las funciones de su tel\u00e9fono sin necesidad de quitarlo.<\/p>\n","protected":false},"excerpt":{"rendered":"<p><strong>Env\u00edo gratuito y r\u00e1pido en 1-3 d\u00edas.<\/strong><\/p>\n<h3><strong>Compre 4 y obtenga 5<\/strong><\/h3>\n<h3><span style=\"color: #ff0000;\"><strong><em>\u00a1Date prisa, ventas rapides!<\/em><\/strong><\/span><\/h3>\n","protected":false},"featured_media":1857,"comment_status":"open","ping_status":"closed","template":"","meta":[],"product_brand":[],"product_cat":[53],"product_tag":[82],"class_list":{"0":"post-12852","1":"product","2":"type-product","3":"status-publish","4":"has-post-thumbnail","6":"product_cat-funda-de-telefono","7":"product_tag-es","9":"first","10":"instock","11":"featured","12":"taxable","13":"shipping-taxable","14":"purchasable","15":"product-type-variable"},"yoast_head":"<!-- This site is optimized with the Yoast SEO Premium plugin v17.1.2 (Yoast SEO v27.4) - https:\/\/yoast.com\/product\/yoast-seo-premium-wordpress\/ -->\n<title>Comprar Funda iPhone 12 Tel\u00e9fono m\u00f3vil | Funda Iphone Xs Max con tarjetero<\/title>\n<meta name=\"description\" content=\"Consigue las fundas de alta calidad para m\u00f3viles iPhone 12 y Iphone Xs con tarjetero. Entregamos el producto r\u00e1pidamente en su puerta. \u00a1\u00a1Visite nuestro sitio web!!\" \/>\n<meta name=\"robots\" content=\"index, follow, max-snippet:-1, max-image-preview:large, max-video-preview:-1\" \/>\n<link rel=\"canonical\" href=\"https:\/\/ryfi.online\/es\/producto\/iphone-12-todos-los-modelos-carcasa-de-telefono-movil-con-adsorcion-magnetica-soporte-tarjeta-para-iphone-1212-pro12-pro-max12-mini\/\" \/>\n<meta property=\"og:locale\" content=\"es_ES\" \/>\n<meta property=\"og:type\" content=\"article\" \/>\n<meta property=\"og:title\" content=\"Funda para iPhone 12 con tarjetero para iPhone 12,12 Pro,12 Pro Max,12 Mini\" \/>\n<meta property=\"og:description\" content=\"Consigue las fundas de alta calidad para m\u00f3viles iPhone 12 y Iphone Xs con tarjetero. Entregamos el producto r\u00e1pidamente en su puerta. \u00a1\u00a1Visite nuestro sitio web!!\" \/>\n<meta property=\"og:url\" content=\"https:\/\/ryfi.online\/es\/producto\/iphone-12-todos-los-modelos-carcasa-de-telefono-movil-con-adsorcion-magnetica-soporte-tarjeta-para-iphone-1212-pro12-pro-max12-mini\/\" \/>\n<meta property=\"og:site_name\" content=\"Ryfi Online Store\" \/>\n<meta property=\"article:publisher\" content=\"https:\/\/www.facebook.com\/ryfi.online\/\" \/>\n<meta property=\"article:modified_time\" content=\"2025-07-20T20:08:19+00:00\" \/>\n<meta property=\"og:image\" content=\"https:\/\/ryfi.online\/wp-content\/uploads\/2021\/03\/H9fbad9f47c5041c980a84525fb257ec9v-1.png\" \/>\n\t<meta property=\"og:image:width\" content=\"1000\" \/>\n\t<meta property=\"og:image:height\" content=\"1000\" \/>\n\t<meta property=\"og:image:type\" content=\"image\/png\" \/>\n<meta name=\"twitter:card\" content=\"summary_large_image\" \/>\n<meta name=\"twitter:label1\" content=\"Availability\" \/>\n\t<meta name=\"twitter:data1\" content=\"In stock\" \/>\n<meta property=\"product:brand\" content=\"Funda de telefono\" \/>\n<meta property=\"og:availability\" content=\"instock\" \/>\n<meta property=\"product:availability\" content=\"instock\" \/>\n<meta property=\"product:condition\" content=\"new\" \/>\n<!-- \/ Yoast SEO Premium plugin. -->","yoast_head_json":{"title":"Comprar Funda iPhone 12 Tel\u00e9fono m\u00f3vil | Funda Iphone Xs Max con tarjetero","description":"Consigue las fundas de alta calidad para m\u00f3viles iPhone 12 y Iphone Xs con tarjetero. Entregamos el producto r\u00e1pidamente en su puerta. \u00a1\u00a1Visite nuestro sitio web!!","robots":{"index":"index","follow":"follow","max-snippet":"max-snippet:-1","max-image-preview":"max-image-preview:large","max-video-preview":"max-video-preview:-1"},"canonical":"https:\/\/ryfi.online\/es\/producto\/iphone-12-todos-los-modelos-carcasa-de-telefono-movil-con-adsorcion-magnetica-soporte-tarjeta-para-iphone-1212-pro12-pro-max12-mini\/","og_locale":"es_ES","og_type":"article","og_title":"Funda para iPhone 12 con tarjetero para iPhone 12,12 Pro,12 Pro Max,12 Mini","og_description":"Consigue las fundas de alta calidad para m\u00f3viles iPhone 12 y Iphone Xs con tarjetero. Entregamos el producto r\u00e1pidamente en su puerta. \u00a1\u00a1Visite nuestro sitio web!!","og_url":"https:\/\/ryfi.online\/es\/producto\/iphone-12-todos-los-modelos-carcasa-de-telefono-movil-con-adsorcion-magnetica-soporte-tarjeta-para-iphone-1212-pro12-pro-max12-mini\/","og_site_name":"Ryfi Online Store","article_publisher":"https:\/\/www.facebook.com\/ryfi.online\/","article_modified_time":"2025-07-20T20:08:19+00:00","og_image":[{"width":1000,"height":1000,"url":"https:\/\/ryfi.online\/wp-content\/uploads\/2021\/03\/H9fbad9f47c5041c980a84525fb257ec9v-1.png","type":"image\/png"}],"twitter_card":"summary_large_image","twitter_misc":{"Availability":"In stock"},"schema":{"@context":"https:\/\/schema.org","@graph":[{"@type":"WebPage","@id":"https:\/\/ryfi.online\/es\/producto\/iphone-12-todos-los-modelos-carcasa-de-telefono-movil-con-adsorcion-magnetica-soporte-tarjeta-para-iphone-1212-pro12-pro-max12-mini\/","url":"https:\/\/ryfi.online\/es\/producto\/iphone-12-todos-los-modelos-carcasa-de-telefono-movil-con-adsorcion-magnetica-soporte-tarjeta-para-iphone-1212-pro12-pro-max12-mini\/","name":"Comprar Funda iPhone 12 Tel\u00e9fono m\u00f3vil | Funda Iphone Xs Max con tarjetero","isPartOf":{"@id":"https:\/\/ryfi.online\/es\/#website"},"primaryImageOfPage":{"@id":"https:\/\/ryfi.online\/es\/producto\/iphone-12-todos-los-modelos-carcasa-de-telefono-movil-con-adsorcion-magnetica-soporte-tarjeta-para-iphone-1212-pro12-pro-max12-mini\/#primaryimage"},"image":{"@id":"https:\/\/ryfi.online\/es\/producto\/iphone-12-todos-los-modelos-carcasa-de-telefono-movil-con-adsorcion-magnetica-soporte-tarjeta-para-iphone-1212-pro12-pro-max12-mini\/#primaryimage"},"thumbnailUrl":"https:\/\/ryfi.online\/wp-content\/uploads\/2021\/03\/H9fbad9f47c5041c980a84525fb257ec9v-1.png","datePublished":"2022-11-30T18:58:05+00:00","dateModified":"2025-07-20T20:08:19+00:00","description":"Consigue las fundas de alta calidad para m\u00f3viles iPhone 12 y Iphone Xs con tarjetero. Entregamos el producto r\u00e1pidamente en su puerta. \u00a1\u00a1Visite nuestro sitio web!!","breadcrumb":{"@id":"https:\/\/ryfi.online\/es\/producto\/iphone-12-todos-los-modelos-carcasa-de-telefono-movil-con-adsorcion-magnetica-soporte-tarjeta-para-iphone-1212-pro12-pro-max12-mini\/#breadcrumb"},"inLanguage":"es","potentialAction":[{"@type":"ReadAction","target":["https:\/\/ryfi.online\/es\/producto\/iphone-12-todos-los-modelos-carcasa-de-telefono-movil-con-adsorcion-magnetica-soporte-tarjeta-para-iphone-1212-pro12-pro-max12-mini\/"]}]},{"@type":"ImageObject","inLanguage":"es","@id":"https:\/\/ryfi.online\/es\/producto\/iphone-12-todos-los-modelos-carcasa-de-telefono-movil-con-adsorcion-magnetica-soporte-tarjeta-para-iphone-1212-pro12-pro-max12-mini\/#primaryimage","url":"https:\/\/ryfi.online\/wp-content\/uploads\/2021\/03\/H9fbad9f47c5041c980a84525fb257ec9v-1.png","contentUrl":"https:\/\/ryfi.online\/wp-content\/uploads\/2021\/03\/H9fbad9f47c5041c980a84525fb257ec9v-1.png","width":1000,"height":1000},{"@type":"BreadcrumbList","@id":"https:\/\/ryfi.online\/es\/producto\/iphone-12-todos-los-modelos-carcasa-de-telefono-movil-con-adsorcion-magnetica-soporte-tarjeta-para-iphone-1212-pro12-pro-max12-mini\/#breadcrumb","itemListElement":[{"@type":"ListItem","position":1,"name":"Home","item":"https:\/\/ryfi.online\/es\/"},{"@type":"ListItem","position":2,"name":"Free and Fast Shipping whitin 1-3 Days!!!","item":"https:\/\/ryfi.online\/shop\/"},{"@type":"ListItem","position":3,"name":"Funda para iPhone 12 con tarjetero para iPhone 12,12 Pro,12 Pro Max,12 Mini"}]},{"@type":"WebSite","@id":"https:\/\/ryfi.online\/es\/#website","url":"https:\/\/ryfi.online\/es\/","name":"Ryfi Online Store","description":"Online Store","publisher":{"@id":"https:\/\/ryfi.online\/es\/#organization"},"potentialAction":[{"@type":"SearchAction","target":{"@type":"EntryPoint","urlTemplate":"https:\/\/ryfi.online\/es\/?s={search_term_string}"},"query-input":{"@type":"PropertyValueSpecification","valueRequired":true,"valueName":"search_term_string"}}],"inLanguage":"es"},{"@type":"Organization","@id":"https:\/\/ryfi.online\/es\/#organization","name":"Ryan Future Investments LLC","url":"https:\/\/ryfi.online\/es\/","logo":{"@type":"ImageObject","inLanguage":"es","@id":"https:\/\/ryfi.online\/es\/#\/schema\/logo\/image\/","url":"https:\/\/ryfi.online\/wp-content\/uploads\/2021\/03\/2-03.png","contentUrl":"https:\/\/ryfi.online\/wp-content\/uploads\/2021\/03\/2-03.png","width":1010,"height":310,"caption":"Ryan Future Investments LLC"},"image":{"@id":"https:\/\/ryfi.online\/es\/#\/schema\/logo\/image\/"},"sameAs":["https:\/\/www.facebook.com\/ryfi.online\/"]}]},"product_brand":"Funda de telefono","og_availability":"instock","product_availability":"instock","product_condition":"new"},"jetpack-related-posts":[{"id":12665,"url":"https:\/\/ryfi.online\/es\/producto\/funda-de-telefono-movil-para-el-iphone-11-con-soporte-de-tarjeta-magnetica-para-el-iphone-11\/","url_meta":{"origin":12852,"position":0},"title":"Funda para iPhone 11 con tarjetero para iPhone 11,11 Pro,11 Pro Max","date":"marzo 10, 2021","format":false,"excerpt":"Env\u00edo gratuito y r\u00e1pido en 1-3 d\u00edas. Compre 4 y obtenga 5 \u00a1Date prisa, ventas rapides!","rel":"","context":"Entrada similar","img":{"alt_text":"","src":"https:\/\/i0.wp.com\/ryfi.online\/wp-content\/uploads\/2021\/03\/HTB16OjSX7P2gK0jSZPx761cQpXaw.png?resize=350%2C200&ssl=1","width":350,"height":200},"classes":[]},{"id":12770,"url":"https:\/\/ryfi.online\/es\/producto\/carcasa-para-iphone-xs-max-con-soporte-de-tarjeta-magnetica-para-iphone-xs-max\/","url_meta":{"origin":12852,"position":1},"title":"Funda para iPhone Xs Max Tel\u00e9fono m\u00f3vil con tarjetero para iPhone Xs Max","date":"marzo 13, 2021","format":false,"excerpt":"Env\u00edo gratuito y r\u00e1pido en 1-3 d\u00edas. Compre 4 y obtenga 5 \u00a1Date prisa, ventas rapides!","rel":"","context":"Entrada similar","img":{"alt_text":"","src":"https:\/\/i0.wp.com\/ryfi.online\/wp-content\/uploads\/2021\/03\/HTB17H_UXYr1gK0jSZR0762P8XXaD-1.png?resize=350%2C200&ssl=1","width":350,"height":200},"classes":[]},{"id":12789,"url":"https:\/\/ryfi.online\/it\/prodotto\/iphone-12-tutti-i-modelli-case-mobile-case-con-adsorbimento-magnetico-card-holder-per-iphone-1212-pro12-pro-max12-mini\/","url_meta":{"origin":12852,"position":2},"title":"Custodia per iPhone 12 Telefono cellulare con portacarte per iPhone 12, 12 Pro, 12 Pro Max, 12 Mini","date":"marzo 15, 2021","format":false,"excerpt":"Spedizione gratuita e veloce entro 1-3 giorni. Compri 4 prendi 5 Affrettati, vendite calde!!!","rel":"","context":"Entrada similar","img":{"alt_text":"","src":"https:\/\/i0.wp.com\/ryfi.online\/wp-content\/uploads\/2021\/03\/H9fbad9f47c5041c980a84525fb257ec9v-1.png?resize=350%2C200&ssl=1","width":350,"height":200},"classes":[]},{"id":12733,"url":"https:\/\/ryfi.online\/fr\/produit\/iphone-12-tous-modeles-etui-mobile-etui-avec-adsorption-magnetique-pour-iphone-1212-pro12-pro-max12-mini\/","url_meta":{"origin":12852,"position":3},"title":"\u00c9tui pour iPhone 12 T\u00e9l\u00e9phone portable avec porte-cartes pour iPhone 12,12 Pro,12 Pro Max,12 Mini","date":"marzo 15, 2021","format":false,"excerpt":"Livraison gratuite et rapide sous 1 \u00e0 3 jours. Achetez 4 obtenez 5 D\u00e9p\u00eachez-vous, ventes chaudes !!!","rel":"","context":"Entrada similar","img":{"alt_text":"","src":"https:\/\/i0.wp.com\/ryfi.online\/wp-content\/uploads\/2021\/03\/H9fbad9f47c5041c980a84525fb257ec9v-1.png?resize=350%2C200&ssl=1","width":350,"height":200},"classes":[]},{"id":659,"url":"https:\/\/ryfi.online\/product\/iphone-12-all-models-case-mobile-phone-case-with-magnetic-adsorption-card-holder-for-iphone-1212-pro12-pro-max12-mini\/","url_meta":{"origin":12852,"position":4},"title":"iPhone 12 Case Mobile Phone with  Card Holder for iPhone 12,12 Pro,12 Pro Max,12 Mini","date":"marzo 15, 2021","format":false,"excerpt":"Free and fast shipping within 1-3 days. Buy 4\u00a0 get 5 Hurry up, hot sales!!!","rel":"","context":"Con 1 comentario","img":{"alt_text":"Phone Case Iphone Card","src":"https:\/\/i0.wp.com\/ryfi.online\/wp-content\/uploads\/2021\/03\/H9fbad9f47c5041c980a84525fb257ec9v-1.png?resize=350%2C200&ssl=1","width":350,"height":200},"classes":[]},{"id":12872,"url":"https:\/\/ryfi.online\/ro\/produs\/iphone-12-toate-modelurile-caz-mobile-telefon-caz-cu-magnetic-adsorbtie-adsorbtie-card-portar-pentru-iphone-1212-pro12-pro-max12-mini\/","url_meta":{"origin":12852,"position":5},"title":"iPhone 12 Cazul iPhone 12 Telefon mobil cu suport de card pentru iPhone 12, 12 Pro, 12 Pro Max, 12 Mini","date":"marzo 15, 2021","format":false,"excerpt":"Transport gratuit \u0219i rapid \u00een termen de 1-3 zile. Buy 4 get 5 Hurry up, hot sales!!!","rel":"","context":"Entrada similar","img":{"alt_text":"","src":"https:\/\/i0.wp.com\/ryfi.online\/wp-content\/uploads\/2021\/03\/H9fbad9f47c5041c980a84525fb257ec9v-1.png?resize=350%2C200&ssl=1","width":350,"height":200},"classes":[]}],"_links":{"self":[{"href":"https:\/\/ryfi.online\/es\/wp-json\/wp\/v2\/product\/12852","targetHints":{"allow":["GET"]}}],"collection":[{"href":"https:\/\/ryfi.online\/es\/wp-json\/wp\/v2\/product"}],"about":[{"href":"https:\/\/ryfi.online\/es\/wp-json\/wp\/v2\/types\/product"}],"replies":[{"embeddable":true,"href":"https:\/\/ryfi.online\/es\/wp-json\/wp\/v2\/comments?post=12852"}],"wp:featuredmedia":[{"embeddable":true,"href":"https:\/\/ryfi.online\/es\/wp-json\/wp\/v2\/media\/1857"}],"wp:attachment":[{"href":"https:\/\/ryfi.online\/es\/wp-json\/wp\/v2\/media?parent=12852"}],"wp:term":[{"taxonomy":"product_brand","embeddable":true,"href":"https:\/\/ryfi.online\/es\/wp-json\/wp\/v2\/product_brand?post=12852"},{"taxonomy":"product_cat","embeddable":true,"href":"https:\/\/ryfi.online\/es\/wp-json\/wp\/v2\/product_cat?post=12852"},{"taxonomy":"product_tag","embeddable":true,"href":"https:\/\/ryfi.online\/es\/wp-json\/wp\/v2\/product_tag?post=12852"}],"curies":[{"name":"wp","href":"https:\/\/api.w.org\/{rel}","templated":true}]}}