{"id":12657,"date":"2021-06-09T15:24:30","date_gmt":"2022-11-30T18:50:28","guid":{"rendered":"https:\/\/ryfi.online\/product\/gorra-de-beisbol-disney-minnie-para-ninas\/"},"modified":"2022-11-30T18:50:28","modified_gmt":"2022-11-30T18:50:28","slug":"disney-minnie-diseno-gorra-de-beisbol-para-chicas","status":"publish","type":"product","link":"https:\/\/ryfi.online\/es\/producto\/disney-minnie-diseno-gorra-de-beisbol-para-chicas\/","title":{"rendered":"Gorra de b\u00e9isbol Disney Minnie para ni\u00f1as"},"content":{"rendered":"<p>Como regalo de cumplea\u00f1os, de vacaciones o en Pascua o as\u00ed. Con la preciosa gorra de Minnie de Disney, \u00a1no puedes equivocarte! 100% algod\u00f3n y 100% poli\u00e9ster. Hay un cierre en la parte trasera para un ajuste perfecto con las cabecitas para una m\u00e1xima comodidad. La mano de obra es excelente y los colores muy fuertes. La gorra de pico es ideal para un paseo al sol, un d\u00eda de piscina o para las vacaciones. As\u00ed, las cabezas de los peque\u00f1os est\u00e1n bien protegidas del sol abrasador. El gorro es lavable a m\u00e1quina a 30 \u00b0 C, para una larga vida, pero se recomienda el lavado a mano. Con esta gorra, \u00a1los ojos de las chicas empiezan a brillar!<\/p>\n<p><span class=\"a-list-item\">\u2705 Gorra de b\u00e9isbol de Disney Minnie Girls con la parte posterior ajustable<\/span><\/p>\n<p><span class=\"a-list-item\">\u2705 Rosa con dibujos animados de Minnie  <\/span><\/p>\n<p><span class=\"a-list-item\">\u2705 80% algod\u00f3n, 20% poli\u00e9ster<\/span><\/p>\n<p id=\"title\" class=\"a-size-large a-spacing-none\"><span id=\"productTitle\" class=\"a-size-large product-title-word-break\">\u2705 <span class=\"a-list-item\">Ajustable de 3 a 8 a\u00f1os<\/span> <\/span><\/p>\n<p><span id=\"productTitle\" class=\"a-size-large product-title-word-break\">\u2705 52-54 cm  <\/span><\/p>\n","protected":false},"excerpt":{"rendered":"<p>Como regalo de cumplea\u00f1os, de vacaciones o en Pascua o as\u00ed. Con la preciosa gorra de Minnie de Disney, \u00a1no puedes equivocarte! 100% algod\u00f3n y 100% poli\u00e9ster. Hay un cierre en la parte trasera para un ajuste perfecto con las cabecitas para una m\u00e1xima comodidad. La mano de obra es excelente y los colores muy [&hellip;]<\/p>\n","protected":false},"featured_media":1331,"comment_status":"open","ping_status":"closed","template":"","meta":[],"product_brand":[],"product_cat":[48,41],"product_tag":[],"class_list":{"0":"post-12657","1":"product","2":"type-product","3":"status-publish","4":"has-post-thumbnail","6":"product_cat-gorras-ninas","7":"product_cat-gorras-ninos-con-licencia-originales","9":"first","10":"instock","11":"featured","12":"taxable","13":"shipping-taxable","14":"purchasable","15":"product-type-simple"},"yoast_head":"<!-- This site is optimized with the Yoast SEO Premium plugin v17.1.2 (Yoast SEO v27.4) - https:\/\/yoast.com\/product\/yoast-seo-premium-wordpress\/ -->\n<title>Gorra de b\u00e9isbol Disney Minnie para ni\u00f1as - Ryfi Online Store<\/title>\n<meta name=\"robots\" content=\"index, follow, max-snippet:-1, max-image-preview:large, max-video-preview:-1\" \/>\n<link rel=\"canonical\" href=\"https:\/\/ryfi.online\/es\/producto\/disney-minnie-diseno-gorra-de-beisbol-para-chicas\/\" \/>\n<meta property=\"og:locale\" content=\"es_ES\" \/>\n<meta property=\"og:type\" content=\"article\" \/>\n<meta property=\"og:title\" content=\"Gorra de b\u00e9isbol Disney Minnie para ni\u00f1as\" \/>\n<meta property=\"og:description\" content=\"Como regalo de cumplea\u00f1os, de vacaciones o en Pascua o as\u00ed. Con la preciosa gorra de Minnie de Disney, \u00a1no puedes equivocarte! 100% algod\u00f3n y 100% poli\u00e9ster. Hay un cierre en la parte trasera para un ajuste perfecto con las cabecitas para una m\u00e1xima comodidad. La mano de obra es excelente y los colores muy [&hellip;]\" \/>\n<meta property=\"og:url\" content=\"https:\/\/ryfi.online\/es\/producto\/disney-minnie-diseno-gorra-de-beisbol-para-chicas\/\" \/>\n<meta property=\"og:site_name\" content=\"Ryfi Online Store\" \/>\n<meta property=\"article:publisher\" content=\"https:\/\/www.facebook.com\/ryfi.online\/\" \/>\n<meta property=\"og:image\" content=\"https:\/\/ryfi.online\/wp-content\/uploads\/2021\/03\/H89f48063f95940e583df854ff6ec5f689-Copy-Copy.jpg\" \/>\n\t<meta property=\"og:image:width\" content=\"500\" \/>\n\t<meta property=\"og:image:height\" content=\"500\" \/>\n\t<meta property=\"og:image:type\" content=\"image\/jpeg\" \/>\n<meta name=\"twitter:card\" content=\"summary_large_image\" \/>\n<meta name=\"twitter:label1\" content=\"Precio\" \/>\n\t<meta name=\"twitter:data1\" content=\"&#036;17.97\" \/>\n\t<meta name=\"twitter:label2\" content=\"Availability\" \/>\n\t<meta name=\"twitter:data2\" content=\"In stock\" \/>\n<meta property=\"product:brand\" content=\"Gorras ni\u00f1as\" \/>\n<meta property=\"product:price:amount\" content=\"17.97\" \/>\n<meta property=\"product:price:currency\" content=\"USD\" \/>\n<meta property=\"og:availability\" content=\"instock\" \/>\n<meta property=\"product:availability\" content=\"instock\" \/>\n<meta property=\"product:condition\" content=\"new\" \/>\n<!-- \/ Yoast SEO Premium plugin. -->","yoast_head_json":{"title":"Gorra de b\u00e9isbol Disney Minnie para ni\u00f1as - Ryfi Online Store","robots":{"index":"index","follow":"follow","max-snippet":"max-snippet:-1","max-image-preview":"max-image-preview:large","max-video-preview":"max-video-preview:-1"},"canonical":"https:\/\/ryfi.online\/es\/producto\/disney-minnie-diseno-gorra-de-beisbol-para-chicas\/","og_locale":"es_ES","og_type":"article","og_title":"Gorra de b\u00e9isbol Disney Minnie para ni\u00f1as","og_description":"Como regalo de cumplea\u00f1os, de vacaciones o en Pascua o as\u00ed. Con la preciosa gorra de Minnie de Disney, \u00a1no puedes equivocarte! 100% algod\u00f3n y 100% poli\u00e9ster. Hay un cierre en la parte trasera para un ajuste perfecto con las cabecitas para una m\u00e1xima comodidad. La mano de obra es excelente y los colores muy [&hellip;]","og_url":"https:\/\/ryfi.online\/es\/producto\/disney-minnie-diseno-gorra-de-beisbol-para-chicas\/","og_site_name":"Ryfi Online Store","article_publisher":"https:\/\/www.facebook.com\/ryfi.online\/","og_image":[{"width":500,"height":500,"url":"https:\/\/ryfi.online\/wp-content\/uploads\/2021\/03\/H89f48063f95940e583df854ff6ec5f689-Copy-Copy.jpg","type":"image\/jpeg"}],"twitter_card":"summary_large_image","twitter_misc":{"Precio":"&#36;17.97","Availability":"In stock"},"schema":{"@context":"https:\/\/schema.org","@graph":[{"@type":"WebPage","@id":"https:\/\/ryfi.online\/es\/producto\/disney-minnie-diseno-gorra-de-beisbol-para-chicas\/","url":"https:\/\/ryfi.online\/es\/producto\/disney-minnie-diseno-gorra-de-beisbol-para-chicas\/","name":"Gorra de b\u00e9isbol Disney Minnie para ni\u00f1as - Ryfi Online Store","isPartOf":{"@id":"https:\/\/ryfi.online\/es\/#website"},"primaryImageOfPage":{"@id":"https:\/\/ryfi.online\/es\/producto\/disney-minnie-diseno-gorra-de-beisbol-para-chicas\/#primaryimage"},"image":{"@id":"https:\/\/ryfi.online\/es\/producto\/disney-minnie-diseno-gorra-de-beisbol-para-chicas\/#primaryimage"},"thumbnailUrl":"https:\/\/ryfi.online\/wp-content\/uploads\/2021\/06\/et4050_pi.jpg","datePublished":"2022-11-30T18:50:28+00:00","breadcrumb":{"@id":"https:\/\/ryfi.online\/es\/producto\/disney-minnie-diseno-gorra-de-beisbol-para-chicas\/#breadcrumb"},"inLanguage":"es","potentialAction":[{"@type":"ReadAction","target":["https:\/\/ryfi.online\/es\/producto\/disney-minnie-diseno-gorra-de-beisbol-para-chicas\/"]}]},{"@type":"ImageObject","inLanguage":"es","@id":"https:\/\/ryfi.online\/es\/producto\/disney-minnie-diseno-gorra-de-beisbol-para-chicas\/#primaryimage","url":"https:\/\/ryfi.online\/wp-content\/uploads\/2021\/06\/et4050_pi.jpg","contentUrl":"https:\/\/ryfi.online\/wp-content\/uploads\/2021\/06\/et4050_pi.jpg","width":800,"height":1200,"caption":"Gorra Minnie Disney"},{"@type":"BreadcrumbList","@id":"https:\/\/ryfi.online\/es\/producto\/disney-minnie-diseno-gorra-de-beisbol-para-chicas\/#breadcrumb","itemListElement":[{"@type":"ListItem","position":1,"name":"Home","item":"https:\/\/ryfi.online\/es\/"},{"@type":"ListItem","position":2,"name":"Free and Fast Shipping whitin 1-3 Days!!!","item":"https:\/\/ryfi.online\/shop\/"},{"@type":"ListItem","position":3,"name":"Gorra de b\u00e9isbol Disney Minnie para ni\u00f1as"}]},{"@type":"WebSite","@id":"https:\/\/ryfi.online\/es\/#website","url":"https:\/\/ryfi.online\/es\/","name":"Ryfi Online Store","description":"Online Store","publisher":{"@id":"https:\/\/ryfi.online\/es\/#organization"},"potentialAction":[{"@type":"SearchAction","target":{"@type":"EntryPoint","urlTemplate":"https:\/\/ryfi.online\/es\/?s={search_term_string}"},"query-input":{"@type":"PropertyValueSpecification","valueRequired":true,"valueName":"search_term_string"}}],"inLanguage":"es"},{"@type":"Organization","@id":"https:\/\/ryfi.online\/es\/#organization","name":"Ryan Future Investments LLC","url":"https:\/\/ryfi.online\/es\/","logo":{"@type":"ImageObject","inLanguage":"es","@id":"https:\/\/ryfi.online\/es\/#\/schema\/logo\/image\/","url":"https:\/\/ryfi.online\/wp-content\/uploads\/2021\/03\/2-03.png","contentUrl":"https:\/\/ryfi.online\/wp-content\/uploads\/2021\/03\/2-03.png","width":1010,"height":310,"caption":"Ryan Future Investments LLC"},"image":{"@id":"https:\/\/ryfi.online\/es\/#\/schema\/logo\/image\/"},"sameAs":["https:\/\/www.facebook.com\/ryfi.online\/"]}]},"product_brand":"Gorras ni\u00f1as","product_price_amount":"17.97","product_price_currency":"USD","og_availability":"instock","product_availability":"instock","product_condition":"new"},"jetpack-related-posts":[{"id":9791,"url":"https:\/\/ryfi.online\/de\/produkt\/gorra-de-beisbol-con-diseno-de-princesas-de-disney-para-ninas\/","url_meta":{"origin":12657,"position":0},"title":"Gorra de b\u00e9isbol con dise\u00f1o de Princesas de Disney para ni\u00f1as ET4145","date":"junio 9, 2021","format":false,"excerpt":"Kostenloser Versand 1-3 Werktage Kostenlose R\u00fccksendung","rel":"","context":"Entrada similar","img":{"alt_text":"Gorra Princesas Disney","src":"https:\/\/i0.wp.com\/ryfi.online\/wp-content\/uploads\/2021\/06\/et4145_wh.jpg?resize=350%2C200&ssl=1","width":350,"height":200},"classes":[]},{"id":12659,"url":"https:\/\/ryfi.online\/de\/produkt\/disney-minnie-design-baseballmutze-fur-madchen\/","url_meta":{"origin":12657,"position":1},"title":"M\u00e4dchen Disney Minnie Baseballcap","date":"junio 9, 2021","format":false,"excerpt":"Als Geburtstagsgeschenk, Feiertage oder zu Ostern oder einfach so. Mit der sch\u00f6nen Disney Minnie Cap kannst du nichts falsch machen! 100 % Baumwolle und 100 % Polyester. Auf der R\u00fcckseite befindet sich ein Verschluss f\u00fcr eine perfekte Passform mit den kleinen K\u00f6pfen f\u00fcr maximalen Komfort. Die Verarbeitung ist hervorragend und\u2026","rel":"","context":"Entrada similar","img":{"alt_text":"Disney Minnie M\u00fctze","src":"https:\/\/i0.wp.com\/ryfi.online\/wp-content\/uploads\/2021\/06\/et4050_pi.jpg?resize=350%2C200&ssl=1","width":350,"height":200},"classes":[]},{"id":5202,"url":"https:\/\/ryfi.online\/de\/produkt\/3-disney-minnie-girls-100-cotton-slips-2-3-jahre\/","url_meta":{"origin":12657,"position":2},"title":"Set 3 Disney Minnie M\u00e4dchen Slips aus 100 % Baumwolle 2\u20133 Jahre UE3000","date":"julio 5, 2021","format":false,"excerpt":"Kostenloser Versand 1-3 Tage Kostenlose R\u00fcckgabe","rel":"","context":"Entrada similar","img":{"alt_text":"Stellen Sie 3 Calzoncillos Minnie -1 ein","src":"https:\/\/i0.wp.com\/ryfi.online\/wp-content\/uploads\/2021\/07\/ue3000.23y.e00-scaled.jpg?resize=350%2C200&ssl=1","width":350,"height":200},"classes":[]},{"id":5666,"url":"https:\/\/ryfi.online\/de\/produkt\/baseball-cap-mit-disney-minnie-design-fur-madchen\/","url_meta":{"origin":12657,"position":3},"title":"M\u00e4dchen Disney Minnie Mouse Baseball Cap ET4050","date":"junio 9, 2021","format":false,"excerpt":"Kostenloser Versand in 1-3 Werktagen","rel":"","context":"Entrada similar","img":{"alt_text":"Disney Minnie M\u00fctze","src":"https:\/\/i0.wp.com\/ryfi.online\/wp-content\/uploads\/2021\/06\/et4050_pi.jpg?resize=350%2C200&ssl=1","width":350,"height":200},"classes":[]},{"id":6117,"url":"https:\/\/ryfi.online\/de\/produkt\/t-shirt-mit-disney-minnie-design-fur-madchen\/","url_meta":{"origin":12657,"position":4},"title":"M\u00e4dchen Disney Minnie Mouse T-Shirt ET1119","date":"junio 9, 2021","format":false,"excerpt":"Kostenloser Versand 1-3 Werktage Kostenlose R\u00fccksendung","rel":"","context":"Entrada similar","img":{"alt_text":"Minnie Maus-T-Shirt","src":"https:\/\/i0.wp.com\/ryfi.online\/wp-content\/uploads\/2021\/06\/ET1119_REF1.jpg?resize=350%2C200&ssl=1","width":350,"height":200},"classes":[]},{"id":12878,"url":"https:\/\/ryfi.online\/de\/produkt\/disney-1-pack-minnie-maus-bowtique-16oz-pull-top-squirt-wasser-flaschen-lila-rosa-bpa-frei\/","url_meta":{"origin":12657,"position":5},"title":"Disney 1-Pack Minnie Mouse Bowtique 16oz Pull-Top Squirt Wasserflaschen, lila\/rosa, BPA-frei","date":"abril 4, 2021","format":false,"excerpt":"Kostenloser und schneller Versand innerhalb von 1-3 Tagen. Kaufe 4, erhalte 5 Beeilen Sie sich, hei\u00dfe Verk\u00e4ufe!!!","rel":"","context":"Entrada similar","img":{"alt_text":"","src":"https:\/\/i0.wp.com\/ryfi.online\/wp-content\/uploads\/2021\/04\/51TjhBshTML._AC_SL1000_.jpg?resize=350%2C200&ssl=1","width":350,"height":200},"classes":[]}],"_links":{"self":[{"href":"https:\/\/ryfi.online\/es\/wp-json\/wp\/v2\/product\/12657","targetHints":{"allow":["GET"]}}],"collection":[{"href":"https:\/\/ryfi.online\/es\/wp-json\/wp\/v2\/product"}],"about":[{"href":"https:\/\/ryfi.online\/es\/wp-json\/wp\/v2\/types\/product"}],"replies":[{"embeddable":true,"href":"https:\/\/ryfi.online\/es\/wp-json\/wp\/v2\/comments?post=12657"}],"wp:featuredmedia":[{"embeddable":true,"href":"https:\/\/ryfi.online\/es\/wp-json\/wp\/v2\/media\/1331"}],"wp:attachment":[{"href":"https:\/\/ryfi.online\/es\/wp-json\/wp\/v2\/media?parent=12657"}],"wp:term":[{"taxonomy":"product_brand","embeddable":true,"href":"https:\/\/ryfi.online\/es\/wp-json\/wp\/v2\/product_brand?post=12657"},{"taxonomy":"product_cat","embeddable":true,"href":"https:\/\/ryfi.online\/es\/wp-json\/wp\/v2\/product_cat?post=12657"},{"taxonomy":"product_tag","embeddable":true,"href":"https:\/\/ryfi.online\/es\/wp-json\/wp\/v2\/product_tag?post=12657"}],"curies":[{"name":"wp","href":"https:\/\/api.w.org\/{rel}","templated":true}]}}