{"id":1568,"date":"2021-06-12T17:16:44","date_gmt":"2021-06-12T17:16:44","guid":{"rendered":"https:\/\/ryfi.online\/envio-gratis-y-rapido-en-1-3-dias\/"},"modified":"2022-04-26T19:49:18","modified_gmt":"2022-04-26T19:49:18","slug":"tienda-online","status":"publish","type":"page","link":"https:\/\/ryfi.online\/es\/tienda-online\/","title":{"rendered":"Envio rapido y seguro en 1-3 dias!!!"},"content":{"rendered":"","protected":false},"excerpt":{"rendered":"","protected":false},"author":1,"featured_media":0,"parent":0,"menu_order":0,"comment_status":"closed","ping_status":"closed","template":"","meta":{"footnotes":""},"class_list":["post-1568","page","type-page","status-publish","hentry"],"blocksy_meta":{"page_title_panel":"","has_hero_section":"default","97143a3fc202f38c42fd7d18d0467eb1":"","hero_section":"type-2","hero_alignment1":"left","hero_alignment2":"center","hero_height":{"0":"500px","1":"500px","2":"500px","3":"500px","4":"500px","desktop":"600px","tablet":"500px","mobile":"400px","__changed":["tablet","tablet","mobile","mobile"]},"page_title_bg_type":"featured_image","custom_hero_background":{"attachment_id":121,"url":"https:\/\/demo.creativethemes.com\/blocksy\/modern-shop\/wp-content\/uploads\/2020\/03\/balazs-busznyak-3mtcyvbAqzM-unsplash-1024x422.jpg"},"parallax":{"desktop":true,"tablet":false,"mobile":false},"c49a36677592fa12b9cd22137642c83a":"","single_meta_elements":{"author":false,"date":false,"categories":false,"comments":false,"updated":false,"tags":false},"has_meta_label":"yes","has_meta_avatar":"yes","date_format_source":"custom","single_meta_date_format":"M j, Y","87e5a2eadf1ff6d7cfad47197a9e6b45":"","page_excerpt_visibility":{"desktop":true,"tablet":true,"mobile":true},"pageTitleFont":{"family":"Default","variation":"n9","size":{"desktop":"55px","tablet":"40px","mobile":"30px","__changed":["tablet","tablet","mobile","mobile","mobile"]},"line-height":"1.3","letter-spacing":"CT_CSS_SKIP_RULE","text-transform":"CT_CSS_SKIP_RULE","text-decoration":"CT_CSS_SKIP_RULE"},"pageTitleFontColor":{"default":{"color":"CT_CSS_SKIP_RULEDEFAULT"}},"pageMetaFont":{"family":"Default","variation":"n6","size":{"desktop":"12px","tablet":"12px","mobile":"12px"},"line-height":"1.3","letter-spacing":"CT_CSS_SKIP_RULE","text-transform":"uppercase","text-decoration":"CT_CSS_SKIP_RULE"},"pageMetaFontColor":{"default":{"color":"CT_CSS_SKIP_RULEDEFAULT"},"hover":{"color":"CT_CSS_SKIP_RULEDEFAULT"}},"pageExcerptFont":{"family":"Default","variation":"n5","size":"CT_CSS_SKIP_RULE","line-height":"CT_CSS_SKIP_RULE","letter-spacing":"CT_CSS_SKIP_RULE","text-transform":"CT_CSS_SKIP_RULE","text-decoration":"CT_CSS_SKIP_RULE"},"pageExcerptColor":{"default":{"color":"CT_CSS_SKIP_RULEDEFAULT"}},"pageTitleOverlay":{"default":{"color":"CT_CSS_SKIP_RULE"}},"pageTitleBackground":{"background_type":"color","background_pattern":"type-1","background_image":{"attachment_id":null,"x":0,"y":0},"background_repeat":"no-repeat","background_size":"auto","background_attachment":"scroll","patternColor":{"default":{"color":"#e5e7ea"}},"backgroundColor":{"default":{"color":"#edeff2"}},"default":{"color":"#EDEFF2"}},"5a2e4116f5bff48877afb166ed6ed617":"","page_structure_type":"default","page_enable_vertical_spacing":"yes","366a5846d7f5cecdd0e17e28e0c292d5":"","disable_featured_image":"no","c926cac1800c30e20a37d6ed952d3594":"","83d1a829a263fae4a7b2de9b006f6a26":"","e5302dfb3916b134e11472deaf680dfc":"","65c63cd66ab0a2d76303dd7483d2271e":"","66bd62df883b2314b143ec51ac2a8d7d":"","3822049ae1329c464a039c3d276c0701":"","25745abedab0ffbaaef1fb1c765fc682":"","d33090ea1a342f8154236b1c88772caf":"","a00e2072a73b9c21f1aba66ee866af86":"","2fe6bd0985332283b86401dee8b42d81":"","671327f0d2c1781e4e6b60e506f4fa35":"","14218d43c250349c1f3bd573829c276d":"","2b259e3b6b3c9b389f291f8fc23eee3d":"","22b69caf5c1371230d915de17fede4d3":"","b5010fece3cb6945a073a6a30a7b3ebd":"","a25ecadcd4f475e9d00c26d48c80272a":"","hero_elements":[{"id":"custom_title","enabled":true,"heading_tag":"h1","title":"Home"},{"id":"custom_description","enabled":true,"description_visibility":{"desktop":true,"tablet":true,"mobile":false}},{"id":"custom_meta","enabled":false,"meta_elements":[{"id":"author","enabled":true,"label":"By","has_author_avatar":"yes","avatar_size":25},{"id":"post_date","enabled":true,"label":"On","date_format_source":"default","date_format":"M j, Y"},{"id":"comments","enabled":true}],"page_meta_elements":{"joined":true,"articles_count":true,"comments":true}},{"id":"breadcrumbs","enabled":false}],"01a2712cb54515d9204658b5c98c9ce4":"","hero_vertical_alignment":"center","hero_structure":"narrow","breadcrumbsFont":{"family":"Default","variation":"n6","size":"12px","line-height":"CT_CSS_SKIP_RULE","letter-spacing":"CT_CSS_SKIP_RULE","text-transform":"uppercase","text-decoration":"CT_CSS_SKIP_RULE"},"breadcrumbsFontColor":{"default":{"color":"CT_CSS_SKIP_RULEDEFAULT"},"initial":{"color":"CT_CSS_SKIP_RULEDEFAULT"},"hover":{"color":"CT_CSS_SKIP_RULEDEFAULT"}},"3a0314e26892cf250630f7ca0ec17dfc":"","content_style":"inherit","vertical_spacing_source":"inherit","content_area_spacing":"both","background":{"background_type":"color","background_pattern":"type-1","background_image":{"attachment_id":null,"x":0,"y":0},"background_repeat":"no-repeat","background_size":"auto","background_attachment":"scroll","patternColor":{"default":{"color":"#e5e7ea"}},"backgroundColor":{"default":{"color":"CT_CSS_SKIP_RULE"}}},"content_background":{"background_type":"color","background_pattern":"type-1","background_image":{"attachment_id":null,"x":0,"y":0},"background_repeat":"no-repeat","background_size":"auto","background_attachment":"scroll","patternColor":{"default":{"color":"#e5e7ea"}},"backgroundColor":{"default":{"color":"#ffffff"}}},"content_boxed_spacing":{"desktop":"40px","tablet":"35px","mobile":"20px"},"content_boxed_radius":{"top":"3px","bottom":"3px","left":"3px","right":"3px","linked":true},"content_boxed_shadow":{"blur":18,"spread":-6,"v_offset":12,"h_offset":0,"inset":false,"enable":true,"color":{"color":"rgba(34, 56, 101, 0.04)"}},"0dd8c81e4ea79dd7321af7ec73da3c20":"","9a6d0d3c0ba77bb03b9f69c8fe6cc917":"","87ef3e89c42494cd60d670e2a9ae4dbb":"","6af2d0a1d58498f9018a8cdfd01902a6":"","a03da30317cf0c5c7f4b8be36b2a09e8":"","styles_descriptor":{"styles":{"desktop":"","tablet":"","mobile":""},"google_fonts":[],"version":6}},"yoast_head":"<!-- This site is optimized with the Yoast SEO Premium plugin v17.1.2 (Yoast SEO v27.4) - https:\/\/yoast.com\/product\/yoast-seo-premium-wordpress\/ -->\n<title>Envio rapido y seguro en 1-3 dias!!! - Ryfi Online Store<\/title>\n<meta name=\"description\" content=\"Ryfi.online es una de las mejores tiendas en l\u00ednea para comprar ropa y accesorios para ni\u00f1os, ni\u00f1as y ni\u00f1os, \u00a1compre ahora!\" \/>\n<meta name=\"robots\" content=\"index, follow, max-snippet:-1, max-image-preview:large, max-video-preview:-1\" \/>\n<link rel=\"canonical\" href=\"https:\/\/ryfi.online\/es\/tienda-online\/\" \/>\n<meta property=\"og:locale\" content=\"es_ES\" \/>\n<meta property=\"og:type\" content=\"article\" \/>\n<meta property=\"og:title\" content=\"Envio rapido y seguro en 1-3 dias!!!\" \/>\n<meta property=\"og:description\" content=\"Ryfi.online es una de las mejores tiendas en l\u00ednea para comprar ropa y accesorios para ni\u00f1os, ni\u00f1as y ni\u00f1os, \u00a1compre ahora!\" \/>\n<meta property=\"og:url\" content=\"https:\/\/ryfi.online\/es\/tienda-online\/\" \/>\n<meta property=\"og:site_name\" content=\"Ryfi Online Store\" \/>\n<meta property=\"article:publisher\" content=\"https:\/\/www.facebook.com\/ryfi.online\/\" \/>\n<meta property=\"article:modified_time\" content=\"2022-04-26T19:49:18+00:00\" \/>\n<meta property=\"og:image\" content=\"https:\/\/ryfi.online\/wp-content\/uploads\/2021\/03\/H89f48063f95940e583df854ff6ec5f689-Copy-Copy.jpg\" \/>\n\t<meta property=\"og:image:width\" content=\"500\" \/>\n\t<meta property=\"og:image:height\" content=\"500\" \/>\n\t<meta property=\"og:image:type\" content=\"image\/jpeg\" \/>\n<meta name=\"twitter:card\" content=\"summary_large_image\" \/>\n<!-- \/ Yoast SEO Premium plugin. -->","yoast_head_json":{"title":"Envio rapido y seguro en 1-3 dias!!! - Ryfi Online Store","description":"Ryfi.online es una de las mejores tiendas en l\u00ednea para comprar ropa y accesorios para ni\u00f1os, ni\u00f1as y ni\u00f1os, \u00a1compre ahora!","robots":{"index":"index","follow":"follow","max-snippet":"max-snippet:-1","max-image-preview":"max-image-preview:large","max-video-preview":"max-video-preview:-1"},"canonical":"https:\/\/ryfi.online\/es\/tienda-online\/","og_locale":"es_ES","og_type":"article","og_title":"Envio rapido y seguro en 1-3 dias!!!","og_description":"Ryfi.online es una de las mejores tiendas en l\u00ednea para comprar ropa y accesorios para ni\u00f1os, ni\u00f1as y ni\u00f1os, \u00a1compre ahora!","og_url":"https:\/\/ryfi.online\/es\/tienda-online\/","og_site_name":"Ryfi Online Store","article_publisher":"https:\/\/www.facebook.com\/ryfi.online\/","article_modified_time":"2022-04-26T19:49:18+00:00","og_image":[{"width":500,"height":500,"url":"https:\/\/ryfi.online\/wp-content\/uploads\/2021\/03\/H89f48063f95940e583df854ff6ec5f689-Copy-Copy.jpg","type":"image\/jpeg"}],"twitter_card":"summary_large_image","schema":{"@context":"https:\/\/schema.org","@graph":[{"@type":"WebPage","@id":"https:\/\/ryfi.online\/es\/tienda-online\/","url":"https:\/\/ryfi.online\/es\/tienda-online\/","name":"Envio rapido y seguro en 1-3 dias!!! - Ryfi Online Store","isPartOf":{"@id":"https:\/\/ryfi.online\/es\/#website"},"datePublished":"2021-06-12T17:16:44+00:00","dateModified":"2022-04-26T19:49:18+00:00","description":"Ryfi.online es una de las mejores tiendas en l\u00ednea para comprar ropa y accesorios para ni\u00f1os, ni\u00f1as y ni\u00f1os, \u00a1compre ahora!","breadcrumb":{"@id":"https:\/\/ryfi.online\/es\/tienda-online\/#breadcrumb"},"inLanguage":"es","potentialAction":[{"@type":"ReadAction","target":["https:\/\/ryfi.online\/es\/tienda-online\/"]}]},{"@type":"BreadcrumbList","@id":"https:\/\/ryfi.online\/es\/tienda-online\/#breadcrumb","itemListElement":[{"@type":"ListItem","position":1,"name":"Home","item":"https:\/\/ryfi.online\/es\/"},{"@type":"ListItem","position":2,"name":"Envio rapido y seguro en 1-3 dias!!!"}]},{"@type":"WebSite","@id":"https:\/\/ryfi.online\/es\/#website","url":"https:\/\/ryfi.online\/es\/","name":"Ryfi Online Store","description":"Online Store","publisher":{"@id":"https:\/\/ryfi.online\/es\/#organization"},"potentialAction":[{"@type":"SearchAction","target":{"@type":"EntryPoint","urlTemplate":"https:\/\/ryfi.online\/es\/?s={search_term_string}"},"query-input":{"@type":"PropertyValueSpecification","valueRequired":true,"valueName":"search_term_string"}}],"inLanguage":"es"},{"@type":"Organization","@id":"https:\/\/ryfi.online\/es\/#organization","name":"Ryan Future Investments LLC","url":"https:\/\/ryfi.online\/es\/","logo":{"@type":"ImageObject","inLanguage":"es","@id":"https:\/\/ryfi.online\/es\/#\/schema\/logo\/image\/","url":"https:\/\/ryfi.online\/wp-content\/uploads\/2021\/03\/2-03.png","contentUrl":"https:\/\/ryfi.online\/wp-content\/uploads\/2021\/03\/2-03.png","width":1010,"height":310,"caption":"Ryan Future Investments LLC"},"image":{"@id":"https:\/\/ryfi.online\/es\/#\/schema\/logo\/image\/"},"sameAs":["https:\/\/www.facebook.com\/ryfi.online\/"]}]}},"jetpack-related-posts":[{"id":1521,"url":"https:\/\/ryfi.online\/es\/politica-de-envios\/","url_meta":{"origin":1568,"position":0},"title":"Politica de envios","date":"junio 12, 2021","format":false,"excerpt":"\u00bfD\u00d3NDE ENTREGAMOS? Ofrecemos ENV\u00cdO GRATIS y R\u00e1pido en toda\u00a0 Europa. \u00bfCU\u00c1NTO CUESTA EL ENV\u00cdO? Los costos de env\u00edo var\u00edan seg\u00fan el destino de env\u00edo y la cantidad de art\u00edculos que compre. Puede obtener un c\u00e1lculo de sus gastos de env\u00edo exactos agregando art\u00edculos a su carrito, pasando por el pago\u2026","rel":"","context":"Entrada similar","img":{"alt_text":"","src":"","width":0,"height":0},"classes":[]},{"id":1517,"url":"https:\/\/ryfi.online\/es\/reembolso-y-devolucion\/","url_meta":{"origin":1568,"position":1},"title":"Reembolso y devoluci\u00f3n","date":"junio 12, 2021","format":false,"excerpt":"Los clientes pueden solicitar un reembolso o devoluci\u00f3n dentro de los 30 d\u00edas posteriores a la recepci\u00f3n de los productos. Los reembolsos se realizar\u00e1n mediante el mismo m\u00e9todo que utiliz\u00f3 para pagar. Los art\u00edculos en oferta y promocionales est\u00e1n excluidos y siguen sujetos a nuestra pol\u00edtica regular de reembolso \/\u2026","rel":"","context":"Entrada similar","img":{"alt_text":"","src":"","width":0,"height":0},"classes":[]},{"id":3360,"url":"https:\/\/ryfi.online\/fr\/accueil\/","url_meta":{"origin":1568,"position":2},"title":"Accueil","date":"octubre 11, 2021","format":false,"excerpt":"Offre de la semaine ! ACHETER 4 OBTENIR 5 Saisissez l'offre maintenant 25 % D\u00e9p\u00eachez-vous, ventes chaudes !! Bienvenue dans la boutique en ligne Ryfi Previous Next Achetez 4 Obtenez 5 Nos clients heureux ! Que disent les clients de nos produits. J'adore !!! Mon fils est tr\u00e8s heureux\u2026 j'ach\u00e8terai\u2026","rel":"","context":"Entrada similar","img":{"alt_text":"","src":"https:\/\/i0.wp.com\/ryfi.online\/wp-content\/uploads\/2020\/03\/stefan-stefancik-QXevDflbl8A-unsplash.jpg?resize=350%2C200&ssl=1","width":350,"height":200},"classes":[]},{"id":3647,"url":"https:\/\/ryfi.online\/fr\/politique-dexpedition\/","url_meta":{"origin":1568,"position":3},"title":"Politique d&#8217;exp\u00e9dition","date":"octubre 11, 2021","format":false,"excerpt":"O LIVRONS-NOUS ? Nous fournissons la LIVRAISON GRATUITE aux \u00c9tats-Unis et en Europe. QUEL EST LE MONTANT DES FRAIS D'EXP\u00c9DITION? Les frais d'exp\u00e9dition varient en fonction de la destination d'exp\u00e9dition et du nombre d'articles que vous achetez. Vous pouvez obtenir un calcul de vos frais d'exp\u00e9dition exacts en ajoutant des\u2026","rel":"","context":"Entrada similar","img":{"alt_text":"","src":"","width":0,"height":0},"classes":[]},{"id":1289,"url":"https:\/\/ryfi.online\/es\/","url_meta":{"origin":1568,"position":4},"title":"Casa","date":"junio 9, 2021","format":false,"excerpt":"\u00a1Oferta de la semana! COMPRAR 4 OBTENER 5 Coge la oferta ahora 25 % \u00a1Date prisa, grandes ventas! Bienvenido a Ryfi Online Store Previous Next Compre 4 Obtenga 5 \u00a1Qu\u00e9 dicen nuestros clientes! \u00bfQu\u00e9 dicen los clientes sobre nuestros productos? \u00a1Me encanta! Mi hijo est\u00e1 muy feliz ... Comprar\u00e9 m\u00e1s\u2026","rel":"","context":"Entrada similar","img":{"alt_text":"Eleonor","src":"https:\/\/i0.wp.com\/ryfi.online\/wp-content\/uploads\/2020\/03\/stefan-stefancik-QXevDflbl8A-unsplash.jpg?resize=350%2C200&ssl=1","width":350,"height":200},"classes":[]},{"id":3624,"url":"https:\/\/ryfi.online\/fr\/remboursement-et-retour\/","url_meta":{"origin":1568,"position":5},"title":"Remboursement et retour","date":"octubre 11, 2021","format":false,"excerpt":"Les clients peuvent demander un remboursement ou un retour dans les 30 jours suivant la r\u00e9ception du ou des produits. Les remboursements seront effectu\u00e9s par la m\u00eame m\u00e9thode que vous avez utilis\u00e9e pour payer. Les articles sold\u00e9s et promotionnels sont exclus et restent soumis \u00e0 notre politique habituelle de remboursement\/retour.\u2026","rel":"","context":"Entrada similar","img":{"alt_text":"","src":"","width":0,"height":0},"classes":[]}],"_links":{"self":[{"href":"https:\/\/ryfi.online\/es\/wp-json\/wp\/v2\/pages\/1568","targetHints":{"allow":["GET"]}}],"collection":[{"href":"https:\/\/ryfi.online\/es\/wp-json\/wp\/v2\/pages"}],"about":[{"href":"https:\/\/ryfi.online\/es\/wp-json\/wp\/v2\/types\/page"}],"author":[{"embeddable":true,"href":"https:\/\/ryfi.online\/es\/wp-json\/wp\/v2\/users\/1"}],"replies":[{"embeddable":true,"href":"https:\/\/ryfi.online\/es\/wp-json\/wp\/v2\/comments?post=1568"}],"version-history":[{"count":5,"href":"https:\/\/ryfi.online\/es\/wp-json\/wp\/v2\/pages\/1568\/revisions"}],"predecessor-version":[{"id":8427,"href":"https:\/\/ryfi.online\/es\/wp-json\/wp\/v2\/pages\/1568\/revisions\/8427"}],"wp:attachment":[{"href":"https:\/\/ryfi.online\/es\/wp-json\/wp\/v2\/media?parent=1568"}],"curies":[{"name":"wp","href":"https:\/\/api.w.org\/{rel}","templated":true}]}}