{"id":1521,"date":"2021-06-12T11:42:48","date_gmt":"2021-06-12T11:42:48","guid":{"rendered":"https:\/\/ryfi.online\/politica-de-envios\/"},"modified":"2021-08-28T11:43:50","modified_gmt":"2021-08-28T11:43:50","slug":"politica-de-envios","status":"publish","type":"page","link":"https:\/\/ryfi.online\/es\/politica-de-envios\/","title":{"rendered":"Politica de envios"},"content":{"rendered":"\t\t<div data-elementor-type=\"wp-page\" data-elementor-id=\"1521\" class=\"elementor elementor-1521 elementor-603\">\n\t\t\t\t\t\t<section class=\"elementor-section elementor-top-section elementor-element elementor-element-4b34b5f1 elementor-section-boxed elementor-section-height-default elementor-section-height-default\" data-id=\"4b34b5f1\" data-element_type=\"section\" data-e-type=\"section\">\n\t\t\t\t\t\t<div class=\"elementor-container elementor-column-gap-default\">\n\t\t\t\t\t<div class=\"elementor-column elementor-col-100 elementor-top-column elementor-element elementor-element-41c9f960\" data-id=\"41c9f960\" data-element_type=\"column\" data-e-type=\"column\">\n\t\t\t<div class=\"elementor-widget-wrap elementor-element-populated\">\n\t\t\t\t\t\t<div class=\"elementor-element elementor-element-43e030a8 elementor-widget elementor-widget-text-editor\" data-id=\"43e030a8\" data-element_type=\"widget\" data-e-type=\"widget\" data-widget_type=\"text-editor.default\">\n\t\t\t\t<div class=\"elementor-widget-container\">\n\t\t\t\t\t\t\t\t\t<p><strong>\u00bfD\u00d3NDE ENTREGAMOS?<\/strong><\/p><p><span style=\"color: #ff0000;\">Ofrecemos ENV\u00cdO GRATIS y R\u00e1pido en toda\u00a0 Europa.<\/span><\/p><p><strong><span style=\"font-size: inherit; text-align: inherit; background-color: inherit; color: var(--theme-text-color); font-family: var(--fontFamily); font-style: var(--fontStyle, inherit); letter-spacing: var(--letterSpacing); text-transform: var(--textTransform);\">\u00bfCU\u00c1NTO CUESTA EL ENV\u00cdO?<\/span><\/strong><\/p><p>Los costos de env\u00edo var\u00edan seg\u00fan el destino de env\u00edo y la cantidad de art\u00edculos que compre. Puede obtener un c\u00e1lculo de sus gastos de env\u00edo exactos agregando art\u00edculos a su carrito, pasando por el pago e ingresando su direcci\u00f3n postal. El costo de env\u00edo se actualizar\u00e1 autom\u00e1ticamente y se mostrar\u00e1 en sus costos totales.<\/p><hr \/><p><strong><span style=\"font-size: inherit; text-align: inherit; background-color: inherit; color: var(--theme-text-color); font-family: var(--fontFamily); font-style: var(--fontStyle, inherit); letter-spacing: var(--letterSpacing); text-transform: var(--textTransform);\">\u00bfCU\u00c1NTO TIEMPO TARDAR\u00c1 EL COMPRADOR EN RECIBIR SU PEDIDO?<\/span><\/strong><\/p><p>En promedio, la mercader\u00eda se produce y env\u00eda desde nuestras instalaciones el mismo d\u00eda h\u00e1bil despu\u00e9s de la compra. Se aplican tiempos de tr\u00e1nsito \/ env\u00edo est\u00e1ndar (1-3 d\u00edas para Espa\u00f1a y 3-7 d\u00edas para el resto de Europa).<\/p><div><strong>\u00bfD\u00d3NDE PUEDO ENCONTRAR MI N\u00daMERO DE SEGUIMIENTO?<\/strong><\/div><div>\u00a0<\/div><p>Recibir\u00e1 una confirmaci\u00f3n por correo electr\u00f3nico con un enlace con su n\u00famero de seguimiento. Una vez que se env\u00eda su pedido , se le asignar\u00e1 un n\u00famero de seguimiento y aparece en la informaci\u00f3n de su. informacion. Luego puede rastrear su pedido con su n\u00famero de rastreo.<\/p><div><strong><span style=\"font-size: inherit; text-align: inherit; background-color: inherit; color: var(--theme-text-color); font-family: var(--fontFamily); font-style: var(--fontStyle, inherit); letter-spacing: var(--letterSpacing); text-transform: var(--textTransform);\">\u00bfSE PUEDE ENTREGAR EL PEDIDO A M\u00daLTIPLES DIRECCIONES?<\/span><\/strong><\/div><div>\u00a0<\/div><p>No ofrecemos el env\u00edo a varias direcciones para un solo pedido. Si desea que los art\u00edculos se env\u00eden a varias direcciones, haga esos pedidos por separado.<\/p><hr \/><p><strong>\u00bfOFRECEN ENV\u00cdO A PO BOXES O DIRECCIONES MILITARES APO \/ FPO?<\/strong><\/p><p>S\u00ed, podemos enviar env\u00edos a apartados de correos y direcciones militares APO \/ FPO<\/p>\t\t\t\t\t\t\t\t<\/div>\n\t\t\t\t<\/div>\n\t\t\t\t\t<\/div>\n\t\t<\/div>\n\t\t\t\t\t<\/div>\n\t\t<\/section>\n\t\t\t\t<\/div>\n\t\t","protected":false},"excerpt":{"rendered":"<p>\u00bfD\u00d3NDE ENTREGAMOS? Ofrecemos ENV\u00cdO GRATIS y R\u00e1pido en toda&nbsp; Europa. \u00bfCU\u00c1NTO CUESTA EL ENV\u00cdO? Los costos de env\u00edo var\u00edan seg\u00fan el destino de env\u00edo y la cantidad de art\u00edculos que compre. Puede obtener un c\u00e1lculo de sus gastos de env\u00edo exactos agregando art\u00edculos a su carrito, pasando por el pago e ingresando su direcci\u00f3n postal. [&hellip;]<\/p>\n","protected":false},"author":1,"featured_media":0,"parent":0,"menu_order":0,"comment_status":"closed","ping_status":"closed","template":"","meta":{"footnotes":""},"class_list":["post-1521","page","type-page","status-publish","hentry"],"blocksy_meta":{"styles_descriptor":{"styles":{"desktop":"","tablet":"","mobile":""},"google_fonts":[],"version":6}},"yoast_head":"<!-- This site is optimized with the Yoast SEO Premium plugin v17.1.2 (Yoast SEO v27.4) - https:\/\/yoast.com\/product\/yoast-seo-premium-wordpress\/ -->\n<title>Politica de envios - Ryfi Online Store<\/title>\n<meta name=\"description\" content=\"Lea nuestra Pol\u00edtica de env\u00edo: as\u00ed es como procedemos con su Pol\u00edtica de env\u00edo.\" \/>\n<meta name=\"robots\" content=\"index, follow, max-snippet:-1, max-image-preview:large, max-video-preview:-1\" \/>\n<link rel=\"canonical\" href=\"https:\/\/ryfi.online\/es\/politica-de-envios\/\" \/>\n<meta property=\"og:locale\" content=\"es_ES\" \/>\n<meta property=\"og:type\" content=\"article\" \/>\n<meta property=\"og:title\" content=\"Politica de envios\" \/>\n<meta property=\"og:description\" content=\"Lea nuestra Pol\u00edtica de env\u00edo: as\u00ed es como procedemos con su Pol\u00edtica de env\u00edo.\" \/>\n<meta property=\"og:url\" content=\"https:\/\/ryfi.online\/es\/politica-de-envios\/\" \/>\n<meta property=\"og:site_name\" content=\"Ryfi Online Store\" \/>\n<meta property=\"article:publisher\" content=\"https:\/\/www.facebook.com\/ryfi.online\/\" \/>\n<meta property=\"article:modified_time\" content=\"2021-08-28T11:43:50+00:00\" \/>\n<meta property=\"og:image\" content=\"https:\/\/ryfi.online\/wp-content\/uploads\/2021\/03\/H89f48063f95940e583df854ff6ec5f689-Copy-Copy.jpg\" \/>\n\t<meta property=\"og:image:width\" content=\"500\" \/>\n\t<meta property=\"og:image:height\" content=\"500\" \/>\n\t<meta property=\"og:image:type\" content=\"image\/jpeg\" \/>\n<meta name=\"twitter:card\" content=\"summary_large_image\" \/>\n<meta name=\"twitter:label1\" content=\"Tiempo de lectura\" \/>\n\t<meta name=\"twitter:data1\" content=\"2 minutos\" \/>\n<!-- \/ Yoast SEO Premium plugin. -->","yoast_head_json":{"title":"Politica de envios - Ryfi Online Store","description":"Lea nuestra Pol\u00edtica de env\u00edo: as\u00ed es como procedemos con su Pol\u00edtica de env\u00edo.","robots":{"index":"index","follow":"follow","max-snippet":"max-snippet:-1","max-image-preview":"max-image-preview:large","max-video-preview":"max-video-preview:-1"},"canonical":"https:\/\/ryfi.online\/es\/politica-de-envios\/","og_locale":"es_ES","og_type":"article","og_title":"Politica de envios","og_description":"Lea nuestra Pol\u00edtica de env\u00edo: as\u00ed es como procedemos con su Pol\u00edtica de env\u00edo.","og_url":"https:\/\/ryfi.online\/es\/politica-de-envios\/","og_site_name":"Ryfi Online Store","article_publisher":"https:\/\/www.facebook.com\/ryfi.online\/","article_modified_time":"2021-08-28T11:43:50+00:00","og_image":[{"width":500,"height":500,"url":"https:\/\/ryfi.online\/wp-content\/uploads\/2021\/03\/H89f48063f95940e583df854ff6ec5f689-Copy-Copy.jpg","type":"image\/jpeg"}],"twitter_card":"summary_large_image","twitter_misc":{"Tiempo de lectura":"2 minutos"},"schema":{"@context":"https:\/\/schema.org","@graph":[{"@type":"WebPage","@id":"https:\/\/ryfi.online\/es\/politica-de-envios\/","url":"https:\/\/ryfi.online\/es\/politica-de-envios\/","name":"Politica de envios - Ryfi Online Store","isPartOf":{"@id":"https:\/\/ryfi.online\/es\/#website"},"datePublished":"2021-06-12T11:42:48+00:00","dateModified":"2021-08-28T11:43:50+00:00","description":"Lea nuestra Pol\u00edtica de env\u00edo: as\u00ed es como procedemos con su Pol\u00edtica de env\u00edo.","breadcrumb":{"@id":"https:\/\/ryfi.online\/es\/politica-de-envios\/#breadcrumb"},"inLanguage":"es","potentialAction":[{"@type":"ReadAction","target":["https:\/\/ryfi.online\/es\/politica-de-envios\/"]}]},{"@type":"BreadcrumbList","@id":"https:\/\/ryfi.online\/es\/politica-de-envios\/#breadcrumb","itemListElement":[{"@type":"ListItem","position":1,"name":"Home","item":"https:\/\/ryfi.online\/es\/"},{"@type":"ListItem","position":2,"name":"Politica de envios"}]},{"@type":"WebSite","@id":"https:\/\/ryfi.online\/es\/#website","url":"https:\/\/ryfi.online\/es\/","name":"Ryfi Online Store","description":"Online Store","publisher":{"@id":"https:\/\/ryfi.online\/es\/#organization"},"potentialAction":[{"@type":"SearchAction","target":{"@type":"EntryPoint","urlTemplate":"https:\/\/ryfi.online\/es\/?s={search_term_string}"},"query-input":{"@type":"PropertyValueSpecification","valueRequired":true,"valueName":"search_term_string"}}],"inLanguage":"es"},{"@type":"Organization","@id":"https:\/\/ryfi.online\/es\/#organization","name":"Ryan Future Investments LLC","url":"https:\/\/ryfi.online\/es\/","logo":{"@type":"ImageObject","inLanguage":"es","@id":"https:\/\/ryfi.online\/es\/#\/schema\/logo\/image\/","url":"https:\/\/ryfi.online\/wp-content\/uploads\/2021\/03\/2-03.png","contentUrl":"https:\/\/ryfi.online\/wp-content\/uploads\/2021\/03\/2-03.png","width":1010,"height":310,"caption":"Ryan Future Investments LLC"},"image":{"@id":"https:\/\/ryfi.online\/es\/#\/schema\/logo\/image\/"},"sameAs":["https:\/\/www.facebook.com\/ryfi.online\/"]}]}},"jetpack-related-posts":[{"id":1517,"url":"https:\/\/ryfi.online\/es\/reembolso-y-devolucion\/","url_meta":{"origin":1521,"position":0},"title":"Reembolso y devoluci\u00f3n","date":"junio 12, 2021","format":false,"excerpt":"Los clientes pueden solicitar un reembolso o devoluci\u00f3n dentro de los 30 d\u00edas posteriores a la recepci\u00f3n de los productos. Los reembolsos se realizar\u00e1n mediante el mismo m\u00e9todo que utiliz\u00f3 para pagar. Los art\u00edculos en oferta y promocionales est\u00e1n excluidos y siguen sujetos a nuestra pol\u00edtica regular de reembolso \/\u2026","rel":"","context":"Entrada similar","img":{"alt_text":"","src":"","width":0,"height":0},"classes":[]},{"id":1568,"url":"https:\/\/ryfi.online\/es\/tienda-online\/","url_meta":{"origin":1521,"position":1},"title":"Envio rapido y seguro en 1-3 dias!!!","date":"junio 12, 2021","format":false,"excerpt":"","rel":"","context":"Entrada similar","img":{"alt_text":"","src":"","width":0,"height":0},"classes":[]},{"id":1289,"url":"https:\/\/ryfi.online\/es\/","url_meta":{"origin":1521,"position":2},"title":"Casa","date":"junio 9, 2021","format":false,"excerpt":"\u00a1Oferta de la semana! COMPRAR 4 OBTENER 5 Coge la oferta ahora 25 % \u00a1Date prisa, grandes ventas! Bienvenido a Ryfi Online Store Previous Next Compre 4 Obtenga 5 \u00a1Qu\u00e9 dicen nuestros clientes! \u00bfQu\u00e9 dicen los clientes sobre nuestros productos? \u00a1Me encanta! Mi hijo est\u00e1 muy feliz ... Comprar\u00e9 m\u00e1s\u2026","rel":"","context":"Entrada similar","img":{"alt_text":"Eleonor","src":"https:\/\/i0.wp.com\/ryfi.online\/wp-content\/uploads\/2020\/03\/stefan-stefancik-QXevDflbl8A-unsplash.jpg?resize=350%2C200&ssl=1","width":350,"height":200},"classes":[]},{"id":3647,"url":"https:\/\/ryfi.online\/fr\/politique-dexpedition\/","url_meta":{"origin":1521,"position":3},"title":"Politique d&#8217;exp\u00e9dition","date":"octubre 11, 2021","format":false,"excerpt":"O LIVRONS-NOUS ? Nous fournissons la LIVRAISON GRATUITE aux \u00c9tats-Unis et en Europe. QUEL EST LE MONTANT DES FRAIS D'EXP\u00c9DITION? Les frais d'exp\u00e9dition varient en fonction de la destination d'exp\u00e9dition et du nombre d'articles que vous achetez. Vous pouvez obtenir un calcul de vos frais d'exp\u00e9dition exacts en ajoutant des\u2026","rel":"","context":"Entrada similar","img":{"alt_text":"","src":"","width":0,"height":0},"classes":[]},{"id":3643,"url":"https:\/\/ryfi.online\/it\/politica-di-spedizione\/","url_meta":{"origin":1521,"position":4},"title":"Politica di spedizione","date":"octubre 11, 2021","format":false,"excerpt":"DOVE CONSEGNIAMO? Forniamo SPEDIZIONE GRATUITA negli Stati Uniti e in Europa. QUANTO COSTA LA SPEDIZIONE? I costi di spedizione variano a seconda della destinazione di spedizione e del numero di articoli acquistati. Puoi ottenere un calcolo delle spese di spedizione esatte aggiungendo articoli al carrello, procedendo al pagamento e inserendo\u2026","rel":"","context":"Entrada similar","img":{"alt_text":"","src":"","width":0,"height":0},"classes":[]},{"id":3360,"url":"https:\/\/ryfi.online\/fr\/accueil\/","url_meta":{"origin":1521,"position":5},"title":"Accueil","date":"octubre 11, 2021","format":false,"excerpt":"Offre de la semaine ! ACHETER 4 OBTENIR 5 Saisissez l'offre maintenant 25 % D\u00e9p\u00eachez-vous, ventes chaudes !! Bienvenue dans la boutique en ligne Ryfi Previous Next Achetez 4 Obtenez 5 Nos clients heureux ! Que disent les clients de nos produits. J'adore !!! Mon fils est tr\u00e8s heureux\u2026 j'ach\u00e8terai\u2026","rel":"","context":"Entrada similar","img":{"alt_text":"","src":"https:\/\/i0.wp.com\/ryfi.online\/wp-content\/uploads\/2020\/03\/stefan-stefancik-QXevDflbl8A-unsplash.jpg?resize=350%2C200&ssl=1","width":350,"height":200},"classes":[]}],"_links":{"self":[{"href":"https:\/\/ryfi.online\/es\/wp-json\/wp\/v2\/pages\/1521","targetHints":{"allow":["GET"]}}],"collection":[{"href":"https:\/\/ryfi.online\/es\/wp-json\/wp\/v2\/pages"}],"about":[{"href":"https:\/\/ryfi.online\/es\/wp-json\/wp\/v2\/types\/page"}],"author":[{"embeddable":true,"href":"https:\/\/ryfi.online\/es\/wp-json\/wp\/v2\/users\/1"}],"replies":[{"embeddable":true,"href":"https:\/\/ryfi.online\/es\/wp-json\/wp\/v2\/comments?post=1521"}],"version-history":[{"count":5,"href":"https:\/\/ryfi.online\/es\/wp-json\/wp\/v2\/pages\/1521\/revisions"}],"predecessor-version":[{"id":2411,"href":"https:\/\/ryfi.online\/es\/wp-json\/wp\/v2\/pages\/1521\/revisions\/2411"}],"wp:attachment":[{"href":"https:\/\/ryfi.online\/es\/wp-json\/wp\/v2\/media?parent=1521"}],"curies":[{"name":"wp","href":"https:\/\/api.w.org\/{rel}","templated":true}]}}