{"id":9948,"date":"2021-03-17T17:05:42","date_gmt":"2022-05-03T19:11:31","guid":{"rendered":"https:\/\/ryfi.online\/product\/reversible-octopus-schluesselanhaenger-alle-farben\/"},"modified":"2025-09-25T05:34:29","modified_gmt":"2025-09-25T05:34:29","slug":"wende-oktopus-schlusselanhanger-kuscheltier-plusch","status":"publish","type":"product","link":"https:\/\/ryfi.online\/de\/produkt\/wende-oktopus-schlusselanhanger-kuscheltier-plusch\/","title":{"rendered":"Reversible Octopus Schl\u00fcsselanh\u00e4nger alle Farben"},"content":{"rendered":"<p><strong>Endlich haben wir im Schl\u00fcsselanh\u00e4nger-Modus den ber\u00fchmten Wende- <a href=\"https:\/\/ryfi.online\/product\/reversible-octopus-plush\/\">Oktopus-Pl\u00fcsch<\/a> , der in den letzten Monaten die Sensation war, wenn es Ihnen leid tat zu gehen und Sie Ihren Oktopus allein zu Hause lassen mussten, mit diesem neuen Format kann der Wende-Oktopus-Schl\u00fcsselanh\u00e4nger Sie \u00fcberallhin begleiten! Wendbarer Oktopus-Schl\u00fcsselanh\u00e4nger <\/strong> lassen sich leicht umdrehen und haben zwei verschiedene Gesichter, gl\u00fccklich und w\u00fctend, damit Sie Ihre Gef\u00fchle ausdr\u00fccken k\u00f6nnen. Dieser Stofftier-Schl\u00fcsselanh\u00e4nger ist ein perfekter Schl\u00fcsselanh\u00e4nger f\u00fcr alle Um Haare zu entfernen, ist die Farbe voll und das Gef\u00fchl ist angenehm. Wir haben 15 Farben auf Lager, umkehrbare Oktopus-Schl\u00fcsselanh\u00e4nger, die darauf warten, von Ihnen durch sichere Zahlungen gekauft zu werden <a href=\"https:\/\/ryfi.online\/\">ryfi.online<\/a> mit kostenlosem und schnellem Versand innerhalb von 1-3 Werktagen.<\/p>\n<p>\u2705 <strong>Kostenloser und schneller Versand innerhalb von 1-3 Tagen.<\/strong><\/p>\n<p><strong>\u2705 Kaufe 4 und erhalte 5<\/strong><\/p>\n<p>\u2705 Wie auf TikTok zu sehen! Ein niedlicher wendbarer Tintenfisch-Schl\u00fcsselanh\u00e4nger mit zwei verschiedenen Ausdrucksformen.<\/p>\n<p>\u2705 Es ist leicht, auf den Kopf zu stellen, damit Sie der Welt Ihre Stimmung zeigen k\u00f6nnen.<\/p>\n<p>\u2705 Diese wendbaren Oktopus-Schl\u00fcsselanh\u00e4nger sind superweiche Spielzeuge, perfekt zum Spielen, Sammeln und Kuscheln.<\/p>\n<p>\u2705 Kuscheltiere als Schl\u00fcsselanh\u00e4nger sind das perfekte Geschenk f\u00fcr Partys, Geburtstage, Babypartys, Weihnachten, Valentinstag und mehr!<\/p>\n<p>\u2705 Endlich haben wir im Schl\u00fcsselanh\u00e4nger-Modus den ber\u00fchmten Wende- <a href=\"https:\/\/ryfi.online\/product\/reversible-octopus-plush\/\">Oktopus-Pl\u00fcsch<\/a> , der in den letzten Monaten f\u00fcr Furore gesorgt hat. Wenn Sie Ihren Wende- <a href=\"https:\/\/ryfi.online\/product\/reversible-octopus-plush\/\">Oktopus-Pl\u00fcsch<\/a> mit diesem neuen Format bedauern und alleine zu Hause lassen m\u00fcssen, kann der Wende-Oktopus-Schl\u00fcsselanh\u00e4nger Sie begleiten \u00fcberall, \u00fcberallhin, allerorts!<\/p>\n<p>\u2705 Dieser doppelseitige Oktopus-Schl\u00fcsselanh\u00e4nger ist aus strapazierf\u00e4higem Pl\u00fcschmaterial und mit hochwertiger PP-Baumwolle gef\u00fcllt. Die Qualit\u00e4t des Produkts ist sehr gut.<\/p>\n<p>\u2705 Mit seiner Gr\u00f6\u00dfe von 3,14 Zoll und seinem leicht zu \u00f6ffnenden Schl\u00fcsselring k\u00f6nnen Sie es auf beiden Seiten verwenden und es wird super sch\u00f6n am Rucksack h\u00e4ngen oder Ihre Schl\u00fcssel tragen.<\/p>\n<p><strong>Kleiner wendbarer Octopus-Schl\u00fcsselanh\u00e4nger, doppelseitige s\u00fc\u00dfe Puppen, Pl\u00fcsch-Octopus-Schl\u00fcsselanh\u00e4nger f\u00fcr alle <i><em><span style=\"color: #0000ff;\">ALLE<\/span> <span style=\"color: #ff00ff;\">FARBEN<\/span><\/em> !!!<\/i><\/strong><\/p>\n<p>&nbsp;<\/p>\n<div style=\"width: 958px;\" class=\"wp-video\"><video class=\"wp-video-shortcode\" id=\"video-9948-1\" width=\"958\" height=\"540\" autoplay preload=\"metadata\" controls=\"controls\"><source type=\"video\/mp4\" src=\"https:\/\/ryfi.online\/wp-content\/uploads\/2021\/03\/C06CC467-94ED-4BEC-98AB-E7799D01CDD8_L0_001.mp4?_=1\" \/><a href=\"https:\/\/ryfi.online\/wp-content\/uploads\/2021\/03\/C06CC467-94ED-4BEC-98AB-E7799D01CDD8_L0_001.mp4\">https:\/\/ryfi.online\/wp-content\/uploads\/2021\/03\/C06CC467-94ED-4BEC-98AB-E7799D01CDD8_L0_001.mp4<\/a><\/video><\/div>\n","protected":false},"excerpt":{"rendered":"<p><strong>Kostenloser und schneller Versand innerhalb von 1-3 Tagen.<\/strong><\/p>\n<h3><strong>Kaufe 4, erhalte 5<\/strong><\/h3>\n<h3><span style=\"color: #ff0000;\"><strong><em>Beeilen Sie sich, hei\u00dfe Verk\u00e4ufe!!!<\/em><\/strong><\/span><\/h3>\n<p>&nbsp;<\/p>\n","protected":false},"featured_media":9949,"comment_status":"open","ping_status":"closed","template":"","meta":[],"product_brand":[],"product_cat":[299,298,270],"product_tag":[249],"class_list":{"0":"post-9948","1":"product","2":"type-product","3":"status-publish","4":"has-post-thumbnail","6":"product_cat-pluschtiere","7":"product_cat-wendbarer-oktopus-schlusselanhanger","8":"product_cat-wendbarer-tintenfisch-plusch","9":"product_tag-de","11":"first","12":"instock","13":"featured","14":"taxable","15":"shipping-taxable","16":"purchasable","17":"product-type-variable","18":"has-default-attributes"},"yoast_head":"<!-- This site is optimized with the Yoast SEO Premium plugin v17.1.2 (Yoast SEO v27.4) - https:\/\/yoast.com\/product\/yoast-seo-premium-wordpress\/ -->\n<title>Schl\u00fcsselanh\u00e4nger Wendekrake in USA | Squishmallow Schl\u00fcsselanh\u00e4nger | Tierische Schl\u00fcsselanh\u00e4nger<\/title>\n<meta name=\"description\" content=\"Kaufen Sie den Mini-Schl\u00fcsselanh\u00e4nger Octopus in den USA. Verf\u00fcgbare Lagerbest\u00e4nde f\u00fcr PINK\/BLAU\/GELB Gr\u00f6\u00dfe: 8cm, Kostenloser und schneller Versand innerhalb von 1-3 Tagen.\" \/>\n<meta name=\"robots\" content=\"index, follow, max-snippet:-1, max-image-preview:large, max-video-preview:-1\" \/>\n<link rel=\"canonical\" href=\"https:\/\/ryfi.online\/de\/produkt\/wende-oktopus-schlusselanhanger-kuscheltier-plusch\/\" \/>\n<meta property=\"og:locale\" content=\"de_DE\" \/>\n<meta property=\"og:type\" content=\"article\" \/>\n<meta property=\"og:title\" content=\"Reversible Octopus Schl\u00fcsselanh\u00e4nger alle Farben\" \/>\n<meta property=\"og:description\" content=\"Kaufen Sie den Mini-Schl\u00fcsselanh\u00e4nger Octopus in den USA. Verf\u00fcgbare Lagerbest\u00e4nde f\u00fcr PINK\/BLAU\/GELB Gr\u00f6\u00dfe: 8cm, Kostenloser und schneller Versand innerhalb von 1-3 Tagen.\" \/>\n<meta property=\"og:url\" content=\"https:\/\/ryfi.online\/de\/produkt\/wende-oktopus-schlusselanhanger-kuscheltier-plusch\/\" \/>\n<meta property=\"og:site_name\" content=\"Ryfi Online Store\" \/>\n<meta property=\"article:publisher\" content=\"https:\/\/www.facebook.com\/ryfi.online\/\" \/>\n<meta property=\"article:modified_time\" content=\"2025-09-25T05:34:29+00:00\" \/>\n<meta property=\"og:image\" content=\"https:\/\/ryfi.online\/wp-content\/uploads\/2021\/03\/20.jpg\" \/>\n\t<meta property=\"og:image:width\" content=\"800\" \/>\n\t<meta property=\"og:image:height\" content=\"800\" \/>\n\t<meta property=\"og:image:type\" content=\"image\/jpeg\" \/>\n<meta name=\"twitter:card\" content=\"summary_large_image\" \/>\n<meta name=\"twitter:label1\" content=\"Availability\" \/>\n\t<meta name=\"twitter:data1\" content=\"In stock\" \/>\n<meta property=\"product:brand\" content=\"Wendbarer Oktopus-Schl\u00fcsselanh\u00e4nger\" \/>\n<meta property=\"og:availability\" content=\"instock\" \/>\n<meta property=\"product:availability\" content=\"instock\" \/>\n<meta property=\"product:condition\" content=\"new\" \/>\n<!-- \/ Yoast SEO Premium plugin. -->","yoast_head_json":{"title":"Schl\u00fcsselanh\u00e4nger Wendekrake in USA | Squishmallow Schl\u00fcsselanh\u00e4nger | Tierische Schl\u00fcsselanh\u00e4nger","description":"Kaufen Sie den Mini-Schl\u00fcsselanh\u00e4nger Octopus in den USA. Verf\u00fcgbare Lagerbest\u00e4nde f\u00fcr PINK\/BLAU\/GELB Gr\u00f6\u00dfe: 8cm, Kostenloser und schneller Versand innerhalb von 1-3 Tagen.","robots":{"index":"index","follow":"follow","max-snippet":"max-snippet:-1","max-image-preview":"max-image-preview:large","max-video-preview":"max-video-preview:-1"},"canonical":"https:\/\/ryfi.online\/de\/produkt\/wende-oktopus-schlusselanhanger-kuscheltier-plusch\/","og_locale":"de_DE","og_type":"article","og_title":"Reversible Octopus Schl\u00fcsselanh\u00e4nger alle Farben","og_description":"Kaufen Sie den Mini-Schl\u00fcsselanh\u00e4nger Octopus in den USA. Verf\u00fcgbare Lagerbest\u00e4nde f\u00fcr PINK\/BLAU\/GELB Gr\u00f6\u00dfe: 8cm, Kostenloser und schneller Versand innerhalb von 1-3 Tagen.","og_url":"https:\/\/ryfi.online\/de\/produkt\/wende-oktopus-schlusselanhanger-kuscheltier-plusch\/","og_site_name":"Ryfi Online Store","article_publisher":"https:\/\/www.facebook.com\/ryfi.online\/","article_modified_time":"2025-09-25T05:34:29+00:00","og_image":[{"width":800,"height":800,"url":"https:\/\/ryfi.online\/wp-content\/uploads\/2021\/03\/20.jpg","type":"image\/jpeg"}],"twitter_card":"summary_large_image","twitter_misc":{"Availability":"In stock"},"schema":{"@context":"https:\/\/schema.org","@graph":[{"@type":"WebPage","@id":"https:\/\/ryfi.online\/de\/produkt\/wende-oktopus-schlusselanhanger-kuscheltier-plusch\/","url":"https:\/\/ryfi.online\/de\/produkt\/wende-oktopus-schlusselanhanger-kuscheltier-plusch\/","name":"Schl\u00fcsselanh\u00e4nger Wendekrake in USA | Squishmallow Schl\u00fcsselanh\u00e4nger | Tierische Schl\u00fcsselanh\u00e4nger","isPartOf":{"@id":"https:\/\/ryfi.online\/de\/#website"},"primaryImageOfPage":{"@id":"https:\/\/ryfi.online\/de\/produkt\/wende-oktopus-schlusselanhanger-kuscheltier-plusch\/#primaryimage"},"image":{"@id":"https:\/\/ryfi.online\/de\/produkt\/wende-oktopus-schlusselanhanger-kuscheltier-plusch\/#primaryimage"},"thumbnailUrl":"https:\/\/ryfi.online\/wp-content\/uploads\/2021\/03\/20.jpg","datePublished":"2022-05-03T19:11:31+00:00","dateModified":"2025-09-25T05:34:29+00:00","description":"Kaufen Sie den Mini-Schl\u00fcsselanh\u00e4nger Octopus in den USA. Verf\u00fcgbare Lagerbest\u00e4nde f\u00fcr PINK\/BLAU\/GELB Gr\u00f6\u00dfe: 8cm, Kostenloser und schneller Versand innerhalb von 1-3 Tagen.","breadcrumb":{"@id":"https:\/\/ryfi.online\/de\/produkt\/wende-oktopus-schlusselanhanger-kuscheltier-plusch\/#breadcrumb"},"inLanguage":"de","potentialAction":[{"@type":"ReadAction","target":["https:\/\/ryfi.online\/de\/produkt\/wende-oktopus-schlusselanhanger-kuscheltier-plusch\/"]}]},{"@type":"ImageObject","inLanguage":"de","@id":"https:\/\/ryfi.online\/de\/produkt\/wende-oktopus-schlusselanhanger-kuscheltier-plusch\/#primaryimage","url":"https:\/\/ryfi.online\/wp-content\/uploads\/2021\/03\/20.jpg","contentUrl":"https:\/\/ryfi.online\/wp-content\/uploads\/2021\/03\/20.jpg","width":800,"height":800,"caption":"Wende-Oktopus-Schl\u00fcsselanh\u00e4nger"},{"@type":"BreadcrumbList","@id":"https:\/\/ryfi.online\/de\/produkt\/wende-oktopus-schlusselanhanger-kuscheltier-plusch\/#breadcrumb","itemListElement":[{"@type":"ListItem","position":1,"name":"Home","item":"https:\/\/ryfi.online\/de\/"},{"@type":"ListItem","position":2,"name":"Free and Fast Shipping whitin 1-3 Days!!!","item":"https:\/\/ryfi.online\/shop\/"},{"@type":"ListItem","position":3,"name":"Reversible Octopus Schl\u00fcsselanh\u00e4nger alle Farben"}]},{"@type":"WebSite","@id":"https:\/\/ryfi.online\/de\/#website","url":"https:\/\/ryfi.online\/de\/","name":"Ryfi Online Store","description":"Online Store","publisher":{"@id":"https:\/\/ryfi.online\/de\/#organization"},"potentialAction":[{"@type":"SearchAction","target":{"@type":"EntryPoint","urlTemplate":"https:\/\/ryfi.online\/de\/?s={search_term_string}"},"query-input":{"@type":"PropertyValueSpecification","valueRequired":true,"valueName":"search_term_string"}}],"inLanguage":"de"},{"@type":"Organization","@id":"https:\/\/ryfi.online\/de\/#organization","name":"Ryan Future Investments LLC","url":"https:\/\/ryfi.online\/de\/","logo":{"@type":"ImageObject","inLanguage":"de","@id":"https:\/\/ryfi.online\/de\/#\/schema\/logo\/image\/","url":"https:\/\/ryfi.online\/wp-content\/uploads\/2021\/03\/2-03.png","contentUrl":"https:\/\/ryfi.online\/wp-content\/uploads\/2021\/03\/2-03.png","width":1010,"height":310,"caption":"Ryan Future Investments LLC"},"image":{"@id":"https:\/\/ryfi.online\/de\/#\/schema\/logo\/image\/"},"sameAs":["https:\/\/www.facebook.com\/ryfi.online\/"]}]},"product_brand":"Wendbarer Oktopus-Schl\u00fcsselanh\u00e4nger","og_availability":"instock","product_availability":"instock","product_condition":"new"},"jetpack-related-posts":[{"id":6272,"url":"https:\/\/ryfi.online\/de\/produkt\/wende-oktopus-plusch\/","url_meta":{"origin":9948,"position":0},"title":"Wendbares Oktopus-Pl\u00fcsch","date":"M\u00e4rz 8, 2021","format":false,"excerpt":"Kostenloser und schneller Versand innerhalb von 1-3 Tagen. Kaufe 4, erhalte 5 Beeilen Sie sich, hei\u00dfe Verk\u00e4ufe!!! \u00a0","rel":"","context":"\u00c4hnlicher Beitrag","img":{"alt_text":"gl\u00fcckliches trauriges Stofftier","src":"https:\/\/i0.wp.com\/ryfi.online\/wp-content\/uploads\/2021\/03\/H89f48063f95940e583df854ff6ec5f689-Copy-Copy.jpg?resize=350%2C200&ssl=1","width":350,"height":200},"classes":[]},{"id":12904,"url":"https:\/\/ryfi.online\/de\/produkt\/bikini-badeanzug\/","url_meta":{"origin":9948,"position":1},"title":"Bikini-Badeanzug","date":"April 19, 2021","format":false,"excerpt":"Kostenloser und schneller Versand innerhalb von 1-3 Tagen. Kaufe 4, erhalte 5 Beeilen Sie sich, hei\u00dfe Verk\u00e4ufe!!!","rel":"","context":"\u00c4hnlicher Beitrag","img":{"alt_text":"","src":"https:\/\/i0.wp.com\/ryfi.online\/wp-content\/uploads\/2021\/04\/f6bfce011f897d03e8f175b34aa562a2.jpg?resize=350%2C200&ssl=1","width":350,"height":200},"classes":[]},{"id":3926,"url":"https:\/\/ryfi.online\/de\/produkt\/madchen-jogginghose-mit-peppa-pig-print\/","url_meta":{"origin":9948,"position":2},"title":"M\u00e4dchen-Jogginghose mit Peppa Pig-Aufdruck TH1251","date":"Oktober 8, 2021","format":false,"excerpt":"Schneller und sicherer Versand in 1-3 Werktagen","rel":"","context":"\u00c4hnlicher Beitrag","img":{"alt_text":"Trainingsanzug f\u00fcr M\u00e4dchen Peppa Pig","src":"https:\/\/i0.wp.com\/ryfi.online\/wp-content\/uploads\/2021\/10\/th1251-Copy.jpg?resize=350%2C200&ssl=1","width":350,"height":200},"classes":[]},{"id":9278,"url":"https:\/\/ryfi.online\/de\/produkt\/cap-frozen-ue4140\/","url_meta":{"origin":9948,"position":3},"title":"Gefrorene M\u00fctze f\u00fcr M\u00e4dchen UE4140","date":"April 29, 2022","format":false,"excerpt":"Schneller und sicherer Versand in 1-3 Werktagen","rel":"","context":"\u00c4hnlicher Beitrag","img":{"alt_text":"","src":"https:\/\/i0.wp.com\/ryfi.online\/wp-content\/uploads\/2022\/04\/ue4140_lna.jpg?resize=350%2C200&ssl=1","width":350,"height":200},"classes":[]},{"id":12724,"url":"https:\/\/ryfi.online\/de\/produkt\/iphone-xs-max-etui-mobiltelefonetui-mit-magnetischer-adsorption-kartenhalterung-fur-iphone-xs-max\/","url_meta":{"origin":9948,"position":4},"title":"iPhone Xs Max H\u00fclle Handy mit Kartenhalter f\u00fcr iPhone Xs Max","date":"M\u00e4rz 13, 2021","format":false,"excerpt":"Kostenloser und schneller Versand innerhalb von 1-3 Tagen. Kaufe 4, erhalte 5 Beeilen Sie sich, hei\u00dfe Verk\u00e4ufe!!!","rel":"","context":"\u00c4hnlicher Beitrag","img":{"alt_text":"","src":"https:\/\/i0.wp.com\/ryfi.online\/wp-content\/uploads\/2021\/03\/HTB17H_UXYr1gK0jSZR0762P8XXaD-1.png?resize=350%2C200&ssl=1","width":350,"height":200},"classes":[]},{"id":3855,"url":"https:\/\/ryfi.online\/de\/produkt\/langarm-t-shirt-spiderman\/","url_meta":{"origin":9948,"position":5},"title":"Spiderman-Langarm-T-Shirt HU1007","date":"Oktober 8, 2021","format":false,"excerpt":"Kostenloser Versand in 1-3 Werktagen","rel":"","context":"\u00c4hnlicher Beitrag","img":{"alt_text":"Spiderman Kinder T-Shirt - 1","src":"https:\/\/i0.wp.com\/ryfi.online\/wp-content\/uploads\/2021\/10\/hu1007.jpg?resize=350%2C200&ssl=1","width":350,"height":200},"classes":[]}],"_links":{"self":[{"href":"https:\/\/ryfi.online\/de\/wp-json\/wp\/v2\/product\/9948","targetHints":{"allow":["GET"]}}],"collection":[{"href":"https:\/\/ryfi.online\/de\/wp-json\/wp\/v2\/product"}],"about":[{"href":"https:\/\/ryfi.online\/de\/wp-json\/wp\/v2\/types\/product"}],"replies":[{"embeddable":true,"href":"https:\/\/ryfi.online\/de\/wp-json\/wp\/v2\/comments?post=9948"}],"wp:featuredmedia":[{"embeddable":true,"href":"https:\/\/ryfi.online\/de\/wp-json\/wp\/v2\/media\/9949"}],"wp:attachment":[{"href":"https:\/\/ryfi.online\/de\/wp-json\/wp\/v2\/media?parent=9948"}],"wp:term":[{"taxonomy":"product_brand","embeddable":true,"href":"https:\/\/ryfi.online\/de\/wp-json\/wp\/v2\/product_brand?post=9948"},{"taxonomy":"product_cat","embeddable":true,"href":"https:\/\/ryfi.online\/de\/wp-json\/wp\/v2\/product_cat?post=9948"},{"taxonomy":"product_tag","embeddable":true,"href":"https:\/\/ryfi.online\/de\/wp-json\/wp\/v2\/product_tag?post=9948"}],"curies":[{"name":"wp","href":"https:\/\/api.w.org\/{rel}","templated":true}]}}