{"id":9736,"date":"2021-06-15T15:14:39","date_gmt":"2022-05-03T18:26:00","guid":{"rendered":"https:\/\/ryfi.online\/product\/camiseta-dibujo-animado-de-patrulla-canina-de-nickelodeon-fuer-ninos\/"},"modified":"2022-05-17T13:53:37","modified_gmt":"2022-05-17T13:53:37","slug":"nickelodeon-paw-patrol-cartoon-t-shirt-fur-kinder","status":"publish","type":"product","link":"https:\/\/ryfi.online\/de\/produkt\/nickelodeon-paw-patrol-cartoon-t-shirt-fur-kinder\/","title":{"rendered":"Kinder Nickelodeon Paw Patrol Cartoon T-Shirt"},"content":{"rendered":"<p><span class=\"a-list-item\">\u2705 Nickelodeon Paw Patrol Kinder T-Shirt<\/span><\/p>\n<p><span class=\"a-list-item\">\u2705 Farbe: Blau-Wei\u00df mit Cartoon Chase, Marshal, Rubble<\/span><\/p>\n<p><span class=\"a-list-item\">\u2705 100 % Baumwolle, <\/span><\/p>\n<p id=\"title\" class=\"a-size-large a-spacing-none\"><span id=\"productTitle\" class=\"a-size-large product-title-word-break\"><span class=\"a-list-item\">\u2705<\/span> Alter: 3 Jahre, 4 Jahre, 5 Jahre, 6 Jahre<\/span><\/p>\n<p>&nbsp;<\/p>\n","protected":false},"excerpt":{"rendered":"<p>Kostenloser Versand 1-3 Werktage<\/p>\n<p>Kostenlose R\u00fccksendung<\/p>\n","protected":false},"featured_media":7506,"comment_status":"open","ping_status":"closed","template":"","meta":[],"product_brand":[],"product_cat":[210],"product_tag":[],"class_list":{"0":"post-9736","1":"product","2":"type-product","3":"status-publish","4":"has-post-thumbnail","6":"product_cat-jungen-t-shirt","8":"first","9":"instock","10":"featured","11":"taxable","12":"shipping-taxable","13":"purchasable","14":"product-type-variable"},"yoast_head":"<!-- This site is optimized with the Yoast SEO Premium plugin v17.1.2 (Yoast SEO v27.4) - https:\/\/yoast.com\/product\/yoast-seo-premium-wordpress\/ -->\n<title>Online kaufen Nickelodeon Paw Patrol Cartoon T-Shirt f\u00fcr Kinder<\/title>\n<meta name=\"description\" content=\"Finden Sie die beste Sammlung von Nickelodeon Paw Patrol Cartoon-T-Shirts f\u00fcr Kinder im Ryfi Online-Shop. Kostenloser und schneller Versand in 1-3 Werktagen.\" \/>\n<meta name=\"robots\" content=\"index, follow, max-snippet:-1, max-image-preview:large, max-video-preview:-1\" \/>\n<link rel=\"canonical\" href=\"https:\/\/ryfi.online\/de\/produkt\/nickelodeon-paw-patrol-cartoon-t-shirt-fur-kinder\/\" \/>\n<meta property=\"og:locale\" content=\"de_DE\" \/>\n<meta property=\"og:type\" content=\"article\" \/>\n<meta property=\"og:title\" content=\"Kinder Nickelodeon Paw Patrol Cartoon T-Shirt\" \/>\n<meta property=\"og:description\" content=\"Finden Sie die beste Sammlung von Nickelodeon Paw Patrol Cartoon-T-Shirts f\u00fcr Kinder im Ryfi Online-Shop. Kostenloser und schneller Versand in 1-3 Werktagen.\" \/>\n<meta property=\"og:url\" content=\"https:\/\/ryfi.online\/de\/produkt\/nickelodeon-paw-patrol-cartoon-t-shirt-fur-kinder\/\" \/>\n<meta property=\"og:site_name\" content=\"Ryfi Online Store\" \/>\n<meta property=\"article:publisher\" content=\"https:\/\/www.facebook.com\/ryfi.online\/\" \/>\n<meta property=\"article:modified_time\" content=\"2022-05-17T13:53:37+00:00\" \/>\n<meta property=\"og:image\" content=\"https:\/\/ryfi.online\/wp-content\/uploads\/2021\/06\/ue1153_bl.jpg\" \/>\n\t<meta property=\"og:image:width\" content=\"800\" \/>\n\t<meta property=\"og:image:height\" content=\"1200\" \/>\n\t<meta property=\"og:image:type\" content=\"image\/jpeg\" \/>\n<meta name=\"twitter:card\" content=\"summary_large_image\" \/>\n<meta name=\"twitter:label1\" content=\"Availability\" \/>\n\t<meta name=\"twitter:data1\" content=\"In stock\" \/>\n<meta property=\"product:brand\" content=\"Jungen T-Shirt\" \/>\n<meta property=\"og:availability\" content=\"instock\" \/>\n<meta property=\"product:availability\" content=\"instock\" \/>\n<meta property=\"product:condition\" content=\"new\" \/>\n<!-- \/ Yoast SEO Premium plugin. -->","yoast_head_json":{"title":"Online kaufen Nickelodeon Paw Patrol Cartoon T-Shirt f\u00fcr Kinder","description":"Finden Sie die beste Sammlung von Nickelodeon Paw Patrol Cartoon-T-Shirts f\u00fcr Kinder im Ryfi Online-Shop. Kostenloser und schneller Versand in 1-3 Werktagen.","robots":{"index":"index","follow":"follow","max-snippet":"max-snippet:-1","max-image-preview":"max-image-preview:large","max-video-preview":"max-video-preview:-1"},"canonical":"https:\/\/ryfi.online\/de\/produkt\/nickelodeon-paw-patrol-cartoon-t-shirt-fur-kinder\/","og_locale":"de_DE","og_type":"article","og_title":"Kinder Nickelodeon Paw Patrol Cartoon T-Shirt","og_description":"Finden Sie die beste Sammlung von Nickelodeon Paw Patrol Cartoon-T-Shirts f\u00fcr Kinder im Ryfi Online-Shop. Kostenloser und schneller Versand in 1-3 Werktagen.","og_url":"https:\/\/ryfi.online\/de\/produkt\/nickelodeon-paw-patrol-cartoon-t-shirt-fur-kinder\/","og_site_name":"Ryfi Online Store","article_publisher":"https:\/\/www.facebook.com\/ryfi.online\/","article_modified_time":"2022-05-17T13:53:37+00:00","og_image":[{"width":800,"height":1200,"url":"https:\/\/ryfi.online\/wp-content\/uploads\/2021\/06\/ue1153_bl.jpg","type":"image\/jpeg"}],"twitter_card":"summary_large_image","twitter_misc":{"Availability":"In stock"},"schema":{"@context":"https:\/\/schema.org","@graph":[{"@type":"WebPage","@id":"https:\/\/ryfi.online\/de\/produkt\/nickelodeon-paw-patrol-cartoon-t-shirt-fur-kinder\/","url":"https:\/\/ryfi.online\/de\/produkt\/nickelodeon-paw-patrol-cartoon-t-shirt-fur-kinder\/","name":"Online kaufen Nickelodeon Paw Patrol Cartoon T-Shirt f\u00fcr Kinder","isPartOf":{"@id":"https:\/\/ryfi.online\/de\/#website"},"primaryImageOfPage":{"@id":"https:\/\/ryfi.online\/de\/produkt\/nickelodeon-paw-patrol-cartoon-t-shirt-fur-kinder\/#primaryimage"},"image":{"@id":"https:\/\/ryfi.online\/de\/produkt\/nickelodeon-paw-patrol-cartoon-t-shirt-fur-kinder\/#primaryimage"},"thumbnailUrl":"https:\/\/ryfi.online\/wp-content\/uploads\/2021\/06\/ue1153_bl.jpg","datePublished":"2022-05-03T18:26:00+00:00","dateModified":"2022-05-17T13:53:37+00:00","description":"Finden Sie die beste Sammlung von Nickelodeon Paw Patrol Cartoon-T-Shirts f\u00fcr Kinder im Ryfi Online-Shop. Kostenloser und schneller Versand in 1-3 Werktagen.","breadcrumb":{"@id":"https:\/\/ryfi.online\/de\/produkt\/nickelodeon-paw-patrol-cartoon-t-shirt-fur-kinder\/#breadcrumb"},"inLanguage":"de","potentialAction":[{"@type":"ReadAction","target":["https:\/\/ryfi.online\/de\/produkt\/nickelodeon-paw-patrol-cartoon-t-shirt-fur-kinder\/"]}]},{"@type":"ImageObject","inLanguage":"de","@id":"https:\/\/ryfi.online\/de\/produkt\/nickelodeon-paw-patrol-cartoon-t-shirt-fur-kinder\/#primaryimage","url":"https:\/\/ryfi.online\/wp-content\/uploads\/2021\/06\/ue1153_bl.jpg","contentUrl":"https:\/\/ryfi.online\/wp-content\/uploads\/2021\/06\/ue1153_bl.jpg","width":800,"height":1200,"caption":"Paw Patrol-T-Shirt"},{"@type":"BreadcrumbList","@id":"https:\/\/ryfi.online\/de\/produkt\/nickelodeon-paw-patrol-cartoon-t-shirt-fur-kinder\/#breadcrumb","itemListElement":[{"@type":"ListItem","position":1,"name":"Home","item":"https:\/\/ryfi.online\/de\/"},{"@type":"ListItem","position":2,"name":"Free and Fast Shipping whitin 1-3 Days!!!","item":"https:\/\/ryfi.online\/shop\/"},{"@type":"ListItem","position":3,"name":"Kinder Nickelodeon Paw Patrol Cartoon T-Shirt"}]},{"@type":"WebSite","@id":"https:\/\/ryfi.online\/de\/#website","url":"https:\/\/ryfi.online\/de\/","name":"Ryfi Online Store","description":"Online Store","publisher":{"@id":"https:\/\/ryfi.online\/de\/#organization"},"potentialAction":[{"@type":"SearchAction","target":{"@type":"EntryPoint","urlTemplate":"https:\/\/ryfi.online\/de\/?s={search_term_string}"},"query-input":{"@type":"PropertyValueSpecification","valueRequired":true,"valueName":"search_term_string"}}],"inLanguage":"de"},{"@type":"Organization","@id":"https:\/\/ryfi.online\/de\/#organization","name":"Ryan Future Investments LLC","url":"https:\/\/ryfi.online\/de\/","logo":{"@type":"ImageObject","inLanguage":"de","@id":"https:\/\/ryfi.online\/de\/#\/schema\/logo\/image\/","url":"https:\/\/ryfi.online\/wp-content\/uploads\/2021\/03\/2-03.png","contentUrl":"https:\/\/ryfi.online\/wp-content\/uploads\/2021\/03\/2-03.png","width":1010,"height":310,"caption":"Ryan Future Investments LLC"},"image":{"@id":"https:\/\/ryfi.online\/de\/#\/schema\/logo\/image\/"},"sameAs":["https:\/\/www.facebook.com\/ryfi.online\/"]}]},"product_brand":"Jungen T-Shirt","og_availability":"instock","product_availability":"instock","product_condition":"new"},"jetpack-related-posts":[{"id":5468,"url":"https:\/\/ryfi.online\/de\/produkt\/nickelodeon-paw-patrol-cartoon-t-shirt-fur-madchen\/","url_meta":{"origin":9736,"position":0},"title":"M\u00e4dchen Nickelodeon Paw Patrol Cartoon T-Shirt","date":"Juni 15, 2021","format":false,"excerpt":"Kostenloser Versand 1-3 Werktage Kostenlose R\u00fccksendung","rel":"","context":"\u00c4hnlicher Beitrag","img":{"alt_text":"Paw Patrol-T-Shirt","src":"https:\/\/i0.wp.com\/ryfi.online\/wp-content\/uploads\/2021\/06\/se1488_dfu.jpg?resize=350%2C200&ssl=1","width":350,"height":200},"classes":[]},{"id":5467,"url":"https:\/\/ryfi.online\/de\/produkt\/t-shirt-cartoon-von-marvel-avengers-for-kids\/","url_meta":{"origin":9736,"position":1},"title":"Kinder Marvel Avengers Cartoon T-Shirt","date":"Juni 15, 2021","format":false,"excerpt":"Kostenloser Versand 1-3 Werktage Kostenlose R\u00fccksendung","rel":"","context":"\u00c4hnlicher Beitrag","img":{"alt_text":"Avengers-T-Shirt","src":"https:\/\/i0.wp.com\/ryfi.online\/wp-content\/uploads\/2021\/06\/ue1060_gy.jpg?resize=350%2C200&ssl=1","width":350,"height":200},"classes":[]},{"id":5348,"url":"https:\/\/ryfi.online\/de\/produkt\/jungen-nickelodeon-paw-patrol-design-badezimmer-boxer\/","url_meta":{"origin":9736,"position":2},"title":"Nickelodeon Paw Patrol Schwimmboxer f\u00fcr Jungen","date":"Juni 16, 2021","format":false,"excerpt":"Kostenloser Versand 1-3 Werktage Kostenlose R\u00fccksendung","rel":"","context":"\u00c4hnlicher Beitrag","img":{"alt_text":"Paw Patrol Badeanzug","src":"https:\/\/i0.wp.com\/ryfi.online\/wp-content\/uploads\/2021\/06\/ue0102_lna.jpg?resize=350%2C200&ssl=1","width":350,"height":200},"classes":[]},{"id":5764,"url":"https:\/\/ryfi.online\/de\/produkt\/kinder-nickelodeon-paw-patrol-design-baseball-cap\/","url_meta":{"origin":9736,"position":3},"title":"Jungen Nickelodeon Paw Patrol Baseballm\u00fctze UE4157","date":"Juni 9, 2021","format":false,"excerpt":"Kostenloser Versand in 1-3 Werktagen","rel":"","context":"\u00c4hnlicher Beitrag","img":{"alt_text":"Nickelodeon Paw Patrol M\u00fctze","src":"https:\/\/i0.wp.com\/ryfi.online\/wp-content\/uploads\/2021\/06\/ue4157_ye.jpg?resize=350%2C200&ssl=1","width":350,"height":200},"classes":[]},{"id":5474,"url":"https:\/\/ryfi.online\/de\/produkt\/wunderbare-lady-bug-cartoon-t-shirt-fur-madchen\/","url_meta":{"origin":9736,"position":4},"title":"Cartoon-T &#8211; Shirt wunderbarer Dame Bug f\u00fcr M\u00e4dchen","date":"Juni 15, 2021","format":false,"excerpt":"Kostenloser Versand 1-3 Werktage Kostenlose R\u00fccksendung","rel":"","context":"\u00c4hnlicher Beitrag","img":{"alt_text":"Ladybug-T-Shirt","src":"https:\/\/i0.wp.com\/ryfi.online\/wp-content\/uploads\/2021\/06\/et1298_rd.jpg?resize=350%2C200&ssl=1","width":350,"height":200},"classes":[]},{"id":8946,"url":"https:\/\/ryfi.online\/de\/produkt\/kinder-paw-patrol-pyjamas-ev2098\/","url_meta":{"origin":9736,"position":5},"title":"Paw Patrol Schlafanzug f\u00fcr Jungen EV2098","date":"April 30, 2022","format":false,"excerpt":"Schneller und sicherer Versand in 1-3 Werktagen","rel":"","context":"\u00c4hnlicher Beitrag","img":{"alt_text":"Paw Patrol Schlafanzug","src":"https:\/\/i0.wp.com\/ryfi.online\/wp-content\/uploads\/2022\/04\/ev2098.i00.b.jpg?resize=350%2C200&ssl=1","width":350,"height":200},"classes":[]}],"_links":{"self":[{"href":"https:\/\/ryfi.online\/de\/wp-json\/wp\/v2\/product\/9736","targetHints":{"allow":["GET"]}}],"collection":[{"href":"https:\/\/ryfi.online\/de\/wp-json\/wp\/v2\/product"}],"about":[{"href":"https:\/\/ryfi.online\/de\/wp-json\/wp\/v2\/types\/product"}],"replies":[{"embeddable":true,"href":"https:\/\/ryfi.online\/de\/wp-json\/wp\/v2\/comments?post=9736"}],"wp:featuredmedia":[{"embeddable":true,"href":"https:\/\/ryfi.online\/de\/wp-json\/wp\/v2\/media\/7506"}],"wp:attachment":[{"href":"https:\/\/ryfi.online\/de\/wp-json\/wp\/v2\/media?parent=9736"}],"wp:term":[{"taxonomy":"product_brand","embeddable":true,"href":"https:\/\/ryfi.online\/de\/wp-json\/wp\/v2\/product_brand?post=9736"},{"taxonomy":"product_cat","embeddable":true,"href":"https:\/\/ryfi.online\/de\/wp-json\/wp\/v2\/product_cat?post=9736"},{"taxonomy":"product_tag","embeddable":true,"href":"https:\/\/ryfi.online\/de\/wp-json\/wp\/v2\/product_tag?post=9736"}],"curies":[{"name":"wp","href":"https:\/\/api.w.org\/{rel}","templated":true}]}}