{"id":9538,"date":"2022-04-29T16:06:01","date_gmt":"2022-05-02T18:35:25","guid":{"rendered":"https:\/\/ryfi.online\/product\/star-wars-muetze-et4183\/"},"modified":"2022-05-16T17:24:00","modified_gmt":"2022-05-16T17:24:00","slug":"cap-star-wars-et4183","status":"publish","type":"product","link":"https:\/\/ryfi.online\/de\/produkt\/cap-star-wars-et4183\/","title":{"rendered":"Star Wars M\u00fctze ET4183"},"content":{"rendered":"<p>Als Geburtstagsgeschenk, zu Ostern oder einfach so. Mit der sch\u00f6nen M\u00fctze, aus Star Wars, kannst du nichts falsch machen! Der Cappy besteht aus 100 % Baumwolle und 100 % Polyester. Auf der R\u00fcckseite befindet sich ein Klettverschluss f\u00fcr eine perfekte Passform mit kleinen K\u00f6pfen f\u00fcr maximalen Komfort. Die Verarbeitung ist hervorragend und die Farben sehr kr\u00e4ftig. Die Schirmm\u00fctze ist ideal f\u00fcr einen Spaziergang in der Sonne, einen Tag am Pool oder f\u00fcr den Urlaub. So sind die K\u00f6pfe der Kleinen bestens vor der sengenden Sonne gesch\u00fctzt. Der Deckel ist f\u00fcr eine lange Lebensdauer bei 30 \u00b0C maschinenwaschbar, aber Handw\u00e4sche wird empfohlen. Mit dieser M\u00fctze fangen die Kinderaugen an zu strahlen!<\/p>\n<p>&nbsp;<\/p>\n<p><span class=\"a-list-item\">\u2705 Star Wars Baseballkappe f\u00fcr Kinder mit verstellbarem R\u00fccken<\/span><\/p>\n<p><span class=\"a-list-item\">\u2705 Farbe: Blau-Schwarz mit Star Wars Cartoon<br \/>\n<\/span><\/p>\n<p><span class=\"a-list-item\">\u2705 100 % Polyester<\/span><\/p>\n<p id=\"title\" class=\"a-size-large a-spacing-none\"><span id=\"productTitle\" class=\"a-size-large product-title-word-break\"><span class=\"a-list-item\">\u2705<\/span> Einstellbar von 3 bis 8 Jahren <\/span><\/p>\n<p><span id=\"productTitle\" class=\"a-size-large product-title-word-break\"><span class=\"a-list-item\">\u2705 52-54 cm<\/span> <\/span><\/p>\n<p><span id=\"productTitle\" class=\"a-size-large product-title-word-break\"><span class=\"a-list-item\">\u2705 Film Oktober 2021<\/span><\/span><\/p>\n<p>&nbsp;<\/p>\n","protected":false},"excerpt":{"rendered":"<div class=\"woocommerce-product-details__short-description\">\n<p>Schneller und sicherer Versand in 1-3 Werktagen<\/p>\n<p>Kostenlose R\u00fccksendung<\/p>\n<\/div>\n","protected":false},"featured_media":8488,"comment_status":"open","ping_status":"closed","template":"","meta":[],"product_brand":[],"product_cat":[256],"product_tag":[],"class_list":{"0":"post-9538","1":"product","2":"type-product","3":"status-publish","4":"has-post-thumbnail","6":"product_cat-kindermutzen","8":"first","9":"instock","10":"featured","11":"taxable","12":"shipping-taxable","13":"purchasable","14":"product-type-variable"},"yoast_head":"<!-- This site is optimized with the Yoast SEO Premium plugin v17.1.2 (Yoast SEO v27.5) - https:\/\/yoast.com\/product\/yoast-seo-premium-wordpress\/ -->\n<title>Star Wars M\u00fctze ET4183 - Ryfi Online Store<\/title>\n<meta name=\"robots\" content=\"index, follow, max-snippet:-1, max-image-preview:large, max-video-preview:-1\" \/>\n<link rel=\"canonical\" href=\"https:\/\/ryfi.online\/de\/produkt\/cap-star-wars-et4183\/\" \/>\n<meta property=\"og:locale\" content=\"de_DE\" \/>\n<meta property=\"og:type\" content=\"article\" \/>\n<meta property=\"og:title\" content=\"Star Wars M\u00fctze ET4183\" \/>\n<meta property=\"og:description\" content=\"Schneller und sicherer Versand in 1-3 Werktagen Kostenlose R\u00fccksendung\" \/>\n<meta property=\"og:url\" content=\"https:\/\/ryfi.online\/de\/produkt\/cap-star-wars-et4183\/\" \/>\n<meta property=\"og:site_name\" content=\"Ryfi Online Store\" \/>\n<meta property=\"article:publisher\" content=\"https:\/\/www.facebook.com\/ryfi.online\/\" \/>\n<meta property=\"article:modified_time\" content=\"2022-05-16T17:24:00+00:00\" \/>\n<meta property=\"og:image\" content=\"https:\/\/ryfi.online\/wp-content\/uploads\/2022\/04\/et4183.jpg\" \/>\n\t<meta property=\"og:image:width\" content=\"800\" \/>\n\t<meta property=\"og:image:height\" content=\"565\" \/>\n\t<meta property=\"og:image:type\" content=\"image\/jpeg\" \/>\n<meta name=\"twitter:card\" content=\"summary_large_image\" \/>\n<meta name=\"twitter:label1\" content=\"Availability\" \/>\n\t<meta name=\"twitter:data1\" content=\"In stock\" \/>\n<meta property=\"product:brand\" content=\"Kinderm\u00fctzen\" \/>\n<meta property=\"og:availability\" content=\"instock\" \/>\n<meta property=\"product:availability\" content=\"instock\" \/>\n<meta property=\"product:condition\" content=\"new\" \/>\n<!-- \/ Yoast SEO Premium plugin. -->","yoast_head_json":{"title":"Star Wars M\u00fctze ET4183 - Ryfi Online Store","robots":{"index":"index","follow":"follow","max-snippet":"max-snippet:-1","max-image-preview":"max-image-preview:large","max-video-preview":"max-video-preview:-1"},"canonical":"https:\/\/ryfi.online\/de\/produkt\/cap-star-wars-et4183\/","og_locale":"de_DE","og_type":"article","og_title":"Star Wars M\u00fctze ET4183","og_description":"Schneller und sicherer Versand in 1-3 Werktagen Kostenlose R\u00fccksendung","og_url":"https:\/\/ryfi.online\/de\/produkt\/cap-star-wars-et4183\/","og_site_name":"Ryfi Online Store","article_publisher":"https:\/\/www.facebook.com\/ryfi.online\/","article_modified_time":"2022-05-16T17:24:00+00:00","og_image":[{"width":800,"height":565,"url":"https:\/\/ryfi.online\/wp-content\/uploads\/2022\/04\/et4183.jpg","type":"image\/jpeg"}],"twitter_card":"summary_large_image","twitter_misc":{"Availability":"In stock"},"schema":{"@context":"https:\/\/schema.org","@graph":[{"@type":"WebPage","@id":"https:\/\/ryfi.online\/de\/produkt\/cap-star-wars-et4183\/","url":"https:\/\/ryfi.online\/de\/produkt\/cap-star-wars-et4183\/","name":"Star Wars M\u00fctze ET4183 - Ryfi Online Store","isPartOf":{"@id":"https:\/\/ryfi.online\/de\/#website"},"primaryImageOfPage":{"@id":"https:\/\/ryfi.online\/de\/produkt\/cap-star-wars-et4183\/#primaryimage"},"image":{"@id":"https:\/\/ryfi.online\/de\/produkt\/cap-star-wars-et4183\/#primaryimage"},"thumbnailUrl":"https:\/\/ryfi.online\/wp-content\/uploads\/2022\/04\/et4183.jpg","datePublished":"2022-05-02T18:35:25+00:00","dateModified":"2022-05-16T17:24:00+00:00","breadcrumb":{"@id":"https:\/\/ryfi.online\/de\/produkt\/cap-star-wars-et4183\/#breadcrumb"},"inLanguage":"de","potentialAction":[{"@type":"ReadAction","target":["https:\/\/ryfi.online\/de\/produkt\/cap-star-wars-et4183\/"]}]},{"@type":"ImageObject","inLanguage":"de","@id":"https:\/\/ryfi.online\/de\/produkt\/cap-star-wars-et4183\/#primaryimage","url":"https:\/\/ryfi.online\/wp-content\/uploads\/2022\/04\/et4183.jpg","contentUrl":"https:\/\/ryfi.online\/wp-content\/uploads\/2022\/04\/et4183.jpg","width":800,"height":565,"caption":"Star Wars blaue und schwarze Kappe"},{"@type":"BreadcrumbList","@id":"https:\/\/ryfi.online\/de\/produkt\/cap-star-wars-et4183\/#breadcrumb","itemListElement":[{"@type":"ListItem","position":1,"name":"Home","item":"https:\/\/ryfi.online\/de\/"},{"@type":"ListItem","position":2,"name":"Free and Fast Shipping whitin 1-3 Days!!!","item":"https:\/\/ryfi.online\/shop\/"},{"@type":"ListItem","position":3,"name":"Star Wars M\u00fctze ET4183"}]},{"@type":"WebSite","@id":"https:\/\/ryfi.online\/de\/#website","url":"https:\/\/ryfi.online\/de\/","name":"Ryfi Online Store","description":"Online Store","publisher":{"@id":"https:\/\/ryfi.online\/de\/#organization"},"potentialAction":[{"@type":"SearchAction","target":{"@type":"EntryPoint","urlTemplate":"https:\/\/ryfi.online\/de\/?s={search_term_string}"},"query-input":{"@type":"PropertyValueSpecification","valueRequired":true,"valueName":"search_term_string"}}],"inLanguage":"de"},{"@type":"Organization","@id":"https:\/\/ryfi.online\/de\/#organization","name":"Ryan Future Investments LLC","url":"https:\/\/ryfi.online\/de\/","logo":{"@type":"ImageObject","inLanguage":"de","@id":"https:\/\/ryfi.online\/de\/#\/schema\/logo\/image\/","url":"https:\/\/ryfi.online\/wp-content\/uploads\/2021\/03\/2-03.png","contentUrl":"https:\/\/ryfi.online\/wp-content\/uploads\/2021\/03\/2-03.png","width":1010,"height":310,"caption":"Ryan Future Investments LLC"},"image":{"@id":"https:\/\/ryfi.online\/de\/#\/schema\/logo\/image\/"},"sameAs":["https:\/\/www.facebook.com\/ryfi.online\/"]}]},"product_brand":"Kinderm\u00fctzen","og_availability":"instock","product_availability":"instock","product_condition":"new"},"jetpack-related-posts":[{"id":13089,"url":"https:\/\/ryfi.online\/de\/produkt\/paw-patrol-10-chase-plush-toy-standing-plush-with-stitched-detailing-for-ages-3-and-up-2\/","url_meta":{"origin":9538,"position":0},"title":"Paw Patrol &#8211; 10&#8243; Chase Pl\u00fcschspielzeug, stehender Pl\u00fcsch mit gen\u00e4hten Details, f\u00fcr 3 Jahre und \u00e4lter","date":"Mai 4, 2021","format":false,"excerpt":"Kleine PAW Patrol-Fans k\u00f6nnen sich einkuscheln und von Abenteuern mit ihrem Lieblingshund Chase tr\u00e4umen! Dieser 10\" gro\u00dfe Pl\u00fcschwelpe steht von ganz alleine aufrecht und ist bereit f\u00fcr Action! Chase tr\u00e4gt seine typische PAW Patrol Uniform, komplett mit kuscheliger M\u00fctze und PAW Patrol Abzeichen. Er hat sogar Pfotenabdr\u00fccke auf allen Vieren!\u2026","rel":"","context":"\u00c4hnlicher Beitrag","img":{"alt_text":"","src":"https:\/\/i0.wp.com\/ryfi.online\/wp-content\/uploads\/2021\/05\/81c46n9nwAL._AC_SL1500_.jpg?resize=350%2C200&ssl=1","width":350,"height":200},"classes":[]},{"id":9223,"url":"https:\/\/ryfi.online\/de\/produkt\/kurzarm-t-shirt-cars-ev1066\/","url_meta":{"origin":9538,"position":1},"title":"Kurzarm-T-Shirt Autos f\u00fcr Kinder EV1066","date":"April 30, 2022","format":false,"excerpt":"Schneller und sicherer Versand in 1-3 Werktagen","rel":"","context":"\u00c4hnlicher Beitrag","img":{"alt_text":"","src":"https:\/\/i0.wp.com\/ryfi.online\/wp-content\/uploads\/2022\/04\/ev1066.jpg?resize=350%2C200&ssl=1","width":350,"height":200},"classes":[]},{"id":8484,"url":"https:\/\/ryfi.online\/es\/producto\/gorra-star-wars-et4183\/","url_meta":{"origin":9538,"position":2},"title":"Gorra Star Wars ET4183","date":"April 29, 2022","format":false,"excerpt":"Env\u00edo gratuito y r\u00e1pido en 1-3 d\u00edas.","rel":"","context":"\u00c4hnlicher Beitrag","img":{"alt_text":"Gorra Star Wars Azul y Negro","src":"https:\/\/i0.wp.com\/ryfi.online\/wp-content\/uploads\/2022\/04\/et4183.jpg?resize=350%2C200&ssl=1","width":350,"height":200},"classes":[]},{"id":12660,"url":"https:\/\/ryfi.online\/de\/produkt\/set-3-batman-100-calzoncillos-de-algodon-para-ninos-4-5-anos-2\/","url_meta":{"origin":9538,"position":3},"title":"3er-Set Batman aus 100% Algodon f\u00fcr Kinder von 4 bis 5 Jahren","date":"Juli 5, 2021","format":false,"excerpt":"Kostenlose Zusendung 1-3 Tage Kostenlose Abgabe","rel":"","context":"\u00c4hnlicher Beitrag","img":{"alt_text":"","src":"","width":0,"height":0},"classes":[]}],"_links":{"self":[{"href":"https:\/\/ryfi.online\/de\/wp-json\/wp\/v2\/product\/9538","targetHints":{"allow":["GET"]}}],"collection":[{"href":"https:\/\/ryfi.online\/de\/wp-json\/wp\/v2\/product"}],"about":[{"href":"https:\/\/ryfi.online\/de\/wp-json\/wp\/v2\/types\/product"}],"replies":[{"embeddable":true,"href":"https:\/\/ryfi.online\/de\/wp-json\/wp\/v2\/comments?post=9538"}],"wp:featuredmedia":[{"embeddable":true,"href":"https:\/\/ryfi.online\/de\/wp-json\/wp\/v2\/media\/8488"}],"wp:attachment":[{"href":"https:\/\/ryfi.online\/de\/wp-json\/wp\/v2\/media?parent=9538"}],"wp:term":[{"taxonomy":"product_brand","embeddable":true,"href":"https:\/\/ryfi.online\/de\/wp-json\/wp\/v2\/product_brand?post=9538"},{"taxonomy":"product_cat","embeddable":true,"href":"https:\/\/ryfi.online\/de\/wp-json\/wp\/v2\/product_cat?post=9538"},{"taxonomy":"product_tag","embeddable":true,"href":"https:\/\/ryfi.online\/de\/wp-json\/wp\/v2\/product_tag?post=9538"}],"curies":[{"name":"wp","href":"https:\/\/api.w.org\/{rel}","templated":true}]}}