{"id":9462,"date":"2022-04-29T16:33:17","date_gmt":"2022-05-02T18:27:38","guid":{"rendered":"https:\/\/ryfi.online\/product\/minions-t-shirt-fuer-kinder-et6729\/"},"modified":"2025-05-24T00:22:42","modified_gmt":"2025-05-24T00:22:42","slug":"t-shirt-minions-et6729","status":"publish","type":"product","link":"https:\/\/ryfi.online\/de\/produkt\/t-shirt-minions-et6729\/","title":{"rendered":"Minions-T-Shirt f\u00fcr Kinder ET6729"},"content":{"rendered":"<p>Als Geburtstagsgeschenk, zu Ostern oder einfach so. Mit diesem wundersch\u00f6nen Minions T-Shirt kann man nichts falsch machen! Die Verarbeitung ist hervorragend und die Farben sehr kr\u00e4ftig. Maschinenwaschbar bei 30\u00b0C, f\u00fcr lange Lebensdauer, aber Handw\u00e4sche wird empfohlen. Mit diesem Shirt fangen die Kinderaugen an zu strahlen!<\/p>\n<p>&nbsp;<\/p>\n<p><span class=\"a-list-item\">\u2705 Minions Kinder T-Shirt<br \/>\n<\/span><\/p>\n<p><span class=\"a-list-item\">\u2705 Farbe: Wei\u00df<\/span><\/p>\n<p><span class=\"a-list-item\">\u2705 100 % Baumwolle, <\/span><\/p>\n<p id=\"title\" class=\"a-size-large a-spacing-none\"><span id=\"productTitle\" class=\"a-size-large product-title-word-break\"><span class=\"a-list-item\">\u2705<\/span> Alter: 3 Jahre, 5 Jahre, 6 Jahre, 8 Jahre<\/span><\/p>\n","protected":false},"excerpt":{"rendered":"<p>Schneller und sicherer Versand in 1-3 Werktagen<\/p>\n","protected":false},"featured_media":8515,"comment_status":"open","ping_status":"closed","template":"","meta":[],"product_brand":[],"product_cat":[210],"product_tag":[],"class_list":{"0":"post-9462","1":"product","2":"type-product","3":"status-publish","4":"has-post-thumbnail","6":"product_cat-jungen-t-shirt","8":"first","9":"instock","10":"featured","11":"purchasable","12":"product-type-variable"},"yoast_head":"<!-- This site is optimized with the Yoast SEO Premium plugin v17.1.2 (Yoast SEO v27.4) - https:\/\/yoast.com\/product\/yoast-seo-premium-wordpress\/ -->\n<title>Minions-T-Shirt f\u00fcr Kinder ET6729 - Ryfi Online Store<\/title>\n<meta name=\"robots\" content=\"index, follow, max-snippet:-1, max-image-preview:large, max-video-preview:-1\" \/>\n<link rel=\"canonical\" href=\"https:\/\/ryfi.online\/de\/produkt\/t-shirt-minions-et6729\/\" \/>\n<meta property=\"og:locale\" content=\"de_DE\" \/>\n<meta property=\"og:type\" content=\"article\" \/>\n<meta property=\"og:title\" content=\"Minions-T-Shirt f\u00fcr Kinder ET6729\" \/>\n<meta property=\"og:description\" content=\"Schneller und sicherer Versand in 1-3 Werktagen\" \/>\n<meta property=\"og:url\" content=\"https:\/\/ryfi.online\/de\/produkt\/t-shirt-minions-et6729\/\" \/>\n<meta property=\"og:site_name\" content=\"Ryfi Online Store\" \/>\n<meta property=\"article:publisher\" content=\"https:\/\/www.facebook.com\/ryfi.online\/\" \/>\n<meta property=\"article:modified_time\" content=\"2025-05-24T00:22:42+00:00\" \/>\n<meta property=\"og:image\" content=\"https:\/\/ryfi.online\/wp-content\/uploads\/2022\/04\/et6729.e18-scaled.jpg\" \/>\n\t<meta property=\"og:image:width\" content=\"2560\" \/>\n\t<meta property=\"og:image:height\" content=\"1810\" \/>\n\t<meta property=\"og:image:type\" content=\"image\/jpeg\" \/>\n<meta name=\"twitter:card\" content=\"summary_large_image\" \/>\n<meta name=\"twitter:label1\" content=\"Availability\" \/>\n\t<meta name=\"twitter:data1\" content=\"In stock\" \/>\n<meta property=\"product:brand\" content=\"Jungen T-Shirt\" \/>\n<meta property=\"og:availability\" content=\"instock\" \/>\n<meta property=\"product:availability\" content=\"instock\" \/>\n<meta property=\"product:condition\" content=\"new\" \/>\n<!-- \/ Yoast SEO Premium plugin. -->","yoast_head_json":{"title":"Minions-T-Shirt f\u00fcr Kinder ET6729 - Ryfi Online Store","robots":{"index":"index","follow":"follow","max-snippet":"max-snippet:-1","max-image-preview":"max-image-preview:large","max-video-preview":"max-video-preview:-1"},"canonical":"https:\/\/ryfi.online\/de\/produkt\/t-shirt-minions-et6729\/","og_locale":"de_DE","og_type":"article","og_title":"Minions-T-Shirt f\u00fcr Kinder ET6729","og_description":"Schneller und sicherer Versand in 1-3 Werktagen","og_url":"https:\/\/ryfi.online\/de\/produkt\/t-shirt-minions-et6729\/","og_site_name":"Ryfi Online Store","article_publisher":"https:\/\/www.facebook.com\/ryfi.online\/","article_modified_time":"2025-05-24T00:22:42+00:00","og_image":[{"width":2560,"height":1810,"url":"https:\/\/ryfi.online\/wp-content\/uploads\/2022\/04\/et6729.e18-scaled.jpg","type":"image\/jpeg"}],"twitter_card":"summary_large_image","twitter_misc":{"Availability":"In stock"},"schema":{"@context":"https:\/\/schema.org","@graph":[{"@type":"WebPage","@id":"https:\/\/ryfi.online\/de\/produkt\/t-shirt-minions-et6729\/","url":"https:\/\/ryfi.online\/de\/produkt\/t-shirt-minions-et6729\/","name":"Minions-T-Shirt f\u00fcr Kinder ET6729 - Ryfi Online Store","isPartOf":{"@id":"https:\/\/ryfi.online\/de\/#website"},"primaryImageOfPage":{"@id":"https:\/\/ryfi.online\/de\/produkt\/t-shirt-minions-et6729\/#primaryimage"},"image":{"@id":"https:\/\/ryfi.online\/de\/produkt\/t-shirt-minions-et6729\/#primaryimage"},"thumbnailUrl":"https:\/\/ryfi.online\/wp-content\/uploads\/2022\/04\/et6729.e18-scaled.jpg","datePublished":"2022-05-02T18:27:38+00:00","dateModified":"2025-05-24T00:22:42+00:00","breadcrumb":{"@id":"https:\/\/ryfi.online\/de\/produkt\/t-shirt-minions-et6729\/#breadcrumb"},"inLanguage":"de","potentialAction":[{"@type":"ReadAction","target":["https:\/\/ryfi.online\/de\/produkt\/t-shirt-minions-et6729\/"]}]},{"@type":"ImageObject","inLanguage":"de","@id":"https:\/\/ryfi.online\/de\/produkt\/t-shirt-minions-et6729\/#primaryimage","url":"https:\/\/ryfi.online\/wp-content\/uploads\/2022\/04\/et6729.e18-scaled.jpg","contentUrl":"https:\/\/ryfi.online\/wp-content\/uploads\/2022\/04\/et6729.e18-scaled.jpg","width":2560,"height":1810},{"@type":"BreadcrumbList","@id":"https:\/\/ryfi.online\/de\/produkt\/t-shirt-minions-et6729\/#breadcrumb","itemListElement":[{"@type":"ListItem","position":1,"name":"Home","item":"https:\/\/ryfi.online\/de\/"},{"@type":"ListItem","position":2,"name":"Free and Fast Shipping whitin 1-3 Days!!!","item":"https:\/\/ryfi.online\/shop\/"},{"@type":"ListItem","position":3,"name":"Minions-T-Shirt f\u00fcr Kinder ET6729"}]},{"@type":"WebSite","@id":"https:\/\/ryfi.online\/de\/#website","url":"https:\/\/ryfi.online\/de\/","name":"Ryfi Online Store","description":"Online Store","publisher":{"@id":"https:\/\/ryfi.online\/de\/#organization"},"potentialAction":[{"@type":"SearchAction","target":{"@type":"EntryPoint","urlTemplate":"https:\/\/ryfi.online\/de\/?s={search_term_string}"},"query-input":{"@type":"PropertyValueSpecification","valueRequired":true,"valueName":"search_term_string"}}],"inLanguage":"de"},{"@type":"Organization","@id":"https:\/\/ryfi.online\/de\/#organization","name":"Ryan Future Investments LLC","url":"https:\/\/ryfi.online\/de\/","logo":{"@type":"ImageObject","inLanguage":"de","@id":"https:\/\/ryfi.online\/de\/#\/schema\/logo\/image\/","url":"https:\/\/ryfi.online\/wp-content\/uploads\/2021\/03\/2-03.png","contentUrl":"https:\/\/ryfi.online\/wp-content\/uploads\/2021\/03\/2-03.png","width":1010,"height":310,"caption":"Ryan Future Investments LLC"},"image":{"@id":"https:\/\/ryfi.online\/de\/#\/schema\/logo\/image\/"},"sameAs":["https:\/\/www.facebook.com\/ryfi.online\/"]}]},"product_brand":"Jungen T-Shirt","og_availability":"instock","product_availability":"instock","product_condition":"new"},"jetpack-related-posts":[{"id":9076,"url":"https:\/\/ryfi.online\/de\/produkt\/batman-kurzarm-t-shirt-ev1215\/","url_meta":{"origin":9462,"position":0},"title":"Batman-T-Shirt f\u00fcr Kinder EV1215","date":"April 30, 2022","format":false,"excerpt":"Schneller und sicherer Versand in 1-3 Werktagen","rel":"","context":"\u00c4hnlicher Beitrag","img":{"alt_text":"","src":"https:\/\/i0.wp.com\/ryfi.online\/wp-content\/uploads\/2022\/04\/ev1215.jpg?resize=350%2C200&ssl=1","width":350,"height":200},"classes":[]},{"id":9427,"url":"https:\/\/ryfi.online\/de\/produkt\/kurzarm-t-shirt-avengers-ev1060\/","url_meta":{"origin":9462,"position":1},"title":"Avengers Kurzarm-T-Shirt f\u00fcr Kinder EV1060","date":"April 29, 2022","format":false,"excerpt":"Schneller und sicherer Versand in 1-3 Werktagen","rel":"","context":"\u00c4hnlicher Beitrag","img":{"alt_text":"","src":"https:\/\/i0.wp.com\/ryfi.online\/wp-content\/uploads\/2022\/04\/ev1060.jpg?resize=350%2C200&ssl=1","width":350,"height":200},"classes":[]},{"id":9553,"url":"https:\/\/ryfi.online\/de\/produkt\/spiderman-kinder-t-shirt-und-hosen\/","url_meta":{"origin":9462,"position":2},"title":"Spiderman Kinder T-Shirt und Hose im Set UE1109","date":"April 19, 2022","format":false,"excerpt":"Schneller und sicherer Versand in 1-3 Werktagen","rel":"","context":"\u00c4hnlicher Beitrag","img":{"alt_text":"Spiderman-Set","src":"https:\/\/i0.wp.com\/ryfi.online\/wp-content\/uploads\/2022\/04\/img_142084_b9dd3931f3ae76581b7aae01014ee611_20.jpg?resize=350%2C200&ssl=1","width":350,"height":200},"classes":[]},{"id":4855,"url":"https:\/\/ryfi.online\/de\/produkt\/marvel-avengers-kinder-t-shirt-und-short\/","url_meta":{"origin":9462,"position":3},"title":"Avengers Kinder T-Shirt und Hose im Set UE1068","date":"Juli 30, 2021","format":false,"excerpt":"Schneller und sicherer Versand in 1-3 Werktagen","rel":"","context":"\u00c4hnlicher Beitrag","img":{"alt_text":"Conjunto camiseta pantalones Avengers","src":"https:\/\/i0.wp.com\/ryfi.online\/wp-content\/uploads\/2021\/07\/ue1068.jpg?resize=350%2C200&ssl=1","width":350,"height":200},"classes":[]},{"id":9610,"url":"https:\/\/ryfi.online\/de\/produkt\/set-autos-kinder-t-shirt-und-hosen-kopie\/","url_meta":{"origin":9462,"position":4},"title":"Cars Kinder T-Shirt und Hose im Set ET1081","date":"April 21, 2022","format":false,"excerpt":"Schneller und sicherer Versand in 1-3 Werktagen","rel":"","context":"\u00c4hnlicher Beitrag","img":{"alt_text":"Conjunto camiseta pantalones Cars","src":"https:\/\/i0.wp.com\/ryfi.online\/wp-content\/uploads\/2022\/04\/et1081.jpg?resize=350%2C200&ssl=1","width":350,"height":200},"classes":[]},{"id":9391,"url":"https:\/\/ryfi.online\/de\/produkt\/set-spiderman-ev1057\/","url_meta":{"origin":9462,"position":5},"title":"Spiderman-Set f\u00fcr Kinder EV1057","date":"April 29, 2022","format":false,"excerpt":"Schneller und sicherer Versand in 1-3 Werktagen","rel":"","context":"\u00c4hnlicher Beitrag","img":{"alt_text":"","src":"https:\/\/i0.wp.com\/ryfi.online\/wp-content\/uploads\/2022\/04\/ev1057.jpg?resize=350%2C200&ssl=1","width":350,"height":200},"classes":[]}],"_links":{"self":[{"href":"https:\/\/ryfi.online\/de\/wp-json\/wp\/v2\/product\/9462","targetHints":{"allow":["GET"]}}],"collection":[{"href":"https:\/\/ryfi.online\/de\/wp-json\/wp\/v2\/product"}],"about":[{"href":"https:\/\/ryfi.online\/de\/wp-json\/wp\/v2\/types\/product"}],"replies":[{"embeddable":true,"href":"https:\/\/ryfi.online\/de\/wp-json\/wp\/v2\/comments?post=9462"}],"wp:featuredmedia":[{"embeddable":true,"href":"https:\/\/ryfi.online\/de\/wp-json\/wp\/v2\/media\/8515"}],"wp:attachment":[{"href":"https:\/\/ryfi.online\/de\/wp-json\/wp\/v2\/media?parent=9462"}],"wp:term":[{"taxonomy":"product_brand","embeddable":true,"href":"https:\/\/ryfi.online\/de\/wp-json\/wp\/v2\/product_brand?post=9462"},{"taxonomy":"product_cat","embeddable":true,"href":"https:\/\/ryfi.online\/de\/wp-json\/wp\/v2\/product_cat?post=9462"},{"taxonomy":"product_tag","embeddable":true,"href":"https:\/\/ryfi.online\/de\/wp-json\/wp\/v2\/product_tag?post=9462"}],"curies":[{"name":"wp","href":"https:\/\/api.w.org\/{rel}","templated":true}]}}