{"id":9304,"date":"2022-04-29T18:06:33","date_gmt":"2022-05-02T18:18:24","guid":{"rendered":"https:\/\/ryfi.online\/product\/peppa-pig-t-shirt-fuer-maedchen-ue1120\/"},"modified":"2022-05-16T17:13:55","modified_gmt":"2022-05-16T17:13:55","slug":"peppa-pig-t-shirt-ue1120","status":"publish","type":"product","link":"https:\/\/ryfi.online\/de\/produkt\/peppa-pig-t-shirt-ue1120\/","title":{"rendered":"Peppa Pig T-Shirt f\u00fcr M\u00e4dchen UE1120"},"content":{"rendered":"<p>Als Geburtstagsgeschenk, zu Ostern oder einfach so. Mit diesem wundersch\u00f6nen Peppa Pig T-Shirt k\u00f6nnen Sie nichts falsch machen! Die Verarbeitung ist hervorragend und die Farben sehr kr\u00e4ftig. Maschinenwaschbar bei 30\u00b0C, f\u00fcr lange Lebensdauer, aber Handw\u00e4sche wird empfohlen. Mit diesem Shirt fangen die Kinderaugen an zu strahlen!<\/p>\n<p>&nbsp;<\/p>\n<p>\u2705 Peppa Wutz M\u00e4dchen T-Shirt<\/p>\n<p>\u2705 Farbe: Wei\u00df-Fuchsia<\/p>\n<p>\u2705 100 % Baumwolle,<\/p>\n<p>\u2705 Alter: 3 Jahre, 4 Jahre, 5 Jahre, 6 Jahre<\/p>\n","protected":false},"excerpt":{"rendered":"<p>Schneller und sicherer Versand in 1-3 Werktagen<\/p>\n","protected":false},"featured_media":8648,"comment_status":"open","ping_status":"closed","template":"","meta":[],"product_brand":[],"product_cat":[210,248],"product_tag":[],"class_list":{"0":"post-9304","1":"product","2":"type-product","3":"status-publish","4":"has-post-thumbnail","6":"product_cat-jungen-t-shirt","7":"product_cat-madchen-set","9":"first","10":"instock","11":"featured","12":"taxable","13":"shipping-taxable","14":"purchasable","15":"product-type-variable"},"yoast_head":"<!-- This site is optimized with the Yoast SEO Premium plugin v17.1.2 (Yoast SEO v27.4) - https:\/\/yoast.com\/product\/yoast-seo-premium-wordpress\/ -->\n<title>Peppa Pig T-Shirt f\u00fcr M\u00e4dchen UE1120 - Ryfi Online Store<\/title>\n<meta name=\"robots\" content=\"index, follow, max-snippet:-1, max-image-preview:large, max-video-preview:-1\" \/>\n<link rel=\"canonical\" href=\"https:\/\/ryfi.online\/de\/produkt\/peppa-pig-t-shirt-ue1120\/\" \/>\n<meta property=\"og:locale\" content=\"de_DE\" \/>\n<meta property=\"og:type\" content=\"article\" \/>\n<meta property=\"og:title\" content=\"Peppa Pig T-Shirt f\u00fcr M\u00e4dchen UE1120\" \/>\n<meta property=\"og:description\" content=\"Schneller und sicherer Versand in 1-3 Werktagen\" \/>\n<meta property=\"og:url\" content=\"https:\/\/ryfi.online\/de\/produkt\/peppa-pig-t-shirt-ue1120\/\" \/>\n<meta property=\"og:site_name\" content=\"Ryfi Online Store\" \/>\n<meta property=\"article:publisher\" content=\"https:\/\/www.facebook.com\/ryfi.online\/\" \/>\n<meta property=\"article:modified_time\" content=\"2022-05-16T17:13:55+00:00\" \/>\n<meta property=\"og:image\" content=\"https:\/\/ryfi.online\/wp-content\/uploads\/2022\/04\/ue1120.jpg\" \/>\n\t<meta property=\"og:image:width\" content=\"800\" \/>\n\t<meta property=\"og:image:height\" content=\"565\" \/>\n\t<meta property=\"og:image:type\" content=\"image\/jpeg\" \/>\n<meta name=\"twitter:card\" content=\"summary_large_image\" \/>\n<meta name=\"twitter:label1\" content=\"Availability\" \/>\n\t<meta name=\"twitter:data1\" content=\"In stock\" \/>\n<meta property=\"product:brand\" content=\"Jungen T-Shirt\" \/>\n<meta property=\"og:availability\" content=\"instock\" \/>\n<meta property=\"product:availability\" content=\"instock\" \/>\n<meta property=\"product:condition\" content=\"new\" \/>\n<!-- \/ Yoast SEO Premium plugin. -->","yoast_head_json":{"title":"Peppa Pig T-Shirt f\u00fcr M\u00e4dchen UE1120 - Ryfi Online Store","robots":{"index":"index","follow":"follow","max-snippet":"max-snippet:-1","max-image-preview":"max-image-preview:large","max-video-preview":"max-video-preview:-1"},"canonical":"https:\/\/ryfi.online\/de\/produkt\/peppa-pig-t-shirt-ue1120\/","og_locale":"de_DE","og_type":"article","og_title":"Peppa Pig T-Shirt f\u00fcr M\u00e4dchen UE1120","og_description":"Schneller und sicherer Versand in 1-3 Werktagen","og_url":"https:\/\/ryfi.online\/de\/produkt\/peppa-pig-t-shirt-ue1120\/","og_site_name":"Ryfi Online Store","article_publisher":"https:\/\/www.facebook.com\/ryfi.online\/","article_modified_time":"2022-05-16T17:13:55+00:00","og_image":[{"width":800,"height":565,"url":"https:\/\/ryfi.online\/wp-content\/uploads\/2022\/04\/ue1120.jpg","type":"image\/jpeg"}],"twitter_card":"summary_large_image","twitter_misc":{"Availability":"In stock"},"schema":{"@context":"https:\/\/schema.org","@graph":[{"@type":"WebPage","@id":"https:\/\/ryfi.online\/de\/produkt\/peppa-pig-t-shirt-ue1120\/","url":"https:\/\/ryfi.online\/de\/produkt\/peppa-pig-t-shirt-ue1120\/","name":"Peppa Pig T-Shirt f\u00fcr M\u00e4dchen UE1120 - Ryfi Online Store","isPartOf":{"@id":"https:\/\/ryfi.online\/de\/#website"},"primaryImageOfPage":{"@id":"https:\/\/ryfi.online\/de\/produkt\/peppa-pig-t-shirt-ue1120\/#primaryimage"},"image":{"@id":"https:\/\/ryfi.online\/de\/produkt\/peppa-pig-t-shirt-ue1120\/#primaryimage"},"thumbnailUrl":"https:\/\/ryfi.online\/wp-content\/uploads\/2022\/04\/ue1120.jpg","datePublished":"2022-05-02T18:18:24+00:00","dateModified":"2022-05-16T17:13:55+00:00","breadcrumb":{"@id":"https:\/\/ryfi.online\/de\/produkt\/peppa-pig-t-shirt-ue1120\/#breadcrumb"},"inLanguage":"de","potentialAction":[{"@type":"ReadAction","target":["https:\/\/ryfi.online\/de\/produkt\/peppa-pig-t-shirt-ue1120\/"]}]},{"@type":"ImageObject","inLanguage":"de","@id":"https:\/\/ryfi.online\/de\/produkt\/peppa-pig-t-shirt-ue1120\/#primaryimage","url":"https:\/\/ryfi.online\/wp-content\/uploads\/2022\/04\/ue1120.jpg","contentUrl":"https:\/\/ryfi.online\/wp-content\/uploads\/2022\/04\/ue1120.jpg","width":800,"height":565},{"@type":"BreadcrumbList","@id":"https:\/\/ryfi.online\/de\/produkt\/peppa-pig-t-shirt-ue1120\/#breadcrumb","itemListElement":[{"@type":"ListItem","position":1,"name":"Home","item":"https:\/\/ryfi.online\/de\/"},{"@type":"ListItem","position":2,"name":"Free and Fast Shipping whitin 1-3 Days!!!","item":"https:\/\/ryfi.online\/shop\/"},{"@type":"ListItem","position":3,"name":"Peppa Pig T-Shirt f\u00fcr M\u00e4dchen UE1120"}]},{"@type":"WebSite","@id":"https:\/\/ryfi.online\/de\/#website","url":"https:\/\/ryfi.online\/de\/","name":"Ryfi Online Store","description":"Online Store","publisher":{"@id":"https:\/\/ryfi.online\/de\/#organization"},"potentialAction":[{"@type":"SearchAction","target":{"@type":"EntryPoint","urlTemplate":"https:\/\/ryfi.online\/de\/?s={search_term_string}"},"query-input":{"@type":"PropertyValueSpecification","valueRequired":true,"valueName":"search_term_string"}}],"inLanguage":"de"},{"@type":"Organization","@id":"https:\/\/ryfi.online\/de\/#organization","name":"Ryan Future Investments LLC","url":"https:\/\/ryfi.online\/de\/","logo":{"@type":"ImageObject","inLanguage":"de","@id":"https:\/\/ryfi.online\/de\/#\/schema\/logo\/image\/","url":"https:\/\/ryfi.online\/wp-content\/uploads\/2021\/03\/2-03.png","contentUrl":"https:\/\/ryfi.online\/wp-content\/uploads\/2021\/03\/2-03.png","width":1010,"height":310,"caption":"Ryan Future Investments LLC"},"image":{"@id":"https:\/\/ryfi.online\/de\/#\/schema\/logo\/image\/"},"sameAs":["https:\/\/www.facebook.com\/ryfi.online\/"]}]},"product_brand":"Jungen T-Shirt","og_availability":"instock","product_availability":"instock","product_condition":"new"},"jetpack-related-posts":[{"id":3926,"url":"https:\/\/ryfi.online\/de\/produkt\/madchen-jogginghose-mit-peppa-pig-print\/","url_meta":{"origin":9304,"position":0},"title":"M\u00e4dchen-Jogginghose mit Peppa Pig-Aufdruck TH1251","date":"Oktober 8, 2021","format":false,"excerpt":"Schneller und sicherer Versand in 1-3 Werktagen","rel":"","context":"\u00c4hnlicher Beitrag","img":{"alt_text":"Trainingsanzug f\u00fcr M\u00e4dchen Peppa Pig","src":"https:\/\/i0.wp.com\/ryfi.online\/wp-content\/uploads\/2021\/10\/th1251-Copy.jpg?resize=350%2C200&ssl=1","width":350,"height":200},"classes":[]},{"id":9763,"url":"https:\/\/ryfi.online\/de\/produkt\/t-shirt-mit-disney-frozen-design-fur-madchen\/","url_meta":{"origin":9304,"position":1},"title":"Disney Frozen T-Shirt f\u00fcr M\u00e4dchen","date":"Juni 9, 2021","format":false,"excerpt":"Kostenloser Versand 1-3 Werktage Kostenlose R\u00fccksendung","rel":"","context":"\u00c4hnlicher Beitrag","img":{"alt_text":"Disney Frozen-T-Shirt","src":"https:\/\/i0.wp.com\/ryfi.online\/wp-content\/uploads\/2021\/06\/ET1222_WH.jpg?resize=350%2C200&ssl=1","width":350,"height":200},"classes":[]},{"id":9541,"url":"https:\/\/ryfi.online\/de\/produkt\/kurzarm-t-shirt-frozen-ev1017\/","url_meta":{"origin":9304,"position":2},"title":"Gefrorenes Kurzarm-T-Shirt f\u00fcr M\u00e4dchen EV1017","date":"April 29, 2022","format":false,"excerpt":"Schneller und sicherer Versand in 1-3 Werktagen","rel":"","context":"\u00c4hnlicher Beitrag","img":{"alt_text":"","src":"https:\/\/i0.wp.com\/ryfi.online\/wp-content\/uploads\/2022\/04\/ev1017.jpg?resize=350%2C200&ssl=1","width":350,"height":200},"classes":[]},{"id":9118,"url":"https:\/\/ryfi.online\/de\/produkt\/kurzarm-t-shirt-minnie-ev1081\/","url_meta":{"origin":9304,"position":3},"title":"Minnie Kurzarm-T-Shirt f\u00fcr M\u00e4dchen EV1081","date":"April 30, 2022","format":false,"excerpt":"Schneller und sicherer Versand in 1-3 Werktagen","rel":"","context":"\u00c4hnlicher Beitrag","img":{"alt_text":"Minnie-T-Shirt","src":"https:\/\/i0.wp.com\/ryfi.online\/wp-content\/uploads\/2022\/04\/ev1081.jpg?resize=350%2C200&ssl=1","width":350,"height":200},"classes":[]},{"id":9324,"url":"https:\/\/ryfi.online\/de\/produkt\/disney-prinzessin-t-shirt-se1126\/","url_meta":{"origin":9304,"position":4},"title":"Disney Princess T-Shirt f\u00fcr M\u00e4dchen SE1126","date":"April 29, 2022","format":false,"excerpt":"Schneller und sicherer Versand in 1-3 Werktagen","rel":"","context":"\u00c4hnlicher Beitrag","img":{"alt_text":"Prinzessin-T-Shirt","src":"https:\/\/i0.wp.com\/ryfi.online\/wp-content\/uploads\/2022\/04\/se1126.jpg?resize=350%2C200&ssl=1","width":350,"height":200},"classes":[]},{"id":6117,"url":"https:\/\/ryfi.online\/de\/produkt\/t-shirt-mit-disney-minnie-design-fur-madchen\/","url_meta":{"origin":9304,"position":5},"title":"M\u00e4dchen Disney Minnie Mouse T-Shirt ET1119","date":"Juni 9, 2021","format":false,"excerpt":"Kostenloser Versand 1-3 Werktage Kostenlose R\u00fccksendung","rel":"","context":"\u00c4hnlicher Beitrag","img":{"alt_text":"Minnie Maus-T-Shirt","src":"https:\/\/i0.wp.com\/ryfi.online\/wp-content\/uploads\/2021\/06\/ET1119_REF1.jpg?resize=350%2C200&ssl=1","width":350,"height":200},"classes":[]}],"_links":{"self":[{"href":"https:\/\/ryfi.online\/de\/wp-json\/wp\/v2\/product\/9304","targetHints":{"allow":["GET"]}}],"collection":[{"href":"https:\/\/ryfi.online\/de\/wp-json\/wp\/v2\/product"}],"about":[{"href":"https:\/\/ryfi.online\/de\/wp-json\/wp\/v2\/types\/product"}],"replies":[{"embeddable":true,"href":"https:\/\/ryfi.online\/de\/wp-json\/wp\/v2\/comments?post=9304"}],"wp:featuredmedia":[{"embeddable":true,"href":"https:\/\/ryfi.online\/de\/wp-json\/wp\/v2\/media\/8648"}],"wp:attachment":[{"href":"https:\/\/ryfi.online\/de\/wp-json\/wp\/v2\/media?parent=9304"}],"wp:term":[{"taxonomy":"product_brand","embeddable":true,"href":"https:\/\/ryfi.online\/de\/wp-json\/wp\/v2\/product_brand?post=9304"},{"taxonomy":"product_cat","embeddable":true,"href":"https:\/\/ryfi.online\/de\/wp-json\/wp\/v2\/product_cat?post=9304"},{"taxonomy":"product_tag","embeddable":true,"href":"https:\/\/ryfi.online\/de\/wp-json\/wp\/v2\/product_tag?post=9304"}],"curies":[{"name":"wp","href":"https:\/\/api.w.org\/{rel}","templated":true}]}}