{"id":9278,"date":"2022-04-29T18:16:26","date_gmt":"2022-05-02T18:18:14","guid":{"rendered":"https:\/\/ryfi.online\/product\/gefrorene-muetze-fuer-maedchen-ue4140\/"},"modified":"2022-05-16T17:12:21","modified_gmt":"2022-05-16T17:12:21","slug":"cap-frozen-ue4140","status":"publish","type":"product","link":"https:\/\/ryfi.online\/de\/produkt\/cap-frozen-ue4140\/","title":{"rendered":"Gefrorene M\u00fctze f\u00fcr M\u00e4dchen UE4140"},"content":{"rendered":"<p>Als Geburtstagsgeschenk, zu Ostern oder einfach so. Mit der sch\u00f6nen M\u00fctze von Frozen k\u00f6nnen Sie nichts falsch machen! Der Cappy besteht aus 100 % Baumwolle und 100 % Polyester. Auf der R\u00fcckseite befindet sich ein Klettverschluss f\u00fcr eine perfekte Passform mit kleinen K\u00f6pfen f\u00fcr maximalen Komfort. Die Verarbeitung ist hervorragend und die Farben sehr kr\u00e4ftig. Die Schirmm\u00fctze ist ideal f\u00fcr einen Spaziergang in der Sonne, einen Tag am Pool oder f\u00fcr den Urlaub. So sind die K\u00f6pfe der Kleinen bestens vor der sengenden Sonne gesch\u00fctzt. Der Deckel ist f\u00fcr eine lange Lebensdauer bei 30 \u00b0C maschinenwaschbar, aber Handw\u00e4sche wird empfohlen. Mit dieser M\u00fctze fangen die Kinderaugen an zu strahlen!<\/p>\n<p>&nbsp;<\/p>\n<p>\u2705 Frozen M\u00fctze f\u00fcr M\u00e4dchen<\/p>\n<p>\u2705 Farbe: Lila-Blau<\/p>\n<p>\u2705 100 % Baumwolle<\/p>\n<p>\u2705 Gr\u00f6\u00dfe: 52-54<\/p>\n","protected":false},"excerpt":{"rendered":"<p>Schneller und sicherer Versand in 1-3 Werktagen<\/p>\n","protected":false},"featured_media":8679,"comment_status":"open","ping_status":"closed","template":"","meta":[],"product_brand":[],"product_cat":[256],"product_tag":[],"class_list":{"0":"post-9278","1":"product","2":"type-product","3":"status-publish","4":"has-post-thumbnail","6":"product_cat-kindermutzen","8":"first","9":"instock","10":"featured","11":"taxable","12":"shipping-taxable","13":"purchasable","14":"product-type-variable"},"yoast_head":"<!-- This site is optimized with the Yoast SEO Premium plugin v17.1.2 (Yoast SEO v27.4) - https:\/\/yoast.com\/product\/yoast-seo-premium-wordpress\/ -->\n<title>Gefrorene M\u00fctze f\u00fcr M\u00e4dchen UE4140 - Ryfi Online Store<\/title>\n<meta name=\"robots\" content=\"index, follow, max-snippet:-1, max-image-preview:large, max-video-preview:-1\" \/>\n<link rel=\"canonical\" href=\"https:\/\/ryfi.online\/de\/produkt\/cap-frozen-ue4140\/\" \/>\n<meta property=\"og:locale\" content=\"de_DE\" \/>\n<meta property=\"og:type\" content=\"article\" \/>\n<meta property=\"og:title\" content=\"Gefrorene M\u00fctze f\u00fcr M\u00e4dchen UE4140\" \/>\n<meta property=\"og:description\" content=\"Schneller und sicherer Versand in 1-3 Werktagen\" \/>\n<meta property=\"og:url\" content=\"https:\/\/ryfi.online\/de\/produkt\/cap-frozen-ue4140\/\" \/>\n<meta property=\"og:site_name\" content=\"Ryfi Online Store\" \/>\n<meta property=\"article:publisher\" content=\"https:\/\/www.facebook.com\/ryfi.online\/\" \/>\n<meta property=\"article:modified_time\" content=\"2022-05-16T17:12:21+00:00\" \/>\n<meta property=\"og:image\" content=\"https:\/\/ryfi.online\/wp-content\/uploads\/2022\/04\/ue4140_lna.jpg\" \/>\n\t<meta property=\"og:image:width\" content=\"800\" \/>\n\t<meta property=\"og:image:height\" content=\"1200\" \/>\n\t<meta property=\"og:image:type\" content=\"image\/jpeg\" \/>\n<meta name=\"twitter:card\" content=\"summary_large_image\" \/>\n<meta name=\"twitter:label1\" content=\"Availability\" \/>\n\t<meta name=\"twitter:data1\" content=\"In stock\" \/>\n<meta property=\"product:brand\" content=\"Kinderm\u00fctzen\" \/>\n<meta property=\"og:availability\" content=\"instock\" \/>\n<meta property=\"product:availability\" content=\"instock\" \/>\n<meta property=\"product:condition\" content=\"new\" \/>\n<!-- \/ Yoast SEO Premium plugin. -->","yoast_head_json":{"title":"Gefrorene M\u00fctze f\u00fcr M\u00e4dchen UE4140 - Ryfi Online Store","robots":{"index":"index","follow":"follow","max-snippet":"max-snippet:-1","max-image-preview":"max-image-preview:large","max-video-preview":"max-video-preview:-1"},"canonical":"https:\/\/ryfi.online\/de\/produkt\/cap-frozen-ue4140\/","og_locale":"de_DE","og_type":"article","og_title":"Gefrorene M\u00fctze f\u00fcr M\u00e4dchen UE4140","og_description":"Schneller und sicherer Versand in 1-3 Werktagen","og_url":"https:\/\/ryfi.online\/de\/produkt\/cap-frozen-ue4140\/","og_site_name":"Ryfi Online Store","article_publisher":"https:\/\/www.facebook.com\/ryfi.online\/","article_modified_time":"2022-05-16T17:12:21+00:00","og_image":[{"width":800,"height":1200,"url":"https:\/\/ryfi.online\/wp-content\/uploads\/2022\/04\/ue4140_lna.jpg","type":"image\/jpeg"}],"twitter_card":"summary_large_image","twitter_misc":{"Availability":"In stock"},"schema":{"@context":"https:\/\/schema.org","@graph":[{"@type":"WebPage","@id":"https:\/\/ryfi.online\/de\/produkt\/cap-frozen-ue4140\/","url":"https:\/\/ryfi.online\/de\/produkt\/cap-frozen-ue4140\/","name":"Gefrorene M\u00fctze f\u00fcr M\u00e4dchen UE4140 - Ryfi Online Store","isPartOf":{"@id":"https:\/\/ryfi.online\/de\/#website"},"primaryImageOfPage":{"@id":"https:\/\/ryfi.online\/de\/produkt\/cap-frozen-ue4140\/#primaryimage"},"image":{"@id":"https:\/\/ryfi.online\/de\/produkt\/cap-frozen-ue4140\/#primaryimage"},"thumbnailUrl":"https:\/\/ryfi.online\/wp-content\/uploads\/2022\/04\/ue4140_lna.jpg","datePublished":"2022-05-02T18:18:14+00:00","dateModified":"2022-05-16T17:12:21+00:00","breadcrumb":{"@id":"https:\/\/ryfi.online\/de\/produkt\/cap-frozen-ue4140\/#breadcrumb"},"inLanguage":"de","potentialAction":[{"@type":"ReadAction","target":["https:\/\/ryfi.online\/de\/produkt\/cap-frozen-ue4140\/"]}]},{"@type":"ImageObject","inLanguage":"de","@id":"https:\/\/ryfi.online\/de\/produkt\/cap-frozen-ue4140\/#primaryimage","url":"https:\/\/ryfi.online\/wp-content\/uploads\/2022\/04\/ue4140_lna.jpg","contentUrl":"https:\/\/ryfi.online\/wp-content\/uploads\/2022\/04\/ue4140_lna.jpg","width":800,"height":1200},{"@type":"BreadcrumbList","@id":"https:\/\/ryfi.online\/de\/produkt\/cap-frozen-ue4140\/#breadcrumb","itemListElement":[{"@type":"ListItem","position":1,"name":"Home","item":"https:\/\/ryfi.online\/de\/"},{"@type":"ListItem","position":2,"name":"Free and Fast Shipping whitin 1-3 Days!!!","item":"https:\/\/ryfi.online\/shop\/"},{"@type":"ListItem","position":3,"name":"Gefrorene M\u00fctze f\u00fcr M\u00e4dchen UE4140"}]},{"@type":"WebSite","@id":"https:\/\/ryfi.online\/de\/#website","url":"https:\/\/ryfi.online\/de\/","name":"Ryfi Online Store","description":"Online Store","publisher":{"@id":"https:\/\/ryfi.online\/de\/#organization"},"potentialAction":[{"@type":"SearchAction","target":{"@type":"EntryPoint","urlTemplate":"https:\/\/ryfi.online\/de\/?s={search_term_string}"},"query-input":{"@type":"PropertyValueSpecification","valueRequired":true,"valueName":"search_term_string"}}],"inLanguage":"de"},{"@type":"Organization","@id":"https:\/\/ryfi.online\/de\/#organization","name":"Ryan Future Investments LLC","url":"https:\/\/ryfi.online\/de\/","logo":{"@type":"ImageObject","inLanguage":"de","@id":"https:\/\/ryfi.online\/de\/#\/schema\/logo\/image\/","url":"https:\/\/ryfi.online\/wp-content\/uploads\/2021\/03\/2-03.png","contentUrl":"https:\/\/ryfi.online\/wp-content\/uploads\/2021\/03\/2-03.png","width":1010,"height":310,"caption":"Ryan Future Investments LLC"},"image":{"@id":"https:\/\/ryfi.online\/de\/#\/schema\/logo\/image\/"},"sameAs":["https:\/\/www.facebook.com\/ryfi.online\/"]}]},"product_brand":"Kinderm\u00fctzen","og_availability":"instock","product_availability":"instock","product_condition":"new"},"jetpack-related-posts":[{"id":5739,"url":"https:\/\/ryfi.online\/de\/produkt\/girls-disney-frozen-baseball-cap-for-girls\/","url_meta":{"origin":9278,"position":0},"title":"M\u00e4dchen Disney Frozen Baseball Cap ET4121","date":"Juni 9, 2021","format":false,"excerpt":"Kostenloser Versand in 1-3 Werktagen","rel":"","context":"\u00c4hnlicher Beitrag","img":{"alt_text":"Eisk\u00f6nigin M\u00fctze Disney","src":"https:\/\/i0.wp.com\/ryfi.online\/wp-content\/uploads\/2021\/06\/et4117_tur.jpg?resize=350%2C200&ssl=1","width":350,"height":200},"classes":[]},{"id":12659,"url":"https:\/\/ryfi.online\/de\/produkt\/disney-minnie-design-baseballmutze-fur-madchen\/","url_meta":{"origin":9278,"position":1},"title":"M\u00e4dchen Disney Minnie Baseballcap","date":"Juni 9, 2021","format":false,"excerpt":"Als Geburtstagsgeschenk, Feiertage oder zu Ostern oder einfach so. Mit der sch\u00f6nen Disney Minnie Cap kannst du nichts falsch machen! 100 % Baumwolle und 100 % Polyester. Auf der R\u00fcckseite befindet sich ein Verschluss f\u00fcr eine perfekte Passform mit den kleinen K\u00f6pfen f\u00fcr maximalen Komfort. Die Verarbeitung ist hervorragend und\u2026","rel":"","context":"\u00c4hnlicher Beitrag","img":{"alt_text":"Disney Minnie M\u00fctze","src":"https:\/\/i0.wp.com\/ryfi.online\/wp-content\/uploads\/2021\/06\/et4050_pi.jpg?resize=350%2C200&ssl=1","width":350,"height":200},"classes":[]},{"id":5666,"url":"https:\/\/ryfi.online\/de\/produkt\/baseball-cap-mit-disney-minnie-design-fur-madchen\/","url_meta":{"origin":9278,"position":2},"title":"M\u00e4dchen Disney Minnie Mouse Baseball Cap ET4050","date":"Juni 9, 2021","format":false,"excerpt":"Kostenloser Versand in 1-3 Werktagen","rel":"","context":"\u00c4hnlicher Beitrag","img":{"alt_text":"Disney Minnie M\u00fctze","src":"https:\/\/i0.wp.com\/ryfi.online\/wp-content\/uploads\/2021\/06\/et4050_pi.jpg?resize=350%2C200&ssl=1","width":350,"height":200},"classes":[]},{"id":9316,"url":"https:\/\/ryfi.online\/de\/produkt\/cap-spiderman-ev4009\/","url_meta":{"origin":9278,"position":3},"title":"Spiderman-M\u00fctze f\u00fcr Kinder EV4009","date":"April 29, 2022","format":false,"excerpt":"Schneller und sicherer Versand in 1-3 Werktagen","rel":"","context":"\u00c4hnlicher Beitrag","img":{"alt_text":"","src":"https:\/\/i0.wp.com\/ryfi.online\/wp-content\/uploads\/2022\/04\/ev4009_bl.jpg?resize=350%2C200&ssl=1","width":350,"height":200},"classes":[]},{"id":5806,"url":"https:\/\/ryfi.online\/de\/produkt\/baseball-cap-mit-disney-mickey-muster-fur-kinder\/","url_meta":{"origin":9278,"position":4},"title":"Jungen Disney Mickey Design Baseball Cap UE4176","date":"Juni 9, 2021","format":false,"excerpt":"Kostenloser Versand in 1-3 Werktagen","rel":"","context":"\u00c4hnlicher Beitrag","img":{"alt_text":"Disney Micky M\u00fctze","src":"https:\/\/i0.wp.com\/ryfi.online\/wp-content\/uploads\/2021\/06\/ue4176_lna.jpg?resize=350%2C200&ssl=1","width":350,"height":200},"classes":[]},{"id":9538,"url":"https:\/\/ryfi.online\/de\/produkt\/cap-star-wars-et4183\/","url_meta":{"origin":9278,"position":5},"title":"Star Wars M\u00fctze ET4183","date":"April 29, 2022","format":false,"excerpt":"Schneller und sicherer Versand in 1-3 Werktagen Kostenlose R\u00fccksendung","rel":"","context":"\u00c4hnlicher Beitrag","img":{"alt_text":"Star Wars blaue und schwarze Kappe","src":"https:\/\/i0.wp.com\/ryfi.online\/wp-content\/uploads\/2022\/04\/et4183.jpg?resize=350%2C200&ssl=1","width":350,"height":200},"classes":[]}],"_links":{"self":[{"href":"https:\/\/ryfi.online\/de\/wp-json\/wp\/v2\/product\/9278","targetHints":{"allow":["GET"]}}],"collection":[{"href":"https:\/\/ryfi.online\/de\/wp-json\/wp\/v2\/product"}],"about":[{"href":"https:\/\/ryfi.online\/de\/wp-json\/wp\/v2\/types\/product"}],"replies":[{"embeddable":true,"href":"https:\/\/ryfi.online\/de\/wp-json\/wp\/v2\/comments?post=9278"}],"wp:featuredmedia":[{"embeddable":true,"href":"https:\/\/ryfi.online\/de\/wp-json\/wp\/v2\/media\/8679"}],"wp:attachment":[{"href":"https:\/\/ryfi.online\/de\/wp-json\/wp\/v2\/media?parent=9278"}],"wp:term":[{"taxonomy":"product_brand","embeddable":true,"href":"https:\/\/ryfi.online\/de\/wp-json\/wp\/v2\/product_brand?post=9278"},{"taxonomy":"product_cat","embeddable":true,"href":"https:\/\/ryfi.online\/de\/wp-json\/wp\/v2\/product_cat?post=9278"},{"taxonomy":"product_tag","embeddable":true,"href":"https:\/\/ryfi.online\/de\/wp-json\/wp\/v2\/product_tag?post=9278"}],"curies":[{"name":"wp","href":"https:\/\/api.w.org\/{rel}","templated":true}]}}