{"id":9230,"date":"2022-04-30T16:35:08","date_gmt":"2022-05-02T18:16:02","guid":{"rendered":"https:\/\/ryfi.online\/product\/avengers-set-fuer-kinder-ev1061\/"},"modified":"2022-05-16T17:10:53","modified_gmt":"2022-05-16T17:10:53","slug":"set-avengers-ev1061","status":"publish","type":"product","link":"https:\/\/ryfi.online\/de\/produkt\/set-avengers-ev1061\/","title":{"rendered":"Avengers-Set f\u00fcr Kinder EV1061"},"content":{"rendered":"<p>Als Geburtstagsgeschenk, zu Ostern oder einfach so. Mit dem wundersch\u00f6nen Set von Avengers k\u00f6nnen Sie nichts falsch machen! Die Verarbeitung ist hervorragend und die Farben sehr kr\u00e4ftig. Das Avengers-Set ist ideal, um in den besten Momenten anzugeben. Maschinenwaschbar bei 30\u00b0C, f\u00fcr lange Lebensdauer, aber Handw\u00e4sche wird empfohlen. Mit diesem Set beginnen die Kinderaugen zu strahlen!<\/p>\n<p>&nbsp;<\/p>\n<p>\u2705 Avengers T-Shirt und Hosenset f\u00fcr Jungen<\/p>\n<p>\u2705 Farbe: Rot-Wei\u00df<\/p>\n<p>\u2705 100 % Baumwolle,<\/p>\n<p>\u2705 Alter: 4 Jahre, 6 Jahre, 8 Jahre, 10 Jahre<\/p>\n","protected":false},"excerpt":{"rendered":"<p>Schneller und sicherer Versand in 1-3 Werktagen<\/p>\n","protected":false},"featured_media":8710,"comment_status":"open","ping_status":"closed","template":"","meta":[],"product_brand":[],"product_cat":[210,238,223],"product_tag":[],"class_list":{"0":"post-9230","1":"product","2":"type-product","3":"status-publish","4":"has-post-thumbnail","6":"product_cat-jungen-t-shirt","7":"product_cat-kinderset","8":"product_cat-trainingsanzug","10":"first","11":"instock","12":"featured","13":"taxable","14":"shipping-taxable","15":"purchasable","16":"product-type-variable"},"yoast_head":"<!-- This site is optimized with the Yoast SEO Premium plugin v17.1.2 (Yoast SEO v27.5) - https:\/\/yoast.com\/product\/yoast-seo-premium-wordpress\/ -->\n<title>Avengers-Set f\u00fcr Kinder EV1061 - Ryfi Online Store<\/title>\n<meta name=\"robots\" content=\"index, follow, max-snippet:-1, max-image-preview:large, max-video-preview:-1\" \/>\n<link rel=\"canonical\" href=\"https:\/\/ryfi.online\/de\/produkt\/set-avengers-ev1061\/\" \/>\n<meta property=\"og:locale\" content=\"de_DE\" \/>\n<meta property=\"og:type\" content=\"article\" \/>\n<meta property=\"og:title\" content=\"Avengers-Set f\u00fcr Kinder EV1061\" \/>\n<meta property=\"og:description\" content=\"Schneller und sicherer Versand in 1-3 Werktagen\" \/>\n<meta property=\"og:url\" content=\"https:\/\/ryfi.online\/de\/produkt\/set-avengers-ev1061\/\" \/>\n<meta property=\"og:site_name\" content=\"Ryfi Online Store\" \/>\n<meta property=\"article:publisher\" content=\"https:\/\/www.facebook.com\/ryfi.online\/\" \/>\n<meta property=\"article:modified_time\" content=\"2022-05-16T17:10:53+00:00\" \/>\n<meta property=\"og:image\" content=\"https:\/\/ryfi.online\/wp-content\/uploads\/2022\/04\/ev1061.jpg\" \/>\n\t<meta property=\"og:image:width\" content=\"800\" \/>\n\t<meta property=\"og:image:height\" content=\"566\" \/>\n\t<meta property=\"og:image:type\" content=\"image\/jpeg\" \/>\n<meta name=\"twitter:card\" content=\"summary_large_image\" \/>\n<meta name=\"twitter:label1\" content=\"Availability\" \/>\n\t<meta name=\"twitter:data1\" content=\"In stock\" \/>\n<meta property=\"product:brand\" content=\"Kinderset\" \/>\n<meta property=\"og:availability\" content=\"instock\" \/>\n<meta property=\"product:availability\" content=\"instock\" \/>\n<meta property=\"product:condition\" content=\"new\" \/>\n<!-- \/ Yoast SEO Premium plugin. -->","yoast_head_json":{"title":"Avengers-Set f\u00fcr Kinder EV1061 - Ryfi Online Store","robots":{"index":"index","follow":"follow","max-snippet":"max-snippet:-1","max-image-preview":"max-image-preview:large","max-video-preview":"max-video-preview:-1"},"canonical":"https:\/\/ryfi.online\/de\/produkt\/set-avengers-ev1061\/","og_locale":"de_DE","og_type":"article","og_title":"Avengers-Set f\u00fcr Kinder EV1061","og_description":"Schneller und sicherer Versand in 1-3 Werktagen","og_url":"https:\/\/ryfi.online\/de\/produkt\/set-avengers-ev1061\/","og_site_name":"Ryfi Online Store","article_publisher":"https:\/\/www.facebook.com\/ryfi.online\/","article_modified_time":"2022-05-16T17:10:53+00:00","og_image":[{"width":800,"height":566,"url":"https:\/\/ryfi.online\/wp-content\/uploads\/2022\/04\/ev1061.jpg","type":"image\/jpeg"}],"twitter_card":"summary_large_image","twitter_misc":{"Availability":"In stock"},"schema":{"@context":"https:\/\/schema.org","@graph":[{"@type":"WebPage","@id":"https:\/\/ryfi.online\/de\/produkt\/set-avengers-ev1061\/","url":"https:\/\/ryfi.online\/de\/produkt\/set-avengers-ev1061\/","name":"Avengers-Set f\u00fcr Kinder EV1061 - Ryfi Online Store","isPartOf":{"@id":"https:\/\/ryfi.online\/de\/#website"},"primaryImageOfPage":{"@id":"https:\/\/ryfi.online\/de\/produkt\/set-avengers-ev1061\/#primaryimage"},"image":{"@id":"https:\/\/ryfi.online\/de\/produkt\/set-avengers-ev1061\/#primaryimage"},"thumbnailUrl":"https:\/\/ryfi.online\/wp-content\/uploads\/2022\/04\/ev1061.jpg","datePublished":"2022-05-02T18:16:02+00:00","dateModified":"2022-05-16T17:10:53+00:00","breadcrumb":{"@id":"https:\/\/ryfi.online\/de\/produkt\/set-avengers-ev1061\/#breadcrumb"},"inLanguage":"de","potentialAction":[{"@type":"ReadAction","target":["https:\/\/ryfi.online\/de\/produkt\/set-avengers-ev1061\/"]}]},{"@type":"ImageObject","inLanguage":"de","@id":"https:\/\/ryfi.online\/de\/produkt\/set-avengers-ev1061\/#primaryimage","url":"https:\/\/ryfi.online\/wp-content\/uploads\/2022\/04\/ev1061.jpg","contentUrl":"https:\/\/ryfi.online\/wp-content\/uploads\/2022\/04\/ev1061.jpg","width":800,"height":566},{"@type":"BreadcrumbList","@id":"https:\/\/ryfi.online\/de\/produkt\/set-avengers-ev1061\/#breadcrumb","itemListElement":[{"@type":"ListItem","position":1,"name":"Home","item":"https:\/\/ryfi.online\/de\/"},{"@type":"ListItem","position":2,"name":"Free and Fast Shipping whitin 1-3 Days!!!","item":"https:\/\/ryfi.online\/shop\/"},{"@type":"ListItem","position":3,"name":"Avengers-Set f\u00fcr Kinder EV1061"}]},{"@type":"WebSite","@id":"https:\/\/ryfi.online\/de\/#website","url":"https:\/\/ryfi.online\/de\/","name":"Ryfi Online Store","description":"Online Store","publisher":{"@id":"https:\/\/ryfi.online\/de\/#organization"},"potentialAction":[{"@type":"SearchAction","target":{"@type":"EntryPoint","urlTemplate":"https:\/\/ryfi.online\/de\/?s={search_term_string}"},"query-input":{"@type":"PropertyValueSpecification","valueRequired":true,"valueName":"search_term_string"}}],"inLanguage":"de"},{"@type":"Organization","@id":"https:\/\/ryfi.online\/de\/#organization","name":"Ryan Future Investments LLC","url":"https:\/\/ryfi.online\/de\/","logo":{"@type":"ImageObject","inLanguage":"de","@id":"https:\/\/ryfi.online\/de\/#\/schema\/logo\/image\/","url":"https:\/\/ryfi.online\/wp-content\/uploads\/2021\/03\/2-03.png","contentUrl":"https:\/\/ryfi.online\/wp-content\/uploads\/2021\/03\/2-03.png","width":1010,"height":310,"caption":"Ryan Future Investments LLC"},"image":{"@id":"https:\/\/ryfi.online\/de\/#\/schema\/logo\/image\/"},"sameAs":["https:\/\/www.facebook.com\/ryfi.online\/"]}]},"product_brand":"Kinderset","og_availability":"instock","product_availability":"instock","product_condition":"new"},"jetpack-related-posts":[{"id":9427,"url":"https:\/\/ryfi.online\/de\/produkt\/kurzarm-t-shirt-avengers-ev1060\/","url_meta":{"origin":9230,"position":0},"title":"Avengers Kurzarm-T-Shirt f\u00fcr Kinder EV1060","date":"April 29, 2022","format":false,"excerpt":"Schneller und sicherer Versand in 1-3 Werktagen","rel":"","context":"\u00c4hnlicher Beitrag","img":{"alt_text":"","src":"https:\/\/i0.wp.com\/ryfi.online\/wp-content\/uploads\/2022\/04\/ev1060.jpg?resize=350%2C200&ssl=1","width":350,"height":200},"classes":[]},{"id":4855,"url":"https:\/\/ryfi.online\/de\/produkt\/marvel-avengers-kinder-t-shirt-und-short\/","url_meta":{"origin":9230,"position":1},"title":"Avengers Kinder T-Shirt und Hose im Set UE1068","date":"Juli 30, 2021","format":false,"excerpt":"Schneller und sicherer Versand in 1-3 Werktagen","rel":"","context":"\u00c4hnlicher Beitrag","img":{"alt_text":"Conjunto camiseta pantalones Avengers","src":"https:\/\/i0.wp.com\/ryfi.online\/wp-content\/uploads\/2021\/07\/ue1068.jpg?resize=350%2C200&ssl=1","width":350,"height":200},"classes":[]},{"id":3786,"url":"https:\/\/ryfi.online\/de\/produkt\/pyjama-lang-coralina-avengers\/","url_meta":{"origin":9230,"position":2},"title":"Coraline Avengers Langer Pyjama HU7382","date":"Oktober 8, 2021","format":false,"excerpt":"Schneller und sicherer Versand in 1-3 Werktagen","rel":"","context":"\u00c4hnlicher Beitrag","img":{"alt_text":"","src":"https:\/\/i0.wp.com\/ryfi.online\/wp-content\/uploads\/2021\/10\/hu7382.i00.b.jpg?resize=350%2C200&ssl=1","width":350,"height":200},"classes":[]},{"id":9391,"url":"https:\/\/ryfi.online\/de\/produkt\/set-spiderman-ev1057\/","url_meta":{"origin":9230,"position":3},"title":"Spiderman-Set f\u00fcr Kinder EV1057","date":"April 29, 2022","format":false,"excerpt":"Schneller und sicherer Versand in 1-3 Werktagen","rel":"","context":"\u00c4hnlicher Beitrag","img":{"alt_text":"","src":"https:\/\/i0.wp.com\/ryfi.online\/wp-content\/uploads\/2022\/04\/ev1057.jpg?resize=350%2C200&ssl=1","width":350,"height":200},"classes":[]},{"id":9190,"url":"https:\/\/ryfi.online\/de\/produkt\/set-minnie-ev1079\/","url_meta":{"origin":9230,"position":4},"title":"Minnie-Set f\u00fcr M\u00e4dchen EV1079","date":"April 30, 2022","format":false,"excerpt":"Schneller und sicherer Versand in 1-3 Werktagen","rel":"","context":"\u00c4hnlicher Beitrag","img":{"alt_text":"Minnie-Set","src":"https:\/\/i0.wp.com\/ryfi.online\/wp-content\/uploads\/2022\/04\/ev1079.jpg?resize=350%2C200&ssl=1","width":350,"height":200},"classes":[]},{"id":9034,"url":"https:\/\/ryfi.online\/de\/produkt\/minnie-pyjama-fur-madchen-ev2084\/","url_meta":{"origin":9230,"position":5},"title":"M\u00e4dchen Minnie Pyjama EV2084","date":"April 30, 2022","format":false,"excerpt":"Schneller und sicherer Versand in 1-3 Werktagen","rel":"","context":"\u00c4hnlicher Beitrag","img":{"alt_text":"Minnie-Pyjama","src":"https:\/\/i0.wp.com\/ryfi.online\/wp-content\/uploads\/2022\/04\/ev2084.i06.jpg?resize=350%2C200&ssl=1","width":350,"height":200},"classes":[]}],"_links":{"self":[{"href":"https:\/\/ryfi.online\/de\/wp-json\/wp\/v2\/product\/9230","targetHints":{"allow":["GET"]}}],"collection":[{"href":"https:\/\/ryfi.online\/de\/wp-json\/wp\/v2\/product"}],"about":[{"href":"https:\/\/ryfi.online\/de\/wp-json\/wp\/v2\/types\/product"}],"replies":[{"embeddable":true,"href":"https:\/\/ryfi.online\/de\/wp-json\/wp\/v2\/comments?post=9230"}],"wp:featuredmedia":[{"embeddable":true,"href":"https:\/\/ryfi.online\/de\/wp-json\/wp\/v2\/media\/8710"}],"wp:attachment":[{"href":"https:\/\/ryfi.online\/de\/wp-json\/wp\/v2\/media?parent=9230"}],"wp:term":[{"taxonomy":"product_brand","embeddable":true,"href":"https:\/\/ryfi.online\/de\/wp-json\/wp\/v2\/product_brand?post=9230"},{"taxonomy":"product_cat","embeddable":true,"href":"https:\/\/ryfi.online\/de\/wp-json\/wp\/v2\/product_cat?post=9230"},{"taxonomy":"product_tag","embeddable":true,"href":"https:\/\/ryfi.online\/de\/wp-json\/wp\/v2\/product_tag?post=9230"}],"curies":[{"name":"wp","href":"https:\/\/api.w.org\/{rel}","templated":true}]}}