{"id":9118,"date":"2022-04-30T17:16:37","date_gmt":"2022-05-02T18:13:08","guid":{"rendered":"https:\/\/ryfi.online\/product\/minnie-kurzarm-t-shirt-fuer-maedchen-ev1081\/"},"modified":"2022-05-16T17:09:13","modified_gmt":"2022-05-16T17:09:13","slug":"kurzarm-t-shirt-minnie-ev1081","status":"publish","type":"product","link":"https:\/\/ryfi.online\/de\/produkt\/kurzarm-t-shirt-minnie-ev1081\/","title":{"rendered":"Minnie Kurzarm-T-Shirt f\u00fcr M\u00e4dchen EV1081"},"content":{"rendered":"<p>Als Geburtstagsgeschenk, zu Ostern oder einfach so. Mit diesem wundersch\u00f6nen Minnie-Shirt k\u00f6nnen Sie nichts falsch machen! Die Verarbeitung ist hervorragend und die Farben sehr kr\u00e4ftig. Maschinenwaschbar bei 30\u00b0C, f\u00fcr lange Lebensdauer, aber Handw\u00e4sche wird empfohlen. Mit diesem Set beginnen die Kinderaugen zu strahlen!<\/p>\n<p>&nbsp;<\/p>\n<p>\u2705 Minnie Kurzarm-T-Shirt f\u00fcr M\u00e4dchen<\/p>\n<p>\u2705 Farbe: Wei\u00df-T\u00fcrkis<\/p>\n<p>\u2705 100 % Baumwolle,<\/p>\n<p>\u2705 Alter: 3 Jahre, 4 Jahre, 6 Jahre, 8 Jahre<\/p>\n","protected":false},"excerpt":{"rendered":"<p>Schneller und sicherer Versand in 1-3 Werktagen<\/p>\n","protected":false},"featured_media":8774,"comment_status":"open","ping_status":"closed","template":"","meta":[],"product_brand":[],"product_cat":[213],"product_tag":[],"class_list":{"0":"post-9118","1":"product","2":"type-product","3":"status-publish","4":"has-post-thumbnail","6":"product_cat-madchen-t-shirt","8":"first","9":"instock","10":"featured","11":"taxable","12":"shipping-taxable","13":"purchasable","14":"product-type-variable"},"yoast_head":"<!-- This site is optimized with the Yoast SEO Premium plugin v17.1.2 (Yoast SEO v27.6) - https:\/\/yoast.com\/product\/yoast-seo-premium-wordpress\/ -->\n<title>Minnie Kurzarm-T-Shirt f\u00fcr M\u00e4dchen EV1081 - Ryfi Online Store<\/title>\n<meta name=\"robots\" content=\"index, follow, max-snippet:-1, max-image-preview:large, max-video-preview:-1\" \/>\n<link rel=\"canonical\" href=\"https:\/\/ryfi.online\/de\/produkt\/kurzarm-t-shirt-minnie-ev1081\/\" \/>\n<meta property=\"og:locale\" content=\"de_DE\" \/>\n<meta property=\"og:type\" content=\"article\" \/>\n<meta property=\"og:title\" content=\"Minnie Kurzarm-T-Shirt f\u00fcr M\u00e4dchen EV1081\" \/>\n<meta property=\"og:description\" content=\"Schneller und sicherer Versand in 1-3 Werktagen\" \/>\n<meta property=\"og:url\" content=\"https:\/\/ryfi.online\/de\/produkt\/kurzarm-t-shirt-minnie-ev1081\/\" \/>\n<meta property=\"og:site_name\" content=\"Ryfi Online Store\" \/>\n<meta property=\"article:publisher\" content=\"https:\/\/www.facebook.com\/ryfi.online\/\" \/>\n<meta property=\"article:modified_time\" content=\"2022-05-16T17:09:13+00:00\" \/>\n<meta property=\"og:image\" content=\"https:\/\/ryfi.online\/wp-content\/uploads\/2022\/04\/ev1081.jpg\" \/>\n\t<meta property=\"og:image:width\" content=\"800\" \/>\n\t<meta property=\"og:image:height\" content=\"565\" \/>\n\t<meta property=\"og:image:type\" content=\"image\/jpeg\" \/>\n<meta name=\"twitter:card\" content=\"summary_large_image\" \/>\n<meta name=\"twitter:label1\" content=\"Availability\" \/>\n\t<meta name=\"twitter:data1\" content=\"In stock\" \/>\n<meta property=\"product:brand\" content=\"M\u00e4dchen T-Shirt\" \/>\n<meta property=\"og:availability\" content=\"instock\" \/>\n<meta property=\"product:availability\" content=\"instock\" \/>\n<meta property=\"product:condition\" content=\"new\" \/>\n<!-- \/ Yoast SEO Premium plugin. -->","yoast_head_json":{"title":"Minnie Kurzarm-T-Shirt f\u00fcr M\u00e4dchen EV1081 - Ryfi Online Store","robots":{"index":"index","follow":"follow","max-snippet":"max-snippet:-1","max-image-preview":"max-image-preview:large","max-video-preview":"max-video-preview:-1"},"canonical":"https:\/\/ryfi.online\/de\/produkt\/kurzarm-t-shirt-minnie-ev1081\/","og_locale":"de_DE","og_type":"article","og_title":"Minnie Kurzarm-T-Shirt f\u00fcr M\u00e4dchen EV1081","og_description":"Schneller und sicherer Versand in 1-3 Werktagen","og_url":"https:\/\/ryfi.online\/de\/produkt\/kurzarm-t-shirt-minnie-ev1081\/","og_site_name":"Ryfi Online Store","article_publisher":"https:\/\/www.facebook.com\/ryfi.online\/","article_modified_time":"2022-05-16T17:09:13+00:00","og_image":[{"width":800,"height":565,"url":"https:\/\/ryfi.online\/wp-content\/uploads\/2022\/04\/ev1081.jpg","type":"image\/jpeg"}],"twitter_card":"summary_large_image","twitter_misc":{"Availability":"In stock"},"schema":{"@context":"https:\/\/schema.org","@graph":[{"@type":"WebPage","@id":"https:\/\/ryfi.online\/de\/produkt\/kurzarm-t-shirt-minnie-ev1081\/","url":"https:\/\/ryfi.online\/de\/produkt\/kurzarm-t-shirt-minnie-ev1081\/","name":"Minnie Kurzarm-T-Shirt f\u00fcr M\u00e4dchen EV1081 - Ryfi Online Store","isPartOf":{"@id":"https:\/\/ryfi.online\/de\/#website"},"primaryImageOfPage":{"@id":"https:\/\/ryfi.online\/de\/produkt\/kurzarm-t-shirt-minnie-ev1081\/#primaryimage"},"image":{"@id":"https:\/\/ryfi.online\/de\/produkt\/kurzarm-t-shirt-minnie-ev1081\/#primaryimage"},"thumbnailUrl":"https:\/\/ryfi.online\/wp-content\/uploads\/2022\/04\/ev1081.jpg","datePublished":"2022-05-02T18:13:08+00:00","dateModified":"2022-05-16T17:09:13+00:00","breadcrumb":{"@id":"https:\/\/ryfi.online\/de\/produkt\/kurzarm-t-shirt-minnie-ev1081\/#breadcrumb"},"inLanguage":"de","potentialAction":[{"@type":"ReadAction","target":["https:\/\/ryfi.online\/de\/produkt\/kurzarm-t-shirt-minnie-ev1081\/"]}]},{"@type":"ImageObject","inLanguage":"de","@id":"https:\/\/ryfi.online\/de\/produkt\/kurzarm-t-shirt-minnie-ev1081\/#primaryimage","url":"https:\/\/ryfi.online\/wp-content\/uploads\/2022\/04\/ev1081.jpg","contentUrl":"https:\/\/ryfi.online\/wp-content\/uploads\/2022\/04\/ev1081.jpg","width":800,"height":565,"caption":"Minnie-T-Shirt"},{"@type":"BreadcrumbList","@id":"https:\/\/ryfi.online\/de\/produkt\/kurzarm-t-shirt-minnie-ev1081\/#breadcrumb","itemListElement":[{"@type":"ListItem","position":1,"name":"Home","item":"https:\/\/ryfi.online\/de\/"},{"@type":"ListItem","position":2,"name":"Free and Fast Shipping whitin 1-3 Days!!!","item":"https:\/\/ryfi.online\/shop\/"},{"@type":"ListItem","position":3,"name":"Minnie Kurzarm-T-Shirt f\u00fcr M\u00e4dchen EV1081"}]},{"@type":"WebSite","@id":"https:\/\/ryfi.online\/de\/#website","url":"https:\/\/ryfi.online\/de\/","name":"Ryfi Online Store","description":"Online Store","publisher":{"@id":"https:\/\/ryfi.online\/de\/#organization"},"potentialAction":[{"@type":"SearchAction","target":{"@type":"EntryPoint","urlTemplate":"https:\/\/ryfi.online\/de\/?s={search_term_string}"},"query-input":{"@type":"PropertyValueSpecification","valueRequired":true,"valueName":"search_term_string"}}],"inLanguage":"de"},{"@type":"Organization","@id":"https:\/\/ryfi.online\/de\/#organization","name":"Ryan Future Investments LLC","url":"https:\/\/ryfi.online\/de\/","logo":{"@type":"ImageObject","inLanguage":"de","@id":"https:\/\/ryfi.online\/de\/#\/schema\/logo\/image\/","url":"https:\/\/ryfi.online\/wp-content\/uploads\/2021\/03\/2-03.png","contentUrl":"https:\/\/ryfi.online\/wp-content\/uploads\/2021\/03\/2-03.png","width":1010,"height":310,"caption":"Ryan Future Investments LLC"},"image":{"@id":"https:\/\/ryfi.online\/de\/#\/schema\/logo\/image\/"},"sameAs":["https:\/\/www.facebook.com\/ryfi.online\/"]}]},"product_brand":"M\u00e4dchen T-Shirt","og_availability":"instock","product_availability":"instock","product_condition":"new"},"jetpack-related-posts":[{"id":9541,"url":"https:\/\/ryfi.online\/de\/produkt\/kurzarm-t-shirt-frozen-ev1017\/","url_meta":{"origin":9118,"position":0},"title":"Gefrorenes Kurzarm-T-Shirt f\u00fcr M\u00e4dchen EV1017","date":"April 29, 2022","format":false,"excerpt":"Schneller und sicherer Versand in 1-3 Werktagen","rel":"","context":"\u00c4hnlicher Beitrag","img":{"alt_text":"","src":"https:\/\/i0.wp.com\/ryfi.online\/wp-content\/uploads\/2022\/04\/ev1017.jpg?resize=350%2C200&ssl=1","width":350,"height":200},"classes":[]},{"id":6117,"url":"https:\/\/ryfi.online\/de\/produkt\/t-shirt-mit-disney-minnie-design-fur-madchen\/","url_meta":{"origin":9118,"position":1},"title":"M\u00e4dchen Disney Minnie Mouse T-Shirt ET1119","date":"Juni 9, 2021","format":false,"excerpt":"Kostenloser Versand 1-3 Werktage Kostenlose R\u00fccksendung","rel":"","context":"\u00c4hnlicher Beitrag","img":{"alt_text":"Minnie Maus-T-Shirt","src":"https:\/\/i0.wp.com\/ryfi.online\/wp-content\/uploads\/2021\/06\/ET1119_REF1.jpg?resize=350%2C200&ssl=1","width":350,"height":200},"classes":[]},{"id":9190,"url":"https:\/\/ryfi.online\/de\/produkt\/set-minnie-ev1079\/","url_meta":{"origin":9118,"position":2},"title":"Minnie-Set f\u00fcr M\u00e4dchen EV1079","date":"April 30, 2022","format":false,"excerpt":"Schneller und sicherer Versand in 1-3 Werktagen","rel":"","context":"\u00c4hnlicher Beitrag","img":{"alt_text":"Minnie-Set","src":"https:\/\/i0.wp.com\/ryfi.online\/wp-content\/uploads\/2022\/04\/ev1079.jpg?resize=350%2C200&ssl=1","width":350,"height":200},"classes":[]},{"id":9034,"url":"https:\/\/ryfi.online\/de\/produkt\/minnie-pyjama-fur-madchen-ev2084\/","url_meta":{"origin":9118,"position":3},"title":"M\u00e4dchen Minnie Pyjama EV2084","date":"April 30, 2022","format":false,"excerpt":"Schneller und sicherer Versand in 1-3 Werktagen","rel":"","context":"\u00c4hnlicher Beitrag","img":{"alt_text":"Minnie-Pyjama","src":"https:\/\/i0.wp.com\/ryfi.online\/wp-content\/uploads\/2022\/04\/ev2084.i06.jpg?resize=350%2C200&ssl=1","width":350,"height":200},"classes":[]},{"id":9427,"url":"https:\/\/ryfi.online\/de\/produkt\/kurzarm-t-shirt-avengers-ev1060\/","url_meta":{"origin":9118,"position":4},"title":"Avengers Kurzarm-T-Shirt f\u00fcr Kinder EV1060","date":"April 29, 2022","format":false,"excerpt":"Schneller und sicherer Versand in 1-3 Werktagen","rel":"","context":"\u00c4hnlicher Beitrag","img":{"alt_text":"","src":"https:\/\/i0.wp.com\/ryfi.online\/wp-content\/uploads\/2022\/04\/ev1060.jpg?resize=350%2C200&ssl=1","width":350,"height":200},"classes":[]},{"id":9076,"url":"https:\/\/ryfi.online\/de\/produkt\/batman-kurzarm-t-shirt-ev1215\/","url_meta":{"origin":9118,"position":5},"title":"Batman-T-Shirt f\u00fcr Kinder EV1215","date":"April 30, 2022","format":false,"excerpt":"Schneller und sicherer Versand in 1-3 Werktagen","rel":"","context":"\u00c4hnlicher Beitrag","img":{"alt_text":"","src":"https:\/\/i0.wp.com\/ryfi.online\/wp-content\/uploads\/2022\/04\/ev1215.jpg?resize=350%2C200&ssl=1","width":350,"height":200},"classes":[]}],"_links":{"self":[{"href":"https:\/\/ryfi.online\/de\/wp-json\/wp\/v2\/product\/9118","targetHints":{"allow":["GET"]}}],"collection":[{"href":"https:\/\/ryfi.online\/de\/wp-json\/wp\/v2\/product"}],"about":[{"href":"https:\/\/ryfi.online\/de\/wp-json\/wp\/v2\/types\/product"}],"replies":[{"embeddable":true,"href":"https:\/\/ryfi.online\/de\/wp-json\/wp\/v2\/comments?post=9118"}],"wp:featuredmedia":[{"embeddable":true,"href":"https:\/\/ryfi.online\/de\/wp-json\/wp\/v2\/media\/8774"}],"wp:attachment":[{"href":"https:\/\/ryfi.online\/de\/wp-json\/wp\/v2\/media?parent=9118"}],"wp:term":[{"taxonomy":"product_brand","embeddable":true,"href":"https:\/\/ryfi.online\/de\/wp-json\/wp\/v2\/product_brand?post=9118"},{"taxonomy":"product_cat","embeddable":true,"href":"https:\/\/ryfi.online\/de\/wp-json\/wp\/v2\/product_cat?post=9118"},{"taxonomy":"product_tag","embeddable":true,"href":"https:\/\/ryfi.online\/de\/wp-json\/wp\/v2\/product_tag?post=9118"}],"curies":[{"name":"wp","href":"https:\/\/api.w.org\/{rel}","templated":true}]}}