{"id":8946,"date":"2022-04-30T19:44:22","date_gmt":"2022-05-01T00:08:04","guid":{"rendered":"https:\/\/ryfi.online\/product\/paw-patrol-schlafanzug-fuer-jungen-ev2098\/"},"modified":"2022-05-16T17:02:14","modified_gmt":"2022-05-16T17:02:14","slug":"kinder-paw-patrol-pyjamas-ev2098","status":"publish","type":"product","link":"https:\/\/ryfi.online\/de\/produkt\/kinder-paw-patrol-pyjamas-ev2098\/","title":{"rendered":"Paw Patrol Schlafanzug f\u00fcr Jungen EV2098"},"content":{"rendered":"<p>Als Geburtstagsgeschenk, zu Ostern oder einfach so. Mit dem wundersch\u00f6nen Paw Patrol Pyjama k\u00f6nnen Sie nichts falsch machen! Die Verarbeitung ist hervorragend und die Farben sehr kr\u00e4ftig. Mit diesem wunderbaren Schlafanzug werden Kinder gro\u00dfartig ruhen! Maschinenwaschbar bei 30\u00b0C, f\u00fcr lange Lebensdauer, aber Handw\u00e4sche wird empfohlen. Mit diesem Schlafanzug fangen die Kinderaugen an zu strahlen!<\/p>\n<p>&nbsp;<\/p>\n<p>\u2705 Paw Patrol Schlafanzug f\u00fcr Kinder<\/p>\n<p>\u2705 Farbe: Blau-Grau<\/p>\n<p>\u2705 100 % Baumwolle<\/p>\n<p>\u2705 Alter: 3 Jahre, 4 Jahre, 5 Jahre, 6 Jahre, 8 Jahre<\/p>\n","protected":false},"excerpt":{"rendered":"<p>Schneller und sicherer Versand in 1-3 Werktagen<\/p>\n","protected":false},"featured_media":8933,"comment_status":"open","ping_status":"closed","template":"","meta":[],"product_brand":[],"product_cat":[221],"product_tag":[],"class_list":{"0":"post-8946","1":"product","2":"type-product","3":"status-publish","4":"has-post-thumbnail","6":"product_cat-polarer-pyjama","8":"first","9":"instock","10":"featured","11":"taxable","12":"shipping-taxable","13":"purchasable","14":"product-type-variable"},"yoast_head":"<!-- This site is optimized with the Yoast SEO Premium plugin v17.1.2 (Yoast SEO v27.5) - https:\/\/yoast.com\/product\/yoast-seo-premium-wordpress\/ -->\n<title>Paw Patrol Schlafanzug f\u00fcr Jungen EV2098 - Ryfi Online Store<\/title>\n<meta name=\"robots\" content=\"index, follow, max-snippet:-1, max-image-preview:large, max-video-preview:-1\" \/>\n<link rel=\"canonical\" href=\"https:\/\/ryfi.online\/de\/produkt\/kinder-paw-patrol-pyjamas-ev2098\/\" \/>\n<meta property=\"og:locale\" content=\"de_DE\" \/>\n<meta property=\"og:type\" content=\"article\" \/>\n<meta property=\"og:title\" content=\"Paw Patrol Schlafanzug f\u00fcr Jungen EV2098\" \/>\n<meta property=\"og:description\" content=\"Schneller und sicherer Versand in 1-3 Werktagen\" \/>\n<meta property=\"og:url\" content=\"https:\/\/ryfi.online\/de\/produkt\/kinder-paw-patrol-pyjamas-ev2098\/\" \/>\n<meta property=\"og:site_name\" content=\"Ryfi Online Store\" \/>\n<meta property=\"article:publisher\" content=\"https:\/\/www.facebook.com\/ryfi.online\/\" \/>\n<meta property=\"article:modified_time\" content=\"2022-05-16T17:02:14+00:00\" \/>\n<meta property=\"og:image\" content=\"https:\/\/ryfi.online\/wp-content\/uploads\/2022\/04\/ev2098.i00.b.jpg\" \/>\n\t<meta property=\"og:image:width\" content=\"800\" \/>\n\t<meta property=\"og:image:height\" content=\"567\" \/>\n\t<meta property=\"og:image:type\" content=\"image\/jpeg\" \/>\n<meta name=\"twitter:card\" content=\"summary_large_image\" \/>\n<meta name=\"twitter:label1\" content=\"Availability\" \/>\n\t<meta name=\"twitter:data1\" content=\"In stock\" \/>\n<meta property=\"product:brand\" content=\"Polarer Pyjama\" \/>\n<meta property=\"og:availability\" content=\"instock\" \/>\n<meta property=\"product:availability\" content=\"instock\" \/>\n<meta property=\"product:condition\" content=\"new\" \/>\n<!-- \/ Yoast SEO Premium plugin. -->","yoast_head_json":{"title":"Paw Patrol Schlafanzug f\u00fcr Jungen EV2098 - Ryfi Online Store","robots":{"index":"index","follow":"follow","max-snippet":"max-snippet:-1","max-image-preview":"max-image-preview:large","max-video-preview":"max-video-preview:-1"},"canonical":"https:\/\/ryfi.online\/de\/produkt\/kinder-paw-patrol-pyjamas-ev2098\/","og_locale":"de_DE","og_type":"article","og_title":"Paw Patrol Schlafanzug f\u00fcr Jungen EV2098","og_description":"Schneller und sicherer Versand in 1-3 Werktagen","og_url":"https:\/\/ryfi.online\/de\/produkt\/kinder-paw-patrol-pyjamas-ev2098\/","og_site_name":"Ryfi Online Store","article_publisher":"https:\/\/www.facebook.com\/ryfi.online\/","article_modified_time":"2022-05-16T17:02:14+00:00","og_image":[{"width":800,"height":567,"url":"https:\/\/ryfi.online\/wp-content\/uploads\/2022\/04\/ev2098.i00.b.jpg","type":"image\/jpeg"}],"twitter_card":"summary_large_image","twitter_misc":{"Availability":"In stock"},"schema":{"@context":"https:\/\/schema.org","@graph":[{"@type":"WebPage","@id":"https:\/\/ryfi.online\/de\/produkt\/kinder-paw-patrol-pyjamas-ev2098\/","url":"https:\/\/ryfi.online\/de\/produkt\/kinder-paw-patrol-pyjamas-ev2098\/","name":"Paw Patrol Schlafanzug f\u00fcr Jungen EV2098 - Ryfi Online Store","isPartOf":{"@id":"https:\/\/ryfi.online\/de\/#website"},"primaryImageOfPage":{"@id":"https:\/\/ryfi.online\/de\/produkt\/kinder-paw-patrol-pyjamas-ev2098\/#primaryimage"},"image":{"@id":"https:\/\/ryfi.online\/de\/produkt\/kinder-paw-patrol-pyjamas-ev2098\/#primaryimage"},"thumbnailUrl":"https:\/\/ryfi.online\/wp-content\/uploads\/2022\/04\/ev2098.i00.b.jpg","datePublished":"2022-05-01T00:08:04+00:00","dateModified":"2022-05-16T17:02:14+00:00","breadcrumb":{"@id":"https:\/\/ryfi.online\/de\/produkt\/kinder-paw-patrol-pyjamas-ev2098\/#breadcrumb"},"inLanguage":"de","potentialAction":[{"@type":"ReadAction","target":["https:\/\/ryfi.online\/de\/produkt\/kinder-paw-patrol-pyjamas-ev2098\/"]}]},{"@type":"ImageObject","inLanguage":"de","@id":"https:\/\/ryfi.online\/de\/produkt\/kinder-paw-patrol-pyjamas-ev2098\/#primaryimage","url":"https:\/\/ryfi.online\/wp-content\/uploads\/2022\/04\/ev2098.i00.b.jpg","contentUrl":"https:\/\/ryfi.online\/wp-content\/uploads\/2022\/04\/ev2098.i00.b.jpg","width":800,"height":567,"caption":"Paw Patrol Schlafanzug"},{"@type":"BreadcrumbList","@id":"https:\/\/ryfi.online\/de\/produkt\/kinder-paw-patrol-pyjamas-ev2098\/#breadcrumb","itemListElement":[{"@type":"ListItem","position":1,"name":"Home","item":"https:\/\/ryfi.online\/de\/"},{"@type":"ListItem","position":2,"name":"Free and Fast Shipping whitin 1-3 Days!!!","item":"https:\/\/ryfi.online\/shop\/"},{"@type":"ListItem","position":3,"name":"Paw Patrol Schlafanzug f\u00fcr Jungen EV2098"}]},{"@type":"WebSite","@id":"https:\/\/ryfi.online\/de\/#website","url":"https:\/\/ryfi.online\/de\/","name":"Ryfi Online Store","description":"Online Store","publisher":{"@id":"https:\/\/ryfi.online\/de\/#organization"},"potentialAction":[{"@type":"SearchAction","target":{"@type":"EntryPoint","urlTemplate":"https:\/\/ryfi.online\/de\/?s={search_term_string}"},"query-input":{"@type":"PropertyValueSpecification","valueRequired":true,"valueName":"search_term_string"}}],"inLanguage":"de"},{"@type":"Organization","@id":"https:\/\/ryfi.online\/de\/#organization","name":"Ryan Future Investments LLC","url":"https:\/\/ryfi.online\/de\/","logo":{"@type":"ImageObject","inLanguage":"de","@id":"https:\/\/ryfi.online\/de\/#\/schema\/logo\/image\/","url":"https:\/\/ryfi.online\/wp-content\/uploads\/2021\/03\/2-03.png","contentUrl":"https:\/\/ryfi.online\/wp-content\/uploads\/2021\/03\/2-03.png","width":1010,"height":310,"caption":"Ryan Future Investments LLC"},"image":{"@id":"https:\/\/ryfi.online\/de\/#\/schema\/logo\/image\/"},"sameAs":["https:\/\/www.facebook.com\/ryfi.online\/"]}]},"product_brand":"Polarer Pyjama","og_availability":"instock","product_availability":"instock","product_condition":"new"},"jetpack-related-posts":[{"id":3826,"url":"https:\/\/ryfi.online\/de\/produkt\/paw-patrol-pyjamas-fur-kinder\/","url_meta":{"origin":8946,"position":0},"title":"Paw Patrol Jungen Schlafanzug HU2034","date":"Oktober 8, 2021","format":false,"excerpt":"Schneller und sicherer Versand in 1-3 Werktagen","rel":"","context":"\u00c4hnlicher Beitrag","img":{"alt_text":"","src":"https:\/\/i0.wp.com\/ryfi.online\/wp-content\/uploads\/2021\/10\/hu2034.jpg?resize=350%2C200&ssl=1","width":350,"height":200},"classes":[]},{"id":9034,"url":"https:\/\/ryfi.online\/de\/produkt\/minnie-pyjama-fur-madchen-ev2084\/","url_meta":{"origin":8946,"position":1},"title":"M\u00e4dchen Minnie Pyjama EV2084","date":"April 30, 2022","format":false,"excerpt":"Schneller und sicherer Versand in 1-3 Werktagen","rel":"","context":"\u00c4hnlicher Beitrag","img":{"alt_text":"Minnie-Pyjama","src":"https:\/\/i0.wp.com\/ryfi.online\/wp-content\/uploads\/2022\/04\/ev2084.i06.jpg?resize=350%2C200&ssl=1","width":350,"height":200},"classes":[]},{"id":4113,"url":"https:\/\/ryfi.online\/de\/produkt\/langarm-polar-pyjama-fur-kinder-captain-america\/","url_meta":{"origin":8946,"position":2},"title":"Captain America Langarm-Fleece-Pyjama f\u00fcr Jungen TH2154","date":"Oktober 8, 2021","format":false,"excerpt":"Schneller und sicherer Versand in 1-3 Werktagen","rel":"","context":"\u00c4hnlicher Beitrag","img":{"alt_text":"","src":"https:\/\/i0.wp.com\/ryfi.online\/wp-content\/uploads\/2021\/10\/th2154_bl.jpg?resize=350%2C200&ssl=1","width":350,"height":200},"classes":[]},{"id":7039,"url":"https:\/\/ryfi.online\/de\/produkt\/ryfi-pyjamas-fleece-boy-spiderman\/","url_meta":{"origin":8946,"position":3},"title":"Ryfi Jungen Fleece Schlafanzug Spiderman HU2130","date":"Oktober 31, 2021","format":false,"excerpt":"Schneller und sicherer Versand in 1-3 Werktagen","rel":"","context":"\u00c4hnlicher Beitrag","img":{"alt_text":"","src":"https:\/\/i0.wp.com\/ryfi.online\/wp-content\/uploads\/2021\/10\/hu2130.jpg?resize=350%2C200&ssl=1","width":350,"height":200},"classes":[]},{"id":4076,"url":"https:\/\/ryfi.online\/de\/produkt\/star-wars-trainingsanzug-hose\/","url_meta":{"origin":8946,"position":4},"title":"Star Wars Jogginghose APH1544","date":"Oktober 8, 2021","format":false,"excerpt":"Schneller und sicherer Versand in 1-3 Werktagen","rel":"","context":"\u00c4hnlicher Beitrag","img":{"alt_text":"Trainingsanz\u00fcge f\u00fcr Kinder Star Wars -1","src":"https:\/\/i0.wp.com\/ryfi.online\/wp-content\/uploads\/2021\/10\/aph1544.jpg?resize=350%2C200&ssl=1","width":350,"height":200},"classes":[]},{"id":3183,"url":"https:\/\/ryfi.online\/de\/produkt\/paw-patrol-boys-langarm-t-shirt\/","url_meta":{"origin":8946,"position":5},"title":"Paw Patrol &#8211; Langarm-T-Shirt f\u00fcr Jungen HU1023","date":"Oktober 8, 2021","format":false,"excerpt":"Schneller und sicherer Versand in 1-3 Werktagen","rel":"","context":"\u00c4hnlicher Beitrag","img":{"alt_text":"Camiseta para ninos Paw Patrol -1","src":"https:\/\/i0.wp.com\/ryfi.online\/wp-content\/uploads\/2021\/10\/hu1023.jpg?resize=350%2C200&ssl=1","width":350,"height":200},"classes":[]}],"_links":{"self":[{"href":"https:\/\/ryfi.online\/de\/wp-json\/wp\/v2\/product\/8946","targetHints":{"allow":["GET"]}}],"collection":[{"href":"https:\/\/ryfi.online\/de\/wp-json\/wp\/v2\/product"}],"about":[{"href":"https:\/\/ryfi.online\/de\/wp-json\/wp\/v2\/types\/product"}],"replies":[{"embeddable":true,"href":"https:\/\/ryfi.online\/de\/wp-json\/wp\/v2\/comments?post=8946"}],"wp:featuredmedia":[{"embeddable":true,"href":"https:\/\/ryfi.online\/de\/wp-json\/wp\/v2\/media\/8933"}],"wp:attachment":[{"href":"https:\/\/ryfi.online\/de\/wp-json\/wp\/v2\/media?parent=8946"}],"wp:term":[{"taxonomy":"product_brand","embeddable":true,"href":"https:\/\/ryfi.online\/de\/wp-json\/wp\/v2\/product_brand?post=8946"},{"taxonomy":"product_cat","embeddable":true,"href":"https:\/\/ryfi.online\/de\/wp-json\/wp\/v2\/product_cat?post=8946"},{"taxonomy":"product_tag","embeddable":true,"href":"https:\/\/ryfi.online\/de\/wp-json\/wp\/v2\/product_tag?post=8946"}],"curies":[{"name":"wp","href":"https:\/\/api.w.org\/{rel}","templated":true}]}}