{"id":7130,"date":"2021-10-31T09:45:53","date_gmt":"2021-11-01T09:52:44","guid":{"rendered":"https:\/\/ryfi.online\/product\/sun-city-avengers-jogginghose-fuer-jungen\/"},"modified":"2022-05-16T17:36:14","modified_gmt":"2022-05-16T17:36:14","slug":"sun-city-avengers-jogginghose-fur-jungen","status":"publish","type":"product","link":"https:\/\/ryfi.online\/de\/produkt\/sun-city-avengers-jogginghose-fur-jungen\/","title":{"rendered":"Sun City Avengers Joggerhose f\u00fcr Jungen HU1297"},"content":{"rendered":"<p>Als Geburtstagsgeschenk, zu Ostern oder einfach so. Mit dieser wundersch\u00f6nen Avengers-Hose k\u00f6nnen Sie nichts falsch machen! Die Verarbeitung ist hervorragend und die Farben sehr kr\u00e4ftig. Maschinenwaschbar bei 30\u00b0C, f\u00fcr lange Lebensdauer, aber Handw\u00e4sche wird empfohlen. Mit diesem Shirt fangen die Kinderaugen an zu strahlen!<\/p>\n<ul>\n<li>Besonderheiten: cooler Text seitlich an den Beinen.<\/li>\n<li>Elastischer Bund mit festem Kordelzug (L\u00e4nge ca. 30 cm) zum Binden.<\/li>\n<li>Taschen: 2 Seitentaschen.<\/li>\n<li>Material: 100 % Polyester.<\/li>\n<li>Maschinenw\u00e4sche bis 30\u00b0C.<\/li>\n<li>Nicht trocknergeeignet.<\/li>\n<li>Offizielles Produkt.<\/li>\n<li><span class=\"a-list-item\">MARVELS OFFIZIELLES MERCHANDISING<\/span><\/li>\n<li>Alter 4 Jahre, 6 Jahre, 8 Jahre und 10 Jahre<\/li>\n<\/ul>\n","protected":false},"excerpt":{"rendered":"<p>Schneller und sicherer Versand in 1-3 Werktagen<\/p>\n","protected":false},"featured_media":6538,"comment_status":"open","ping_status":"closed","template":"","meta":[],"product_brand":[],"product_cat":[223],"product_tag":[],"class_list":{"0":"post-7130","1":"product","2":"type-product","3":"status-publish","4":"has-post-thumbnail","6":"product_cat-trainingsanzug","8":"first","9":"instock","10":"featured","11":"taxable","12":"shipping-taxable","13":"purchasable","14":"product-type-variable"},"yoast_head":"<!-- This site is optimized with the Yoast SEO Premium plugin v17.1.2 (Yoast SEO v27.4) - https:\/\/yoast.com\/product\/yoast-seo-premium-wordpress\/ -->\n<title>Sun City Avengers Joggerhose f\u00fcr Jungen HU1297 - Ryfi Online Store<\/title>\n<meta name=\"description\" content=\"Wenn Sie ein echter Avengers-Fan sind, m\u00fcssen Sie Avengers-Jogginghosen in unserem Online-Shop kaufen. Unser Set ist speziell f\u00fcr Avengers-Liebhaber konzipiert. jetzt bestellen!!\" \/>\n<meta name=\"robots\" content=\"index, follow, max-snippet:-1, max-image-preview:large, max-video-preview:-1\" \/>\n<link rel=\"canonical\" href=\"https:\/\/ryfi.online\/de\/produkt\/sun-city-avengers-jogginghose-fur-jungen\/\" \/>\n<meta property=\"og:locale\" content=\"de_DE\" \/>\n<meta property=\"og:type\" content=\"article\" \/>\n<meta property=\"og:title\" content=\"Sun City Avengers Joggerhose f\u00fcr Jungen HU1297\" \/>\n<meta property=\"og:description\" content=\"Wenn Sie ein echter Avengers-Fan sind, m\u00fcssen Sie Avengers-Jogginghosen in unserem Online-Shop kaufen. Unser Set ist speziell f\u00fcr Avengers-Liebhaber konzipiert. jetzt bestellen!!\" \/>\n<meta property=\"og:url\" content=\"https:\/\/ryfi.online\/de\/produkt\/sun-city-avengers-jogginghose-fur-jungen\/\" \/>\n<meta property=\"og:site_name\" content=\"Ryfi Online Store\" \/>\n<meta property=\"article:publisher\" content=\"https:\/\/www.facebook.com\/ryfi.online\/\" \/>\n<meta property=\"article:modified_time\" content=\"2022-05-16T17:36:14+00:00\" \/>\n<meta property=\"og:image\" content=\"https:\/\/ryfi.online\/wp-content\/uploads\/2021\/10\/hu1297.jpg\" \/>\n\t<meta property=\"og:image:width\" content=\"800\" \/>\n\t<meta property=\"og:image:height\" content=\"565\" \/>\n\t<meta property=\"og:image:type\" content=\"image\/jpeg\" \/>\n<meta name=\"twitter:card\" content=\"summary_large_image\" \/>\n<meta name=\"twitter:label1\" content=\"Availability\" \/>\n\t<meta name=\"twitter:data1\" content=\"In stock\" \/>\n<meta property=\"product:brand\" content=\"Trainingsanzug\" \/>\n<meta property=\"og:availability\" content=\"instock\" \/>\n<meta property=\"product:availability\" content=\"instock\" \/>\n<meta property=\"product:condition\" content=\"new\" \/>\n<!-- \/ Yoast SEO Premium plugin. -->","yoast_head_json":{"title":"Sun City Avengers Joggerhose f\u00fcr Jungen HU1297 - Ryfi Online Store","description":"Wenn Sie ein echter Avengers-Fan sind, m\u00fcssen Sie Avengers-Jogginghosen in unserem Online-Shop kaufen. Unser Set ist speziell f\u00fcr Avengers-Liebhaber konzipiert. jetzt bestellen!!","robots":{"index":"index","follow":"follow","max-snippet":"max-snippet:-1","max-image-preview":"max-image-preview:large","max-video-preview":"max-video-preview:-1"},"canonical":"https:\/\/ryfi.online\/de\/produkt\/sun-city-avengers-jogginghose-fur-jungen\/","og_locale":"de_DE","og_type":"article","og_title":"Sun City Avengers Joggerhose f\u00fcr Jungen HU1297","og_description":"Wenn Sie ein echter Avengers-Fan sind, m\u00fcssen Sie Avengers-Jogginghosen in unserem Online-Shop kaufen. Unser Set ist speziell f\u00fcr Avengers-Liebhaber konzipiert. jetzt bestellen!!","og_url":"https:\/\/ryfi.online\/de\/produkt\/sun-city-avengers-jogginghose-fur-jungen\/","og_site_name":"Ryfi Online Store","article_publisher":"https:\/\/www.facebook.com\/ryfi.online\/","article_modified_time":"2022-05-16T17:36:14+00:00","og_image":[{"width":800,"height":565,"url":"https:\/\/ryfi.online\/wp-content\/uploads\/2021\/10\/hu1297.jpg","type":"image\/jpeg"}],"twitter_card":"summary_large_image","twitter_misc":{"Availability":"In stock"},"schema":{"@context":"https:\/\/schema.org","@graph":[{"@type":"WebPage","@id":"https:\/\/ryfi.online\/de\/produkt\/sun-city-avengers-jogginghose-fur-jungen\/","url":"https:\/\/ryfi.online\/de\/produkt\/sun-city-avengers-jogginghose-fur-jungen\/","name":"Sun City Avengers Joggerhose f\u00fcr Jungen HU1297 - Ryfi Online Store","isPartOf":{"@id":"https:\/\/ryfi.online\/de\/#website"},"primaryImageOfPage":{"@id":"https:\/\/ryfi.online\/de\/produkt\/sun-city-avengers-jogginghose-fur-jungen\/#primaryimage"},"image":{"@id":"https:\/\/ryfi.online\/de\/produkt\/sun-city-avengers-jogginghose-fur-jungen\/#primaryimage"},"thumbnailUrl":"https:\/\/ryfi.online\/wp-content\/uploads\/2021\/10\/hu1297.jpg","datePublished":"2021-11-01T09:52:44+00:00","dateModified":"2022-05-16T17:36:14+00:00","description":"Wenn Sie ein echter Avengers-Fan sind, m\u00fcssen Sie Avengers-Jogginghosen in unserem Online-Shop kaufen. Unser Set ist speziell f\u00fcr Avengers-Liebhaber konzipiert. jetzt bestellen!!","breadcrumb":{"@id":"https:\/\/ryfi.online\/de\/produkt\/sun-city-avengers-jogginghose-fur-jungen\/#breadcrumb"},"inLanguage":"de","potentialAction":[{"@type":"ReadAction","target":["https:\/\/ryfi.online\/de\/produkt\/sun-city-avengers-jogginghose-fur-jungen\/"]}]},{"@type":"ImageObject","inLanguage":"de","@id":"https:\/\/ryfi.online\/de\/produkt\/sun-city-avengers-jogginghose-fur-jungen\/#primaryimage","url":"https:\/\/ryfi.online\/wp-content\/uploads\/2021\/10\/hu1297.jpg","contentUrl":"https:\/\/ryfi.online\/wp-content\/uploads\/2021\/10\/hu1297.jpg","width":800,"height":565,"caption":"Chandals para ninos Avengers -1"},{"@type":"BreadcrumbList","@id":"https:\/\/ryfi.online\/de\/produkt\/sun-city-avengers-jogginghose-fur-jungen\/#breadcrumb","itemListElement":[{"@type":"ListItem","position":1,"name":"Home","item":"https:\/\/ryfi.online\/de\/"},{"@type":"ListItem","position":2,"name":"Free and Fast Shipping whitin 1-3 Days!!!","item":"https:\/\/ryfi.online\/shop\/"},{"@type":"ListItem","position":3,"name":"Sun City Avengers Joggerhose f\u00fcr Jungen HU1297"}]},{"@type":"WebSite","@id":"https:\/\/ryfi.online\/de\/#website","url":"https:\/\/ryfi.online\/de\/","name":"Ryfi Online Store","description":"Online Store","publisher":{"@id":"https:\/\/ryfi.online\/de\/#organization"},"potentialAction":[{"@type":"SearchAction","target":{"@type":"EntryPoint","urlTemplate":"https:\/\/ryfi.online\/de\/?s={search_term_string}"},"query-input":{"@type":"PropertyValueSpecification","valueRequired":true,"valueName":"search_term_string"}}],"inLanguage":"de"},{"@type":"Organization","@id":"https:\/\/ryfi.online\/de\/#organization","name":"Ryan Future Investments LLC","url":"https:\/\/ryfi.online\/de\/","logo":{"@type":"ImageObject","inLanguage":"de","@id":"https:\/\/ryfi.online\/de\/#\/schema\/logo\/image\/","url":"https:\/\/ryfi.online\/wp-content\/uploads\/2021\/03\/2-03.png","contentUrl":"https:\/\/ryfi.online\/wp-content\/uploads\/2021\/03\/2-03.png","width":1010,"height":310,"caption":"Ryan Future Investments LLC"},"image":{"@id":"https:\/\/ryfi.online\/de\/#\/schema\/logo\/image\/"},"sameAs":["https:\/\/www.facebook.com\/ryfi.online\/"]}]},"product_brand":"Trainingsanzug","og_availability":"instock","product_availability":"instock","product_condition":"new"},"jetpack-related-posts":[{"id":3786,"url":"https:\/\/ryfi.online\/de\/produkt\/pyjama-lang-coralina-avengers\/","url_meta":{"origin":7130,"position":0},"title":"Coraline Avengers Langer Pyjama HU7382","date":"Oktober 8, 2021","format":false,"excerpt":"Schneller und sicherer Versand in 1-3 Werktagen","rel":"","context":"\u00c4hnlicher Beitrag","img":{"alt_text":"","src":"https:\/\/i0.wp.com\/ryfi.online\/wp-content\/uploads\/2021\/10\/hu7382.i00.b.jpg?resize=350%2C200&ssl=1","width":350,"height":200},"classes":[]},{"id":4113,"url":"https:\/\/ryfi.online\/de\/produkt\/langarm-polar-pyjama-fur-kinder-captain-america\/","url_meta":{"origin":7130,"position":1},"title":"Captain America Langarm-Fleece-Pyjama f\u00fcr Jungen TH2154","date":"Oktober 8, 2021","format":false,"excerpt":"Schneller und sicherer Versand in 1-3 Werktagen","rel":"","context":"\u00c4hnlicher Beitrag","img":{"alt_text":"","src":"https:\/\/i0.wp.com\/ryfi.online\/wp-content\/uploads\/2021\/10\/th2154_bl.jpg?resize=350%2C200&ssl=1","width":350,"height":200},"classes":[]},{"id":3721,"url":"https:\/\/ryfi.online\/de\/produkt\/minion-kapuzen-sweatshirt-fur-madchen\/","url_meta":{"origin":7130,"position":2},"title":"MINION &#8211; Sweatshirt mit Kapuze &#8211; f\u00fcr M\u00e4dchen PH1522","date":"Oktober 8, 2021","format":false,"excerpt":"Schneller und sicherer Versand in 1-3 Werktagen","rel":"","context":"\u00c4hnlicher Beitrag","img":{"alt_text":"","src":"https:\/\/i0.wp.com\/ryfi.online\/wp-content\/uploads\/2021\/10\/ph1522.jpg?resize=350%2C200&ssl=1","width":350,"height":200},"classes":[]},{"id":3736,"url":"https:\/\/ryfi.online\/de\/produkt\/robe-minions-fur-kinder\/","url_meta":{"origin":7130,"position":3},"title":"Minions-Morgenmantel f\u00fcr Kinder HU2043","date":"Oktober 8, 2021","format":false,"excerpt":"Schneller und sicherer Versand in 1-3 Werktagen","rel":"","context":"\u00c4hnlicher Beitrag","img":{"alt_text":"","src":"https:\/\/i0.wp.com\/ryfi.online\/wp-content\/uploads\/2021\/10\/hu2043.jpg?resize=350%2C200&ssl=1","width":350,"height":200},"classes":[]},{"id":7058,"url":"https:\/\/ryfi.online\/de\/produkt\/ryfi-pyjamas-fleece-boy-minions\/","url_meta":{"origin":7130,"position":4},"title":"Ryfi Pyjama Fleece Junge Minions HU2046","date":"Oktober 31, 2021","format":false,"excerpt":"Schneller und sicherer Versand in 1-3 Werktagen","rel":"","context":"\u00c4hnlicher Beitrag","img":{"alt_text":"","src":"https:\/\/i0.wp.com\/ryfi.online\/wp-content\/uploads\/2021\/10\/hu2046.jpg?resize=350%2C200&ssl=1","width":350,"height":200},"classes":[]},{"id":7076,"url":"https:\/\/ryfi.online\/de\/produkt\/ryfi-fleece-pyjama-girl-frozen\/","url_meta":{"origin":7130,"position":5},"title":"Ryfi M\u00e4dchen Polar Pyjama Frozen HU2022","date":"Oktober 31, 2021","format":false,"excerpt":"Schneller und sicherer Versand in 1-3 Werktagen","rel":"","context":"\u00c4hnlicher Beitrag","img":{"alt_text":"","src":"https:\/\/i0.wp.com\/ryfi.online\/wp-content\/uploads\/2021\/10\/hu2022.jpg?resize=350%2C200&ssl=1","width":350,"height":200},"classes":[]}],"_links":{"self":[{"href":"https:\/\/ryfi.online\/de\/wp-json\/wp\/v2\/product\/7130","targetHints":{"allow":["GET"]}}],"collection":[{"href":"https:\/\/ryfi.online\/de\/wp-json\/wp\/v2\/product"}],"about":[{"href":"https:\/\/ryfi.online\/de\/wp-json\/wp\/v2\/types\/product"}],"replies":[{"embeddable":true,"href":"https:\/\/ryfi.online\/de\/wp-json\/wp\/v2\/comments?post=7130"}],"wp:featuredmedia":[{"embeddable":true,"href":"https:\/\/ryfi.online\/de\/wp-json\/wp\/v2\/media\/6538"}],"wp:attachment":[{"href":"https:\/\/ryfi.online\/de\/wp-json\/wp\/v2\/media?parent=7130"}],"wp:term":[{"taxonomy":"product_brand","embeddable":true,"href":"https:\/\/ryfi.online\/de\/wp-json\/wp\/v2\/product_brand?post=7130"},{"taxonomy":"product_cat","embeddable":true,"href":"https:\/\/ryfi.online\/de\/wp-json\/wp\/v2\/product_cat?post=7130"},{"taxonomy":"product_tag","embeddable":true,"href":"https:\/\/ryfi.online\/de\/wp-json\/wp\/v2\/product_tag?post=7130"}],"curies":[{"name":"wp","href":"https:\/\/api.w.org\/{rel}","templated":true}]}}