{"id":6270,"date":"2021-06-09T16:56:59","date_gmt":"2021-10-15T15:15:27","guid":{"rendered":"https:\/\/ryfi.online\/product\/disney-mickey-cartoon-t-shirt-fuer-kinder\/"},"modified":"2022-05-17T14:07:22","modified_gmt":"2022-05-17T14:07:22","slug":"t-shirt-cartoon-von-mickey-of-disney-fur-kinder","status":"publish","type":"product","link":"https:\/\/ryfi.online\/de\/produkt\/t-shirt-cartoon-von-mickey-of-disney-fur-kinder\/","title":{"rendered":"Disney Mickey Cartoon T-Shirt f\u00fcr Jungen UE1167"},"content":{"rendered":"<p><span class=\"a-list-item\">\u2705 Disney Mickey Kinder T-Shirt<\/span><\/p>\n<p><span class=\"a-list-item\">\u2705 Farbe: Rot-Wei\u00df<\/span><\/p>\n<p><span class=\"a-list-item\">\u2705 100 % Baumwolle, <\/span><\/p>\n<p id=\"title\" class=\"a-size-large a-spacing-none\"><span id=\"productTitle\" class=\"a-size-large product-title-word-break\"><span class=\"a-list-item\">\u2705<\/span> Alter: 3 Jahre, 4 Jahre, 6 Jahre, 8 Jahre<\/span><\/p>\n<p>&nbsp;<\/p>\n","protected":false},"excerpt":{"rendered":"<p>Schneller und sicherer Versand in 1-3 Werktagen<\/p>\n","protected":false},"featured_media":6275,"comment_status":"open","ping_status":"closed","template":"","meta":[],"product_brand":[],"product_cat":[210],"product_tag":[],"class_list":{"0":"post-6270","1":"product","2":"type-product","3":"status-publish","4":"has-post-thumbnail","6":"product_cat-jungen-t-shirt","8":"first","9":"instock","10":"featured","11":"taxable","12":"shipping-taxable","13":"purchasable","14":"product-type-variable"},"yoast_head":"<!-- This site is optimized with the Yoast SEO Premium plugin v17.1.2 (Yoast SEO v27.4) - https:\/\/yoast.com\/product\/yoast-seo-premium-wordpress\/ -->\n<title>Micky Maus T-Shirt online kaufen | Kinder-Mickey-Mouse-T-Shirt<\/title>\n<meta name=\"description\" content=\"Kaufen Sie die neuesten Micky-Maus-T-Shirts f\u00fcr Kinder in allen Gr\u00f6\u00dfen und Farben im Ryfi Online Store. Kostenloser Versand mit 30-t\u00e4giger R\u00fcckgabe oder R\u00fcckerstattung.\" \/>\n<meta name=\"robots\" content=\"index, follow, max-snippet:-1, max-image-preview:large, max-video-preview:-1\" \/>\n<link rel=\"canonical\" href=\"https:\/\/ryfi.online\/de\/produkt\/t-shirt-cartoon-von-mickey-of-disney-fur-kinder\/\" \/>\n<meta property=\"og:locale\" content=\"de_DE\" \/>\n<meta property=\"og:type\" content=\"article\" \/>\n<meta property=\"og:title\" content=\"Disney Mickey Cartoon T-Shirt f\u00fcr Jungen UE1167\" \/>\n<meta property=\"og:description\" content=\"Kaufen Sie die neuesten Micky-Maus-T-Shirts f\u00fcr Kinder in allen Gr\u00f6\u00dfen und Farben im Ryfi Online Store. Kostenloser Versand mit 30-t\u00e4giger R\u00fcckgabe oder R\u00fcckerstattung.\" \/>\n<meta property=\"og:url\" content=\"https:\/\/ryfi.online\/de\/produkt\/t-shirt-cartoon-von-mickey-of-disney-fur-kinder\/\" \/>\n<meta property=\"og:site_name\" content=\"Ryfi Online Store\" \/>\n<meta property=\"article:publisher\" content=\"https:\/\/www.facebook.com\/ryfi.online\/\" \/>\n<meta property=\"article:modified_time\" content=\"2022-05-17T14:07:22+00:00\" \/>\n<meta property=\"og:image\" content=\"https:\/\/ryfi.online\/wp-content\/uploads\/2021\/06\/UE1167_RD.jpg\" \/>\n\t<meta property=\"og:image:width\" content=\"800\" \/>\n\t<meta property=\"og:image:height\" content=\"1200\" \/>\n\t<meta property=\"og:image:type\" content=\"image\/jpeg\" \/>\n<meta name=\"twitter:card\" content=\"summary_large_image\" \/>\n<meta name=\"twitter:label1\" content=\"Availability\" \/>\n\t<meta name=\"twitter:data1\" content=\"In stock\" \/>\n<meta property=\"product:brand\" content=\"Jungen T-Shirt\" \/>\n<meta property=\"og:availability\" content=\"instock\" \/>\n<meta property=\"product:availability\" content=\"instock\" \/>\n<meta property=\"product:condition\" content=\"new\" \/>\n<!-- \/ Yoast SEO Premium plugin. -->","yoast_head_json":{"title":"Micky Maus T-Shirt online kaufen | Kinder-Mickey-Mouse-T-Shirt","description":"Kaufen Sie die neuesten Micky-Maus-T-Shirts f\u00fcr Kinder in allen Gr\u00f6\u00dfen und Farben im Ryfi Online Store. Kostenloser Versand mit 30-t\u00e4giger R\u00fcckgabe oder R\u00fcckerstattung.","robots":{"index":"index","follow":"follow","max-snippet":"max-snippet:-1","max-image-preview":"max-image-preview:large","max-video-preview":"max-video-preview:-1"},"canonical":"https:\/\/ryfi.online\/de\/produkt\/t-shirt-cartoon-von-mickey-of-disney-fur-kinder\/","og_locale":"de_DE","og_type":"article","og_title":"Disney Mickey Cartoon T-Shirt f\u00fcr Jungen UE1167","og_description":"Kaufen Sie die neuesten Micky-Maus-T-Shirts f\u00fcr Kinder in allen Gr\u00f6\u00dfen und Farben im Ryfi Online Store. Kostenloser Versand mit 30-t\u00e4giger R\u00fcckgabe oder R\u00fcckerstattung.","og_url":"https:\/\/ryfi.online\/de\/produkt\/t-shirt-cartoon-von-mickey-of-disney-fur-kinder\/","og_site_name":"Ryfi Online Store","article_publisher":"https:\/\/www.facebook.com\/ryfi.online\/","article_modified_time":"2022-05-17T14:07:22+00:00","og_image":[{"width":800,"height":1200,"url":"https:\/\/ryfi.online\/wp-content\/uploads\/2021\/06\/UE1167_RD.jpg","type":"image\/jpeg"}],"twitter_card":"summary_large_image","twitter_misc":{"Availability":"In stock"},"schema":{"@context":"https:\/\/schema.org","@graph":[{"@type":"WebPage","@id":"https:\/\/ryfi.online\/de\/produkt\/t-shirt-cartoon-von-mickey-of-disney-fur-kinder\/","url":"https:\/\/ryfi.online\/de\/produkt\/t-shirt-cartoon-von-mickey-of-disney-fur-kinder\/","name":"Micky Maus T-Shirt online kaufen | Kinder-Mickey-Mouse-T-Shirt","isPartOf":{"@id":"https:\/\/ryfi.online\/de\/#website"},"primaryImageOfPage":{"@id":"https:\/\/ryfi.online\/de\/produkt\/t-shirt-cartoon-von-mickey-of-disney-fur-kinder\/#primaryimage"},"image":{"@id":"https:\/\/ryfi.online\/de\/produkt\/t-shirt-cartoon-von-mickey-of-disney-fur-kinder\/#primaryimage"},"thumbnailUrl":"https:\/\/ryfi.online\/wp-content\/uploads\/2021\/06\/UE1167_RD.jpg","datePublished":"2021-10-15T15:15:27+00:00","dateModified":"2022-05-17T14:07:22+00:00","description":"Kaufen Sie die neuesten Micky-Maus-T-Shirts f\u00fcr Kinder in allen Gr\u00f6\u00dfen und Farben im Ryfi Online Store. Kostenloser Versand mit 30-t\u00e4giger R\u00fcckgabe oder R\u00fcckerstattung.","breadcrumb":{"@id":"https:\/\/ryfi.online\/de\/produkt\/t-shirt-cartoon-von-mickey-of-disney-fur-kinder\/#breadcrumb"},"inLanguage":"de","potentialAction":[{"@type":"ReadAction","target":["https:\/\/ryfi.online\/de\/produkt\/t-shirt-cartoon-von-mickey-of-disney-fur-kinder\/"]}]},{"@type":"ImageObject","inLanguage":"de","@id":"https:\/\/ryfi.online\/de\/produkt\/t-shirt-cartoon-von-mickey-of-disney-fur-kinder\/#primaryimage","url":"https:\/\/ryfi.online\/wp-content\/uploads\/2021\/06\/UE1167_RD.jpg","contentUrl":"https:\/\/ryfi.online\/wp-content\/uploads\/2021\/06\/UE1167_RD.jpg","width":800,"height":1200,"caption":"Micky Kinder T-Shirt"},{"@type":"BreadcrumbList","@id":"https:\/\/ryfi.online\/de\/produkt\/t-shirt-cartoon-von-mickey-of-disney-fur-kinder\/#breadcrumb","itemListElement":[{"@type":"ListItem","position":1,"name":"Home","item":"https:\/\/ryfi.online\/de\/"},{"@type":"ListItem","position":2,"name":"Free and Fast Shipping whitin 1-3 Days!!!","item":"https:\/\/ryfi.online\/shop\/"},{"@type":"ListItem","position":3,"name":"Disney Mickey Cartoon T-Shirt f\u00fcr Jungen UE1167"}]},{"@type":"WebSite","@id":"https:\/\/ryfi.online\/de\/#website","url":"https:\/\/ryfi.online\/de\/","name":"Ryfi Online Store","description":"Online Store","publisher":{"@id":"https:\/\/ryfi.online\/de\/#organization"},"potentialAction":[{"@type":"SearchAction","target":{"@type":"EntryPoint","urlTemplate":"https:\/\/ryfi.online\/de\/?s={search_term_string}"},"query-input":{"@type":"PropertyValueSpecification","valueRequired":true,"valueName":"search_term_string"}}],"inLanguage":"de"},{"@type":"Organization","@id":"https:\/\/ryfi.online\/de\/#organization","name":"Ryan Future Investments LLC","url":"https:\/\/ryfi.online\/de\/","logo":{"@type":"ImageObject","inLanguage":"de","@id":"https:\/\/ryfi.online\/de\/#\/schema\/logo\/image\/","url":"https:\/\/ryfi.online\/wp-content\/uploads\/2021\/03\/2-03.png","contentUrl":"https:\/\/ryfi.online\/wp-content\/uploads\/2021\/03\/2-03.png","width":1010,"height":310,"caption":"Ryan Future Investments LLC"},"image":{"@id":"https:\/\/ryfi.online\/de\/#\/schema\/logo\/image\/"},"sameAs":["https:\/\/www.facebook.com\/ryfi.online\/"]}]},"product_brand":"Jungen T-Shirt","og_availability":"instock","product_availability":"instock","product_condition":"new"},"jetpack-related-posts":[{"id":5126,"url":"https:\/\/ryfi.online\/de\/produkt\/set-3-disney-mickey-100-cotton-slips-fur-jungen-6-8-jahre\/","url_meta":{"origin":6270,"position":0},"title":"Set 3 Disney Mickey Slips aus 100 % Baumwolle f\u00fcr Jungen 6\u20138 Jahre UE3091","date":"Juli 5, 2021","format":false,"excerpt":"Kostenloser Versand 1-3 Tage Kostenlose R\u00fcckgabe","rel":"","context":"\u00c4hnlicher Beitrag","img":{"alt_text":"Set 3 Calzoncillos Mickey - 1","src":"https:\/\/i0.wp.com\/ryfi.online\/wp-content\/uploads\/2021\/07\/er3091.68y.e00.jpg?resize=350%2C200&ssl=1","width":350,"height":200},"classes":[]},{"id":9137,"url":"https:\/\/ryfi.online\/de\/produkt\/set-mickey-ev1094\/","url_meta":{"origin":6270,"position":1},"title":"Mickey-Set f\u00fcr Kinder EV1094","date":"April 30, 2022","format":false,"excerpt":"Schneller und sicherer Versand innerhalb von 1-3 Werktagen","rel":"","context":"\u00c4hnlicher Beitrag","img":{"alt_text":"Mickey-Set","src":"https:\/\/i0.wp.com\/ryfi.online\/wp-content\/uploads\/2022\/04\/ev1094.jpg?resize=350%2C200&ssl=1","width":350,"height":200},"classes":[]},{"id":4910,"url":"https:\/\/ryfi.online\/de\/produkt\/t-shirt-cartoon-von-disney-minnie-fur-madchen\/","url_meta":{"origin":6270,"position":2},"title":"Disney Minnie Cartoon T-Shirt f\u00fcr M\u00e4dchen ET1137","date":"Juli 26, 2021","format":false,"excerpt":"Kostenloser und sicherer Versand in 1-3 Werktagen","rel":"","context":"\u00c4hnlicher Beitrag","img":{"alt_text":"Minnie-T-Shirt","src":"https:\/\/i0.wp.com\/ryfi.online\/wp-content\/uploads\/2021\/07\/et1137.jpg?resize=350%2C200&ssl=1","width":350,"height":200},"classes":[]},{"id":5048,"url":"https:\/\/ryfi.online\/de\/produkt\/disney-t-shirt-mit-frozen-rock-ii-baumwolle-fur-madchen\/","url_meta":{"origin":6270,"position":3},"title":"Disney Frozen II Baumwoll-T-Shirt mit Rock f\u00fcr M\u00e4dchen ET1238","date":"Juli 12, 2021","format":false,"excerpt":"Kostenloser Versand 1-3 Werktage Kostenlose R\u00fccksendung","rel":"","context":"\u00c4hnlicher Beitrag","img":{"alt_text":"","src":"https:\/\/i0.wp.com\/ryfi.online\/wp-content\/uploads\/2021\/07\/et1238_wh.jpg?resize=350%2C200&ssl=1","width":350,"height":200},"classes":[]},{"id":9324,"url":"https:\/\/ryfi.online\/de\/produkt\/disney-prinzessin-t-shirt-se1126\/","url_meta":{"origin":6270,"position":4},"title":"Disney Princess T-Shirt f\u00fcr M\u00e4dchen SE1126","date":"April 29, 2022","format":false,"excerpt":"Schneller und sicherer Versand in 1-3 Werktagen","rel":"","context":"\u00c4hnlicher Beitrag","img":{"alt_text":"Prinzessin-T-Shirt","src":"https:\/\/i0.wp.com\/ryfi.online\/wp-content\/uploads\/2022\/04\/se1126.jpg?resize=350%2C200&ssl=1","width":350,"height":200},"classes":[]},{"id":9763,"url":"https:\/\/ryfi.online\/de\/produkt\/t-shirt-mit-disney-frozen-design-fur-madchen\/","url_meta":{"origin":6270,"position":5},"title":"Disney Frozen T-Shirt f\u00fcr M\u00e4dchen","date":"Juni 9, 2021","format":false,"excerpt":"Kostenloser Versand 1-3 Werktage Kostenlose R\u00fccksendung","rel":"","context":"\u00c4hnlicher Beitrag","img":{"alt_text":"Disney Frozen-T-Shirt","src":"https:\/\/i0.wp.com\/ryfi.online\/wp-content\/uploads\/2021\/06\/ET1222_WH.jpg?resize=350%2C200&ssl=1","width":350,"height":200},"classes":[]}],"_links":{"self":[{"href":"https:\/\/ryfi.online\/de\/wp-json\/wp\/v2\/product\/6270","targetHints":{"allow":["GET"]}}],"collection":[{"href":"https:\/\/ryfi.online\/de\/wp-json\/wp\/v2\/product"}],"about":[{"href":"https:\/\/ryfi.online\/de\/wp-json\/wp\/v2\/types\/product"}],"replies":[{"embeddable":true,"href":"https:\/\/ryfi.online\/de\/wp-json\/wp\/v2\/comments?post=6270"}],"wp:featuredmedia":[{"embeddable":true,"href":"https:\/\/ryfi.online\/de\/wp-json\/wp\/v2\/media\/6275"}],"wp:attachment":[{"href":"https:\/\/ryfi.online\/de\/wp-json\/wp\/v2\/media?parent=6270"}],"wp:term":[{"taxonomy":"product_brand","embeddable":true,"href":"https:\/\/ryfi.online\/de\/wp-json\/wp\/v2\/product_brand?post=6270"},{"taxonomy":"product_cat","embeddable":true,"href":"https:\/\/ryfi.online\/de\/wp-json\/wp\/v2\/product_cat?post=6270"},{"taxonomy":"product_tag","embeddable":true,"href":"https:\/\/ryfi.online\/de\/wp-json\/wp\/v2\/product_tag?post=6270"}],"curies":[{"name":"wp","href":"https:\/\/api.w.org\/{rel}","templated":true}]}}