{"id":6117,"date":"2021-06-09T16:51:56","date_gmt":"2021-10-15T15:15:19","guid":{"rendered":"https:\/\/ryfi.online\/product\/maedchen-disney-minnie-t-shirt\/"},"modified":"2022-05-17T14:07:25","modified_gmt":"2022-05-17T14:07:25","slug":"t-shirt-mit-disney-minnie-design-fur-madchen","status":"publish","type":"product","link":"https:\/\/ryfi.online\/de\/produkt\/t-shirt-mit-disney-minnie-design-fur-madchen\/","title":{"rendered":"M\u00e4dchen Disney Minnie Mouse T-Shirt ET1119"},"content":{"rendered":"<p>Als Geburtstagsgeschenk, zu Ostern oder einfach so. Mit diesem wundersch\u00f6nen T-Shirt von Minnie k\u00f6nnen Sie nichts falsch machen! Die Verarbeitung ist hervorragend und die Farben sehr kr\u00e4ftig. Minnies T-Shirt ist ideal f\u00fcr Spazierg\u00e4nge in der Sonne oder f\u00fcr den Urlaub. Maschinenwaschbar bei 30\u00b0C, f\u00fcr lange Lebensdauer, aber Handw\u00e4sche wird empfohlen. Mit diesem Set beginnen die Kinderaugen zu strahlen!<\/p>\n<p>&nbsp;<\/p>\n<p><span class=\"a-list-item\">\u2705 Disney Minnie M\u00e4dchen T-Shirt<\/span><\/p>\n<p><span class=\"a-list-item\">\u2705 Farbe: Rosa, Wei\u00df, T\u00fcrkis<\/span><\/p>\n<p><span class=\"a-list-item\">\u2705 100 % Baumwolle<\/span><\/p>\n<p id=\"title\" class=\"a-size-large a-spacing-none\"><span id=\"productTitle\" class=\"a-size-large product-title-word-break\"><span class=\"a-list-item\">\u2705<\/span> Alter: 3 Jahre, 4 Jahre, 6 Jahre, 8 Jahre<\/span><\/p>\n<p>&nbsp;<\/p>\n","protected":false},"excerpt":{"rendered":"<p>Kostenloser Versand 1-3 Werktage<\/p>\n<p>Kostenlose R\u00fccksendung<\/p>\n","protected":false},"featured_media":6126,"comment_status":"open","ping_status":"closed","template":"","meta":[],"product_brand":[],"product_cat":[210,213],"product_tag":[],"class_list":{"0":"post-6117","1":"product","2":"type-product","3":"status-publish","4":"has-post-thumbnail","6":"product_cat-jungen-t-shirt","7":"product_cat-madchen-t-shirt","9":"first","10":"instock","11":"featured","12":"taxable","13":"shipping-taxable","14":"purchasable","15":"product-type-variable"},"yoast_head":"<!-- This site is optimized with the Yoast SEO Premium plugin v17.1.2 (Yoast SEO v27.4) - https:\/\/yoast.com\/product\/yoast-seo-premium-wordpress\/ -->\n<title>T-Shirt mit Disney Minnie-Print online | T-Shirt im Disney-Minnie-Design<\/title>\n<meta name=\"description\" content=\"Ryfi Online Store bietet den besten Online-Lieferservice in Spanien. Disney Girls Minnie T-Shirts g\u00fcnstig online bestellen.\" \/>\n<meta name=\"robots\" content=\"index, follow, max-snippet:-1, max-image-preview:large, max-video-preview:-1\" \/>\n<link rel=\"canonical\" href=\"https:\/\/ryfi.online\/de\/produkt\/t-shirt-mit-disney-minnie-design-fur-madchen\/\" \/>\n<meta property=\"og:locale\" content=\"de_DE\" \/>\n<meta property=\"og:type\" content=\"article\" \/>\n<meta property=\"og:title\" content=\"M\u00e4dchen Disney Minnie Mouse T-Shirt ET1119\" \/>\n<meta property=\"og:description\" content=\"Ryfi Online Store bietet den besten Online-Lieferservice in Spanien. Disney Girls Minnie T-Shirts g\u00fcnstig online bestellen.\" \/>\n<meta property=\"og:url\" content=\"https:\/\/ryfi.online\/de\/produkt\/t-shirt-mit-disney-minnie-design-fur-madchen\/\" \/>\n<meta property=\"og:site_name\" content=\"Ryfi Online Store\" \/>\n<meta property=\"article:publisher\" content=\"https:\/\/www.facebook.com\/ryfi.online\/\" \/>\n<meta property=\"article:modified_time\" content=\"2022-05-17T14:07:25+00:00\" \/>\n<meta property=\"og:image\" content=\"https:\/\/ryfi.online\/wp-content\/uploads\/2021\/06\/ET1119_REF1.jpg\" \/>\n\t<meta property=\"og:image:width\" content=\"2082\" \/>\n\t<meta property=\"og:image:height\" content=\"2240\" \/>\n\t<meta property=\"og:image:type\" content=\"image\/jpeg\" \/>\n<meta name=\"twitter:card\" content=\"summary_large_image\" \/>\n<meta name=\"twitter:label1\" content=\"Availability\" \/>\n\t<meta name=\"twitter:data1\" content=\"In stock\" \/>\n<meta property=\"product:brand\" content=\"Jungen T-Shirt\" \/>\n<meta property=\"og:availability\" content=\"instock\" \/>\n<meta property=\"product:availability\" content=\"instock\" \/>\n<meta property=\"product:condition\" content=\"new\" \/>\n<!-- \/ Yoast SEO Premium plugin. -->","yoast_head_json":{"title":"T-Shirt mit Disney Minnie-Print online | T-Shirt im Disney-Minnie-Design","description":"Ryfi Online Store bietet den besten Online-Lieferservice in Spanien. Disney Girls Minnie T-Shirts g\u00fcnstig online bestellen.","robots":{"index":"index","follow":"follow","max-snippet":"max-snippet:-1","max-image-preview":"max-image-preview:large","max-video-preview":"max-video-preview:-1"},"canonical":"https:\/\/ryfi.online\/de\/produkt\/t-shirt-mit-disney-minnie-design-fur-madchen\/","og_locale":"de_DE","og_type":"article","og_title":"M\u00e4dchen Disney Minnie Mouse T-Shirt ET1119","og_description":"Ryfi Online Store bietet den besten Online-Lieferservice in Spanien. Disney Girls Minnie T-Shirts g\u00fcnstig online bestellen.","og_url":"https:\/\/ryfi.online\/de\/produkt\/t-shirt-mit-disney-minnie-design-fur-madchen\/","og_site_name":"Ryfi Online Store","article_publisher":"https:\/\/www.facebook.com\/ryfi.online\/","article_modified_time":"2022-05-17T14:07:25+00:00","og_image":[{"width":2082,"height":2240,"url":"https:\/\/ryfi.online\/wp-content\/uploads\/2021\/06\/ET1119_REF1.jpg","type":"image\/jpeg"}],"twitter_card":"summary_large_image","twitter_misc":{"Availability":"In stock"},"schema":{"@context":"https:\/\/schema.org","@graph":[{"@type":"WebPage","@id":"https:\/\/ryfi.online\/de\/produkt\/t-shirt-mit-disney-minnie-design-fur-madchen\/","url":"https:\/\/ryfi.online\/de\/produkt\/t-shirt-mit-disney-minnie-design-fur-madchen\/","name":"T-Shirt mit Disney Minnie-Print online | T-Shirt im Disney-Minnie-Design","isPartOf":{"@id":"https:\/\/ryfi.online\/de\/#website"},"primaryImageOfPage":{"@id":"https:\/\/ryfi.online\/de\/produkt\/t-shirt-mit-disney-minnie-design-fur-madchen\/#primaryimage"},"image":{"@id":"https:\/\/ryfi.online\/de\/produkt\/t-shirt-mit-disney-minnie-design-fur-madchen\/#primaryimage"},"thumbnailUrl":"https:\/\/ryfi.online\/wp-content\/uploads\/2021\/06\/ET1119_REF1.jpg","datePublished":"2021-10-15T15:15:19+00:00","dateModified":"2022-05-17T14:07:25+00:00","description":"Ryfi Online Store bietet den besten Online-Lieferservice in Spanien. Disney Girls Minnie T-Shirts g\u00fcnstig online bestellen.","breadcrumb":{"@id":"https:\/\/ryfi.online\/de\/produkt\/t-shirt-mit-disney-minnie-design-fur-madchen\/#breadcrumb"},"inLanguage":"de","potentialAction":[{"@type":"ReadAction","target":["https:\/\/ryfi.online\/de\/produkt\/t-shirt-mit-disney-minnie-design-fur-madchen\/"]}]},{"@type":"ImageObject","inLanguage":"de","@id":"https:\/\/ryfi.online\/de\/produkt\/t-shirt-mit-disney-minnie-design-fur-madchen\/#primaryimage","url":"https:\/\/ryfi.online\/wp-content\/uploads\/2021\/06\/ET1119_REF1.jpg","contentUrl":"https:\/\/ryfi.online\/wp-content\/uploads\/2021\/06\/ET1119_REF1.jpg","width":2082,"height":2240,"caption":"Minnie Maus-T-Shirt"},{"@type":"BreadcrumbList","@id":"https:\/\/ryfi.online\/de\/produkt\/t-shirt-mit-disney-minnie-design-fur-madchen\/#breadcrumb","itemListElement":[{"@type":"ListItem","position":1,"name":"Home","item":"https:\/\/ryfi.online\/de\/"},{"@type":"ListItem","position":2,"name":"Free and Fast Shipping whitin 1-3 Days!!!","item":"https:\/\/ryfi.online\/shop\/"},{"@type":"ListItem","position":3,"name":"M\u00e4dchen Disney Minnie Mouse T-Shirt ET1119"}]},{"@type":"WebSite","@id":"https:\/\/ryfi.online\/de\/#website","url":"https:\/\/ryfi.online\/de\/","name":"Ryfi Online Store","description":"Online Store","publisher":{"@id":"https:\/\/ryfi.online\/de\/#organization"},"potentialAction":[{"@type":"SearchAction","target":{"@type":"EntryPoint","urlTemplate":"https:\/\/ryfi.online\/de\/?s={search_term_string}"},"query-input":{"@type":"PropertyValueSpecification","valueRequired":true,"valueName":"search_term_string"}}],"inLanguage":"de"},{"@type":"Organization","@id":"https:\/\/ryfi.online\/de\/#organization","name":"Ryan Future Investments LLC","url":"https:\/\/ryfi.online\/de\/","logo":{"@type":"ImageObject","inLanguage":"de","@id":"https:\/\/ryfi.online\/de\/#\/schema\/logo\/image\/","url":"https:\/\/ryfi.online\/wp-content\/uploads\/2021\/03\/2-03.png","contentUrl":"https:\/\/ryfi.online\/wp-content\/uploads\/2021\/03\/2-03.png","width":1010,"height":310,"caption":"Ryan Future Investments LLC"},"image":{"@id":"https:\/\/ryfi.online\/de\/#\/schema\/logo\/image\/"},"sameAs":["https:\/\/www.facebook.com\/ryfi.online\/"]}]},"product_brand":"Jungen T-Shirt","og_availability":"instock","product_availability":"instock","product_condition":"new"},"jetpack-related-posts":[{"id":9118,"url":"https:\/\/ryfi.online\/de\/produkt\/kurzarm-t-shirt-minnie-ev1081\/","url_meta":{"origin":6117,"position":0},"title":"Minnie Kurzarm-T-Shirt f\u00fcr M\u00e4dchen EV1081","date":"April 30, 2022","format":false,"excerpt":"Schneller und sicherer Versand in 1-3 Werktagen","rel":"","context":"\u00c4hnlicher Beitrag","img":{"alt_text":"Minnie-T-Shirt","src":"https:\/\/i0.wp.com\/ryfi.online\/wp-content\/uploads\/2022\/04\/ev1081.jpg?resize=350%2C200&ssl=1","width":350,"height":200},"classes":[]},{"id":9763,"url":"https:\/\/ryfi.online\/de\/produkt\/t-shirt-mit-disney-frozen-design-fur-madchen\/","url_meta":{"origin":6117,"position":1},"title":"Disney Frozen T-Shirt f\u00fcr M\u00e4dchen","date":"Juni 9, 2021","format":false,"excerpt":"Kostenloser Versand 1-3 Werktage Kostenlose R\u00fccksendung","rel":"","context":"\u00c4hnlicher Beitrag","img":{"alt_text":"Disney Frozen-T-Shirt","src":"https:\/\/i0.wp.com\/ryfi.online\/wp-content\/uploads\/2021\/06\/ET1222_WH.jpg?resize=350%2C200&ssl=1","width":350,"height":200},"classes":[]},{"id":9190,"url":"https:\/\/ryfi.online\/de\/produkt\/set-minnie-ev1079\/","url_meta":{"origin":6117,"position":2},"title":"Minnie-Set f\u00fcr M\u00e4dchen EV1079","date":"April 30, 2022","format":false,"excerpt":"Schneller und sicherer Versand in 1-3 Werktagen","rel":"","context":"\u00c4hnlicher Beitrag","img":{"alt_text":"Minnie-Set","src":"https:\/\/i0.wp.com\/ryfi.online\/wp-content\/uploads\/2022\/04\/ev1079.jpg?resize=350%2C200&ssl=1","width":350,"height":200},"classes":[]},{"id":9034,"url":"https:\/\/ryfi.online\/de\/produkt\/minnie-pyjama-fur-madchen-ev2084\/","url_meta":{"origin":6117,"position":3},"title":"M\u00e4dchen Minnie Pyjama EV2084","date":"April 30, 2022","format":false,"excerpt":"Schneller und sicherer Versand in 1-3 Werktagen","rel":"","context":"\u00c4hnlicher Beitrag","img":{"alt_text":"Minnie-Pyjama","src":"https:\/\/i0.wp.com\/ryfi.online\/wp-content\/uploads\/2022\/04\/ev2084.i06.jpg?resize=350%2C200&ssl=1","width":350,"height":200},"classes":[]},{"id":9324,"url":"https:\/\/ryfi.online\/de\/produkt\/disney-prinzessin-t-shirt-se1126\/","url_meta":{"origin":6117,"position":4},"title":"Disney Princess T-Shirt f\u00fcr M\u00e4dchen SE1126","date":"April 29, 2022","format":false,"excerpt":"Schneller und sicherer Versand in 1-3 Werktagen","rel":"","context":"\u00c4hnlicher Beitrag","img":{"alt_text":"Prinzessin-T-Shirt","src":"https:\/\/i0.wp.com\/ryfi.online\/wp-content\/uploads\/2022\/04\/se1126.jpg?resize=350%2C200&ssl=1","width":350,"height":200},"classes":[]},{"id":4910,"url":"https:\/\/ryfi.online\/de\/produkt\/t-shirt-cartoon-von-disney-minnie-fur-madchen\/","url_meta":{"origin":6117,"position":5},"title":"Disney Minnie Cartoon T-Shirt f\u00fcr M\u00e4dchen ET1137","date":"Juli 26, 2021","format":false,"excerpt":"Kostenloser und sicherer Versand in 1-3 Werktagen","rel":"","context":"\u00c4hnlicher Beitrag","img":{"alt_text":"Minnie-T-Shirt","src":"https:\/\/i0.wp.com\/ryfi.online\/wp-content\/uploads\/2021\/07\/et1137.jpg?resize=350%2C200&ssl=1","width":350,"height":200},"classes":[]}],"_links":{"self":[{"href":"https:\/\/ryfi.online\/de\/wp-json\/wp\/v2\/product\/6117","targetHints":{"allow":["GET"]}}],"collection":[{"href":"https:\/\/ryfi.online\/de\/wp-json\/wp\/v2\/product"}],"about":[{"href":"https:\/\/ryfi.online\/de\/wp-json\/wp\/v2\/types\/product"}],"replies":[{"embeddable":true,"href":"https:\/\/ryfi.online\/de\/wp-json\/wp\/v2\/comments?post=6117"}],"wp:featuredmedia":[{"embeddable":true,"href":"https:\/\/ryfi.online\/de\/wp-json\/wp\/v2\/media\/6126"}],"wp:attachment":[{"href":"https:\/\/ryfi.online\/de\/wp-json\/wp\/v2\/media?parent=6117"}],"wp:term":[{"taxonomy":"product_brand","embeddable":true,"href":"https:\/\/ryfi.online\/de\/wp-json\/wp\/v2\/product_brand?post=6117"},{"taxonomy":"product_cat","embeddable":true,"href":"https:\/\/ryfi.online\/de\/wp-json\/wp\/v2\/product_cat?post=6117"},{"taxonomy":"product_tag","embeddable":true,"href":"https:\/\/ryfi.online\/de\/wp-json\/wp\/v2\/product_tag?post=6117"}],"curies":[{"name":"wp","href":"https:\/\/api.w.org\/{rel}","templated":true}]}}