{"id":5845,"date":"2021-06-09T16:05:39","date_gmt":"2021-10-15T15:14:42","guid":{"rendered":"https:\/\/ryfi.online\/product\/disney-prinzessinnen-bademode-fuer-maedchen\/"},"modified":"2022-05-17T14:35:59","modified_gmt":"2022-05-17T14:35:59","slug":"madchen-badeanzug-mit-disney-prinzessin-design","status":"publish","type":"product","link":"https:\/\/ryfi.online\/de\/produkt\/madchen-badeanzug-mit-disney-prinzessin-design\/","title":{"rendered":"Ba\u00f1ador con dise\u00f1o de Princesas de Disney para ni\u00f1as SE1943"},"content":{"rendered":"<p><span class=\"a-list-item\">\u2705 Ba\u00f1ador para ni\u00f1as de Disney Princesas<\/span><\/p>\n<p><span class=\"a-list-item\">\u2705 Rosa-blaue Farbe<\/span><\/p>\n<p><span class=\"a-list-item\">\u2705 85 % Baumwolle, 15 % Polyester<\/span><\/p>\n<p id=\"title\" class=\"a-size-large a-spacing-none\"><span id=\"productTitle\" class=\"a-size-large product-title-word-break\"><span class=\"a-list-item\"><br \/>\n<\/span> <\/span><span id=\"productTitle\" class=\"a-size-large product-title-word-break\"><\/span><\/p>\n","protected":false},"excerpt":{"rendered":"<p>Env\u00edo gratuito en 1-3 d\u00edas laborales<\/p>\n","protected":false},"featured_media":5853,"comment_status":"open","ping_status":"closed","template":"","meta":[],"product_brand":[],"product_cat":[292,244],"product_tag":[],"class_list":{"0":"post-5845","1":"product","2":"type-product","3":"status-publish","4":"has-post-thumbnail","6":"product_cat-badeanzug-de-2","7":"product_cat-unterhose","9":"first","10":"instock","11":"featured","12":"taxable","13":"shipping-taxable","14":"purchasable","15":"product-type-variable"},"yoast_head":"<!-- This site is optimized with the Yoast SEO Premium plugin v17.1.2 (Yoast SEO v27.4) - https:\/\/yoast.com\/product\/yoast-seo-premium-wordpress\/ -->\n<title>Kaufen Sie Princess Deluxe Badeanzug f\u00fcr M\u00e4dchen - Ryfi Online Store<\/title>\n<meta name=\"description\" content=\"W\u00e4hlen Sie aus einer gro\u00dfen Auswahl an Prinzessinnen-Bademode f\u00fcr M\u00e4dchen im Ryfi Online-Shop, wir bieten die M\u00f6glichkeit des kostenlosen Versands.\" \/>\n<meta name=\"robots\" content=\"index, follow, max-snippet:-1, max-image-preview:large, max-video-preview:-1\" \/>\n<link rel=\"canonical\" href=\"https:\/\/ryfi.online\/de\/produkt\/madchen-badeanzug-mit-disney-prinzessin-design\/\" \/>\n<meta property=\"og:locale\" content=\"de_DE\" \/>\n<meta property=\"og:type\" content=\"article\" \/>\n<meta property=\"og:title\" content=\"Ba\u00f1ador con dise\u00f1o de Princesas de Disney para ni\u00f1as SE1943\" \/>\n<meta property=\"og:description\" content=\"W\u00e4hlen Sie aus einer gro\u00dfen Auswahl an Prinzessinnen-Bademode f\u00fcr M\u00e4dchen im Ryfi Online-Shop, wir bieten die M\u00f6glichkeit des kostenlosen Versands.\" \/>\n<meta property=\"og:url\" content=\"https:\/\/ryfi.online\/de\/produkt\/madchen-badeanzug-mit-disney-prinzessin-design\/\" \/>\n<meta property=\"og:site_name\" content=\"Ryfi Online Store\" \/>\n<meta property=\"article:publisher\" content=\"https:\/\/www.facebook.com\/ryfi.online\/\" \/>\n<meta property=\"article:modified_time\" content=\"2022-05-17T14:35:59+00:00\" \/>\n<meta property=\"og:image\" content=\"https:\/\/ryfi.online\/wp-content\/uploads\/2021\/06\/se1943_bl-2.jpg\" \/>\n\t<meta property=\"og:image:width\" content=\"800\" \/>\n\t<meta property=\"og:image:height\" content=\"1200\" \/>\n\t<meta property=\"og:image:type\" content=\"image\/jpeg\" \/>\n<meta name=\"twitter:card\" content=\"summary_large_image\" \/>\n<meta name=\"twitter:label1\" content=\"Availability\" \/>\n\t<meta name=\"twitter:data1\" content=\"In stock\" \/>\n<meta property=\"product:brand\" content=\"Badeanzug\" \/>\n<meta property=\"og:availability\" content=\"instock\" \/>\n<meta property=\"product:availability\" content=\"instock\" \/>\n<meta property=\"product:condition\" content=\"new\" \/>\n<!-- \/ Yoast SEO Premium plugin. -->","yoast_head_json":{"title":"Kaufen Sie Princess Deluxe Badeanzug f\u00fcr M\u00e4dchen - Ryfi Online Store","description":"W\u00e4hlen Sie aus einer gro\u00dfen Auswahl an Prinzessinnen-Bademode f\u00fcr M\u00e4dchen im Ryfi Online-Shop, wir bieten die M\u00f6glichkeit des kostenlosen Versands.","robots":{"index":"index","follow":"follow","max-snippet":"max-snippet:-1","max-image-preview":"max-image-preview:large","max-video-preview":"max-video-preview:-1"},"canonical":"https:\/\/ryfi.online\/de\/produkt\/madchen-badeanzug-mit-disney-prinzessin-design\/","og_locale":"de_DE","og_type":"article","og_title":"Ba\u00f1ador con dise\u00f1o de Princesas de Disney para ni\u00f1as SE1943","og_description":"W\u00e4hlen Sie aus einer gro\u00dfen Auswahl an Prinzessinnen-Bademode f\u00fcr M\u00e4dchen im Ryfi Online-Shop, wir bieten die M\u00f6glichkeit des kostenlosen Versands.","og_url":"https:\/\/ryfi.online\/de\/produkt\/madchen-badeanzug-mit-disney-prinzessin-design\/","og_site_name":"Ryfi Online Store","article_publisher":"https:\/\/www.facebook.com\/ryfi.online\/","article_modified_time":"2022-05-17T14:35:59+00:00","og_image":[{"width":800,"height":1200,"url":"https:\/\/ryfi.online\/wp-content\/uploads\/2021\/06\/se1943_bl-2.jpg","type":"image\/jpeg"}],"twitter_card":"summary_large_image","twitter_misc":{"Availability":"In stock"},"schema":{"@context":"https:\/\/schema.org","@graph":[{"@type":"WebPage","@id":"https:\/\/ryfi.online\/de\/produkt\/madchen-badeanzug-mit-disney-prinzessin-design\/","url":"https:\/\/ryfi.online\/de\/produkt\/madchen-badeanzug-mit-disney-prinzessin-design\/","name":"Kaufen Sie Princess Deluxe Badeanzug f\u00fcr M\u00e4dchen - Ryfi Online Store","isPartOf":{"@id":"https:\/\/ryfi.online\/de\/#website"},"primaryImageOfPage":{"@id":"https:\/\/ryfi.online\/de\/produkt\/madchen-badeanzug-mit-disney-prinzessin-design\/#primaryimage"},"image":{"@id":"https:\/\/ryfi.online\/de\/produkt\/madchen-badeanzug-mit-disney-prinzessin-design\/#primaryimage"},"thumbnailUrl":"https:\/\/ryfi.online\/wp-content\/uploads\/2021\/06\/se1943_bl-2.jpg","datePublished":"2021-10-15T15:14:42+00:00","dateModified":"2022-05-17T14:35:59+00:00","description":"W\u00e4hlen Sie aus einer gro\u00dfen Auswahl an Prinzessinnen-Bademode f\u00fcr M\u00e4dchen im Ryfi Online-Shop, wir bieten die M\u00f6glichkeit des kostenlosen Versands.","breadcrumb":{"@id":"https:\/\/ryfi.online\/de\/produkt\/madchen-badeanzug-mit-disney-prinzessin-design\/#breadcrumb"},"inLanguage":"de","potentialAction":[{"@type":"ReadAction","target":["https:\/\/ryfi.online\/de\/produkt\/madchen-badeanzug-mit-disney-prinzessin-design\/"]}]},{"@type":"ImageObject","inLanguage":"de","@id":"https:\/\/ryfi.online\/de\/produkt\/madchen-badeanzug-mit-disney-prinzessin-design\/#primaryimage","url":"https:\/\/ryfi.online\/wp-content\/uploads\/2021\/06\/se1943_bl-2.jpg","contentUrl":"https:\/\/ryfi.online\/wp-content\/uploads\/2021\/06\/se1943_bl-2.jpg","width":800,"height":1200,"caption":"Disney-Prinzessin-Badeanzug"},{"@type":"BreadcrumbList","@id":"https:\/\/ryfi.online\/de\/produkt\/madchen-badeanzug-mit-disney-prinzessin-design\/#breadcrumb","itemListElement":[{"@type":"ListItem","position":1,"name":"Home","item":"https:\/\/ryfi.online\/de\/"},{"@type":"ListItem","position":2,"name":"Free and Fast Shipping whitin 1-3 Days!!!","item":"https:\/\/ryfi.online\/shop\/"},{"@type":"ListItem","position":3,"name":"Ba\u00f1ador con dise\u00f1o de Princesas de Disney para ni\u00f1as SE1943"}]},{"@type":"WebSite","@id":"https:\/\/ryfi.online\/de\/#website","url":"https:\/\/ryfi.online\/de\/","name":"Ryfi Online Store","description":"Online Store","publisher":{"@id":"https:\/\/ryfi.online\/de\/#organization"},"potentialAction":[{"@type":"SearchAction","target":{"@type":"EntryPoint","urlTemplate":"https:\/\/ryfi.online\/de\/?s={search_term_string}"},"query-input":{"@type":"PropertyValueSpecification","valueRequired":true,"valueName":"search_term_string"}}],"inLanguage":"de"},{"@type":"Organization","@id":"https:\/\/ryfi.online\/de\/#organization","name":"Ryan Future Investments LLC","url":"https:\/\/ryfi.online\/de\/","logo":{"@type":"ImageObject","inLanguage":"de","@id":"https:\/\/ryfi.online\/de\/#\/schema\/logo\/image\/","url":"https:\/\/ryfi.online\/wp-content\/uploads\/2021\/03\/2-03.png","contentUrl":"https:\/\/ryfi.online\/wp-content\/uploads\/2021\/03\/2-03.png","width":1010,"height":310,"caption":"Ryan Future Investments LLC"},"image":{"@id":"https:\/\/ryfi.online\/de\/#\/schema\/logo\/image\/"},"sameAs":["https:\/\/www.facebook.com\/ryfi.online\/"]}]},"product_brand":"Badeanzug","og_availability":"instock","product_availability":"instock","product_condition":"new"},"jetpack-related-posts":[{"id":1420,"url":"https:\/\/ryfi.online\/es\/producto\/banador-con-diseno-de-princesas-de-disney-para-ninas\/","url_meta":{"origin":5845,"position":0},"title":"Ba\u00f1ador con dise\u00f1o de Princesas de Disney para ni\u00f1as SE1943","date":"Juni 9, 2021","format":false,"excerpt":"Env\u00edo gratuito en 1-3 d\u00edas laborales","rel":"","context":"\u00c4hnlicher Beitrag","img":{"alt_text":"Banador Princesas Disney","src":"https:\/\/i0.wp.com\/ryfi.online\/wp-content\/uploads\/2021\/06\/se1943_bl-2.jpg?resize=350%2C200&ssl=1","width":350,"height":200},"classes":[]},{"id":12019,"url":"https:\/\/ryfi.online\/ro\/produs\/banador-con-diseno-de-princesas-de-disney-para-ninas-2\/","url_meta":{"origin":5845,"position":1},"title":"Ba\u00f1ador con dise\u00f1o de Princesas de Disney para ni\u00f1as SE1943","date":"Juni 9, 2021","format":false,"excerpt":"Env\u00edo gratuito en 1-3 d\u00edas laborales","rel":"","context":"\u00c4hnlicher Beitrag","img":{"alt_text":"Banador Princesas Disney","src":"https:\/\/i0.wp.com\/ryfi.online\/wp-content\/uploads\/2021\/06\/se1943_bl-2.jpg?resize=350%2C200&ssl=1","width":350,"height":200},"classes":[]},{"id":2035,"url":"https:\/\/ryfi.online\/product\/swimsuit-with-disney-princess-design-for-girls\/","url_meta":{"origin":5845,"position":2},"title":"Ba\u00f1ador con dise\u00f1o de Princesas de Disney para ni\u00f1as SE1943","date":"Juni 9, 2021","format":false,"excerpt":"Env\u00edo gratuito en 1-3 d\u00edas laborales","rel":"","context":"\u00c4hnlicher Beitrag","img":{"alt_text":"Banador Disney Princesses","src":"https:\/\/i0.wp.com\/ryfi.online\/wp-content\/uploads\/2021\/06\/se1943_bl-2.jpg?resize=350%2C200&ssl=1","width":350,"height":200},"classes":[]},{"id":5849,"url":"https:\/\/ryfi.online\/fr\/produit\/maillot-de-bain-fille-avec-motif-princesse-disney\/","url_meta":{"origin":5845,"position":3},"title":"Ba\u00f1ador con dise\u00f1o de Princesas de Disney para ni\u00f1as SE1943","date":"Juni 9, 2021","format":false,"excerpt":"Env\u00edo gratuito en 1-3 d\u00edas laborales","rel":"","context":"\u00c4hnlicher Beitrag","img":{"alt_text":"Maillot de bain princesse Disney","src":"https:\/\/i0.wp.com\/ryfi.online\/wp-content\/uploads\/2021\/06\/se1943_bl-2.jpg?resize=350%2C200&ssl=1","width":350,"height":200},"classes":[]},{"id":5844,"url":"https:\/\/ryfi.online\/it\/prodotto\/costume-da-bagno-per-ragazza-con-design-principessa-disney\/","url_meta":{"origin":5845,"position":4},"title":"Ba\u00f1ador con dise\u00f1o de Princesas de Disney para ni\u00f1as SE1943","date":"Juni 9, 2021","format":false,"excerpt":"Env\u00edo gratuito en 1-3 d\u00edas laborales","rel":"","context":"\u00c4hnlicher Beitrag","img":{"alt_text":"Costume da bagno principessa Disney","src":"https:\/\/i0.wp.com\/ryfi.online\/wp-content\/uploads\/2021\/06\/se1943_bl-2.jpg?resize=350%2C200&ssl=1","width":350,"height":200},"classes":[]},{"id":8620,"url":"https:\/\/ryfi.online\/es\/producto\/camiseta-princesas-disney-se1126\/","url_meta":{"origin":5845,"position":5},"title":"Camiseta Princesas Disney para ni\u00f1as SE1126","date":"April 29, 2022","format":false,"excerpt":"Env\u00edo gratuito y r\u00e1pido en 1-3 d\u00edas.","rel":"","context":"\u00c4hnlicher Beitrag","img":{"alt_text":"Camiseta Princesas","src":"https:\/\/i0.wp.com\/ryfi.online\/wp-content\/uploads\/2022\/04\/se1126.jpg?resize=350%2C200&ssl=1","width":350,"height":200},"classes":[]}],"_links":{"self":[{"href":"https:\/\/ryfi.online\/de\/wp-json\/wp\/v2\/product\/5845","targetHints":{"allow":["GET"]}}],"collection":[{"href":"https:\/\/ryfi.online\/de\/wp-json\/wp\/v2\/product"}],"about":[{"href":"https:\/\/ryfi.online\/de\/wp-json\/wp\/v2\/types\/product"}],"replies":[{"embeddable":true,"href":"https:\/\/ryfi.online\/de\/wp-json\/wp\/v2\/comments?post=5845"}],"wp:featuredmedia":[{"embeddable":true,"href":"https:\/\/ryfi.online\/de\/wp-json\/wp\/v2\/media\/5853"}],"wp:attachment":[{"href":"https:\/\/ryfi.online\/de\/wp-json\/wp\/v2\/media?parent=5845"}],"wp:term":[{"taxonomy":"product_brand","embeddable":true,"href":"https:\/\/ryfi.online\/de\/wp-json\/wp\/v2\/product_brand?post=5845"},{"taxonomy":"product_cat","embeddable":true,"href":"https:\/\/ryfi.online\/de\/wp-json\/wp\/v2\/product_cat?post=5845"},{"taxonomy":"product_tag","embeddable":true,"href":"https:\/\/ryfi.online\/de\/wp-json\/wp\/v2\/product_tag?post=5845"}],"curies":[{"name":"wp","href":"https:\/\/api.w.org\/{rel}","templated":true}]}}