{"id":5467,"date":"2021-06-15T15:02:16","date_gmt":"2021-10-15T15:14:25","guid":{"rendered":"https:\/\/ryfi.online\/product\/marvel-avengers-cartoon-t-shirt-fuer-kinder\/"},"modified":"2022-05-17T13:53:47","modified_gmt":"2022-05-17T13:53:47","slug":"t-shirt-cartoon-von-marvel-avengers-for-kids","status":"publish","type":"product","link":"https:\/\/ryfi.online\/de\/produkt\/t-shirt-cartoon-von-marvel-avengers-for-kids\/","title":{"rendered":"Kinder Marvel Avengers Cartoon T-Shirt"},"content":{"rendered":"<p><span class=\"a-list-item\">\u2705 Kinder Marvel Avengers T-Shirt f\u00fcr Jungen <\/span><\/p>\n<p><span class=\"a-list-item\">\u2705 Farbe: Grau-Wei\u00df<\/span><\/p>\n<p><span class=\"a-list-item\">\u2705 100 % Baumwolle, <\/span><\/p>\n<p id=\"title\" class=\"a-size-large a-spacing-none\"><span id=\"productTitle\" class=\"a-size-large product-title-word-break\"><span class=\"a-list-item\">\u2705<\/span> Alter: 4 Jahre, 6 Jahre, 8 Jahre, 10 Jahre<\/span><\/p>\n<p>&nbsp;<\/p>\n","protected":false},"excerpt":{"rendered":"<p>Kostenloser Versand 1-3 Werktage<\/p>\n<p>Kostenlose R\u00fccksendung<\/p>\n","protected":false},"featured_media":5483,"comment_status":"open","ping_status":"closed","template":"","meta":[],"product_brand":[],"product_cat":[210],"product_tag":[],"class_list":{"0":"post-5467","1":"product","2":"type-product","3":"status-publish","4":"has-post-thumbnail","6":"product_cat-jungen-t-shirt","8":"first","9":"instock","10":"featured","11":"taxable","12":"shipping-taxable","13":"purchasable","14":"product-type-variable"},"yoast_head":"<!-- This site is optimized with the Yoast SEO Premium plugin v17.1.2 (Yoast SEO v27.4) - https:\/\/yoast.com\/product\/yoast-seo-premium-wordpress\/ -->\n<title>Marvel&#039;s Avengers Cartoon T-Shirt f\u00fcr Kinder kaufen | Kinder Online-T-Shirt<\/title>\n<meta name=\"description\" content=\"Kaufen Sie 100 % Baumwolle und grauwei\u00dfes Marvel&#039;s Avengers Cartoon-T-Shirt f\u00fcr Jungen nur im Ryfi Online-Shop. F\u00fcr weitere Informationen besuchen Sie jetzt unsere Website!\" \/>\n<meta name=\"robots\" content=\"index, follow, max-snippet:-1, max-image-preview:large, max-video-preview:-1\" \/>\n<link rel=\"canonical\" href=\"https:\/\/ryfi.online\/de\/produkt\/t-shirt-cartoon-von-marvel-avengers-for-kids\/\" \/>\n<meta property=\"og:locale\" content=\"de_DE\" \/>\n<meta property=\"og:type\" content=\"article\" \/>\n<meta property=\"og:title\" content=\"Kinder Marvel Avengers Cartoon T-Shirt\" \/>\n<meta property=\"og:description\" content=\"Kaufen Sie 100 % Baumwolle und grauwei\u00dfes Marvel&#039;s Avengers Cartoon-T-Shirt f\u00fcr Jungen nur im Ryfi Online-Shop. F\u00fcr weitere Informationen besuchen Sie jetzt unsere Website!\" \/>\n<meta property=\"og:url\" content=\"https:\/\/ryfi.online\/de\/produkt\/t-shirt-cartoon-von-marvel-avengers-for-kids\/\" \/>\n<meta property=\"og:site_name\" content=\"Ryfi Online Store\" \/>\n<meta property=\"article:publisher\" content=\"https:\/\/www.facebook.com\/ryfi.online\/\" \/>\n<meta property=\"article:modified_time\" content=\"2022-05-17T13:53:47+00:00\" \/>\n<meta property=\"og:image\" content=\"https:\/\/ryfi.online\/wp-content\/uploads\/2021\/06\/ue1060_gy.jpg\" \/>\n\t<meta property=\"og:image:width\" content=\"800\" \/>\n\t<meta property=\"og:image:height\" content=\"1200\" \/>\n\t<meta property=\"og:image:type\" content=\"image\/jpeg\" \/>\n<meta name=\"twitter:card\" content=\"summary_large_image\" \/>\n<meta name=\"twitter:label1\" content=\"Availability\" \/>\n\t<meta name=\"twitter:data1\" content=\"In stock\" \/>\n<meta property=\"product:brand\" content=\"Jungen T-Shirt\" \/>\n<meta property=\"og:availability\" content=\"instock\" \/>\n<meta property=\"product:availability\" content=\"instock\" \/>\n<meta property=\"product:condition\" content=\"new\" \/>\n<!-- \/ Yoast SEO Premium plugin. -->","yoast_head_json":{"title":"Marvel's Avengers Cartoon T-Shirt f\u00fcr Kinder kaufen | Kinder Online-T-Shirt","description":"Kaufen Sie 100 % Baumwolle und grauwei\u00dfes Marvel's Avengers Cartoon-T-Shirt f\u00fcr Jungen nur im Ryfi Online-Shop. F\u00fcr weitere Informationen besuchen Sie jetzt unsere Website!","robots":{"index":"index","follow":"follow","max-snippet":"max-snippet:-1","max-image-preview":"max-image-preview:large","max-video-preview":"max-video-preview:-1"},"canonical":"https:\/\/ryfi.online\/de\/produkt\/t-shirt-cartoon-von-marvel-avengers-for-kids\/","og_locale":"de_DE","og_type":"article","og_title":"Kinder Marvel Avengers Cartoon T-Shirt","og_description":"Kaufen Sie 100 % Baumwolle und grauwei\u00dfes Marvel's Avengers Cartoon-T-Shirt f\u00fcr Jungen nur im Ryfi Online-Shop. F\u00fcr weitere Informationen besuchen Sie jetzt unsere Website!","og_url":"https:\/\/ryfi.online\/de\/produkt\/t-shirt-cartoon-von-marvel-avengers-for-kids\/","og_site_name":"Ryfi Online Store","article_publisher":"https:\/\/www.facebook.com\/ryfi.online\/","article_modified_time":"2022-05-17T13:53:47+00:00","og_image":[{"width":800,"height":1200,"url":"https:\/\/ryfi.online\/wp-content\/uploads\/2021\/06\/ue1060_gy.jpg","type":"image\/jpeg"}],"twitter_card":"summary_large_image","twitter_misc":{"Availability":"In stock"},"schema":{"@context":"https:\/\/schema.org","@graph":[{"@type":"WebPage","@id":"https:\/\/ryfi.online\/de\/produkt\/t-shirt-cartoon-von-marvel-avengers-for-kids\/","url":"https:\/\/ryfi.online\/de\/produkt\/t-shirt-cartoon-von-marvel-avengers-for-kids\/","name":"Marvel's Avengers Cartoon T-Shirt f\u00fcr Kinder kaufen | Kinder Online-T-Shirt","isPartOf":{"@id":"https:\/\/ryfi.online\/de\/#website"},"primaryImageOfPage":{"@id":"https:\/\/ryfi.online\/de\/produkt\/t-shirt-cartoon-von-marvel-avengers-for-kids\/#primaryimage"},"image":{"@id":"https:\/\/ryfi.online\/de\/produkt\/t-shirt-cartoon-von-marvel-avengers-for-kids\/#primaryimage"},"thumbnailUrl":"https:\/\/ryfi.online\/wp-content\/uploads\/2021\/06\/ue1060_gy.jpg","datePublished":"2021-10-15T15:14:25+00:00","dateModified":"2022-05-17T13:53:47+00:00","description":"Kaufen Sie 100 % Baumwolle und grauwei\u00dfes Marvel's Avengers Cartoon-T-Shirt f\u00fcr Jungen nur im Ryfi Online-Shop. F\u00fcr weitere Informationen besuchen Sie jetzt unsere Website!","breadcrumb":{"@id":"https:\/\/ryfi.online\/de\/produkt\/t-shirt-cartoon-von-marvel-avengers-for-kids\/#breadcrumb"},"inLanguage":"de","potentialAction":[{"@type":"ReadAction","target":["https:\/\/ryfi.online\/de\/produkt\/t-shirt-cartoon-von-marvel-avengers-for-kids\/"]}]},{"@type":"ImageObject","inLanguage":"de","@id":"https:\/\/ryfi.online\/de\/produkt\/t-shirt-cartoon-von-marvel-avengers-for-kids\/#primaryimage","url":"https:\/\/ryfi.online\/wp-content\/uploads\/2021\/06\/ue1060_gy.jpg","contentUrl":"https:\/\/ryfi.online\/wp-content\/uploads\/2021\/06\/ue1060_gy.jpg","width":800,"height":1200,"caption":"Avengers-T-Shirt"},{"@type":"BreadcrumbList","@id":"https:\/\/ryfi.online\/de\/produkt\/t-shirt-cartoon-von-marvel-avengers-for-kids\/#breadcrumb","itemListElement":[{"@type":"ListItem","position":1,"name":"Home","item":"https:\/\/ryfi.online\/de\/"},{"@type":"ListItem","position":2,"name":"Free and Fast Shipping whitin 1-3 Days!!!","item":"https:\/\/ryfi.online\/shop\/"},{"@type":"ListItem","position":3,"name":"Kinder Marvel Avengers Cartoon T-Shirt"}]},{"@type":"WebSite","@id":"https:\/\/ryfi.online\/de\/#website","url":"https:\/\/ryfi.online\/de\/","name":"Ryfi Online Store","description":"Online Store","publisher":{"@id":"https:\/\/ryfi.online\/de\/#organization"},"potentialAction":[{"@type":"SearchAction","target":{"@type":"EntryPoint","urlTemplate":"https:\/\/ryfi.online\/de\/?s={search_term_string}"},"query-input":{"@type":"PropertyValueSpecification","valueRequired":true,"valueName":"search_term_string"}}],"inLanguage":"de"},{"@type":"Organization","@id":"https:\/\/ryfi.online\/de\/#organization","name":"Ryan Future Investments LLC","url":"https:\/\/ryfi.online\/de\/","logo":{"@type":"ImageObject","inLanguage":"de","@id":"https:\/\/ryfi.online\/de\/#\/schema\/logo\/image\/","url":"https:\/\/ryfi.online\/wp-content\/uploads\/2021\/03\/2-03.png","contentUrl":"https:\/\/ryfi.online\/wp-content\/uploads\/2021\/03\/2-03.png","width":1010,"height":310,"caption":"Ryan Future Investments LLC"},"image":{"@id":"https:\/\/ryfi.online\/de\/#\/schema\/logo\/image\/"},"sameAs":["https:\/\/www.facebook.com\/ryfi.online\/"]}]},"product_brand":"Jungen T-Shirt","og_availability":"instock","product_availability":"instock","product_condition":"new"},"jetpack-related-posts":[{"id":5062,"url":"https:\/\/ryfi.online\/de\/produkt\/set-3-marvel-avengers-100-baumwollslips-fur-jungen-4-5-jahre\/","url_meta":{"origin":5467,"position":0},"title":"Set 3 Marvel Avengers Slips aus 100 % Baumwolle f\u00fcr Jungen 4\u20135 Jahre UE3028","date":"Juli 5, 2021","format":false,"excerpt":"Kostenloser Versand 1-3 Tage Kostenlose R\u00fcckgabe","rel":"","context":"\u00c4hnlicher Beitrag","img":{"alt_text":"","src":"https:\/\/i0.wp.com\/ryfi.online\/wp-content\/uploads\/2021\/07\/ue3028.45y.e00-scaled.jpg?resize=350%2C200&ssl=1","width":350,"height":200},"classes":[]},{"id":9736,"url":"https:\/\/ryfi.online\/de\/produkt\/nickelodeon-paw-patrol-cartoon-t-shirt-fur-kinder\/","url_meta":{"origin":5467,"position":1},"title":"Kinder Nickelodeon Paw Patrol Cartoon T-Shirt","date":"Juni 15, 2021","format":false,"excerpt":"Kostenloser Versand 1-3 Werktage Kostenlose R\u00fccksendung","rel":"","context":"\u00c4hnlicher Beitrag","img":{"alt_text":"Paw Patrol-T-Shirt","src":"https:\/\/i0.wp.com\/ryfi.online\/wp-content\/uploads\/2021\/06\/ue1153_bl.jpg?resize=350%2C200&ssl=1","width":350,"height":200},"classes":[]},{"id":4855,"url":"https:\/\/ryfi.online\/de\/produkt\/marvel-avengers-kinder-t-shirt-und-short\/","url_meta":{"origin":5467,"position":2},"title":"Avengers Kinder T-Shirt und Hose im Set UE1068","date":"Juli 30, 2021","format":false,"excerpt":"Schneller und sicherer Versand in 1-3 Werktagen","rel":"","context":"\u00c4hnlicher Beitrag","img":{"alt_text":"Conjunto camiseta pantalones Avengers","src":"https:\/\/i0.wp.com\/ryfi.online\/wp-content\/uploads\/2021\/07\/ue1068.jpg?resize=350%2C200&ssl=1","width":350,"height":200},"classes":[]},{"id":5220,"url":"https:\/\/ryfi.online\/de\/produkt\/3-hoschen-100-baumwolle-fur-kinder-marvel-spiderman-6-8-jahrig\/","url_meta":{"origin":5467,"position":3},"title":"3 Slips aus 100 % Baumwolle f\u00fcr Jungen Marvel Spiderman 6\u20138 Jahre","date":"Juli 2, 2021","format":false,"excerpt":"Kostenloser Versand 1-3 Werktage Kostenlose R\u00fccksendung","rel":"","context":"\u00c4hnlicher Beitrag","img":{"alt_text":"Set 3 calzoncillos Spiderman","src":"https:\/\/i0.wp.com\/ryfi.online\/wp-content\/uploads\/2021\/07\/img_141921_063855668ffb7096235876846a9fbb9f_20.jpg?resize=350%2C200&ssl=1","width":350,"height":200},"classes":[]},{"id":5098,"url":"https:\/\/ryfi.online\/de\/produkt\/set-3-marvel-spiderman-100-cotton-slips-fur-jungen-6-8-jahre\/","url_meta":{"origin":5467,"position":4},"title":"Set 3 Marvel Spiderman Slips aus 100 % Baumwolle f\u00fcr Jungen 6\u20138 Jahre UE3009","date":"Juli 5, 2021","format":false,"excerpt":"Kostenloser Versand 1-3 Tage Kostenlose R\u00fcckgabe","rel":"","context":"\u00c4hnlicher Beitrag","img":{"alt_text":"Stellen Sie 3 Calzoncillos Spiderman -2 ein","src":"https:\/\/i0.wp.com\/ryfi.online\/wp-content\/uploads\/2021\/07\/ue3009.68y.e00-scaled.jpg?resize=350%2C200&ssl=1","width":350,"height":200},"classes":[]},{"id":9770,"url":"https:\/\/ryfi.online\/de\/produkt\/schwimmen-boxer-mit-marvel-avengers-design-fur-jungen\/","url_meta":{"origin":5467,"position":5},"title":"Schwimmboxer mit Marvel Avengers Design f\u00fcr Jungen UE1869","date":"Juni 9, 2021","format":false,"excerpt":"Schneller und sicherer Versand in 1-3 Werktagen","rel":"","context":"\u00c4hnlicher Beitrag","img":{"alt_text":"Marvel The Avengers Badehose ","src":"https:\/\/i0.wp.com\/ryfi.online\/wp-content\/uploads\/2021\/06\/ue1869_lna-1.jpg?resize=350%2C200&ssl=1","width":350,"height":200},"classes":[]}],"_links":{"self":[{"href":"https:\/\/ryfi.online\/de\/wp-json\/wp\/v2\/product\/5467","targetHints":{"allow":["GET"]}}],"collection":[{"href":"https:\/\/ryfi.online\/de\/wp-json\/wp\/v2\/product"}],"about":[{"href":"https:\/\/ryfi.online\/de\/wp-json\/wp\/v2\/types\/product"}],"replies":[{"embeddable":true,"href":"https:\/\/ryfi.online\/de\/wp-json\/wp\/v2\/comments?post=5467"}],"wp:featuredmedia":[{"embeddable":true,"href":"https:\/\/ryfi.online\/de\/wp-json\/wp\/v2\/media\/5483"}],"wp:attachment":[{"href":"https:\/\/ryfi.online\/de\/wp-json\/wp\/v2\/media?parent=5467"}],"wp:term":[{"taxonomy":"product_brand","embeddable":true,"href":"https:\/\/ryfi.online\/de\/wp-json\/wp\/v2\/product_brand?post=5467"},{"taxonomy":"product_cat","embeddable":true,"href":"https:\/\/ryfi.online\/de\/wp-json\/wp\/v2\/product_cat?post=5467"},{"taxonomy":"product_tag","embeddable":true,"href":"https:\/\/ryfi.online\/de\/wp-json\/wp\/v2\/product_tag?post=5467"}],"curies":[{"name":"wp","href":"https:\/\/api.w.org\/{rel}","templated":true}]}}